{"id":95941,"date":"2025-06-15T16:20:34","date_gmt":"2025-06-15T14:20:34","guid":{"rendered":"https:\/\/bikefit.lu\/?post_type=product&#038;p=95941"},"modified":"2025-12-11T10:23:45","modified_gmt":"2025-12-11T09:23:45","slug":"prolongateurs-aluminium-26a","status":"publish","type":"product","link":"https:\/\/bikefit.lu\/fr\/product\/prolongateurs-aluminium-26a\/","title":{"rendered":"Prolongateurs aluminium 26a"},"content":{"rendered":"<h5>Sp\u00e9cifications<\/h5>\n<ul>\n<li><b>Construction:<\/b> aluminium 6061-T6 aluminum, pr\u00e9-forr\u00e9 pour le passage des c\u00e2bles des shifters<\/li>\n<li><strong>Longueur des extensions<\/strong><strong>:<\/strong> 400mm<\/li>\n<li><strong>Angle des extensions:<\/strong> 26 degr\u00e9s<\/li>\n<li><strong>Rise des extensions:<\/strong> 87mm<\/li>\n<li><strong>Offset des extensions:<\/strong> 15mm total<\/li>\n<li><b>Diam\u00e8tre externe : <\/b>22.2mm<\/li>\n<li><strong>Diam\u00e8tre interne:<\/strong> 19.2mm<\/li>\n<li><strong>Compatibilit\u00e9 shifters:<\/strong> \u00c9lectronique or m\u00e9canique<\/li>\n<li><strong>Contenu<\/strong>: vendues par paire (droite et gauche)<\/li>\n<li><strong>Couleur <\/strong>: Noir mat anodis\u00e9<\/li>\n<li><strong>Poids:<\/strong> 204 g\/paire<\/li>\n<\/ul>\n","protected":false},"excerpt":{"rendered":"<p class=\"textbox ai-optimize-43\" dir=\"ltr\">La nouvelle gamme d&#8217;extensions a \u00e9volu\u00e9 \u00e0 partir de sa s\u00e9rie T \u00e9prouv\u00e9e. Ils ont \u00e9t\u00e9 con\u00e7us pour offrir des options de r\u00e9glage bien distinctes. Elles ont \u00e9galement adopt\u00e9 un nouveau syst\u00e8me de nommage o\u00f9 le nom indique l&#8217;angle et le mat\u00e9riau de l&#8217;extension. Ainsi, le 26a correspond \u00e0 une courbure de 26\u00b0 en aluminium.<\/p>\n<p class=\"textbox ai-optimize-44\" dir=\"ltr\"><strong>Performance<\/strong><\/p>\n<p class=\"textbox ai-optimize-45\" dir=\"ltr\">L\u2019unique objectif des prolongateurs est d\u2019offrir une position confortable pour les mains du cycliste par rapport aux repose-bras. Ils am\u00e9liorent les performances en permettant au cycliste de se d\u00e9tendre dans sa position optimale.  C&#8217;est pourquoi elles offrent diff\u00e9rentes options d&#8217;ajustement afin que chaque cycliste puisse atteindre ses meilleures performances.<\/p>\n<p class=\"textbox ai-optimize-46\" dir=\"ltr\"><strong>Donn\u00e9es d&#8217;ajustement<\/strong><\/p>\n<ul>\n<li class=\"ai-optimize-49\">Les prolongateurs 26a ont une inclinaison de 26\u00b0 au niveau de la prise. Le Pilote peut choisir de les tenir haut pour la position plus a\u00e9rodynamique ou bas pour une position plus ouverte, t\u00eate haute. <\/li>\n<\/ul>\n<p><img decoding=\"async\" src=\"https:\/\/cdn.shopify.com\/s\/files\/1\/2357\/3659\/files\/A-II-Ext-MSR-26a_600x600.jpg?v=1706566155\"><\/p>\n<ul>\n<li class=\"ai-optimize-50\">Les prolongateurs 26a offrent un d\u00e9calage lat\u00e9ral de 7,5 mm de chaque c\u00f4t\u00e9. Cela permet au pilote d&#8217;avoir des mains plus \u00e9troites ou plus larges sans que les extensions ne soient trop inclin\u00e9es et que les manettes ne se touchent. <\/li>\n<\/ul>\n<p><img decoding=\"async\" src=\"https:\/\/cdn.shopify.com\/s\/files\/1\/2357\/3659\/files\/A-II-Ext-Offset-39a_1024x1024.jpg?v=1706569082\"><\/p>\n<ul>\n<li class=\"ai-optimize-51\">Bien s\u00fbr, ils n&#8217;ont pas oubli\u00e9 l&#8217;importance de l&#8217;a\u00e9rodynamisme, en ajoutant une forme Kamm \u00e0 la section montante.<\/li>\n<\/ul>\n<p><img decoding=\"async\" src=\"https:\/\/cdn.shopify.com\/s\/files\/1\/2357\/3659\/files\/A-II-Ext-AeroShaped-26a_600x600.jpg?v=1706634731\"><\/p>\n<ul>\n<li class=\"ai-optimize-52\">Enfin, ils ont ajout\u00e9 des embouts ergonomiques profil\u00e9s rendant la prise en main plus confortable.<\/li>\n<\/ul>\n<p><img decoding=\"async\" src=\"https:\/\/cdn.shopify.com\/s\/files\/1\/2357\/3659\/files\/A-II-Ext-Aero-Tip_1024x1024.jpg?v=1706566334\"><\/p>\n<p class=\"ai-optimize-53\"><strong>Origine<\/strong><\/p>\n<p class=\"ai-optimize-54\">Les tendances r\u00e9centes en mati\u00e8re d&#8217;ajustement de prolongateurs vont vers des positions de mains plus hautes, ils ont donc augment\u00e9 la hauteur par rapport aux extensions de g\u00e9n\u00e9ration pr\u00e9c\u00e9dente. Ils se sont concentr\u00e9s sur les angles les plus populaires de leur gamme pr\u00e9c\u00e9dente et ont ajout\u00e9 le 26a comme option multi-positions. <\/p>\n<p class=\"ai-optimize-55\"><strong>Guide technique<\/strong><\/p>\n<ul>\n<li class=\"ai-optimize-56\">Tous les prolongateurs ont un diam\u00e8tre de 22,2 mm dans la zone de serrage.<\/li>\n<li class=\"ai-optimize-57\">Ils sont con\u00e7us pour que les c\u00e2bles sortent \u00e0 l\u2019arri\u00e8re des prolongateurs et ne comportent donc pas de trous de sortie pour les c\u00e2bles.<\/li>\n<\/ul>\n<p class=\"ai-optimize-58\"><strong>\u00c0 qui s\u2019adressent-ils?<\/strong><\/p>\n<p class=\"ai-optimize-59\">Les prolongateurs s\u2019adaptent \u00e0 tout a\u00e9robar con\u00e7u pour un diam\u00e8tre de 22,2 mm.<br \/>Ils conviennent donc \u00e0 tout cycliste souhaitant am\u00e9liorer le confort de sa position sur les prolongateurs. <\/p>\n","protected":false},"featured_media":95951,"comment_status":"closed","ping_status":"closed","template":"","meta":[],"product_brand":[],"product_cat":[4833],"product_tag":[5750,5739,4824,5117,5124,5183,5178],"class_list":{"0":"post-95941","1":"product","2":"type-product","3":"status-publish","4":"has-post-thumbnail","6":"product_cat-point-de-contact-cockpit","7":"product_tag-26a-fr","8":"product_tag-extensions-fr","9":"product_tag-offroad-fr","10":"product_tag-profile-design-fr","11":"product_tag-road-fr","12":"product_tag-triathlon-fr","13":"product_tag-ultra-cycling-fr","14":"product_shipping_class-large-items-fr","16":"first","17":"instock","18":"taxable","19":"shipping-taxable","20":"purchasable","21":"product-type-simple"},"yoast_head":"<!-- This site is optimized with the Yoast SEO Premium plugin v27.3 (Yoast SEO v27.3) - https:\/\/yoast.com\/product\/yoast-seo-premium-wordpress\/ -->\n<title>Prolongateurs aluminium 26a - bikefit.lu<\/title>\n<meta name=\"robots\" content=\"index, follow, max-snippet:-1, max-image-preview:large, max-video-preview:-1\" \/>\n<link rel=\"canonical\" href=\"https:\/\/bikefit.lu\/fr\/product\/prolongateurs-aluminium-26a\/\" \/>\n<meta property=\"og:locale\" content=\"fr_FR\" \/>\n<meta property=\"og:type\" content=\"article\" \/>\n<meta property=\"og:title\" content=\"Prolongateurs aluminium 26a\" \/>\n<meta property=\"og:description\" content=\"La nouvelle gamme d&#039;extensions a \u00e9volu\u00e9 \u00e0 partir de sa s\u00e9rie T \u00e9prouv\u00e9e. Ils ont \u00e9t\u00e9 con\u00e7us pour offrir des options de r\u00e9glage bien distinctes. Elles ont \u00e9galement adopt\u00e9 un nouveau syst\u00e8me de nommage o\u00f9 le nom indique l&#039;angle et le mat\u00e9riau de l&#039;extension. Ainsi, le 26a correspond \u00e0 une courbure de 26\u00b0 en aluminium. Performance L\u2019unique objectif des prolongateurs est d\u2019offrir une position confortable pour les mains du cycliste par rapport aux repose-bras. Ils am\u00e9liorent les performances en permettant au cycliste de se d\u00e9tendre dans sa position optimale. C&#039;est pourquoi elles offrent diff\u00e9rentes options d&#039;ajustement afin que chaque cycliste puisse atteindre ses meilleures performances. Donn\u00e9es d&#039;ajustement   Les prolongateurs 26a ont une inclinaison de 26\u00b0 au niveau de la prise. Le Pilote peut choisir de les tenir haut pour la position plus a\u00e9rodynamique ou bas pour une position plus ouverte, t\u00eate haute.    Les prolongateurs 26a offrent un d\u00e9calage lat\u00e9ral de 7,5 mm de chaque c\u00f4t\u00e9. Cela permet au pilote d&#039;avoir des mains plus \u00e9troites ou plus larges sans que les extensions ne soient trop inclin\u00e9es et que les manettes ne se touchent.    Bien s\u00fbr, ils n&#039;ont pas oubli\u00e9 l&#039;importance de l&#039;a\u00e9rodynamisme, en ajoutant une forme Kamm \u00e0 la section montante.   Enfin, ils ont ajout\u00e9 des embouts ergonomiques profil\u00e9s rendant la prise en main plus confortable.  Origine Les tendances r\u00e9centes en mati\u00e8re d&#039;ajustement de prolongateurs vont vers des positions de mains plus hautes, ils ont donc augment\u00e9 la hauteur par rapport aux extensions de g\u00e9n\u00e9ration pr\u00e9c\u00e9dente. Ils se sont concentr\u00e9s sur les angles les plus populaires de leur gamme pr\u00e9c\u00e9dente et ont ajout\u00e9 le 26a comme option multi-positions. Guide technique   Tous les prolongateurs ont un diam\u00e8tre de 22,2 mm dans la zone de serrage.  Ils sont con\u00e7us pour que les c\u00e2bles sortent \u00e0 l\u2019arri\u00e8re des prolongateurs et ne comportent donc pas de trous de sortie pour les c\u00e2bles. \u00c0 qui s\u2019adressent-ils? Les prolongateurs s\u2019adaptent \u00e0 tout a\u00e9robar con\u00e7u pour un diam\u00e8tre de 22,2 mm.Ils conviennent donc \u00e0 tout cycliste souhaitant am\u00e9liorer le confort de sa position sur les prolongateurs.\" \/>\n<meta property=\"og:url\" content=\"https:\/\/bikefit.lu\/fr\/product\/prolongateurs-aluminium-26a\/\" \/>\n<meta property=\"og:site_name\" content=\"bikefit.lu\" \/>\n<meta property=\"article:modified_time\" content=\"2025-12-11T09:23:45+00:00\" \/>\n<meta property=\"og:image\" content=\"https:\/\/bikefit.lu\/wp-content\/uploads\/2025\/06\/26a-Side-2up_1000x.webp\" \/>\n\t<meta property=\"og:image:width\" content=\"1000\" \/>\n\t<meta property=\"og:image:height\" content=\"1000\" \/>\n\t<meta property=\"og:image:type\" content=\"image\/webp\" \/>\n<meta name=\"twitter:card\" content=\"summary_large_image\" \/>\n<meta name=\"twitter:label1\" content=\"Prix\" \/>\n\t<meta name=\"twitter:data1\" content=\"69,00&nbsp;&euro;\" \/>\n\t<meta name=\"twitter:label2\" content=\"Disponibilit\u00e9\" \/>\n\t<meta name=\"twitter:data2\" content=\"En stock\" \/>\n<script type=\"application\/ld+json\" class=\"yoast-schema-graph\">{\"@context\":\"https:\\\/\\\/schema.org\",\"@graph\":[{\"@type\":\"WebPage\",\"@id\":\"https:\\\/\\\/bikefit.lu\\\/fr\\\/product\\\/prolongateurs-aluminium-26a\\\/\",\"url\":\"https:\\\/\\\/bikefit.lu\\\/fr\\\/product\\\/prolongateurs-aluminium-26a\\\/\",\"name\":\"Prolongateurs aluminium 26a - bikefit.lu\",\"isPartOf\":{\"@id\":\"https:\\\/\\\/bikefit.lu\\\/fr\\\/#website\"},\"primaryImageOfPage\":{\"@id\":\"https:\\\/\\\/bikefit.lu\\\/fr\\\/product\\\/prolongateurs-aluminium-26a\\\/#primaryimage\"},\"image\":{\"@id\":\"https:\\\/\\\/bikefit.lu\\\/fr\\\/product\\\/prolongateurs-aluminium-26a\\\/#primaryimage\"},\"thumbnailUrl\":\"https:\\\/\\\/bikefit.lu\\\/wp-content\\\/uploads\\\/2025\\\/06\\\/26a-Side-2up_1000x.webp\",\"datePublished\":\"2025-06-15T14:20:34+00:00\",\"dateModified\":\"2025-12-11T09:23:45+00:00\",\"breadcrumb\":{\"@id\":\"https:\\\/\\\/bikefit.lu\\\/fr\\\/product\\\/prolongateurs-aluminium-26a\\\/#breadcrumb\"},\"inLanguage\":\"fr-FR\",\"potentialAction\":[{\"@type\":\"ReadAction\",\"target\":[\"https:\\\/\\\/bikefit.lu\\\/fr\\\/product\\\/prolongateurs-aluminium-26a\\\/\"]}]},{\"@type\":\"ImageObject\",\"inLanguage\":\"fr-FR\",\"@id\":\"https:\\\/\\\/bikefit.lu\\\/fr\\\/product\\\/prolongateurs-aluminium-26a\\\/#primaryimage\",\"url\":\"https:\\\/\\\/bikefit.lu\\\/wp-content\\\/uploads\\\/2025\\\/06\\\/26a-Side-2up_1000x.webp\",\"contentUrl\":\"https:\\\/\\\/bikefit.lu\\\/wp-content\\\/uploads\\\/2025\\\/06\\\/26a-Side-2up_1000x.webp\",\"width\":1000,\"height\":1000},{\"@type\":\"BreadcrumbList\",\"@id\":\"https:\\\/\\\/bikefit.lu\\\/fr\\\/product\\\/prolongateurs-aluminium-26a\\\/#breadcrumb\",\"itemListElement\":[{\"@type\":\"ListItem\",\"position\":1,\"name\":\"Home\",\"item\":\"https:\\\/\\\/bikefit.lu\\\/fr\\\/\"},{\"@type\":\"ListItem\",\"position\":2,\"name\":\"Produits\",\"item\":\"https:\\\/\\\/bikefit.lu\\\/fr\\\/shop\\\/\"},{\"@type\":\"ListItem\",\"position\":3,\"name\":\"Prolongateurs aluminium 26a\"}]},{\"@type\":\"WebSite\",\"@id\":\"https:\\\/\\\/bikefit.lu\\\/fr\\\/#website\",\"url\":\"https:\\\/\\\/bikefit.lu\\\/fr\\\/\",\"name\":\"bikefit.lu\",\"description\":\"IMPROVING CYCLING\",\"publisher\":{\"@id\":\"https:\\\/\\\/bikefit.lu\\\/fr\\\/#\\\/schema\\\/person\\\/379af1263474d2f8cd1f41c2bd90273d\"},\"potentialAction\":[{\"@type\":\"SearchAction\",\"target\":{\"@type\":\"EntryPoint\",\"urlTemplate\":\"https:\\\/\\\/bikefit.lu\\\/fr\\\/?s={search_term_string}\"},\"query-input\":{\"@type\":\"PropertyValueSpecification\",\"valueRequired\":true,\"valueName\":\"search_term_string\"}}],\"inLanguage\":\"fr-FR\"},{\"@type\":[\"Person\",\"Organization\"],\"@id\":\"https:\\\/\\\/bikefit.lu\\\/fr\\\/#\\\/schema\\\/person\\\/379af1263474d2f8cd1f41c2bd90273d\",\"name\":\"Patrick Guillaume\",\"image\":{\"@type\":\"ImageObject\",\"inLanguage\":\"fr-FR\",\"@id\":\"https:\\\/\\\/bikefit.lu\\\/wp-content\\\/uploads\\\/2024\\\/12\\\/cropped-bikefit-logoURL-RGB-jpg.jpg\",\"url\":\"https:\\\/\\\/bikefit.lu\\\/wp-content\\\/uploads\\\/2024\\\/12\\\/cropped-bikefit-logoURL-RGB-jpg.jpg\",\"contentUrl\":\"https:\\\/\\\/bikefit.lu\\\/wp-content\\\/uploads\\\/2024\\\/12\\\/cropped-bikefit-logoURL-RGB-jpg.jpg\",\"width\":512,\"height\":512,\"caption\":\"Patrick Guillaume\"},\"logo\":{\"@id\":\"https:\\\/\\\/bikefit.lu\\\/wp-content\\\/uploads\\\/2024\\\/12\\\/cropped-bikefit-logoURL-RGB-jpg.jpg\"},\"sameAs\":[\"https:\\\/\\\/bikefit.lu\"],\"honorificPrefix\":\"Mr\",\"birthDate\":\"1966-11-18\",\"gender\":\"male\",\"knowsAbout\":[\"Bike-fitting\"],\"knowsLanguage\":[\"English\",\"French\",\"German\",\"Luxembourgish\"]}]}<\/script>\n<meta property=\"product:price:amount\" content=\"69.00\" \/>\n<meta property=\"product:price:currency\" content=\"EUR\" \/>\n<meta property=\"og:availability\" content=\"instock\" \/>\n<meta property=\"product:availability\" content=\"instock\" \/>\n<meta property=\"product:condition\" content=\"new\" \/>\n<!-- \/ Yoast SEO Premium plugin. -->","yoast_head_json":{"title":"Prolongateurs aluminium 26a - bikefit.lu","robots":{"index":"index","follow":"follow","max-snippet":"max-snippet:-1","max-image-preview":"max-image-preview:large","max-video-preview":"max-video-preview:-1"},"canonical":"https:\/\/bikefit.lu\/fr\/product\/prolongateurs-aluminium-26a\/","og_locale":"fr_FR","og_type":"article","og_title":"Prolongateurs aluminium 26a","og_description":"La nouvelle gamme d'extensions a \u00e9volu\u00e9 \u00e0 partir de sa s\u00e9rie T \u00e9prouv\u00e9e. Ils ont \u00e9t\u00e9 con\u00e7us pour offrir des options de r\u00e9glage bien distinctes. Elles ont \u00e9galement adopt\u00e9 un nouveau syst\u00e8me de nommage o\u00f9 le nom indique l'angle et le mat\u00e9riau de l'extension. Ainsi, le 26a correspond \u00e0 une courbure de 26\u00b0 en aluminium. Performance L\u2019unique objectif des prolongateurs est d\u2019offrir une position confortable pour les mains du cycliste par rapport aux repose-bras. Ils am\u00e9liorent les performances en permettant au cycliste de se d\u00e9tendre dans sa position optimale. C'est pourquoi elles offrent diff\u00e9rentes options d'ajustement afin que chaque cycliste puisse atteindre ses meilleures performances. Donn\u00e9es d'ajustement   Les prolongateurs 26a ont une inclinaison de 26\u00b0 au niveau de la prise. Le Pilote peut choisir de les tenir haut pour la position plus a\u00e9rodynamique ou bas pour une position plus ouverte, t\u00eate haute.    Les prolongateurs 26a offrent un d\u00e9calage lat\u00e9ral de 7,5 mm de chaque c\u00f4t\u00e9. Cela permet au pilote d'avoir des mains plus \u00e9troites ou plus larges sans que les extensions ne soient trop inclin\u00e9es et que les manettes ne se touchent.    Bien s\u00fbr, ils n'ont pas oubli\u00e9 l'importance de l'a\u00e9rodynamisme, en ajoutant une forme Kamm \u00e0 la section montante.   Enfin, ils ont ajout\u00e9 des embouts ergonomiques profil\u00e9s rendant la prise en main plus confortable.  Origine Les tendances r\u00e9centes en mati\u00e8re d'ajustement de prolongateurs vont vers des positions de mains plus hautes, ils ont donc augment\u00e9 la hauteur par rapport aux extensions de g\u00e9n\u00e9ration pr\u00e9c\u00e9dente. Ils se sont concentr\u00e9s sur les angles les plus populaires de leur gamme pr\u00e9c\u00e9dente et ont ajout\u00e9 le 26a comme option multi-positions. Guide technique   Tous les prolongateurs ont un diam\u00e8tre de 22,2 mm dans la zone de serrage.  Ils sont con\u00e7us pour que les c\u00e2bles sortent \u00e0 l\u2019arri\u00e8re des prolongateurs et ne comportent donc pas de trous de sortie pour les c\u00e2bles. \u00c0 qui s\u2019adressent-ils? Les prolongateurs s\u2019adaptent \u00e0 tout a\u00e9robar con\u00e7u pour un diam\u00e8tre de 22,2 mm.Ils conviennent donc \u00e0 tout cycliste souhaitant am\u00e9liorer le confort de sa position sur les prolongateurs.","og_url":"https:\/\/bikefit.lu\/fr\/product\/prolongateurs-aluminium-26a\/","og_site_name":"bikefit.lu","article_modified_time":"2025-12-11T09:23:45+00:00","og_image":[{"width":1000,"height":1000,"url":"https:\/\/bikefit.lu\/wp-content\/uploads\/2025\/06\/26a-Side-2up_1000x.webp","type":"image\/webp"}],"twitter_card":"summary_large_image","twitter_misc":{"Prix":"69,00&nbsp;&euro;","Disponibilit\u00e9":"En stock"},"schema":{"@context":"https:\/\/schema.org","@graph":[{"@type":"WebPage","@id":"https:\/\/bikefit.lu\/fr\/product\/prolongateurs-aluminium-26a\/","url":"https:\/\/bikefit.lu\/fr\/product\/prolongateurs-aluminium-26a\/","name":"Prolongateurs aluminium 26a - bikefit.lu","isPartOf":{"@id":"https:\/\/bikefit.lu\/fr\/#website"},"primaryImageOfPage":{"@id":"https:\/\/bikefit.lu\/fr\/product\/prolongateurs-aluminium-26a\/#primaryimage"},"image":{"@id":"https:\/\/bikefit.lu\/fr\/product\/prolongateurs-aluminium-26a\/#primaryimage"},"thumbnailUrl":"https:\/\/bikefit.lu\/wp-content\/uploads\/2025\/06\/26a-Side-2up_1000x.webp","datePublished":"2025-06-15T14:20:34+00:00","dateModified":"2025-12-11T09:23:45+00:00","breadcrumb":{"@id":"https:\/\/bikefit.lu\/fr\/product\/prolongateurs-aluminium-26a\/#breadcrumb"},"inLanguage":"fr-FR","potentialAction":[{"@type":"ReadAction","target":["https:\/\/bikefit.lu\/fr\/product\/prolongateurs-aluminium-26a\/"]}]},{"@type":"ImageObject","inLanguage":"fr-FR","@id":"https:\/\/bikefit.lu\/fr\/product\/prolongateurs-aluminium-26a\/#primaryimage","url":"https:\/\/bikefit.lu\/wp-content\/uploads\/2025\/06\/26a-Side-2up_1000x.webp","contentUrl":"https:\/\/bikefit.lu\/wp-content\/uploads\/2025\/06\/26a-Side-2up_1000x.webp","width":1000,"height":1000},{"@type":"BreadcrumbList","@id":"https:\/\/bikefit.lu\/fr\/product\/prolongateurs-aluminium-26a\/#breadcrumb","itemListElement":[{"@type":"ListItem","position":1,"name":"Home","item":"https:\/\/bikefit.lu\/fr\/"},{"@type":"ListItem","position":2,"name":"Produits","item":"https:\/\/bikefit.lu\/fr\/shop\/"},{"@type":"ListItem","position":3,"name":"Prolongateurs aluminium 26a"}]},{"@type":"WebSite","@id":"https:\/\/bikefit.lu\/fr\/#website","url":"https:\/\/bikefit.lu\/fr\/","name":"bikefit.lu","description":"IMPROVING CYCLING","publisher":{"@id":"https:\/\/bikefit.lu\/fr\/#\/schema\/person\/379af1263474d2f8cd1f41c2bd90273d"},"potentialAction":[{"@type":"SearchAction","target":{"@type":"EntryPoint","urlTemplate":"https:\/\/bikefit.lu\/fr\/?s={search_term_string}"},"query-input":{"@type":"PropertyValueSpecification","valueRequired":true,"valueName":"search_term_string"}}],"inLanguage":"fr-FR"},{"@type":["Person","Organization"],"@id":"https:\/\/bikefit.lu\/fr\/#\/schema\/person\/379af1263474d2f8cd1f41c2bd90273d","name":"Patrick Guillaume","image":{"@type":"ImageObject","inLanguage":"fr-FR","@id":"https:\/\/bikefit.lu\/wp-content\/uploads\/2024\/12\/cropped-bikefit-logoURL-RGB-jpg.jpg","url":"https:\/\/bikefit.lu\/wp-content\/uploads\/2024\/12\/cropped-bikefit-logoURL-RGB-jpg.jpg","contentUrl":"https:\/\/bikefit.lu\/wp-content\/uploads\/2024\/12\/cropped-bikefit-logoURL-RGB-jpg.jpg","width":512,"height":512,"caption":"Patrick Guillaume"},"logo":{"@id":"https:\/\/bikefit.lu\/wp-content\/uploads\/2024\/12\/cropped-bikefit-logoURL-RGB-jpg.jpg"},"sameAs":["https:\/\/bikefit.lu"],"honorificPrefix":"Mr","birthDate":"1966-11-18","gender":"male","knowsAbout":["Bike-fitting"],"knowsLanguage":["English","French","German","Luxembourgish"]}]},"product_price_amount":"69.00","product_price_currency":"EUR","og_availability":"instock","product_availability":"instock","product_condition":"new"},"_links":{"self":[{"href":"https:\/\/bikefit.lu\/fr\/wp-json\/wp\/v2\/product\/95941","targetHints":{"allow":["GET"]}}],"collection":[{"href":"https:\/\/bikefit.lu\/fr\/wp-json\/wp\/v2\/product"}],"about":[{"href":"https:\/\/bikefit.lu\/fr\/wp-json\/wp\/v2\/types\/product"}],"replies":[{"embeddable":true,"href":"https:\/\/bikefit.lu\/fr\/wp-json\/wp\/v2\/comments?post=95941"}],"version-history":[{"count":0,"href":"https:\/\/bikefit.lu\/fr\/wp-json\/wp\/v2\/product\/95941\/revisions"}],"wp:featuredmedia":[{"embeddable":true,"href":"https:\/\/bikefit.lu\/fr\/wp-json\/wp\/v2\/media\/95951"}],"wp:attachment":[{"href":"https:\/\/bikefit.lu\/fr\/wp-json\/wp\/v2\/media?parent=95941"}],"wp:term":[{"taxonomy":"product_brand","embeddable":true,"href":"https:\/\/bikefit.lu\/fr\/wp-json\/wp\/v2\/product_brand?post=95941"},{"taxonomy":"product_cat","embeddable":true,"href":"https:\/\/bikefit.lu\/fr\/wp-json\/wp\/v2\/product_cat?post=95941"},{"taxonomy":"product_tag","embeddable":true,"href":"https:\/\/bikefit.lu\/fr\/wp-json\/wp\/v2\/product_tag?post=95941"}],"curies":[{"name":"wp","href":"https:\/\/api.w.org\/{rel}","templated":true}]}}