{"id":97512,"date":"2025-12-08T19:57:29","date_gmt":"2025-12-08T18:57:29","guid":{"rendered":"https:\/\/bikefit.lu\/product\/rehausseur-dinclinaison-a3\/"},"modified":"2025-12-14T12:42:35","modified_gmt":"2025-12-14T11:42:35","slug":"rehausseur-dinclinaison-a3","status":"publish","type":"product","link":"https:\/\/bikefit.lu\/fr\/product\/rehausseur-dinclinaison-a3\/","title":{"rendered":"Rehausseur d&#8217;inclinaison A3"},"content":{"rendered":"<p><strong>Caract\u00e9ristiques principales :<\/strong><\/p>\n<ul>\n<li>Compatible avec le syst\u00e8me de rehausseur A3 (plat)<\/li>\n<li>Utilisable avec le syst\u00e8me de rehausseur A2 (rond) avec l&#8217;ajout de l&#8217;adaptateur A2-A3 (vendu s\u00e9par\u00e9ment)<\/li>\n<\/ul>\n<p><strong>Sp\u00e9cifications techniques<\/strong><\/p>\n<ul>\n<li><b>Compatibilit\u00e9 :<\/b> Wing Ultimate, Wing 20C+ et Aeria Ultimate &#8211; (Aeria Ultimate n\u00e9cessite un <a href=\"https:\/\/profile-design.com\/collections\/aerobar-brackets\/products\/a2-3-adaptor-kit\" target=\"_blank\" rel=\"noopener noreferrer nofollow\">adaptateur A2-A3<\/a>)<\/li>\n<li><b>Inclus :<\/b> Rehausseur d&#8217;inclinaison A3 (rehausseur droit et gauche)<\/li>\n<li><b>Hauteur du rehausseur :<\/b> 20,5 mm<\/li>\n<li><strong>Poids : <\/strong>40 g (la paire)<\/li>\n<\/ul>\n<p><a href=\"https:\/\/bikefit.lu\/wp-content\/uploads\/2025\/12\/2024-11-19_PFD_A3_Tilt_Booster_IS-English.pdf.pdf\"><strong>Manuel<\/strong><\/a><\/p>\n","protected":false},"excerpt":{"rendered":"<p>Le rehausseur d&#8217;inclinaison A3 augmente le r\u00e9glage angulaire du syst\u00e8me Profile Design A3 de 15\u00b0, permettant une plage de 18\u00b0 \u00e0 30\u00b0 une fois install\u00e9.<\/p>\n<p>Cela permettra aux cyclistes d&#8217;essayer facilement des angles de bras plus prononc\u00e9s maintenant que les r\u00e8gles de l&#8217;UCI ont \u00e9t\u00e9 modifi\u00e9es pour autoriser des angles d&#8217;extension jusqu&#8217;\u00e0 30\u00b0.<\/p>\n","protected":false},"featured_media":97500,"comment_status":"open","ping_status":"closed","template":"","meta":[],"product_brand":[5810],"product_cat":[4833],"product_tag":[5117],"class_list":{"0":"post-97512","1":"product","2":"type-product","3":"status-publish","4":"has-post-thumbnail","6":"product_brand-profile-design","7":"product_cat-point-de-contact-cockpit","8":"product_tag-profile-design-fr","9":"product_shipping_class-small-items-fr","11":"first","12":"instock","13":"sold-individually","14":"taxable","15":"shipping-taxable","16":"purchasable","17":"product-type-simple"},"yoast_head":"<!-- This site is optimized with the Yoast SEO Premium plugin v27.3 (Yoast SEO v27.3) - https:\/\/yoast.com\/product\/yoast-seo-premium-wordpress\/ -->\n<title>Rehausseur d&#039;inclinaison A3 - bikefit.lu<\/title>\n<meta name=\"robots\" content=\"index, follow, max-snippet:-1, max-image-preview:large, max-video-preview:-1\" \/>\n<link rel=\"canonical\" href=\"https:\/\/bikefit.lu\/fr\/product\/rehausseur-dinclinaison-a3\/\" \/>\n<meta property=\"og:locale\" content=\"fr_FR\" \/>\n<meta property=\"og:type\" content=\"article\" \/>\n<meta property=\"og:title\" content=\"Rehausseur d&#039;inclinaison A3\" \/>\n<meta property=\"og:description\" content=\"Le rehausseur d&#039;inclinaison A3 augmente le r\u00e9glage angulaire du syst\u00e8me Profile Design A3 de 15\u00b0, permettant une plage de 18\u00b0 \u00e0 30\u00b0 une fois install\u00e9. Cela permettra aux cyclistes d&#039;essayer facilement des angles de bras plus prononc\u00e9s maintenant que les r\u00e8gles de l&#039;UCI ont \u00e9t\u00e9 modifi\u00e9es pour autoriser des angles d&#039;extension jusqu&#039;\u00e0 30\u00b0.\" \/>\n<meta property=\"og:url\" content=\"https:\/\/bikefit.lu\/fr\/product\/rehausseur-dinclinaison-a3\/\" \/>\n<meta property=\"og:site_name\" content=\"bikefit.lu\" \/>\n<meta property=\"article:modified_time\" content=\"2025-12-14T11:42:35+00:00\" \/>\n<meta property=\"og:image\" content=\"https:\/\/bikefit.lu\/wp-content\/uploads\/2025\/12\/A3TiltBooster.webp\" \/>\n\t<meta property=\"og:image:width\" content=\"850\" \/>\n\t<meta property=\"og:image:height\" content=\"851\" \/>\n\t<meta property=\"og:image:type\" content=\"image\/webp\" \/>\n<meta name=\"twitter:card\" content=\"summary_large_image\" \/>\n<meta name=\"twitter:label1\" content=\"Prix\" \/>\n\t<meta name=\"twitter:data1\" content=\"59,00&nbsp;&euro;\" \/>\n\t<meta name=\"twitter:label2\" content=\"Disponibilit\u00e9\" \/>\n\t<meta name=\"twitter:data2\" content=\"En stock\" \/>\n<script type=\"application\/ld+json\" class=\"yoast-schema-graph\">{\"@context\":\"https:\\\/\\\/schema.org\",\"@graph\":[{\"@type\":\"WebPage\",\"@id\":\"https:\\\/\\\/bikefit.lu\\\/fr\\\/product\\\/rehausseur-dinclinaison-a3\\\/\",\"url\":\"https:\\\/\\\/bikefit.lu\\\/fr\\\/product\\\/rehausseur-dinclinaison-a3\\\/\",\"name\":\"Rehausseur d'inclinaison A3 - bikefit.lu\",\"isPartOf\":{\"@id\":\"https:\\\/\\\/bikefit.lu\\\/fr\\\/#website\"},\"primaryImageOfPage\":{\"@id\":\"https:\\\/\\\/bikefit.lu\\\/fr\\\/product\\\/rehausseur-dinclinaison-a3\\\/#primaryimage\"},\"image\":{\"@id\":\"https:\\\/\\\/bikefit.lu\\\/fr\\\/product\\\/rehausseur-dinclinaison-a3\\\/#primaryimage\"},\"thumbnailUrl\":\"https:\\\/\\\/bikefit.lu\\\/wp-content\\\/uploads\\\/2025\\\/12\\\/A3TiltBooster.webp\",\"datePublished\":\"2025-12-08T18:57:29+00:00\",\"dateModified\":\"2025-12-14T11:42:35+00:00\",\"breadcrumb\":{\"@id\":\"https:\\\/\\\/bikefit.lu\\\/fr\\\/product\\\/rehausseur-dinclinaison-a3\\\/#breadcrumb\"},\"inLanguage\":\"fr-FR\",\"potentialAction\":[{\"@type\":\"ReadAction\",\"target\":[\"https:\\\/\\\/bikefit.lu\\\/fr\\\/product\\\/rehausseur-dinclinaison-a3\\\/\"]}]},{\"@type\":\"ImageObject\",\"inLanguage\":\"fr-FR\",\"@id\":\"https:\\\/\\\/bikefit.lu\\\/fr\\\/product\\\/rehausseur-dinclinaison-a3\\\/#primaryimage\",\"url\":\"https:\\\/\\\/bikefit.lu\\\/wp-content\\\/uploads\\\/2025\\\/12\\\/A3TiltBooster.webp\",\"contentUrl\":\"https:\\\/\\\/bikefit.lu\\\/wp-content\\\/uploads\\\/2025\\\/12\\\/A3TiltBooster.webp\",\"width\":850,\"height\":851},{\"@type\":\"BreadcrumbList\",\"@id\":\"https:\\\/\\\/bikefit.lu\\\/fr\\\/product\\\/rehausseur-dinclinaison-a3\\\/#breadcrumb\",\"itemListElement\":[{\"@type\":\"ListItem\",\"position\":1,\"name\":\"Home\",\"item\":\"https:\\\/\\\/bikefit.lu\\\/fr\\\/\"},{\"@type\":\"ListItem\",\"position\":2,\"name\":\"Produits\",\"item\":\"https:\\\/\\\/bikefit.lu\\\/fr\\\/shop\\\/\"},{\"@type\":\"ListItem\",\"position\":3,\"name\":\"Rehausseur d&#8217;inclinaison A3\"}]},{\"@type\":\"WebSite\",\"@id\":\"https:\\\/\\\/bikefit.lu\\\/fr\\\/#website\",\"url\":\"https:\\\/\\\/bikefit.lu\\\/fr\\\/\",\"name\":\"bikefit.lu\",\"description\":\"IMPROVING CYCLING\",\"publisher\":{\"@id\":\"https:\\\/\\\/bikefit.lu\\\/fr\\\/#\\\/schema\\\/person\\\/379af1263474d2f8cd1f41c2bd90273d\"},\"potentialAction\":[{\"@type\":\"SearchAction\",\"target\":{\"@type\":\"EntryPoint\",\"urlTemplate\":\"https:\\\/\\\/bikefit.lu\\\/fr\\\/?s={search_term_string}\"},\"query-input\":{\"@type\":\"PropertyValueSpecification\",\"valueRequired\":true,\"valueName\":\"search_term_string\"}}],\"inLanguage\":\"fr-FR\"},{\"@type\":[\"Person\",\"Organization\"],\"@id\":\"https:\\\/\\\/bikefit.lu\\\/fr\\\/#\\\/schema\\\/person\\\/379af1263474d2f8cd1f41c2bd90273d\",\"name\":\"Patrick Guillaume\",\"image\":{\"@type\":\"ImageObject\",\"inLanguage\":\"fr-FR\",\"@id\":\"https:\\\/\\\/bikefit.lu\\\/wp-content\\\/uploads\\\/2024\\\/12\\\/cropped-bikefit-logoURL-RGB-jpg.jpg\",\"url\":\"https:\\\/\\\/bikefit.lu\\\/wp-content\\\/uploads\\\/2024\\\/12\\\/cropped-bikefit-logoURL-RGB-jpg.jpg\",\"contentUrl\":\"https:\\\/\\\/bikefit.lu\\\/wp-content\\\/uploads\\\/2024\\\/12\\\/cropped-bikefit-logoURL-RGB-jpg.jpg\",\"width\":512,\"height\":512,\"caption\":\"Patrick Guillaume\"},\"logo\":{\"@id\":\"https:\\\/\\\/bikefit.lu\\\/wp-content\\\/uploads\\\/2024\\\/12\\\/cropped-bikefit-logoURL-RGB-jpg.jpg\"},\"sameAs\":[\"https:\\\/\\\/bikefit.lu\"],\"honorificPrefix\":\"Mr\",\"birthDate\":\"1966-11-18\",\"gender\":\"male\",\"knowsAbout\":[\"Bike-fitting\"],\"knowsLanguage\":[\"English\",\"French\",\"German\",\"Luxembourgish\"]}]}<\/script>\n<meta property=\"product:price:amount\" content=\"59.00\" \/>\n<meta property=\"product:price:currency\" content=\"EUR\" \/>\n<meta property=\"og:availability\" content=\"instock\" \/>\n<meta property=\"product:availability\" content=\"instock\" \/>\n<meta property=\"product:condition\" content=\"new\" \/>\n<!-- \/ Yoast SEO Premium plugin. -->","yoast_head_json":{"title":"Rehausseur d'inclinaison A3 - bikefit.lu","robots":{"index":"index","follow":"follow","max-snippet":"max-snippet:-1","max-image-preview":"max-image-preview:large","max-video-preview":"max-video-preview:-1"},"canonical":"https:\/\/bikefit.lu\/fr\/product\/rehausseur-dinclinaison-a3\/","og_locale":"fr_FR","og_type":"article","og_title":"Rehausseur d'inclinaison A3","og_description":"Le rehausseur d'inclinaison A3 augmente le r\u00e9glage angulaire du syst\u00e8me Profile Design A3 de 15\u00b0, permettant une plage de 18\u00b0 \u00e0 30\u00b0 une fois install\u00e9. Cela permettra aux cyclistes d'essayer facilement des angles de bras plus prononc\u00e9s maintenant que les r\u00e8gles de l'UCI ont \u00e9t\u00e9 modifi\u00e9es pour autoriser des angles d'extension jusqu'\u00e0 30\u00b0.","og_url":"https:\/\/bikefit.lu\/fr\/product\/rehausseur-dinclinaison-a3\/","og_site_name":"bikefit.lu","article_modified_time":"2025-12-14T11:42:35+00:00","og_image":[{"width":850,"height":851,"url":"https:\/\/bikefit.lu\/wp-content\/uploads\/2025\/12\/A3TiltBooster.webp","type":"image\/webp"}],"twitter_card":"summary_large_image","twitter_misc":{"Prix":"59,00&nbsp;&euro;","Disponibilit\u00e9":"En stock"},"schema":{"@context":"https:\/\/schema.org","@graph":[{"@type":"WebPage","@id":"https:\/\/bikefit.lu\/fr\/product\/rehausseur-dinclinaison-a3\/","url":"https:\/\/bikefit.lu\/fr\/product\/rehausseur-dinclinaison-a3\/","name":"Rehausseur d'inclinaison A3 - bikefit.lu","isPartOf":{"@id":"https:\/\/bikefit.lu\/fr\/#website"},"primaryImageOfPage":{"@id":"https:\/\/bikefit.lu\/fr\/product\/rehausseur-dinclinaison-a3\/#primaryimage"},"image":{"@id":"https:\/\/bikefit.lu\/fr\/product\/rehausseur-dinclinaison-a3\/#primaryimage"},"thumbnailUrl":"https:\/\/bikefit.lu\/wp-content\/uploads\/2025\/12\/A3TiltBooster.webp","datePublished":"2025-12-08T18:57:29+00:00","dateModified":"2025-12-14T11:42:35+00:00","breadcrumb":{"@id":"https:\/\/bikefit.lu\/fr\/product\/rehausseur-dinclinaison-a3\/#breadcrumb"},"inLanguage":"fr-FR","potentialAction":[{"@type":"ReadAction","target":["https:\/\/bikefit.lu\/fr\/product\/rehausseur-dinclinaison-a3\/"]}]},{"@type":"ImageObject","inLanguage":"fr-FR","@id":"https:\/\/bikefit.lu\/fr\/product\/rehausseur-dinclinaison-a3\/#primaryimage","url":"https:\/\/bikefit.lu\/wp-content\/uploads\/2025\/12\/A3TiltBooster.webp","contentUrl":"https:\/\/bikefit.lu\/wp-content\/uploads\/2025\/12\/A3TiltBooster.webp","width":850,"height":851},{"@type":"BreadcrumbList","@id":"https:\/\/bikefit.lu\/fr\/product\/rehausseur-dinclinaison-a3\/#breadcrumb","itemListElement":[{"@type":"ListItem","position":1,"name":"Home","item":"https:\/\/bikefit.lu\/fr\/"},{"@type":"ListItem","position":2,"name":"Produits","item":"https:\/\/bikefit.lu\/fr\/shop\/"},{"@type":"ListItem","position":3,"name":"Rehausseur d&#8217;inclinaison A3"}]},{"@type":"WebSite","@id":"https:\/\/bikefit.lu\/fr\/#website","url":"https:\/\/bikefit.lu\/fr\/","name":"bikefit.lu","description":"IMPROVING CYCLING","publisher":{"@id":"https:\/\/bikefit.lu\/fr\/#\/schema\/person\/379af1263474d2f8cd1f41c2bd90273d"},"potentialAction":[{"@type":"SearchAction","target":{"@type":"EntryPoint","urlTemplate":"https:\/\/bikefit.lu\/fr\/?s={search_term_string}"},"query-input":{"@type":"PropertyValueSpecification","valueRequired":true,"valueName":"search_term_string"}}],"inLanguage":"fr-FR"},{"@type":["Person","Organization"],"@id":"https:\/\/bikefit.lu\/fr\/#\/schema\/person\/379af1263474d2f8cd1f41c2bd90273d","name":"Patrick Guillaume","image":{"@type":"ImageObject","inLanguage":"fr-FR","@id":"https:\/\/bikefit.lu\/wp-content\/uploads\/2024\/12\/cropped-bikefit-logoURL-RGB-jpg.jpg","url":"https:\/\/bikefit.lu\/wp-content\/uploads\/2024\/12\/cropped-bikefit-logoURL-RGB-jpg.jpg","contentUrl":"https:\/\/bikefit.lu\/wp-content\/uploads\/2024\/12\/cropped-bikefit-logoURL-RGB-jpg.jpg","width":512,"height":512,"caption":"Patrick Guillaume"},"logo":{"@id":"https:\/\/bikefit.lu\/wp-content\/uploads\/2024\/12\/cropped-bikefit-logoURL-RGB-jpg.jpg"},"sameAs":["https:\/\/bikefit.lu"],"honorificPrefix":"Mr","birthDate":"1966-11-18","gender":"male","knowsAbout":["Bike-fitting"],"knowsLanguage":["English","French","German","Luxembourgish"]}]},"product_price_amount":"59.00","product_price_currency":"EUR","og_availability":"instock","product_availability":"instock","product_condition":"new"},"_links":{"self":[{"href":"https:\/\/bikefit.lu\/fr\/wp-json\/wp\/v2\/product\/97512","targetHints":{"allow":["GET"]}}],"collection":[{"href":"https:\/\/bikefit.lu\/fr\/wp-json\/wp\/v2\/product"}],"about":[{"href":"https:\/\/bikefit.lu\/fr\/wp-json\/wp\/v2\/types\/product"}],"replies":[{"embeddable":true,"href":"https:\/\/bikefit.lu\/fr\/wp-json\/wp\/v2\/comments?post=97512"}],"version-history":[{"count":0,"href":"https:\/\/bikefit.lu\/fr\/wp-json\/wp\/v2\/product\/97512\/revisions"}],"wp:featuredmedia":[{"embeddable":true,"href":"https:\/\/bikefit.lu\/fr\/wp-json\/wp\/v2\/media\/97500"}],"wp:attachment":[{"href":"https:\/\/bikefit.lu\/fr\/wp-json\/wp\/v2\/media?parent=97512"}],"wp:term":[{"taxonomy":"product_brand","embeddable":true,"href":"https:\/\/bikefit.lu\/fr\/wp-json\/wp\/v2\/product_brand?post=97512"},{"taxonomy":"product_cat","embeddable":true,"href":"https:\/\/bikefit.lu\/fr\/wp-json\/wp\/v2\/product_cat?post=97512"},{"taxonomy":"product_tag","embeddable":true,"href":"https:\/\/bikefit.lu\/fr\/wp-json\/wp\/v2\/product_tag?post=97512"}],"curies":[{"name":"wp","href":"https:\/\/api.w.org\/{rel}","templated":true}]}}