{"id":97568,"date":"2025-12-08T22:03:01","date_gmt":"2025-12-08T21:03:01","guid":{"rendered":"https:\/\/bikefit.lu\/product\/extension-de-portee-a3\/"},"modified":"2026-04-11T06:40:20","modified_gmt":"2026-04-11T04:40:20","slug":"extension-de-portee-a3","status":"publish","type":"product","link":"https:\/\/bikefit.lu\/fr\/product\/extension-de-portee-a3\/","title":{"rendered":"Extension de port\u00e9e A3"},"content":{"rendered":"<p><strong>Sp\u00e9cifications techniques<\/strong><\/p>\n<ul>\n<li><b>Compatibilit\u00e9 :<\/b> Wing 20C+, Wing Ultimate et Aeria Ultimate (N\u00e9cessite un <a href=\"https:\/\/profile-design.com\/collections\/aerobar-brackets\/products\/a2-3-adaptor-kit\" target=\"_blank\" rel=\"noopener noreferrer nofollow\">adaptateur A2-A3<\/a>)<\/li>\n<\/ul>\n<ul>\n<li><b>Inclus :<\/b> Extensions de port\u00e9e (droite et gauche) et 2 boulons de montage sp\u00e9cifiques \u00e0 la taille du kit<\/li>\n<li><b>Hauteur de rehausse :<\/b> 25mm<\/li>\n<li><strong>D\u00e9calage :<\/strong> 30mm<\/li>\n<li><strong>Poids : <\/strong>90g<\/li>\n<\/ul>\n<ul>\n<li><strong>V\u00e9los des marques partenaires imm\u00e9diatement compatibles :<\/strong>\n<ul>\n<li><strong>BMC Speedmachine<\/strong><\/li>\n<li><strong>Canyon Speedmax CF 2024<\/strong><\/li>\n<li><strong>Wilier Supersonica<\/strong><\/li>\n<\/ul>\n<\/li>\n<\/ul>\n<p><a href=\"https:\/\/bikefit.lu\/wp-content\/uploads\/2025\/12\/2024-08-27_A3_Reach_extender_IS-English_1.pdf.pdf\"><strong>Manuel<\/strong><\/a><\/p>\n","protected":false},"excerpt":{"rendered":"<p>L&#8217;extension de port\u00e9e A3 fait exactement ce qu&#8217;elle annonce : elle augmente la port\u00e9e des repose-bras d&#8217;un cintre \u00e9quip\u00e9 A3 de 32mm.<\/p>\n<p>Cet article a \u00e9t\u00e9 d\u00e9velopp\u00e9 pour s&#8217;adapter \u00e0 la tendance vers des positions a\u00e9ro plus allong\u00e9es.<\/p>\n<p>L&#8217;extension de port\u00e9e a \u00e9t\u00e9 con\u00e7ue pour que le boulon avant traverse toujours le cintre jusqu&#8217;au support, garantissant ainsi la s\u00e9curit\u00e9 de la structure.<\/p>\n<p><strong>Caract\u00e9ristiques principales :<\/strong><\/p>\n<ul>\n<li>Compatible avec le syst\u00e8me de rehausse A3<\/li>\n<li>Utilisable avec le syst\u00e8me de rehausse A2 avec adaptateur<\/li>\n<\/ul>\n<p>&nbsp;<\/p>\n","protected":false},"featured_media":97557,"comment_status":"open","ping_status":"closed","template":"","meta":[],"product_brand":[],"product_cat":[4833],"product_tag":[5117,5183],"class_list":{"0":"post-97568","1":"product","2":"type-product","3":"status-publish","4":"has-post-thumbnail","6":"product_cat-point-de-contact-cockpit","7":"product_tag-profile-design-fr","8":"product_tag-triathlon-fr","9":"product_shipping_class-small-items-fr","11":"first","12":"instock","13":"sold-individually","14":"taxable","15":"shipping-taxable","16":"purchasable","17":"product-type-simple"},"yoast_head":"<!-- This site is optimized with the Yoast SEO Premium plugin v27.3 (Yoast SEO v27.3) - https:\/\/yoast.com\/product\/yoast-seo-premium-wordpress\/ -->\n<title>Extension de port\u00e9e A3 - bikefit.lu<\/title>\n<meta name=\"robots\" content=\"index, follow, max-snippet:-1, max-image-preview:large, max-video-preview:-1\" \/>\n<link rel=\"canonical\" href=\"https:\/\/bikefit.lu\/fr\/product\/extension-de-portee-a3\/\" \/>\n<meta property=\"og:locale\" content=\"fr_FR\" \/>\n<meta property=\"og:type\" content=\"article\" \/>\n<meta property=\"og:title\" content=\"Extension de port\u00e9e A3\" \/>\n<meta property=\"og:description\" content=\"L&#039;extension de port\u00e9e A3 fait exactement ce qu&#039;elle annonce : elle augmente la port\u00e9e des repose-bras d&#039;un cintre \u00e9quip\u00e9 A3 de 32mm. Cet article a \u00e9t\u00e9 d\u00e9velopp\u00e9 pour s&#039;adapter \u00e0 la tendance vers des positions a\u00e9ro plus allong\u00e9es. L&#039;extension de port\u00e9e a \u00e9t\u00e9 con\u00e7ue pour que le boulon avant traverse toujours le cintre jusqu&#039;au support, garantissant ainsi la s\u00e9curit\u00e9 de la structure. Caract\u00e9ristiques principales :  Compatible avec le syst\u00e8me de rehausse A3  Utilisable avec le syst\u00e8me de rehausse A2 avec adaptateur &nbsp;\" \/>\n<meta property=\"og:url\" content=\"https:\/\/bikefit.lu\/fr\/product\/extension-de-portee-a3\/\" \/>\n<meta property=\"og:site_name\" content=\"bikefit.lu\" \/>\n<meta property=\"article:modified_time\" content=\"2026-04-11T04:40:20+00:00\" \/>\n<meta property=\"og:image\" content=\"https:\/\/bikefit.lu\/wp-content\/uploads\/2025\/12\/Aeria3ReachExtender.webp\" \/>\n\t<meta property=\"og:image:width\" content=\"850\" \/>\n\t<meta property=\"og:image:height\" content=\"850\" \/>\n\t<meta property=\"og:image:type\" content=\"image\/webp\" \/>\n<meta name=\"twitter:card\" content=\"summary_large_image\" \/>\n<meta name=\"twitter:label1\" content=\"Prix\" \/>\n\t<meta name=\"twitter:data1\" content=\"89,00&nbsp;&euro;\" \/>\n\t<meta name=\"twitter:label2\" content=\"Disponibilit\u00e9\" \/>\n\t<meta name=\"twitter:data2\" content=\"En stock\" \/>\n<script type=\"application\/ld+json\" class=\"yoast-schema-graph\">{\"@context\":\"https:\\\/\\\/schema.org\",\"@graph\":[{\"@type\":\"WebPage\",\"@id\":\"https:\\\/\\\/bikefit.lu\\\/fr\\\/product\\\/extension-de-portee-a3\\\/\",\"url\":\"https:\\\/\\\/bikefit.lu\\\/fr\\\/product\\\/extension-de-portee-a3\\\/\",\"name\":\"Extension de port\u00e9e A3 - bikefit.lu\",\"isPartOf\":{\"@id\":\"https:\\\/\\\/bikefit.lu\\\/fr\\\/#website\"},\"primaryImageOfPage\":{\"@id\":\"https:\\\/\\\/bikefit.lu\\\/fr\\\/product\\\/extension-de-portee-a3\\\/#primaryimage\"},\"image\":{\"@id\":\"https:\\\/\\\/bikefit.lu\\\/fr\\\/product\\\/extension-de-portee-a3\\\/#primaryimage\"},\"thumbnailUrl\":\"https:\\\/\\\/bikefit.lu\\\/wp-content\\\/uploads\\\/2025\\\/12\\\/Aeria3ReachExtender.webp\",\"datePublished\":\"2025-12-08T21:03:01+00:00\",\"dateModified\":\"2026-04-11T04:40:20+00:00\",\"breadcrumb\":{\"@id\":\"https:\\\/\\\/bikefit.lu\\\/fr\\\/product\\\/extension-de-portee-a3\\\/#breadcrumb\"},\"inLanguage\":\"fr-FR\",\"potentialAction\":[{\"@type\":\"ReadAction\",\"target\":[\"https:\\\/\\\/bikefit.lu\\\/fr\\\/product\\\/extension-de-portee-a3\\\/\"]}]},{\"@type\":\"ImageObject\",\"inLanguage\":\"fr-FR\",\"@id\":\"https:\\\/\\\/bikefit.lu\\\/fr\\\/product\\\/extension-de-portee-a3\\\/#primaryimage\",\"url\":\"https:\\\/\\\/bikefit.lu\\\/wp-content\\\/uploads\\\/2025\\\/12\\\/Aeria3ReachExtender.webp\",\"contentUrl\":\"https:\\\/\\\/bikefit.lu\\\/wp-content\\\/uploads\\\/2025\\\/12\\\/Aeria3ReachExtender.webp\",\"width\":850,\"height\":850},{\"@type\":\"BreadcrumbList\",\"@id\":\"https:\\\/\\\/bikefit.lu\\\/fr\\\/product\\\/extension-de-portee-a3\\\/#breadcrumb\",\"itemListElement\":[{\"@type\":\"ListItem\",\"position\":1,\"name\":\"Home\",\"item\":\"https:\\\/\\\/bikefit.lu\\\/fr\\\/\"},{\"@type\":\"ListItem\",\"position\":2,\"name\":\"Produits\",\"item\":\"https:\\\/\\\/bikefit.lu\\\/fr\\\/shop\\\/\"},{\"@type\":\"ListItem\",\"position\":3,\"name\":\"Extension de port\u00e9e A3\"}]},{\"@type\":\"WebSite\",\"@id\":\"https:\\\/\\\/bikefit.lu\\\/fr\\\/#website\",\"url\":\"https:\\\/\\\/bikefit.lu\\\/fr\\\/\",\"name\":\"bikefit.lu\",\"description\":\"IMPROVING CYCLING\",\"publisher\":{\"@id\":\"https:\\\/\\\/bikefit.lu\\\/fr\\\/#\\\/schema\\\/person\\\/379af1263474d2f8cd1f41c2bd90273d\"},\"potentialAction\":[{\"@type\":\"SearchAction\",\"target\":{\"@type\":\"EntryPoint\",\"urlTemplate\":\"https:\\\/\\\/bikefit.lu\\\/fr\\\/?s={search_term_string}\"},\"query-input\":{\"@type\":\"PropertyValueSpecification\",\"valueRequired\":true,\"valueName\":\"search_term_string\"}}],\"inLanguage\":\"fr-FR\"},{\"@type\":[\"Person\",\"Organization\"],\"@id\":\"https:\\\/\\\/bikefit.lu\\\/fr\\\/#\\\/schema\\\/person\\\/379af1263474d2f8cd1f41c2bd90273d\",\"name\":\"Patrick Guillaume\",\"image\":{\"@type\":\"ImageObject\",\"inLanguage\":\"fr-FR\",\"@id\":\"https:\\\/\\\/bikefit.lu\\\/wp-content\\\/uploads\\\/2024\\\/12\\\/cropped-bikefit-logoURL-RGB-jpg.jpg\",\"url\":\"https:\\\/\\\/bikefit.lu\\\/wp-content\\\/uploads\\\/2024\\\/12\\\/cropped-bikefit-logoURL-RGB-jpg.jpg\",\"contentUrl\":\"https:\\\/\\\/bikefit.lu\\\/wp-content\\\/uploads\\\/2024\\\/12\\\/cropped-bikefit-logoURL-RGB-jpg.jpg\",\"width\":512,\"height\":512,\"caption\":\"Patrick Guillaume\"},\"logo\":{\"@id\":\"https:\\\/\\\/bikefit.lu\\\/wp-content\\\/uploads\\\/2024\\\/12\\\/cropped-bikefit-logoURL-RGB-jpg.jpg\"},\"sameAs\":[\"https:\\\/\\\/bikefit.lu\"],\"honorificPrefix\":\"Mr\",\"birthDate\":\"1966-11-18\",\"gender\":\"male\",\"knowsAbout\":[\"Bike-fitting\"],\"knowsLanguage\":[\"English\",\"French\",\"German\",\"Luxembourgish\"]}]}<\/script>\n<meta property=\"product:price:amount\" content=\"89.00\" \/>\n<meta property=\"product:price:currency\" content=\"EUR\" \/>\n<meta property=\"og:availability\" content=\"instock\" \/>\n<meta property=\"product:availability\" content=\"instock\" \/>\n<meta property=\"product:condition\" content=\"new\" \/>\n<!-- \/ Yoast SEO Premium plugin. -->","yoast_head_json":{"title":"Extension de port\u00e9e A3 - bikefit.lu","robots":{"index":"index","follow":"follow","max-snippet":"max-snippet:-1","max-image-preview":"max-image-preview:large","max-video-preview":"max-video-preview:-1"},"canonical":"https:\/\/bikefit.lu\/fr\/product\/extension-de-portee-a3\/","og_locale":"fr_FR","og_type":"article","og_title":"Extension de port\u00e9e A3","og_description":"L'extension de port\u00e9e A3 fait exactement ce qu'elle annonce : elle augmente la port\u00e9e des repose-bras d'un cintre \u00e9quip\u00e9 A3 de 32mm. Cet article a \u00e9t\u00e9 d\u00e9velopp\u00e9 pour s'adapter \u00e0 la tendance vers des positions a\u00e9ro plus allong\u00e9es. L'extension de port\u00e9e a \u00e9t\u00e9 con\u00e7ue pour que le boulon avant traverse toujours le cintre jusqu'au support, garantissant ainsi la s\u00e9curit\u00e9 de la structure. Caract\u00e9ristiques principales :  Compatible avec le syst\u00e8me de rehausse A3  Utilisable avec le syst\u00e8me de rehausse A2 avec adaptateur &nbsp;","og_url":"https:\/\/bikefit.lu\/fr\/product\/extension-de-portee-a3\/","og_site_name":"bikefit.lu","article_modified_time":"2026-04-11T04:40:20+00:00","og_image":[{"width":850,"height":850,"url":"https:\/\/bikefit.lu\/wp-content\/uploads\/2025\/12\/Aeria3ReachExtender.webp","type":"image\/webp"}],"twitter_card":"summary_large_image","twitter_misc":{"Prix":"89,00&nbsp;&euro;","Disponibilit\u00e9":"En stock"},"schema":{"@context":"https:\/\/schema.org","@graph":[{"@type":"WebPage","@id":"https:\/\/bikefit.lu\/fr\/product\/extension-de-portee-a3\/","url":"https:\/\/bikefit.lu\/fr\/product\/extension-de-portee-a3\/","name":"Extension de port\u00e9e A3 - bikefit.lu","isPartOf":{"@id":"https:\/\/bikefit.lu\/fr\/#website"},"primaryImageOfPage":{"@id":"https:\/\/bikefit.lu\/fr\/product\/extension-de-portee-a3\/#primaryimage"},"image":{"@id":"https:\/\/bikefit.lu\/fr\/product\/extension-de-portee-a3\/#primaryimage"},"thumbnailUrl":"https:\/\/bikefit.lu\/wp-content\/uploads\/2025\/12\/Aeria3ReachExtender.webp","datePublished":"2025-12-08T21:03:01+00:00","dateModified":"2026-04-11T04:40:20+00:00","breadcrumb":{"@id":"https:\/\/bikefit.lu\/fr\/product\/extension-de-portee-a3\/#breadcrumb"},"inLanguage":"fr-FR","potentialAction":[{"@type":"ReadAction","target":["https:\/\/bikefit.lu\/fr\/product\/extension-de-portee-a3\/"]}]},{"@type":"ImageObject","inLanguage":"fr-FR","@id":"https:\/\/bikefit.lu\/fr\/product\/extension-de-portee-a3\/#primaryimage","url":"https:\/\/bikefit.lu\/wp-content\/uploads\/2025\/12\/Aeria3ReachExtender.webp","contentUrl":"https:\/\/bikefit.lu\/wp-content\/uploads\/2025\/12\/Aeria3ReachExtender.webp","width":850,"height":850},{"@type":"BreadcrumbList","@id":"https:\/\/bikefit.lu\/fr\/product\/extension-de-portee-a3\/#breadcrumb","itemListElement":[{"@type":"ListItem","position":1,"name":"Home","item":"https:\/\/bikefit.lu\/fr\/"},{"@type":"ListItem","position":2,"name":"Produits","item":"https:\/\/bikefit.lu\/fr\/shop\/"},{"@type":"ListItem","position":3,"name":"Extension de port\u00e9e A3"}]},{"@type":"WebSite","@id":"https:\/\/bikefit.lu\/fr\/#website","url":"https:\/\/bikefit.lu\/fr\/","name":"bikefit.lu","description":"IMPROVING CYCLING","publisher":{"@id":"https:\/\/bikefit.lu\/fr\/#\/schema\/person\/379af1263474d2f8cd1f41c2bd90273d"},"potentialAction":[{"@type":"SearchAction","target":{"@type":"EntryPoint","urlTemplate":"https:\/\/bikefit.lu\/fr\/?s={search_term_string}"},"query-input":{"@type":"PropertyValueSpecification","valueRequired":true,"valueName":"search_term_string"}}],"inLanguage":"fr-FR"},{"@type":["Person","Organization"],"@id":"https:\/\/bikefit.lu\/fr\/#\/schema\/person\/379af1263474d2f8cd1f41c2bd90273d","name":"Patrick Guillaume","image":{"@type":"ImageObject","inLanguage":"fr-FR","@id":"https:\/\/bikefit.lu\/wp-content\/uploads\/2024\/12\/cropped-bikefit-logoURL-RGB-jpg.jpg","url":"https:\/\/bikefit.lu\/wp-content\/uploads\/2024\/12\/cropped-bikefit-logoURL-RGB-jpg.jpg","contentUrl":"https:\/\/bikefit.lu\/wp-content\/uploads\/2024\/12\/cropped-bikefit-logoURL-RGB-jpg.jpg","width":512,"height":512,"caption":"Patrick Guillaume"},"logo":{"@id":"https:\/\/bikefit.lu\/wp-content\/uploads\/2024\/12\/cropped-bikefit-logoURL-RGB-jpg.jpg"},"sameAs":["https:\/\/bikefit.lu"],"honorificPrefix":"Mr","birthDate":"1966-11-18","gender":"male","knowsAbout":["Bike-fitting"],"knowsLanguage":["English","French","German","Luxembourgish"]}]},"product_price_amount":"89.00","product_price_currency":"EUR","og_availability":"instock","product_availability":"instock","product_condition":"new"},"_links":{"self":[{"href":"https:\/\/bikefit.lu\/fr\/wp-json\/wp\/v2\/product\/97568","targetHints":{"allow":["GET"]}}],"collection":[{"href":"https:\/\/bikefit.lu\/fr\/wp-json\/wp\/v2\/product"}],"about":[{"href":"https:\/\/bikefit.lu\/fr\/wp-json\/wp\/v2\/types\/product"}],"replies":[{"embeddable":true,"href":"https:\/\/bikefit.lu\/fr\/wp-json\/wp\/v2\/comments?post=97568"}],"version-history":[{"count":1,"href":"https:\/\/bikefit.lu\/fr\/wp-json\/wp\/v2\/product\/97568\/revisions"}],"predecessor-version":[{"id":99494,"href":"https:\/\/bikefit.lu\/fr\/wp-json\/wp\/v2\/product\/97568\/revisions\/99494"}],"wp:featuredmedia":[{"embeddable":true,"href":"https:\/\/bikefit.lu\/fr\/wp-json\/wp\/v2\/media\/97557"}],"wp:attachment":[{"href":"https:\/\/bikefit.lu\/fr\/wp-json\/wp\/v2\/media?parent=97568"}],"wp:term":[{"taxonomy":"product_brand","embeddable":true,"href":"https:\/\/bikefit.lu\/fr\/wp-json\/wp\/v2\/product_brand?post=97568"},{"taxonomy":"product_cat","embeddable":true,"href":"https:\/\/bikefit.lu\/fr\/wp-json\/wp\/v2\/product_cat?post=97568"},{"taxonomy":"product_tag","embeddable":true,"href":"https:\/\/bikefit.lu\/fr\/wp-json\/wp\/v2\/product_tag?post=97568"}],"curies":[{"name":"wp","href":"https:\/\/api.w.org\/{rel}","templated":true}]}}