{"id":97589,"date":"2025-12-11T07:15:32","date_gmt":"2025-12-11T06:15:32","guid":{"rendered":"https:\/\/bikefit.lu\/?post_type=product&#038;p=97589"},"modified":"2025-12-11T08:49:51","modified_gmt":"2025-12-11T07:49:51","slug":"profile-design-sonic-ergo-52a-copy","status":"publish","type":"product","link":"https:\/\/bikefit.lu\/fr\/product\/profile-design-sonic-ergo-52a-copy\/","title":{"rendered":"Profile Design Neosonic Ergo 52A GMR"},"content":{"rendered":"<h5><span style=\"font-size: 12pt;\">Sp\u00e9cifications<\/span><\/h5>\n<ul>\n<li><strong>Support :<\/strong> Neosonic<\/li>\n<li><strong>Diam\u00e8tre de fixation du guidon : <\/strong>31,8 mm (26,0 avec cales)<\/li>\n<li><strong>Diam\u00e8tre de fixation de l&#8217;extension :<\/strong> 22,2 mm<\/li>\n<li><strong>Repose-bras : <\/strong> Ergo+ \/ Coussinets de 10 mm<\/li>\n<li><strong>R\u00e9glage de la largeur du repose-bras :<\/strong> 37 mm<\/li>\n<li><strong>D\u00e9calage du repose-bras :<\/strong> 25 mm<\/li>\n<li><strong>Hauteur du repose-bras : <\/strong>Le minimum est de 42,5 mm et le support est compatible avec nos <a href=\"https:\/\/profile-design.com\/collections\/aerobar-brackets\/products\/aerobar-bracket-riser-kit-1\" target=\"_blank\" rel=\"noopener noreferrer nofollow\">kits de rehausseurs<\/a> existants qui ajoutent jusqu&#8217;\u00e0 130 mm de hauteur (avec 70 mm d&#8217;entretoises ajout\u00e9es)<\/li>\n<li><strong>Longueur de l&#8217;extension :<\/strong> 340 mm<\/li>\n<li><strong>Angle de prise :<\/strong> 52 degr\u00e9s<\/li>\n<li><strong>\u00c9l\u00e9vation :<\/strong> 137 mm (du bas vers le haut)<\/li>\n<li><strong>\u00c9cart des extensions :<\/strong> 100 mm<\/li>\n<li><strong>Couleur:<\/strong> Noir mat<\/li>\n<li><strong>Poids :<\/strong> 448 g<\/li>\n<\/ul>\n<p><strong>Manuel<\/strong><\/p>\n<p><a href=\"https:\/\/bikefit.lu\/wp-content\/uploads\/2025\/12\/PFD_Neosonic_Bracket_IS_English_Rev.0_1.pdf\">Instructions d&#8217;installation du support Neosonic<\/a><\/p>\n","protected":false},"excerpt":{"rendered":"<p>Le cintre a\u00e9rodynamique Neosonic\/Ergo+\/52A GMR offre des r\u00e9glages complets mais simples, id\u00e9alement adapt\u00e9s aux cyclistes souhaitant ajouter des prolongateurs \u00e0 leur v\u00e9lo de route, de gravel ou de bikepacking. L&#8217;extension 52 GMR pr\u00e9sente des supports au-dessus du guidon avec un pont polyvalent pour un montage facile des accessoires, parfait pour am\u00e9liorer les performances du v\u00e9lo pour les amateurs de bikepacking et au-del\u00e0. <\/p>\n<p><strong>Support<\/strong><\/p>\n<p>Le support Neosonic offre la nouvelle gamme d&#8217;ajustement de Profile Design avec un grand d\u00e9calage pour s&#8217;adapter \u00e0 un \u00e9ventail d&#8217;applications.<\/p>\n<p>L&#8217;association de ce support avec le repose-bras ergo offre des options de r\u00e9glage in\u00e9gal\u00e9es dans l&#8217;industrie et un plus grand confort.<\/p>\n<p><span style=\"text-align: start;\"><img decoding=\"async\" style=\"margin-bottom: 16px; float: none;\" src=\"https:\/\/cdn.shopify.com\/s\/files\/1\/2357\/3659\/files\/Neosonic-52GMR-Details_1024x1024.jpg?v=1727990823\" alt=\"\"><\/span><\/p>\n<p class=\"textbox\" dir=\"ltr\"><strong>Donn\u00e9es d&#8217;ajustement<\/strong><\/p>\n<ul>\n<li><strong>D\u00e9calage du repose-bras :<\/strong> -95 mm \u00e0 -42,5 mm par paliers de 7,5 mm<\/li>\n<li><strong>\u00c9cartement des l&#8217;accoudoirs :<\/strong> 124 mm \u00e0 290 mm par paliers de 18,5 mm (avec les extensions \u00e0 100 mm)<\/li>\n<li><strong>Hauteur des repose-bras&nbsp;:<\/strong> Le minimum est de 42,5&nbsp;mm et le support est compatible avec leurs <a href=\"https:\/\/profile-design.com\/collections\/aerobar-brackets\/products\/aerobar-bracket-riser-kit-1\">kits de rehausse<\/a> existants qui ajoutent jusqu&#8217;\u00e0 130&nbsp;mm de hauteur (70&nbsp;mm d&#8217;entretoises ajout\u00e9es)<\/li>\n<li><strong>\u00c9cart des extensions :<\/strong> 100 mm<\/li>\n<\/ul>\n<p class=\"textbox\" dir=\"ltr\">La longueur de l&#8217;extension peut \u00eatre facilement ajust\u00e9e \u00e0 l&#8217;aide du boulon sup\u00e9rieur.<\/p>\n<p><span style=\"text-align: start;\"><br \/>\n<\/span><span style=\"text-align: start;\"><img decoding=\"async\" style=\"margin-bottom: 16px; float: none;\" src=\"https:\/\/cdn.shopify.com\/s\/files\/1\/2357\/3659\/files\/Neosonic-52GMR-Details2_281cccd1-5de8-4058-9645-2e4657461118_1024x1024.jpg?v=1727989256\"><img decoding=\"async\" src=\"https:\/\/cdn.shopify.com\/s\/files\/1\/2357\/3659\/files\/Neosonic-52GMR-Details3_1024x1024.jpg?v=1727990711\"><\/span><\/p>\n<p>Il est possible de choisir entre 80 positions diff\u00e9rentes en d\u00e9pla\u00e7ant simplement les accoudoirs. Combin\u00e9 avec les rehausseurs, ce cintre offre 1440 configurations possibles. En tant que prolongateur clip-on, il est \u00e9galement possible d&#8217;ajuster facilement la largeur et l&#8217;inclinaison de l&#8217;extension &#8211; cela offre un niveau de r\u00e9glage sans pr\u00e9c\u00e9dent pour un cintre a\u00e9rodynamique court. <\/p>\n<p><span style=\"text-align: start;\"><img decoding=\"async\" style=\"float: none;\" src=\"https:\/\/cdn.shopify.com\/s\/files\/1\/2357\/3659\/files\/Ergo_Swap_1024x1024.jpg?v=1647034219\" alt=\"\"><\/span><\/p>\n","protected":false},"featured_media":97601,"comment_status":"closed","ping_status":"closed","template":"","meta":[],"product_brand":[5810],"product_cat":[4833],"product_tag":[5656,4824,5117,5124,5178],"class_list":{"0":"post-97589","1":"product","2":"type-product","3":"status-publish","4":"has-post-thumbnail","6":"product_brand-profile-design","7":"product_cat-point-de-contact-cockpit","8":"product_tag-gravel-fr","9":"product_tag-offroad-fr","10":"product_tag-profile-design-fr","11":"product_tag-road-fr","12":"product_tag-ultra-cycling-fr","13":"product_shipping_class-large-items-fr","15":"first","16":"instock","17":"sold-individually","18":"taxable","19":"shipping-taxable","20":"purchasable","21":"product-type-simple"},"yoast_head":"<!-- This site is optimized with the Yoast SEO Premium plugin v27.3 (Yoast SEO v27.3) - https:\/\/yoast.com\/product\/yoast-seo-premium-wordpress\/ -->\n<title>Profile Design Neosonic Ergo 52A GMR - bikefit.lu<\/title>\n<meta name=\"robots\" content=\"index, follow, max-snippet:-1, max-image-preview:large, max-video-preview:-1\" \/>\n<link rel=\"canonical\" href=\"https:\/\/bikefit.lu\/fr\/product\/profile-design-sonic-ergo-52a-copy\/\" \/>\n<meta property=\"og:locale\" content=\"fr_FR\" \/>\n<meta property=\"og:type\" content=\"article\" \/>\n<meta property=\"og:title\" content=\"Profile Design Neosonic Ergo 52A GMR\" \/>\n<meta property=\"og:description\" content=\"Le cintre a\u00e9rodynamique Neosonic\/Ergo+\/52A GMR offre des r\u00e9glages complets mais simples, id\u00e9alement adapt\u00e9s aux cyclistes souhaitant ajouter des prolongateurs \u00e0 leur v\u00e9lo de route, de gravel ou de bikepacking. L&#039;extension 52 GMR pr\u00e9sente des supports au-dessus du guidon avec un pont polyvalent pour un montage facile des accessoires, parfait pour am\u00e9liorer les performances du v\u00e9lo pour les amateurs de bikepacking et au-del\u00e0.  Support Le support Neosonic offre la nouvelle gamme d&#039;ajustement de Profile Design avec un grand d\u00e9calage pour s&#039;adapter \u00e0 un \u00e9ventail d&#039;applications. L&#039;association de ce support avec le repose-bras ergo offre des options de r\u00e9glage in\u00e9gal\u00e9es dans l&#039;industrie et un plus grand confort.  Donn\u00e9es d&#039;ajustement   D\u00e9calage du repose-bras : -95 mm \u00e0 -42,5 mm par paliers de 7,5 mm  \u00c9cartement des l&#039;accoudoirs : 124 mm \u00e0 290 mm par paliers de 18,5 mm (avec les extensions \u00e0 100 mm)  Hauteur des repose-bras&nbsp;: Le minimum est de 42,5&nbsp;mm et le support est compatible avec leurs kits de rehausse existants qui ajoutent jusqu&#039;\u00e0 130&nbsp;mm de hauteur (70&nbsp;mm d&#039;entretoises ajout\u00e9es)  \u00c9cart des extensions : 100 mm La longueur de l&#039;extension peut \u00eatre facilement ajust\u00e9e \u00e0 l&#039;aide du boulon sup\u00e9rieur.  Il est possible de choisir entre 80 positions diff\u00e9rentes en d\u00e9pla\u00e7ant simplement les accoudoirs. Combin\u00e9 avec les rehausseurs, ce cintre offre 1440 configurations possibles. En tant que prolongateur clip-on, il est \u00e9galement possible d&#039;ajuster facilement la largeur et l&#039;inclinaison de l&#039;extension - cela offre un niveau de r\u00e9glage sans pr\u00e9c\u00e9dent pour un cintre a\u00e9rodynamique court.\" \/>\n<meta property=\"og:url\" content=\"https:\/\/bikefit.lu\/fr\/product\/profile-design-sonic-ergo-52a-copy\/\" \/>\n<meta property=\"og:site_name\" content=\"bikefit.lu\" \/>\n<meta property=\"article:modified_time\" content=\"2025-12-11T07:49:51+00:00\" \/>\n<meta property=\"og:image\" content=\"https:\/\/bikefit.lu\/wp-content\/uploads\/2025\/12\/Neosonic_ERGO__52GMR_Side_1000x.webp\" \/>\n\t<meta property=\"og:image:width\" content=\"1000\" \/>\n\t<meta property=\"og:image:height\" content=\"1000\" \/>\n\t<meta property=\"og:image:type\" content=\"image\/webp\" \/>\n<meta name=\"twitter:card\" content=\"summary_large_image\" \/>\n<meta name=\"twitter:label1\" content=\"Prix\" \/>\n\t<meta name=\"twitter:data1\" content=\"239,00&nbsp;&euro;\" \/>\n\t<meta name=\"twitter:label2\" content=\"Disponibilit\u00e9\" \/>\n\t<meta name=\"twitter:data2\" content=\"En stock\" \/>\n<script type=\"application\/ld+json\" class=\"yoast-schema-graph\">{\"@context\":\"https:\\\/\\\/schema.org\",\"@graph\":[{\"@type\":\"WebPage\",\"@id\":\"https:\\\/\\\/bikefit.lu\\\/fr\\\/product\\\/profile-design-sonic-ergo-52a-copy\\\/\",\"url\":\"https:\\\/\\\/bikefit.lu\\\/fr\\\/product\\\/profile-design-sonic-ergo-52a-copy\\\/\",\"name\":\"Profile Design Neosonic Ergo 52A GMR - bikefit.lu\",\"isPartOf\":{\"@id\":\"https:\\\/\\\/bikefit.lu\\\/fr\\\/#website\"},\"primaryImageOfPage\":{\"@id\":\"https:\\\/\\\/bikefit.lu\\\/fr\\\/product\\\/profile-design-sonic-ergo-52a-copy\\\/#primaryimage\"},\"image\":{\"@id\":\"https:\\\/\\\/bikefit.lu\\\/fr\\\/product\\\/profile-design-sonic-ergo-52a-copy\\\/#primaryimage\"},\"thumbnailUrl\":\"https:\\\/\\\/bikefit.lu\\\/wp-content\\\/uploads\\\/2025\\\/12\\\/Neosonic_ERGO__52GMR_Side_1000x.webp\",\"datePublished\":\"2025-12-11T06:15:32+00:00\",\"dateModified\":\"2025-12-11T07:49:51+00:00\",\"breadcrumb\":{\"@id\":\"https:\\\/\\\/bikefit.lu\\\/fr\\\/product\\\/profile-design-sonic-ergo-52a-copy\\\/#breadcrumb\"},\"inLanguage\":\"fr-FR\",\"potentialAction\":[{\"@type\":\"ReadAction\",\"target\":[\"https:\\\/\\\/bikefit.lu\\\/fr\\\/product\\\/profile-design-sonic-ergo-52a-copy\\\/\"]}]},{\"@type\":\"ImageObject\",\"inLanguage\":\"fr-FR\",\"@id\":\"https:\\\/\\\/bikefit.lu\\\/fr\\\/product\\\/profile-design-sonic-ergo-52a-copy\\\/#primaryimage\",\"url\":\"https:\\\/\\\/bikefit.lu\\\/wp-content\\\/uploads\\\/2025\\\/12\\\/Neosonic_ERGO__52GMR_Side_1000x.webp\",\"contentUrl\":\"https:\\\/\\\/bikefit.lu\\\/wp-content\\\/uploads\\\/2025\\\/12\\\/Neosonic_ERGO__52GMR_Side_1000x.webp\",\"width\":1000,\"height\":1000},{\"@type\":\"BreadcrumbList\",\"@id\":\"https:\\\/\\\/bikefit.lu\\\/fr\\\/product\\\/profile-design-sonic-ergo-52a-copy\\\/#breadcrumb\",\"itemListElement\":[{\"@type\":\"ListItem\",\"position\":1,\"name\":\"Home\",\"item\":\"https:\\\/\\\/bikefit.lu\\\/fr\\\/\"},{\"@type\":\"ListItem\",\"position\":2,\"name\":\"Produits\",\"item\":\"https:\\\/\\\/bikefit.lu\\\/fr\\\/shop\\\/\"},{\"@type\":\"ListItem\",\"position\":3,\"name\":\"Profile Design Neosonic Ergo 52A GMR\"}]},{\"@type\":\"WebSite\",\"@id\":\"https:\\\/\\\/bikefit.lu\\\/fr\\\/#website\",\"url\":\"https:\\\/\\\/bikefit.lu\\\/fr\\\/\",\"name\":\"bikefit.lu\",\"description\":\"IMPROVING CYCLING\",\"publisher\":{\"@id\":\"https:\\\/\\\/bikefit.lu\\\/fr\\\/#\\\/schema\\\/person\\\/379af1263474d2f8cd1f41c2bd90273d\"},\"potentialAction\":[{\"@type\":\"SearchAction\",\"target\":{\"@type\":\"EntryPoint\",\"urlTemplate\":\"https:\\\/\\\/bikefit.lu\\\/fr\\\/?s={search_term_string}\"},\"query-input\":{\"@type\":\"PropertyValueSpecification\",\"valueRequired\":true,\"valueName\":\"search_term_string\"}}],\"inLanguage\":\"fr-FR\"},{\"@type\":[\"Person\",\"Organization\"],\"@id\":\"https:\\\/\\\/bikefit.lu\\\/fr\\\/#\\\/schema\\\/person\\\/379af1263474d2f8cd1f41c2bd90273d\",\"name\":\"Patrick Guillaume\",\"image\":{\"@type\":\"ImageObject\",\"inLanguage\":\"fr-FR\",\"@id\":\"https:\\\/\\\/bikefit.lu\\\/wp-content\\\/uploads\\\/2024\\\/12\\\/cropped-bikefit-logoURL-RGB-jpg.jpg\",\"url\":\"https:\\\/\\\/bikefit.lu\\\/wp-content\\\/uploads\\\/2024\\\/12\\\/cropped-bikefit-logoURL-RGB-jpg.jpg\",\"contentUrl\":\"https:\\\/\\\/bikefit.lu\\\/wp-content\\\/uploads\\\/2024\\\/12\\\/cropped-bikefit-logoURL-RGB-jpg.jpg\",\"width\":512,\"height\":512,\"caption\":\"Patrick Guillaume\"},\"logo\":{\"@id\":\"https:\\\/\\\/bikefit.lu\\\/wp-content\\\/uploads\\\/2024\\\/12\\\/cropped-bikefit-logoURL-RGB-jpg.jpg\"},\"sameAs\":[\"https:\\\/\\\/bikefit.lu\"],\"honorificPrefix\":\"Mr\",\"birthDate\":\"1966-11-18\",\"gender\":\"male\",\"knowsAbout\":[\"Bike-fitting\"],\"knowsLanguage\":[\"English\",\"French\",\"German\",\"Luxembourgish\"]}]}<\/script>\n<meta property=\"product:price:amount\" content=\"239.00\" \/>\n<meta property=\"product:price:currency\" content=\"EUR\" \/>\n<meta property=\"og:availability\" content=\"instock\" \/>\n<meta property=\"product:availability\" content=\"instock\" \/>\n<meta property=\"product:condition\" content=\"new\" \/>\n<!-- \/ Yoast SEO Premium plugin. -->","yoast_head_json":{"title":"Profile Design Neosonic Ergo 52A GMR - bikefit.lu","robots":{"index":"index","follow":"follow","max-snippet":"max-snippet:-1","max-image-preview":"max-image-preview:large","max-video-preview":"max-video-preview:-1"},"canonical":"https:\/\/bikefit.lu\/fr\/product\/profile-design-sonic-ergo-52a-copy\/","og_locale":"fr_FR","og_type":"article","og_title":"Profile Design Neosonic Ergo 52A GMR","og_description":"Le cintre a\u00e9rodynamique Neosonic\/Ergo+\/52A GMR offre des r\u00e9glages complets mais simples, id\u00e9alement adapt\u00e9s aux cyclistes souhaitant ajouter des prolongateurs \u00e0 leur v\u00e9lo de route, de gravel ou de bikepacking. L'extension 52 GMR pr\u00e9sente des supports au-dessus du guidon avec un pont polyvalent pour un montage facile des accessoires, parfait pour am\u00e9liorer les performances du v\u00e9lo pour les amateurs de bikepacking et au-del\u00e0.  Support Le support Neosonic offre la nouvelle gamme d'ajustement de Profile Design avec un grand d\u00e9calage pour s'adapter \u00e0 un \u00e9ventail d'applications. L'association de ce support avec le repose-bras ergo offre des options de r\u00e9glage in\u00e9gal\u00e9es dans l'industrie et un plus grand confort.  Donn\u00e9es d'ajustement   D\u00e9calage du repose-bras : -95 mm \u00e0 -42,5 mm par paliers de 7,5 mm  \u00c9cartement des l'accoudoirs : 124 mm \u00e0 290 mm par paliers de 18,5 mm (avec les extensions \u00e0 100 mm)  Hauteur des repose-bras&nbsp;: Le minimum est de 42,5&nbsp;mm et le support est compatible avec leurs kits de rehausse existants qui ajoutent jusqu'\u00e0 130&nbsp;mm de hauteur (70&nbsp;mm d'entretoises ajout\u00e9es)  \u00c9cart des extensions : 100 mm La longueur de l'extension peut \u00eatre facilement ajust\u00e9e \u00e0 l'aide du boulon sup\u00e9rieur.  Il est possible de choisir entre 80 positions diff\u00e9rentes en d\u00e9pla\u00e7ant simplement les accoudoirs. Combin\u00e9 avec les rehausseurs, ce cintre offre 1440 configurations possibles. En tant que prolongateur clip-on, il est \u00e9galement possible d'ajuster facilement la largeur et l'inclinaison de l'extension - cela offre un niveau de r\u00e9glage sans pr\u00e9c\u00e9dent pour un cintre a\u00e9rodynamique court.","og_url":"https:\/\/bikefit.lu\/fr\/product\/profile-design-sonic-ergo-52a-copy\/","og_site_name":"bikefit.lu","article_modified_time":"2025-12-11T07:49:51+00:00","og_image":[{"width":1000,"height":1000,"url":"https:\/\/bikefit.lu\/wp-content\/uploads\/2025\/12\/Neosonic_ERGO__52GMR_Side_1000x.webp","type":"image\/webp"}],"twitter_card":"summary_large_image","twitter_misc":{"Prix":"239,00&nbsp;&euro;","Disponibilit\u00e9":"En stock"},"schema":{"@context":"https:\/\/schema.org","@graph":[{"@type":"WebPage","@id":"https:\/\/bikefit.lu\/fr\/product\/profile-design-sonic-ergo-52a-copy\/","url":"https:\/\/bikefit.lu\/fr\/product\/profile-design-sonic-ergo-52a-copy\/","name":"Profile Design Neosonic Ergo 52A GMR - bikefit.lu","isPartOf":{"@id":"https:\/\/bikefit.lu\/fr\/#website"},"primaryImageOfPage":{"@id":"https:\/\/bikefit.lu\/fr\/product\/profile-design-sonic-ergo-52a-copy\/#primaryimage"},"image":{"@id":"https:\/\/bikefit.lu\/fr\/product\/profile-design-sonic-ergo-52a-copy\/#primaryimage"},"thumbnailUrl":"https:\/\/bikefit.lu\/wp-content\/uploads\/2025\/12\/Neosonic_ERGO__52GMR_Side_1000x.webp","datePublished":"2025-12-11T06:15:32+00:00","dateModified":"2025-12-11T07:49:51+00:00","breadcrumb":{"@id":"https:\/\/bikefit.lu\/fr\/product\/profile-design-sonic-ergo-52a-copy\/#breadcrumb"},"inLanguage":"fr-FR","potentialAction":[{"@type":"ReadAction","target":["https:\/\/bikefit.lu\/fr\/product\/profile-design-sonic-ergo-52a-copy\/"]}]},{"@type":"ImageObject","inLanguage":"fr-FR","@id":"https:\/\/bikefit.lu\/fr\/product\/profile-design-sonic-ergo-52a-copy\/#primaryimage","url":"https:\/\/bikefit.lu\/wp-content\/uploads\/2025\/12\/Neosonic_ERGO__52GMR_Side_1000x.webp","contentUrl":"https:\/\/bikefit.lu\/wp-content\/uploads\/2025\/12\/Neosonic_ERGO__52GMR_Side_1000x.webp","width":1000,"height":1000},{"@type":"BreadcrumbList","@id":"https:\/\/bikefit.lu\/fr\/product\/profile-design-sonic-ergo-52a-copy\/#breadcrumb","itemListElement":[{"@type":"ListItem","position":1,"name":"Home","item":"https:\/\/bikefit.lu\/fr\/"},{"@type":"ListItem","position":2,"name":"Produits","item":"https:\/\/bikefit.lu\/fr\/shop\/"},{"@type":"ListItem","position":3,"name":"Profile Design Neosonic Ergo 52A GMR"}]},{"@type":"WebSite","@id":"https:\/\/bikefit.lu\/fr\/#website","url":"https:\/\/bikefit.lu\/fr\/","name":"bikefit.lu","description":"IMPROVING CYCLING","publisher":{"@id":"https:\/\/bikefit.lu\/fr\/#\/schema\/person\/379af1263474d2f8cd1f41c2bd90273d"},"potentialAction":[{"@type":"SearchAction","target":{"@type":"EntryPoint","urlTemplate":"https:\/\/bikefit.lu\/fr\/?s={search_term_string}"},"query-input":{"@type":"PropertyValueSpecification","valueRequired":true,"valueName":"search_term_string"}}],"inLanguage":"fr-FR"},{"@type":["Person","Organization"],"@id":"https:\/\/bikefit.lu\/fr\/#\/schema\/person\/379af1263474d2f8cd1f41c2bd90273d","name":"Patrick Guillaume","image":{"@type":"ImageObject","inLanguage":"fr-FR","@id":"https:\/\/bikefit.lu\/wp-content\/uploads\/2024\/12\/cropped-bikefit-logoURL-RGB-jpg.jpg","url":"https:\/\/bikefit.lu\/wp-content\/uploads\/2024\/12\/cropped-bikefit-logoURL-RGB-jpg.jpg","contentUrl":"https:\/\/bikefit.lu\/wp-content\/uploads\/2024\/12\/cropped-bikefit-logoURL-RGB-jpg.jpg","width":512,"height":512,"caption":"Patrick Guillaume"},"logo":{"@id":"https:\/\/bikefit.lu\/wp-content\/uploads\/2024\/12\/cropped-bikefit-logoURL-RGB-jpg.jpg"},"sameAs":["https:\/\/bikefit.lu"],"honorificPrefix":"Mr","birthDate":"1966-11-18","gender":"male","knowsAbout":["Bike-fitting"],"knowsLanguage":["English","French","German","Luxembourgish"]}]},"product_price_amount":"239.00","product_price_currency":"EUR","og_availability":"instock","product_availability":"instock","product_condition":"new"},"_links":{"self":[{"href":"https:\/\/bikefit.lu\/fr\/wp-json\/wp\/v2\/product\/97589","targetHints":{"allow":["GET"]}}],"collection":[{"href":"https:\/\/bikefit.lu\/fr\/wp-json\/wp\/v2\/product"}],"about":[{"href":"https:\/\/bikefit.lu\/fr\/wp-json\/wp\/v2\/types\/product"}],"replies":[{"embeddable":true,"href":"https:\/\/bikefit.lu\/fr\/wp-json\/wp\/v2\/comments?post=97589"}],"version-history":[{"count":0,"href":"https:\/\/bikefit.lu\/fr\/wp-json\/wp\/v2\/product\/97589\/revisions"}],"wp:featuredmedia":[{"embeddable":true,"href":"https:\/\/bikefit.lu\/fr\/wp-json\/wp\/v2\/media\/97601"}],"wp:attachment":[{"href":"https:\/\/bikefit.lu\/fr\/wp-json\/wp\/v2\/media?parent=97589"}],"wp:term":[{"taxonomy":"product_brand","embeddable":true,"href":"https:\/\/bikefit.lu\/fr\/wp-json\/wp\/v2\/product_brand?post=97589"},{"taxonomy":"product_cat","embeddable":true,"href":"https:\/\/bikefit.lu\/fr\/wp-json\/wp\/v2\/product_cat?post=97589"},{"taxonomy":"product_tag","embeddable":true,"href":"https:\/\/bikefit.lu\/fr\/wp-json\/wp\/v2\/product_tag?post=97589"}],"curies":[{"name":"wp","href":"https:\/\/api.w.org\/{rel}","templated":true}]}}