{"id":97637,"date":"2025-12-11T08:20:33","date_gmt":"2025-12-11T07:20:33","guid":{"rendered":"https:\/\/bikefit.lu\/?post_type=product&#038;p=97637"},"modified":"2025-12-11T08:37:06","modified_gmt":"2025-12-11T07:37:06","slug":"profile-design-neosonic-ergo-52a-gmr-copy","status":"publish","type":"product","link":"https:\/\/bikefit.lu\/fr\/product\/profile-design-neosonic-ergo-52a-gmr-copy\/","title":{"rendered":"Profile Design Neosonic Ergo 45AR"},"content":{"rendered":"<p><strong>Sp\u00e9cifications techniques<\/strong><\/p>\n<ul>\n<li><strong>Support :<\/strong> Neosonic<\/li>\n<li><strong>Diam\u00e8tre de serrage:<\/strong> 31.8mm (26.0 avec entretoises)<\/li>\n<li><strong>Appui-bras : <\/strong> Ergo Ultra \/ Pads 10 mm<\/li>\n<li><strong>Largeur des accoudoirs :<\/strong> 124 mm \u00e0 290 mm par paliers de 18,5 mm (avec des rallonges de 100 mm)<\/li>\n<li><strong>D\u00e9calage du repose-bras :<\/strong> -95 mm \u00e0 -42,5 mm par paliers de 7,5 mm<\/li>\n<li><strong>Hauteur appui-bras : <\/strong>Le minimum est de 59 mm et le support est compatible avec nos rehausseurs existants qui ajoutent jusqu&#8217;\u00e0 130 mm de hauteur (avec 70 mm d&#8217;entretoises ajout\u00e9es)<\/li>\n<li><strong>\u00c9cart des extensions :<\/strong> 100 mm<\/li>\n<li><strong>Couleur:<\/strong> Noir mat<\/li>\n<li><strong>Poids :<\/strong> 555 g<\/li>\n<\/ul>\n<p><strong>Manuel<\/strong><\/p>\n<p><a href=\"https:\/\/bikefit.lu\/wp-content\/uploads\/2025\/12\/PFD_Neosonic_Ergo_45AR_Aerobar_IS_English_Rev.0.pdf.pdf\">Instructions d&#8217;installation Neosonic Ergo 45AR<\/a><\/p>\n","protected":false},"excerpt":{"rendered":"<p>Le prolongateur a\u00e9rodynamique Neosonic\/Ergo\/45AR offre des r\u00e9glages complets mais simples, id\u00e9alement adapt\u00e9 aux cyclistes souhaitant ajouter des prolongateurs a\u00e9rodynamiques \u00e0 leur v\u00e9lo de route, gravel ou bikepacking.<\/p>\n<p>Avec les extensions 45AR, c&#8217;est le guidon de style DL le plus polyvalent que Profile Design ait jamais con\u00e7u.<\/p>\n<p>Ce guidon peut \u00eatre utilis\u00e9 pour le triathlon draft legal une fois raccourci pour respecter les r\u00e8gles ITU.<\/p>\n<p><strong>Support<\/strong><\/p>\n<p>Le support Neosonic offre leur nouvelle g\u00e9n\u00e9ration de plage d&#8217;ajustement avec un grand d\u00e9calage pour convenir \u00e0 une gamme d&#8217;applications.<\/p>\n<p>L&#8217;association de ce support avec le repose-bras ergo offre des options de r\u00e9glage in\u00e9gal\u00e9es dans l&#8217;industrie et un plus grand confort.<\/p>\n<p class=\"textbox\" dir=\"ltr\"><strong>Donn\u00e9es d&#8217;ajustement<\/strong><\/p>\n<ul>\n<li><strong>D\u00e9calage du repose-bras :<\/strong> -95 mm \u00e0 -42,5 mm par paliers de 7,5 mm<\/li>\n<li><strong>\u00c9cartement des l&#8217;accoudoirs :<\/strong> 124 mm \u00e0 290 mm par paliers de 18,5 mm (avec les extensions \u00e0 100 mm)<\/li>\n<li><strong>Hauteur appui-bras : <\/strong> 59 mm (sans kit rehausseur) \u00e0 130 mm par incr\u00e9ments de 5 mm (avec kit rehausseur en option)<\/li>\n<li><strong>Largeur de l&#8217;extension :<\/strong> 100 mm<\/li>\n<li><strong>Serrage guidon :<\/strong> 31,8 mm<\/li>\n<li><strong>Serrage extension :<\/strong> 22,2 mm<\/li>\n<\/ul>\n<p class=\"textbox\" dir=\"ltr\">La longueur et la rotation de l&#8217;extension peuvent \u00eatre facilement r\u00e9gl\u00e9es \u00e0 l&#8217;aide du boulon sup\u00e9rieur.<\/p>\n<p class=\"textbox\" dir=\"ltr\">\n<p class=\"textbox\" dir=\"ltr\"><img decoding=\"async\" src=\"https:\/\/cdn.shopify.com\/s\/files\/1\/2357\/3659\/files\/Armrest_Rotation1_Ergo_large.jpg?v=1539878385\" alt=\"\"><\/p>\n<p class=\"textbox\" dir=\"ltr\">\n<p class=\"textbox\" dir=\"ltr\"><img decoding=\"async\" src=\"https:\/\/cdn.shopify.com\/s\/files\/1\/2357\/3659\/files\/Armrest_Rotation_Ergo_large.jpg?v=1539878379\" alt=\"\"><\/p>\n<p class=\"textbox\" dir=\"ltr\">Il y a 80 options de position distinctes r\u00e9alisables simplement en d\u00e9pla\u00e7ant l&#8217;appui-bras &#8211; cela offre un niveau de r\u00e9glage sans pr\u00e9c\u00e9dent pour un prolongateur a\u00e9rodynamique court.<\/p>\n","protected":false},"featured_media":97645,"comment_status":"closed","ping_status":"closed","template":"","meta":[],"product_brand":[5810],"product_cat":[4833],"product_tag":[5656,4824,5117,5124,5183,5178],"class_list":{"0":"post-97637","1":"product","2":"type-product","3":"status-publish","4":"has-post-thumbnail","6":"product_brand-profile-design","7":"product_cat-point-de-contact-cockpit","8":"product_tag-gravel-fr","9":"product_tag-offroad-fr","10":"product_tag-profile-design-fr","11":"product_tag-road-fr","12":"product_tag-triathlon-fr","13":"product_tag-ultra-cycling-fr","14":"product_shipping_class-large-items-fr","16":"first","17":"instock","18":"sold-individually","19":"taxable","20":"shipping-taxable","21":"purchasable","22":"product-type-simple"},"group_of_quantity":0,"min_quantity":0,"max_quantity":"","exclude_order_quantity_value_rules":"no","exclude_category_quantity_rules":"no","combine_variations":"no","yoast_head":"<!-- This site is optimized with the Yoast SEO Premium plugin v27.4 (Yoast SEO v27.4) - https:\/\/yoast.com\/product\/yoast-seo-premium-wordpress\/ -->\n<title>Profile Design Neosonic Ergo 45AR - bikefit.lu<\/title>\n<meta name=\"robots\" content=\"index, follow, max-snippet:-1, max-image-preview:large, max-video-preview:-1\" \/>\n<link rel=\"canonical\" href=\"https:\/\/bikefit.lu\/fr\/product\/profile-design-neosonic-ergo-52a-gmr-copy\/\" \/>\n<meta property=\"og:locale\" content=\"fr_FR\" \/>\n<meta property=\"og:type\" content=\"article\" \/>\n<meta property=\"og:title\" content=\"Profile Design Neosonic Ergo 45AR\" \/>\n<meta property=\"og:description\" content=\"Le prolongateur a\u00e9rodynamique Neosonic\/Ergo\/45AR offre des r\u00e9glages complets mais simples, id\u00e9alement adapt\u00e9 aux cyclistes souhaitant ajouter des prolongateurs a\u00e9rodynamiques \u00e0 leur v\u00e9lo de route, gravel ou bikepacking. Avec les extensions 45AR, c&#039;est le guidon de style DL le plus polyvalent que Profile Design ait jamais con\u00e7u. Ce guidon peut \u00eatre utilis\u00e9 pour le triathlon draft legal une fois raccourci pour respecter les r\u00e8gles ITU. Support Le support Neosonic offre leur nouvelle g\u00e9n\u00e9ration de plage d&#039;ajustement avec un grand d\u00e9calage pour convenir \u00e0 une gamme d&#039;applications. L&#039;association de ce support avec le repose-bras ergo offre des options de r\u00e9glage in\u00e9gal\u00e9es dans l&#039;industrie et un plus grand confort. Donn\u00e9es d&#039;ajustement   D\u00e9calage du repose-bras : -95 mm \u00e0 -42,5 mm par paliers de 7,5 mm  \u00c9cartement des l&#039;accoudoirs : 124 mm \u00e0 290 mm par paliers de 18,5 mm (avec les extensions \u00e0 100 mm)  Hauteur appui-bras : 59 mm (sans kit rehausseur) \u00e0 130 mm par incr\u00e9ments de 5 mm (avec kit rehausseur en option)  Largeur de l&#039;extension : 100 mm  Serrage guidon : 31,8 mm  Serrage extension : 22,2 mm La longueur et la rotation de l&#039;extension peuvent \u00eatre facilement r\u00e9gl\u00e9es \u00e0 l&#039;aide du boulon sup\u00e9rieur.   Il y a 80 options de position distinctes r\u00e9alisables simplement en d\u00e9pla\u00e7ant l&#039;appui-bras - cela offre un niveau de r\u00e9glage sans pr\u00e9c\u00e9dent pour un prolongateur a\u00e9rodynamique court.\" \/>\n<meta property=\"og:url\" content=\"https:\/\/bikefit.lu\/fr\/product\/profile-design-neosonic-ergo-52a-gmr-copy\/\" \/>\n<meta property=\"og:site_name\" content=\"bikefit.lu\" \/>\n<meta property=\"article:modified_time\" content=\"2025-12-11T07:37:06+00:00\" \/>\n<meta property=\"og:image\" content=\"https:\/\/bikefit.lu\/wp-content\/uploads\/2025\/12\/Neosonice-Ergo-45ar-008_850x.webp\" \/>\n\t<meta property=\"og:image:width\" content=\"850\" \/>\n\t<meta property=\"og:image:height\" content=\"850\" \/>\n\t<meta property=\"og:image:type\" content=\"image\/webp\" \/>\n<meta name=\"twitter:card\" content=\"summary_large_image\" \/>\n<meta name=\"twitter:label1\" content=\"Prix\" \/>\n\t<meta name=\"twitter:data1\" content=\"174,00&nbsp;&euro;\" \/>\n\t<meta name=\"twitter:label2\" content=\"Disponibilit\u00e9\" \/>\n\t<meta name=\"twitter:data2\" content=\"En stock\" \/>\n<script type=\"application\/ld+json\" class=\"yoast-schema-graph\">{\"@context\":\"https:\\\/\\\/schema.org\",\"@graph\":[{\"@type\":\"WebPage\",\"@id\":\"https:\\\/\\\/bikefit.lu\\\/fr\\\/product\\\/profile-design-neosonic-ergo-52a-gmr-copy\\\/\",\"url\":\"https:\\\/\\\/bikefit.lu\\\/fr\\\/product\\\/profile-design-neosonic-ergo-52a-gmr-copy\\\/\",\"name\":\"Profile Design Neosonic Ergo 45AR - bikefit.lu\",\"isPartOf\":{\"@id\":\"https:\\\/\\\/bikefit.lu\\\/fr\\\/#website\"},\"primaryImageOfPage\":{\"@id\":\"https:\\\/\\\/bikefit.lu\\\/fr\\\/product\\\/profile-design-neosonic-ergo-52a-gmr-copy\\\/#primaryimage\"},\"image\":{\"@id\":\"https:\\\/\\\/bikefit.lu\\\/fr\\\/product\\\/profile-design-neosonic-ergo-52a-gmr-copy\\\/#primaryimage\"},\"thumbnailUrl\":\"https:\\\/\\\/bikefit.lu\\\/wp-content\\\/uploads\\\/2025\\\/12\\\/Neosonice-Ergo-45ar-008_850x.webp\",\"datePublished\":\"2025-12-11T07:20:33+00:00\",\"dateModified\":\"2025-12-11T07:37:06+00:00\",\"breadcrumb\":{\"@id\":\"https:\\\/\\\/bikefit.lu\\\/fr\\\/product\\\/profile-design-neosonic-ergo-52a-gmr-copy\\\/#breadcrumb\"},\"inLanguage\":\"fr-FR\",\"potentialAction\":[{\"@type\":\"ReadAction\",\"target\":[\"https:\\\/\\\/bikefit.lu\\\/fr\\\/product\\\/profile-design-neosonic-ergo-52a-gmr-copy\\\/\"]}]},{\"@type\":\"ImageObject\",\"inLanguage\":\"fr-FR\",\"@id\":\"https:\\\/\\\/bikefit.lu\\\/fr\\\/product\\\/profile-design-neosonic-ergo-52a-gmr-copy\\\/#primaryimage\",\"url\":\"https:\\\/\\\/bikefit.lu\\\/wp-content\\\/uploads\\\/2025\\\/12\\\/Neosonice-Ergo-45ar-008_850x.webp\",\"contentUrl\":\"https:\\\/\\\/bikefit.lu\\\/wp-content\\\/uploads\\\/2025\\\/12\\\/Neosonice-Ergo-45ar-008_850x.webp\",\"width\":850,\"height\":850},{\"@type\":\"BreadcrumbList\",\"@id\":\"https:\\\/\\\/bikefit.lu\\\/fr\\\/product\\\/profile-design-neosonic-ergo-52a-gmr-copy\\\/#breadcrumb\",\"itemListElement\":[{\"@type\":\"ListItem\",\"position\":1,\"name\":\"Home\",\"item\":\"https:\\\/\\\/bikefit.lu\\\/fr\\\/\"},{\"@type\":\"ListItem\",\"position\":2,\"name\":\"Shop\",\"item\":\"https:\\\/\\\/bikefit.lu\\\/fr\\\/shop\\\/\"},{\"@type\":\"ListItem\",\"position\":3,\"name\":\"Profile Design Neosonic Ergo 45AR\"}]},{\"@type\":\"WebSite\",\"@id\":\"https:\\\/\\\/bikefit.lu\\\/fr\\\/#website\",\"url\":\"https:\\\/\\\/bikefit.lu\\\/fr\\\/\",\"name\":\"bikefit.lu\",\"description\":\"IMPROVING CYCLING\",\"publisher\":{\"@id\":\"https:\\\/\\\/bikefit.lu\\\/fr\\\/#\\\/schema\\\/person\\\/379af1263474d2f8cd1f41c2bd90273d\"},\"potentialAction\":[{\"@type\":\"SearchAction\",\"target\":{\"@type\":\"EntryPoint\",\"urlTemplate\":\"https:\\\/\\\/bikefit.lu\\\/fr\\\/?s={search_term_string}\"},\"query-input\":{\"@type\":\"PropertyValueSpecification\",\"valueRequired\":true,\"valueName\":\"search_term_string\"}}],\"inLanguage\":\"fr-FR\"},{\"@type\":[\"Person\",\"Organization\"],\"@id\":\"https:\\\/\\\/bikefit.lu\\\/fr\\\/#\\\/schema\\\/person\\\/379af1263474d2f8cd1f41c2bd90273d\",\"name\":\"Patrick Guillaume\",\"image\":{\"@type\":\"ImageObject\",\"inLanguage\":\"fr-FR\",\"@id\":\"https:\\\/\\\/bikefit.lu\\\/wp-content\\\/uploads\\\/2024\\\/12\\\/cropped-bikefit-logoURL-RGB-jpg.jpg\",\"url\":\"https:\\\/\\\/bikefit.lu\\\/wp-content\\\/uploads\\\/2024\\\/12\\\/cropped-bikefit-logoURL-RGB-jpg.jpg\",\"contentUrl\":\"https:\\\/\\\/bikefit.lu\\\/wp-content\\\/uploads\\\/2024\\\/12\\\/cropped-bikefit-logoURL-RGB-jpg.jpg\",\"width\":512,\"height\":512,\"caption\":\"Patrick Guillaume\"},\"logo\":{\"@id\":\"https:\\\/\\\/bikefit.lu\\\/wp-content\\\/uploads\\\/2024\\\/12\\\/cropped-bikefit-logoURL-RGB-jpg.jpg\"},\"sameAs\":[\"https:\\\/\\\/bikefit.lu\"],\"honorificPrefix\":\"Mr\",\"birthDate\":\"1966-11-18\",\"gender\":\"male\",\"knowsAbout\":[\"Bike-fitting\"],\"knowsLanguage\":[\"English\",\"French\",\"German\",\"Luxembourgish\"]}]}<\/script>\n<meta property=\"product:price:amount\" content=\"174.00\" \/>\n<meta property=\"product:price:currency\" content=\"EUR\" \/>\n<meta property=\"og:availability\" content=\"instock\" \/>\n<meta property=\"product:availability\" content=\"instock\" \/>\n<meta property=\"product:condition\" content=\"new\" \/>\n<!-- \/ Yoast SEO Premium plugin. -->","yoast_head_json":{"title":"Profile Design Neosonic Ergo 45AR - bikefit.lu","robots":{"index":"index","follow":"follow","max-snippet":"max-snippet:-1","max-image-preview":"max-image-preview:large","max-video-preview":"max-video-preview:-1"},"canonical":"https:\/\/bikefit.lu\/fr\/product\/profile-design-neosonic-ergo-52a-gmr-copy\/","og_locale":"fr_FR","og_type":"article","og_title":"Profile Design Neosonic Ergo 45AR","og_description":"Le prolongateur a\u00e9rodynamique Neosonic\/Ergo\/45AR offre des r\u00e9glages complets mais simples, id\u00e9alement adapt\u00e9 aux cyclistes souhaitant ajouter des prolongateurs a\u00e9rodynamiques \u00e0 leur v\u00e9lo de route, gravel ou bikepacking. Avec les extensions 45AR, c'est le guidon de style DL le plus polyvalent que Profile Design ait jamais con\u00e7u. Ce guidon peut \u00eatre utilis\u00e9 pour le triathlon draft legal une fois raccourci pour respecter les r\u00e8gles ITU. Support Le support Neosonic offre leur nouvelle g\u00e9n\u00e9ration de plage d'ajustement avec un grand d\u00e9calage pour convenir \u00e0 une gamme d'applications. L'association de ce support avec le repose-bras ergo offre des options de r\u00e9glage in\u00e9gal\u00e9es dans l'industrie et un plus grand confort. Donn\u00e9es d'ajustement   D\u00e9calage du repose-bras : -95 mm \u00e0 -42,5 mm par paliers de 7,5 mm  \u00c9cartement des l'accoudoirs : 124 mm \u00e0 290 mm par paliers de 18,5 mm (avec les extensions \u00e0 100 mm)  Hauteur appui-bras : 59 mm (sans kit rehausseur) \u00e0 130 mm par incr\u00e9ments de 5 mm (avec kit rehausseur en option)  Largeur de l'extension : 100 mm  Serrage guidon : 31,8 mm  Serrage extension : 22,2 mm La longueur et la rotation de l'extension peuvent \u00eatre facilement r\u00e9gl\u00e9es \u00e0 l'aide du boulon sup\u00e9rieur.   Il y a 80 options de position distinctes r\u00e9alisables simplement en d\u00e9pla\u00e7ant l'appui-bras - cela offre un niveau de r\u00e9glage sans pr\u00e9c\u00e9dent pour un prolongateur a\u00e9rodynamique court.","og_url":"https:\/\/bikefit.lu\/fr\/product\/profile-design-neosonic-ergo-52a-gmr-copy\/","og_site_name":"bikefit.lu","article_modified_time":"2025-12-11T07:37:06+00:00","og_image":[{"width":850,"height":850,"url":"https:\/\/bikefit.lu\/wp-content\/uploads\/2025\/12\/Neosonice-Ergo-45ar-008_850x.webp","type":"image\/webp"}],"twitter_card":"summary_large_image","twitter_misc":{"Prix":"174,00&nbsp;&euro;","Disponibilit\u00e9":"En stock"},"schema":{"@context":"https:\/\/schema.org","@graph":[{"@type":"WebPage","@id":"https:\/\/bikefit.lu\/fr\/product\/profile-design-neosonic-ergo-52a-gmr-copy\/","url":"https:\/\/bikefit.lu\/fr\/product\/profile-design-neosonic-ergo-52a-gmr-copy\/","name":"Profile Design Neosonic Ergo 45AR - bikefit.lu","isPartOf":{"@id":"https:\/\/bikefit.lu\/fr\/#website"},"primaryImageOfPage":{"@id":"https:\/\/bikefit.lu\/fr\/product\/profile-design-neosonic-ergo-52a-gmr-copy\/#primaryimage"},"image":{"@id":"https:\/\/bikefit.lu\/fr\/product\/profile-design-neosonic-ergo-52a-gmr-copy\/#primaryimage"},"thumbnailUrl":"https:\/\/bikefit.lu\/wp-content\/uploads\/2025\/12\/Neosonice-Ergo-45ar-008_850x.webp","datePublished":"2025-12-11T07:20:33+00:00","dateModified":"2025-12-11T07:37:06+00:00","breadcrumb":{"@id":"https:\/\/bikefit.lu\/fr\/product\/profile-design-neosonic-ergo-52a-gmr-copy\/#breadcrumb"},"inLanguage":"fr-FR","potentialAction":[{"@type":"ReadAction","target":["https:\/\/bikefit.lu\/fr\/product\/profile-design-neosonic-ergo-52a-gmr-copy\/"]}]},{"@type":"ImageObject","inLanguage":"fr-FR","@id":"https:\/\/bikefit.lu\/fr\/product\/profile-design-neosonic-ergo-52a-gmr-copy\/#primaryimage","url":"https:\/\/bikefit.lu\/wp-content\/uploads\/2025\/12\/Neosonice-Ergo-45ar-008_850x.webp","contentUrl":"https:\/\/bikefit.lu\/wp-content\/uploads\/2025\/12\/Neosonice-Ergo-45ar-008_850x.webp","width":850,"height":850},{"@type":"BreadcrumbList","@id":"https:\/\/bikefit.lu\/fr\/product\/profile-design-neosonic-ergo-52a-gmr-copy\/#breadcrumb","itemListElement":[{"@type":"ListItem","position":1,"name":"Home","item":"https:\/\/bikefit.lu\/fr\/"},{"@type":"ListItem","position":2,"name":"Shop","item":"https:\/\/bikefit.lu\/fr\/shop\/"},{"@type":"ListItem","position":3,"name":"Profile Design Neosonic Ergo 45AR"}]},{"@type":"WebSite","@id":"https:\/\/bikefit.lu\/fr\/#website","url":"https:\/\/bikefit.lu\/fr\/","name":"bikefit.lu","description":"IMPROVING CYCLING","publisher":{"@id":"https:\/\/bikefit.lu\/fr\/#\/schema\/person\/379af1263474d2f8cd1f41c2bd90273d"},"potentialAction":[{"@type":"SearchAction","target":{"@type":"EntryPoint","urlTemplate":"https:\/\/bikefit.lu\/fr\/?s={search_term_string}"},"query-input":{"@type":"PropertyValueSpecification","valueRequired":true,"valueName":"search_term_string"}}],"inLanguage":"fr-FR"},{"@type":["Person","Organization"],"@id":"https:\/\/bikefit.lu\/fr\/#\/schema\/person\/379af1263474d2f8cd1f41c2bd90273d","name":"Patrick Guillaume","image":{"@type":"ImageObject","inLanguage":"fr-FR","@id":"https:\/\/bikefit.lu\/wp-content\/uploads\/2024\/12\/cropped-bikefit-logoURL-RGB-jpg.jpg","url":"https:\/\/bikefit.lu\/wp-content\/uploads\/2024\/12\/cropped-bikefit-logoURL-RGB-jpg.jpg","contentUrl":"https:\/\/bikefit.lu\/wp-content\/uploads\/2024\/12\/cropped-bikefit-logoURL-RGB-jpg.jpg","width":512,"height":512,"caption":"Patrick Guillaume"},"logo":{"@id":"https:\/\/bikefit.lu\/wp-content\/uploads\/2024\/12\/cropped-bikefit-logoURL-RGB-jpg.jpg"},"sameAs":["https:\/\/bikefit.lu"],"honorificPrefix":"Mr","birthDate":"1966-11-18","gender":"male","knowsAbout":["Bike-fitting"],"knowsLanguage":["English","French","German","Luxembourgish"]}]},"product_price_amount":"174.00","product_price_currency":"EUR","og_availability":"instock","product_availability":"instock","product_condition":"new"},"_links":{"self":[{"href":"https:\/\/bikefit.lu\/fr\/wp-json\/wp\/v2\/product\/97637","targetHints":{"allow":["GET"]}}],"collection":[{"href":"https:\/\/bikefit.lu\/fr\/wp-json\/wp\/v2\/product"}],"about":[{"href":"https:\/\/bikefit.lu\/fr\/wp-json\/wp\/v2\/types\/product"}],"replies":[{"embeddable":true,"href":"https:\/\/bikefit.lu\/fr\/wp-json\/wp\/v2\/comments?post=97637"}],"version-history":[{"count":0,"href":"https:\/\/bikefit.lu\/fr\/wp-json\/wp\/v2\/product\/97637\/revisions"}],"wp:featuredmedia":[{"embeddable":true,"href":"https:\/\/bikefit.lu\/fr\/wp-json\/wp\/v2\/media\/97645"}],"wp:attachment":[{"href":"https:\/\/bikefit.lu\/fr\/wp-json\/wp\/v2\/media?parent=97637"}],"wp:term":[{"taxonomy":"product_brand","embeddable":true,"href":"https:\/\/bikefit.lu\/fr\/wp-json\/wp\/v2\/product_brand?post=97637"},{"taxonomy":"product_cat","embeddable":true,"href":"https:\/\/bikefit.lu\/fr\/wp-json\/wp\/v2\/product_cat?post=97637"},{"taxonomy":"product_tag","embeddable":true,"href":"https:\/\/bikefit.lu\/fr\/wp-json\/wp\/v2\/product_tag?post=97637"}],"curies":[{"name":"wp","href":"https:\/\/api.w.org\/{rel}","templated":true}]}}