{"id":97681,"date":"2025-12-11T09:00:26","date_gmt":"2025-12-11T08:00:26","guid":{"rendered":"https:\/\/bikefit.lu\/?post_type=product&#038;p=97681"},"modified":"2025-12-14T12:38:11","modified_gmt":"2025-12-14T11:38:11","slug":"52-asa-aluminum-extensions","status":"publish","type":"product","link":"https:\/\/bikefit.lu\/fr\/product\/52-asa-aluminum-extensions\/","title":{"rendered":"Extensions en aluminium 52 ASA"},"content":{"rendered":"<h5><span style=\"font-size: 12pt;\">Sp\u00e9cifications techniques<\/span><\/h5>\n<ul>\n<li><b>Construction:<\/b> aluminium 6061-T6 aluminum, pr\u00e9-forr\u00e9 pour le passage des c\u00e2bles des shifters<\/li>\n<li><strong>Longueur <\/strong><strong>d&#8217;extension :<\/strong> 340 mm ou 400 mm<\/li>\n<li><strong>Longueur min :<\/strong> 340 mm : 225 mm ou 400 mm : 285 mm (depuis l&#8217;avant du collier)<\/li>\n<li><strong>Angle des extensions<\/strong> 52 degr\u00e9s<\/li>\n<li><strong>Hauteur d&#8217;extension :<\/strong> 137 mm (bas vers haut)<\/li>\n<li><strong>D\u00e9calage d&#8217;extension :<\/strong> 16 mm au total<\/li>\n<li><b>Diam\u00e8tre externe : <\/b>22.2mm<\/li>\n<li><strong>Diam\u00e8tre interne:<\/strong> 19.2mm<\/li>\n<li><strong>Compatibilit\u00e9 shifters:<\/strong> \u00c9lectronique or m\u00e9canique<\/li>\n<li><b>Inclus :<\/b> Vendu par paire (1 extension droite et 1 gauche)<\/li>\n<li><b>Couleurs :<\/b> Noir mat anodis\u00e9<\/li>\n<li><b>Poids : <\/b>400 mm : 304 g\/paire ou 340 mm :<b> <\/b>250 g\/paire<\/li>\n<\/ul>\n<p><img decoding=\"async\" src=\"https:\/\/cdn.shopify.com\/s\/files\/1\/2357\/3659\/files\/52ASA-Ext-Rise-Length-Angle-2.jpg?v=1752528124\" alt=\"\"><\/p>\n<ul>\n<li>\n<\/li>\n<\/ul>\n","protected":false},"excerpt":{"rendered":"<p class=\"textbox ai-optimize-43\" dir=\"ltr\">Voici le 52ASA, la prochaine \u00e9volution des extensions Aero Shaped Carbon (ASC) de Profile Design, extr\u00eamement populaires, d\u00e9sormais disponibles dans un aluminium \u00e9l\u00e9gant et de haute performance. Fabriqu\u00e9 avec un processus de formage multi-\u00e9tapes avanc\u00e9, le 52ASA offre les m\u00eames avantages que leurs extensions profil\u00e9es embl\u00e9matiques, le tout \u00e0 un prix plus abordable.<br \/>\n<img decoding=\"async\" src=\"https:\/\/cdn.shopify.com\/s\/files\/1\/2357\/3659\/files\/20250708-0002.jpg?v=1752265483\" alt=\"\">  L&#8217;innovation centrale derri\u00e8re les s\u00e9ries ASC et ASA est simple : d\u00e9caler l&#8217;extension lat\u00e9ralement pour s&#8217;aligner parfaitement avec la position naturelle de votre bras, tout en conservant une zone de montage de 22,2 mm pour rester compatible avec la plupart des prolongateurs standards.<br \/>\nAvec la 52ASA, ils \u00e9tablissent une nouvelle norme pour \u00ab l&#8217;extension profil\u00e9e au meilleur rapport qualit\u00e9-prix \u00bb \u2013 une \u00e9tape audacieuse dans leur mission continue de fournir des solutions haute performance pour les cyclistes de tous niveaux.<\/p>\n<p class=\"textbox\" dir=\"ltr\"><strong>Performance<\/strong><\/p>\n<p class=\"textbox\" dir=\"ltr\">L\u2019unique objectif des prolongateurs est d\u2019offrir une position confortable pour les mains du cycliste par rapport aux repose-bras. Ils am\u00e9liorent les performances en permettant au cycliste de se d\u00e9tendre dans sa position optimale.  C&#8217;est pourquoi elles offrent diff\u00e9rentes options d&#8217;ajustement afin que chaque cycliste puisse atteindre ses meilleures performances.<\/p>\n<p class=\"textbox\" dir=\"ltr\"><strong>Donn\u00e9es d&#8217;ajustement<\/strong><\/p>\n<p><img decoding=\"async\" src=\"https:\/\/cdn.shopify.com\/s\/files\/1\/2357\/3659\/files\/52-ASA-Details-52.jpg?v=1752528261\" alt=\"L'angle de prise de 52\u00b0 est con\u00e7u pour offrir un soutien optimal du poignet, garantissant le confort pour un large \u00e9ventail de cyclistes. De plus, avec deux options de longueur, il s'adapte \u00e0 diff\u00e9rents types de morphologie pour un ajustement parfait.\"><\/p>\n<p class=\"textbox ai-optimize-43\" dir=\"ltr\"><img decoding=\"async\" src=\"https:\/\/cdn.shopify.com\/s\/files\/1\/2357\/3659\/files\/52-ASA-Details-Offset.jpg?v=1752528261\" alt=\"Les 52 ASA offrent un d\u00e9calage lat\u00e9ral de 16 mm par c\u00f4t\u00e9. Cela permet au cycliste de rapprocher ou d'\u00e9carter ses mains sans incliner les extensions au point que les commandes se touchent.\"><\/p>\n<p><img decoding=\"async\" src=\"https:\/\/cdn.shopify.com\/s\/files\/1\/2357\/3659\/files\/52-ASA-Details-Kamm.jpg?v=1752528261\" alt=\"Bien s\u00fbr, nous n'avons pas oubli\u00e9 l'importance de l'a\u00e9rodynamisme - en ajoutant un profil\u00e9 Kamm \u00e0 la section de mont\u00e9e\"><\/p>\n<ul>\n<li>Enfin, ils ont ajout\u00e9 des embouts ergonomiques profil\u00e9s rendant la prise en main plus confortable.<\/li>\n<\/ul>\n<p><img decoding=\"async\" src=\"https:\/\/cdn.shopify.com\/s\/files\/1\/2357\/3659\/files\/A-II-Ext-Aero-Tip_2048x2048.jpg?v=1706566334\"><\/p>\n<p><strong>Origine<\/strong><\/p>\n<p>Les tendances r\u00e9centes en mati\u00e8re d&#8217;ajustement de prolongateurs vont vers des positions de mains plus hautes, ils ont donc augment\u00e9 la hauteur par rapport aux extensions de g\u00e9n\u00e9ration pr\u00e9c\u00e9dente. Ils se sont concentr\u00e9s sur les angles les plus populaires de leur gamme pr\u00e9c\u00e9dente et ont ajout\u00e9 le 26a comme option multi-positions. <\/p>\n<p><strong>Guide technique<\/strong><\/p>\n<ul>\n<li>Les extensions Profile Design ont un diam\u00e8tre de 22,2 mm dans la zone de serrage.<\/li>\n<li>Ils sont con\u00e7us pour que les c\u00e2bles sortent \u00e0 l\u2019arri\u00e8re des prolongateurs et ne comportent donc pas de trous de sortie pour les c\u00e2bles.<\/li>\n<\/ul>\n<p><strong>\u00c0 qui s\u2019adressent-ils?<\/strong><\/p>\n<p>Les prolongateurs s\u2019adaptent \u00e0 tout a\u00e9robar con\u00e7u pour un diam\u00e8tre de 22,2 mm.<br \/>Ils conviennent donc \u00e0 tout cycliste souhaitant am\u00e9liorer le confort de sa position sur les prolongateurs. <\/p>\n<p><strong>Manuel<\/strong><\/p>\n<p><a href=\"https:\/\/cdn.shopify.com\/s\/files\/1\/2357\/3659\/files\/2025-07-02_PFD_Aerobar_Extensions_AS_Series_IS_English_Rev.0.pdf?v=1751923666\">Instructions d&#8217;installation des extensions 52 ASA<\/a><\/p>\n<p>&nbsp;<\/p>\n","protected":false},"featured_media":97704,"comment_status":"closed","ping_status":"closed","template":"","meta":[],"product_brand":[],"product_cat":[4833],"product_tag":[5819,5739,4824,5117,5124,5183,5178],"class_list":{"0":"post-97681","1":"product","2":"type-product","3":"status-publish","4":"has-post-thumbnail","6":"product_cat-point-de-contact-cockpit","7":"product_tag-52asa","8":"product_tag-extensions-fr","9":"product_tag-offroad-fr","10":"product_tag-profile-design-fr","11":"product_tag-road-fr","12":"product_tag-triathlon-fr","13":"product_tag-ultra-cycling-fr","14":"product_shipping_class-large-items-fr","16":"first","17":"instock","18":"sold-individually","19":"taxable","20":"shipping-taxable","21":"purchasable","22":"product-type-variable"},"yoast_head":"<!-- This site is optimized with the Yoast SEO Premium plugin v27.3 (Yoast SEO v27.3) - https:\/\/yoast.com\/product\/yoast-seo-premium-wordpress\/ -->\n<title>Extensions en aluminium 52 ASA - bikefit.lu<\/title>\n<meta name=\"robots\" content=\"index, follow, max-snippet:-1, max-image-preview:large, max-video-preview:-1\" \/>\n<link rel=\"canonical\" href=\"https:\/\/bikefit.lu\/fr\/product\/52-asa-aluminum-extensions\/\" \/>\n<meta property=\"og:locale\" content=\"fr_FR\" \/>\n<meta property=\"og:type\" content=\"article\" \/>\n<meta property=\"og:title\" content=\"Extensions en aluminium 52 ASA\" \/>\n<meta property=\"og:description\" content=\"Voici le 52ASA, la prochaine \u00e9volution des extensions Aero Shaped Carbon (ASC) de Profile Design, extr\u00eamement populaires, d\u00e9sormais disponibles dans un aluminium \u00e9l\u00e9gant et de haute performance. Fabriqu\u00e9 avec un processus de formage multi-\u00e9tapes avanc\u00e9, le 52ASA offre les m\u00eames avantages que leurs extensions profil\u00e9es embl\u00e9matiques, le tout \u00e0 un prix plus abordable.  L&#039;innovation centrale derri\u00e8re les s\u00e9ries ASC et ASA est simple : d\u00e9caler l&#039;extension lat\u00e9ralement pour s&#039;aligner parfaitement avec la position naturelle de votre bras, tout en conservant une zone de montage de 22,2 mm pour rester compatible avec la plupart des prolongateurs standards. Avec la 52ASA, ils \u00e9tablissent une nouvelle norme pour \u00ab l&#039;extension profil\u00e9e au meilleur rapport qualit\u00e9-prix \u00bb \u2013 une \u00e9tape audacieuse dans leur mission continue de fournir des solutions haute performance pour les cyclistes de tous niveaux. Performance L\u2019unique objectif des prolongateurs est d\u2019offrir une position confortable pour les mains du cycliste par rapport aux repose-bras. Ils am\u00e9liorent les performances en permettant au cycliste de se d\u00e9tendre dans sa position optimale. C&#039;est pourquoi elles offrent diff\u00e9rentes options d&#039;ajustement afin que chaque cycliste puisse atteindre ses meilleures performances. Donn\u00e9es d&#039;ajustement    Enfin, ils ont ajout\u00e9 des embouts ergonomiques profil\u00e9s rendant la prise en main plus confortable.  Origine Les tendances r\u00e9centes en mati\u00e8re d&#039;ajustement de prolongateurs vont vers des positions de mains plus hautes, ils ont donc augment\u00e9 la hauteur par rapport aux extensions de g\u00e9n\u00e9ration pr\u00e9c\u00e9dente. Ils se sont concentr\u00e9s sur les angles les plus populaires de leur gamme pr\u00e9c\u00e9dente et ont ajout\u00e9 le 26a comme option multi-positions.  Guide technique  Les extensions Profile Design ont un diam\u00e8tre de 22,2 mm dans la zone de serrage.  Ils sont con\u00e7us pour que les c\u00e2bles sortent \u00e0 l\u2019arri\u00e8re des prolongateurs et ne comportent donc pas de trous de sortie pour les c\u00e2bles. \u00c0 qui s\u2019adressent-ils? Les prolongateurs s\u2019adaptent \u00e0 tout a\u00e9robar con\u00e7u pour un diam\u00e8tre de 22,2 mm.Ils conviennent donc \u00e0 tout cycliste souhaitant am\u00e9liorer le confort de sa position sur les prolongateurs.  Manuel Instructions d&#039;installation des extensions 52 ASA &nbsp;\" \/>\n<meta property=\"og:url\" content=\"https:\/\/bikefit.lu\/fr\/product\/52-asa-aluminum-extensions\/\" \/>\n<meta property=\"og:site_name\" content=\"bikefit.lu\" \/>\n<meta property=\"article:modified_time\" content=\"2025-12-14T11:38:11+00:00\" \/>\n<meta property=\"og:image\" content=\"https:\/\/bikefit.lu\/wp-content\/uploads\/2025\/12\/52ASA_400mm_02_1000x.webp\" \/>\n\t<meta property=\"og:image:width\" content=\"1000\" \/>\n\t<meta property=\"og:image:height\" content=\"1000\" \/>\n\t<meta property=\"og:image:type\" content=\"image\/webp\" \/>\n<meta name=\"twitter:card\" content=\"summary_large_image\" \/>\n<meta name=\"twitter:label1\" content=\"Disponibilit\u00e9\" \/>\n\t<meta name=\"twitter:data1\" content=\"En stock\" \/>\n<script type=\"application\/ld+json\" class=\"yoast-schema-graph\">{\"@context\":\"https:\\\/\\\/schema.org\",\"@graph\":[{\"@type\":\"WebPage\",\"@id\":\"https:\\\/\\\/bikefit.lu\\\/fr\\\/product\\\/52-asa-aluminum-extensions\\\/\",\"url\":\"https:\\\/\\\/bikefit.lu\\\/fr\\\/product\\\/52-asa-aluminum-extensions\\\/\",\"name\":\"Extensions en aluminium 52 ASA - bikefit.lu\",\"isPartOf\":{\"@id\":\"https:\\\/\\\/bikefit.lu\\\/fr\\\/#website\"},\"primaryImageOfPage\":{\"@id\":\"https:\\\/\\\/bikefit.lu\\\/fr\\\/product\\\/52-asa-aluminum-extensions\\\/#primaryimage\"},\"image\":{\"@id\":\"https:\\\/\\\/bikefit.lu\\\/fr\\\/product\\\/52-asa-aluminum-extensions\\\/#primaryimage\"},\"thumbnailUrl\":\"https:\\\/\\\/bikefit.lu\\\/wp-content\\\/uploads\\\/2025\\\/12\\\/52ASA_400mm_02_1000x.webp\",\"datePublished\":\"2025-12-11T08:00:26+00:00\",\"dateModified\":\"2025-12-14T11:38:11+00:00\",\"breadcrumb\":{\"@id\":\"https:\\\/\\\/bikefit.lu\\\/fr\\\/product\\\/52-asa-aluminum-extensions\\\/#breadcrumb\"},\"inLanguage\":\"fr-FR\",\"potentialAction\":[{\"@type\":\"ReadAction\",\"target\":[\"https:\\\/\\\/bikefit.lu\\\/fr\\\/product\\\/52-asa-aluminum-extensions\\\/\"]}]},{\"@type\":\"ImageObject\",\"inLanguage\":\"fr-FR\",\"@id\":\"https:\\\/\\\/bikefit.lu\\\/fr\\\/product\\\/52-asa-aluminum-extensions\\\/#primaryimage\",\"url\":\"https:\\\/\\\/bikefit.lu\\\/wp-content\\\/uploads\\\/2025\\\/12\\\/52ASA_400mm_02_1000x.webp\",\"contentUrl\":\"https:\\\/\\\/bikefit.lu\\\/wp-content\\\/uploads\\\/2025\\\/12\\\/52ASA_400mm_02_1000x.webp\",\"width\":1000,\"height\":1000},{\"@type\":\"BreadcrumbList\",\"@id\":\"https:\\\/\\\/bikefit.lu\\\/fr\\\/product\\\/52-asa-aluminum-extensions\\\/#breadcrumb\",\"itemListElement\":[{\"@type\":\"ListItem\",\"position\":1,\"name\":\"Home\",\"item\":\"https:\\\/\\\/bikefit.lu\\\/fr\\\/\"},{\"@type\":\"ListItem\",\"position\":2,\"name\":\"Produits\",\"item\":\"https:\\\/\\\/bikefit.lu\\\/fr\\\/shop\\\/\"},{\"@type\":\"ListItem\",\"position\":3,\"name\":\"Extensions en aluminium 52 ASA\"}]},{\"@type\":\"WebSite\",\"@id\":\"https:\\\/\\\/bikefit.lu\\\/fr\\\/#website\",\"url\":\"https:\\\/\\\/bikefit.lu\\\/fr\\\/\",\"name\":\"bikefit.lu\",\"description\":\"IMPROVING CYCLING\",\"publisher\":{\"@id\":\"https:\\\/\\\/bikefit.lu\\\/fr\\\/#\\\/schema\\\/person\\\/379af1263474d2f8cd1f41c2bd90273d\"},\"potentialAction\":[{\"@type\":\"SearchAction\",\"target\":{\"@type\":\"EntryPoint\",\"urlTemplate\":\"https:\\\/\\\/bikefit.lu\\\/fr\\\/?s={search_term_string}\"},\"query-input\":{\"@type\":\"PropertyValueSpecification\",\"valueRequired\":true,\"valueName\":\"search_term_string\"}}],\"inLanguage\":\"fr-FR\"},{\"@type\":[\"Person\",\"Organization\"],\"@id\":\"https:\\\/\\\/bikefit.lu\\\/fr\\\/#\\\/schema\\\/person\\\/379af1263474d2f8cd1f41c2bd90273d\",\"name\":\"Patrick Guillaume\",\"image\":{\"@type\":\"ImageObject\",\"inLanguage\":\"fr-FR\",\"@id\":\"https:\\\/\\\/bikefit.lu\\\/wp-content\\\/uploads\\\/2024\\\/12\\\/cropped-bikefit-logoURL-RGB-jpg.jpg\",\"url\":\"https:\\\/\\\/bikefit.lu\\\/wp-content\\\/uploads\\\/2024\\\/12\\\/cropped-bikefit-logoURL-RGB-jpg.jpg\",\"contentUrl\":\"https:\\\/\\\/bikefit.lu\\\/wp-content\\\/uploads\\\/2024\\\/12\\\/cropped-bikefit-logoURL-RGB-jpg.jpg\",\"width\":512,\"height\":512,\"caption\":\"Patrick Guillaume\"},\"logo\":{\"@id\":\"https:\\\/\\\/bikefit.lu\\\/wp-content\\\/uploads\\\/2024\\\/12\\\/cropped-bikefit-logoURL-RGB-jpg.jpg\"},\"sameAs\":[\"https:\\\/\\\/bikefit.lu\"],\"honorificPrefix\":\"Mr\",\"birthDate\":\"1966-11-18\",\"gender\":\"male\",\"knowsAbout\":[\"Bike-fitting\"],\"knowsLanguage\":[\"English\",\"French\",\"German\",\"Luxembourgish\"]}]}<\/script>\n<meta property=\"og:availability\" content=\"instock\" \/>\n<meta property=\"product:availability\" content=\"instock\" \/>\n<meta property=\"product:condition\" content=\"new\" \/>\n<!-- \/ Yoast SEO Premium plugin. -->","yoast_head_json":{"title":"Extensions en aluminium 52 ASA - bikefit.lu","robots":{"index":"index","follow":"follow","max-snippet":"max-snippet:-1","max-image-preview":"max-image-preview:large","max-video-preview":"max-video-preview:-1"},"canonical":"https:\/\/bikefit.lu\/fr\/product\/52-asa-aluminum-extensions\/","og_locale":"fr_FR","og_type":"article","og_title":"Extensions en aluminium 52 ASA","og_description":"Voici le 52ASA, la prochaine \u00e9volution des extensions Aero Shaped Carbon (ASC) de Profile Design, extr\u00eamement populaires, d\u00e9sormais disponibles dans un aluminium \u00e9l\u00e9gant et de haute performance. Fabriqu\u00e9 avec un processus de formage multi-\u00e9tapes avanc\u00e9, le 52ASA offre les m\u00eames avantages que leurs extensions profil\u00e9es embl\u00e9matiques, le tout \u00e0 un prix plus abordable.  L'innovation centrale derri\u00e8re les s\u00e9ries ASC et ASA est simple : d\u00e9caler l'extension lat\u00e9ralement pour s'aligner parfaitement avec la position naturelle de votre bras, tout en conservant une zone de montage de 22,2 mm pour rester compatible avec la plupart des prolongateurs standards. Avec la 52ASA, ils \u00e9tablissent une nouvelle norme pour \u00ab l'extension profil\u00e9e au meilleur rapport qualit\u00e9-prix \u00bb \u2013 une \u00e9tape audacieuse dans leur mission continue de fournir des solutions haute performance pour les cyclistes de tous niveaux. Performance L\u2019unique objectif des prolongateurs est d\u2019offrir une position confortable pour les mains du cycliste par rapport aux repose-bras. Ils am\u00e9liorent les performances en permettant au cycliste de se d\u00e9tendre dans sa position optimale. C'est pourquoi elles offrent diff\u00e9rentes options d'ajustement afin que chaque cycliste puisse atteindre ses meilleures performances. Donn\u00e9es d'ajustement    Enfin, ils ont ajout\u00e9 des embouts ergonomiques profil\u00e9s rendant la prise en main plus confortable.  Origine Les tendances r\u00e9centes en mati\u00e8re d'ajustement de prolongateurs vont vers des positions de mains plus hautes, ils ont donc augment\u00e9 la hauteur par rapport aux extensions de g\u00e9n\u00e9ration pr\u00e9c\u00e9dente. Ils se sont concentr\u00e9s sur les angles les plus populaires de leur gamme pr\u00e9c\u00e9dente et ont ajout\u00e9 le 26a comme option multi-positions.  Guide technique  Les extensions Profile Design ont un diam\u00e8tre de 22,2 mm dans la zone de serrage.  Ils sont con\u00e7us pour que les c\u00e2bles sortent \u00e0 l\u2019arri\u00e8re des prolongateurs et ne comportent donc pas de trous de sortie pour les c\u00e2bles. \u00c0 qui s\u2019adressent-ils? Les prolongateurs s\u2019adaptent \u00e0 tout a\u00e9robar con\u00e7u pour un diam\u00e8tre de 22,2 mm.Ils conviennent donc \u00e0 tout cycliste souhaitant am\u00e9liorer le confort de sa position sur les prolongateurs.  Manuel Instructions d'installation des extensions 52 ASA &nbsp;","og_url":"https:\/\/bikefit.lu\/fr\/product\/52-asa-aluminum-extensions\/","og_site_name":"bikefit.lu","article_modified_time":"2025-12-14T11:38:11+00:00","og_image":[{"width":1000,"height":1000,"url":"https:\/\/bikefit.lu\/wp-content\/uploads\/2025\/12\/52ASA_400mm_02_1000x.webp","type":"image\/webp"}],"twitter_card":"summary_large_image","twitter_misc":{"Disponibilit\u00e9":"En stock"},"schema":{"@context":"https:\/\/schema.org","@graph":[{"@type":"WebPage","@id":"https:\/\/bikefit.lu\/fr\/product\/52-asa-aluminum-extensions\/","url":"https:\/\/bikefit.lu\/fr\/product\/52-asa-aluminum-extensions\/","name":"Extensions en aluminium 52 ASA - bikefit.lu","isPartOf":{"@id":"https:\/\/bikefit.lu\/fr\/#website"},"primaryImageOfPage":{"@id":"https:\/\/bikefit.lu\/fr\/product\/52-asa-aluminum-extensions\/#primaryimage"},"image":{"@id":"https:\/\/bikefit.lu\/fr\/product\/52-asa-aluminum-extensions\/#primaryimage"},"thumbnailUrl":"https:\/\/bikefit.lu\/wp-content\/uploads\/2025\/12\/52ASA_400mm_02_1000x.webp","datePublished":"2025-12-11T08:00:26+00:00","dateModified":"2025-12-14T11:38:11+00:00","breadcrumb":{"@id":"https:\/\/bikefit.lu\/fr\/product\/52-asa-aluminum-extensions\/#breadcrumb"},"inLanguage":"fr-FR","potentialAction":[{"@type":"ReadAction","target":["https:\/\/bikefit.lu\/fr\/product\/52-asa-aluminum-extensions\/"]}]},{"@type":"ImageObject","inLanguage":"fr-FR","@id":"https:\/\/bikefit.lu\/fr\/product\/52-asa-aluminum-extensions\/#primaryimage","url":"https:\/\/bikefit.lu\/wp-content\/uploads\/2025\/12\/52ASA_400mm_02_1000x.webp","contentUrl":"https:\/\/bikefit.lu\/wp-content\/uploads\/2025\/12\/52ASA_400mm_02_1000x.webp","width":1000,"height":1000},{"@type":"BreadcrumbList","@id":"https:\/\/bikefit.lu\/fr\/product\/52-asa-aluminum-extensions\/#breadcrumb","itemListElement":[{"@type":"ListItem","position":1,"name":"Home","item":"https:\/\/bikefit.lu\/fr\/"},{"@type":"ListItem","position":2,"name":"Produits","item":"https:\/\/bikefit.lu\/fr\/shop\/"},{"@type":"ListItem","position":3,"name":"Extensions en aluminium 52 ASA"}]},{"@type":"WebSite","@id":"https:\/\/bikefit.lu\/fr\/#website","url":"https:\/\/bikefit.lu\/fr\/","name":"bikefit.lu","description":"IMPROVING CYCLING","publisher":{"@id":"https:\/\/bikefit.lu\/fr\/#\/schema\/person\/379af1263474d2f8cd1f41c2bd90273d"},"potentialAction":[{"@type":"SearchAction","target":{"@type":"EntryPoint","urlTemplate":"https:\/\/bikefit.lu\/fr\/?s={search_term_string}"},"query-input":{"@type":"PropertyValueSpecification","valueRequired":true,"valueName":"search_term_string"}}],"inLanguage":"fr-FR"},{"@type":["Person","Organization"],"@id":"https:\/\/bikefit.lu\/fr\/#\/schema\/person\/379af1263474d2f8cd1f41c2bd90273d","name":"Patrick Guillaume","image":{"@type":"ImageObject","inLanguage":"fr-FR","@id":"https:\/\/bikefit.lu\/wp-content\/uploads\/2024\/12\/cropped-bikefit-logoURL-RGB-jpg.jpg","url":"https:\/\/bikefit.lu\/wp-content\/uploads\/2024\/12\/cropped-bikefit-logoURL-RGB-jpg.jpg","contentUrl":"https:\/\/bikefit.lu\/wp-content\/uploads\/2024\/12\/cropped-bikefit-logoURL-RGB-jpg.jpg","width":512,"height":512,"caption":"Patrick Guillaume"},"logo":{"@id":"https:\/\/bikefit.lu\/wp-content\/uploads\/2024\/12\/cropped-bikefit-logoURL-RGB-jpg.jpg"},"sameAs":["https:\/\/bikefit.lu"],"honorificPrefix":"Mr","birthDate":"1966-11-18","gender":"male","knowsAbout":["Bike-fitting"],"knowsLanguage":["English","French","German","Luxembourgish"]}]},"og_availability":"instock","product_availability":"instock","product_condition":"new"},"_links":{"self":[{"href":"https:\/\/bikefit.lu\/fr\/wp-json\/wp\/v2\/product\/97681","targetHints":{"allow":["GET"]}}],"collection":[{"href":"https:\/\/bikefit.lu\/fr\/wp-json\/wp\/v2\/product"}],"about":[{"href":"https:\/\/bikefit.lu\/fr\/wp-json\/wp\/v2\/types\/product"}],"replies":[{"embeddable":true,"href":"https:\/\/bikefit.lu\/fr\/wp-json\/wp\/v2\/comments?post=97681"}],"version-history":[{"count":0,"href":"https:\/\/bikefit.lu\/fr\/wp-json\/wp\/v2\/product\/97681\/revisions"}],"wp:featuredmedia":[{"embeddable":true,"href":"https:\/\/bikefit.lu\/fr\/wp-json\/wp\/v2\/media\/97704"}],"wp:attachment":[{"href":"https:\/\/bikefit.lu\/fr\/wp-json\/wp\/v2\/media?parent=97681"}],"wp:term":[{"taxonomy":"product_brand","embeddable":true,"href":"https:\/\/bikefit.lu\/fr\/wp-json\/wp\/v2\/product_brand?post=97681"},{"taxonomy":"product_cat","embeddable":true,"href":"https:\/\/bikefit.lu\/fr\/wp-json\/wp\/v2\/product_cat?post=97681"},{"taxonomy":"product_tag","embeddable":true,"href":"https:\/\/bikefit.lu\/fr\/wp-json\/wp\/v2\/product_tag?post=97681"}],"curies":[{"name":"wp","href":"https:\/\/api.w.org\/{rel}","templated":true}]}}