{"id":97751,"date":"2025-12-11T14:29:04","date_gmt":"2025-12-11T13:29:04","guid":{"rendered":"https:\/\/bikefit.lu\/?post_type=product&#038;p=97751"},"modified":"2025-12-14T11:16:19","modified_gmt":"2025-12-14T10:16:19","slug":"coins-wedges-universels-2-a-3-trous-spdsl-look","status":"publish","type":"product","link":"https:\/\/bikefit.lu\/fr\/product\/coins-wedges-universels-2-a-3-trous-spdsl-look\/","title":{"rendered":"Cales universelles 2\u00b0 \u00e0 3 trous (SPDSL, Look, &#8230;)"},"content":{"rendered":"","protected":false},"excerpt":{"rendered":"<div id=\"properties\">&#8211; Les coins sont utilis\u00e9s pour corriger la pronation du pied, augmenter la proprioception et assurer une meilleure stabilit\u00e9 et un meilleur contr\u00f4le lors de la pratique du cyclisme. Ils sont \u00e9galement utilis\u00e9s pour modifier indirectement l&#8217;angle du genou afin de r\u00e9duire les douleurs lat\u00e9rales ou m\u00e9diales du genou associ\u00e9es \u00e0 une mauvaise trajectoire de la jambe.<br \/>\n&#8211; Les coins de cales orientent la chaussure\/le pied du coureur en modifiant l&#8217;angle entre la cale et la chaussure. Chaque cale offre une inclinaison de 2 degr\u00e9s et plusieurs cales peuvent \u00eatre utilis\u00e9es pour obtenir l&#8217;angle souhait\u00e9.<br \/>\n&#8211; L&#8217;id\u00e9al est de placer les coins dans le carde d&#8217;une s\u00e9ance de bike fitting ou lors d&#8217;une \u00e9valuation du p\u00e9dalage et de la puissance. Cependant, ils peuvent \u00e9galement \u00eatre ajust\u00e9s judicieusement par les cyclistes eux-m\u00eames \u00e0 condition que l\u2019exercice soit effectu\u00e9 de mani\u00e8re contr\u00f4l\u00e9e.<br \/>\n* Les coins universels \u00e0 3 trous sont compatibles avec les cales Shimano SPDSL, les cales Look \u00e0 3 trous et les p\u00e9dales Time\/Mavic.<br \/>\n\u2022 N&#8217;oubliez pas les vis si vous commandez des cales individuelles ! Je recommande 2 vis de 10 mm pour un wedge de 2\u00b0 (c\u00f4t\u00e9 haut et avant)<\/div>\n","protected":false},"featured_media":97759,"comment_status":"closed","ping_status":"closed","template":"","meta":[],"product_brand":[],"product_cat":[4826,4785],"product_tag":[4930,5048,5052,5078,5124,5154,5190],"class_list":{"0":"post-97751","1":"product","2":"type-product","3":"status-publish","4":"has-post-thumbnail","6":"product_cat-foot-pedal-interface-fr","7":"product_cat-road-fr","8":"product_tag-3-hole-fr","9":"product_tag-cleat-wedges-fr","10":"product_tag-form-fr","11":"product_tag-look-fr","12":"product_tag-road-fr","13":"product_tag-shimano-fr","14":"product_tag-universel-fr","15":"product_shipping_class-format-xs-fr","17":"first","18":"instock","19":"taxable","20":"shipping-taxable","21":"purchasable","22":"product-type-simple"},"yoast_head":"<!-- This site is optimized with the Yoast SEO Premium plugin v27.3 (Yoast SEO v27.3) - https:\/\/yoast.com\/product\/yoast-seo-premium-wordpress\/ -->\n<title>Cales universelles 2\u00b0 \u00e0 3 trous (SPDSL, Look, ...) - bikefit.lu<\/title>\n<meta name=\"robots\" content=\"index, follow, max-snippet:-1, max-image-preview:large, max-video-preview:-1\" \/>\n<link rel=\"canonical\" href=\"https:\/\/bikefit.lu\/fr\/product\/coins-wedges-universels-2-a-3-trous-spdsl-look\/\" \/>\n<meta property=\"og:locale\" content=\"fr_FR\" \/>\n<meta property=\"og:type\" content=\"article\" \/>\n<meta property=\"og:title\" content=\"Cales universelles 2\u00b0 \u00e0 3 trous (SPDSL, Look, ...)\" \/>\n<meta property=\"og:description\" content=\"- Les coins sont utilis\u00e9s pour corriger la pronation du pied, augmenter la proprioception et assurer une meilleure stabilit\u00e9 et un meilleur contr\u00f4le lors de la pratique du cyclisme. Ils sont \u00e9galement utilis\u00e9s pour modifier indirectement l&#039;angle du genou afin de r\u00e9duire les douleurs lat\u00e9rales ou m\u00e9diales du genou associ\u00e9es \u00e0 une mauvaise trajectoire de la jambe. - Les coins de cales orientent la chaussure\/le pied du coureur en modifiant l&#039;angle entre la cale et la chaussure. Chaque cale offre une inclinaison de 2 degr\u00e9s et plusieurs cales peuvent \u00eatre utilis\u00e9es pour obtenir l&#039;angle souhait\u00e9. - L&#039;id\u00e9al est de placer les coins dans le carde d&#039;une s\u00e9ance de bike fitting ou lors d&#039;une \u00e9valuation du p\u00e9dalage et de la puissance. Cependant, ils peuvent \u00e9galement \u00eatre ajust\u00e9s judicieusement par les cyclistes eux-m\u00eames \u00e0 condition que l\u2019exercice soit effectu\u00e9 de mani\u00e8re contr\u00f4l\u00e9e. * Les coins universels \u00e0 3 trous sont compatibles avec les cales Shimano SPDSL, les cales Look \u00e0 3 trous et les p\u00e9dales Time\/Mavic. \u2022 N&#039;oubliez pas les vis si vous commandez des cales individuelles ! Je recommande 2 vis de 10 mm pour un wedge de 2\u00b0 (c\u00f4t\u00e9 haut et avant)\" \/>\n<meta property=\"og:url\" content=\"https:\/\/bikefit.lu\/fr\/product\/coins-wedges-universels-2-a-3-trous-spdsl-look\/\" \/>\n<meta property=\"og:site_name\" content=\"bikefit.lu\" \/>\n<meta property=\"article:modified_time\" content=\"2025-12-14T10:16:19+00:00\" \/>\n<meta property=\"og:image\" content=\"https:\/\/bikefit.lu\/wp-content\/uploads\/2025\/12\/3-hole-2-degree-cleat-wedge-transparent.webp\" \/>\n\t<meta property=\"og:image:width\" content=\"1200\" \/>\n\t<meta property=\"og:image:height\" content=\"1200\" \/>\n\t<meta property=\"og:image:type\" content=\"image\/webp\" \/>\n<meta name=\"twitter:card\" content=\"summary_large_image\" \/>\n<meta name=\"twitter:label1\" content=\"Prix\" \/>\n\t<meta name=\"twitter:data1\" content=\"3,50&nbsp;&euro;\" \/>\n\t<meta name=\"twitter:label2\" content=\"Disponibilit\u00e9\" \/>\n\t<meta name=\"twitter:data2\" content=\"En stock\" \/>\n<script type=\"application\/ld+json\" class=\"yoast-schema-graph\">{\"@context\":\"https:\\\/\\\/schema.org\",\"@graph\":[{\"@type\":\"WebPage\",\"@id\":\"https:\\\/\\\/bikefit.lu\\\/fr\\\/product\\\/coins-wedges-universels-2-a-3-trous-spdsl-look\\\/\",\"url\":\"https:\\\/\\\/bikefit.lu\\\/fr\\\/product\\\/coins-wedges-universels-2-a-3-trous-spdsl-look\\\/\",\"name\":\"Cales universelles 2\u00b0 \u00e0 3 trous (SPDSL, Look, ...) - bikefit.lu\",\"isPartOf\":{\"@id\":\"https:\\\/\\\/bikefit.lu\\\/fr\\\/#website\"},\"primaryImageOfPage\":{\"@id\":\"https:\\\/\\\/bikefit.lu\\\/fr\\\/product\\\/coins-wedges-universels-2-a-3-trous-spdsl-look\\\/#primaryimage\"},\"image\":{\"@id\":\"https:\\\/\\\/bikefit.lu\\\/fr\\\/product\\\/coins-wedges-universels-2-a-3-trous-spdsl-look\\\/#primaryimage\"},\"thumbnailUrl\":\"https:\\\/\\\/bikefit.lu\\\/wp-content\\\/uploads\\\/2025\\\/12\\\/3-hole-2-degree-cleat-wedge-transparent.webp\",\"datePublished\":\"2025-12-11T13:29:04+00:00\",\"dateModified\":\"2025-12-14T10:16:19+00:00\",\"breadcrumb\":{\"@id\":\"https:\\\/\\\/bikefit.lu\\\/fr\\\/product\\\/coins-wedges-universels-2-a-3-trous-spdsl-look\\\/#breadcrumb\"},\"inLanguage\":\"fr-FR\",\"potentialAction\":[{\"@type\":\"ReadAction\",\"target\":[\"https:\\\/\\\/bikefit.lu\\\/fr\\\/product\\\/coins-wedges-universels-2-a-3-trous-spdsl-look\\\/\"]}]},{\"@type\":\"ImageObject\",\"inLanguage\":\"fr-FR\",\"@id\":\"https:\\\/\\\/bikefit.lu\\\/fr\\\/product\\\/coins-wedges-universels-2-a-3-trous-spdsl-look\\\/#primaryimage\",\"url\":\"https:\\\/\\\/bikefit.lu\\\/wp-content\\\/uploads\\\/2025\\\/12\\\/3-hole-2-degree-cleat-wedge-transparent.webp\",\"contentUrl\":\"https:\\\/\\\/bikefit.lu\\\/wp-content\\\/uploads\\\/2025\\\/12\\\/3-hole-2-degree-cleat-wedge-transparent.webp\",\"width\":1200,\"height\":1200},{\"@type\":\"BreadcrumbList\",\"@id\":\"https:\\\/\\\/bikefit.lu\\\/fr\\\/product\\\/coins-wedges-universels-2-a-3-trous-spdsl-look\\\/#breadcrumb\",\"itemListElement\":[{\"@type\":\"ListItem\",\"position\":1,\"name\":\"Home\",\"item\":\"https:\\\/\\\/bikefit.lu\\\/fr\\\/\"},{\"@type\":\"ListItem\",\"position\":2,\"name\":\"Produits\",\"item\":\"https:\\\/\\\/bikefit.lu\\\/fr\\\/shop\\\/\"},{\"@type\":\"ListItem\",\"position\":3,\"name\":\"Cales universelles 2\u00b0 \u00e0 3 trous (SPDSL, Look, &#8230;)\"}]},{\"@type\":\"WebSite\",\"@id\":\"https:\\\/\\\/bikefit.lu\\\/fr\\\/#website\",\"url\":\"https:\\\/\\\/bikefit.lu\\\/fr\\\/\",\"name\":\"bikefit.lu\",\"description\":\"IMPROVING CYCLING\",\"publisher\":{\"@id\":\"https:\\\/\\\/bikefit.lu\\\/fr\\\/#\\\/schema\\\/person\\\/379af1263474d2f8cd1f41c2bd90273d\"},\"potentialAction\":[{\"@type\":\"SearchAction\",\"target\":{\"@type\":\"EntryPoint\",\"urlTemplate\":\"https:\\\/\\\/bikefit.lu\\\/fr\\\/?s={search_term_string}\"},\"query-input\":{\"@type\":\"PropertyValueSpecification\",\"valueRequired\":true,\"valueName\":\"search_term_string\"}}],\"inLanguage\":\"fr-FR\"},{\"@type\":[\"Person\",\"Organization\"],\"@id\":\"https:\\\/\\\/bikefit.lu\\\/fr\\\/#\\\/schema\\\/person\\\/379af1263474d2f8cd1f41c2bd90273d\",\"name\":\"Patrick Guillaume\",\"image\":{\"@type\":\"ImageObject\",\"inLanguage\":\"fr-FR\",\"@id\":\"https:\\\/\\\/bikefit.lu\\\/wp-content\\\/uploads\\\/2024\\\/12\\\/cropped-bikefit-logoURL-RGB-jpg.jpg\",\"url\":\"https:\\\/\\\/bikefit.lu\\\/wp-content\\\/uploads\\\/2024\\\/12\\\/cropped-bikefit-logoURL-RGB-jpg.jpg\",\"contentUrl\":\"https:\\\/\\\/bikefit.lu\\\/wp-content\\\/uploads\\\/2024\\\/12\\\/cropped-bikefit-logoURL-RGB-jpg.jpg\",\"width\":512,\"height\":512,\"caption\":\"Patrick Guillaume\"},\"logo\":{\"@id\":\"https:\\\/\\\/bikefit.lu\\\/wp-content\\\/uploads\\\/2024\\\/12\\\/cropped-bikefit-logoURL-RGB-jpg.jpg\"},\"sameAs\":[\"https:\\\/\\\/bikefit.lu\"],\"honorificPrefix\":\"Mr\",\"birthDate\":\"1966-11-18\",\"gender\":\"male\",\"knowsAbout\":[\"Bike-fitting\"],\"knowsLanguage\":[\"English\",\"French\",\"German\",\"Luxembourgish\"]}]}<\/script>\n<meta property=\"product:price:amount\" content=\"3.50\" \/>\n<meta property=\"product:price:currency\" content=\"EUR\" \/>\n<meta property=\"og:availability\" content=\"instock\" \/>\n<meta property=\"product:availability\" content=\"instock\" \/>\n<meta property=\"product:condition\" content=\"new\" \/>\n<!-- \/ Yoast SEO Premium plugin. -->","yoast_head_json":{"title":"Cales universelles 2\u00b0 \u00e0 3 trous (SPDSL, Look, ...) - bikefit.lu","robots":{"index":"index","follow":"follow","max-snippet":"max-snippet:-1","max-image-preview":"max-image-preview:large","max-video-preview":"max-video-preview:-1"},"canonical":"https:\/\/bikefit.lu\/fr\/product\/coins-wedges-universels-2-a-3-trous-spdsl-look\/","og_locale":"fr_FR","og_type":"article","og_title":"Cales universelles 2\u00b0 \u00e0 3 trous (SPDSL, Look, ...)","og_description":"- Les coins sont utilis\u00e9s pour corriger la pronation du pied, augmenter la proprioception et assurer une meilleure stabilit\u00e9 et un meilleur contr\u00f4le lors de la pratique du cyclisme. Ils sont \u00e9galement utilis\u00e9s pour modifier indirectement l'angle du genou afin de r\u00e9duire les douleurs lat\u00e9rales ou m\u00e9diales du genou associ\u00e9es \u00e0 une mauvaise trajectoire de la jambe. - Les coins de cales orientent la chaussure\/le pied du coureur en modifiant l'angle entre la cale et la chaussure. Chaque cale offre une inclinaison de 2 degr\u00e9s et plusieurs cales peuvent \u00eatre utilis\u00e9es pour obtenir l'angle souhait\u00e9. - L'id\u00e9al est de placer les coins dans le carde d'une s\u00e9ance de bike fitting ou lors d'une \u00e9valuation du p\u00e9dalage et de la puissance. Cependant, ils peuvent \u00e9galement \u00eatre ajust\u00e9s judicieusement par les cyclistes eux-m\u00eames \u00e0 condition que l\u2019exercice soit effectu\u00e9 de mani\u00e8re contr\u00f4l\u00e9e. * Les coins universels \u00e0 3 trous sont compatibles avec les cales Shimano SPDSL, les cales Look \u00e0 3 trous et les p\u00e9dales Time\/Mavic. \u2022 N'oubliez pas les vis si vous commandez des cales individuelles ! Je recommande 2 vis de 10 mm pour un wedge de 2\u00b0 (c\u00f4t\u00e9 haut et avant)","og_url":"https:\/\/bikefit.lu\/fr\/product\/coins-wedges-universels-2-a-3-trous-spdsl-look\/","og_site_name":"bikefit.lu","article_modified_time":"2025-12-14T10:16:19+00:00","og_image":[{"width":1200,"height":1200,"url":"https:\/\/bikefit.lu\/wp-content\/uploads\/2025\/12\/3-hole-2-degree-cleat-wedge-transparent.webp","type":"image\/webp"}],"twitter_card":"summary_large_image","twitter_misc":{"Prix":"3,50&nbsp;&euro;","Disponibilit\u00e9":"En stock"},"schema":{"@context":"https:\/\/schema.org","@graph":[{"@type":"WebPage","@id":"https:\/\/bikefit.lu\/fr\/product\/coins-wedges-universels-2-a-3-trous-spdsl-look\/","url":"https:\/\/bikefit.lu\/fr\/product\/coins-wedges-universels-2-a-3-trous-spdsl-look\/","name":"Cales universelles 2\u00b0 \u00e0 3 trous (SPDSL, Look, ...) - bikefit.lu","isPartOf":{"@id":"https:\/\/bikefit.lu\/fr\/#website"},"primaryImageOfPage":{"@id":"https:\/\/bikefit.lu\/fr\/product\/coins-wedges-universels-2-a-3-trous-spdsl-look\/#primaryimage"},"image":{"@id":"https:\/\/bikefit.lu\/fr\/product\/coins-wedges-universels-2-a-3-trous-spdsl-look\/#primaryimage"},"thumbnailUrl":"https:\/\/bikefit.lu\/wp-content\/uploads\/2025\/12\/3-hole-2-degree-cleat-wedge-transparent.webp","datePublished":"2025-12-11T13:29:04+00:00","dateModified":"2025-12-14T10:16:19+00:00","breadcrumb":{"@id":"https:\/\/bikefit.lu\/fr\/product\/coins-wedges-universels-2-a-3-trous-spdsl-look\/#breadcrumb"},"inLanguage":"fr-FR","potentialAction":[{"@type":"ReadAction","target":["https:\/\/bikefit.lu\/fr\/product\/coins-wedges-universels-2-a-3-trous-spdsl-look\/"]}]},{"@type":"ImageObject","inLanguage":"fr-FR","@id":"https:\/\/bikefit.lu\/fr\/product\/coins-wedges-universels-2-a-3-trous-spdsl-look\/#primaryimage","url":"https:\/\/bikefit.lu\/wp-content\/uploads\/2025\/12\/3-hole-2-degree-cleat-wedge-transparent.webp","contentUrl":"https:\/\/bikefit.lu\/wp-content\/uploads\/2025\/12\/3-hole-2-degree-cleat-wedge-transparent.webp","width":1200,"height":1200},{"@type":"BreadcrumbList","@id":"https:\/\/bikefit.lu\/fr\/product\/coins-wedges-universels-2-a-3-trous-spdsl-look\/#breadcrumb","itemListElement":[{"@type":"ListItem","position":1,"name":"Home","item":"https:\/\/bikefit.lu\/fr\/"},{"@type":"ListItem","position":2,"name":"Produits","item":"https:\/\/bikefit.lu\/fr\/shop\/"},{"@type":"ListItem","position":3,"name":"Cales universelles 2\u00b0 \u00e0 3 trous (SPDSL, Look, &#8230;)"}]},{"@type":"WebSite","@id":"https:\/\/bikefit.lu\/fr\/#website","url":"https:\/\/bikefit.lu\/fr\/","name":"bikefit.lu","description":"IMPROVING CYCLING","publisher":{"@id":"https:\/\/bikefit.lu\/fr\/#\/schema\/person\/379af1263474d2f8cd1f41c2bd90273d"},"potentialAction":[{"@type":"SearchAction","target":{"@type":"EntryPoint","urlTemplate":"https:\/\/bikefit.lu\/fr\/?s={search_term_string}"},"query-input":{"@type":"PropertyValueSpecification","valueRequired":true,"valueName":"search_term_string"}}],"inLanguage":"fr-FR"},{"@type":["Person","Organization"],"@id":"https:\/\/bikefit.lu\/fr\/#\/schema\/person\/379af1263474d2f8cd1f41c2bd90273d","name":"Patrick Guillaume","image":{"@type":"ImageObject","inLanguage":"fr-FR","@id":"https:\/\/bikefit.lu\/wp-content\/uploads\/2024\/12\/cropped-bikefit-logoURL-RGB-jpg.jpg","url":"https:\/\/bikefit.lu\/wp-content\/uploads\/2024\/12\/cropped-bikefit-logoURL-RGB-jpg.jpg","contentUrl":"https:\/\/bikefit.lu\/wp-content\/uploads\/2024\/12\/cropped-bikefit-logoURL-RGB-jpg.jpg","width":512,"height":512,"caption":"Patrick Guillaume"},"logo":{"@id":"https:\/\/bikefit.lu\/wp-content\/uploads\/2024\/12\/cropped-bikefit-logoURL-RGB-jpg.jpg"},"sameAs":["https:\/\/bikefit.lu"],"honorificPrefix":"Mr","birthDate":"1966-11-18","gender":"male","knowsAbout":["Bike-fitting"],"knowsLanguage":["English","French","German","Luxembourgish"]}]},"product_price_amount":"3.50","product_price_currency":"EUR","og_availability":"instock","product_availability":"instock","product_condition":"new"},"_links":{"self":[{"href":"https:\/\/bikefit.lu\/fr\/wp-json\/wp\/v2\/product\/97751","targetHints":{"allow":["GET"]}}],"collection":[{"href":"https:\/\/bikefit.lu\/fr\/wp-json\/wp\/v2\/product"}],"about":[{"href":"https:\/\/bikefit.lu\/fr\/wp-json\/wp\/v2\/types\/product"}],"replies":[{"embeddable":true,"href":"https:\/\/bikefit.lu\/fr\/wp-json\/wp\/v2\/comments?post=97751"}],"version-history":[{"count":0,"href":"https:\/\/bikefit.lu\/fr\/wp-json\/wp\/v2\/product\/97751\/revisions"}],"wp:featuredmedia":[{"embeddable":true,"href":"https:\/\/bikefit.lu\/fr\/wp-json\/wp\/v2\/media\/97759"}],"wp:attachment":[{"href":"https:\/\/bikefit.lu\/fr\/wp-json\/wp\/v2\/media?parent=97751"}],"wp:term":[{"taxonomy":"product_brand","embeddable":true,"href":"https:\/\/bikefit.lu\/fr\/wp-json\/wp\/v2\/product_brand?post=97751"},{"taxonomy":"product_cat","embeddable":true,"href":"https:\/\/bikefit.lu\/fr\/wp-json\/wp\/v2\/product_cat?post=97751"},{"taxonomy":"product_tag","embeddable":true,"href":"https:\/\/bikefit.lu\/fr\/wp-json\/wp\/v2\/product_tag?post=97751"}],"curies":[{"name":"wp","href":"https:\/\/api.w.org\/{rel}","templated":true}]}}