{"id":97780,"date":"2025-07-06T21:28:42","date_gmt":"2025-07-06T19:28:42","guid":{"rendered":"https:\/\/bikefit.lu\/product\/lorethree-legend-pro-road\/"},"modified":"2026-02-16T08:21:48","modified_gmt":"2026-02-16T07:21:48","slug":"lorethree-legend-pro-road","status":"publish","type":"product","link":"https:\/\/bikefit.lu\/fr\/product\/lorethree-legend-pro-road\/","title":{"rendered":"LoreThree Legend Pro Road"},"content":{"rendered":"<p><span style=\"font-weight: 300;\">Sp\u00e9cifications techniques&nbsp;:<\/span><\/p>\n<ul>\n<li style=\"font-weight: 300;\" aria-level=\"1\"><span style=\"font-weight: 300;\">Tige&nbsp;: U-Top imprim\u00e9e sur mesure<\/span><\/li>\n<li style=\"font-weight: 300;\" aria-level=\"1\"><span style=\"font-weight: 300;\">Semelle plantaire&nbsp;: Entretoises personnalis\u00e9es en fibre de carbone continue<\/span><\/li>\n<li style=\"font-weight: 300;\" aria-level=\"1\"><span style=\"font-weight: 300;\">Semelle int\u00e9rieure&nbsp;: Semelle int\u00e9rieure en EVA avec couche sup\u00e9rieure douce en microfibre antimicrobienne<\/span><\/li>\n<li style=\"font-weight: 300;\" aria-level=\"1\"><span style=\"font-weight: 300;\">Poids&nbsp;: ~330&nbsp;g, pointure US 10 (le poids varie en fonction de l\u2019anatomie du pied de chaque personne) <\/span><\/li>\n<\/ul>\n","protected":false},"excerpt":{"rendered":"<h1>LoreThree Legend Pro Road<\/h1>\n<p>La Legend Pro Route offre une excellente coupe basse enti\u00e8rement personnalis\u00e9e avec des panneaux de puissance dorsaux personnalis\u00e9s. Vous profiterez d\u2019une zone d\u2019orteils, d\u2019un contrefort de talon et d\u2019une tige parfaitement sculpt\u00e9s qui r\u00e9solvent la plupart des probl\u00e8mes d\u2019ajustement. Une plus grande transmission de puissance est disponible pour les gros efforts (\u00e9chapp\u00e9es, poursuites d\u2019\u00e9chapp\u00e9es, sprints) que toute autre chaussure sur le march\u00e9.  <\/p>\n<p>Chaque paire de LoreThree est fabriqu\u00e9e sur commande et enti\u00e8rement personnalis\u00e9e pour le cycliste. La chaussure pr\u00e9sente de nombreuses conceptions en instance de brevet et des avanc\u00e9es de fabrication pour faciliter la fonction biom\u00e9canique naturelle et le confort. <\/p>\n<p>Les chaussures personnalis\u00e9es sont con\u00e7ues, imprim\u00e9es et assembl\u00e9es sur demande \u00e0 Salt Lake City, puis exp\u00e9di\u00e9es dans le monde entier.<\/p>\n<p style=\"text-align: center;\"><strong><a href=\"https:\/\/bikefit.lu\/fr\/chaussures-lore\">En savoir plus<\/a><\/strong><\/p>\n<p><span style=\"font-weight: 300;\">Processus&nbsp;:<\/span><\/p>\n<ul>\n<li style=\"font-weight: 300;\" aria-level=\"1\"><span style=\"font-weight: 300;\">Pour fabriquer une LoreThree, nous devons commencer par r\u00e9aliser une num\u00e9risation num\u00e9rique haute r\u00e9solution de vos pieds ici au studio d&#8217;essayage, une op\u00e9ration qui prend moins de 10 minutes. Prenez rendez-vous avec nous pour \u00eatre scann\u00e9 et nous passerons votre commande de LoreThree sur place ou plus tard si vous pr\u00e9f\u00e9rez y r\u00e9fl\u00e9chir. Sans engagement.   <\/span><\/li>\n<\/ul>\n","protected":false},"featured_media":97775,"comment_status":"closed","ping_status":"closed","template":"","meta":[],"product_brand":[],"product_cat":[5813,5814],"product_tag":[4930,4933,5193,5815,5124,5183,5178],"class_list":{"0":"post-97780","1":"product","2":"type-product","3":"status-publish","4":"has-post-thumbnail","6":"product_cat-chaussures-lore","7":"product_cat-route","8":"product_tag-3-hole-fr","9":"product_tag-4-hole-fr","10":"product_tag-contre-la-montre","11":"product_tag-lorethree","12":"product_tag-road-fr","13":"product_tag-triathlon-fr","14":"product_tag-ultra-cycling-fr","15":"pa_color-blanc","16":"pa_color-noir","17":"pa_color-slate","19":"first","20":"onbackorder","21":"taxable","22":"shipping-taxable","23":"purchasable","24":"product-type-simple"},"yoast_head":"<!-- This site is optimized with the Yoast SEO Premium plugin v27.3 (Yoast SEO v27.3) - https:\/\/yoast.com\/product\/yoast-seo-premium-wordpress\/ -->\n<title>LoreThree Legend Pro Road - bikefit.lu<\/title>\n<meta name=\"robots\" content=\"index, follow, max-snippet:-1, max-image-preview:large, max-video-preview:-1\" \/>\n<link rel=\"canonical\" href=\"https:\/\/bikefit.lu\/fr\/product\/lorethree-legend-pro-road\/\" \/>\n<meta property=\"og:locale\" content=\"fr_FR\" \/>\n<meta property=\"og:type\" content=\"article\" \/>\n<meta property=\"og:title\" content=\"LoreThree Legend Pro Road\" \/>\n<meta property=\"og:description\" content=\"LoreThree Legend Pro Road La Legend Pro Route offre une excellente coupe basse enti\u00e8rement personnalis\u00e9e avec des panneaux de puissance dorsaux personnalis\u00e9s. Vous profiterez d\u2019une zone d\u2019orteils, d\u2019un contrefort de talon et d\u2019une tige parfaitement sculpt\u00e9s qui r\u00e9solvent la plupart des probl\u00e8mes d\u2019ajustement. Une plus grande transmission de puissance est disponible pour les gros efforts (\u00e9chapp\u00e9es, poursuites d\u2019\u00e9chapp\u00e9es, sprints) que toute autre chaussure sur le march\u00e9.  Chaque paire de LoreThree est fabriqu\u00e9e sur commande et enti\u00e8rement personnalis\u00e9e pour le cycliste. La chaussure pr\u00e9sente de nombreuses conceptions en instance de brevet et des avanc\u00e9es de fabrication pour faciliter la fonction biom\u00e9canique naturelle et le confort.  Les chaussures personnalis\u00e9es sont con\u00e7ues, imprim\u00e9es et assembl\u00e9es sur demande \u00e0 Salt Lake City, puis exp\u00e9di\u00e9es dans le monde entier. En savoir plus Processus&nbsp;:  Pour fabriquer une LoreThree, nous devons commencer par r\u00e9aliser une num\u00e9risation num\u00e9rique haute r\u00e9solution de vos pieds ici au studio d&#039;essayage, une op\u00e9ration qui prend moins de 10 minutes. Prenez rendez-vous avec nous pour \u00eatre scann\u00e9 et nous passerons votre commande de LoreThree sur place ou plus tard si vous pr\u00e9f\u00e9rez y r\u00e9fl\u00e9chir. Sans engagement.\" \/>\n<meta property=\"og:url\" content=\"https:\/\/bikefit.lu\/fr\/product\/lorethree-legend-pro-road\/\" \/>\n<meta property=\"og:site_name\" content=\"bikefit.lu\" \/>\n<meta property=\"article:modified_time\" content=\"2026-02-16T07:21:48+00:00\" \/>\n<meta property=\"og:image\" content=\"https:\/\/bikefit.lu\/wp-content\/uploads\/2025\/07\/Legends-Pro-White-Pair.webp\" \/>\n\t<meta property=\"og:image:width\" content=\"1920\" \/>\n\t<meta property=\"og:image:height\" content=\"1920\" \/>\n\t<meta property=\"og:image:type\" content=\"image\/webp\" \/>\n<meta name=\"twitter:card\" content=\"summary_large_image\" \/>\n<meta name=\"twitter:label1\" content=\"Prix\" \/>\n\t<meta name=\"twitter:data1\" content=\"1.425,00&nbsp;&euro;\" \/>\n\t<meta name=\"twitter:label2\" content=\"Disponibilit\u00e9\" \/>\n\t<meta name=\"twitter:data2\" content=\"En r\u00e9assort\" \/>\n<script type=\"application\/ld+json\" class=\"yoast-schema-graph\">{\"@context\":\"https:\\\/\\\/schema.org\",\"@graph\":[{\"@type\":\"WebPage\",\"@id\":\"https:\\\/\\\/bikefit.lu\\\/fr\\\/product\\\/lorethree-legend-pro-road\\\/\",\"url\":\"https:\\\/\\\/bikefit.lu\\\/fr\\\/product\\\/lorethree-legend-pro-road\\\/\",\"name\":\"LoreThree Legend Pro Road - bikefit.lu\",\"isPartOf\":{\"@id\":\"https:\\\/\\\/bikefit.lu\\\/fr\\\/#website\"},\"primaryImageOfPage\":{\"@id\":\"https:\\\/\\\/bikefit.lu\\\/fr\\\/product\\\/lorethree-legend-pro-road\\\/#primaryimage\"},\"image\":{\"@id\":\"https:\\\/\\\/bikefit.lu\\\/fr\\\/product\\\/lorethree-legend-pro-road\\\/#primaryimage\"},\"thumbnailUrl\":\"https:\\\/\\\/bikefit.lu\\\/wp-content\\\/uploads\\\/2025\\\/07\\\/Legends-Pro-White-Pair.webp\",\"datePublished\":\"2025-07-06T19:28:42+00:00\",\"dateModified\":\"2026-02-16T07:21:48+00:00\",\"breadcrumb\":{\"@id\":\"https:\\\/\\\/bikefit.lu\\\/fr\\\/product\\\/lorethree-legend-pro-road\\\/#breadcrumb\"},\"inLanguage\":\"fr-FR\",\"potentialAction\":[{\"@type\":\"ReadAction\",\"target\":[\"https:\\\/\\\/bikefit.lu\\\/fr\\\/product\\\/lorethree-legend-pro-road\\\/\"]}]},{\"@type\":\"ImageObject\",\"inLanguage\":\"fr-FR\",\"@id\":\"https:\\\/\\\/bikefit.lu\\\/fr\\\/product\\\/lorethree-legend-pro-road\\\/#primaryimage\",\"url\":\"https:\\\/\\\/bikefit.lu\\\/wp-content\\\/uploads\\\/2025\\\/07\\\/Legends-Pro-White-Pair.webp\",\"contentUrl\":\"https:\\\/\\\/bikefit.lu\\\/wp-content\\\/uploads\\\/2025\\\/07\\\/Legends-Pro-White-Pair.webp\",\"width\":1920,\"height\":1920},{\"@type\":\"BreadcrumbList\",\"@id\":\"https:\\\/\\\/bikefit.lu\\\/fr\\\/product\\\/lorethree-legend-pro-road\\\/#breadcrumb\",\"itemListElement\":[{\"@type\":\"ListItem\",\"position\":1,\"name\":\"Home\",\"item\":\"https:\\\/\\\/bikefit.lu\\\/fr\\\/\"},{\"@type\":\"ListItem\",\"position\":2,\"name\":\"Produits\",\"item\":\"https:\\\/\\\/bikefit.lu\\\/fr\\\/shop\\\/\"},{\"@type\":\"ListItem\",\"position\":3,\"name\":\"LoreThree Legend Pro Road\"}]},{\"@type\":\"WebSite\",\"@id\":\"https:\\\/\\\/bikefit.lu\\\/fr\\\/#website\",\"url\":\"https:\\\/\\\/bikefit.lu\\\/fr\\\/\",\"name\":\"bikefit.lu\",\"description\":\"IMPROVING CYCLING\",\"publisher\":{\"@id\":\"https:\\\/\\\/bikefit.lu\\\/fr\\\/#\\\/schema\\\/person\\\/379af1263474d2f8cd1f41c2bd90273d\"},\"potentialAction\":[{\"@type\":\"SearchAction\",\"target\":{\"@type\":\"EntryPoint\",\"urlTemplate\":\"https:\\\/\\\/bikefit.lu\\\/fr\\\/?s={search_term_string}\"},\"query-input\":{\"@type\":\"PropertyValueSpecification\",\"valueRequired\":true,\"valueName\":\"search_term_string\"}}],\"inLanguage\":\"fr-FR\"},{\"@type\":[\"Person\",\"Organization\"],\"@id\":\"https:\\\/\\\/bikefit.lu\\\/fr\\\/#\\\/schema\\\/person\\\/379af1263474d2f8cd1f41c2bd90273d\",\"name\":\"Patrick Guillaume\",\"image\":{\"@type\":\"ImageObject\",\"inLanguage\":\"fr-FR\",\"@id\":\"https:\\\/\\\/bikefit.lu\\\/wp-content\\\/uploads\\\/2024\\\/12\\\/cropped-bikefit-logoURL-RGB-jpg.jpg\",\"url\":\"https:\\\/\\\/bikefit.lu\\\/wp-content\\\/uploads\\\/2024\\\/12\\\/cropped-bikefit-logoURL-RGB-jpg.jpg\",\"contentUrl\":\"https:\\\/\\\/bikefit.lu\\\/wp-content\\\/uploads\\\/2024\\\/12\\\/cropped-bikefit-logoURL-RGB-jpg.jpg\",\"width\":512,\"height\":512,\"caption\":\"Patrick Guillaume\"},\"logo\":{\"@id\":\"https:\\\/\\\/bikefit.lu\\\/wp-content\\\/uploads\\\/2024\\\/12\\\/cropped-bikefit-logoURL-RGB-jpg.jpg\"},\"sameAs\":[\"https:\\\/\\\/bikefit.lu\"],\"honorificPrefix\":\"Mr\",\"birthDate\":\"1966-11-18\",\"gender\":\"male\",\"knowsAbout\":[\"Bike-fitting\"],\"knowsLanguage\":[\"English\",\"French\",\"German\",\"Luxembourgish\"]}]}<\/script>\n<meta property=\"product:price:amount\" content=\"1425.00\" \/>\n<meta property=\"product:price:currency\" content=\"EUR\" \/>\n<meta property=\"og:availability\" content=\"backorder\" \/>\n<meta property=\"product:availability\" content=\"available for order\" \/>\n<meta property=\"product:condition\" content=\"new\" \/>\n<!-- \/ Yoast SEO Premium plugin. -->","yoast_head_json":{"title":"LoreThree Legend Pro Road - bikefit.lu","robots":{"index":"index","follow":"follow","max-snippet":"max-snippet:-1","max-image-preview":"max-image-preview:large","max-video-preview":"max-video-preview:-1"},"canonical":"https:\/\/bikefit.lu\/fr\/product\/lorethree-legend-pro-road\/","og_locale":"fr_FR","og_type":"article","og_title":"LoreThree Legend Pro Road","og_description":"LoreThree Legend Pro Road La Legend Pro Route offre une excellente coupe basse enti\u00e8rement personnalis\u00e9e avec des panneaux de puissance dorsaux personnalis\u00e9s. Vous profiterez d\u2019une zone d\u2019orteils, d\u2019un contrefort de talon et d\u2019une tige parfaitement sculpt\u00e9s qui r\u00e9solvent la plupart des probl\u00e8mes d\u2019ajustement. Une plus grande transmission de puissance est disponible pour les gros efforts (\u00e9chapp\u00e9es, poursuites d\u2019\u00e9chapp\u00e9es, sprints) que toute autre chaussure sur le march\u00e9.  Chaque paire de LoreThree est fabriqu\u00e9e sur commande et enti\u00e8rement personnalis\u00e9e pour le cycliste. La chaussure pr\u00e9sente de nombreuses conceptions en instance de brevet et des avanc\u00e9es de fabrication pour faciliter la fonction biom\u00e9canique naturelle et le confort.  Les chaussures personnalis\u00e9es sont con\u00e7ues, imprim\u00e9es et assembl\u00e9es sur demande \u00e0 Salt Lake City, puis exp\u00e9di\u00e9es dans le monde entier. En savoir plus Processus&nbsp;:  Pour fabriquer une LoreThree, nous devons commencer par r\u00e9aliser une num\u00e9risation num\u00e9rique haute r\u00e9solution de vos pieds ici au studio d'essayage, une op\u00e9ration qui prend moins de 10 minutes. Prenez rendez-vous avec nous pour \u00eatre scann\u00e9 et nous passerons votre commande de LoreThree sur place ou plus tard si vous pr\u00e9f\u00e9rez y r\u00e9fl\u00e9chir. Sans engagement.","og_url":"https:\/\/bikefit.lu\/fr\/product\/lorethree-legend-pro-road\/","og_site_name":"bikefit.lu","article_modified_time":"2026-02-16T07:21:48+00:00","og_image":[{"width":1920,"height":1920,"url":"https:\/\/bikefit.lu\/wp-content\/uploads\/2025\/07\/Legends-Pro-White-Pair.webp","type":"image\/webp"}],"twitter_card":"summary_large_image","twitter_misc":{"Prix":"1.425,00&nbsp;&euro;","Disponibilit\u00e9":"En r\u00e9assort"},"schema":{"@context":"https:\/\/schema.org","@graph":[{"@type":"WebPage","@id":"https:\/\/bikefit.lu\/fr\/product\/lorethree-legend-pro-road\/","url":"https:\/\/bikefit.lu\/fr\/product\/lorethree-legend-pro-road\/","name":"LoreThree Legend Pro Road - bikefit.lu","isPartOf":{"@id":"https:\/\/bikefit.lu\/fr\/#website"},"primaryImageOfPage":{"@id":"https:\/\/bikefit.lu\/fr\/product\/lorethree-legend-pro-road\/#primaryimage"},"image":{"@id":"https:\/\/bikefit.lu\/fr\/product\/lorethree-legend-pro-road\/#primaryimage"},"thumbnailUrl":"https:\/\/bikefit.lu\/wp-content\/uploads\/2025\/07\/Legends-Pro-White-Pair.webp","datePublished":"2025-07-06T19:28:42+00:00","dateModified":"2026-02-16T07:21:48+00:00","breadcrumb":{"@id":"https:\/\/bikefit.lu\/fr\/product\/lorethree-legend-pro-road\/#breadcrumb"},"inLanguage":"fr-FR","potentialAction":[{"@type":"ReadAction","target":["https:\/\/bikefit.lu\/fr\/product\/lorethree-legend-pro-road\/"]}]},{"@type":"ImageObject","inLanguage":"fr-FR","@id":"https:\/\/bikefit.lu\/fr\/product\/lorethree-legend-pro-road\/#primaryimage","url":"https:\/\/bikefit.lu\/wp-content\/uploads\/2025\/07\/Legends-Pro-White-Pair.webp","contentUrl":"https:\/\/bikefit.lu\/wp-content\/uploads\/2025\/07\/Legends-Pro-White-Pair.webp","width":1920,"height":1920},{"@type":"BreadcrumbList","@id":"https:\/\/bikefit.lu\/fr\/product\/lorethree-legend-pro-road\/#breadcrumb","itemListElement":[{"@type":"ListItem","position":1,"name":"Home","item":"https:\/\/bikefit.lu\/fr\/"},{"@type":"ListItem","position":2,"name":"Produits","item":"https:\/\/bikefit.lu\/fr\/shop\/"},{"@type":"ListItem","position":3,"name":"LoreThree Legend Pro Road"}]},{"@type":"WebSite","@id":"https:\/\/bikefit.lu\/fr\/#website","url":"https:\/\/bikefit.lu\/fr\/","name":"bikefit.lu","description":"IMPROVING CYCLING","publisher":{"@id":"https:\/\/bikefit.lu\/fr\/#\/schema\/person\/379af1263474d2f8cd1f41c2bd90273d"},"potentialAction":[{"@type":"SearchAction","target":{"@type":"EntryPoint","urlTemplate":"https:\/\/bikefit.lu\/fr\/?s={search_term_string}"},"query-input":{"@type":"PropertyValueSpecification","valueRequired":true,"valueName":"search_term_string"}}],"inLanguage":"fr-FR"},{"@type":["Person","Organization"],"@id":"https:\/\/bikefit.lu\/fr\/#\/schema\/person\/379af1263474d2f8cd1f41c2bd90273d","name":"Patrick Guillaume","image":{"@type":"ImageObject","inLanguage":"fr-FR","@id":"https:\/\/bikefit.lu\/wp-content\/uploads\/2024\/12\/cropped-bikefit-logoURL-RGB-jpg.jpg","url":"https:\/\/bikefit.lu\/wp-content\/uploads\/2024\/12\/cropped-bikefit-logoURL-RGB-jpg.jpg","contentUrl":"https:\/\/bikefit.lu\/wp-content\/uploads\/2024\/12\/cropped-bikefit-logoURL-RGB-jpg.jpg","width":512,"height":512,"caption":"Patrick Guillaume"},"logo":{"@id":"https:\/\/bikefit.lu\/wp-content\/uploads\/2024\/12\/cropped-bikefit-logoURL-RGB-jpg.jpg"},"sameAs":["https:\/\/bikefit.lu"],"honorificPrefix":"Mr","birthDate":"1966-11-18","gender":"male","knowsAbout":["Bike-fitting"],"knowsLanguage":["English","French","German","Luxembourgish"]}]},"product_price_amount":"1425.00","product_price_currency":"EUR","og_availability":"backorder","product_availability":"available for order","product_condition":"new"},"_links":{"self":[{"href":"https:\/\/bikefit.lu\/fr\/wp-json\/wp\/v2\/product\/97780","targetHints":{"allow":["GET"]}}],"collection":[{"href":"https:\/\/bikefit.lu\/fr\/wp-json\/wp\/v2\/product"}],"about":[{"href":"https:\/\/bikefit.lu\/fr\/wp-json\/wp\/v2\/types\/product"}],"replies":[{"embeddable":true,"href":"https:\/\/bikefit.lu\/fr\/wp-json\/wp\/v2\/comments?post=97780"}],"version-history":[{"count":0,"href":"https:\/\/bikefit.lu\/fr\/wp-json\/wp\/v2\/product\/97780\/revisions"}],"wp:featuredmedia":[{"embeddable":true,"href":"https:\/\/bikefit.lu\/fr\/wp-json\/wp\/v2\/media\/97775"}],"wp:attachment":[{"href":"https:\/\/bikefit.lu\/fr\/wp-json\/wp\/v2\/media?parent=97780"}],"wp:term":[{"taxonomy":"product_brand","embeddable":true,"href":"https:\/\/bikefit.lu\/fr\/wp-json\/wp\/v2\/product_brand?post=97780"},{"taxonomy":"product_cat","embeddable":true,"href":"https:\/\/bikefit.lu\/fr\/wp-json\/wp\/v2\/product_cat?post=97780"},{"taxonomy":"product_tag","embeddable":true,"href":"https:\/\/bikefit.lu\/fr\/wp-json\/wp\/v2\/product_tag?post=97780"}],"curies":[{"name":"wp","href":"https:\/\/api.w.org\/{rel}","templated":true}]}}