{"id":97823,"date":"2025-12-14T11:23:12","date_gmt":"2025-12-14T10:23:12","guid":{"rendered":"https:\/\/bikefit.lu\/?post_type=product&#038;p=97823"},"modified":"2025-12-14T11:52:46","modified_gmt":"2025-12-14T10:52:46","slug":"aerobar-armrest-pad-wedge-kit","status":"publish","type":"product","link":"https:\/\/bikefit.lu\/fr\/product\/aerobar-armrest-pad-wedge-kit\/","title":{"rendered":"Kit de coins pour repose-bras d&#8217;a\u00e9robar"},"content":{"rendered":"<h5><span style=\"font-size: 12pt;\">Sp\u00e9cifications techniques<\/span><\/h5>\n<ul>\n<li><strong>Rehausse\u00a0:<\/strong> Kits de 10\u00ba ou 15\u00ba (kits vendus s\u00e9par\u00e9ment)<\/li>\n<li data-mce-fragment=\"1\"><strong data-mce-fragment=\"1\">Dimension\u00a0:<\/strong> D\u00e9port de 12,5\u00a0mm par c\u00f4t\u00e9 pour ajuster pr\u00e9cis\u00e9ment la largeur des repose-bras<\/li>\n<li><b>Compatibilit\u00e9\u00a0:<\/b> Compatible avec les prolongateurs de cintre dont les boulons M5 sont espac\u00e9s de 13\u00a0mm \u00e0 26\u00a0mm (d&#8217;avant en arri\u00e8re)<\/li>\n<li><b>Inclus :<\/b> Boulons de coins M5<\/li>\n<\/ul>\n","protected":false},"excerpt":{"rendered":"<p>Bien que tous les a\u00e9robares Profile Design actuels soient \u00e9quip\u00e9s de la possibilit\u00e9 d&#8217;inclinaison, on ne peut pas en dire autant des autres produits sur le march\u00e9.<\/p>\n<p>Par cons\u00e9quent, Profile Design a con\u00e7u ces kits de cales pour permettre aux cyclistes d&#8217;incliner leurs repose-bras de 10\u00ba ou 15\u00ba et d&#8217;utiliser les repose-bras Profile Design pour un gain de confort suppl\u00e9mentaire.<\/p>\n<p>L&#8217;association des cales de repose-bras avec un repose-bras Ergo ou F40 augmentera la plage de r\u00e9glage de la plupart des a\u00e9robares, ainsi que les avantages offerts par la possibilit\u00e9 d&#8217;incliner les repose-bras.<\/p>\n<p>&nbsp;<\/p>\n","protected":false},"featured_media":97859,"comment_status":"closed","ping_status":"closed","template":"","meta":[],"product_brand":[5810],"product_cat":[4833],"product_tag":[5821,4824,5117,5124,5183,5178],"class_list":{"0":"post-97823","1":"product","2":"type-product","3":"status-publish","4":"has-post-thumbnail","6":"product_brand-profile-design","7":"product_cat-point-de-contact-cockpit","8":"product_tag-cale-pour-repose-bras","9":"product_tag-offroad-fr","10":"product_tag-profile-design-fr","11":"product_tag-road-fr","12":"product_tag-triathlon-fr","13":"product_tag-ultra-cycling-fr","14":"product_shipping_class-small-items-fr","16":"first","17":"instock","18":"sold-individually","19":"taxable","20":"shipping-taxable","21":"purchasable","22":"product-type-variable"},"yoast_head":"<!-- This site is optimized with the Yoast SEO Premium plugin v27.3 (Yoast SEO v27.3) - https:\/\/yoast.com\/product\/yoast-seo-premium-wordpress\/ -->\n<title>Kit de coins pour repose-bras d&#039;a\u00e9robar - bikefit.lu<\/title>\n<meta name=\"robots\" content=\"index, follow, max-snippet:-1, max-image-preview:large, max-video-preview:-1\" \/>\n<link rel=\"canonical\" href=\"https:\/\/bikefit.lu\/fr\/product\/aerobar-armrest-pad-wedge-kit\/\" \/>\n<meta property=\"og:locale\" content=\"fr_FR\" \/>\n<meta property=\"og:type\" content=\"article\" \/>\n<meta property=\"og:title\" content=\"Kit de coins pour repose-bras d&#039;a\u00e9robar\" \/>\n<meta property=\"og:description\" content=\"Bien que tous les a\u00e9robares Profile Design actuels soient \u00e9quip\u00e9s de la possibilit\u00e9 d&#039;inclinaison, on ne peut pas en dire autant des autres produits sur le march\u00e9.  Par cons\u00e9quent, Profile Design a con\u00e7u ces kits de cales pour permettre aux cyclistes d&#039;incliner leurs repose-bras de 10\u00ba ou 15\u00ba et d&#039;utiliser les repose-bras Profile Design pour un gain de confort suppl\u00e9mentaire.  L&#039;association des cales de repose-bras avec un repose-bras Ergo ou F40 augmentera la plage de r\u00e9glage de la plupart des a\u00e9robares, ainsi que les avantages offerts par la possibilit\u00e9 d&#039;incliner les repose-bras.  &nbsp;\" \/>\n<meta property=\"og:url\" content=\"https:\/\/bikefit.lu\/fr\/product\/aerobar-armrest-pad-wedge-kit\/\" \/>\n<meta property=\"og:site_name\" content=\"bikefit.lu\" \/>\n<meta property=\"article:modified_time\" content=\"2025-12-14T10:52:46+00:00\" \/>\n<meta property=\"og:image\" content=\"https:\/\/bikefit.lu\/wp-content\/uploads\/2025\/12\/OWNETTBARMTN-2.webp\" \/>\n\t<meta property=\"og:image:width\" content=\"1000\" \/>\n\t<meta property=\"og:image:height\" content=\"1000\" \/>\n\t<meta property=\"og:image:type\" content=\"image\/webp\" \/>\n<meta name=\"twitter:card\" content=\"summary_large_image\" \/>\n<meta name=\"twitter:label1\" content=\"Disponibilit\u00e9\" \/>\n\t<meta name=\"twitter:data1\" content=\"En stock\" \/>\n<script type=\"application\/ld+json\" class=\"yoast-schema-graph\">{\"@context\":\"https:\\\/\\\/schema.org\",\"@graph\":[{\"@type\":\"WebPage\",\"@id\":\"https:\\\/\\\/bikefit.lu\\\/fr\\\/product\\\/aerobar-armrest-pad-wedge-kit\\\/\",\"url\":\"https:\\\/\\\/bikefit.lu\\\/fr\\\/product\\\/aerobar-armrest-pad-wedge-kit\\\/\",\"name\":\"Kit de coins pour repose-bras d'a\u00e9robar - bikefit.lu\",\"isPartOf\":{\"@id\":\"https:\\\/\\\/bikefit.lu\\\/fr\\\/#website\"},\"primaryImageOfPage\":{\"@id\":\"https:\\\/\\\/bikefit.lu\\\/fr\\\/product\\\/aerobar-armrest-pad-wedge-kit\\\/#primaryimage\"},\"image\":{\"@id\":\"https:\\\/\\\/bikefit.lu\\\/fr\\\/product\\\/aerobar-armrest-pad-wedge-kit\\\/#primaryimage\"},\"thumbnailUrl\":\"https:\\\/\\\/bikefit.lu\\\/wp-content\\\/uploads\\\/2025\\\/12\\\/OWNETTBARMTN-2.webp\",\"datePublished\":\"2025-12-14T10:23:12+00:00\",\"dateModified\":\"2025-12-14T10:52:46+00:00\",\"breadcrumb\":{\"@id\":\"https:\\\/\\\/bikefit.lu\\\/fr\\\/product\\\/aerobar-armrest-pad-wedge-kit\\\/#breadcrumb\"},\"inLanguage\":\"fr-FR\",\"potentialAction\":[{\"@type\":\"ReadAction\",\"target\":[\"https:\\\/\\\/bikefit.lu\\\/fr\\\/product\\\/aerobar-armrest-pad-wedge-kit\\\/\"]}]},{\"@type\":\"ImageObject\",\"inLanguage\":\"fr-FR\",\"@id\":\"https:\\\/\\\/bikefit.lu\\\/fr\\\/product\\\/aerobar-armrest-pad-wedge-kit\\\/#primaryimage\",\"url\":\"https:\\\/\\\/bikefit.lu\\\/wp-content\\\/uploads\\\/2025\\\/12\\\/OWNETTBARMTN-2.webp\",\"contentUrl\":\"https:\\\/\\\/bikefit.lu\\\/wp-content\\\/uploads\\\/2025\\\/12\\\/OWNETTBARMTN-2.webp\",\"width\":1000,\"height\":1000},{\"@type\":\"BreadcrumbList\",\"@id\":\"https:\\\/\\\/bikefit.lu\\\/fr\\\/product\\\/aerobar-armrest-pad-wedge-kit\\\/#breadcrumb\",\"itemListElement\":[{\"@type\":\"ListItem\",\"position\":1,\"name\":\"Home\",\"item\":\"https:\\\/\\\/bikefit.lu\\\/fr\\\/\"},{\"@type\":\"ListItem\",\"position\":2,\"name\":\"Produits\",\"item\":\"https:\\\/\\\/bikefit.lu\\\/fr\\\/shop\\\/\"},{\"@type\":\"ListItem\",\"position\":3,\"name\":\"Kit de coins pour repose-bras d&#8217;a\u00e9robar\"}]},{\"@type\":\"WebSite\",\"@id\":\"https:\\\/\\\/bikefit.lu\\\/fr\\\/#website\",\"url\":\"https:\\\/\\\/bikefit.lu\\\/fr\\\/\",\"name\":\"bikefit.lu\",\"description\":\"IMPROVING CYCLING\",\"publisher\":{\"@id\":\"https:\\\/\\\/bikefit.lu\\\/fr\\\/#\\\/schema\\\/person\\\/379af1263474d2f8cd1f41c2bd90273d\"},\"potentialAction\":[{\"@type\":\"SearchAction\",\"target\":{\"@type\":\"EntryPoint\",\"urlTemplate\":\"https:\\\/\\\/bikefit.lu\\\/fr\\\/?s={search_term_string}\"},\"query-input\":{\"@type\":\"PropertyValueSpecification\",\"valueRequired\":true,\"valueName\":\"search_term_string\"}}],\"inLanguage\":\"fr-FR\"},{\"@type\":[\"Person\",\"Organization\"],\"@id\":\"https:\\\/\\\/bikefit.lu\\\/fr\\\/#\\\/schema\\\/person\\\/379af1263474d2f8cd1f41c2bd90273d\",\"name\":\"Patrick Guillaume\",\"image\":{\"@type\":\"ImageObject\",\"inLanguage\":\"fr-FR\",\"@id\":\"https:\\\/\\\/bikefit.lu\\\/wp-content\\\/uploads\\\/2024\\\/12\\\/cropped-bikefit-logoURL-RGB-jpg.jpg\",\"url\":\"https:\\\/\\\/bikefit.lu\\\/wp-content\\\/uploads\\\/2024\\\/12\\\/cropped-bikefit-logoURL-RGB-jpg.jpg\",\"contentUrl\":\"https:\\\/\\\/bikefit.lu\\\/wp-content\\\/uploads\\\/2024\\\/12\\\/cropped-bikefit-logoURL-RGB-jpg.jpg\",\"width\":512,\"height\":512,\"caption\":\"Patrick Guillaume\"},\"logo\":{\"@id\":\"https:\\\/\\\/bikefit.lu\\\/wp-content\\\/uploads\\\/2024\\\/12\\\/cropped-bikefit-logoURL-RGB-jpg.jpg\"},\"sameAs\":[\"https:\\\/\\\/bikefit.lu\"],\"honorificPrefix\":\"Mr\",\"birthDate\":\"1966-11-18\",\"gender\":\"male\",\"knowsAbout\":[\"Bike-fitting\"],\"knowsLanguage\":[\"English\",\"French\",\"German\",\"Luxembourgish\"]}]}<\/script>\n<meta property=\"og:availability\" content=\"instock\" \/>\n<meta property=\"product:availability\" content=\"instock\" \/>\n<meta property=\"product:condition\" content=\"new\" \/>\n<!-- \/ Yoast SEO Premium plugin. -->","yoast_head_json":{"title":"Kit de coins pour repose-bras d'a\u00e9robar - bikefit.lu","robots":{"index":"index","follow":"follow","max-snippet":"max-snippet:-1","max-image-preview":"max-image-preview:large","max-video-preview":"max-video-preview:-1"},"canonical":"https:\/\/bikefit.lu\/fr\/product\/aerobar-armrest-pad-wedge-kit\/","og_locale":"fr_FR","og_type":"article","og_title":"Kit de coins pour repose-bras d'a\u00e9robar","og_description":"Bien que tous les a\u00e9robares Profile Design actuels soient \u00e9quip\u00e9s de la possibilit\u00e9 d'inclinaison, on ne peut pas en dire autant des autres produits sur le march\u00e9.  Par cons\u00e9quent, Profile Design a con\u00e7u ces kits de cales pour permettre aux cyclistes d'incliner leurs repose-bras de 10\u00ba ou 15\u00ba et d'utiliser les repose-bras Profile Design pour un gain de confort suppl\u00e9mentaire.  L'association des cales de repose-bras avec un repose-bras Ergo ou F40 augmentera la plage de r\u00e9glage de la plupart des a\u00e9robares, ainsi que les avantages offerts par la possibilit\u00e9 d'incliner les repose-bras.  &nbsp;","og_url":"https:\/\/bikefit.lu\/fr\/product\/aerobar-armrest-pad-wedge-kit\/","og_site_name":"bikefit.lu","article_modified_time":"2025-12-14T10:52:46+00:00","og_image":[{"width":1000,"height":1000,"url":"https:\/\/bikefit.lu\/wp-content\/uploads\/2025\/12\/OWNETTBARMTN-2.webp","type":"image\/webp"}],"twitter_card":"summary_large_image","twitter_misc":{"Disponibilit\u00e9":"En stock"},"schema":{"@context":"https:\/\/schema.org","@graph":[{"@type":"WebPage","@id":"https:\/\/bikefit.lu\/fr\/product\/aerobar-armrest-pad-wedge-kit\/","url":"https:\/\/bikefit.lu\/fr\/product\/aerobar-armrest-pad-wedge-kit\/","name":"Kit de coins pour repose-bras d'a\u00e9robar - bikefit.lu","isPartOf":{"@id":"https:\/\/bikefit.lu\/fr\/#website"},"primaryImageOfPage":{"@id":"https:\/\/bikefit.lu\/fr\/product\/aerobar-armrest-pad-wedge-kit\/#primaryimage"},"image":{"@id":"https:\/\/bikefit.lu\/fr\/product\/aerobar-armrest-pad-wedge-kit\/#primaryimage"},"thumbnailUrl":"https:\/\/bikefit.lu\/wp-content\/uploads\/2025\/12\/OWNETTBARMTN-2.webp","datePublished":"2025-12-14T10:23:12+00:00","dateModified":"2025-12-14T10:52:46+00:00","breadcrumb":{"@id":"https:\/\/bikefit.lu\/fr\/product\/aerobar-armrest-pad-wedge-kit\/#breadcrumb"},"inLanguage":"fr-FR","potentialAction":[{"@type":"ReadAction","target":["https:\/\/bikefit.lu\/fr\/product\/aerobar-armrest-pad-wedge-kit\/"]}]},{"@type":"ImageObject","inLanguage":"fr-FR","@id":"https:\/\/bikefit.lu\/fr\/product\/aerobar-armrest-pad-wedge-kit\/#primaryimage","url":"https:\/\/bikefit.lu\/wp-content\/uploads\/2025\/12\/OWNETTBARMTN-2.webp","contentUrl":"https:\/\/bikefit.lu\/wp-content\/uploads\/2025\/12\/OWNETTBARMTN-2.webp","width":1000,"height":1000},{"@type":"BreadcrumbList","@id":"https:\/\/bikefit.lu\/fr\/product\/aerobar-armrest-pad-wedge-kit\/#breadcrumb","itemListElement":[{"@type":"ListItem","position":1,"name":"Home","item":"https:\/\/bikefit.lu\/fr\/"},{"@type":"ListItem","position":2,"name":"Produits","item":"https:\/\/bikefit.lu\/fr\/shop\/"},{"@type":"ListItem","position":3,"name":"Kit de coins pour repose-bras d&#8217;a\u00e9robar"}]},{"@type":"WebSite","@id":"https:\/\/bikefit.lu\/fr\/#website","url":"https:\/\/bikefit.lu\/fr\/","name":"bikefit.lu","description":"IMPROVING CYCLING","publisher":{"@id":"https:\/\/bikefit.lu\/fr\/#\/schema\/person\/379af1263474d2f8cd1f41c2bd90273d"},"potentialAction":[{"@type":"SearchAction","target":{"@type":"EntryPoint","urlTemplate":"https:\/\/bikefit.lu\/fr\/?s={search_term_string}"},"query-input":{"@type":"PropertyValueSpecification","valueRequired":true,"valueName":"search_term_string"}}],"inLanguage":"fr-FR"},{"@type":["Person","Organization"],"@id":"https:\/\/bikefit.lu\/fr\/#\/schema\/person\/379af1263474d2f8cd1f41c2bd90273d","name":"Patrick Guillaume","image":{"@type":"ImageObject","inLanguage":"fr-FR","@id":"https:\/\/bikefit.lu\/wp-content\/uploads\/2024\/12\/cropped-bikefit-logoURL-RGB-jpg.jpg","url":"https:\/\/bikefit.lu\/wp-content\/uploads\/2024\/12\/cropped-bikefit-logoURL-RGB-jpg.jpg","contentUrl":"https:\/\/bikefit.lu\/wp-content\/uploads\/2024\/12\/cropped-bikefit-logoURL-RGB-jpg.jpg","width":512,"height":512,"caption":"Patrick Guillaume"},"logo":{"@id":"https:\/\/bikefit.lu\/wp-content\/uploads\/2024\/12\/cropped-bikefit-logoURL-RGB-jpg.jpg"},"sameAs":["https:\/\/bikefit.lu"],"honorificPrefix":"Mr","birthDate":"1966-11-18","gender":"male","knowsAbout":["Bike-fitting"],"knowsLanguage":["English","French","German","Luxembourgish"]}]},"og_availability":"instock","product_availability":"instock","product_condition":"new"},"_links":{"self":[{"href":"https:\/\/bikefit.lu\/fr\/wp-json\/wp\/v2\/product\/97823","targetHints":{"allow":["GET"]}}],"collection":[{"href":"https:\/\/bikefit.lu\/fr\/wp-json\/wp\/v2\/product"}],"about":[{"href":"https:\/\/bikefit.lu\/fr\/wp-json\/wp\/v2\/types\/product"}],"replies":[{"embeddable":true,"href":"https:\/\/bikefit.lu\/fr\/wp-json\/wp\/v2\/comments?post=97823"}],"version-history":[{"count":0,"href":"https:\/\/bikefit.lu\/fr\/wp-json\/wp\/v2\/product\/97823\/revisions"}],"wp:featuredmedia":[{"embeddable":true,"href":"https:\/\/bikefit.lu\/fr\/wp-json\/wp\/v2\/media\/97859"}],"wp:attachment":[{"href":"https:\/\/bikefit.lu\/fr\/wp-json\/wp\/v2\/media?parent=97823"}],"wp:term":[{"taxonomy":"product_brand","embeddable":true,"href":"https:\/\/bikefit.lu\/fr\/wp-json\/wp\/v2\/product_brand?post=97823"},{"taxonomy":"product_cat","embeddable":true,"href":"https:\/\/bikefit.lu\/fr\/wp-json\/wp\/v2\/product_cat?post=97823"},{"taxonomy":"product_tag","embeddable":true,"href":"https:\/\/bikefit.lu\/fr\/wp-json\/wp\/v2\/product_tag?post=97823"}],"curies":[{"name":"wp","href":"https:\/\/api.w.org\/{rel}","templated":true}]}}