{"id":97975,"date":"2025-12-16T20:30:17","date_gmt":"2025-12-16T19:30:17","guid":{"rendered":"https:\/\/bikefit.lu\/?post_type=product&#038;p=97975"},"modified":"2026-02-16T08:30:18","modified_gmt":"2026-02-16T07:30:18","slug":"kit-de-rehausse-aeria","status":"publish","type":"product","link":"https:\/\/bikefit.lu\/fr\/product\/kit-de-rehausse-aeria\/","title":{"rendered":"Kit de rehausse Aeria"},"content":{"rendered":"<h3>Contenu&nbsp;:<\/h3>\n<p><b>5-40 mm&nbsp;:<\/b><\/p>\n<ul>\n<li>4&nbsp;x rehausse Profile Design Aeria 5 mm<\/li>\n<li>2&nbsp;x rehausse Profile Design Aeria 10 mm<\/li>\n<li>2&nbsp;x rehausse Profile Design Aeria 20 mm<\/li>\n<li>4&nbsp;x vis de 20 mm<\/li>\n<li>4&nbsp;x vis de 35 mm<\/li>\n<li>4&nbsp;x vis de 30 mm<\/li>\n<\/ul>\n<p><b>45-60 mm&nbsp;:<\/b><\/p>\n<ul>\n<li>2&nbsp;x rehausse Profile Design Aeria 5 mm<\/li>\n<li>1&nbsp;x pont Profile Design Aeria 5 mm<\/li>\n<li>2&nbsp;x rehausse Profile Design Aeria 10 mm<\/li>\n<li>2&nbsp;x rehausse Profile Design Aeria 40 mm<\/li>\n<li>4&nbsp;x vis de 60 mm<\/li>\n<li>4&nbsp;x vis de 65 mm<\/li>\n<li>4&nbsp;x vis de 70 mm<\/li>\n<li>4&nbsp;x vis de 75 mm<\/li>\n<\/ul>\n<p><b>65-80 mm&nbsp;:<\/b><\/p>\n<ul>\n<li>2&nbsp;x rehausse Profile Design Aeria 5 mm<\/li>\n<li>1&nbsp;x pont Profile Design Aeria 5 mm<\/li>\n<li>2&nbsp;x rehausse Profile Design Aeria 10 mm<\/li>\n<li>2&nbsp;x rehausse Profile Design Aeria 20 mm<\/li>\n<li>2&nbsp;x rehausse Profile Design Aeria 40 mm<\/li>\n<li>4&nbsp;x vis de 80 mm<\/li>\n<li>4&nbsp;x vis de 85 mm<\/li>\n<li>4&nbsp;x vis de 90 mm<\/li>\n<li>4&nbsp;x vis de 95 mm<\/li>\n<\/ul>\n","protected":false},"excerpt":{"rendered":"<h5>Vue d&#8217;ensemble<\/h5>\n<p>Les kits de rehausse Aeria ont \u00e9t\u00e9 cr\u00e9\u00e9s pour permettre au cycliste de choisir une plage de hauteur appropri\u00e9e \u00e0 ses besoins. En divisant le kit de rehausse en trois plages de hauteur, le cycliste a la possibilit\u00e9 d&#8217;ajuster sa position sans avoir \u00e0 acheter le kit complet de rehausses. <\/p>\n<h5>Sp\u00e9cifications techniques<\/h5>\n<ul style=\"line-height: 20.7999992370605px;\">\n<li><b>Compatibilit\u00e9 :<\/b> Aeria AL, Aeria Evo, Aeria AL Evo, Aeria Carbon, Parlee TTiR Disc et BMC TM01 Flate Cockpit<\/li>\n<li><b>Inclus :<\/b> R<span style=\"line-height: 19.0476px;\">ehausseurs et boulons sp\u00e9cifiques \u00e0 la taille du kit<\/span><\/li>\n<li><b>Hauteur maximale :<\/b> <span style=\"line-height: 19.0476px;\">Kits disponibles en 5-40 mm, 45-60 mm ou 65-80 mm<\/span><\/li>\n<\/ul>\n","protected":false},"featured_media":97972,"comment_status":"open","ping_status":"closed","template":"","meta":[],"product_brand":[],"product_cat":[4788,4833],"product_tag":[5193,5183,5178],"class_list":{"0":"post-97975","1":"product","2":"type-product","3":"status-publish","4":"has-post-thumbnail","6":"product_cat-sale-fr","7":"product_cat-point-de-contact-cockpit","8":"product_tag-contre-la-montre","9":"product_tag-triathlon-fr","10":"product_tag-ultra-cycling-fr","11":"product_shipping_class-small-items-fr","12":"pa_stack-45-60-mm","13":"pa_stack-5-40-mm","14":"pa_stack-65-80-mm","16":"first","17":"instock","18":"sale","19":"taxable","20":"shipping-taxable","21":"purchasable","22":"product-type-variable"},"yoast_head":"<!-- This site is optimized with the Yoast SEO Premium plugin v27.3 (Yoast SEO v27.3) - https:\/\/yoast.com\/product\/yoast-seo-premium-wordpress\/ -->\n<title>Kit de rehausse Aeria - bikefit.lu<\/title>\n<meta name=\"robots\" content=\"index, follow, max-snippet:-1, max-image-preview:large, max-video-preview:-1\" \/>\n<link rel=\"canonical\" href=\"https:\/\/bikefit.lu\/fr\/product\/kit-de-rehausse-aeria\/\" \/>\n<meta property=\"og:locale\" content=\"fr_FR\" \/>\n<meta property=\"og:type\" content=\"article\" \/>\n<meta property=\"og:title\" content=\"Kit de rehausse Aeria\" \/>\n<meta property=\"og:description\" content=\"Vue d&#039;ensemble Les kits de rehausse Aeria ont \u00e9t\u00e9 cr\u00e9\u00e9s pour permettre au cycliste de choisir une plage de hauteur appropri\u00e9e \u00e0 ses besoins. En divisant le kit de rehausse en trois plages de hauteur, le cycliste a la possibilit\u00e9 d&#039;ajuster sa position sans avoir \u00e0 acheter le kit complet de rehausses. Sp\u00e9cifications techniques  Compatibilit\u00e9 : Aeria AL, Aeria Evo, Aeria AL Evo, Aeria Carbon, Parlee TTiR Disc et BMC TM01 Flate Cockpit  Inclus : Rehausseurs et boulons sp\u00e9cifiques \u00e0 la taille du kit  Hauteur maximale : Kits disponibles en 5-40 mm, 45-60 mm ou 65-80 mm\" \/>\n<meta property=\"og:url\" content=\"https:\/\/bikefit.lu\/fr\/product\/kit-de-rehausse-aeria\/\" \/>\n<meta property=\"og:site_name\" content=\"bikefit.lu\" \/>\n<meta property=\"article:modified_time\" content=\"2026-02-16T07:30:18+00:00\" \/>\n<meta property=\"og:image\" content=\"https:\/\/bikefit.lu\/wp-content\/uploads\/2025\/12\/main_Bracket_Kit_5_40mm_1200x_d2a2.webp\" \/>\n\t<meta property=\"og:image:width\" content=\"1024\" \/>\n\t<meta property=\"og:image:height\" content=\"1024\" \/>\n\t<meta property=\"og:image:type\" content=\"image\/webp\" \/>\n<meta name=\"twitter:card\" content=\"summary_large_image\" \/>\n<meta name=\"twitter:label1\" content=\"Disponibilit\u00e9\" \/>\n\t<meta name=\"twitter:data1\" content=\"En stock\" \/>\n<script type=\"application\/ld+json\" class=\"yoast-schema-graph\">{\"@context\":\"https:\\\/\\\/schema.org\",\"@graph\":[{\"@type\":\"WebPage\",\"@id\":\"https:\\\/\\\/bikefit.lu\\\/fr\\\/product\\\/kit-de-rehausse-aeria\\\/\",\"url\":\"https:\\\/\\\/bikefit.lu\\\/fr\\\/product\\\/kit-de-rehausse-aeria\\\/\",\"name\":\"Kit de rehausse Aeria - bikefit.lu\",\"isPartOf\":{\"@id\":\"https:\\\/\\\/bikefit.lu\\\/fr\\\/#website\"},\"primaryImageOfPage\":{\"@id\":\"https:\\\/\\\/bikefit.lu\\\/fr\\\/product\\\/kit-de-rehausse-aeria\\\/#primaryimage\"},\"image\":{\"@id\":\"https:\\\/\\\/bikefit.lu\\\/fr\\\/product\\\/kit-de-rehausse-aeria\\\/#primaryimage\"},\"thumbnailUrl\":\"https:\\\/\\\/bikefit.lu\\\/wp-content\\\/uploads\\\/2025\\\/12\\\/main_Bracket_Kit_5_40mm_1200x_d2a2.webp\",\"datePublished\":\"2025-12-16T19:30:17+00:00\",\"dateModified\":\"2026-02-16T07:30:18+00:00\",\"breadcrumb\":{\"@id\":\"https:\\\/\\\/bikefit.lu\\\/fr\\\/product\\\/kit-de-rehausse-aeria\\\/#breadcrumb\"},\"inLanguage\":\"fr-FR\",\"potentialAction\":[{\"@type\":\"ReadAction\",\"target\":[\"https:\\\/\\\/bikefit.lu\\\/fr\\\/product\\\/kit-de-rehausse-aeria\\\/\"]}]},{\"@type\":\"ImageObject\",\"inLanguage\":\"fr-FR\",\"@id\":\"https:\\\/\\\/bikefit.lu\\\/fr\\\/product\\\/kit-de-rehausse-aeria\\\/#primaryimage\",\"url\":\"https:\\\/\\\/bikefit.lu\\\/wp-content\\\/uploads\\\/2025\\\/12\\\/main_Bracket_Kit_5_40mm_1200x_d2a2.webp\",\"contentUrl\":\"https:\\\/\\\/bikefit.lu\\\/wp-content\\\/uploads\\\/2025\\\/12\\\/main_Bracket_Kit_5_40mm_1200x_d2a2.webp\",\"width\":1024,\"height\":1024},{\"@type\":\"BreadcrumbList\",\"@id\":\"https:\\\/\\\/bikefit.lu\\\/fr\\\/product\\\/kit-de-rehausse-aeria\\\/#breadcrumb\",\"itemListElement\":[{\"@type\":\"ListItem\",\"position\":1,\"name\":\"Home\",\"item\":\"https:\\\/\\\/bikefit.lu\\\/fr\\\/\"},{\"@type\":\"ListItem\",\"position\":2,\"name\":\"Produits\",\"item\":\"https:\\\/\\\/bikefit.lu\\\/fr\\\/shop\\\/\"},{\"@type\":\"ListItem\",\"position\":3,\"name\":\"Kit de rehausse Aeria\"}]},{\"@type\":\"WebSite\",\"@id\":\"https:\\\/\\\/bikefit.lu\\\/fr\\\/#website\",\"url\":\"https:\\\/\\\/bikefit.lu\\\/fr\\\/\",\"name\":\"bikefit.lu\",\"description\":\"IMPROVING CYCLING\",\"publisher\":{\"@id\":\"https:\\\/\\\/bikefit.lu\\\/fr\\\/#\\\/schema\\\/person\\\/379af1263474d2f8cd1f41c2bd90273d\"},\"potentialAction\":[{\"@type\":\"SearchAction\",\"target\":{\"@type\":\"EntryPoint\",\"urlTemplate\":\"https:\\\/\\\/bikefit.lu\\\/fr\\\/?s={search_term_string}\"},\"query-input\":{\"@type\":\"PropertyValueSpecification\",\"valueRequired\":true,\"valueName\":\"search_term_string\"}}],\"inLanguage\":\"fr-FR\"},{\"@type\":[\"Person\",\"Organization\"],\"@id\":\"https:\\\/\\\/bikefit.lu\\\/fr\\\/#\\\/schema\\\/person\\\/379af1263474d2f8cd1f41c2bd90273d\",\"name\":\"Patrick Guillaume\",\"image\":{\"@type\":\"ImageObject\",\"inLanguage\":\"fr-FR\",\"@id\":\"https:\\\/\\\/bikefit.lu\\\/wp-content\\\/uploads\\\/2024\\\/12\\\/cropped-bikefit-logoURL-RGB-jpg.jpg\",\"url\":\"https:\\\/\\\/bikefit.lu\\\/wp-content\\\/uploads\\\/2024\\\/12\\\/cropped-bikefit-logoURL-RGB-jpg.jpg\",\"contentUrl\":\"https:\\\/\\\/bikefit.lu\\\/wp-content\\\/uploads\\\/2024\\\/12\\\/cropped-bikefit-logoURL-RGB-jpg.jpg\",\"width\":512,\"height\":512,\"caption\":\"Patrick Guillaume\"},\"logo\":{\"@id\":\"https:\\\/\\\/bikefit.lu\\\/wp-content\\\/uploads\\\/2024\\\/12\\\/cropped-bikefit-logoURL-RGB-jpg.jpg\"},\"sameAs\":[\"https:\\\/\\\/bikefit.lu\"],\"honorificPrefix\":\"Mr\",\"birthDate\":\"1966-11-18\",\"gender\":\"male\",\"knowsAbout\":[\"Bike-fitting\"],\"knowsLanguage\":[\"English\",\"French\",\"German\",\"Luxembourgish\"]}]}<\/script>\n<meta property=\"og:availability\" content=\"instock\" \/>\n<meta property=\"product:availability\" content=\"instock\" \/>\n<meta property=\"product:condition\" content=\"new\" \/>\n<!-- \/ Yoast SEO Premium plugin. -->","yoast_head_json":{"title":"Kit de rehausse Aeria - bikefit.lu","robots":{"index":"index","follow":"follow","max-snippet":"max-snippet:-1","max-image-preview":"max-image-preview:large","max-video-preview":"max-video-preview:-1"},"canonical":"https:\/\/bikefit.lu\/fr\/product\/kit-de-rehausse-aeria\/","og_locale":"fr_FR","og_type":"article","og_title":"Kit de rehausse Aeria","og_description":"Vue d'ensemble Les kits de rehausse Aeria ont \u00e9t\u00e9 cr\u00e9\u00e9s pour permettre au cycliste de choisir une plage de hauteur appropri\u00e9e \u00e0 ses besoins. En divisant le kit de rehausse en trois plages de hauteur, le cycliste a la possibilit\u00e9 d'ajuster sa position sans avoir \u00e0 acheter le kit complet de rehausses. Sp\u00e9cifications techniques  Compatibilit\u00e9 : Aeria AL, Aeria Evo, Aeria AL Evo, Aeria Carbon, Parlee TTiR Disc et BMC TM01 Flate Cockpit  Inclus : Rehausseurs et boulons sp\u00e9cifiques \u00e0 la taille du kit  Hauteur maximale : Kits disponibles en 5-40 mm, 45-60 mm ou 65-80 mm","og_url":"https:\/\/bikefit.lu\/fr\/product\/kit-de-rehausse-aeria\/","og_site_name":"bikefit.lu","article_modified_time":"2026-02-16T07:30:18+00:00","og_image":[{"width":1024,"height":1024,"url":"https:\/\/bikefit.lu\/wp-content\/uploads\/2025\/12\/main_Bracket_Kit_5_40mm_1200x_d2a2.webp","type":"image\/webp"}],"twitter_card":"summary_large_image","twitter_misc":{"Disponibilit\u00e9":"En stock"},"schema":{"@context":"https:\/\/schema.org","@graph":[{"@type":"WebPage","@id":"https:\/\/bikefit.lu\/fr\/product\/kit-de-rehausse-aeria\/","url":"https:\/\/bikefit.lu\/fr\/product\/kit-de-rehausse-aeria\/","name":"Kit de rehausse Aeria - bikefit.lu","isPartOf":{"@id":"https:\/\/bikefit.lu\/fr\/#website"},"primaryImageOfPage":{"@id":"https:\/\/bikefit.lu\/fr\/product\/kit-de-rehausse-aeria\/#primaryimage"},"image":{"@id":"https:\/\/bikefit.lu\/fr\/product\/kit-de-rehausse-aeria\/#primaryimage"},"thumbnailUrl":"https:\/\/bikefit.lu\/wp-content\/uploads\/2025\/12\/main_Bracket_Kit_5_40mm_1200x_d2a2.webp","datePublished":"2025-12-16T19:30:17+00:00","dateModified":"2026-02-16T07:30:18+00:00","breadcrumb":{"@id":"https:\/\/bikefit.lu\/fr\/product\/kit-de-rehausse-aeria\/#breadcrumb"},"inLanguage":"fr-FR","potentialAction":[{"@type":"ReadAction","target":["https:\/\/bikefit.lu\/fr\/product\/kit-de-rehausse-aeria\/"]}]},{"@type":"ImageObject","inLanguage":"fr-FR","@id":"https:\/\/bikefit.lu\/fr\/product\/kit-de-rehausse-aeria\/#primaryimage","url":"https:\/\/bikefit.lu\/wp-content\/uploads\/2025\/12\/main_Bracket_Kit_5_40mm_1200x_d2a2.webp","contentUrl":"https:\/\/bikefit.lu\/wp-content\/uploads\/2025\/12\/main_Bracket_Kit_5_40mm_1200x_d2a2.webp","width":1024,"height":1024},{"@type":"BreadcrumbList","@id":"https:\/\/bikefit.lu\/fr\/product\/kit-de-rehausse-aeria\/#breadcrumb","itemListElement":[{"@type":"ListItem","position":1,"name":"Home","item":"https:\/\/bikefit.lu\/fr\/"},{"@type":"ListItem","position":2,"name":"Produits","item":"https:\/\/bikefit.lu\/fr\/shop\/"},{"@type":"ListItem","position":3,"name":"Kit de rehausse Aeria"}]},{"@type":"WebSite","@id":"https:\/\/bikefit.lu\/fr\/#website","url":"https:\/\/bikefit.lu\/fr\/","name":"bikefit.lu","description":"IMPROVING CYCLING","publisher":{"@id":"https:\/\/bikefit.lu\/fr\/#\/schema\/person\/379af1263474d2f8cd1f41c2bd90273d"},"potentialAction":[{"@type":"SearchAction","target":{"@type":"EntryPoint","urlTemplate":"https:\/\/bikefit.lu\/fr\/?s={search_term_string}"},"query-input":{"@type":"PropertyValueSpecification","valueRequired":true,"valueName":"search_term_string"}}],"inLanguage":"fr-FR"},{"@type":["Person","Organization"],"@id":"https:\/\/bikefit.lu\/fr\/#\/schema\/person\/379af1263474d2f8cd1f41c2bd90273d","name":"Patrick Guillaume","image":{"@type":"ImageObject","inLanguage":"fr-FR","@id":"https:\/\/bikefit.lu\/wp-content\/uploads\/2024\/12\/cropped-bikefit-logoURL-RGB-jpg.jpg","url":"https:\/\/bikefit.lu\/wp-content\/uploads\/2024\/12\/cropped-bikefit-logoURL-RGB-jpg.jpg","contentUrl":"https:\/\/bikefit.lu\/wp-content\/uploads\/2024\/12\/cropped-bikefit-logoURL-RGB-jpg.jpg","width":512,"height":512,"caption":"Patrick Guillaume"},"logo":{"@id":"https:\/\/bikefit.lu\/wp-content\/uploads\/2024\/12\/cropped-bikefit-logoURL-RGB-jpg.jpg"},"sameAs":["https:\/\/bikefit.lu"],"honorificPrefix":"Mr","birthDate":"1966-11-18","gender":"male","knowsAbout":["Bike-fitting"],"knowsLanguage":["English","French","German","Luxembourgish"]}]},"og_availability":"instock","product_availability":"instock","product_condition":"new"},"_links":{"self":[{"href":"https:\/\/bikefit.lu\/fr\/wp-json\/wp\/v2\/product\/97975","targetHints":{"allow":["GET"]}}],"collection":[{"href":"https:\/\/bikefit.lu\/fr\/wp-json\/wp\/v2\/product"}],"about":[{"href":"https:\/\/bikefit.lu\/fr\/wp-json\/wp\/v2\/types\/product"}],"replies":[{"embeddable":true,"href":"https:\/\/bikefit.lu\/fr\/wp-json\/wp\/v2\/comments?post=97975"}],"version-history":[{"count":0,"href":"https:\/\/bikefit.lu\/fr\/wp-json\/wp\/v2\/product\/97975\/revisions"}],"wp:featuredmedia":[{"embeddable":true,"href":"https:\/\/bikefit.lu\/fr\/wp-json\/wp\/v2\/media\/97972"}],"wp:attachment":[{"href":"https:\/\/bikefit.lu\/fr\/wp-json\/wp\/v2\/media?parent=97975"}],"wp:term":[{"taxonomy":"product_brand","embeddable":true,"href":"https:\/\/bikefit.lu\/fr\/wp-json\/wp\/v2\/product_brand?post=97975"},{"taxonomy":"product_cat","embeddable":true,"href":"https:\/\/bikefit.lu\/fr\/wp-json\/wp\/v2\/product_cat?post=97975"},{"taxonomy":"product_tag","embeddable":true,"href":"https:\/\/bikefit.lu\/fr\/wp-json\/wp\/v2\/product_tag?post=97975"}],"curies":[{"name":"wp","href":"https:\/\/api.w.org\/{rel}","templated":true}]}}