{"id":98024,"date":"2025-12-16T20:48:12","date_gmt":"2025-12-16T19:48:12","guid":{"rendered":"https:\/\/bikefit.lu\/product\/kit-de-support-supersonic-j5\/"},"modified":"2025-12-16T20:48:12","modified_gmt":"2025-12-16T19:48:12","slug":"kit-de-support-supersonic-j5","status":"publish","type":"product","link":"https:\/\/bikefit.lu\/fr\/product\/kit-de-support-supersonic-j5\/","title":{"rendered":"Kit de support Supersonic (J5)"},"content":{"rendered":"<ul>\n<li><strong>Mat\u00e9riaux :<\/strong> AL 6061-T6 forg\u00e9<\/li>\n<li><strong>Hauteur de pile :<\/strong> 42 mm<\/li>\n<li><strong>Ajustement de la largeur :<\/strong> 37 mm<\/li>\n<li><strong>Diam\u00e8tre de la pince du guidon de base :<\/strong> 31,8 mm<\/li>\n<li><strong>Diam\u00e8tre de fixation de l&#8217;extension :<\/strong> 22,2 mm<\/li>\n<li><strong>Couleur :<\/strong> Noir<\/li>\n<li><strong>Poids :<\/strong> 266 g<\/li>\n<\/ul>\n","protected":false},"excerpt":{"rendered":"<p>Le support Supersonic (J5) est au c\u0153ur de la gamme de barres a\u00e9rodynamiques T-Carbon. Le support Supersonic a \u00e9t\u00e9 con\u00e7u pour offrir une grande capacit\u00e9 de r\u00e9glage gr\u00e2ce \u00e0 des caract\u00e9ristiques qui permettent un ajustement personnalis\u00e9 pour optimiser la position du cycliste. La pince de compression en ligne (ICC) permet un r\u00e9glage de l&#8217;extension \u00e0 un seul boulon, simple, s\u00fbr et facile \u00e0 utiliser. <\/p>\n<ul>\n<li><b>Syst\u00e8me de cale simplifi\u00e9 :<\/b> Syst\u00e8me de cale en ligne en instance de brevet, con\u00e7u pour r\u00e9duire la tra\u00een\u00e9e et uniformiser les forces de serrage.<\/li>\n<li><b>Kit d&#8217;\u00e9l\u00e9vation du support d&#8217;Aerobar<\/b> Possibilit\u00e9 d&#8217;augmenter la hauteur jusqu&#8217;\u00e0 70 mm avec le kit d&#8217;\u00e9l\u00e9vation du support d&#8217;Aerobar en option.<\/li>\n<\/ul>\n","protected":false},"featured_media":98006,"comment_status":"open","ping_status":"closed","template":"","meta":[],"product_brand":[5810],"product_cat":[4833],"product_tag":[5193,5183,5178],"class_list":{"0":"post-98024","1":"product","2":"type-product","3":"status-publish","4":"has-post-thumbnail","6":"product_brand-profile-design","7":"product_cat-point-de-contact-cockpit","8":"product_tag-contre-la-montre","9":"product_tag-triathlon-fr","10":"product_tag-ultra-cycling-fr","11":"product_shipping_class-large-items-fr","13":"first","14":"instock","15":"sold-individually","16":"taxable","17":"shipping-taxable","18":"purchasable","19":"product-type-simple"},"yoast_head":"<!-- This site is optimized with the Yoast SEO Premium plugin v27.3 (Yoast SEO v27.3) - https:\/\/yoast.com\/product\/yoast-seo-premium-wordpress\/ -->\n<title>Kit de support Supersonic (J5) - bikefit.lu<\/title>\n<meta name=\"robots\" content=\"index, follow, max-snippet:-1, max-image-preview:large, max-video-preview:-1\" \/>\n<link rel=\"canonical\" href=\"https:\/\/bikefit.lu\/fr\/product\/kit-de-support-supersonic-j5\/\" \/>\n<meta property=\"og:locale\" content=\"fr_FR\" \/>\n<meta property=\"og:type\" content=\"article\" \/>\n<meta property=\"og:title\" content=\"Kit de support Supersonic (J5)\" \/>\n<meta property=\"og:description\" content=\"Le support Supersonic (J5) est au c\u0153ur de la gamme de barres a\u00e9rodynamiques T-Carbon. Le support Supersonic a \u00e9t\u00e9 con\u00e7u pour offrir une grande capacit\u00e9 de r\u00e9glage gr\u00e2ce \u00e0 des caract\u00e9ristiques qui permettent un ajustement personnalis\u00e9 pour optimiser la position du cycliste. La pince de compression en ligne (ICC) permet un r\u00e9glage de l&#039;extension \u00e0 un seul boulon, simple, s\u00fbr et facile \u00e0 utiliser.   Syst\u00e8me de cale simplifi\u00e9 : Syst\u00e8me de cale en ligne en instance de brevet, con\u00e7u pour r\u00e9duire la tra\u00een\u00e9e et uniformiser les forces de serrage.  Kit d&#039;\u00e9l\u00e9vation du support d&#039;Aerobar Possibilit\u00e9 d&#039;augmenter la hauteur jusqu&#039;\u00e0 70 mm avec le kit d&#039;\u00e9l\u00e9vation du support d&#039;Aerobar en option.\" \/>\n<meta property=\"og:url\" content=\"https:\/\/bikefit.lu\/fr\/product\/kit-de-support-supersonic-j5\/\" \/>\n<meta property=\"og:site_name\" content=\"bikefit.lu\" \/>\n<meta property=\"og:image\" content=\"https:\/\/bikefit.lu\/wp-content\/uploads\/2025\/12\/J5.webp\" \/>\n\t<meta property=\"og:image:width\" content=\"1000\" \/>\n\t<meta property=\"og:image:height\" content=\"1000\" \/>\n\t<meta property=\"og:image:type\" content=\"image\/webp\" \/>\n<meta name=\"twitter:card\" content=\"summary_large_image\" \/>\n<meta name=\"twitter:label1\" content=\"Prix\" \/>\n\t<meta name=\"twitter:data1\" content=\"135,00&nbsp;&euro;\" \/>\n\t<meta name=\"twitter:label2\" content=\"Disponibilit\u00e9\" \/>\n\t<meta name=\"twitter:data2\" content=\"En stock\" \/>\n<script type=\"application\/ld+json\" class=\"yoast-schema-graph\">{\"@context\":\"https:\\\/\\\/schema.org\",\"@graph\":[{\"@type\":\"WebPage\",\"@id\":\"https:\\\/\\\/bikefit.lu\\\/fr\\\/product\\\/kit-de-support-supersonic-j5\\\/\",\"url\":\"https:\\\/\\\/bikefit.lu\\\/fr\\\/product\\\/kit-de-support-supersonic-j5\\\/\",\"name\":\"Kit de support Supersonic (J5) - bikefit.lu\",\"isPartOf\":{\"@id\":\"https:\\\/\\\/bikefit.lu\\\/fr\\\/#website\"},\"primaryImageOfPage\":{\"@id\":\"https:\\\/\\\/bikefit.lu\\\/fr\\\/product\\\/kit-de-support-supersonic-j5\\\/#primaryimage\"},\"image\":{\"@id\":\"https:\\\/\\\/bikefit.lu\\\/fr\\\/product\\\/kit-de-support-supersonic-j5\\\/#primaryimage\"},\"thumbnailUrl\":\"https:\\\/\\\/bikefit.lu\\\/wp-content\\\/uploads\\\/2025\\\/12\\\/J5.webp\",\"datePublished\":\"2025-12-16T19:48:12+00:00\",\"breadcrumb\":{\"@id\":\"https:\\\/\\\/bikefit.lu\\\/fr\\\/product\\\/kit-de-support-supersonic-j5\\\/#breadcrumb\"},\"inLanguage\":\"fr-FR\",\"potentialAction\":[{\"@type\":\"ReadAction\",\"target\":[\"https:\\\/\\\/bikefit.lu\\\/fr\\\/product\\\/kit-de-support-supersonic-j5\\\/\"]}]},{\"@type\":\"ImageObject\",\"inLanguage\":\"fr-FR\",\"@id\":\"https:\\\/\\\/bikefit.lu\\\/fr\\\/product\\\/kit-de-support-supersonic-j5\\\/#primaryimage\",\"url\":\"https:\\\/\\\/bikefit.lu\\\/wp-content\\\/uploads\\\/2025\\\/12\\\/J5.webp\",\"contentUrl\":\"https:\\\/\\\/bikefit.lu\\\/wp-content\\\/uploads\\\/2025\\\/12\\\/J5.webp\",\"width\":1000,\"height\":1000},{\"@type\":\"BreadcrumbList\",\"@id\":\"https:\\\/\\\/bikefit.lu\\\/fr\\\/product\\\/kit-de-support-supersonic-j5\\\/#breadcrumb\",\"itemListElement\":[{\"@type\":\"ListItem\",\"position\":1,\"name\":\"Home\",\"item\":\"https:\\\/\\\/bikefit.lu\\\/fr\\\/\"},{\"@type\":\"ListItem\",\"position\":2,\"name\":\"Produits\",\"item\":\"https:\\\/\\\/bikefit.lu\\\/fr\\\/shop\\\/\"},{\"@type\":\"ListItem\",\"position\":3,\"name\":\"Kit de support Supersonic (J5)\"}]},{\"@type\":\"WebSite\",\"@id\":\"https:\\\/\\\/bikefit.lu\\\/fr\\\/#website\",\"url\":\"https:\\\/\\\/bikefit.lu\\\/fr\\\/\",\"name\":\"bikefit.lu\",\"description\":\"IMPROVING CYCLING\",\"publisher\":{\"@id\":\"https:\\\/\\\/bikefit.lu\\\/fr\\\/#\\\/schema\\\/person\\\/379af1263474d2f8cd1f41c2bd90273d\"},\"potentialAction\":[{\"@type\":\"SearchAction\",\"target\":{\"@type\":\"EntryPoint\",\"urlTemplate\":\"https:\\\/\\\/bikefit.lu\\\/fr\\\/?s={search_term_string}\"},\"query-input\":{\"@type\":\"PropertyValueSpecification\",\"valueRequired\":true,\"valueName\":\"search_term_string\"}}],\"inLanguage\":\"fr-FR\"},{\"@type\":[\"Person\",\"Organization\"],\"@id\":\"https:\\\/\\\/bikefit.lu\\\/fr\\\/#\\\/schema\\\/person\\\/379af1263474d2f8cd1f41c2bd90273d\",\"name\":\"Patrick Guillaume\",\"image\":{\"@type\":\"ImageObject\",\"inLanguage\":\"fr-FR\",\"@id\":\"https:\\\/\\\/bikefit.lu\\\/wp-content\\\/uploads\\\/2024\\\/12\\\/cropped-bikefit-logoURL-RGB-jpg.jpg\",\"url\":\"https:\\\/\\\/bikefit.lu\\\/wp-content\\\/uploads\\\/2024\\\/12\\\/cropped-bikefit-logoURL-RGB-jpg.jpg\",\"contentUrl\":\"https:\\\/\\\/bikefit.lu\\\/wp-content\\\/uploads\\\/2024\\\/12\\\/cropped-bikefit-logoURL-RGB-jpg.jpg\",\"width\":512,\"height\":512,\"caption\":\"Patrick Guillaume\"},\"logo\":{\"@id\":\"https:\\\/\\\/bikefit.lu\\\/wp-content\\\/uploads\\\/2024\\\/12\\\/cropped-bikefit-logoURL-RGB-jpg.jpg\"},\"sameAs\":[\"https:\\\/\\\/bikefit.lu\"],\"honorificPrefix\":\"Mr\",\"birthDate\":\"1966-11-18\",\"gender\":\"male\",\"knowsAbout\":[\"Bike-fitting\"],\"knowsLanguage\":[\"English\",\"French\",\"German\",\"Luxembourgish\"]}]}<\/script>\n<meta property=\"product:price:amount\" content=\"135.00\" \/>\n<meta property=\"product:price:currency\" content=\"EUR\" \/>\n<meta property=\"og:availability\" content=\"instock\" \/>\n<meta property=\"product:availability\" content=\"instock\" \/>\n<meta property=\"product:condition\" content=\"new\" \/>\n<!-- \/ Yoast SEO Premium plugin. -->","yoast_head_json":{"title":"Kit de support Supersonic (J5) - bikefit.lu","robots":{"index":"index","follow":"follow","max-snippet":"max-snippet:-1","max-image-preview":"max-image-preview:large","max-video-preview":"max-video-preview:-1"},"canonical":"https:\/\/bikefit.lu\/fr\/product\/kit-de-support-supersonic-j5\/","og_locale":"fr_FR","og_type":"article","og_title":"Kit de support Supersonic (J5)","og_description":"Le support Supersonic (J5) est au c\u0153ur de la gamme de barres a\u00e9rodynamiques T-Carbon. Le support Supersonic a \u00e9t\u00e9 con\u00e7u pour offrir une grande capacit\u00e9 de r\u00e9glage gr\u00e2ce \u00e0 des caract\u00e9ristiques qui permettent un ajustement personnalis\u00e9 pour optimiser la position du cycliste. La pince de compression en ligne (ICC) permet un r\u00e9glage de l'extension \u00e0 un seul boulon, simple, s\u00fbr et facile \u00e0 utiliser.   Syst\u00e8me de cale simplifi\u00e9 : Syst\u00e8me de cale en ligne en instance de brevet, con\u00e7u pour r\u00e9duire la tra\u00een\u00e9e et uniformiser les forces de serrage.  Kit d'\u00e9l\u00e9vation du support d'Aerobar Possibilit\u00e9 d'augmenter la hauteur jusqu'\u00e0 70 mm avec le kit d'\u00e9l\u00e9vation du support d'Aerobar en option.","og_url":"https:\/\/bikefit.lu\/fr\/product\/kit-de-support-supersonic-j5\/","og_site_name":"bikefit.lu","og_image":[{"width":1000,"height":1000,"url":"https:\/\/bikefit.lu\/wp-content\/uploads\/2025\/12\/J5.webp","type":"image\/webp"}],"twitter_card":"summary_large_image","twitter_misc":{"Prix":"135,00&nbsp;&euro;","Disponibilit\u00e9":"En stock"},"schema":{"@context":"https:\/\/schema.org","@graph":[{"@type":"WebPage","@id":"https:\/\/bikefit.lu\/fr\/product\/kit-de-support-supersonic-j5\/","url":"https:\/\/bikefit.lu\/fr\/product\/kit-de-support-supersonic-j5\/","name":"Kit de support Supersonic (J5) - bikefit.lu","isPartOf":{"@id":"https:\/\/bikefit.lu\/fr\/#website"},"primaryImageOfPage":{"@id":"https:\/\/bikefit.lu\/fr\/product\/kit-de-support-supersonic-j5\/#primaryimage"},"image":{"@id":"https:\/\/bikefit.lu\/fr\/product\/kit-de-support-supersonic-j5\/#primaryimage"},"thumbnailUrl":"https:\/\/bikefit.lu\/wp-content\/uploads\/2025\/12\/J5.webp","datePublished":"2025-12-16T19:48:12+00:00","breadcrumb":{"@id":"https:\/\/bikefit.lu\/fr\/product\/kit-de-support-supersonic-j5\/#breadcrumb"},"inLanguage":"fr-FR","potentialAction":[{"@type":"ReadAction","target":["https:\/\/bikefit.lu\/fr\/product\/kit-de-support-supersonic-j5\/"]}]},{"@type":"ImageObject","inLanguage":"fr-FR","@id":"https:\/\/bikefit.lu\/fr\/product\/kit-de-support-supersonic-j5\/#primaryimage","url":"https:\/\/bikefit.lu\/wp-content\/uploads\/2025\/12\/J5.webp","contentUrl":"https:\/\/bikefit.lu\/wp-content\/uploads\/2025\/12\/J5.webp","width":1000,"height":1000},{"@type":"BreadcrumbList","@id":"https:\/\/bikefit.lu\/fr\/product\/kit-de-support-supersonic-j5\/#breadcrumb","itemListElement":[{"@type":"ListItem","position":1,"name":"Home","item":"https:\/\/bikefit.lu\/fr\/"},{"@type":"ListItem","position":2,"name":"Produits","item":"https:\/\/bikefit.lu\/fr\/shop\/"},{"@type":"ListItem","position":3,"name":"Kit de support Supersonic (J5)"}]},{"@type":"WebSite","@id":"https:\/\/bikefit.lu\/fr\/#website","url":"https:\/\/bikefit.lu\/fr\/","name":"bikefit.lu","description":"IMPROVING CYCLING","publisher":{"@id":"https:\/\/bikefit.lu\/fr\/#\/schema\/person\/379af1263474d2f8cd1f41c2bd90273d"},"potentialAction":[{"@type":"SearchAction","target":{"@type":"EntryPoint","urlTemplate":"https:\/\/bikefit.lu\/fr\/?s={search_term_string}"},"query-input":{"@type":"PropertyValueSpecification","valueRequired":true,"valueName":"search_term_string"}}],"inLanguage":"fr-FR"},{"@type":["Person","Organization"],"@id":"https:\/\/bikefit.lu\/fr\/#\/schema\/person\/379af1263474d2f8cd1f41c2bd90273d","name":"Patrick Guillaume","image":{"@type":"ImageObject","inLanguage":"fr-FR","@id":"https:\/\/bikefit.lu\/wp-content\/uploads\/2024\/12\/cropped-bikefit-logoURL-RGB-jpg.jpg","url":"https:\/\/bikefit.lu\/wp-content\/uploads\/2024\/12\/cropped-bikefit-logoURL-RGB-jpg.jpg","contentUrl":"https:\/\/bikefit.lu\/wp-content\/uploads\/2024\/12\/cropped-bikefit-logoURL-RGB-jpg.jpg","width":512,"height":512,"caption":"Patrick Guillaume"},"logo":{"@id":"https:\/\/bikefit.lu\/wp-content\/uploads\/2024\/12\/cropped-bikefit-logoURL-RGB-jpg.jpg"},"sameAs":["https:\/\/bikefit.lu"],"honorificPrefix":"Mr","birthDate":"1966-11-18","gender":"male","knowsAbout":["Bike-fitting"],"knowsLanguage":["English","French","German","Luxembourgish"]}]},"product_price_amount":"135.00","product_price_currency":"EUR","og_availability":"instock","product_availability":"instock","product_condition":"new"},"_links":{"self":[{"href":"https:\/\/bikefit.lu\/fr\/wp-json\/wp\/v2\/product\/98024","targetHints":{"allow":["GET"]}}],"collection":[{"href":"https:\/\/bikefit.lu\/fr\/wp-json\/wp\/v2\/product"}],"about":[{"href":"https:\/\/bikefit.lu\/fr\/wp-json\/wp\/v2\/types\/product"}],"replies":[{"embeddable":true,"href":"https:\/\/bikefit.lu\/fr\/wp-json\/wp\/v2\/comments?post=98024"}],"version-history":[{"count":0,"href":"https:\/\/bikefit.lu\/fr\/wp-json\/wp\/v2\/product\/98024\/revisions"}],"wp:featuredmedia":[{"embeddable":true,"href":"https:\/\/bikefit.lu\/fr\/wp-json\/wp\/v2\/media\/98006"}],"wp:attachment":[{"href":"https:\/\/bikefit.lu\/fr\/wp-json\/wp\/v2\/media?parent=98024"}],"wp:term":[{"taxonomy":"product_brand","embeddable":true,"href":"https:\/\/bikefit.lu\/fr\/wp-json\/wp\/v2\/product_brand?post=98024"},{"taxonomy":"product_cat","embeddable":true,"href":"https:\/\/bikefit.lu\/fr\/wp-json\/wp\/v2\/product_cat?post=98024"},{"taxonomy":"product_tag","embeddable":true,"href":"https:\/\/bikefit.lu\/fr\/wp-json\/wp\/v2\/product_tag?post=98024"}],"curies":[{"name":"wp","href":"https:\/\/api.w.org\/{rel}","templated":true}]}}