{"id":98061,"date":"2025-12-16T21:26:09","date_gmt":"2025-12-16T20:26:09","guid":{"rendered":"https:\/\/bikefit.lu\/product\/kit-de-repose-bras-race\/"},"modified":"2025-12-16T21:33:04","modified_gmt":"2025-12-16T20:33:04","slug":"kit-de-repose-bras-race","status":"publish","type":"product","link":"https:\/\/bikefit.lu\/fr\/product\/kit-de-repose-bras-race\/","title":{"rendered":"Kit de repose-bras Race+"},"content":{"rendered":"<ul>\n<li><b>Construction du repose-bras&nbsp;:<\/b> Nylon inject\u00e9\/Fibre de verre<\/li>\n<li><b>Construction du coussin&nbsp;:<\/b> Mousse EVA<\/li>\n<li><strong>Mod\u00e8le de coussin&nbsp;:<\/strong> 5&nbsp;mm<\/li>\n<li><b>Couleur:<\/b> Noir mat<\/li>\n<li><strong>Mat\u00e9riel&nbsp;:<\/strong> M6 x 10 FHB<\/li>\n<li><b>Poids&nbsp;:<\/b> 187,65&nbsp;g (ensemble)<\/li>\n<\/ul>\n","protected":false},"excerpt":{"rendered":"<p class=\"textbox\" dir=\"ltr\">Le repose-bras Race+ reprend la forme de notre populaire repose-bras Ergo et l\u2019allonge \u00e0 124&nbsp;mm pour augmenter la surface de contact pour vos bras, r\u00e9duisant ainsi davantage la pression sur votre peau.<\/p>\n<p class=\"textbox\" dir=\"ltr\">De plus, Profile Design a mis au point un nouveau motif de surface qui contribue \u00e0 am\u00e9liorer l&#8217;adh\u00e9rence et \u00e0 \u00e9vacuer la transpiration.<\/p>\n<p class=\"textbox\" dir=\"ltr\">Le Race+ peut \u00eatre associ\u00e9 \u00e0 n&#8217;importe lequel de leurs a\u00e9ro-bars actuels et r\u00e9cents comme am\u00e9lioration potentielle du confort.<\/p>\n<p class=\"textbox\" dir=\"ltr\"><strong>Sp\u00e9cifications<\/strong><\/p>\n<p><strong>Espacement des boulons&nbsp;:<\/strong> 15&nbsp;mm<br \/>\n<strong>Incr\u00e9ment de port\u00e9e&nbsp;:<\/strong> 15&nbsp;mm<br \/>\n<strong>Incr\u00e9ment de largeur&nbsp;:<\/strong> Variable<br \/>\n<strong>Longueur&nbsp;:<\/strong> 124&nbsp;mm<br \/>\n<strong>Hauteur&nbsp;:<\/strong> 16&nbsp;mm<\/p>\n<p>Manuel&nbsp;: <a href=\"https:\/\/bikefit.lu\/wp-content\/uploads\/2025\/12\/PFD_Ergo____Race__Armrest_Kits_IS_English_Rev.0.pdf\">Instructions d\u2019installation du kit de repose-bras Ergo+ \/ Race+<\/a><\/p>\n","protected":false},"featured_media":98043,"comment_status":"open","ping_status":"closed","template":"","meta":[],"product_brand":[5810],"product_cat":[4833],"product_tag":[5193,5183,5178],"class_list":{"0":"post-98061","1":"product","2":"type-product","3":"status-publish","4":"has-post-thumbnail","6":"product_brand-profile-design","7":"product_cat-point-de-contact-cockpit","8":"product_tag-contre-la-montre","9":"product_tag-triathlon-fr","10":"product_tag-ultra-cycling-fr","11":"product_shipping_class-large-items-fr","13":"first","14":"instock","15":"taxable","16":"shipping-taxable","17":"purchasable","18":"product-type-simple"},"yoast_head":"<!-- This site is optimized with the Yoast SEO Premium plugin v27.3 (Yoast SEO v27.3) - https:\/\/yoast.com\/product\/yoast-seo-premium-wordpress\/ -->\n<title>Kit de repose-bras Race+ - bikefit.lu<\/title>\n<meta name=\"robots\" content=\"index, follow, max-snippet:-1, max-image-preview:large, max-video-preview:-1\" \/>\n<link rel=\"canonical\" href=\"https:\/\/bikefit.lu\/fr\/product\/kit-de-repose-bras-race\/\" \/>\n<meta property=\"og:locale\" content=\"fr_FR\" \/>\n<meta property=\"og:type\" content=\"article\" \/>\n<meta property=\"og:title\" content=\"Kit de repose-bras Race+\" \/>\n<meta property=\"og:description\" content=\"Le repose-bras Race+ reprend la forme de notre populaire repose-bras Ergo et l\u2019allonge \u00e0 124&nbsp;mm pour augmenter la surface de contact pour vos bras, r\u00e9duisant ainsi davantage la pression sur votre peau. De plus, Profile Design a mis au point un nouveau motif de surface qui contribue \u00e0 am\u00e9liorer l&#039;adh\u00e9rence et \u00e0 \u00e9vacuer la transpiration. Le Race+ peut \u00eatre associ\u00e9 \u00e0 n&#039;importe lequel de leurs a\u00e9ro-bars actuels et r\u00e9cents comme am\u00e9lioration potentielle du confort. Sp\u00e9cifications Espacement des boulons&nbsp;: 15&nbsp;mm Incr\u00e9ment de port\u00e9e&nbsp;: 15&nbsp;mm Incr\u00e9ment de largeur&nbsp;: Variable Longueur&nbsp;: 124&nbsp;mm Hauteur&nbsp;: 16&nbsp;mm Manuel&nbsp;: Instructions d\u2019installation du kit de repose-bras Ergo+ \/ Race+\" \/>\n<meta property=\"og:url\" content=\"https:\/\/bikefit.lu\/fr\/product\/kit-de-repose-bras-race\/\" \/>\n<meta property=\"og:site_name\" content=\"bikefit.lu\" \/>\n<meta property=\"article:modified_time\" content=\"2025-12-16T20:33:04+00:00\" \/>\n<meta property=\"og:image\" content=\"https:\/\/bikefit.lu\/wp-content\/uploads\/2025\/12\/Race__Armrest-Group_1000x.webp\" \/>\n\t<meta property=\"og:image:width\" content=\"1000\" \/>\n\t<meta property=\"og:image:height\" content=\"1000\" \/>\n\t<meta property=\"og:image:type\" content=\"image\/webp\" \/>\n<meta name=\"twitter:card\" content=\"summary_large_image\" \/>\n<meta name=\"twitter:label1\" content=\"Prix\" \/>\n\t<meta name=\"twitter:data1\" content=\"79,00&nbsp;&euro;\" \/>\n\t<meta name=\"twitter:label2\" content=\"Disponibilit\u00e9\" \/>\n\t<meta name=\"twitter:data2\" content=\"En stock\" \/>\n<script type=\"application\/ld+json\" class=\"yoast-schema-graph\">{\"@context\":\"https:\\\/\\\/schema.org\",\"@graph\":[{\"@type\":\"WebPage\",\"@id\":\"https:\\\/\\\/bikefit.lu\\\/fr\\\/product\\\/kit-de-repose-bras-race\\\/\",\"url\":\"https:\\\/\\\/bikefit.lu\\\/fr\\\/product\\\/kit-de-repose-bras-race\\\/\",\"name\":\"Kit de repose-bras Race+ - bikefit.lu\",\"isPartOf\":{\"@id\":\"https:\\\/\\\/bikefit.lu\\\/fr\\\/#website\"},\"primaryImageOfPage\":{\"@id\":\"https:\\\/\\\/bikefit.lu\\\/fr\\\/product\\\/kit-de-repose-bras-race\\\/#primaryimage\"},\"image\":{\"@id\":\"https:\\\/\\\/bikefit.lu\\\/fr\\\/product\\\/kit-de-repose-bras-race\\\/#primaryimage\"},\"thumbnailUrl\":\"https:\\\/\\\/bikefit.lu\\\/wp-content\\\/uploads\\\/2025\\\/12\\\/Race__Armrest-Group_1000x.webp\",\"datePublished\":\"2025-12-16T20:26:09+00:00\",\"dateModified\":\"2025-12-16T20:33:04+00:00\",\"breadcrumb\":{\"@id\":\"https:\\\/\\\/bikefit.lu\\\/fr\\\/product\\\/kit-de-repose-bras-race\\\/#breadcrumb\"},\"inLanguage\":\"fr-FR\",\"potentialAction\":[{\"@type\":\"ReadAction\",\"target\":[\"https:\\\/\\\/bikefit.lu\\\/fr\\\/product\\\/kit-de-repose-bras-race\\\/\"]}]},{\"@type\":\"ImageObject\",\"inLanguage\":\"fr-FR\",\"@id\":\"https:\\\/\\\/bikefit.lu\\\/fr\\\/product\\\/kit-de-repose-bras-race\\\/#primaryimage\",\"url\":\"https:\\\/\\\/bikefit.lu\\\/wp-content\\\/uploads\\\/2025\\\/12\\\/Race__Armrest-Group_1000x.webp\",\"contentUrl\":\"https:\\\/\\\/bikefit.lu\\\/wp-content\\\/uploads\\\/2025\\\/12\\\/Race__Armrest-Group_1000x.webp\",\"width\":1000,\"height\":1000},{\"@type\":\"BreadcrumbList\",\"@id\":\"https:\\\/\\\/bikefit.lu\\\/fr\\\/product\\\/kit-de-repose-bras-race\\\/#breadcrumb\",\"itemListElement\":[{\"@type\":\"ListItem\",\"position\":1,\"name\":\"Home\",\"item\":\"https:\\\/\\\/bikefit.lu\\\/fr\\\/\"},{\"@type\":\"ListItem\",\"position\":2,\"name\":\"Produits\",\"item\":\"https:\\\/\\\/bikefit.lu\\\/fr\\\/shop\\\/\"},{\"@type\":\"ListItem\",\"position\":3,\"name\":\"Kit de repose-bras Race+\"}]},{\"@type\":\"WebSite\",\"@id\":\"https:\\\/\\\/bikefit.lu\\\/fr\\\/#website\",\"url\":\"https:\\\/\\\/bikefit.lu\\\/fr\\\/\",\"name\":\"bikefit.lu\",\"description\":\"IMPROVING CYCLING\",\"publisher\":{\"@id\":\"https:\\\/\\\/bikefit.lu\\\/fr\\\/#\\\/schema\\\/person\\\/379af1263474d2f8cd1f41c2bd90273d\"},\"potentialAction\":[{\"@type\":\"SearchAction\",\"target\":{\"@type\":\"EntryPoint\",\"urlTemplate\":\"https:\\\/\\\/bikefit.lu\\\/fr\\\/?s={search_term_string}\"},\"query-input\":{\"@type\":\"PropertyValueSpecification\",\"valueRequired\":true,\"valueName\":\"search_term_string\"}}],\"inLanguage\":\"fr-FR\"},{\"@type\":[\"Person\",\"Organization\"],\"@id\":\"https:\\\/\\\/bikefit.lu\\\/fr\\\/#\\\/schema\\\/person\\\/379af1263474d2f8cd1f41c2bd90273d\",\"name\":\"Patrick Guillaume\",\"image\":{\"@type\":\"ImageObject\",\"inLanguage\":\"fr-FR\",\"@id\":\"https:\\\/\\\/bikefit.lu\\\/wp-content\\\/uploads\\\/2024\\\/12\\\/cropped-bikefit-logoURL-RGB-jpg.jpg\",\"url\":\"https:\\\/\\\/bikefit.lu\\\/wp-content\\\/uploads\\\/2024\\\/12\\\/cropped-bikefit-logoURL-RGB-jpg.jpg\",\"contentUrl\":\"https:\\\/\\\/bikefit.lu\\\/wp-content\\\/uploads\\\/2024\\\/12\\\/cropped-bikefit-logoURL-RGB-jpg.jpg\",\"width\":512,\"height\":512,\"caption\":\"Patrick Guillaume\"},\"logo\":{\"@id\":\"https:\\\/\\\/bikefit.lu\\\/wp-content\\\/uploads\\\/2024\\\/12\\\/cropped-bikefit-logoURL-RGB-jpg.jpg\"},\"sameAs\":[\"https:\\\/\\\/bikefit.lu\"],\"honorificPrefix\":\"Mr\",\"birthDate\":\"1966-11-18\",\"gender\":\"male\",\"knowsAbout\":[\"Bike-fitting\"],\"knowsLanguage\":[\"English\",\"French\",\"German\",\"Luxembourgish\"]}]}<\/script>\n<meta property=\"product:price:amount\" content=\"79.00\" \/>\n<meta property=\"product:price:currency\" content=\"EUR\" \/>\n<meta property=\"og:availability\" content=\"instock\" \/>\n<meta property=\"product:availability\" content=\"instock\" \/>\n<meta property=\"product:condition\" content=\"new\" \/>\n<!-- \/ Yoast SEO Premium plugin. -->","yoast_head_json":{"title":"Kit de repose-bras Race+ - bikefit.lu","robots":{"index":"index","follow":"follow","max-snippet":"max-snippet:-1","max-image-preview":"max-image-preview:large","max-video-preview":"max-video-preview:-1"},"canonical":"https:\/\/bikefit.lu\/fr\/product\/kit-de-repose-bras-race\/","og_locale":"fr_FR","og_type":"article","og_title":"Kit de repose-bras Race+","og_description":"Le repose-bras Race+ reprend la forme de notre populaire repose-bras Ergo et l\u2019allonge \u00e0 124&nbsp;mm pour augmenter la surface de contact pour vos bras, r\u00e9duisant ainsi davantage la pression sur votre peau. De plus, Profile Design a mis au point un nouveau motif de surface qui contribue \u00e0 am\u00e9liorer l'adh\u00e9rence et \u00e0 \u00e9vacuer la transpiration. Le Race+ peut \u00eatre associ\u00e9 \u00e0 n'importe lequel de leurs a\u00e9ro-bars actuels et r\u00e9cents comme am\u00e9lioration potentielle du confort. Sp\u00e9cifications Espacement des boulons&nbsp;: 15&nbsp;mm Incr\u00e9ment de port\u00e9e&nbsp;: 15&nbsp;mm Incr\u00e9ment de largeur&nbsp;: Variable Longueur&nbsp;: 124&nbsp;mm Hauteur&nbsp;: 16&nbsp;mm Manuel&nbsp;: Instructions d\u2019installation du kit de repose-bras Ergo+ \/ Race+","og_url":"https:\/\/bikefit.lu\/fr\/product\/kit-de-repose-bras-race\/","og_site_name":"bikefit.lu","article_modified_time":"2025-12-16T20:33:04+00:00","og_image":[{"width":1000,"height":1000,"url":"https:\/\/bikefit.lu\/wp-content\/uploads\/2025\/12\/Race__Armrest-Group_1000x.webp","type":"image\/webp"}],"twitter_card":"summary_large_image","twitter_misc":{"Prix":"79,00&nbsp;&euro;","Disponibilit\u00e9":"En stock"},"schema":{"@context":"https:\/\/schema.org","@graph":[{"@type":"WebPage","@id":"https:\/\/bikefit.lu\/fr\/product\/kit-de-repose-bras-race\/","url":"https:\/\/bikefit.lu\/fr\/product\/kit-de-repose-bras-race\/","name":"Kit de repose-bras Race+ - bikefit.lu","isPartOf":{"@id":"https:\/\/bikefit.lu\/fr\/#website"},"primaryImageOfPage":{"@id":"https:\/\/bikefit.lu\/fr\/product\/kit-de-repose-bras-race\/#primaryimage"},"image":{"@id":"https:\/\/bikefit.lu\/fr\/product\/kit-de-repose-bras-race\/#primaryimage"},"thumbnailUrl":"https:\/\/bikefit.lu\/wp-content\/uploads\/2025\/12\/Race__Armrest-Group_1000x.webp","datePublished":"2025-12-16T20:26:09+00:00","dateModified":"2025-12-16T20:33:04+00:00","breadcrumb":{"@id":"https:\/\/bikefit.lu\/fr\/product\/kit-de-repose-bras-race\/#breadcrumb"},"inLanguage":"fr-FR","potentialAction":[{"@type":"ReadAction","target":["https:\/\/bikefit.lu\/fr\/product\/kit-de-repose-bras-race\/"]}]},{"@type":"ImageObject","inLanguage":"fr-FR","@id":"https:\/\/bikefit.lu\/fr\/product\/kit-de-repose-bras-race\/#primaryimage","url":"https:\/\/bikefit.lu\/wp-content\/uploads\/2025\/12\/Race__Armrest-Group_1000x.webp","contentUrl":"https:\/\/bikefit.lu\/wp-content\/uploads\/2025\/12\/Race__Armrest-Group_1000x.webp","width":1000,"height":1000},{"@type":"BreadcrumbList","@id":"https:\/\/bikefit.lu\/fr\/product\/kit-de-repose-bras-race\/#breadcrumb","itemListElement":[{"@type":"ListItem","position":1,"name":"Home","item":"https:\/\/bikefit.lu\/fr\/"},{"@type":"ListItem","position":2,"name":"Produits","item":"https:\/\/bikefit.lu\/fr\/shop\/"},{"@type":"ListItem","position":3,"name":"Kit de repose-bras Race+"}]},{"@type":"WebSite","@id":"https:\/\/bikefit.lu\/fr\/#website","url":"https:\/\/bikefit.lu\/fr\/","name":"bikefit.lu","description":"IMPROVING CYCLING","publisher":{"@id":"https:\/\/bikefit.lu\/fr\/#\/schema\/person\/379af1263474d2f8cd1f41c2bd90273d"},"potentialAction":[{"@type":"SearchAction","target":{"@type":"EntryPoint","urlTemplate":"https:\/\/bikefit.lu\/fr\/?s={search_term_string}"},"query-input":{"@type":"PropertyValueSpecification","valueRequired":true,"valueName":"search_term_string"}}],"inLanguage":"fr-FR"},{"@type":["Person","Organization"],"@id":"https:\/\/bikefit.lu\/fr\/#\/schema\/person\/379af1263474d2f8cd1f41c2bd90273d","name":"Patrick Guillaume","image":{"@type":"ImageObject","inLanguage":"fr-FR","@id":"https:\/\/bikefit.lu\/wp-content\/uploads\/2024\/12\/cropped-bikefit-logoURL-RGB-jpg.jpg","url":"https:\/\/bikefit.lu\/wp-content\/uploads\/2024\/12\/cropped-bikefit-logoURL-RGB-jpg.jpg","contentUrl":"https:\/\/bikefit.lu\/wp-content\/uploads\/2024\/12\/cropped-bikefit-logoURL-RGB-jpg.jpg","width":512,"height":512,"caption":"Patrick Guillaume"},"logo":{"@id":"https:\/\/bikefit.lu\/wp-content\/uploads\/2024\/12\/cropped-bikefit-logoURL-RGB-jpg.jpg"},"sameAs":["https:\/\/bikefit.lu"],"honorificPrefix":"Mr","birthDate":"1966-11-18","gender":"male","knowsAbout":["Bike-fitting"],"knowsLanguage":["English","French","German","Luxembourgish"]}]},"product_price_amount":"79.00","product_price_currency":"EUR","og_availability":"instock","product_availability":"instock","product_condition":"new"},"_links":{"self":[{"href":"https:\/\/bikefit.lu\/fr\/wp-json\/wp\/v2\/product\/98061","targetHints":{"allow":["GET"]}}],"collection":[{"href":"https:\/\/bikefit.lu\/fr\/wp-json\/wp\/v2\/product"}],"about":[{"href":"https:\/\/bikefit.lu\/fr\/wp-json\/wp\/v2\/types\/product"}],"replies":[{"embeddable":true,"href":"https:\/\/bikefit.lu\/fr\/wp-json\/wp\/v2\/comments?post=98061"}],"version-history":[{"count":0,"href":"https:\/\/bikefit.lu\/fr\/wp-json\/wp\/v2\/product\/98061\/revisions"}],"wp:featuredmedia":[{"embeddable":true,"href":"https:\/\/bikefit.lu\/fr\/wp-json\/wp\/v2\/media\/98043"}],"wp:attachment":[{"href":"https:\/\/bikefit.lu\/fr\/wp-json\/wp\/v2\/media?parent=98061"}],"wp:term":[{"taxonomy":"product_brand","embeddable":true,"href":"https:\/\/bikefit.lu\/fr\/wp-json\/wp\/v2\/product_brand?post=98061"},{"taxonomy":"product_cat","embeddable":true,"href":"https:\/\/bikefit.lu\/fr\/wp-json\/wp\/v2\/product_cat?post=98061"},{"taxonomy":"product_tag","embeddable":true,"href":"https:\/\/bikefit.lu\/fr\/wp-json\/wp\/v2\/product_tag?post=98061"}],"curies":[{"name":"wp","href":"https:\/\/api.w.org\/{rel}","templated":true}]}}