{"id":98121,"date":"2025-12-17T07:07:53","date_gmt":"2025-12-17T06:07:53","guid":{"rendered":"https:\/\/bikefit.lu\/product\/extensions-en-aluminium-45-25a\/"},"modified":"2025-12-17T07:07:53","modified_gmt":"2025-12-17T06:07:53","slug":"extensions-en-aluminium-45-25a","status":"publish","type":"product","link":"https:\/\/bikefit.lu\/fr\/product\/extensions-en-aluminium-45-25a\/","title":{"rendered":"Extensions en aluminium 45\/25A"},"content":{"rendered":"<ul>\n<li>Longueur des extensions: 400mm<\/li>\n<li><strong>Angle de l&#8217;extension&nbsp;:<\/strong> 45&nbsp;degr\u00e9s \/ 25&nbsp;degr\u00e9s<\/li>\n<li><b>Diam\u00e8tre externe : <\/b>22.2mm<\/li>\n<li><b>Inclus :<\/b> Vendu par paire (1 extension droite et 1 gauche)<\/li>\n<li><b>Construction:<\/b> aluminium 6061-T6 aluminum, pr\u00e9-forr\u00e9 pour le passage des c\u00e2bles des shifters<\/li>\n<li><b>Coloris&nbsp;:<\/b> Noir mat<\/li>\n<li><b>Poids&nbsp;:<\/b> 200&nbsp;g\/paire<\/li>\n<\/ul>\n","protected":false},"excerpt":{"rendered":"<p>La nouvelle gamme d\u2019extensions est une \u00e9volution de la s\u00e9rie&nbsp;T \u00e9prouv\u00e9e de Profile&nbsp;Design. Ils ont \u00e9t\u00e9 con\u00e7us pour offrir des options de r\u00e9glage bien distinctes. Nous avons \u00e9galement adopt\u00e9 un nouveau syst\u00e8me de d\u00e9signation dans lequel le nom indique l\u2019angle et le mat\u00e9riau de l\u2019extension. Ainsi, 4525a est une courbure de 45\u00b0 \/ 25\u00b0 en aluminium. <\/p>\n<p class=\"textbox\" dir=\"ltr\"><strong>Performance<\/strong><\/p>\n<p class=\"textbox\" dir=\"ltr\">L\u2019unique objectif des prolongateurs est d\u2019offrir une position confortable pour les mains du cycliste par rapport aux repose-bras. Ils am\u00e9liorent les performances en permettant au cycliste de se d\u00e9tendre dans sa position optimale.  C\u2019est pourquoi ils proposent diff\u00e9rentes options de r\u00e9glage, afin que chaque cycliste puisse viser sa meilleure performance.<\/p>\n<p class=\"textbox\" dir=\"ltr\"><strong>Donn\u00e9es d&#8217;ajustement<\/strong><\/p>\n<ul>\n<li data-open-accessibility-text-original=\"17px\"><strong>Forme de l&#8217;extension&nbsp;:<\/strong> Les extensions 45\/25c ont une premi\u00e8re section \u00e0 45<span data-open-accessibility-text-original=\"17px\">\u00b0<\/span> et la poign\u00e9e \u00e0 25<span data-open-accessibility-text-original=\"17px\">\u00b0<\/span>. Le Pilote peut choisir de les tenir haut pour la position plus a\u00e9rodynamique ou bas pour une position plus ouverte, t\u00eate haute.<\/li>\n<\/ul>\n<p class=\"textbox\" dir=\"ltr\"><strong><img decoding=\"async\" src=\"https:\/\/cdn.shopify.com\/s\/files\/1\/2357\/3659\/files\/Extension_Angle-45-25a_740673b7-1f07-4628-a49a-e1bb0926a7e5.jpg?15350969489477904485?v=1540319615\" alt=\"\"><br \/>\n<\/strong><\/p>\n<ul>\n<li data-open-accessibility-text-original=\"17px\"><span data-open-accessibility-text-original=\"17px\">Les 45\/25a offrent un d\u00e9calage lat\u00e9ral de 7,5&nbsp;mm par c\u00f4t\u00e9. Cela permet au pilote d&#8217;avoir des mains plus \u00e9troites ou plus larges sans que les extensions ne soient trop inclin\u00e9es et que les manettes ne se touchent.<\/span><\/li>\n<\/ul>\n<p data-open-accessibility-text-original=\"17px\"><span data-open-accessibility-text-original=\"17px\"><img decoding=\"async\" src=\"https:\/\/cdn.shopify.com\/s\/files\/1\/2357\/3659\/files\/Extension_Angle-45-25a-lateral_large.jpg?v=1540319635\" alt=\"\"><\/span><\/p>\n<ul>\n<li>Elles mesurent 400&nbsp;mm de long et peuvent \u00eatre coup\u00e9es sur mesure pour convenir \u00e0 presque tous les cyclistes.<\/li>\n<li>Elles sont perc\u00e9es pour le passage des c\u00e2bles \u00e0 l\u2019arri\u00e8re.<\/li>\n<\/ul>\n<p><strong>Origine<\/strong><\/p>\n<p>Les tendances r\u00e9centes en mati\u00e8re d\u2019ajustement des a\u00e9robars vont vers des positions de mains plus hautes. Nous avons donc augment\u00e9 la hauteur par rapport aux extensions de la g\u00e9n\u00e9ration pr\u00e9c\u00e9dente. Nous nous sommes concentr\u00e9s sur les angles les plus populaires de notre gamme pr\u00e9c\u00e9dente et avons ajout\u00e9 le 45\/25c comme option multi-positions. Le 45\/25 slc a \u00e9t\u00e9 d\u00e9velopp\u00e9 pour offrir \u00e0 la fois l\u2019extension en carbone la plus l\u00e9g\u00e8re possible et pour permettre aux cyclistes de v\u00e9los haut de gamme d\u2019utiliser notre adaptateur Aeroport&nbsp;Di2 avec une extension en carbone. Des tests approfondis ont \u00e9t\u00e9 n\u00e9cessaires pour atteindre cet objectif.   <\/p>\n<p><strong>\u00c0 qui s\u2019adressent-ils?<\/strong><\/p>\n<p>Les prolongateurs s\u2019adaptent \u00e0 tout a\u00e9robar con\u00e7u pour un diam\u00e8tre de 22,2 mm.<br \/>Ils conviennent donc \u00e0 tout cycliste souhaitant am\u00e9liorer le confort de sa position sur les prolongateurs. <\/p>\n<p><strong>Accessoires<\/strong><\/p>\n<p>Ces extensions ont \u00e9t\u00e9 con\u00e7ues avec l\u2019Aeroport \u00e0 l\u2019esprit. Elles peuvent donc accueillir une bo\u00eete de jonction Shimano&nbsp;Di2 EW-RS910 et une batterie BT-DN110 avec de la place pour qu\u2019un c\u00e2ble EW-SD50 puisse passer.<\/p>\n","protected":false},"featured_media":98104,"comment_status":"open","ping_status":"closed","template":"","meta":[],"product_brand":[5810],"product_cat":[4788,4833],"product_tag":[5193,5183,5178],"class_list":{"0":"post-98121","1":"product","2":"type-product","3":"status-publish","4":"has-post-thumbnail","6":"product_brand-profile-design","7":"product_cat-sale-fr","8":"product_cat-point-de-contact-cockpit","9":"product_tag-contre-la-montre","10":"product_tag-triathlon-fr","11":"product_tag-ultra-cycling-fr","12":"product_shipping_class-large-items-fr","14":"first","15":"instock","16":"sale","17":"sold-individually","18":"taxable","19":"shipping-taxable","20":"purchasable","21":"product-type-simple"},"yoast_head":"<!-- This site is optimized with the Yoast SEO Premium plugin v27.3 (Yoast SEO v27.3) - https:\/\/yoast.com\/product\/yoast-seo-premium-wordpress\/ -->\n<title>Extensions en aluminium 45\/25A - bikefit.lu<\/title>\n<meta name=\"robots\" content=\"index, follow, max-snippet:-1, max-image-preview:large, max-video-preview:-1\" \/>\n<link rel=\"canonical\" href=\"https:\/\/bikefit.lu\/fr\/product\/extensions-en-aluminium-45-25a\/\" \/>\n<meta property=\"og:locale\" content=\"fr_FR\" \/>\n<meta property=\"og:type\" content=\"article\" \/>\n<meta property=\"og:title\" content=\"Extensions en aluminium 45\/25A\" \/>\n<meta property=\"og:description\" content=\"La nouvelle gamme d\u2019extensions est une \u00e9volution de la s\u00e9rie&nbsp;T \u00e9prouv\u00e9e de Profile&nbsp;Design. Ils ont \u00e9t\u00e9 con\u00e7us pour offrir des options de r\u00e9glage bien distinctes. Nous avons \u00e9galement adopt\u00e9 un nouveau syst\u00e8me de d\u00e9signation dans lequel le nom indique l\u2019angle et le mat\u00e9riau de l\u2019extension. Ainsi, 4525a est une courbure de 45\u00b0 \/ 25\u00b0 en aluminium. Performance L\u2019unique objectif des prolongateurs est d\u2019offrir une position confortable pour les mains du cycliste par rapport aux repose-bras. Ils am\u00e9liorent les performances en permettant au cycliste de se d\u00e9tendre dans sa position optimale. C\u2019est pourquoi ils proposent diff\u00e9rentes options de r\u00e9glage, afin que chaque cycliste puisse viser sa meilleure performance. Donn\u00e9es d&#039;ajustement   Forme de l&#039;extension&nbsp;: Les extensions 45\/25c ont une premi\u00e8re section \u00e0 45\u00b0 et la poign\u00e9e \u00e0 25\u00b0. Le Pilote peut choisir de les tenir haut pour la position plus a\u00e9rodynamique ou bas pour une position plus ouverte, t\u00eate haute.    Les 45\/25a offrent un d\u00e9calage lat\u00e9ral de 7,5&nbsp;mm par c\u00f4t\u00e9. Cela permet au pilote d&#039;avoir des mains plus \u00e9troites ou plus larges sans que les extensions ne soient trop inclin\u00e9es et que les manettes ne se touchent.    Elles mesurent 400&nbsp;mm de long et peuvent \u00eatre coup\u00e9es sur mesure pour convenir \u00e0 presque tous les cyclistes.  Elles sont perc\u00e9es pour le passage des c\u00e2bles \u00e0 l\u2019arri\u00e8re. Origine Les tendances r\u00e9centes en mati\u00e8re d\u2019ajustement des a\u00e9robars vont vers des positions de mains plus hautes. Nous avons donc augment\u00e9 la hauteur par rapport aux extensions de la g\u00e9n\u00e9ration pr\u00e9c\u00e9dente. Nous nous sommes concentr\u00e9s sur les angles les plus populaires de notre gamme pr\u00e9c\u00e9dente et avons ajout\u00e9 le 45\/25c comme option multi-positions. Le 45\/25 slc a \u00e9t\u00e9 d\u00e9velopp\u00e9 pour offrir \u00e0 la fois l\u2019extension en carbone la plus l\u00e9g\u00e8re possible et pour permettre aux cyclistes de v\u00e9los haut de gamme d\u2019utiliser notre adaptateur Aeroport&nbsp;Di2 avec une extension en carbone. Des tests approfondis ont \u00e9t\u00e9 n\u00e9cessaires pour atteindre cet objectif.   \u00c0 qui s\u2019adressent-ils? Les prolongateurs s\u2019adaptent \u00e0 tout a\u00e9robar con\u00e7u pour un diam\u00e8tre de 22,2 mm.Ils conviennent donc \u00e0 tout cycliste souhaitant am\u00e9liorer le confort de sa position sur les prolongateurs.  Accessoires Ces extensions ont \u00e9t\u00e9 con\u00e7ues avec l\u2019Aeroport \u00e0 l\u2019esprit. Elles peuvent donc accueillir une bo\u00eete de jonction Shimano&nbsp;Di2 EW-RS910 et une batterie BT-DN110 avec de la place pour qu\u2019un c\u00e2ble EW-SD50 puisse passer.\" \/>\n<meta property=\"og:url\" content=\"https:\/\/bikefit.lu\/fr\/product\/extensions-en-aluminium-45-25a\/\" \/>\n<meta property=\"og:site_name\" content=\"bikefit.lu\" \/>\n<meta property=\"og:image\" content=\"https:\/\/bikefit.lu\/wp-content\/uploads\/2025\/12\/4525.jpg\" \/>\n\t<meta property=\"og:image:width\" content=\"1080\" \/>\n\t<meta property=\"og:image:height\" content=\"1080\" \/>\n\t<meta property=\"og:image:type\" content=\"image\/jpeg\" \/>\n<meta name=\"twitter:card\" content=\"summary_large_image\" \/>\n<meta name=\"twitter:label1\" content=\"Prix\" \/>\n\t<meta name=\"twitter:data1\" content=\"54,00&nbsp;&euro;\" \/>\n\t<meta name=\"twitter:label2\" content=\"Disponibilit\u00e9\" \/>\n\t<meta name=\"twitter:data2\" content=\"En stock\" \/>\n<script type=\"application\/ld+json\" class=\"yoast-schema-graph\">{\"@context\":\"https:\\\/\\\/schema.org\",\"@graph\":[{\"@type\":\"WebPage\",\"@id\":\"https:\\\/\\\/bikefit.lu\\\/fr\\\/product\\\/extensions-en-aluminium-45-25a\\\/\",\"url\":\"https:\\\/\\\/bikefit.lu\\\/fr\\\/product\\\/extensions-en-aluminium-45-25a\\\/\",\"name\":\"Extensions en aluminium 45\\\/25A - bikefit.lu\",\"isPartOf\":{\"@id\":\"https:\\\/\\\/bikefit.lu\\\/fr\\\/#website\"},\"primaryImageOfPage\":{\"@id\":\"https:\\\/\\\/bikefit.lu\\\/fr\\\/product\\\/extensions-en-aluminium-45-25a\\\/#primaryimage\"},\"image\":{\"@id\":\"https:\\\/\\\/bikefit.lu\\\/fr\\\/product\\\/extensions-en-aluminium-45-25a\\\/#primaryimage\"},\"thumbnailUrl\":\"https:\\\/\\\/bikefit.lu\\\/wp-content\\\/uploads\\\/2025\\\/12\\\/4525.jpg\",\"datePublished\":\"2025-12-17T06:07:53+00:00\",\"breadcrumb\":{\"@id\":\"https:\\\/\\\/bikefit.lu\\\/fr\\\/product\\\/extensions-en-aluminium-45-25a\\\/#breadcrumb\"},\"inLanguage\":\"fr-FR\",\"potentialAction\":[{\"@type\":\"ReadAction\",\"target\":[\"https:\\\/\\\/bikefit.lu\\\/fr\\\/product\\\/extensions-en-aluminium-45-25a\\\/\"]}]},{\"@type\":\"ImageObject\",\"inLanguage\":\"fr-FR\",\"@id\":\"https:\\\/\\\/bikefit.lu\\\/fr\\\/product\\\/extensions-en-aluminium-45-25a\\\/#primaryimage\",\"url\":\"https:\\\/\\\/bikefit.lu\\\/wp-content\\\/uploads\\\/2025\\\/12\\\/4525.jpg\",\"contentUrl\":\"https:\\\/\\\/bikefit.lu\\\/wp-content\\\/uploads\\\/2025\\\/12\\\/4525.jpg\",\"width\":1080,\"height\":1080},{\"@type\":\"BreadcrumbList\",\"@id\":\"https:\\\/\\\/bikefit.lu\\\/fr\\\/product\\\/extensions-en-aluminium-45-25a\\\/#breadcrumb\",\"itemListElement\":[{\"@type\":\"ListItem\",\"position\":1,\"name\":\"Home\",\"item\":\"https:\\\/\\\/bikefit.lu\\\/fr\\\/\"},{\"@type\":\"ListItem\",\"position\":2,\"name\":\"Produits\",\"item\":\"https:\\\/\\\/bikefit.lu\\\/fr\\\/shop\\\/\"},{\"@type\":\"ListItem\",\"position\":3,\"name\":\"Extensions en aluminium 45\\\/25A\"}]},{\"@type\":\"WebSite\",\"@id\":\"https:\\\/\\\/bikefit.lu\\\/fr\\\/#website\",\"url\":\"https:\\\/\\\/bikefit.lu\\\/fr\\\/\",\"name\":\"bikefit.lu\",\"description\":\"IMPROVING CYCLING\",\"publisher\":{\"@id\":\"https:\\\/\\\/bikefit.lu\\\/fr\\\/#\\\/schema\\\/person\\\/379af1263474d2f8cd1f41c2bd90273d\"},\"potentialAction\":[{\"@type\":\"SearchAction\",\"target\":{\"@type\":\"EntryPoint\",\"urlTemplate\":\"https:\\\/\\\/bikefit.lu\\\/fr\\\/?s={search_term_string}\"},\"query-input\":{\"@type\":\"PropertyValueSpecification\",\"valueRequired\":true,\"valueName\":\"search_term_string\"}}],\"inLanguage\":\"fr-FR\"},{\"@type\":[\"Person\",\"Organization\"],\"@id\":\"https:\\\/\\\/bikefit.lu\\\/fr\\\/#\\\/schema\\\/person\\\/379af1263474d2f8cd1f41c2bd90273d\",\"name\":\"Patrick Guillaume\",\"image\":{\"@type\":\"ImageObject\",\"inLanguage\":\"fr-FR\",\"@id\":\"https:\\\/\\\/bikefit.lu\\\/wp-content\\\/uploads\\\/2024\\\/12\\\/cropped-bikefit-logoURL-RGB-jpg.jpg\",\"url\":\"https:\\\/\\\/bikefit.lu\\\/wp-content\\\/uploads\\\/2024\\\/12\\\/cropped-bikefit-logoURL-RGB-jpg.jpg\",\"contentUrl\":\"https:\\\/\\\/bikefit.lu\\\/wp-content\\\/uploads\\\/2024\\\/12\\\/cropped-bikefit-logoURL-RGB-jpg.jpg\",\"width\":512,\"height\":512,\"caption\":\"Patrick Guillaume\"},\"logo\":{\"@id\":\"https:\\\/\\\/bikefit.lu\\\/wp-content\\\/uploads\\\/2024\\\/12\\\/cropped-bikefit-logoURL-RGB-jpg.jpg\"},\"sameAs\":[\"https:\\\/\\\/bikefit.lu\"],\"honorificPrefix\":\"Mr\",\"birthDate\":\"1966-11-18\",\"gender\":\"male\",\"knowsAbout\":[\"Bike-fitting\"],\"knowsLanguage\":[\"English\",\"French\",\"German\",\"Luxembourgish\"]}]}<\/script>\n<meta property=\"product:price:amount\" content=\"54.00\" \/>\n<meta property=\"product:price:currency\" content=\"EUR\" \/>\n<meta property=\"og:availability\" content=\"instock\" \/>\n<meta property=\"product:availability\" content=\"instock\" \/>\n<meta property=\"product:condition\" content=\"new\" \/>\n<!-- \/ Yoast SEO Premium plugin. -->","yoast_head_json":{"title":"Extensions en aluminium 45\/25A - bikefit.lu","robots":{"index":"index","follow":"follow","max-snippet":"max-snippet:-1","max-image-preview":"max-image-preview:large","max-video-preview":"max-video-preview:-1"},"canonical":"https:\/\/bikefit.lu\/fr\/product\/extensions-en-aluminium-45-25a\/","og_locale":"fr_FR","og_type":"article","og_title":"Extensions en aluminium 45\/25A","og_description":"La nouvelle gamme d\u2019extensions est une \u00e9volution de la s\u00e9rie&nbsp;T \u00e9prouv\u00e9e de Profile&nbsp;Design. Ils ont \u00e9t\u00e9 con\u00e7us pour offrir des options de r\u00e9glage bien distinctes. Nous avons \u00e9galement adopt\u00e9 un nouveau syst\u00e8me de d\u00e9signation dans lequel le nom indique l\u2019angle et le mat\u00e9riau de l\u2019extension. Ainsi, 4525a est une courbure de 45\u00b0 \/ 25\u00b0 en aluminium. Performance L\u2019unique objectif des prolongateurs est d\u2019offrir une position confortable pour les mains du cycliste par rapport aux repose-bras. Ils am\u00e9liorent les performances en permettant au cycliste de se d\u00e9tendre dans sa position optimale. C\u2019est pourquoi ils proposent diff\u00e9rentes options de r\u00e9glage, afin que chaque cycliste puisse viser sa meilleure performance. Donn\u00e9es d'ajustement   Forme de l'extension&nbsp;: Les extensions 45\/25c ont une premi\u00e8re section \u00e0 45\u00b0 et la poign\u00e9e \u00e0 25\u00b0. Le Pilote peut choisir de les tenir haut pour la position plus a\u00e9rodynamique ou bas pour une position plus ouverte, t\u00eate haute.    Les 45\/25a offrent un d\u00e9calage lat\u00e9ral de 7,5&nbsp;mm par c\u00f4t\u00e9. Cela permet au pilote d'avoir des mains plus \u00e9troites ou plus larges sans que les extensions ne soient trop inclin\u00e9es et que les manettes ne se touchent.    Elles mesurent 400&nbsp;mm de long et peuvent \u00eatre coup\u00e9es sur mesure pour convenir \u00e0 presque tous les cyclistes.  Elles sont perc\u00e9es pour le passage des c\u00e2bles \u00e0 l\u2019arri\u00e8re. Origine Les tendances r\u00e9centes en mati\u00e8re d\u2019ajustement des a\u00e9robars vont vers des positions de mains plus hautes. Nous avons donc augment\u00e9 la hauteur par rapport aux extensions de la g\u00e9n\u00e9ration pr\u00e9c\u00e9dente. Nous nous sommes concentr\u00e9s sur les angles les plus populaires de notre gamme pr\u00e9c\u00e9dente et avons ajout\u00e9 le 45\/25c comme option multi-positions. Le 45\/25 slc a \u00e9t\u00e9 d\u00e9velopp\u00e9 pour offrir \u00e0 la fois l\u2019extension en carbone la plus l\u00e9g\u00e8re possible et pour permettre aux cyclistes de v\u00e9los haut de gamme d\u2019utiliser notre adaptateur Aeroport&nbsp;Di2 avec une extension en carbone. Des tests approfondis ont \u00e9t\u00e9 n\u00e9cessaires pour atteindre cet objectif.   \u00c0 qui s\u2019adressent-ils? Les prolongateurs s\u2019adaptent \u00e0 tout a\u00e9robar con\u00e7u pour un diam\u00e8tre de 22,2 mm.Ils conviennent donc \u00e0 tout cycliste souhaitant am\u00e9liorer le confort de sa position sur les prolongateurs.  Accessoires Ces extensions ont \u00e9t\u00e9 con\u00e7ues avec l\u2019Aeroport \u00e0 l\u2019esprit. Elles peuvent donc accueillir une bo\u00eete de jonction Shimano&nbsp;Di2 EW-RS910 et une batterie BT-DN110 avec de la place pour qu\u2019un c\u00e2ble EW-SD50 puisse passer.","og_url":"https:\/\/bikefit.lu\/fr\/product\/extensions-en-aluminium-45-25a\/","og_site_name":"bikefit.lu","og_image":[{"width":1080,"height":1080,"url":"https:\/\/bikefit.lu\/wp-content\/uploads\/2025\/12\/4525.jpg","type":"image\/jpeg"}],"twitter_card":"summary_large_image","twitter_misc":{"Prix":"54,00&nbsp;&euro;","Disponibilit\u00e9":"En stock"},"schema":{"@context":"https:\/\/schema.org","@graph":[{"@type":"WebPage","@id":"https:\/\/bikefit.lu\/fr\/product\/extensions-en-aluminium-45-25a\/","url":"https:\/\/bikefit.lu\/fr\/product\/extensions-en-aluminium-45-25a\/","name":"Extensions en aluminium 45\/25A - bikefit.lu","isPartOf":{"@id":"https:\/\/bikefit.lu\/fr\/#website"},"primaryImageOfPage":{"@id":"https:\/\/bikefit.lu\/fr\/product\/extensions-en-aluminium-45-25a\/#primaryimage"},"image":{"@id":"https:\/\/bikefit.lu\/fr\/product\/extensions-en-aluminium-45-25a\/#primaryimage"},"thumbnailUrl":"https:\/\/bikefit.lu\/wp-content\/uploads\/2025\/12\/4525.jpg","datePublished":"2025-12-17T06:07:53+00:00","breadcrumb":{"@id":"https:\/\/bikefit.lu\/fr\/product\/extensions-en-aluminium-45-25a\/#breadcrumb"},"inLanguage":"fr-FR","potentialAction":[{"@type":"ReadAction","target":["https:\/\/bikefit.lu\/fr\/product\/extensions-en-aluminium-45-25a\/"]}]},{"@type":"ImageObject","inLanguage":"fr-FR","@id":"https:\/\/bikefit.lu\/fr\/product\/extensions-en-aluminium-45-25a\/#primaryimage","url":"https:\/\/bikefit.lu\/wp-content\/uploads\/2025\/12\/4525.jpg","contentUrl":"https:\/\/bikefit.lu\/wp-content\/uploads\/2025\/12\/4525.jpg","width":1080,"height":1080},{"@type":"BreadcrumbList","@id":"https:\/\/bikefit.lu\/fr\/product\/extensions-en-aluminium-45-25a\/#breadcrumb","itemListElement":[{"@type":"ListItem","position":1,"name":"Home","item":"https:\/\/bikefit.lu\/fr\/"},{"@type":"ListItem","position":2,"name":"Produits","item":"https:\/\/bikefit.lu\/fr\/shop\/"},{"@type":"ListItem","position":3,"name":"Extensions en aluminium 45\/25A"}]},{"@type":"WebSite","@id":"https:\/\/bikefit.lu\/fr\/#website","url":"https:\/\/bikefit.lu\/fr\/","name":"bikefit.lu","description":"IMPROVING CYCLING","publisher":{"@id":"https:\/\/bikefit.lu\/fr\/#\/schema\/person\/379af1263474d2f8cd1f41c2bd90273d"},"potentialAction":[{"@type":"SearchAction","target":{"@type":"EntryPoint","urlTemplate":"https:\/\/bikefit.lu\/fr\/?s={search_term_string}"},"query-input":{"@type":"PropertyValueSpecification","valueRequired":true,"valueName":"search_term_string"}}],"inLanguage":"fr-FR"},{"@type":["Person","Organization"],"@id":"https:\/\/bikefit.lu\/fr\/#\/schema\/person\/379af1263474d2f8cd1f41c2bd90273d","name":"Patrick Guillaume","image":{"@type":"ImageObject","inLanguage":"fr-FR","@id":"https:\/\/bikefit.lu\/wp-content\/uploads\/2024\/12\/cropped-bikefit-logoURL-RGB-jpg.jpg","url":"https:\/\/bikefit.lu\/wp-content\/uploads\/2024\/12\/cropped-bikefit-logoURL-RGB-jpg.jpg","contentUrl":"https:\/\/bikefit.lu\/wp-content\/uploads\/2024\/12\/cropped-bikefit-logoURL-RGB-jpg.jpg","width":512,"height":512,"caption":"Patrick Guillaume"},"logo":{"@id":"https:\/\/bikefit.lu\/wp-content\/uploads\/2024\/12\/cropped-bikefit-logoURL-RGB-jpg.jpg"},"sameAs":["https:\/\/bikefit.lu"],"honorificPrefix":"Mr","birthDate":"1966-11-18","gender":"male","knowsAbout":["Bike-fitting"],"knowsLanguage":["English","French","German","Luxembourgish"]}]},"product_price_amount":"54.00","product_price_currency":"EUR","og_availability":"instock","product_availability":"instock","product_condition":"new"},"_links":{"self":[{"href":"https:\/\/bikefit.lu\/fr\/wp-json\/wp\/v2\/product\/98121","targetHints":{"allow":["GET"]}}],"collection":[{"href":"https:\/\/bikefit.lu\/fr\/wp-json\/wp\/v2\/product"}],"about":[{"href":"https:\/\/bikefit.lu\/fr\/wp-json\/wp\/v2\/types\/product"}],"replies":[{"embeddable":true,"href":"https:\/\/bikefit.lu\/fr\/wp-json\/wp\/v2\/comments?post=98121"}],"version-history":[{"count":0,"href":"https:\/\/bikefit.lu\/fr\/wp-json\/wp\/v2\/product\/98121\/revisions"}],"wp:featuredmedia":[{"embeddable":true,"href":"https:\/\/bikefit.lu\/fr\/wp-json\/wp\/v2\/media\/98104"}],"wp:attachment":[{"href":"https:\/\/bikefit.lu\/fr\/wp-json\/wp\/v2\/media?parent=98121"}],"wp:term":[{"taxonomy":"product_brand","embeddable":true,"href":"https:\/\/bikefit.lu\/fr\/wp-json\/wp\/v2\/product_brand?post=98121"},{"taxonomy":"product_cat","embeddable":true,"href":"https:\/\/bikefit.lu\/fr\/wp-json\/wp\/v2\/product_cat?post=98121"},{"taxonomy":"product_tag","embeddable":true,"href":"https:\/\/bikefit.lu\/fr\/wp-json\/wp\/v2\/product_tag?post=98121"}],"curies":[{"name":"wp","href":"https:\/\/api.w.org\/{rel}","templated":true}]}}