{"id":98594,"date":"2026-01-30T07:40:11","date_gmt":"2026-01-30T06:40:11","guid":{"rendered":"https:\/\/bikefit.lu\/product\/surfaces-de-remplacement-ext-stealth-time-trial\/"},"modified":"2026-01-30T07:40:11","modified_gmt":"2026-01-30T06:40:11","slug":"surfaces-de-remplacement-ext-stealth-time-trial","status":"publish","type":"product","link":"https:\/\/bikefit.lu\/fr\/product\/surfaces-de-remplacement-ext-stealth-time-trial\/","title":{"rendered":"Surfaces de remplacement EXT Stealth Time Trial"},"content":{"rendered":"<div>\n<div class=\"summary__title\">\n<h6 class=\"h6 accordion__title\"><strong style=\"font-size: 16px;\">AVANTAGES<\/strong><\/h6>\n<\/div>\n<\/div>\n<div id=\"ProductAccordion-750a0788-8ce9-45e9-8e38-8a3b060e92b1-template--24997800542502__main\" class=\"accordion__content rte\">\n<ul>\n<li>Roulez sans douleur<\/li>\n<li>Nos selles \u00e9liminent les douleurs, les engourdissements, l\u2019inconfort, les irritations et les blessures g\u00e9nitales<\/li>\n<li>Vous aide \u00e0 rouler plus loin, plus vite<\/li>\n<\/ul>\n<p><strong>CARACT\u00c9RISTIQUES&nbsp;:<\/strong><\/p>\n<ul>\n<li>BiSaddle est la seule selle au monde dont la forme est r\u00e9glable. <strong>(BREVET\u00c9)<\/strong><\/li>\n<li>La conception de la selle divis\u00e9e permet de modifier sa largeur, son angle et son profil pour s&#8217;adapter \u00e0 votre morphologie.<\/li>\n<li>Si votre style de conduite ou votre morphologie change, vous pouvez simplement r\u00e9ajuster pour un confort ultime.<\/li>\n<li> Tous les composants sont rempla\u00e7ables, ce qui en fait la derni\u00e8re selle que vous aurez jamais besoin d&#8217;acheter.<\/li>\n<\/ul>\n<\/div>\n","protected":false},"excerpt":{"rendered":"<div>\n<div class=\"summary__title\"><\/div>\n<\/div>\n<div id=\"ProductAccordion-118e1de5-ef67-4f6a-8828-17585a55bde8-template--24997800542502__main\" class=\"accordion__content rte\">\n<p>Les surfaces devront \u00eatre achet\u00e9es avec les cadres de base, sauf si vous en avez d\u00e9j\u00e0 un. Elles peuvent \u00eatre utilis\u00e9es pour des remplacements ou pour changer de style. <\/p>\n<p>Inclus&nbsp;:<\/p>\n<ul>\n<li>Surfaces Stealth<\/li>\n<li>Boulons de r\u00e9glage avant de 12&nbsp;mm<\/li>\n<li>Boulons de r\u00e9glage arri\u00e8re de 16&nbsp;mm<\/li>\n<li>(2) Rondelles d&#8217;adh\u00e9rence pour l&#8217;avant uniquement<\/li>\n<\/ul>\n<\/div>\n","protected":false},"featured_media":98585,"comment_status":"open","ping_status":"closed","template":"","meta":[],"product_brand":[5861],"product_cat":[4772,4834,4773,4776],"product_tag":[4985,5193,4824,5124,5183,5178],"class_list":{"0":"post-98594","1":"product","2":"type-product","3":"status-publish","4":"has-post-thumbnail","6":"product_brand-bisaddle","7":"product_cat-offroad-contact-point-pelvis-fr","8":"product_cat-point-de-contact-bassin","9":"product_cat-road-contact-point-pelvis-fr","10":"product_cat-tri-tt-en-fr","11":"product_tag-bisaddle-fr-2","12":"product_tag-contre-la-montre","13":"product_tag-offroad-fr","14":"product_tag-road-fr","15":"product_tag-triathlon-fr","16":"product_tag-ultra-cycling-fr","17":"product_shipping_class-large-items-fr","19":"first","20":"instock","21":"sold-individually","22":"taxable","23":"shipping-taxable","24":"purchasable","25":"product-type-simple"},"yoast_head":"<!-- This site is optimized with the Yoast SEO Premium plugin v27.3 (Yoast SEO v27.3) - https:\/\/yoast.com\/product\/yoast-seo-premium-wordpress\/ -->\n<title>Surfaces de remplacement EXT Stealth Time Trial - bikefit.lu<\/title>\n<meta name=\"robots\" content=\"index, follow, max-snippet:-1, max-image-preview:large, max-video-preview:-1\" \/>\n<link rel=\"canonical\" href=\"https:\/\/bikefit.lu\/fr\/product\/surfaces-de-remplacement-ext-stealth-time-trial\/\" \/>\n<meta property=\"og:locale\" content=\"fr_FR\" \/>\n<meta property=\"og:type\" content=\"article\" \/>\n<meta property=\"og:title\" content=\"Surfaces de remplacement EXT Stealth Time Trial\" \/>\n<meta property=\"og:description\" content=\"Les surfaces devront \u00eatre achet\u00e9es avec les cadres de base, sauf si vous en avez d\u00e9j\u00e0 un. Elles peuvent \u00eatre utilis\u00e9es pour des remplacements ou pour changer de style.  Inclus&nbsp;:  Surfaces Stealth  Boulons de r\u00e9glage avant de 12&nbsp;mm  Boulons de r\u00e9glage arri\u00e8re de 16&nbsp;mm  (2) Rondelles d&#039;adh\u00e9rence pour l&#039;avant uniquement\" \/>\n<meta property=\"og:url\" content=\"https:\/\/bikefit.lu\/fr\/product\/surfaces-de-remplacement-ext-stealth-time-trial\/\" \/>\n<meta property=\"og:site_name\" content=\"bikefit.lu\" \/>\n<meta property=\"og:image\" content=\"https:\/\/bikefit.lu\/wp-content\/uploads\/2026\/01\/bisaddle-product-image-bike-saddle-black-ext-stealth-top-surfaces.jpg\" \/>\n\t<meta property=\"og:image:width\" content=\"1000\" \/>\n\t<meta property=\"og:image:height\" content=\"1000\" \/>\n\t<meta property=\"og:image:type\" content=\"image\/jpeg\" \/>\n<meta name=\"twitter:card\" content=\"summary_large_image\" \/>\n<meta name=\"twitter:label1\" content=\"Prix\" \/>\n\t<meta name=\"twitter:data1\" content=\"185,00&nbsp;&euro;\" \/>\n\t<meta name=\"twitter:label2\" content=\"Disponibilit\u00e9\" \/>\n\t<meta name=\"twitter:data2\" content=\"En stock\" \/>\n<script type=\"application\/ld+json\" class=\"yoast-schema-graph\">{\"@context\":\"https:\\\/\\\/schema.org\",\"@graph\":[{\"@type\":\"WebPage\",\"@id\":\"https:\\\/\\\/bikefit.lu\\\/fr\\\/product\\\/surfaces-de-remplacement-ext-stealth-time-trial\\\/\",\"url\":\"https:\\\/\\\/bikefit.lu\\\/fr\\\/product\\\/surfaces-de-remplacement-ext-stealth-time-trial\\\/\",\"name\":\"Surfaces de remplacement EXT Stealth Time Trial - bikefit.lu\",\"isPartOf\":{\"@id\":\"https:\\\/\\\/bikefit.lu\\\/fr\\\/#website\"},\"primaryImageOfPage\":{\"@id\":\"https:\\\/\\\/bikefit.lu\\\/fr\\\/product\\\/surfaces-de-remplacement-ext-stealth-time-trial\\\/#primaryimage\"},\"image\":{\"@id\":\"https:\\\/\\\/bikefit.lu\\\/fr\\\/product\\\/surfaces-de-remplacement-ext-stealth-time-trial\\\/#primaryimage\"},\"thumbnailUrl\":\"https:\\\/\\\/bikefit.lu\\\/wp-content\\\/uploads\\\/2026\\\/01\\\/bisaddle-product-image-bike-saddle-black-ext-stealth-top-surfaces.jpg\",\"datePublished\":\"2026-01-30T06:40:11+00:00\",\"breadcrumb\":{\"@id\":\"https:\\\/\\\/bikefit.lu\\\/fr\\\/product\\\/surfaces-de-remplacement-ext-stealth-time-trial\\\/#breadcrumb\"},\"inLanguage\":\"fr-FR\",\"potentialAction\":[{\"@type\":\"ReadAction\",\"target\":[\"https:\\\/\\\/bikefit.lu\\\/fr\\\/product\\\/surfaces-de-remplacement-ext-stealth-time-trial\\\/\"]}]},{\"@type\":\"ImageObject\",\"inLanguage\":\"fr-FR\",\"@id\":\"https:\\\/\\\/bikefit.lu\\\/fr\\\/product\\\/surfaces-de-remplacement-ext-stealth-time-trial\\\/#primaryimage\",\"url\":\"https:\\\/\\\/bikefit.lu\\\/wp-content\\\/uploads\\\/2026\\\/01\\\/bisaddle-product-image-bike-saddle-black-ext-stealth-top-surfaces.jpg\",\"contentUrl\":\"https:\\\/\\\/bikefit.lu\\\/wp-content\\\/uploads\\\/2026\\\/01\\\/bisaddle-product-image-bike-saddle-black-ext-stealth-top-surfaces.jpg\",\"width\":1000,\"height\":1000},{\"@type\":\"BreadcrumbList\",\"@id\":\"https:\\\/\\\/bikefit.lu\\\/fr\\\/product\\\/surfaces-de-remplacement-ext-stealth-time-trial\\\/#breadcrumb\",\"itemListElement\":[{\"@type\":\"ListItem\",\"position\":1,\"name\":\"Home\",\"item\":\"https:\\\/\\\/bikefit.lu\\\/fr\\\/\"},{\"@type\":\"ListItem\",\"position\":2,\"name\":\"Produits\",\"item\":\"https:\\\/\\\/bikefit.lu\\\/fr\\\/shop\\\/\"},{\"@type\":\"ListItem\",\"position\":3,\"name\":\"Surfaces de remplacement EXT Stealth Time Trial\"}]},{\"@type\":\"WebSite\",\"@id\":\"https:\\\/\\\/bikefit.lu\\\/fr\\\/#website\",\"url\":\"https:\\\/\\\/bikefit.lu\\\/fr\\\/\",\"name\":\"bikefit.lu\",\"description\":\"IMPROVING CYCLING\",\"publisher\":{\"@id\":\"https:\\\/\\\/bikefit.lu\\\/fr\\\/#\\\/schema\\\/person\\\/379af1263474d2f8cd1f41c2bd90273d\"},\"potentialAction\":[{\"@type\":\"SearchAction\",\"target\":{\"@type\":\"EntryPoint\",\"urlTemplate\":\"https:\\\/\\\/bikefit.lu\\\/fr\\\/?s={search_term_string}\"},\"query-input\":{\"@type\":\"PropertyValueSpecification\",\"valueRequired\":true,\"valueName\":\"search_term_string\"}}],\"inLanguage\":\"fr-FR\"},{\"@type\":[\"Person\",\"Organization\"],\"@id\":\"https:\\\/\\\/bikefit.lu\\\/fr\\\/#\\\/schema\\\/person\\\/379af1263474d2f8cd1f41c2bd90273d\",\"name\":\"Patrick Guillaume\",\"image\":{\"@type\":\"ImageObject\",\"inLanguage\":\"fr-FR\",\"@id\":\"https:\\\/\\\/bikefit.lu\\\/wp-content\\\/uploads\\\/2024\\\/12\\\/cropped-bikefit-logoURL-RGB-jpg.jpg\",\"url\":\"https:\\\/\\\/bikefit.lu\\\/wp-content\\\/uploads\\\/2024\\\/12\\\/cropped-bikefit-logoURL-RGB-jpg.jpg\",\"contentUrl\":\"https:\\\/\\\/bikefit.lu\\\/wp-content\\\/uploads\\\/2024\\\/12\\\/cropped-bikefit-logoURL-RGB-jpg.jpg\",\"width\":512,\"height\":512,\"caption\":\"Patrick Guillaume\"},\"logo\":{\"@id\":\"https:\\\/\\\/bikefit.lu\\\/wp-content\\\/uploads\\\/2024\\\/12\\\/cropped-bikefit-logoURL-RGB-jpg.jpg\"},\"sameAs\":[\"https:\\\/\\\/bikefit.lu\"],\"honorificPrefix\":\"Mr\",\"birthDate\":\"1966-11-18\",\"gender\":\"male\",\"knowsAbout\":[\"Bike-fitting\"],\"knowsLanguage\":[\"English\",\"French\",\"German\",\"Luxembourgish\"]}]}<\/script>\n<meta property=\"product:price:amount\" content=\"185.00\" \/>\n<meta property=\"product:price:currency\" content=\"EUR\" \/>\n<meta property=\"og:availability\" content=\"instock\" \/>\n<meta property=\"product:availability\" content=\"instock\" \/>\n<meta property=\"product:condition\" content=\"new\" \/>\n<!-- \/ Yoast SEO Premium plugin. -->","yoast_head_json":{"title":"Surfaces de remplacement EXT Stealth Time Trial - bikefit.lu","robots":{"index":"index","follow":"follow","max-snippet":"max-snippet:-1","max-image-preview":"max-image-preview:large","max-video-preview":"max-video-preview:-1"},"canonical":"https:\/\/bikefit.lu\/fr\/product\/surfaces-de-remplacement-ext-stealth-time-trial\/","og_locale":"fr_FR","og_type":"article","og_title":"Surfaces de remplacement EXT Stealth Time Trial","og_description":"Les surfaces devront \u00eatre achet\u00e9es avec les cadres de base, sauf si vous en avez d\u00e9j\u00e0 un. Elles peuvent \u00eatre utilis\u00e9es pour des remplacements ou pour changer de style.  Inclus&nbsp;:  Surfaces Stealth  Boulons de r\u00e9glage avant de 12&nbsp;mm  Boulons de r\u00e9glage arri\u00e8re de 16&nbsp;mm  (2) Rondelles d'adh\u00e9rence pour l'avant uniquement","og_url":"https:\/\/bikefit.lu\/fr\/product\/surfaces-de-remplacement-ext-stealth-time-trial\/","og_site_name":"bikefit.lu","og_image":[{"width":1000,"height":1000,"url":"https:\/\/bikefit.lu\/wp-content\/uploads\/2026\/01\/bisaddle-product-image-bike-saddle-black-ext-stealth-top-surfaces.jpg","type":"image\/jpeg"}],"twitter_card":"summary_large_image","twitter_misc":{"Prix":"185,00&nbsp;&euro;","Disponibilit\u00e9":"En stock"},"schema":{"@context":"https:\/\/schema.org","@graph":[{"@type":"WebPage","@id":"https:\/\/bikefit.lu\/fr\/product\/surfaces-de-remplacement-ext-stealth-time-trial\/","url":"https:\/\/bikefit.lu\/fr\/product\/surfaces-de-remplacement-ext-stealth-time-trial\/","name":"Surfaces de remplacement EXT Stealth Time Trial - bikefit.lu","isPartOf":{"@id":"https:\/\/bikefit.lu\/fr\/#website"},"primaryImageOfPage":{"@id":"https:\/\/bikefit.lu\/fr\/product\/surfaces-de-remplacement-ext-stealth-time-trial\/#primaryimage"},"image":{"@id":"https:\/\/bikefit.lu\/fr\/product\/surfaces-de-remplacement-ext-stealth-time-trial\/#primaryimage"},"thumbnailUrl":"https:\/\/bikefit.lu\/wp-content\/uploads\/2026\/01\/bisaddle-product-image-bike-saddle-black-ext-stealth-top-surfaces.jpg","datePublished":"2026-01-30T06:40:11+00:00","breadcrumb":{"@id":"https:\/\/bikefit.lu\/fr\/product\/surfaces-de-remplacement-ext-stealth-time-trial\/#breadcrumb"},"inLanguage":"fr-FR","potentialAction":[{"@type":"ReadAction","target":["https:\/\/bikefit.lu\/fr\/product\/surfaces-de-remplacement-ext-stealth-time-trial\/"]}]},{"@type":"ImageObject","inLanguage":"fr-FR","@id":"https:\/\/bikefit.lu\/fr\/product\/surfaces-de-remplacement-ext-stealth-time-trial\/#primaryimage","url":"https:\/\/bikefit.lu\/wp-content\/uploads\/2026\/01\/bisaddle-product-image-bike-saddle-black-ext-stealth-top-surfaces.jpg","contentUrl":"https:\/\/bikefit.lu\/wp-content\/uploads\/2026\/01\/bisaddle-product-image-bike-saddle-black-ext-stealth-top-surfaces.jpg","width":1000,"height":1000},{"@type":"BreadcrumbList","@id":"https:\/\/bikefit.lu\/fr\/product\/surfaces-de-remplacement-ext-stealth-time-trial\/#breadcrumb","itemListElement":[{"@type":"ListItem","position":1,"name":"Home","item":"https:\/\/bikefit.lu\/fr\/"},{"@type":"ListItem","position":2,"name":"Produits","item":"https:\/\/bikefit.lu\/fr\/shop\/"},{"@type":"ListItem","position":3,"name":"Surfaces de remplacement EXT Stealth Time Trial"}]},{"@type":"WebSite","@id":"https:\/\/bikefit.lu\/fr\/#website","url":"https:\/\/bikefit.lu\/fr\/","name":"bikefit.lu","description":"IMPROVING CYCLING","publisher":{"@id":"https:\/\/bikefit.lu\/fr\/#\/schema\/person\/379af1263474d2f8cd1f41c2bd90273d"},"potentialAction":[{"@type":"SearchAction","target":{"@type":"EntryPoint","urlTemplate":"https:\/\/bikefit.lu\/fr\/?s={search_term_string}"},"query-input":{"@type":"PropertyValueSpecification","valueRequired":true,"valueName":"search_term_string"}}],"inLanguage":"fr-FR"},{"@type":["Person","Organization"],"@id":"https:\/\/bikefit.lu\/fr\/#\/schema\/person\/379af1263474d2f8cd1f41c2bd90273d","name":"Patrick Guillaume","image":{"@type":"ImageObject","inLanguage":"fr-FR","@id":"https:\/\/bikefit.lu\/wp-content\/uploads\/2024\/12\/cropped-bikefit-logoURL-RGB-jpg.jpg","url":"https:\/\/bikefit.lu\/wp-content\/uploads\/2024\/12\/cropped-bikefit-logoURL-RGB-jpg.jpg","contentUrl":"https:\/\/bikefit.lu\/wp-content\/uploads\/2024\/12\/cropped-bikefit-logoURL-RGB-jpg.jpg","width":512,"height":512,"caption":"Patrick Guillaume"},"logo":{"@id":"https:\/\/bikefit.lu\/wp-content\/uploads\/2024\/12\/cropped-bikefit-logoURL-RGB-jpg.jpg"},"sameAs":["https:\/\/bikefit.lu"],"honorificPrefix":"Mr","birthDate":"1966-11-18","gender":"male","knowsAbout":["Bike-fitting"],"knowsLanguage":["English","French","German","Luxembourgish"]}]},"product_price_amount":"185.00","product_price_currency":"EUR","og_availability":"instock","product_availability":"instock","product_condition":"new"},"_links":{"self":[{"href":"https:\/\/bikefit.lu\/fr\/wp-json\/wp\/v2\/product\/98594","targetHints":{"allow":["GET"]}}],"collection":[{"href":"https:\/\/bikefit.lu\/fr\/wp-json\/wp\/v2\/product"}],"about":[{"href":"https:\/\/bikefit.lu\/fr\/wp-json\/wp\/v2\/types\/product"}],"replies":[{"embeddable":true,"href":"https:\/\/bikefit.lu\/fr\/wp-json\/wp\/v2\/comments?post=98594"}],"version-history":[{"count":0,"href":"https:\/\/bikefit.lu\/fr\/wp-json\/wp\/v2\/product\/98594\/revisions"}],"wp:featuredmedia":[{"embeddable":true,"href":"https:\/\/bikefit.lu\/fr\/wp-json\/wp\/v2\/media\/98585"}],"wp:attachment":[{"href":"https:\/\/bikefit.lu\/fr\/wp-json\/wp\/v2\/media?parent=98594"}],"wp:term":[{"taxonomy":"product_brand","embeddable":true,"href":"https:\/\/bikefit.lu\/fr\/wp-json\/wp\/v2\/product_brand?post=98594"},{"taxonomy":"product_cat","embeddable":true,"href":"https:\/\/bikefit.lu\/fr\/wp-json\/wp\/v2\/product_cat?post=98594"},{"taxonomy":"product_tag","embeddable":true,"href":"https:\/\/bikefit.lu\/fr\/wp-json\/wp\/v2\/product_tag?post=98594"}],"curies":[{"name":"wp","href":"https:\/\/api.w.org\/{rel}","templated":true}]}}