{"id":98615,"date":"2026-01-30T09:14:33","date_gmt":"2026-01-30T08:14:33","guid":{"rendered":"https:\/\/bikefit.lu\/product\/bisaddle-health\/"},"modified":"2026-01-30T09:14:33","modified_gmt":"2026-01-30T08:14:33","slug":"bisaddle-health","status":"publish","type":"product","link":"https:\/\/bikefit.lu\/fr\/product\/bisaddle-health\/","title":{"rendered":"BiSaddle Health+"},"content":{"rendered":"<h2>Sp\u00e9cifications :<\/h2>\n<ul>\n<li>Cadre en acier r\u00e9glable, robuste<\/li>\n<li>Largeur arri\u00e8re : 100 mm \u00e0 240 mm<\/li>\n<li>Largeur avant : 50 mm \u00e0 75 mm<\/li>\n<li>Longueur : 130 mm<\/li>\n<li>Poids : 917 grammes<\/li>\n<li>Poids maximal : jusqu&#8217;\u00e0 158 kg.<\/li>\n<li>Guide d&#8217;ajustement et instructions<\/li>\n<\/ul>\n","protected":false},"excerpt":{"rendered":"<h2>Principaux \u00e9l\u00e9ments diff\u00e9renciateurs :<\/h2>\n<ul>\n<li>Pour les personnes ayant des probl\u00e8mes de sant\u00e9 importants<\/li>\n<li>Selle r\u00e9glable la plus large<\/li>\n<li>Conception ergonomique pour amortir parfaitement vos ischions<\/li>\n<li>Aucune pression sur le p\u00e9rin\u00e9e des tissus mous\u2026 ce qui signifie AUCUNE sensation d&#8217;engourdissement dans vos organes g\u00e9nitaux !<\/li>\n<li>R\u00e9duit la tension sur le bas du dos, les hanches et les genoux<\/li>\n<li>La conception unique \u00ab sans nez \u00bb soutient les \u00ab ischions \u00bb et am\u00e9liore les performances en favorisant une meilleure circulation sanguine vers les jambes !<\/li>\n<li>Utilis\u00e9e en position verticale<\/li>\n<\/ul>\n<p><strong>AVANTAGES<\/strong><\/p>\n<ul>\n<li>Roulez sans douleur<\/li>\n<li>Les selles BiSaddle \u00e9liminent la douleur, l&#8217;engourdissement, l&#8217;inconfort, les irritations et les l\u00e9sions g\u00e9nitales<\/li>\n<li>Vous aide \u00e0 rouler plus loin, plus vite<\/li>\n<\/ul>\n<p><strong>CARACT\u00c9RISTIQUES&nbsp;:<\/strong><\/p>\n<ul>\n<li>BiSaddle est la seule selle au monde dont la forme est r\u00e9glable. <strong>(BREVET\u00c9)<\/strong><\/li>\n<li>La conception de la selle divis\u00e9e permet de modifier sa largeur, son angle et son profil pour s&#8217;adapter \u00e0 votre morphologie.<\/li>\n<li>Si votre style de conduite ou votre morphologie change, vous pouvez simplement r\u00e9ajuster pour un confort ultime.<\/li>\n<li> Tous les composants sont rempla\u00e7ables, ce qui en fait la derni\u00e8re selle que vous aurez jamais besoin d&#8217;acheter.<\/li>\n<\/ul>\n","protected":false},"featured_media":98602,"comment_status":"open","ping_status":"closed","template":"","meta":[],"product_brand":[5861],"product_cat":[4834,4773],"product_tag":[5124,5178],"class_list":{"0":"post-98615","1":"product","2":"type-product","3":"status-publish","4":"has-post-thumbnail","6":"product_brand-bisaddle","7":"product_cat-point-de-contact-bassin","8":"product_cat-road-contact-point-pelvis-fr","9":"product_tag-road-fr","10":"product_tag-ultra-cycling-fr","11":"product_shipping_class-large-items-fr","13":"first","14":"instock","15":"taxable","16":"shipping-taxable","17":"purchasable","18":"product-type-simple"},"yoast_head":"<!-- This site is optimized with the Yoast SEO Premium plugin v27.3 (Yoast SEO v27.3) - https:\/\/yoast.com\/product\/yoast-seo-premium-wordpress\/ -->\n<title>BiSaddle Health+ - bikefit.lu<\/title>\n<meta name=\"robots\" content=\"index, follow, max-snippet:-1, max-image-preview:large, max-video-preview:-1\" \/>\n<link rel=\"canonical\" href=\"https:\/\/bikefit.lu\/fr\/product\/bisaddle-health\/\" \/>\n<meta property=\"og:locale\" content=\"fr_FR\" \/>\n<meta property=\"og:type\" content=\"article\" \/>\n<meta property=\"og:title\" content=\"BiSaddle Health+\" \/>\n<meta property=\"og:description\" content=\"Principaux \u00e9l\u00e9ments diff\u00e9renciateurs :  Pour les personnes ayant des probl\u00e8mes de sant\u00e9 importants  Selle r\u00e9glable la plus large  Conception ergonomique pour amortir parfaitement vos ischions  Aucune pression sur le p\u00e9rin\u00e9e des tissus mous\u2026 ce qui signifie AUCUNE sensation d&#039;engourdissement dans vos organes g\u00e9nitaux !  R\u00e9duit la tension sur le bas du dos, les hanches et les genoux  La conception unique \u00ab sans nez \u00bb soutient les \u00ab ischions \u00bb et am\u00e9liore les performances en favorisant une meilleure circulation sanguine vers les jambes !  Utilis\u00e9e en position verticale AVANTAGES  Roulez sans douleur  Les selles BiSaddle \u00e9liminent la douleur, l&#039;engourdissement, l&#039;inconfort, les irritations et les l\u00e9sions g\u00e9nitales  Vous aide \u00e0 rouler plus loin, plus vite CARACT\u00c9RISTIQUES&nbsp;:  BiSaddle est la seule selle au monde dont la forme est r\u00e9glable. (BREVET\u00c9)  La conception de la selle divis\u00e9e permet de modifier sa largeur, son angle et son profil pour s&#039;adapter \u00e0 votre morphologie.  Si votre style de conduite ou votre morphologie change, vous pouvez simplement r\u00e9ajuster pour un confort ultime.  Tous les composants sont rempla\u00e7ables, ce qui en fait la derni\u00e8re selle que vous aurez jamais besoin d&#039;acheter.\" \/>\n<meta property=\"og:url\" content=\"https:\/\/bikefit.lu\/fr\/product\/bisaddle-health\/\" \/>\n<meta property=\"og:site_name\" content=\"bikefit.lu\" \/>\n<meta property=\"og:image\" content=\"https:\/\/bikefit.lu\/wp-content\/uploads\/2026\/01\/right-profile.png\" \/>\n\t<meta property=\"og:image:width\" content=\"1536\" \/>\n\t<meta property=\"og:image:height\" content=\"1024\" \/>\n\t<meta property=\"og:image:type\" content=\"image\/png\" \/>\n<meta name=\"twitter:card\" content=\"summary_large_image\" \/>\n<meta name=\"twitter:label1\" content=\"Prix\" \/>\n\t<meta name=\"twitter:data1\" content=\"219,00&nbsp;&euro;\" \/>\n\t<meta name=\"twitter:label2\" content=\"Disponibilit\u00e9\" \/>\n\t<meta name=\"twitter:data2\" content=\"En stock\" \/>\n<script type=\"application\/ld+json\" class=\"yoast-schema-graph\">{\"@context\":\"https:\\\/\\\/schema.org\",\"@graph\":[{\"@type\":\"WebPage\",\"@id\":\"https:\\\/\\\/bikefit.lu\\\/fr\\\/product\\\/bisaddle-health\\\/\",\"url\":\"https:\\\/\\\/bikefit.lu\\\/fr\\\/product\\\/bisaddle-health\\\/\",\"name\":\"BiSaddle Health+ - bikefit.lu\",\"isPartOf\":{\"@id\":\"https:\\\/\\\/bikefit.lu\\\/fr\\\/#website\"},\"primaryImageOfPage\":{\"@id\":\"https:\\\/\\\/bikefit.lu\\\/fr\\\/product\\\/bisaddle-health\\\/#primaryimage\"},\"image\":{\"@id\":\"https:\\\/\\\/bikefit.lu\\\/fr\\\/product\\\/bisaddle-health\\\/#primaryimage\"},\"thumbnailUrl\":\"https:\\\/\\\/bikefit.lu\\\/wp-content\\\/uploads\\\/2026\\\/01\\\/right-profile.png\",\"datePublished\":\"2026-01-30T08:14:33+00:00\",\"breadcrumb\":{\"@id\":\"https:\\\/\\\/bikefit.lu\\\/fr\\\/product\\\/bisaddle-health\\\/#breadcrumb\"},\"inLanguage\":\"fr-FR\",\"potentialAction\":[{\"@type\":\"ReadAction\",\"target\":[\"https:\\\/\\\/bikefit.lu\\\/fr\\\/product\\\/bisaddle-health\\\/\"]}]},{\"@type\":\"ImageObject\",\"inLanguage\":\"fr-FR\",\"@id\":\"https:\\\/\\\/bikefit.lu\\\/fr\\\/product\\\/bisaddle-health\\\/#primaryimage\",\"url\":\"https:\\\/\\\/bikefit.lu\\\/wp-content\\\/uploads\\\/2026\\\/01\\\/right-profile.png\",\"contentUrl\":\"https:\\\/\\\/bikefit.lu\\\/wp-content\\\/uploads\\\/2026\\\/01\\\/right-profile.png\",\"width\":1536,\"height\":1024},{\"@type\":\"BreadcrumbList\",\"@id\":\"https:\\\/\\\/bikefit.lu\\\/fr\\\/product\\\/bisaddle-health\\\/#breadcrumb\",\"itemListElement\":[{\"@type\":\"ListItem\",\"position\":1,\"name\":\"Home\",\"item\":\"https:\\\/\\\/bikefit.lu\\\/fr\\\/\"},{\"@type\":\"ListItem\",\"position\":2,\"name\":\"Produits\",\"item\":\"https:\\\/\\\/bikefit.lu\\\/fr\\\/shop\\\/\"},{\"@type\":\"ListItem\",\"position\":3,\"name\":\"BiSaddle Health+\"}]},{\"@type\":\"WebSite\",\"@id\":\"https:\\\/\\\/bikefit.lu\\\/fr\\\/#website\",\"url\":\"https:\\\/\\\/bikefit.lu\\\/fr\\\/\",\"name\":\"bikefit.lu\",\"description\":\"IMPROVING CYCLING\",\"publisher\":{\"@id\":\"https:\\\/\\\/bikefit.lu\\\/fr\\\/#\\\/schema\\\/person\\\/379af1263474d2f8cd1f41c2bd90273d\"},\"potentialAction\":[{\"@type\":\"SearchAction\",\"target\":{\"@type\":\"EntryPoint\",\"urlTemplate\":\"https:\\\/\\\/bikefit.lu\\\/fr\\\/?s={search_term_string}\"},\"query-input\":{\"@type\":\"PropertyValueSpecification\",\"valueRequired\":true,\"valueName\":\"search_term_string\"}}],\"inLanguage\":\"fr-FR\"},{\"@type\":[\"Person\",\"Organization\"],\"@id\":\"https:\\\/\\\/bikefit.lu\\\/fr\\\/#\\\/schema\\\/person\\\/379af1263474d2f8cd1f41c2bd90273d\",\"name\":\"Patrick Guillaume\",\"image\":{\"@type\":\"ImageObject\",\"inLanguage\":\"fr-FR\",\"@id\":\"https:\\\/\\\/bikefit.lu\\\/wp-content\\\/uploads\\\/2024\\\/12\\\/cropped-bikefit-logoURL-RGB-jpg.jpg\",\"url\":\"https:\\\/\\\/bikefit.lu\\\/wp-content\\\/uploads\\\/2024\\\/12\\\/cropped-bikefit-logoURL-RGB-jpg.jpg\",\"contentUrl\":\"https:\\\/\\\/bikefit.lu\\\/wp-content\\\/uploads\\\/2024\\\/12\\\/cropped-bikefit-logoURL-RGB-jpg.jpg\",\"width\":512,\"height\":512,\"caption\":\"Patrick Guillaume\"},\"logo\":{\"@id\":\"https:\\\/\\\/bikefit.lu\\\/wp-content\\\/uploads\\\/2024\\\/12\\\/cropped-bikefit-logoURL-RGB-jpg.jpg\"},\"sameAs\":[\"https:\\\/\\\/bikefit.lu\"],\"honorificPrefix\":\"Mr\",\"birthDate\":\"1966-11-18\",\"gender\":\"male\",\"knowsAbout\":[\"Bike-fitting\"],\"knowsLanguage\":[\"English\",\"French\",\"German\",\"Luxembourgish\"]}]}<\/script>\n<meta property=\"product:price:amount\" content=\"219.00\" \/>\n<meta property=\"product:price:currency\" content=\"EUR\" \/>\n<meta property=\"og:availability\" content=\"instock\" \/>\n<meta property=\"product:availability\" content=\"instock\" \/>\n<meta property=\"product:condition\" content=\"new\" \/>\n<!-- \/ Yoast SEO Premium plugin. -->","yoast_head_json":{"title":"BiSaddle Health+ - bikefit.lu","robots":{"index":"index","follow":"follow","max-snippet":"max-snippet:-1","max-image-preview":"max-image-preview:large","max-video-preview":"max-video-preview:-1"},"canonical":"https:\/\/bikefit.lu\/fr\/product\/bisaddle-health\/","og_locale":"fr_FR","og_type":"article","og_title":"BiSaddle Health+","og_description":"Principaux \u00e9l\u00e9ments diff\u00e9renciateurs :  Pour les personnes ayant des probl\u00e8mes de sant\u00e9 importants  Selle r\u00e9glable la plus large  Conception ergonomique pour amortir parfaitement vos ischions  Aucune pression sur le p\u00e9rin\u00e9e des tissus mous\u2026 ce qui signifie AUCUNE sensation d'engourdissement dans vos organes g\u00e9nitaux !  R\u00e9duit la tension sur le bas du dos, les hanches et les genoux  La conception unique \u00ab sans nez \u00bb soutient les \u00ab ischions \u00bb et am\u00e9liore les performances en favorisant une meilleure circulation sanguine vers les jambes !  Utilis\u00e9e en position verticale AVANTAGES  Roulez sans douleur  Les selles BiSaddle \u00e9liminent la douleur, l'engourdissement, l'inconfort, les irritations et les l\u00e9sions g\u00e9nitales  Vous aide \u00e0 rouler plus loin, plus vite CARACT\u00c9RISTIQUES&nbsp;:  BiSaddle est la seule selle au monde dont la forme est r\u00e9glable. (BREVET\u00c9)  La conception de la selle divis\u00e9e permet de modifier sa largeur, son angle et son profil pour s'adapter \u00e0 votre morphologie.  Si votre style de conduite ou votre morphologie change, vous pouvez simplement r\u00e9ajuster pour un confort ultime.  Tous les composants sont rempla\u00e7ables, ce qui en fait la derni\u00e8re selle que vous aurez jamais besoin d'acheter.","og_url":"https:\/\/bikefit.lu\/fr\/product\/bisaddle-health\/","og_site_name":"bikefit.lu","og_image":[{"width":1536,"height":1024,"url":"https:\/\/bikefit.lu\/wp-content\/uploads\/2026\/01\/right-profile.png","type":"image\/png"}],"twitter_card":"summary_large_image","twitter_misc":{"Prix":"219,00&nbsp;&euro;","Disponibilit\u00e9":"En stock"},"schema":{"@context":"https:\/\/schema.org","@graph":[{"@type":"WebPage","@id":"https:\/\/bikefit.lu\/fr\/product\/bisaddle-health\/","url":"https:\/\/bikefit.lu\/fr\/product\/bisaddle-health\/","name":"BiSaddle Health+ - bikefit.lu","isPartOf":{"@id":"https:\/\/bikefit.lu\/fr\/#website"},"primaryImageOfPage":{"@id":"https:\/\/bikefit.lu\/fr\/product\/bisaddle-health\/#primaryimage"},"image":{"@id":"https:\/\/bikefit.lu\/fr\/product\/bisaddle-health\/#primaryimage"},"thumbnailUrl":"https:\/\/bikefit.lu\/wp-content\/uploads\/2026\/01\/right-profile.png","datePublished":"2026-01-30T08:14:33+00:00","breadcrumb":{"@id":"https:\/\/bikefit.lu\/fr\/product\/bisaddle-health\/#breadcrumb"},"inLanguage":"fr-FR","potentialAction":[{"@type":"ReadAction","target":["https:\/\/bikefit.lu\/fr\/product\/bisaddle-health\/"]}]},{"@type":"ImageObject","inLanguage":"fr-FR","@id":"https:\/\/bikefit.lu\/fr\/product\/bisaddle-health\/#primaryimage","url":"https:\/\/bikefit.lu\/wp-content\/uploads\/2026\/01\/right-profile.png","contentUrl":"https:\/\/bikefit.lu\/wp-content\/uploads\/2026\/01\/right-profile.png","width":1536,"height":1024},{"@type":"BreadcrumbList","@id":"https:\/\/bikefit.lu\/fr\/product\/bisaddle-health\/#breadcrumb","itemListElement":[{"@type":"ListItem","position":1,"name":"Home","item":"https:\/\/bikefit.lu\/fr\/"},{"@type":"ListItem","position":2,"name":"Produits","item":"https:\/\/bikefit.lu\/fr\/shop\/"},{"@type":"ListItem","position":3,"name":"BiSaddle Health+"}]},{"@type":"WebSite","@id":"https:\/\/bikefit.lu\/fr\/#website","url":"https:\/\/bikefit.lu\/fr\/","name":"bikefit.lu","description":"IMPROVING CYCLING","publisher":{"@id":"https:\/\/bikefit.lu\/fr\/#\/schema\/person\/379af1263474d2f8cd1f41c2bd90273d"},"potentialAction":[{"@type":"SearchAction","target":{"@type":"EntryPoint","urlTemplate":"https:\/\/bikefit.lu\/fr\/?s={search_term_string}"},"query-input":{"@type":"PropertyValueSpecification","valueRequired":true,"valueName":"search_term_string"}}],"inLanguage":"fr-FR"},{"@type":["Person","Organization"],"@id":"https:\/\/bikefit.lu\/fr\/#\/schema\/person\/379af1263474d2f8cd1f41c2bd90273d","name":"Patrick Guillaume","image":{"@type":"ImageObject","inLanguage":"fr-FR","@id":"https:\/\/bikefit.lu\/wp-content\/uploads\/2024\/12\/cropped-bikefit-logoURL-RGB-jpg.jpg","url":"https:\/\/bikefit.lu\/wp-content\/uploads\/2024\/12\/cropped-bikefit-logoURL-RGB-jpg.jpg","contentUrl":"https:\/\/bikefit.lu\/wp-content\/uploads\/2024\/12\/cropped-bikefit-logoURL-RGB-jpg.jpg","width":512,"height":512,"caption":"Patrick Guillaume"},"logo":{"@id":"https:\/\/bikefit.lu\/wp-content\/uploads\/2024\/12\/cropped-bikefit-logoURL-RGB-jpg.jpg"},"sameAs":["https:\/\/bikefit.lu"],"honorificPrefix":"Mr","birthDate":"1966-11-18","gender":"male","knowsAbout":["Bike-fitting"],"knowsLanguage":["English","French","German","Luxembourgish"]}]},"product_price_amount":"219.00","product_price_currency":"EUR","og_availability":"instock","product_availability":"instock","product_condition":"new"},"_links":{"self":[{"href":"https:\/\/bikefit.lu\/fr\/wp-json\/wp\/v2\/product\/98615","targetHints":{"allow":["GET"]}}],"collection":[{"href":"https:\/\/bikefit.lu\/fr\/wp-json\/wp\/v2\/product"}],"about":[{"href":"https:\/\/bikefit.lu\/fr\/wp-json\/wp\/v2\/types\/product"}],"replies":[{"embeddable":true,"href":"https:\/\/bikefit.lu\/fr\/wp-json\/wp\/v2\/comments?post=98615"}],"version-history":[{"count":0,"href":"https:\/\/bikefit.lu\/fr\/wp-json\/wp\/v2\/product\/98615\/revisions"}],"wp:featuredmedia":[{"embeddable":true,"href":"https:\/\/bikefit.lu\/fr\/wp-json\/wp\/v2\/media\/98602"}],"wp:attachment":[{"href":"https:\/\/bikefit.lu\/fr\/wp-json\/wp\/v2\/media?parent=98615"}],"wp:term":[{"taxonomy":"product_brand","embeddable":true,"href":"https:\/\/bikefit.lu\/fr\/wp-json\/wp\/v2\/product_brand?post=98615"},{"taxonomy":"product_cat","embeddable":true,"href":"https:\/\/bikefit.lu\/fr\/wp-json\/wp\/v2\/product_cat?post=98615"},{"taxonomy":"product_tag","embeddable":true,"href":"https:\/\/bikefit.lu\/fr\/wp-json\/wp\/v2\/product_tag?post=98615"}],"curies":[{"name":"wp","href":"https:\/\/api.w.org\/{rel}","templated":true}]}}