{"id":99361,"date":"2026-03-29T08:45:57","date_gmt":"2026-03-29T06:45:57","guid":{"rendered":"https:\/\/bikefit.lu\/product\/cx178-white-black\/"},"modified":"2026-03-29T08:45:57","modified_gmt":"2026-03-29T06:45:57","slug":"cx178-white-black","status":"publish","type":"product","link":"https:\/\/bikefit.lu\/fr\/product\/cx178-white-black\/","title":{"rendered":"CX178 White\/Black"},"content":{"rendered":"<p><strong>Forme :<\/strong> <a href=\"https:\/\/www.lakecycling.com\/pages\/shoe-lasts\" target=\"_blank\" rel=\"noopener noreferrer nofollow\">Sport Comfort Last<\/a> &#8211; Repens\u00e9e avec une zone d&#8217;orteils \u00e9largie et une plateforme d&#8217;avant-pied stable, la forme Sport Comfort favorise l&#8217;\u00e9cartement naturel des orteils, am\u00e9liore l&#8217;alignement et r\u00e9duit les points de pression tout en maintenant l&#8217;efficacit\u00e9 du p\u00e9dalage.<\/p>\n<p><strong>Tige :<\/strong> La tige du CX178 est fabriqu\u00e9e en microfibre durable et r\u00e9sistante \u00e0 l&#8217;\u00e9tirement avec des perforations de ventilation d\u00e9coup\u00e9es avec pr\u00e9cision le long de l&#8217;avant-pied et du m\u00e9dio-pied. Ces perforations favorisent la circulation de l&#8217;air et la gestion de l&#8217;humidit\u00e9 sans compromettre l&#8217;int\u00e9grit\u00e9 structurelle. La forme anatomique de la tige compl\u00e8te la zone d&#8217;orteils repens\u00e9e, r\u00e9duisant la compression au niveau de l&#8217;avant-pied m\u00e9dial et lat\u00e9ral et permettant aux orteils de s&#8217;\u00e9tendre naturellement sous la charge. Cette conception am\u00e9liore le confort tout en maintenant un ajustement s\u00fbr et performant.   <\/p>\n<p><strong>Semelle ext\u00e9rieure :<\/strong> Semelle composite en nylon 60K force. Une semelle composite en nylon rigide et l\u00e9g\u00e8re offre un transfert de puissance efficace avec une flexion contr\u00f4l\u00e9e pour un confort toute la journ\u00e9e. La semelle ext\u00e9rieure comprend 9 mm de r\u00e9glage du rail de cale de l&#8217;orteil au talon et un positionnement m\u00e9dio-pied \u00e9tendu, permettant aux cyclistes d&#8217;affiner le placement des cales pour une efficacit\u00e9 biom\u00e9canique et une r\u00e9duction de la tension. Les canaux de ventilation \u00e9largis de la semelle am\u00e9liorent la circulation de l&#8217;air, tandis que les patins de marche surdimensionn\u00e9s au talon et \u00e0 l&#8217;orteil augmentent la traction et la durabilit\u00e9 hors du v\u00e9lo.   <\/p>\n<p><strong>Fermeture :<\/strong> Molette BOA\u00ae Fit System L6. La molette L6 offre une tension micro-ajustable rapide sur le m\u00e9dio-pied. Le syst\u00e8me assure une r\u00e9partition uniforme de la pression et une entr\u00e9e\/sortie rapide tout en maintenant un poids faible. Combin\u00e9e au motif de tige de soutien, la fermeture offre un maintien s\u00fbr et ajust\u00e9 tout au long du coup de p\u00e9dale.   <\/p>\n<p><strong>Tailles :<\/strong> Regular 36-50, Wide 39-50<\/p>\n<p>Pour vous aider \u00e0 trouver la bonne taille, rendez-vous sur <a href=\"https:\/\/lakecycling.com\/pages\/sizing-charts\" target=\"_blank\" rel=\"noopener noreferrer\">cette page<\/a> ou contactez-moi.<\/p>\n","protected":false},"excerpt":{"rendered":"<p>La toute nouvelle CX178 offre des performances modernes en mettant l&#8217;accent sur l&#8217;efficacit\u00e9 anatomique et le confort quotidien. Construite sur une forme repens\u00e9e avec une zone d&#8217;orteils \u00e9largie, ellel favorise l&#8217;\u00e9cartement naturel des orteils et r\u00e9duit la compression pour une meilleure stabilit\u00e9, un meilleur alignement et un confort longue distance. Combin\u00e9 \u00e0 la semelle composite en nylon \u00e9prouv\u00e9e de Lake et \u00e0 une tige en microfibre l\u00e9g\u00e8re, la CX178 \u00e9quilibre ajustabilit\u00e9, respirabilit\u00e9 et durabilit\u00e9, ce qui en fait une option polyvalente pour les cyclistes occasionnels et comp\u00e9titifs.  <\/p>\n","protected":false},"featured_media":99356,"comment_status":"open","ping_status":"closed","template":"","meta":[],"product_brand":[],"product_cat":[4818,4913,5873],"product_tag":[4930,5874,4822,5124,5183,5178],"class_list":{"0":"post-99361","1":"product","2":"type-product","3":"status-publish","4":"has-post-thumbnail","6":"product_cat-lake-shoes-fr","7":"product_cat-chaussures-route","8":"product_cat-cx178","9":"product_tag-3-hole-fr","10":"product_tag-cx178","11":"product_tag-lake-cycling-fr","12":"product_tag-road-fr","13":"product_tag-triathlon-fr","14":"product_tag-ultra-cycling-fr","15":"product_shipping_class-large-items-fr","16":"pa_size-36-fr","17":"pa_size-37-fr","18":"pa_size-38-fr","19":"pa_size-39-fr","20":"pa_size-40-fr","21":"pa_size-41-fr","22":"pa_size-42-fr","23":"pa_size-43-fr","24":"pa_size-44-fr","25":"pa_size-45-fr","26":"pa_size-46-fr","27":"pa_size-47-fr","28":"pa_size-48-fr","29":"pa_size-49-fr","30":"pa_size-50-fr","31":"pa_width-regular-fr","32":"pa_width-wide-fr","34":"first","35":"instock","36":"taxable","37":"shipping-taxable","38":"purchasable","39":"product-type-variable"},"yoast_head":"<!-- This site is optimized with the Yoast SEO Premium plugin v27.3 (Yoast SEO v27.3) - https:\/\/yoast.com\/product\/yoast-seo-premium-wordpress\/ -->\n<title>CX178 White\/Black - bikefit.lu<\/title>\n<meta name=\"robots\" content=\"index, follow, max-snippet:-1, max-image-preview:large, max-video-preview:-1\" \/>\n<link rel=\"canonical\" href=\"https:\/\/bikefit.lu\/fr\/product\/cx178-white-black\/\" \/>\n<meta property=\"og:locale\" content=\"fr_FR\" \/>\n<meta property=\"og:type\" content=\"article\" \/>\n<meta property=\"og:title\" content=\"CX178 White\/Black\" \/>\n<meta property=\"og:description\" content=\"La toute nouvelle CX178 offre des performances modernes en mettant l&#039;accent sur l&#039;efficacit\u00e9 anatomique et le confort quotidien. Construite sur une forme repens\u00e9e avec une zone d&#039;orteils \u00e9largie, ellel favorise l&#039;\u00e9cartement naturel des orteils et r\u00e9duit la compression pour une meilleure stabilit\u00e9, un meilleur alignement et un confort longue distance. Combin\u00e9 \u00e0 la semelle composite en nylon \u00e9prouv\u00e9e de Lake et \u00e0 une tige en microfibre l\u00e9g\u00e8re, la CX178 \u00e9quilibre ajustabilit\u00e9, respirabilit\u00e9 et durabilit\u00e9, ce qui en fait une option polyvalente pour les cyclistes occasionnels et comp\u00e9titifs.\" \/>\n<meta property=\"og:url\" content=\"https:\/\/bikefit.lu\/fr\/product\/cx178-white-black\/\" \/>\n<meta property=\"og:site_name\" content=\"bikefit.lu\" \/>\n<meta property=\"og:image\" content=\"https:\/\/bikefit.lu\/wp-content\/uploads\/2026\/03\/CX178-WHITE-BLACK-FRNT.webp\" \/>\n\t<meta property=\"og:image:width\" content=\"1000\" \/>\n\t<meta property=\"og:image:height\" content=\"742\" \/>\n\t<meta property=\"og:image:type\" content=\"image\/webp\" \/>\n<meta name=\"twitter:card\" content=\"summary_large_image\" \/>\n<meta name=\"twitter:label1\" content=\"Disponibilit\u00e9\" \/>\n\t<meta name=\"twitter:data1\" content=\"En stock\" \/>\n<script type=\"application\/ld+json\" class=\"yoast-schema-graph\">{\"@context\":\"https:\\\/\\\/schema.org\",\"@graph\":[{\"@type\":\"WebPage\",\"@id\":\"https:\\\/\\\/bikefit.lu\\\/fr\\\/product\\\/cx178-white-black\\\/\",\"url\":\"https:\\\/\\\/bikefit.lu\\\/fr\\\/product\\\/cx178-white-black\\\/\",\"name\":\"CX178 White\\\/Black - bikefit.lu\",\"isPartOf\":{\"@id\":\"https:\\\/\\\/bikefit.lu\\\/fr\\\/#website\"},\"primaryImageOfPage\":{\"@id\":\"https:\\\/\\\/bikefit.lu\\\/fr\\\/product\\\/cx178-white-black\\\/#primaryimage\"},\"image\":{\"@id\":\"https:\\\/\\\/bikefit.lu\\\/fr\\\/product\\\/cx178-white-black\\\/#primaryimage\"},\"thumbnailUrl\":\"https:\\\/\\\/bikefit.lu\\\/wp-content\\\/uploads\\\/2026\\\/03\\\/CX178-WHITE-BLACK-FRNT.webp\",\"datePublished\":\"2026-03-29T06:45:57+00:00\",\"breadcrumb\":{\"@id\":\"https:\\\/\\\/bikefit.lu\\\/fr\\\/product\\\/cx178-white-black\\\/#breadcrumb\"},\"inLanguage\":\"fr-FR\",\"potentialAction\":[{\"@type\":\"ReadAction\",\"target\":[\"https:\\\/\\\/bikefit.lu\\\/fr\\\/product\\\/cx178-white-black\\\/\"]}]},{\"@type\":\"ImageObject\",\"inLanguage\":\"fr-FR\",\"@id\":\"https:\\\/\\\/bikefit.lu\\\/fr\\\/product\\\/cx178-white-black\\\/#primaryimage\",\"url\":\"https:\\\/\\\/bikefit.lu\\\/wp-content\\\/uploads\\\/2026\\\/03\\\/CX178-WHITE-BLACK-FRNT.webp\",\"contentUrl\":\"https:\\\/\\\/bikefit.lu\\\/wp-content\\\/uploads\\\/2026\\\/03\\\/CX178-WHITE-BLACK-FRNT.webp\",\"width\":1000,\"height\":742},{\"@type\":\"BreadcrumbList\",\"@id\":\"https:\\\/\\\/bikefit.lu\\\/fr\\\/product\\\/cx178-white-black\\\/#breadcrumb\",\"itemListElement\":[{\"@type\":\"ListItem\",\"position\":1,\"name\":\"Home\",\"item\":\"https:\\\/\\\/bikefit.lu\\\/fr\\\/\"},{\"@type\":\"ListItem\",\"position\":2,\"name\":\"Produits\",\"item\":\"https:\\\/\\\/bikefit.lu\\\/fr\\\/shop\\\/\"},{\"@type\":\"ListItem\",\"position\":3,\"name\":\"CX178 White\\\/Black\"}]},{\"@type\":\"WebSite\",\"@id\":\"https:\\\/\\\/bikefit.lu\\\/fr\\\/#website\",\"url\":\"https:\\\/\\\/bikefit.lu\\\/fr\\\/\",\"name\":\"bikefit.lu\",\"description\":\"IMPROVING CYCLING\",\"publisher\":{\"@id\":\"https:\\\/\\\/bikefit.lu\\\/fr\\\/#\\\/schema\\\/person\\\/379af1263474d2f8cd1f41c2bd90273d\"},\"potentialAction\":[{\"@type\":\"SearchAction\",\"target\":{\"@type\":\"EntryPoint\",\"urlTemplate\":\"https:\\\/\\\/bikefit.lu\\\/fr\\\/?s={search_term_string}\"},\"query-input\":{\"@type\":\"PropertyValueSpecification\",\"valueRequired\":true,\"valueName\":\"search_term_string\"}}],\"inLanguage\":\"fr-FR\"},{\"@type\":[\"Person\",\"Organization\"],\"@id\":\"https:\\\/\\\/bikefit.lu\\\/fr\\\/#\\\/schema\\\/person\\\/379af1263474d2f8cd1f41c2bd90273d\",\"name\":\"Patrick Guillaume\",\"image\":{\"@type\":\"ImageObject\",\"inLanguage\":\"fr-FR\",\"@id\":\"https:\\\/\\\/bikefit.lu\\\/wp-content\\\/uploads\\\/2024\\\/12\\\/cropped-bikefit-logoURL-RGB-jpg.jpg\",\"url\":\"https:\\\/\\\/bikefit.lu\\\/wp-content\\\/uploads\\\/2024\\\/12\\\/cropped-bikefit-logoURL-RGB-jpg.jpg\",\"contentUrl\":\"https:\\\/\\\/bikefit.lu\\\/wp-content\\\/uploads\\\/2024\\\/12\\\/cropped-bikefit-logoURL-RGB-jpg.jpg\",\"width\":512,\"height\":512,\"caption\":\"Patrick Guillaume\"},\"logo\":{\"@id\":\"https:\\\/\\\/bikefit.lu\\\/wp-content\\\/uploads\\\/2024\\\/12\\\/cropped-bikefit-logoURL-RGB-jpg.jpg\"},\"sameAs\":[\"https:\\\/\\\/bikefit.lu\"],\"honorificPrefix\":\"Mr\",\"birthDate\":\"1966-11-18\",\"gender\":\"male\",\"knowsAbout\":[\"Bike-fitting\"],\"knowsLanguage\":[\"English\",\"French\",\"German\",\"Luxembourgish\"]}]}<\/script>\n<meta property=\"og:availability\" content=\"instock\" \/>\n<meta property=\"product:availability\" content=\"instock\" \/>\n<meta property=\"product:condition\" content=\"new\" \/>\n<!-- \/ Yoast SEO Premium plugin. -->","yoast_head_json":{"title":"CX178 White\/Black - bikefit.lu","robots":{"index":"index","follow":"follow","max-snippet":"max-snippet:-1","max-image-preview":"max-image-preview:large","max-video-preview":"max-video-preview:-1"},"canonical":"https:\/\/bikefit.lu\/fr\/product\/cx178-white-black\/","og_locale":"fr_FR","og_type":"article","og_title":"CX178 White\/Black","og_description":"La toute nouvelle CX178 offre des performances modernes en mettant l'accent sur l'efficacit\u00e9 anatomique et le confort quotidien. Construite sur une forme repens\u00e9e avec une zone d'orteils \u00e9largie, ellel favorise l'\u00e9cartement naturel des orteils et r\u00e9duit la compression pour une meilleure stabilit\u00e9, un meilleur alignement et un confort longue distance. Combin\u00e9 \u00e0 la semelle composite en nylon \u00e9prouv\u00e9e de Lake et \u00e0 une tige en microfibre l\u00e9g\u00e8re, la CX178 \u00e9quilibre ajustabilit\u00e9, respirabilit\u00e9 et durabilit\u00e9, ce qui en fait une option polyvalente pour les cyclistes occasionnels et comp\u00e9titifs.","og_url":"https:\/\/bikefit.lu\/fr\/product\/cx178-white-black\/","og_site_name":"bikefit.lu","og_image":[{"width":1000,"height":742,"url":"https:\/\/bikefit.lu\/wp-content\/uploads\/2026\/03\/CX178-WHITE-BLACK-FRNT.webp","type":"image\/webp"}],"twitter_card":"summary_large_image","twitter_misc":{"Disponibilit\u00e9":"En stock"},"schema":{"@context":"https:\/\/schema.org","@graph":[{"@type":"WebPage","@id":"https:\/\/bikefit.lu\/fr\/product\/cx178-white-black\/","url":"https:\/\/bikefit.lu\/fr\/product\/cx178-white-black\/","name":"CX178 White\/Black - bikefit.lu","isPartOf":{"@id":"https:\/\/bikefit.lu\/fr\/#website"},"primaryImageOfPage":{"@id":"https:\/\/bikefit.lu\/fr\/product\/cx178-white-black\/#primaryimage"},"image":{"@id":"https:\/\/bikefit.lu\/fr\/product\/cx178-white-black\/#primaryimage"},"thumbnailUrl":"https:\/\/bikefit.lu\/wp-content\/uploads\/2026\/03\/CX178-WHITE-BLACK-FRNT.webp","datePublished":"2026-03-29T06:45:57+00:00","breadcrumb":{"@id":"https:\/\/bikefit.lu\/fr\/product\/cx178-white-black\/#breadcrumb"},"inLanguage":"fr-FR","potentialAction":[{"@type":"ReadAction","target":["https:\/\/bikefit.lu\/fr\/product\/cx178-white-black\/"]}]},{"@type":"ImageObject","inLanguage":"fr-FR","@id":"https:\/\/bikefit.lu\/fr\/product\/cx178-white-black\/#primaryimage","url":"https:\/\/bikefit.lu\/wp-content\/uploads\/2026\/03\/CX178-WHITE-BLACK-FRNT.webp","contentUrl":"https:\/\/bikefit.lu\/wp-content\/uploads\/2026\/03\/CX178-WHITE-BLACK-FRNT.webp","width":1000,"height":742},{"@type":"BreadcrumbList","@id":"https:\/\/bikefit.lu\/fr\/product\/cx178-white-black\/#breadcrumb","itemListElement":[{"@type":"ListItem","position":1,"name":"Home","item":"https:\/\/bikefit.lu\/fr\/"},{"@type":"ListItem","position":2,"name":"Produits","item":"https:\/\/bikefit.lu\/fr\/shop\/"},{"@type":"ListItem","position":3,"name":"CX178 White\/Black"}]},{"@type":"WebSite","@id":"https:\/\/bikefit.lu\/fr\/#website","url":"https:\/\/bikefit.lu\/fr\/","name":"bikefit.lu","description":"IMPROVING CYCLING","publisher":{"@id":"https:\/\/bikefit.lu\/fr\/#\/schema\/person\/379af1263474d2f8cd1f41c2bd90273d"},"potentialAction":[{"@type":"SearchAction","target":{"@type":"EntryPoint","urlTemplate":"https:\/\/bikefit.lu\/fr\/?s={search_term_string}"},"query-input":{"@type":"PropertyValueSpecification","valueRequired":true,"valueName":"search_term_string"}}],"inLanguage":"fr-FR"},{"@type":["Person","Organization"],"@id":"https:\/\/bikefit.lu\/fr\/#\/schema\/person\/379af1263474d2f8cd1f41c2bd90273d","name":"Patrick Guillaume","image":{"@type":"ImageObject","inLanguage":"fr-FR","@id":"https:\/\/bikefit.lu\/wp-content\/uploads\/2024\/12\/cropped-bikefit-logoURL-RGB-jpg.jpg","url":"https:\/\/bikefit.lu\/wp-content\/uploads\/2024\/12\/cropped-bikefit-logoURL-RGB-jpg.jpg","contentUrl":"https:\/\/bikefit.lu\/wp-content\/uploads\/2024\/12\/cropped-bikefit-logoURL-RGB-jpg.jpg","width":512,"height":512,"caption":"Patrick Guillaume"},"logo":{"@id":"https:\/\/bikefit.lu\/wp-content\/uploads\/2024\/12\/cropped-bikefit-logoURL-RGB-jpg.jpg"},"sameAs":["https:\/\/bikefit.lu"],"honorificPrefix":"Mr","birthDate":"1966-11-18","gender":"male","knowsAbout":["Bike-fitting"],"knowsLanguage":["English","French","German","Luxembourgish"]}]},"og_availability":"instock","product_availability":"instock","product_condition":"new"},"_links":{"self":[{"href":"https:\/\/bikefit.lu\/fr\/wp-json\/wp\/v2\/product\/99361","targetHints":{"allow":["GET"]}}],"collection":[{"href":"https:\/\/bikefit.lu\/fr\/wp-json\/wp\/v2\/product"}],"about":[{"href":"https:\/\/bikefit.lu\/fr\/wp-json\/wp\/v2\/types\/product"}],"replies":[{"embeddable":true,"href":"https:\/\/bikefit.lu\/fr\/wp-json\/wp\/v2\/comments?post=99361"}],"version-history":[{"count":0,"href":"https:\/\/bikefit.lu\/fr\/wp-json\/wp\/v2\/product\/99361\/revisions"}],"wp:featuredmedia":[{"embeddable":true,"href":"https:\/\/bikefit.lu\/fr\/wp-json\/wp\/v2\/media\/99356"}],"wp:attachment":[{"href":"https:\/\/bikefit.lu\/fr\/wp-json\/wp\/v2\/media?parent=99361"}],"wp:term":[{"taxonomy":"product_brand","embeddable":true,"href":"https:\/\/bikefit.lu\/fr\/wp-json\/wp\/v2\/product_brand?post=99361"},{"taxonomy":"product_cat","embeddable":true,"href":"https:\/\/bikefit.lu\/fr\/wp-json\/wp\/v2\/product_cat?post=99361"},{"taxonomy":"product_tag","embeddable":true,"href":"https:\/\/bikefit.lu\/fr\/wp-json\/wp\/v2\/product_tag?post=99361"}],"curies":[{"name":"wp","href":"https:\/\/api.w.org\/{rel}","templated":true}]}}