{"id":77842,"date":"2024-02-05T17:13:28","date_gmt":"2024-02-05T17:13:28","guid":{"rendered":"https:\/\/staging.bikefit.lu\/buchungsbedengungen\/"},"modified":"2024-02-22T10:54:06","modified_gmt":"2024-02-22T10:54:06","slug":"buchungsbedengungen","status":"publish","type":"page","link":"https:\/\/bikefit.lu\/lb-lu\/buchungsbedengungen\/","title":{"rendered":"Buchungsbed\u00e9ngungen"},"content":{"rendered":"\t\t<div data-elementor-type=\"wp-page\" data-elementor-id=\"77842\" class=\"elementor elementor-77842 elementor-75244\" data-elementor-post-type=\"page\">\n\t\t\t\t<div class=\"elementor-element elementor-element-4bdfadd e-flex e-con-boxed e-con e-parent\" data-id=\"4bdfadd\" data-element_type=\"container\" data-e-type=\"container\">\n\t\t\t\t\t<div class=\"e-con-inner\">\n\t\t\t\t<div class=\"elementor-element elementor-element-143c76d elementor-widget elementor-widget-heading\" data-id=\"143c76d\" data-element_type=\"widget\" data-e-type=\"widget\" data-widget_type=\"heading.default\">\n\t\t\t\t<div class=\"elementor-widget-container\">\n\t\t\t\t\t<h2 class=\"elementor-heading-title elementor-size-default\">Buchungsbed\u00e9ngungen<\/h2>\t\t\t\t<\/div>\n\t\t\t\t<\/div>\n\t\t\t\t<div class=\"elementor-element elementor-element-84f21bf elementor-widget__width-initial elementor-widget elementor-widget-text-editor\" data-id=\"84f21bf\" data-element_type=\"widget\" data-e-type=\"widget\" data-widget_type=\"text-editor.default\">\n\t\t\t\t<div class=\"elementor-widget-container\">\n\t\t\t\t\t\t\t\t\t<p>Liest w.e.g. d\u00ebs Konditioune virsiichteg duerch ier Dir D\u00e9ngschtleeschtunge mat mir bucht.<\/p>\n<p><strong>1. Buchungsprozess:<\/strong><\/p>\n<ul>\n<li>All Buchunge mussen duerch den Online Buchungskalenner gemaach ginn oder andeems Dir mech direkt kontakt\u00e9iert.<\/li>\n<li>Multippel S\u00ebtzunge fir verschidde Servicer k\u00ebnne gebucht gi wann n\u00e9ideg.<\/li>\n<li>Keen Akkont ass n\u00e9ideg fir \u00c4r Buchung ze s\u00e9cheren.<\/li>\n<\/ul>\n<p><strong>2. Annulatioun an \u00cbmbuchung:<\/strong><\/p>\n<ul>\n<li>Annul\u00e9ierungen oder Ufroe fir \u00cbmbuchung mussen op d&#8217;mannst zwee <strong>Schaffdeeg<\/strong> virun der geplangter S\u00ebtzung gemaach ginn.<\/li>\n<li>Kontakt\u00e9iert mech sou s\u00e9ier w\u00e9i m\u00e9iglech wann Dir annul\u00e9ieren oder \u00ebmplange musst.<\/li>\n<li>K\u00e4schte k\u00ebnne fir Annul\u00e9ierungen oder \u00cbmplange f\u00e4lleg sinn, d\u00e9i am spezifiz\u00e9ierten Z\u00e4itraum gemaach goufen. .<\/li>\n<\/ul>\n<p><strong>3. Bezuelen a Pr\u00e4isser:<\/strong><\/p>\n<ul>\n<li>K\u00e4schte fir meng Servicer vari\u00e9iere jee no der Aart vum Service an all zous\u00e4tzlech Komponenten. .<\/li>\n<li>Ech akzept\u00e9iere verschidde Forme vu Bezuelung, dor\u00ebnner Cash, all g\u00e4ngeg Kredit- &amp; Debitkaarten inklusiv PostFinance Card souw\u00e9i TWINT, Apple Pay an aner mobil Varianten, Payconiq. .<\/li>\n<\/ul>\n<p><strong>4. Resultater a Suivi:<\/strong><\/p>\n<ul>\n<li>No der S\u00ebtzung k\u00ebnnt Dir erwaarden e Bericht oder Dokumentatioun vun den Astellungen ze kr\u00e9ien.<\/li>\n<li>Suivi oder Upassunge k\u00ebnne mat abegraff sinn, ofh\u00e4ngeg vum gebuchte Service.<\/li>\n<\/ul>\n<p><strong>5. Zous\u00e4tzlech Servicer:<\/strong><\/p>\n<ul>\n<li>Ech bidden zous\u00e4tzlech Servicer u w\u00e9i Mooseinlagen, Lake-Schong, verschidden Tester an Astellungen, Komponenten.<\/li>\n<li>Remise oder Promotiounen k\u00ebnne fir zous\u00e4tzlech Servicer verf\u00fcgbar sinn.<\/li>\n<\/ul>\n<p><strong>6. S\u00e9cherheet a Gesondheet:<\/strong><\/p>\n<ul>\n<li>Bike Fitting and Sizing si fir all Alter a Fitness-Niveau ubruecht.<\/li>\n<li>Inform\u00e9iert mech w.e.g. iwwer all Gesondheets- oder medezinesch Konditiounen, d\u00e9i d&#8217;Sessioun beaflosse k\u00ebnnen.<\/li>\n<li>Ech prioris\u00e9iere S\u00e9cherheet w\u00e4rend der S\u00ebtzung fir eng komfortabel a s\u00e9cher Erfarung fir meng Clienten ze garant\u00e9ieren.<\/li>\n<\/ul>\n<p>Andeems Dir eng S\u00ebtzung mat mir bucht, erkennt Dir datt Dir d\u00ebs Konditioune gelies a verstanen hutt an averstane sidd.<\/p>\n<p>Wann Dir Froen oder Bedenken iwwer d\u00ebs Konditiounen hutt, kontakt\u00e9iert mech w.e.g. fir Erkl\u00e4rung.<\/p>\n\t\t\t\t\t\t\t\t<\/div>\n\t\t\t\t<\/div>\n\t\t\t\t\t<\/div>\n\t\t\t\t<\/div>\n\t\t<div class=\"elementor-element elementor-element-15f26f3 e-flex e-con-boxed e-con e-parent\" data-id=\"15f26f3\" data-element_type=\"container\" data-e-type=\"container\">\n\t\t\t\t\t<div class=\"e-con-inner\">\n\t\t\t\t<div class=\"elementor-element elementor-element-2b9cde9 elementor-widget__width-initial elementor-fixed elementor-hidden-mobile elementor-view-default elementor-widget elementor-widget-icon\" data-id=\"2b9cde9\" data-element_type=\"widget\" data-e-type=\"widget\" data-settings=\"{&quot;_position&quot;:&quot;fixed&quot;}\" data-widget_type=\"icon.default\">\n\t\t\t\t<div class=\"elementor-widget-container\">\n\t\t\t\t\t\t\t<div class=\"elementor-icon-wrapper\">\n\t\t\t<a class=\"elementor-icon\" href=\"#Go2Top\">\n\t\t\t<i aria-hidden=\"true\" class=\"fas fa-chevron-up\"><\/i>\t\t\t<\/a>\n\t\t<\/div>\n\t\t\t\t\t\t<\/div>\n\t\t\t\t<\/div>\n\t\t\t\t\t<\/div>\n\t\t\t\t<\/div>\n\t\t\t\t<\/div>\n\t\t","protected":false},"excerpt":{"rendered":"<p>Buchungsbed\u00e9ngungen Liest w.e.g. d\u00ebs Konditioune virsiichteg duerch ier Dir D\u00e9ngschtleeschtunge mat mir bucht. 1. Buchungsprozess: All Buchunge mussen duerch den Online Buchungskalenner gemaach ginn oder andeems Dir mech direkt kontakt\u00e9iert. Multippel S\u00ebtzunge fir verschidde Servicer k\u00ebnne gebucht gi wann n\u00e9ideg. Keen Akkont ass n\u00e9ideg fir \u00c4r Buchung ze s\u00e9cheren. 2. Annulatioun an \u00cbmbuchung: Annul\u00e9ierungen oder [&hellip;]<\/p>\n","protected":false},"author":1,"featured_media":0,"parent":0,"menu_order":28,"comment_status":"closed","ping_status":"closed","template":"","meta":{"footnotes":""},"class_list":["post-77842","page","type-page","status-publish","hentry"],"yoast_head":"<!-- This site is optimized with the Yoast SEO Premium plugin v27.3 (Yoast SEO v27.3) - https:\/\/yoast.com\/product\/yoast-seo-premium-wordpress\/ -->\n<title>Buchungsbed\u00e9ngungen - bikefit.lu<\/title>\n<meta name=\"robots\" content=\"index, follow, max-snippet:-1, max-image-preview:large, max-video-preview:-1\" \/>\n<link rel=\"canonical\" href=\"https:\/\/bikefit.lu\/lb-lu\/buchungsbedengungen\/\" \/>\n<meta property=\"og:locale\" content=\"en_US\" \/>\n<meta property=\"og:type\" content=\"article\" \/>\n<meta property=\"og:title\" content=\"Buchungsbed\u00e9ngungen\" \/>\n<meta property=\"og:description\" content=\"Buchungsbed\u00e9ngungen Liest w.e.g. d\u00ebs Konditioune virsiichteg duerch ier Dir D\u00e9ngschtleeschtunge mat mir bucht. 1. Buchungsprozess: All Buchunge mussen duerch den Online Buchungskalenner gemaach ginn oder andeems Dir mech direkt kontakt\u00e9iert. Multippel S\u00ebtzunge fir verschidde Servicer k\u00ebnne gebucht gi wann n\u00e9ideg. Keen Akkont ass n\u00e9ideg fir \u00c4r Buchung ze s\u00e9cheren. 2. Annulatioun an \u00cbmbuchung: Annul\u00e9ierungen oder [&hellip;]\" \/>\n<meta property=\"og:url\" content=\"https:\/\/bikefit.lu\/lb-lu\/buchungsbedengungen\/\" \/>\n<meta property=\"og:site_name\" content=\"bikefit.lu\" \/>\n<meta property=\"article:modified_time\" content=\"2024-02-22T10:54:06+00:00\" \/>\n<meta property=\"og:image\" content=\"https:\/\/bikefit.lu\/wp-content\/uploads\/2023\/12\/bikefit-logoURL-RGBtransp.jpg\" \/>\n\t<meta property=\"og:image:width\" content=\"1181\" \/>\n\t<meta property=\"og:image:height\" content=\"1181\" \/>\n\t<meta property=\"og:image:type\" content=\"image\/jpeg\" \/>\n<meta name=\"twitter:card\" content=\"summary_large_image\" \/>\n<meta name=\"twitter:label1\" content=\"Est. reading time\" \/>\n\t<meta name=\"twitter:data1\" content=\"2 minutes\" \/>\n<script type=\"application\/ld+json\" class=\"yoast-schema-graph\">{\"@context\":\"https:\\\/\\\/schema.org\",\"@graph\":[{\"@type\":\"WebPage\",\"@id\":\"https:\\\/\\\/bikefit.lu\\\/lb-lu\\\/buchungsbedengungen\\\/\",\"url\":\"https:\\\/\\\/bikefit.lu\\\/lb-lu\\\/buchungsbedengungen\\\/\",\"name\":\"Buchungsbed\u00e9ngungen - bikefit.lu\",\"isPartOf\":{\"@id\":\"https:\\\/\\\/bikefit.lu\\\/lb-lu\\\/#website\"},\"datePublished\":\"2024-02-05T17:13:28+00:00\",\"dateModified\":\"2024-02-22T10:54:06+00:00\",\"breadcrumb\":{\"@id\":\"https:\\\/\\\/bikefit.lu\\\/lb-lu\\\/buchungsbedengungen\\\/#breadcrumb\"},\"inLanguage\":\"lb-LU\",\"potentialAction\":[{\"@type\":\"ReadAction\",\"target\":[\"https:\\\/\\\/bikefit.lu\\\/lb-lu\\\/buchungsbedengungen\\\/\"]}]},{\"@type\":\"BreadcrumbList\",\"@id\":\"https:\\\/\\\/bikefit.lu\\\/lb-lu\\\/buchungsbedengungen\\\/#breadcrumb\",\"itemListElement\":[{\"@type\":\"ListItem\",\"position\":1,\"name\":\"Home\",\"item\":\"https:\\\/\\\/bikefit.lu\\\/lb-lu\\\/\"},{\"@type\":\"ListItem\",\"position\":2,\"name\":\"Buchungsbed\u00e9ngungen\"}]},{\"@type\":\"WebSite\",\"@id\":\"https:\\\/\\\/bikefit.lu\\\/lb-lu\\\/#website\",\"url\":\"https:\\\/\\\/bikefit.lu\\\/lb-lu\\\/\",\"name\":\"bikefit.lu\",\"description\":\"IMPROVING CYCLING\",\"publisher\":{\"@id\":\"https:\\\/\\\/bikefit.lu\\\/lb-lu\\\/#\\\/schema\\\/person\\\/379af1263474d2f8cd1f41c2bd90273d\"},\"potentialAction\":[{\"@type\":\"SearchAction\",\"target\":{\"@type\":\"EntryPoint\",\"urlTemplate\":\"https:\\\/\\\/bikefit.lu\\\/lb-lu\\\/?s={search_term_string}\"},\"query-input\":{\"@type\":\"PropertyValueSpecification\",\"valueRequired\":true,\"valueName\":\"search_term_string\"}}],\"inLanguage\":\"lb-LU\"},{\"@type\":[\"Person\",\"Organization\"],\"@id\":\"https:\\\/\\\/bikefit.lu\\\/lb-lu\\\/#\\\/schema\\\/person\\\/379af1263474d2f8cd1f41c2bd90273d\",\"name\":\"Patrick Guillaume\",\"image\":{\"@type\":\"ImageObject\",\"inLanguage\":\"lb-LU\",\"@id\":\"https:\\\/\\\/bikefit.lu\\\/wp-content\\\/uploads\\\/2024\\\/12\\\/cropped-bikefit-logoURL-RGB-jpg.jpg\",\"url\":\"https:\\\/\\\/bikefit.lu\\\/wp-content\\\/uploads\\\/2024\\\/12\\\/cropped-bikefit-logoURL-RGB-jpg.jpg\",\"contentUrl\":\"https:\\\/\\\/bikefit.lu\\\/wp-content\\\/uploads\\\/2024\\\/12\\\/cropped-bikefit-logoURL-RGB-jpg.jpg\",\"width\":512,\"height\":512,\"caption\":\"Patrick Guillaume\"},\"logo\":{\"@id\":\"https:\\\/\\\/bikefit.lu\\\/wp-content\\\/uploads\\\/2024\\\/12\\\/cropped-bikefit-logoURL-RGB-jpg.jpg\"},\"sameAs\":[\"https:\\\/\\\/bikefit.lu\"],\"honorificPrefix\":\"Mr\",\"birthDate\":\"1966-11-18\",\"gender\":\"male\",\"knowsAbout\":[\"Bike-fitting\"],\"knowsLanguage\":[\"English\",\"French\",\"German\",\"Luxembourgish\"]}]}<\/script>\n<!-- \/ Yoast SEO Premium plugin. -->","yoast_head_json":{"title":"Buchungsbed\u00e9ngungen - bikefit.lu","robots":{"index":"index","follow":"follow","max-snippet":"max-snippet:-1","max-image-preview":"max-image-preview:large","max-video-preview":"max-video-preview:-1"},"canonical":"https:\/\/bikefit.lu\/lb-lu\/buchungsbedengungen\/","og_locale":"en_US","og_type":"article","og_title":"Buchungsbed\u00e9ngungen","og_description":"Buchungsbed\u00e9ngungen Liest w.e.g. d\u00ebs Konditioune virsiichteg duerch ier Dir D\u00e9ngschtleeschtunge mat mir bucht. 1. Buchungsprozess: All Buchunge mussen duerch den Online Buchungskalenner gemaach ginn oder andeems Dir mech direkt kontakt\u00e9iert. Multippel S\u00ebtzunge fir verschidde Servicer k\u00ebnne gebucht gi wann n\u00e9ideg. Keen Akkont ass n\u00e9ideg fir \u00c4r Buchung ze s\u00e9cheren. 2. Annulatioun an \u00cbmbuchung: Annul\u00e9ierungen oder [&hellip;]","og_url":"https:\/\/bikefit.lu\/lb-lu\/buchungsbedengungen\/","og_site_name":"bikefit.lu","article_modified_time":"2024-02-22T10:54:06+00:00","og_image":[{"width":1181,"height":1181,"url":"https:\/\/bikefit.lu\/wp-content\/uploads\/2023\/12\/bikefit-logoURL-RGBtransp.jpg","type":"image\/jpeg"}],"twitter_card":"summary_large_image","twitter_misc":{"Est. reading time":"2 minutes"},"schema":{"@context":"https:\/\/schema.org","@graph":[{"@type":"WebPage","@id":"https:\/\/bikefit.lu\/lb-lu\/buchungsbedengungen\/","url":"https:\/\/bikefit.lu\/lb-lu\/buchungsbedengungen\/","name":"Buchungsbed\u00e9ngungen - bikefit.lu","isPartOf":{"@id":"https:\/\/bikefit.lu\/lb-lu\/#website"},"datePublished":"2024-02-05T17:13:28+00:00","dateModified":"2024-02-22T10:54:06+00:00","breadcrumb":{"@id":"https:\/\/bikefit.lu\/lb-lu\/buchungsbedengungen\/#breadcrumb"},"inLanguage":"lb-LU","potentialAction":[{"@type":"ReadAction","target":["https:\/\/bikefit.lu\/lb-lu\/buchungsbedengungen\/"]}]},{"@type":"BreadcrumbList","@id":"https:\/\/bikefit.lu\/lb-lu\/buchungsbedengungen\/#breadcrumb","itemListElement":[{"@type":"ListItem","position":1,"name":"Home","item":"https:\/\/bikefit.lu\/lb-lu\/"},{"@type":"ListItem","position":2,"name":"Buchungsbed\u00e9ngungen"}]},{"@type":"WebSite","@id":"https:\/\/bikefit.lu\/lb-lu\/#website","url":"https:\/\/bikefit.lu\/lb-lu\/","name":"bikefit.lu","description":"IMPROVING CYCLING","publisher":{"@id":"https:\/\/bikefit.lu\/lb-lu\/#\/schema\/person\/379af1263474d2f8cd1f41c2bd90273d"},"potentialAction":[{"@type":"SearchAction","target":{"@type":"EntryPoint","urlTemplate":"https:\/\/bikefit.lu\/lb-lu\/?s={search_term_string}"},"query-input":{"@type":"PropertyValueSpecification","valueRequired":true,"valueName":"search_term_string"}}],"inLanguage":"lb-LU"},{"@type":["Person","Organization"],"@id":"https:\/\/bikefit.lu\/lb-lu\/#\/schema\/person\/379af1263474d2f8cd1f41c2bd90273d","name":"Patrick Guillaume","image":{"@type":"ImageObject","inLanguage":"lb-LU","@id":"https:\/\/bikefit.lu\/wp-content\/uploads\/2024\/12\/cropped-bikefit-logoURL-RGB-jpg.jpg","url":"https:\/\/bikefit.lu\/wp-content\/uploads\/2024\/12\/cropped-bikefit-logoURL-RGB-jpg.jpg","contentUrl":"https:\/\/bikefit.lu\/wp-content\/uploads\/2024\/12\/cropped-bikefit-logoURL-RGB-jpg.jpg","width":512,"height":512,"caption":"Patrick Guillaume"},"logo":{"@id":"https:\/\/bikefit.lu\/wp-content\/uploads\/2024\/12\/cropped-bikefit-logoURL-RGB-jpg.jpg"},"sameAs":["https:\/\/bikefit.lu"],"honorificPrefix":"Mr","birthDate":"1966-11-18","gender":"male","knowsAbout":["Bike-fitting"],"knowsLanguage":["English","French","German","Luxembourgish"]}]}},"jetpack_shortlink":"https:\/\/wp.me\/PeuPYZ-kfw","_links":{"self":[{"href":"https:\/\/bikefit.lu\/lb-lu\/wp-json\/wp\/v2\/pages\/77842","targetHints":{"allow":["GET"]}}],"collection":[{"href":"https:\/\/bikefit.lu\/lb-lu\/wp-json\/wp\/v2\/pages"}],"about":[{"href":"https:\/\/bikefit.lu\/lb-lu\/wp-json\/wp\/v2\/types\/page"}],"author":[{"embeddable":true,"href":"https:\/\/bikefit.lu\/lb-lu\/wp-json\/wp\/v2\/users\/1"}],"replies":[{"embeddable":true,"href":"https:\/\/bikefit.lu\/lb-lu\/wp-json\/wp\/v2\/comments?post=77842"}],"version-history":[{"count":0,"href":"https:\/\/bikefit.lu\/lb-lu\/wp-json\/wp\/v2\/pages\/77842\/revisions"}],"wp:attachment":[{"href":"https:\/\/bikefit.lu\/lb-lu\/wp-json\/wp\/v2\/media?parent=77842"}],"curies":[{"name":"wp","href":"https:\/\/api.w.org\/{rel}","templated":true}]}}