{"id":77964,"date":"2024-01-09T18:51:48","date_gmt":"2024-01-09T18:51:48","guid":{"rendered":"https:\/\/staging.bikefit.lu\/moosseinlagen\/"},"modified":"2024-11-09T08:37:20","modified_gmt":"2024-11-09T08:37:20","slug":"moosseinlagen","status":"publish","type":"page","link":"https:\/\/bikefit.lu\/lb-lu\/moosseinlagen\/","title":{"rendered":"Moosseinlagen"},"content":{"rendered":"\t\t<div data-elementor-type=\"wp-page\" data-elementor-id=\"77964\" class=\"elementor elementor-77964 elementor-72540\" data-elementor-post-type=\"page\">\n\t\t\t\t<div class=\"elementor-element elementor-element-2b62b49 e-flex e-con-boxed e-con e-parent\" data-id=\"2b62b49\" data-element_type=\"container\" data-e-type=\"container\">\n\t\t\t\t\t<div class=\"e-con-inner\">\n\t\t\t\t<div class=\"elementor-element elementor-element-7c34045 elementor-widget elementor-widget-text-editor\" data-id=\"7c34045\" data-element_type=\"widget\" data-e-type=\"widget\" data-widget_type=\"text-editor.default\">\n\t\t\t\t<div class=\"elementor-widget-container\">\n\t\t\t\t\t\t\t\t\t<p>Alles ass gutt: Dir hutt d\u00e9i optimal Positioun op \u00c4rem beschte passende V\u00eblo erreecht. M\u00e4 den entscheedende Schr\u00ebtt ass elo fir s\u00e9cherzestellen datt Dir maximal Kraaftiwwerdroung op d\u2019Pedalle maximis\u00e9iert. D\u00ebse Faktor ka kompromett\u00e9iert gi wann Dir Schn\u00ebttstell Fouss-Pedall vernol\u00e9issegt. <\/p>\n\t\t\t\t\t\t\t\t<\/div>\n\t\t\t\t<\/div>\n\t\t<div class=\"elementor-element elementor-element-c2c61a6 e-flex e-con-boxed e-con e-child\" data-id=\"c2c61a6\" data-element_type=\"container\" data-e-type=\"container\">\n\t\t\t\t\t<div class=\"e-con-inner\">\n\t\t\t\t<div class=\"elementor-element elementor-element-88bd67f elementor-widget__width-initial elementor-widget elementor-widget-image\" data-id=\"88bd67f\" data-element_type=\"widget\" data-e-type=\"widget\" data-widget_type=\"image.default\">\n\t\t\t\t<div class=\"elementor-widget-container\">\n\t\t\t\t\t\t\t\t\t\t\t\t\t\t\t<img fetchpriority=\"high\" decoding=\"async\" width=\"275\" height=\"183\" src=\"https:\/\/bikefit.lu\/wp-content\/uploads\/2024\/01\/Burning-feet.jpeg\" class=\"attachment-large size-large wp-image-77070\" alt=\"\" srcset=\"https:\/\/bikefit.lu\/wp-content\/uploads\/2024\/01\/Burning-feet.jpeg 275w, https:\/\/bikefit.lu\/wp-content\/uploads\/2024\/01\/Burning-feet-150x100.jpeg 150w, https:\/\/bikefit.lu\/wp-content\/uploads\/2024\/01\/Burning-feet-200x133.jpeg 200w\" sizes=\"(max-width: 275px) 100vw, 275px\" \/>\t\t\t\t\t\t\t\t\t\t\t\t\t\t\t<\/div>\n\t\t\t\t<\/div>\n\t\t\t\t<div class=\"elementor-element elementor-element-8f5f341 elementor-widget elementor-widget-text-editor\" data-id=\"8f5f341\" data-element_type=\"widget\" data-e-type=\"widget\" data-widget_type=\"text-editor.default\">\n\t\t\t\t<div class=\"elementor-widget-container\">\n\t\t\t\t\t\t\t\t\t<p>Vill Leit sch\u00e9ngen se ze vergiessen an ze vernol\u00e9issegen, awer mir iwwerdroen eis Kraaft op d\u2019Pedallen duerch eis F\u00e9iss. Eng gutt Einlag dr\u00e9it wesentlech zum Confort b\u00e4i, besonnesch op m\u00e9i laang Reesen, andeems se genuch \u00cbnnerst\u00ebtzung garant\u00e9iert. De Mangel vun d\u00ebser \u00cbnnerst\u00ebtzung kann zu enger s\u00e9ierer Middegkeet vun der Foussmuskulatur f\u00e9ieren an domat zu \u201cbrennende\u201d F\u00e9iss.   <\/p>\n\t\t\t\t\t\t\t\t<\/div>\n\t\t\t\t<\/div>\n\t\t\t\t\t<\/div>\n\t\t\t\t<\/div>\n\t\t<div class=\"elementor-element elementor-element-614fda6 e-flex e-con-boxed e-con e-child\" data-id=\"614fda6\" data-element_type=\"container\" data-e-type=\"container\">\n\t\t\t\t\t<div class=\"e-con-inner\">\n\t\t\t\t<div class=\"elementor-element elementor-element-3087561 elementor-widget__width-initial elementor-widget elementor-widget-image\" data-id=\"3087561\" data-element_type=\"widget\" data-e-type=\"widget\" data-widget_type=\"image.default\">\n\t\t\t\t<div class=\"elementor-widget-container\">\n\t\t\t\t\t\t\t\t\t\t\t\t\t\t\t<img decoding=\"async\" width=\"360\" height=\"381\" src=\"https:\/\/bikefit.lu\/wp-content\/uploads\/2024\/01\/95fabf_3fdefc22f1ca4181b2e64e6d6647c188mv2.jpg\" class=\"attachment-large size-large wp-image-77073\" alt=\"\" srcset=\"https:\/\/bikefit.lu\/wp-content\/uploads\/2024\/01\/95fabf_3fdefc22f1ca4181b2e64e6d6647c188mv2.jpg 360w, https:\/\/bikefit.lu\/wp-content\/uploads\/2024\/01\/95fabf_3fdefc22f1ca4181b2e64e6d6647c188mv2-283x300.jpg 283w, https:\/\/bikefit.lu\/wp-content\/uploads\/2024\/01\/95fabf_3fdefc22f1ca4181b2e64e6d6647c188mv2-142x150.jpg 142w, https:\/\/bikefit.lu\/wp-content\/uploads\/2024\/01\/95fabf_3fdefc22f1ca4181b2e64e6d6647c188mv2-200x212.jpg 200w, https:\/\/bikefit.lu\/wp-content\/uploads\/2024\/01\/95fabf_3fdefc22f1ca4181b2e64e6d6647c188mv2-300x318.jpg 300w\" sizes=\"(max-width: 360px) 100vw, 360px\" \/>\t\t\t\t\t\t\t\t\t\t\t\t\t\t\t<\/div>\n\t\t\t\t<\/div>\n\t\t\t\t<div class=\"elementor-element elementor-element-94442e7 elementor-widget elementor-widget-text-editor\" data-id=\"94442e7\" data-element_type=\"widget\" data-e-type=\"widget\" data-widget_type=\"text-editor.default\">\n\t\t\t\t<div class=\"elementor-widget-container\">\n\t\t\t\t\t\t\t\t\t<p>Zous\u00e4tzlech kann d\u2019Kollab\u00e9iere vum Fouss no bannen d\u2019Kn\u00e9istabilit\u00e9it an d\u2019Leeschtung negativ beaflossen a kann zu enger verst\u00e4erkter Belaaschtung fir d\u2019Kn\u00e9ie f\u00e9iere wann d\u2019Muskelmiddegkeet optr\u00ebtt. D\u00ebsem biomechanesche Verletzungsrisiko-Faktor duerch eng ad\u00e4quat \u00cbnnerst\u00ebtzung ass essenziell fir eng optimal Leeschtung z\u2019erhalen an Onbequeemlechkeet ze vermeiden. <\/p>\n\t\t\t\t\t\t\t\t<\/div>\n\t\t\t\t<\/div>\n\t\t\t\t\t<\/div>\n\t\t\t\t<\/div>\n\t\t<div class=\"elementor-element elementor-element-eb07d3a e-flex e-con-boxed e-con e-child\" data-id=\"eb07d3a\" data-element_type=\"container\" data-e-type=\"container\">\n\t\t\t\t\t<div class=\"e-con-inner\">\n\t\t\t\t<div class=\"elementor-element elementor-element-9e0c836 elementor-widget elementor-widget-text-editor\" data-id=\"9e0c836\" data-element_type=\"widget\" data-e-type=\"widget\" data-widget_type=\"text-editor.default\">\n\t\t\t\t<div class=\"elementor-widget-container\">\n\t\t\t\t\t\t\t\t\t<p>Souguer d\u00e9i deierst V\u00eblosschong komme mat flaache Suelen, d\u00e9i minimal \u00cbnnerst\u00ebtzung bidden an dacks s\u00e9ier ersat musse ginn. Firwat? Well jiddereen anescht ass a keen ass symmetresch. Cyclisten hunn all aner F\u00e9iss an all Cyclist brauch Einlagen, d\u00e9i op seng F\u00e9iss ugepasst sinn. W\u00e9inst der Tr\u00ebttfrequenz an der relativ klenger Kontaktfl\u00e4ch Schong-Pedall ass et entscheedend fir \u00c4re F\u00e9iss Stabilit\u00e9it an eng besser Verdeelung vun der Fousskontaktfl\u00e4ch ze bidden. Aus deem Grond soll <strong>all Cyclist<\/strong> nieft enger individueller S\u00ebtzpositioun och individuell Einlagen hunn.     <\/p>\n<p>Wann Dir d\u2019Wichtegkeet vun deem verstitt wat Dir uewe gelies hutt an datt et zum \u201cImproving Cycling\u201d geh\u00e9iert, g\u00e9if ech Iech froen \u00c4re V\u00eblo matzebr\u00e9nge fir datt Dir all d\u00e9i n\u00e9ideg Upassunge spiere k\u00ebnnt w\u00e4rend dem Pedall\u00e9ieren. N\u00ebmme wann ech Iech op \u00c4rem V\u00eblo pedall\u00e9iere gesinn, kann ech beurteelen ob weider Upassungen ubruecht sinn. <\/p>\n<p>D\u00ebs Einlagen hunn e groussen Nodeel: Wann Dir se prob\u00e9iert hutt, w\u00ebllt Dir net ouni fueren.<\/p>\n<p>D\u2019Custom Pro kaschten 159 \u20ac an d\u00e9i m\u00e9i steif Custom Pro Ultra kaschten 209 \u20ac an enger isol\u00e9ierter S\u00ebtzung.. An der n\u00e4mmlechter S\u00ebtzung w\u00e9i \u00c4re Fitting oder wann Dir Lake Schong gl\u00e4ichz\u00e4iteg prob\u00e9iert oder op der Plaz kaaft, kaschten se n\u00ebmmen 106 \u20ac resp. 159 \u20ac. <\/p>\n\t\t\t\t\t\t\t\t<\/div>\n\t\t\t\t<\/div>\n\t\t<div class=\"elementor-element elementor-element-c8834f3 e-con-full e-flex e-con e-child\" data-id=\"c8834f3\" data-element_type=\"container\" data-e-type=\"container\">\n\t\t\t\t<div class=\"elementor-element elementor-element-6a9b522 elementor-widget elementor-widget-image\" data-id=\"6a9b522\" data-element_type=\"widget\" data-e-type=\"widget\" data-widget_type=\"image.default\">\n\t\t\t\t<div class=\"elementor-widget-container\">\n\t\t\t\t\t\t\t\t\t\t\t\t\t\t\t<img decoding=\"async\" width=\"450\" height=\"300\" src=\"https:\/\/bikefit.lu\/wp-content\/uploads\/2024\/01\/Bikefit-2018-00107-scaled-1.webp\" class=\"attachment-large size-large wp-image-77067\" alt=\"\" srcset=\"https:\/\/bikefit.lu\/wp-content\/uploads\/2024\/01\/Bikefit-2018-00107-scaled-1.webp 450w, https:\/\/bikefit.lu\/wp-content\/uploads\/2024\/01\/Bikefit-2018-00107-scaled-1-150x100.webp 150w, https:\/\/bikefit.lu\/wp-content\/uploads\/2024\/01\/Bikefit-2018-00107-scaled-1-200x133.webp 200w, https:\/\/bikefit.lu\/wp-content\/uploads\/2024\/01\/Bikefit-2018-00107-scaled-1-300x200.webp 300w\" sizes=\"(max-width: 450px) 100vw, 450px\" \/>\t\t\t\t\t\t\t\t\t\t\t\t\t\t\t<\/div>\n\t\t\t\t<\/div>\n\t\t\t\t<div class=\"elementor-element elementor-element-2cc9af9 elementor-widget__width-initial elementor-widget elementor-widget-text-editor\" data-id=\"2cc9af9\" data-element_type=\"widget\" data-e-type=\"widget\" data-widget_type=\"text-editor.default\">\n\t\t\t\t<div class=\"elementor-widget-container\">\n\t\t\t\t\t\t\t\t\t<p>Moosseinlagen entspriechen d\u00ebsen Ufuerderungen. Nodeems Ech \u00c4r F\u00e9iss \u00ebnnersicht hunn, setzt Dir se op K\u00ebsse fir eng 3D Form ze kre\u00e9ieren. D\u2019Form h\u00eblt d\u00e9i virgeh\u00ebtzt flaach Einlagen op a passen sech der Form vun \u00c4re F\u00e9iss un. Nom Ofkille ginn se op \u00c4r Schong ugepasst. Obwuel d\u2019Einlage prett si fir ze benotzen, iwwerpr\u00e9ifen ech l\u00e9iwer d\u2019Positioun vun \u00c4re Kallen ier Dir op \u00c4re V\u00eblo klammt, dee schonn um Rouleau agespaant ass.    <\/p>\n\t\t\t\t\t\t\t\t<\/div>\n\t\t\t\t<\/div>\n\t\t\t\t<\/div>\n\t\t\t\t\t<\/div>\n\t\t\t\t<\/div>\n\t\t\t\t\t<\/div>\n\t\t\t\t<\/div>\n\t\t\t\t<\/div>\n\t\t","protected":false},"excerpt":{"rendered":"<p>Alles ass gutt: Dir hutt d\u00e9i optimal Positioun op \u00c4rem beschte passende V\u00eblo erreecht. M\u00e4 den entscheedende Schr\u00ebtt ass elo fir s\u00e9cherzestellen datt Dir maximal Kraaftiwwerdroung op d\u2019Pedalle maximis\u00e9iert. D\u00ebse Faktor ka kompromett\u00e9iert gi wann Dir Schn\u00ebttstell Fouss-Pedall vernol\u00e9issegt. Vill Leit sch\u00e9ngen se ze vergiessen an ze vernol\u00e9issegen, awer mir iwwerdroen eis Kraaft op d\u2019Pedallen [&hellip;]<\/p>\n","protected":false},"author":1,"featured_media":0,"parent":0,"menu_order":63,"comment_status":"closed","ping_status":"closed","template":"","meta":{"footnotes":""},"class_list":["post-77964","page","type-page","status-publish","hentry"],"yoast_head":"<!-- This site is optimized with the Yoast SEO Premium plugin v27.3 (Yoast SEO v27.3) - https:\/\/yoast.com\/product\/yoast-seo-premium-wordpress\/ -->\n<title>Moosseinlagen - bikefit.lu<\/title>\n<meta name=\"robots\" content=\"index, follow, max-snippet:-1, max-image-preview:large, max-video-preview:-1\" \/>\n<link rel=\"canonical\" href=\"https:\/\/bikefit.lu\/lb-lu\/moosseinlagen\/\" \/>\n<meta property=\"og:locale\" content=\"en_US\" \/>\n<meta property=\"og:type\" content=\"article\" \/>\n<meta property=\"og:title\" content=\"Moosseinlagen\" \/>\n<meta property=\"og:description\" content=\"Alles ass gutt: Dir hutt d\u00e9i optimal Positioun op \u00c4rem beschte passende V\u00eblo erreecht. M\u00e4 den entscheedende Schr\u00ebtt ass elo fir s\u00e9cherzestellen datt Dir maximal Kraaftiwwerdroung op d\u2019Pedalle maximis\u00e9iert. D\u00ebse Faktor ka kompromett\u00e9iert gi wann Dir Schn\u00ebttstell Fouss-Pedall vernol\u00e9issegt. Vill Leit sch\u00e9ngen se ze vergiessen an ze vernol\u00e9issegen, awer mir iwwerdroen eis Kraaft op d\u2019Pedallen [&hellip;]\" \/>\n<meta property=\"og:url\" content=\"https:\/\/bikefit.lu\/lb-lu\/moosseinlagen\/\" \/>\n<meta property=\"og:site_name\" content=\"bikefit.lu\" \/>\n<meta property=\"article:modified_time\" content=\"2024-11-09T08:37:20+00:00\" \/>\n<meta property=\"og:image\" content=\"https:\/\/bikefit.lu\/wp-content\/uploads\/2024\/01\/Burning-feet.jpeg\" \/>\n<meta name=\"twitter:card\" content=\"summary_large_image\" \/>\n<meta name=\"twitter:label1\" content=\"Est. reading time\" \/>\n\t<meta name=\"twitter:data1\" content=\"2 minutes\" \/>\n<script type=\"application\/ld+json\" class=\"yoast-schema-graph\">{\"@context\":\"https:\\\/\\\/schema.org\",\"@graph\":[{\"@type\":\"WebPage\",\"@id\":\"https:\\\/\\\/bikefit.lu\\\/lb-lu\\\/moosseinlagen\\\/\",\"url\":\"https:\\\/\\\/bikefit.lu\\\/lb-lu\\\/moosseinlagen\\\/\",\"name\":\"Moosseinlagen - bikefit.lu\",\"isPartOf\":{\"@id\":\"https:\\\/\\\/bikefit.lu\\\/lb-lu\\\/#website\"},\"primaryImageOfPage\":{\"@id\":\"https:\\\/\\\/bikefit.lu\\\/lb-lu\\\/moosseinlagen\\\/#primaryimage\"},\"image\":{\"@id\":\"https:\\\/\\\/bikefit.lu\\\/lb-lu\\\/moosseinlagen\\\/#primaryimage\"},\"thumbnailUrl\":\"https:\\\/\\\/bikefit.lu\\\/wp-content\\\/uploads\\\/2024\\\/01\\\/Burning-feet.jpeg\",\"datePublished\":\"2024-01-09T18:51:48+00:00\",\"dateModified\":\"2024-11-09T08:37:20+00:00\",\"breadcrumb\":{\"@id\":\"https:\\\/\\\/bikefit.lu\\\/lb-lu\\\/moosseinlagen\\\/#breadcrumb\"},\"inLanguage\":\"lb-LU\",\"potentialAction\":[{\"@type\":\"ReadAction\",\"target\":[\"https:\\\/\\\/bikefit.lu\\\/lb-lu\\\/moosseinlagen\\\/\"]}]},{\"@type\":\"ImageObject\",\"inLanguage\":\"lb-LU\",\"@id\":\"https:\\\/\\\/bikefit.lu\\\/lb-lu\\\/moosseinlagen\\\/#primaryimage\",\"url\":\"https:\\\/\\\/bikefit.lu\\\/wp-content\\\/uploads\\\/2024\\\/01\\\/Burning-feet.jpeg\",\"contentUrl\":\"https:\\\/\\\/bikefit.lu\\\/wp-content\\\/uploads\\\/2024\\\/01\\\/Burning-feet.jpeg\"},{\"@type\":\"BreadcrumbList\",\"@id\":\"https:\\\/\\\/bikefit.lu\\\/lb-lu\\\/moosseinlagen\\\/#breadcrumb\",\"itemListElement\":[{\"@type\":\"ListItem\",\"position\":1,\"name\":\"Home\",\"item\":\"https:\\\/\\\/bikefit.lu\\\/lb-lu\\\/\"},{\"@type\":\"ListItem\",\"position\":2,\"name\":\"Moosseinlagen\"}]},{\"@type\":\"WebSite\",\"@id\":\"https:\\\/\\\/bikefit.lu\\\/lb-lu\\\/#website\",\"url\":\"https:\\\/\\\/bikefit.lu\\\/lb-lu\\\/\",\"name\":\"bikefit.lu\",\"description\":\"IMPROVING CYCLING\",\"publisher\":{\"@id\":\"https:\\\/\\\/bikefit.lu\\\/lb-lu\\\/#\\\/schema\\\/person\\\/379af1263474d2f8cd1f41c2bd90273d\"},\"potentialAction\":[{\"@type\":\"SearchAction\",\"target\":{\"@type\":\"EntryPoint\",\"urlTemplate\":\"https:\\\/\\\/bikefit.lu\\\/lb-lu\\\/?s={search_term_string}\"},\"query-input\":{\"@type\":\"PropertyValueSpecification\",\"valueRequired\":true,\"valueName\":\"search_term_string\"}}],\"inLanguage\":\"lb-LU\"},{\"@type\":[\"Person\",\"Organization\"],\"@id\":\"https:\\\/\\\/bikefit.lu\\\/lb-lu\\\/#\\\/schema\\\/person\\\/379af1263474d2f8cd1f41c2bd90273d\",\"name\":\"Patrick Guillaume\",\"image\":{\"@type\":\"ImageObject\",\"inLanguage\":\"lb-LU\",\"@id\":\"https:\\\/\\\/bikefit.lu\\\/wp-content\\\/uploads\\\/2024\\\/12\\\/cropped-bikefit-logoURL-RGB-jpg.jpg\",\"url\":\"https:\\\/\\\/bikefit.lu\\\/wp-content\\\/uploads\\\/2024\\\/12\\\/cropped-bikefit-logoURL-RGB-jpg.jpg\",\"contentUrl\":\"https:\\\/\\\/bikefit.lu\\\/wp-content\\\/uploads\\\/2024\\\/12\\\/cropped-bikefit-logoURL-RGB-jpg.jpg\",\"width\":512,\"height\":512,\"caption\":\"Patrick Guillaume\"},\"logo\":{\"@id\":\"https:\\\/\\\/bikefit.lu\\\/wp-content\\\/uploads\\\/2024\\\/12\\\/cropped-bikefit-logoURL-RGB-jpg.jpg\"},\"sameAs\":[\"https:\\\/\\\/bikefit.lu\"],\"honorificPrefix\":\"Mr\",\"birthDate\":\"1966-11-18\",\"gender\":\"male\",\"knowsAbout\":[\"Bike-fitting\"],\"knowsLanguage\":[\"English\",\"French\",\"German\",\"Luxembourgish\"]}]}<\/script>\n<!-- \/ Yoast SEO Premium plugin. -->","yoast_head_json":{"title":"Moosseinlagen - bikefit.lu","robots":{"index":"index","follow":"follow","max-snippet":"max-snippet:-1","max-image-preview":"max-image-preview:large","max-video-preview":"max-video-preview:-1"},"canonical":"https:\/\/bikefit.lu\/lb-lu\/moosseinlagen\/","og_locale":"en_US","og_type":"article","og_title":"Moosseinlagen","og_description":"Alles ass gutt: Dir hutt d\u00e9i optimal Positioun op \u00c4rem beschte passende V\u00eblo erreecht. M\u00e4 den entscheedende Schr\u00ebtt ass elo fir s\u00e9cherzestellen datt Dir maximal Kraaftiwwerdroung op d\u2019Pedalle maximis\u00e9iert. D\u00ebse Faktor ka kompromett\u00e9iert gi wann Dir Schn\u00ebttstell Fouss-Pedall vernol\u00e9issegt. Vill Leit sch\u00e9ngen se ze vergiessen an ze vernol\u00e9issegen, awer mir iwwerdroen eis Kraaft op d\u2019Pedallen [&hellip;]","og_url":"https:\/\/bikefit.lu\/lb-lu\/moosseinlagen\/","og_site_name":"bikefit.lu","article_modified_time":"2024-11-09T08:37:20+00:00","og_image":[{"url":"https:\/\/bikefit.lu\/wp-content\/uploads\/2024\/01\/Burning-feet.jpeg","type":"","width":"","height":""}],"twitter_card":"summary_large_image","twitter_misc":{"Est. reading time":"2 minutes"},"schema":{"@context":"https:\/\/schema.org","@graph":[{"@type":"WebPage","@id":"https:\/\/bikefit.lu\/lb-lu\/moosseinlagen\/","url":"https:\/\/bikefit.lu\/lb-lu\/moosseinlagen\/","name":"Moosseinlagen - bikefit.lu","isPartOf":{"@id":"https:\/\/bikefit.lu\/lb-lu\/#website"},"primaryImageOfPage":{"@id":"https:\/\/bikefit.lu\/lb-lu\/moosseinlagen\/#primaryimage"},"image":{"@id":"https:\/\/bikefit.lu\/lb-lu\/moosseinlagen\/#primaryimage"},"thumbnailUrl":"https:\/\/bikefit.lu\/wp-content\/uploads\/2024\/01\/Burning-feet.jpeg","datePublished":"2024-01-09T18:51:48+00:00","dateModified":"2024-11-09T08:37:20+00:00","breadcrumb":{"@id":"https:\/\/bikefit.lu\/lb-lu\/moosseinlagen\/#breadcrumb"},"inLanguage":"lb-LU","potentialAction":[{"@type":"ReadAction","target":["https:\/\/bikefit.lu\/lb-lu\/moosseinlagen\/"]}]},{"@type":"ImageObject","inLanguage":"lb-LU","@id":"https:\/\/bikefit.lu\/lb-lu\/moosseinlagen\/#primaryimage","url":"https:\/\/bikefit.lu\/wp-content\/uploads\/2024\/01\/Burning-feet.jpeg","contentUrl":"https:\/\/bikefit.lu\/wp-content\/uploads\/2024\/01\/Burning-feet.jpeg"},{"@type":"BreadcrumbList","@id":"https:\/\/bikefit.lu\/lb-lu\/moosseinlagen\/#breadcrumb","itemListElement":[{"@type":"ListItem","position":1,"name":"Home","item":"https:\/\/bikefit.lu\/lb-lu\/"},{"@type":"ListItem","position":2,"name":"Moosseinlagen"}]},{"@type":"WebSite","@id":"https:\/\/bikefit.lu\/lb-lu\/#website","url":"https:\/\/bikefit.lu\/lb-lu\/","name":"bikefit.lu","description":"IMPROVING CYCLING","publisher":{"@id":"https:\/\/bikefit.lu\/lb-lu\/#\/schema\/person\/379af1263474d2f8cd1f41c2bd90273d"},"potentialAction":[{"@type":"SearchAction","target":{"@type":"EntryPoint","urlTemplate":"https:\/\/bikefit.lu\/lb-lu\/?s={search_term_string}"},"query-input":{"@type":"PropertyValueSpecification","valueRequired":true,"valueName":"search_term_string"}}],"inLanguage":"lb-LU"},{"@type":["Person","Organization"],"@id":"https:\/\/bikefit.lu\/lb-lu\/#\/schema\/person\/379af1263474d2f8cd1f41c2bd90273d","name":"Patrick Guillaume","image":{"@type":"ImageObject","inLanguage":"lb-LU","@id":"https:\/\/bikefit.lu\/wp-content\/uploads\/2024\/12\/cropped-bikefit-logoURL-RGB-jpg.jpg","url":"https:\/\/bikefit.lu\/wp-content\/uploads\/2024\/12\/cropped-bikefit-logoURL-RGB-jpg.jpg","contentUrl":"https:\/\/bikefit.lu\/wp-content\/uploads\/2024\/12\/cropped-bikefit-logoURL-RGB-jpg.jpg","width":512,"height":512,"caption":"Patrick Guillaume"},"logo":{"@id":"https:\/\/bikefit.lu\/wp-content\/uploads\/2024\/12\/cropped-bikefit-logoURL-RGB-jpg.jpg"},"sameAs":["https:\/\/bikefit.lu"],"honorificPrefix":"Mr","birthDate":"1966-11-18","gender":"male","knowsAbout":["Bike-fitting"],"knowsLanguage":["English","French","German","Luxembourgish"]}]}},"jetpack_shortlink":"https:\/\/wp.me\/PeuPYZ-khu","_links":{"self":[{"href":"https:\/\/bikefit.lu\/lb-lu\/wp-json\/wp\/v2\/pages\/77964","targetHints":{"allow":["GET"]}}],"collection":[{"href":"https:\/\/bikefit.lu\/lb-lu\/wp-json\/wp\/v2\/pages"}],"about":[{"href":"https:\/\/bikefit.lu\/lb-lu\/wp-json\/wp\/v2\/types\/page"}],"author":[{"embeddable":true,"href":"https:\/\/bikefit.lu\/lb-lu\/wp-json\/wp\/v2\/users\/1"}],"replies":[{"embeddable":true,"href":"https:\/\/bikefit.lu\/lb-lu\/wp-json\/wp\/v2\/comments?post=77964"}],"version-history":[{"count":0,"href":"https:\/\/bikefit.lu\/lb-lu\/wp-json\/wp\/v2\/pages\/77964\/revisions"}],"wp:attachment":[{"href":"https:\/\/bikefit.lu\/lb-lu\/wp-json\/wp\/v2\/media?parent=77964"}],"curies":[{"name":"wp","href":"https:\/\/api.w.org\/{rel}","templated":true}]}}