{"id":98660,"date":"2026-02-09T23:25:13","date_gmt":"2026-02-09T22:25:13","guid":{"rendered":"https:\/\/bikefit.lu\/cookie-richtlinnen\/"},"modified":"2026-02-09T23:39:47","modified_gmt":"2026-02-09T22:39:47","slug":"cookie-richtlinnen","status":"publish","type":"page","link":"https:\/\/bikefit.lu\/lb-lu\/cookie-richtlinnen\/","title":{"rendered":"Cookie-Richtlinnen"},"content":{"rendered":"\t\t<div data-elementor-type=\"wp-page\" data-elementor-id=\"98660\" class=\"elementor elementor-98660 elementor-98648\" data-elementor-post-type=\"page\">\n\t\t\t\t<div class=\"elementor-element elementor-element-431e12b0 e-flex e-con-boxed e-con e-parent\" data-id=\"431e12b0\" data-element_type=\"container\" data-e-type=\"container\">\n\t\t\t\t\t<div class=\"e-con-inner\">\n\t\t\t\t<div class=\"elementor-element elementor-element-4ac45998 elementor-widget elementor-widget-text-editor\" data-id=\"4ac45998\" data-element_type=\"widget\" data-e-type=\"widget\" data-widget_type=\"text-editor.default\">\n\t\t\t\t<div class=\"elementor-widget-container\">\n\t\t\t\t\t\t\t\t\t<p>D\u00ebs S\u00e4it bitt \u00ebmfaassend Informatiounen doriwwer, w\u00e9i mir Cookien op eiser Webs\u00e4it benotzen, fir \u00c4r Browser-Erfarung ze verbesseren, d\u2019Leeschtung vun der S\u00e4it ze optim\u00e9ieren a personalis\u00e9ierten Inhalt unzebidden. Cookien si kleng Textdateien, d\u00e9i op \u00c4rem Apparat gesp\u00e4ichert ginn, wann Dir eis S\u00e4it besicht. Si h\u00ebllefen eis ze verstoen, w\u00e9i d\u2019Visiteure mat eiser Webs\u00e4it interag\u00e9ieren, fir datt mir eng m\u00e9i fl\u00e9issend an effizient Benotzererfarung ubidde k\u00ebnnen.<br>An der Tabell hei dr\u00ebnner fannt Dir detaill\u00e9iert Informatiounen iwwer all Zort vu Cookien, d\u00e9i mir benotzen, hiren Zweck a w\u00e9i laang se op \u00c4rem Apparat gesp\u00e4ichert bleiwen. Mir engag\u00e9ieren eis, \u00c4r Privatsph\u00e4r ze respekt\u00e9ieren an Transparenz ze bidden iwwer d\u2019Date, d\u00e9i mir iwwer Cooki\u00eb sammelen.<br><br>Fir m\u00e9i Informatiounen dozou, w\u00e9i mir \u00c4r pers\u00e9inlech Donn\u00e9e\u00eb verschaffen, kuckt w.e.g. an eis <br><a href=\"https:\/\/bikefit.lu\/lb-lu\/privacy-policy\/\">Dateschutzerkl\u00e4rung.<\/a>     <\/p><p>[wpconsent_cookie_policy]<\/p>\t\t\t\t\t\t\t\t<\/div>\n\t\t\t\t<\/div>\n\t\t\t\t\t<\/div>\n\t\t\t\t<\/div>\n\t\t\t\t<\/div>\n\t\t","protected":false},"excerpt":{"rendered":"<p>D\u00ebs S\u00e4it bitt \u00ebmfaassend Informatiounen doriwwer, w\u00e9i mir Cookien op eiser Webs\u00e4it benotzen, fir \u00c4r Browser-Erfarung ze verbesseren, d\u2019Leeschtung vun der S\u00e4it ze optim\u00e9ieren a personalis\u00e9ierten Inhalt unzebidden. Cookien si kleng Textdateien, d\u00e9i op \u00c4rem Apparat gesp\u00e4ichert ginn, wann Dir eis S\u00e4it besicht. Si h\u00ebllefen eis ze verstoen, w\u00e9i d\u2019Visiteure mat eiser Webs\u00e4it interag\u00e9ieren, fir [&hellip;]<\/p>\n","protected":false},"author":1,"featured_media":0,"parent":0,"menu_order":0,"comment_status":"closed","ping_status":"closed","template":"","meta":{"footnotes":""},"class_list":["post-98660","page","type-page","status-publish","hentry"],"yoast_head":"<!-- This site is optimized with the Yoast SEO Premium plugin v27.3 (Yoast SEO v27.3) - https:\/\/yoast.com\/product\/yoast-seo-premium-wordpress\/ -->\n<title>Cookie-Richtlinnen - bikefit.lu<\/title>\n<meta name=\"robots\" content=\"index, follow, max-snippet:-1, max-image-preview:large, max-video-preview:-1\" \/>\n<link rel=\"canonical\" href=\"https:\/\/bikefit.lu\/lb-lu\/cookie-richtlinnen\/\" \/>\n<meta property=\"og:locale\" content=\"en_US\" \/>\n<meta property=\"og:type\" content=\"article\" \/>\n<meta property=\"og:title\" content=\"Cookie-Richtlinnen\" \/>\n<meta property=\"og:description\" content=\"D\u00ebs S\u00e4it bitt \u00ebmfaassend Informatiounen doriwwer, w\u00e9i mir Cookien op eiser Webs\u00e4it benotzen, fir \u00c4r Browser-Erfarung ze verbesseren, d\u2019Leeschtung vun der S\u00e4it ze optim\u00e9ieren a personalis\u00e9ierten Inhalt unzebidden. Cookien si kleng Textdateien, d\u00e9i op \u00c4rem Apparat gesp\u00e4ichert ginn, wann Dir eis S\u00e4it besicht. Si h\u00ebllefen eis ze verstoen, w\u00e9i d\u2019Visiteure mat eiser Webs\u00e4it interag\u00e9ieren, fir [&hellip;]\" \/>\n<meta property=\"og:url\" content=\"https:\/\/bikefit.lu\/lb-lu\/cookie-richtlinnen\/\" \/>\n<meta property=\"og:site_name\" content=\"bikefit.lu\" \/>\n<meta property=\"article:modified_time\" content=\"2026-02-09T22:39:47+00:00\" \/>\n<meta property=\"og:image\" content=\"https:\/\/bikefit.lu\/wp-content\/uploads\/2023\/12\/bikefit-logoURL-RGBtransp.jpg\" \/>\n\t<meta property=\"og:image:width\" content=\"1181\" \/>\n\t<meta property=\"og:image:height\" content=\"1181\" \/>\n\t<meta property=\"og:image:type\" content=\"image\/jpeg\" \/>\n<meta name=\"twitter:card\" content=\"summary_large_image\" \/>\n<meta name=\"twitter:label1\" content=\"Est. reading time\" \/>\n\t<meta name=\"twitter:data1\" content=\"1 minute\" \/>\n<script type=\"application\/ld+json\" class=\"yoast-schema-graph\">{\"@context\":\"https:\\\/\\\/schema.org\",\"@graph\":[{\"@type\":\"WebPage\",\"@id\":\"https:\\\/\\\/bikefit.lu\\\/lb-lu\\\/cookie-richtlinnen\\\/\",\"url\":\"https:\\\/\\\/bikefit.lu\\\/lb-lu\\\/cookie-richtlinnen\\\/\",\"name\":\"Cookie-Richtlinnen - bikefit.lu\",\"isPartOf\":{\"@id\":\"https:\\\/\\\/bikefit.lu\\\/lb-lu\\\/#website\"},\"datePublished\":\"2026-02-09T22:25:13+00:00\",\"dateModified\":\"2026-02-09T22:39:47+00:00\",\"breadcrumb\":{\"@id\":\"https:\\\/\\\/bikefit.lu\\\/lb-lu\\\/cookie-richtlinnen\\\/#breadcrumb\"},\"inLanguage\":\"lb-LU\",\"potentialAction\":[{\"@type\":\"ReadAction\",\"target\":[\"https:\\\/\\\/bikefit.lu\\\/lb-lu\\\/cookie-richtlinnen\\\/\"]}]},{\"@type\":\"BreadcrumbList\",\"@id\":\"https:\\\/\\\/bikefit.lu\\\/lb-lu\\\/cookie-richtlinnen\\\/#breadcrumb\",\"itemListElement\":[{\"@type\":\"ListItem\",\"position\":1,\"name\":\"Home\",\"item\":\"https:\\\/\\\/bikefit.lu\\\/lb-lu\\\/\"},{\"@type\":\"ListItem\",\"position\":2,\"name\":\"Cookie-Richtlinnen\"}]},{\"@type\":\"WebSite\",\"@id\":\"https:\\\/\\\/bikefit.lu\\\/lb-lu\\\/#website\",\"url\":\"https:\\\/\\\/bikefit.lu\\\/lb-lu\\\/\",\"name\":\"bikefit.lu\",\"description\":\"IMPROVING CYCLING\",\"publisher\":{\"@id\":\"https:\\\/\\\/bikefit.lu\\\/lb-lu\\\/#\\\/schema\\\/person\\\/379af1263474d2f8cd1f41c2bd90273d\"},\"potentialAction\":[{\"@type\":\"SearchAction\",\"target\":{\"@type\":\"EntryPoint\",\"urlTemplate\":\"https:\\\/\\\/bikefit.lu\\\/lb-lu\\\/?s={search_term_string}\"},\"query-input\":{\"@type\":\"PropertyValueSpecification\",\"valueRequired\":true,\"valueName\":\"search_term_string\"}}],\"inLanguage\":\"lb-LU\"},{\"@type\":[\"Person\",\"Organization\"],\"@id\":\"https:\\\/\\\/bikefit.lu\\\/lb-lu\\\/#\\\/schema\\\/person\\\/379af1263474d2f8cd1f41c2bd90273d\",\"name\":\"Patrick Guillaume\",\"image\":{\"@type\":\"ImageObject\",\"inLanguage\":\"lb-LU\",\"@id\":\"https:\\\/\\\/bikefit.lu\\\/wp-content\\\/uploads\\\/2024\\\/12\\\/cropped-bikefit-logoURL-RGB-jpg.jpg\",\"url\":\"https:\\\/\\\/bikefit.lu\\\/wp-content\\\/uploads\\\/2024\\\/12\\\/cropped-bikefit-logoURL-RGB-jpg.jpg\",\"contentUrl\":\"https:\\\/\\\/bikefit.lu\\\/wp-content\\\/uploads\\\/2024\\\/12\\\/cropped-bikefit-logoURL-RGB-jpg.jpg\",\"width\":512,\"height\":512,\"caption\":\"Patrick Guillaume\"},\"logo\":{\"@id\":\"https:\\\/\\\/bikefit.lu\\\/wp-content\\\/uploads\\\/2024\\\/12\\\/cropped-bikefit-logoURL-RGB-jpg.jpg\"},\"sameAs\":[\"https:\\\/\\\/bikefit.lu\"],\"honorificPrefix\":\"Mr\",\"birthDate\":\"1966-11-18\",\"gender\":\"male\",\"knowsAbout\":[\"Bike-fitting\"],\"knowsLanguage\":[\"English\",\"French\",\"German\",\"Luxembourgish\"]}]}<\/script>\n<!-- \/ Yoast SEO Premium plugin. -->","yoast_head_json":{"title":"Cookie-Richtlinnen - bikefit.lu","robots":{"index":"index","follow":"follow","max-snippet":"max-snippet:-1","max-image-preview":"max-image-preview:large","max-video-preview":"max-video-preview:-1"},"canonical":"https:\/\/bikefit.lu\/lb-lu\/cookie-richtlinnen\/","og_locale":"en_US","og_type":"article","og_title":"Cookie-Richtlinnen","og_description":"D\u00ebs S\u00e4it bitt \u00ebmfaassend Informatiounen doriwwer, w\u00e9i mir Cookien op eiser Webs\u00e4it benotzen, fir \u00c4r Browser-Erfarung ze verbesseren, d\u2019Leeschtung vun der S\u00e4it ze optim\u00e9ieren a personalis\u00e9ierten Inhalt unzebidden. Cookien si kleng Textdateien, d\u00e9i op \u00c4rem Apparat gesp\u00e4ichert ginn, wann Dir eis S\u00e4it besicht. Si h\u00ebllefen eis ze verstoen, w\u00e9i d\u2019Visiteure mat eiser Webs\u00e4it interag\u00e9ieren, fir [&hellip;]","og_url":"https:\/\/bikefit.lu\/lb-lu\/cookie-richtlinnen\/","og_site_name":"bikefit.lu","article_modified_time":"2026-02-09T22:39:47+00:00","og_image":[{"width":1181,"height":1181,"url":"https:\/\/bikefit.lu\/wp-content\/uploads\/2023\/12\/bikefit-logoURL-RGBtransp.jpg","type":"image\/jpeg"}],"twitter_card":"summary_large_image","twitter_misc":{"Est. reading time":"1 minute"},"schema":{"@context":"https:\/\/schema.org","@graph":[{"@type":"WebPage","@id":"https:\/\/bikefit.lu\/lb-lu\/cookie-richtlinnen\/","url":"https:\/\/bikefit.lu\/lb-lu\/cookie-richtlinnen\/","name":"Cookie-Richtlinnen - bikefit.lu","isPartOf":{"@id":"https:\/\/bikefit.lu\/lb-lu\/#website"},"datePublished":"2026-02-09T22:25:13+00:00","dateModified":"2026-02-09T22:39:47+00:00","breadcrumb":{"@id":"https:\/\/bikefit.lu\/lb-lu\/cookie-richtlinnen\/#breadcrumb"},"inLanguage":"lb-LU","potentialAction":[{"@type":"ReadAction","target":["https:\/\/bikefit.lu\/lb-lu\/cookie-richtlinnen\/"]}]},{"@type":"BreadcrumbList","@id":"https:\/\/bikefit.lu\/lb-lu\/cookie-richtlinnen\/#breadcrumb","itemListElement":[{"@type":"ListItem","position":1,"name":"Home","item":"https:\/\/bikefit.lu\/lb-lu\/"},{"@type":"ListItem","position":2,"name":"Cookie-Richtlinnen"}]},{"@type":"WebSite","@id":"https:\/\/bikefit.lu\/lb-lu\/#website","url":"https:\/\/bikefit.lu\/lb-lu\/","name":"bikefit.lu","description":"IMPROVING CYCLING","publisher":{"@id":"https:\/\/bikefit.lu\/lb-lu\/#\/schema\/person\/379af1263474d2f8cd1f41c2bd90273d"},"potentialAction":[{"@type":"SearchAction","target":{"@type":"EntryPoint","urlTemplate":"https:\/\/bikefit.lu\/lb-lu\/?s={search_term_string}"},"query-input":{"@type":"PropertyValueSpecification","valueRequired":true,"valueName":"search_term_string"}}],"inLanguage":"lb-LU"},{"@type":["Person","Organization"],"@id":"https:\/\/bikefit.lu\/lb-lu\/#\/schema\/person\/379af1263474d2f8cd1f41c2bd90273d","name":"Patrick Guillaume","image":{"@type":"ImageObject","inLanguage":"lb-LU","@id":"https:\/\/bikefit.lu\/wp-content\/uploads\/2024\/12\/cropped-bikefit-logoURL-RGB-jpg.jpg","url":"https:\/\/bikefit.lu\/wp-content\/uploads\/2024\/12\/cropped-bikefit-logoURL-RGB-jpg.jpg","contentUrl":"https:\/\/bikefit.lu\/wp-content\/uploads\/2024\/12\/cropped-bikefit-logoURL-RGB-jpg.jpg","width":512,"height":512,"caption":"Patrick Guillaume"},"logo":{"@id":"https:\/\/bikefit.lu\/wp-content\/uploads\/2024\/12\/cropped-bikefit-logoURL-RGB-jpg.jpg"},"sameAs":["https:\/\/bikefit.lu"],"honorificPrefix":"Mr","birthDate":"1966-11-18","gender":"male","knowsAbout":["Bike-fitting"],"knowsLanguage":["English","French","German","Luxembourgish"]}]}},"jetpack_shortlink":"https:\/\/wp.me\/PeuPYZ-pFi","_links":{"self":[{"href":"https:\/\/bikefit.lu\/lb-lu\/wp-json\/wp\/v2\/pages\/98660","targetHints":{"allow":["GET"]}}],"collection":[{"href":"https:\/\/bikefit.lu\/lb-lu\/wp-json\/wp\/v2\/pages"}],"about":[{"href":"https:\/\/bikefit.lu\/lb-lu\/wp-json\/wp\/v2\/types\/page"}],"author":[{"embeddable":true,"href":"https:\/\/bikefit.lu\/lb-lu\/wp-json\/wp\/v2\/users\/1"}],"replies":[{"embeddable":true,"href":"https:\/\/bikefit.lu\/lb-lu\/wp-json\/wp\/v2\/comments?post=98660"}],"version-history":[{"count":0,"href":"https:\/\/bikefit.lu\/lb-lu\/wp-json\/wp\/v2\/pages\/98660\/revisions"}],"wp:attachment":[{"href":"https:\/\/bikefit.lu\/lb-lu\/wp-json\/wp\/v2\/media?parent=98660"}],"curies":[{"name":"wp","href":"https:\/\/api.w.org\/{rel}","templated":true}]}}