{"id":78592,"date":"2024-01-25T11:49:44","date_gmt":"2024-01-25T11:49:44","guid":{"rendered":"https:\/\/staging.bikefit.lu\/shop\/uncategorized\/bikefit-20-mm-pedallspacer\/"},"modified":"2025-03-11T10:11:17","modified_gmt":"2025-03-11T10:11:17","slug":"bikefit-20-mm-pedallspacer","status":"publish","type":"product","link":"https:\/\/bikefit.lu\/lb-lu\/product\/bikefit-20-mm-pedallspacer\/","title":{"rendered":"Bikefit 20mm Pedallspacer (L &amp; R)"},"content":{"rendered":"<p><em>Net geduecht fir ze benotzen mat Carbon-Manivellen.<\/em><\/p>\n","protected":false},"excerpt":{"rendered":"<p>D\u00ebs Inox-Pedallspacer gi fir Kn\u00e9ien benotzt, d\u00e9i ausserhalb vum Pedallachse dr\u00e9cken andeems de Pedallachse verl\u00e4ngeren. Si sinn entw\u00e9ckelt fir de Fouss eraus an ewech vum der Manivelle ze beweegen fir m\u00e9i Foussfr\u00e4iheet ze bidden. D\u00ebst h\u00eblleft de Cyclisten d\u00e9i m\u00e9i Breet brauche well d&#8217;Kn\u00e9ie m\u00e9i vu baussen dr\u00e9cken oder Talleke m\u00e9i Fr\u00e4iheet no bann brauchen, breet H\u00ebften oder Kn\u00e9ien d\u00e9i bausse w\u00e9i dinn.<\/p>\n<p>D\u00ebs Pedallspacer funktion\u00e9iere mat Pedallen d\u00e9i keng Schl\u00ebsselfl\u00e4chen hunn (Pedalle gi mat engem 6 oder 8mm Allen Schl\u00ebssel mont\u00e9iert) a mat Pedalen d\u00e9i Schrauwenfl\u00e4chen hunn.<\/p>\n","protected":false},"featured_media":77277,"comment_status":"closed","ping_status":"closed","template":"","meta":[],"product_brand":[],"product_cat":[4781,4832],"product_tag":[5069,5067,5111,5126,5181,5180,5195],"class_list":{"0":"post-78592","1":"product","2":"type-product","3":"status-publish","4":"has-post-thumbnail","6":"product_cat-hardware-lb-lu","7":"product_cat-foot-pedal-interface-lb-lu","8":"product_tag-foot-pedal-interface-lb-lu","9":"product_tag-hardware-lb-lu","10":"product_tag-offroad-lb-lu","11":"product_tag-road-lb-lu","12":"product_tag-triathlon-lb-lu","13":"product_tag-ultra-cycling-lb-lu","14":"product_tag-zaitfueren","15":"product_shipping_class-small-items-lb-lu","17":"first","18":"instock","19":"taxable","20":"shipping-taxable","21":"purchasable","22":"product-type-simple"},"yoast_head":"<!-- This site is optimized with the Yoast SEO Premium plugin v27.3 (Yoast SEO v27.3) - https:\/\/yoast.com\/product\/yoast-seo-premium-wordpress\/ -->\n<title>Bikefit 20mm Pedallspacer (L &amp; R) - bikefit.lu<\/title>\n<meta name=\"robots\" content=\"index, follow, max-snippet:-1, max-image-preview:large, max-video-preview:-1\" \/>\n<link rel=\"canonical\" href=\"https:\/\/bikefit.lu\/lb-lu\/product\/bikefit-20-mm-pedallspacer\/\" \/>\n<meta property=\"og:locale\" content=\"en_US\" \/>\n<meta property=\"og:type\" content=\"article\" \/>\n<meta property=\"og:title\" content=\"Bikefit 20mm Pedallspacer (L &amp; R)\" \/>\n<meta property=\"og:description\" content=\"D\u00ebs Inox-Pedallspacer gi fir Kn\u00e9ien benotzt, d\u00e9i ausserhalb vum Pedallachse dr\u00e9cken andeems de Pedallachse verl\u00e4ngeren. Si sinn entw\u00e9ckelt fir de Fouss eraus an ewech vum der Manivelle ze beweegen fir m\u00e9i Foussfr\u00e4iheet ze bidden. D\u00ebst h\u00eblleft de Cyclisten d\u00e9i m\u00e9i Breet brauche well d&#039;Kn\u00e9ie m\u00e9i vu baussen dr\u00e9cken oder Talleke m\u00e9i Fr\u00e4iheet no bann brauchen, breet H\u00ebften oder Kn\u00e9ien d\u00e9i bausse w\u00e9i dinn. D\u00ebs Pedallspacer funktion\u00e9iere mat Pedallen d\u00e9i keng Schl\u00ebsselfl\u00e4chen hunn (Pedalle gi mat engem 6 oder 8mm Allen Schl\u00ebssel mont\u00e9iert) a mat Pedalen d\u00e9i Schrauwenfl\u00e4chen hunn.\" \/>\n<meta property=\"og:url\" content=\"https:\/\/bikefit.lu\/lb-lu\/product\/bikefit-20-mm-pedallspacer\/\" \/>\n<meta property=\"og:site_name\" content=\"bikefit.lu\" \/>\n<meta property=\"article:modified_time\" content=\"2025-03-11T10:11:17+00:00\" \/>\n<meta property=\"og:image\" content=\"https:\/\/bikefit.lu\/wp-content\/uploads\/2024\/01\/pedalextenderswithadapters-scaled-1.webp\" \/>\n\t<meta property=\"og:image:width\" content=\"2560\" \/>\n\t<meta property=\"og:image:height\" content=\"2560\" \/>\n\t<meta property=\"og:image:type\" content=\"image\/webp\" \/>\n<meta name=\"twitter:card\" content=\"summary_large_image\" \/>\n<meta name=\"twitter:label1\" content=\"Price\" \/>\n\t<meta name=\"twitter:data1\" content=\"64,90&nbsp;&euro;\" \/>\n\t<meta name=\"twitter:label2\" content=\"Availability\" \/>\n\t<meta name=\"twitter:data2\" content=\"In stock\" \/>\n<script type=\"application\/ld+json\" class=\"yoast-schema-graph\">{\"@context\":\"https:\\\/\\\/schema.org\",\"@graph\":[{\"@type\":\"WebPage\",\"@id\":\"https:\\\/\\\/bikefit.lu\\\/lb-lu\\\/product\\\/bikefit-20-mm-pedallspacer\\\/\",\"url\":\"https:\\\/\\\/bikefit.lu\\\/lb-lu\\\/product\\\/bikefit-20-mm-pedallspacer\\\/\",\"name\":\"Bikefit 20mm Pedallspacer (L &amp; R) - bikefit.lu\",\"isPartOf\":{\"@id\":\"https:\\\/\\\/bikefit.lu\\\/lb-lu\\\/#website\"},\"primaryImageOfPage\":{\"@id\":\"https:\\\/\\\/bikefit.lu\\\/lb-lu\\\/product\\\/bikefit-20-mm-pedallspacer\\\/#primaryimage\"},\"image\":{\"@id\":\"https:\\\/\\\/bikefit.lu\\\/lb-lu\\\/product\\\/bikefit-20-mm-pedallspacer\\\/#primaryimage\"},\"thumbnailUrl\":\"https:\\\/\\\/bikefit.lu\\\/wp-content\\\/uploads\\\/2024\\\/01\\\/pedalextenderswithadapters-scaled-1.webp\",\"datePublished\":\"2024-01-25T11:49:44+00:00\",\"dateModified\":\"2025-03-11T10:11:17+00:00\",\"breadcrumb\":{\"@id\":\"https:\\\/\\\/bikefit.lu\\\/lb-lu\\\/product\\\/bikefit-20-mm-pedallspacer\\\/#breadcrumb\"},\"inLanguage\":\"lb-LU\",\"potentialAction\":[{\"@type\":\"ReadAction\",\"target\":[\"https:\\\/\\\/bikefit.lu\\\/lb-lu\\\/product\\\/bikefit-20-mm-pedallspacer\\\/\"]}]},{\"@type\":\"ImageObject\",\"inLanguage\":\"lb-LU\",\"@id\":\"https:\\\/\\\/bikefit.lu\\\/lb-lu\\\/product\\\/bikefit-20-mm-pedallspacer\\\/#primaryimage\",\"url\":\"https:\\\/\\\/bikefit.lu\\\/wp-content\\\/uploads\\\/2024\\\/01\\\/pedalextenderswithadapters-scaled-1.webp\",\"contentUrl\":\"https:\\\/\\\/bikefit.lu\\\/wp-content\\\/uploads\\\/2024\\\/01\\\/pedalextenderswithadapters-scaled-1.webp\",\"width\":2560,\"height\":2560},{\"@type\":\"BreadcrumbList\",\"@id\":\"https:\\\/\\\/bikefit.lu\\\/lb-lu\\\/product\\\/bikefit-20-mm-pedallspacer\\\/#breadcrumb\",\"itemListElement\":[{\"@type\":\"ListItem\",\"position\":1,\"name\":\"Home\",\"item\":\"https:\\\/\\\/bikefit.lu\\\/lb-lu\\\/\"},{\"@type\":\"ListItem\",\"position\":2,\"name\":\"Products\",\"item\":\"https:\\\/\\\/bikefit.lu\\\/lb-lu\\\/shop\\\/\"},{\"@type\":\"ListItem\",\"position\":3,\"name\":\"Bikefit 20mm Pedallspacer (L &amp; R)\"}]},{\"@type\":\"WebSite\",\"@id\":\"https:\\\/\\\/bikefit.lu\\\/lb-lu\\\/#website\",\"url\":\"https:\\\/\\\/bikefit.lu\\\/lb-lu\\\/\",\"name\":\"bikefit.lu\",\"description\":\"IMPROVING CYCLING\",\"publisher\":{\"@id\":\"https:\\\/\\\/bikefit.lu\\\/lb-lu\\\/#\\\/schema\\\/person\\\/379af1263474d2f8cd1f41c2bd90273d\"},\"potentialAction\":[{\"@type\":\"SearchAction\",\"target\":{\"@type\":\"EntryPoint\",\"urlTemplate\":\"https:\\\/\\\/bikefit.lu\\\/lb-lu\\\/?s={search_term_string}\"},\"query-input\":{\"@type\":\"PropertyValueSpecification\",\"valueRequired\":true,\"valueName\":\"search_term_string\"}}],\"inLanguage\":\"lb-LU\"},{\"@type\":[\"Person\",\"Organization\"],\"@id\":\"https:\\\/\\\/bikefit.lu\\\/lb-lu\\\/#\\\/schema\\\/person\\\/379af1263474d2f8cd1f41c2bd90273d\",\"name\":\"Patrick Guillaume\",\"image\":{\"@type\":\"ImageObject\",\"inLanguage\":\"lb-LU\",\"@id\":\"https:\\\/\\\/bikefit.lu\\\/wp-content\\\/uploads\\\/2024\\\/12\\\/cropped-bikefit-logoURL-RGB-jpg.jpg\",\"url\":\"https:\\\/\\\/bikefit.lu\\\/wp-content\\\/uploads\\\/2024\\\/12\\\/cropped-bikefit-logoURL-RGB-jpg.jpg\",\"contentUrl\":\"https:\\\/\\\/bikefit.lu\\\/wp-content\\\/uploads\\\/2024\\\/12\\\/cropped-bikefit-logoURL-RGB-jpg.jpg\",\"width\":512,\"height\":512,\"caption\":\"Patrick Guillaume\"},\"logo\":{\"@id\":\"https:\\\/\\\/bikefit.lu\\\/wp-content\\\/uploads\\\/2024\\\/12\\\/cropped-bikefit-logoURL-RGB-jpg.jpg\"},\"sameAs\":[\"https:\\\/\\\/bikefit.lu\"],\"honorificPrefix\":\"Mr\",\"birthDate\":\"1966-11-18\",\"gender\":\"male\",\"knowsAbout\":[\"Bike-fitting\"],\"knowsLanguage\":[\"English\",\"French\",\"German\",\"Luxembourgish\"]}]}<\/script>\n<meta property=\"product:price:amount\" content=\"64.90\" \/>\n<meta property=\"product:price:currency\" content=\"EUR\" \/>\n<meta property=\"og:availability\" content=\"instock\" \/>\n<meta property=\"product:availability\" content=\"instock\" \/>\n<meta property=\"product:condition\" content=\"new\" \/>\n<!-- \/ Yoast SEO Premium plugin. -->","yoast_head_json":{"title":"Bikefit 20mm Pedallspacer (L &amp; R) - bikefit.lu","robots":{"index":"index","follow":"follow","max-snippet":"max-snippet:-1","max-image-preview":"max-image-preview:large","max-video-preview":"max-video-preview:-1"},"canonical":"https:\/\/bikefit.lu\/lb-lu\/product\/bikefit-20-mm-pedallspacer\/","og_locale":"en_US","og_type":"article","og_title":"Bikefit 20mm Pedallspacer (L &amp; R)","og_description":"D\u00ebs Inox-Pedallspacer gi fir Kn\u00e9ien benotzt, d\u00e9i ausserhalb vum Pedallachse dr\u00e9cken andeems de Pedallachse verl\u00e4ngeren. Si sinn entw\u00e9ckelt fir de Fouss eraus an ewech vum der Manivelle ze beweegen fir m\u00e9i Foussfr\u00e4iheet ze bidden. D\u00ebst h\u00eblleft de Cyclisten d\u00e9i m\u00e9i Breet brauche well d'Kn\u00e9ie m\u00e9i vu baussen dr\u00e9cken oder Talleke m\u00e9i Fr\u00e4iheet no bann brauchen, breet H\u00ebften oder Kn\u00e9ien d\u00e9i bausse w\u00e9i dinn. D\u00ebs Pedallspacer funktion\u00e9iere mat Pedallen d\u00e9i keng Schl\u00ebsselfl\u00e4chen hunn (Pedalle gi mat engem 6 oder 8mm Allen Schl\u00ebssel mont\u00e9iert) a mat Pedalen d\u00e9i Schrauwenfl\u00e4chen hunn.","og_url":"https:\/\/bikefit.lu\/lb-lu\/product\/bikefit-20-mm-pedallspacer\/","og_site_name":"bikefit.lu","article_modified_time":"2025-03-11T10:11:17+00:00","og_image":[{"width":2560,"height":2560,"url":"https:\/\/bikefit.lu\/wp-content\/uploads\/2024\/01\/pedalextenderswithadapters-scaled-1.webp","type":"image\/webp"}],"twitter_card":"summary_large_image","twitter_misc":{"Price":"64,90&nbsp;&euro;","Availability":"In stock"},"schema":{"@context":"https:\/\/schema.org","@graph":[{"@type":"WebPage","@id":"https:\/\/bikefit.lu\/lb-lu\/product\/bikefit-20-mm-pedallspacer\/","url":"https:\/\/bikefit.lu\/lb-lu\/product\/bikefit-20-mm-pedallspacer\/","name":"Bikefit 20mm Pedallspacer (L &amp; R) - bikefit.lu","isPartOf":{"@id":"https:\/\/bikefit.lu\/lb-lu\/#website"},"primaryImageOfPage":{"@id":"https:\/\/bikefit.lu\/lb-lu\/product\/bikefit-20-mm-pedallspacer\/#primaryimage"},"image":{"@id":"https:\/\/bikefit.lu\/lb-lu\/product\/bikefit-20-mm-pedallspacer\/#primaryimage"},"thumbnailUrl":"https:\/\/bikefit.lu\/wp-content\/uploads\/2024\/01\/pedalextenderswithadapters-scaled-1.webp","datePublished":"2024-01-25T11:49:44+00:00","dateModified":"2025-03-11T10:11:17+00:00","breadcrumb":{"@id":"https:\/\/bikefit.lu\/lb-lu\/product\/bikefit-20-mm-pedallspacer\/#breadcrumb"},"inLanguage":"lb-LU","potentialAction":[{"@type":"ReadAction","target":["https:\/\/bikefit.lu\/lb-lu\/product\/bikefit-20-mm-pedallspacer\/"]}]},{"@type":"ImageObject","inLanguage":"lb-LU","@id":"https:\/\/bikefit.lu\/lb-lu\/product\/bikefit-20-mm-pedallspacer\/#primaryimage","url":"https:\/\/bikefit.lu\/wp-content\/uploads\/2024\/01\/pedalextenderswithadapters-scaled-1.webp","contentUrl":"https:\/\/bikefit.lu\/wp-content\/uploads\/2024\/01\/pedalextenderswithadapters-scaled-1.webp","width":2560,"height":2560},{"@type":"BreadcrumbList","@id":"https:\/\/bikefit.lu\/lb-lu\/product\/bikefit-20-mm-pedallspacer\/#breadcrumb","itemListElement":[{"@type":"ListItem","position":1,"name":"Home","item":"https:\/\/bikefit.lu\/lb-lu\/"},{"@type":"ListItem","position":2,"name":"Products","item":"https:\/\/bikefit.lu\/lb-lu\/shop\/"},{"@type":"ListItem","position":3,"name":"Bikefit 20mm Pedallspacer (L &amp; R)"}]},{"@type":"WebSite","@id":"https:\/\/bikefit.lu\/lb-lu\/#website","url":"https:\/\/bikefit.lu\/lb-lu\/","name":"bikefit.lu","description":"IMPROVING CYCLING","publisher":{"@id":"https:\/\/bikefit.lu\/lb-lu\/#\/schema\/person\/379af1263474d2f8cd1f41c2bd90273d"},"potentialAction":[{"@type":"SearchAction","target":{"@type":"EntryPoint","urlTemplate":"https:\/\/bikefit.lu\/lb-lu\/?s={search_term_string}"},"query-input":{"@type":"PropertyValueSpecification","valueRequired":true,"valueName":"search_term_string"}}],"inLanguage":"lb-LU"},{"@type":["Person","Organization"],"@id":"https:\/\/bikefit.lu\/lb-lu\/#\/schema\/person\/379af1263474d2f8cd1f41c2bd90273d","name":"Patrick Guillaume","image":{"@type":"ImageObject","inLanguage":"lb-LU","@id":"https:\/\/bikefit.lu\/wp-content\/uploads\/2024\/12\/cropped-bikefit-logoURL-RGB-jpg.jpg","url":"https:\/\/bikefit.lu\/wp-content\/uploads\/2024\/12\/cropped-bikefit-logoURL-RGB-jpg.jpg","contentUrl":"https:\/\/bikefit.lu\/wp-content\/uploads\/2024\/12\/cropped-bikefit-logoURL-RGB-jpg.jpg","width":512,"height":512,"caption":"Patrick Guillaume"},"logo":{"@id":"https:\/\/bikefit.lu\/wp-content\/uploads\/2024\/12\/cropped-bikefit-logoURL-RGB-jpg.jpg"},"sameAs":["https:\/\/bikefit.lu"],"honorificPrefix":"Mr","birthDate":"1966-11-18","gender":"male","knowsAbout":["Bike-fitting"],"knowsLanguage":["English","French","German","Luxembourgish"]}]},"product_price_amount":"64.90","product_price_currency":"EUR","og_availability":"instock","product_availability":"instock","product_condition":"new"},"_links":{"self":[{"href":"https:\/\/bikefit.lu\/lb-lu\/wp-json\/wp\/v2\/product\/78592","targetHints":{"allow":["GET"]}}],"collection":[{"href":"https:\/\/bikefit.lu\/lb-lu\/wp-json\/wp\/v2\/product"}],"about":[{"href":"https:\/\/bikefit.lu\/lb-lu\/wp-json\/wp\/v2\/types\/product"}],"replies":[{"embeddable":true,"href":"https:\/\/bikefit.lu\/lb-lu\/wp-json\/wp\/v2\/comments?post=78592"}],"version-history":[{"count":0,"href":"https:\/\/bikefit.lu\/lb-lu\/wp-json\/wp\/v2\/product\/78592\/revisions"}],"wp:featuredmedia":[{"embeddable":true,"href":"https:\/\/bikefit.lu\/lb-lu\/wp-json\/wp\/v2\/media\/77277"}],"wp:attachment":[{"href":"https:\/\/bikefit.lu\/lb-lu\/wp-json\/wp\/v2\/media?parent=78592"}],"wp:term":[{"taxonomy":"product_brand","embeddable":true,"href":"https:\/\/bikefit.lu\/lb-lu\/wp-json\/wp\/v2\/product_brand?post=78592"},{"taxonomy":"product_cat","embeddable":true,"href":"https:\/\/bikefit.lu\/lb-lu\/wp-json\/wp\/v2\/product_cat?post=78592"},{"taxonomy":"product_tag","embeddable":true,"href":"https:\/\/bikefit.lu\/lb-lu\/wp-json\/wp\/v2\/product_tag?post=78592"}],"curies":[{"name":"wp","href":"https:\/\/api.w.org\/{rel}","templated":true}]}}