{"id":78772,"date":"2021-02-04T21:28:40","date_gmt":"2021-02-04T21:28:40","guid":{"rendered":"https:\/\/staging.bikefit.lu\/shop\/uncategorized\/shimano-sm-sh56\/"},"modified":"2025-04-22T17:37:55","modified_gmt":"2025-04-22T15:37:55","slug":"shimano-sm-sh56","status":"publish","type":"product","link":"https:\/\/bikefit.lu\/lb-lu\/product\/shimano-sm-sh56\/","title":{"rendered":"Shimano SM-SH56"},"content":{"rendered":"<p><strong><span style=\"font-size: 12pt; font-family: arial, helvetica, sans-serif;\"><span class=\"manufacturer\">Shimano<\/span> SPD SM-SH56 MTB Kallen<\/span><\/strong><\/p>\n<p><span style=\"font-size: 12pt; font-family: arial, helvetica, sans-serif;\">Shimano SM-SH56 mat Multi Release \u2013 Passt op all Shimano SPD Pedal ausser PD-M858<br \/>\n<\/span> <span style=\"font-size: 12pt; font-family: arial, helvetica, sans-serif;\">Ausklicken ass net n\u00ebmme m\u00e9iglech mam Fouss no l\u00e9nks oder riets ze dr\u00e9inen, m\u00e4 och duerch en Z\u00e9ien no uewen.<\/span><\/p>\n<hr>\n<p><strong><span style=\"font-size: 12pt; font-family: arial, helvetica, sans-serif;\">Produkteegeschaften<\/span><\/strong><\/p>\n<p><span style=\"font-size: 12pt; font-family: arial, helvetica, sans-serif;\">Modell: SM-SH56<br \/>\n<\/span><span style=\"font-size: 12pt; font-family: arial, helvetica, sans-serif;\">Pedallsystem: SPD<br \/>\n<\/span><span style=\"font-size: 12pt; font-family: arial, helvetica, sans-serif;\">Release: Multi-Release mat Ausklicken andeems een d\u2019Feescht a verschidde Richtunge dr\u00e9ine kann<\/span><\/p>\n<p>&nbsp;<\/p>\n<p><strong><span style=\"font-size: 12pt; font-family: arial, helvetica, sans-serif;\">Kompatibilit\u00e9it<\/span><\/strong><\/p>\n<p><span style=\"font-size: 12pt; font-family: arial, helvetica, sans-serif;\">All SPD-Schong \/ Pedallen <em>(Net kompatibel mat PD-M858)<\/em><\/span><\/p>\n<p>&nbsp;<\/p>\n<p><strong><span style=\"font-size: 12pt; font-family: arial, helvetica, sans-serif;\"><br \/>\nAn der Verpackung<\/span><\/strong><\/p>\n<p><span style=\"font-size: 12pt; font-family: arial, helvetica, sans-serif;\">1 pair of Shimano SPD SM-SH56 MTB Pedal Cleats<\/span><\/p>\n","protected":false},"excerpt":{"rendered":"<p><strong><span style=\"font-size: 12pt;\">SPD &#8211; SHIMANO PEDALING DYNAMICS<\/span><\/strong><\/p>\n<p><span style=\"font-size: 12pt;\"><strong>On\/off the bike<\/strong><\/span><br \/>\n<span style=\"font-size: 12pt;\">SPD ass e System deen \u00ebmmer Leeschtung erm\u00e9iglecht- egal ob am Suedel oder wann Dir gitt. Mat enger breeder Palette vu Schong a Stil g\u00ebtt Pedall\u00e9iere m\u00e9i effizient, an d\u2019Kall an der Suel m\u00e9cht et m\u00e9i komfortabel ze goen. Mat dem SPD System k\u00ebnnt Dir m\u00e9i effizient, stabil a komfortabel pedall\u00e9ieren.<\/span><\/p>\n<p><span style=\"font-size: 12pt;\"><strong>Confortabelt Laafgefill<\/strong><\/span><br \/>\n<span style=\"font-size: 12pt;\">Shimano huet SPD entw\u00e9ckelt fir de Fuerderunge vum expand\u00e9ierende Grupp vu Mountainbiker a Gravel-Biker ze treffen Duerch d\u2019Verschwanne vun Hoken a Rimmer an d\u2019Integratioun vu Pedall a Schongsuel an eng gemeinsam Komponent fir d\u2019Kraaftiwwerdroung, huet SHIMANO d\u2019Welt vum V\u00eblo ge\u00e4nnert. D\u00ebst huet net n\u00ebmmen der Kraaftiwwerdroung profit\u00e9iert, awer och der Kontroll vum Rider iwwer s\u00e4i V\u00eblo a V\u00eblosdisziplinen, d\u00e9i \u00ebmmer m\u00e9i op Technik ausgeriicht sinn. An der T\u00ebschenz\u00e4it g\u00ebtt et keen universellen MTB Stil m\u00e9i, an deementspriechend g\u00ebtt et net m\u00e9i n\u00ebmmen eng eenzeg SPD Pedall. D\u2019Landschaft ass vari\u00e9iert: vu schnelle XC Coursen zu g\u00e9ien, stengege, naasse, wuerzelr\u00e4ichen a m\u00e4tschegen Offroad Sortien. D\u2019Shimano SPD Pedalle hale mat. D\u2019Schong-Pedall Designs evolu\u00e9iere fir de Fuerderunge vun \u00c4rem pers\u00e9inleche Fuerstil gerecht ze ginn, bidden awer \u00ebmmer nach d\u00e9i bew\u00e4erte S\u00e9cherheet, Zouverl\u00e4ssegkeet a reng Haltbarkeet am Gel\u00e4nn. System-Engineered. Rider- Tuned. Dir wielt.<\/span><\/p>\n","protected":false},"featured_media":88738,"comment_status":"closed","ping_status":"closed","template":"","meta":[],"product_brand":[],"product_cat":[4840,4832,4784,4844],"product_tag":[5038,5111,5155],"class_list":{"0":"post-78772","1":"product","2":"type-product","3":"status-publish","4":"has-post-thumbnail","6":"product_cat-kallen","7":"product_cat-foot-pedal-interface-lb-lu","8":"product_cat-offroad-lb-lu-2","9":"product_cat-offroad-kallen","10":"product_tag-cleats-lb-lu","11":"product_tag-offroad-lb-lu","12":"product_tag-shimano-lb-lu","13":"product_shipping_class-format-s-lb-lu","15":"first","16":"instock","17":"taxable","18":"shipping-taxable","19":"purchasable","20":"product-type-simple"},"yoast_head":"<!-- This site is optimized with the Yoast SEO Premium plugin v27.3 (Yoast SEO v27.3) - https:\/\/yoast.com\/product\/yoast-seo-premium-wordpress\/ -->\n<title>Shimano SM-SH56 - bikefit.lu<\/title>\n<meta name=\"robots\" content=\"index, follow, max-snippet:-1, max-image-preview:large, max-video-preview:-1\" \/>\n<link rel=\"canonical\" href=\"https:\/\/bikefit.lu\/lb-lu\/product\/shimano-sm-sh56\/\" \/>\n<meta property=\"og:locale\" content=\"en_US\" \/>\n<meta property=\"og:type\" content=\"article\" \/>\n<meta property=\"og:title\" content=\"Shimano SM-SH56\" \/>\n<meta property=\"og:description\" content=\"SPD - SHIMANO PEDALING DYNAMICS On\/off the bike SPD ass e System deen \u00ebmmer Leeschtung erm\u00e9iglecht- egal ob am Suedel oder wann Dir gitt. Mat enger breeder Palette vu Schong a Stil g\u00ebtt Pedall\u00e9iere m\u00e9i effizient, an d\u2019Kall an der Suel m\u00e9cht et m\u00e9i komfortabel ze goen. Mat dem SPD System k\u00ebnnt Dir m\u00e9i effizient, stabil a komfortabel pedall\u00e9ieren. Confortabelt Laafgefill Shimano huet SPD entw\u00e9ckelt fir de Fuerderunge vum expand\u00e9ierende Grupp vu Mountainbiker a Gravel-Biker ze treffen Duerch d\u2019Verschwanne vun Hoken a Rimmer an d\u2019Integratioun vu Pedall a Schongsuel an eng gemeinsam Komponent fir d\u2019Kraaftiwwerdroung, huet SHIMANO d\u2019Welt vum V\u00eblo ge\u00e4nnert. D\u00ebst huet net n\u00ebmmen der Kraaftiwwerdroung profit\u00e9iert, awer och der Kontroll vum Rider iwwer s\u00e4i V\u00eblo a V\u00eblosdisziplinen, d\u00e9i \u00ebmmer m\u00e9i op Technik ausgeriicht sinn. An der T\u00ebschenz\u00e4it g\u00ebtt et keen universellen MTB Stil m\u00e9i, an deementspriechend g\u00ebtt et net m\u00e9i n\u00ebmmen eng eenzeg SPD Pedall. D\u2019Landschaft ass vari\u00e9iert: vu schnelle XC Coursen zu g\u00e9ien, stengege, naasse, wuerzelr\u00e4ichen a m\u00e4tschegen Offroad Sortien. D\u2019Shimano SPD Pedalle hale mat. D\u2019Schong-Pedall Designs evolu\u00e9iere fir de Fuerderunge vun \u00c4rem pers\u00e9inleche Fuerstil gerecht ze ginn, bidden awer \u00ebmmer nach d\u00e9i bew\u00e4erte S\u00e9cherheet, Zouverl\u00e4ssegkeet a reng Haltbarkeet am Gel\u00e4nn. System-Engineered. Rider- Tuned. Dir wielt.\" \/>\n<meta property=\"og:url\" content=\"https:\/\/bikefit.lu\/lb-lu\/product\/shimano-sm-sh56\/\" \/>\n<meta property=\"og:site_name\" content=\"bikefit.lu\" \/>\n<meta property=\"article:modified_time\" content=\"2025-04-22T15:37:55+00:00\" \/>\n<meta property=\"og:image\" content=\"https:\/\/bikefit.lu\/wp-content\/uploads\/2021\/02\/Shimano-SM-SH56-MTB-SPD-Pedal-Cleats-Y41S98100_b.jpg\" \/>\n\t<meta property=\"og:image:width\" content=\"1000\" \/>\n\t<meta property=\"og:image:height\" content=\"887\" \/>\n\t<meta property=\"og:image:type\" content=\"image\/jpeg\" \/>\n<meta name=\"twitter:card\" content=\"summary_large_image\" \/>\n<meta name=\"twitter:label1\" content=\"Price\" \/>\n\t<meta name=\"twitter:data1\" content=\"14,99&nbsp;&euro;\" \/>\n\t<meta name=\"twitter:label2\" content=\"Availability\" \/>\n\t<meta name=\"twitter:data2\" content=\"In stock\" \/>\n<script type=\"application\/ld+json\" class=\"yoast-schema-graph\">{\"@context\":\"https:\\\/\\\/schema.org\",\"@graph\":[{\"@type\":\"WebPage\",\"@id\":\"https:\\\/\\\/bikefit.lu\\\/lb-lu\\\/product\\\/shimano-sm-sh56\\\/\",\"url\":\"https:\\\/\\\/bikefit.lu\\\/lb-lu\\\/product\\\/shimano-sm-sh56\\\/\",\"name\":\"Shimano SM-SH56 - bikefit.lu\",\"isPartOf\":{\"@id\":\"https:\\\/\\\/bikefit.lu\\\/lb-lu\\\/#website\"},\"primaryImageOfPage\":{\"@id\":\"https:\\\/\\\/bikefit.lu\\\/lb-lu\\\/product\\\/shimano-sm-sh56\\\/#primaryimage\"},\"image\":{\"@id\":\"https:\\\/\\\/bikefit.lu\\\/lb-lu\\\/product\\\/shimano-sm-sh56\\\/#primaryimage\"},\"thumbnailUrl\":\"https:\\\/\\\/bikefit.lu\\\/wp-content\\\/uploads\\\/2021\\\/02\\\/Shimano-SM-SH56-MTB-SPD-Pedal-Cleats-Y41S98100_b.jpg\",\"datePublished\":\"2021-02-04T21:28:40+00:00\",\"dateModified\":\"2025-04-22T15:37:55+00:00\",\"breadcrumb\":{\"@id\":\"https:\\\/\\\/bikefit.lu\\\/lb-lu\\\/product\\\/shimano-sm-sh56\\\/#breadcrumb\"},\"inLanguage\":\"lb-LU\",\"potentialAction\":[{\"@type\":\"ReadAction\",\"target\":[\"https:\\\/\\\/bikefit.lu\\\/lb-lu\\\/product\\\/shimano-sm-sh56\\\/\"]}]},{\"@type\":\"ImageObject\",\"inLanguage\":\"lb-LU\",\"@id\":\"https:\\\/\\\/bikefit.lu\\\/lb-lu\\\/product\\\/shimano-sm-sh56\\\/#primaryimage\",\"url\":\"https:\\\/\\\/bikefit.lu\\\/wp-content\\\/uploads\\\/2021\\\/02\\\/Shimano-SM-SH56-MTB-SPD-Pedal-Cleats-Y41S98100_b.jpg\",\"contentUrl\":\"https:\\\/\\\/bikefit.lu\\\/wp-content\\\/uploads\\\/2021\\\/02\\\/Shimano-SM-SH56-MTB-SPD-Pedal-Cleats-Y41S98100_b.jpg\",\"width\":1000,\"height\":887},{\"@type\":\"BreadcrumbList\",\"@id\":\"https:\\\/\\\/bikefit.lu\\\/lb-lu\\\/product\\\/shimano-sm-sh56\\\/#breadcrumb\",\"itemListElement\":[{\"@type\":\"ListItem\",\"position\":1,\"name\":\"Home\",\"item\":\"https:\\\/\\\/bikefit.lu\\\/lb-lu\\\/\"},{\"@type\":\"ListItem\",\"position\":2,\"name\":\"Products\",\"item\":\"https:\\\/\\\/bikefit.lu\\\/lb-lu\\\/shop\\\/\"},{\"@type\":\"ListItem\",\"position\":3,\"name\":\"Shimano SM-SH56\"}]},{\"@type\":\"WebSite\",\"@id\":\"https:\\\/\\\/bikefit.lu\\\/lb-lu\\\/#website\",\"url\":\"https:\\\/\\\/bikefit.lu\\\/lb-lu\\\/\",\"name\":\"bikefit.lu\",\"description\":\"IMPROVING CYCLING\",\"publisher\":{\"@id\":\"https:\\\/\\\/bikefit.lu\\\/lb-lu\\\/#\\\/schema\\\/person\\\/379af1263474d2f8cd1f41c2bd90273d\"},\"potentialAction\":[{\"@type\":\"SearchAction\",\"target\":{\"@type\":\"EntryPoint\",\"urlTemplate\":\"https:\\\/\\\/bikefit.lu\\\/lb-lu\\\/?s={search_term_string}\"},\"query-input\":{\"@type\":\"PropertyValueSpecification\",\"valueRequired\":true,\"valueName\":\"search_term_string\"}}],\"inLanguage\":\"lb-LU\"},{\"@type\":[\"Person\",\"Organization\"],\"@id\":\"https:\\\/\\\/bikefit.lu\\\/lb-lu\\\/#\\\/schema\\\/person\\\/379af1263474d2f8cd1f41c2bd90273d\",\"name\":\"Patrick Guillaume\",\"image\":{\"@type\":\"ImageObject\",\"inLanguage\":\"lb-LU\",\"@id\":\"https:\\\/\\\/bikefit.lu\\\/wp-content\\\/uploads\\\/2024\\\/12\\\/cropped-bikefit-logoURL-RGB-jpg.jpg\",\"url\":\"https:\\\/\\\/bikefit.lu\\\/wp-content\\\/uploads\\\/2024\\\/12\\\/cropped-bikefit-logoURL-RGB-jpg.jpg\",\"contentUrl\":\"https:\\\/\\\/bikefit.lu\\\/wp-content\\\/uploads\\\/2024\\\/12\\\/cropped-bikefit-logoURL-RGB-jpg.jpg\",\"width\":512,\"height\":512,\"caption\":\"Patrick Guillaume\"},\"logo\":{\"@id\":\"https:\\\/\\\/bikefit.lu\\\/wp-content\\\/uploads\\\/2024\\\/12\\\/cropped-bikefit-logoURL-RGB-jpg.jpg\"},\"sameAs\":[\"https:\\\/\\\/bikefit.lu\"],\"honorificPrefix\":\"Mr\",\"birthDate\":\"1966-11-18\",\"gender\":\"male\",\"knowsAbout\":[\"Bike-fitting\"],\"knowsLanguage\":[\"English\",\"French\",\"German\",\"Luxembourgish\"]}]}<\/script>\n<meta property=\"product:price:amount\" content=\"14.99\" \/>\n<meta property=\"product:price:currency\" content=\"EUR\" \/>\n<meta property=\"og:availability\" content=\"instock\" \/>\n<meta property=\"product:availability\" content=\"instock\" \/>\n<meta property=\"product:condition\" content=\"new\" \/>\n<!-- \/ Yoast SEO Premium plugin. -->","yoast_head_json":{"title":"Shimano SM-SH56 - bikefit.lu","robots":{"index":"index","follow":"follow","max-snippet":"max-snippet:-1","max-image-preview":"max-image-preview:large","max-video-preview":"max-video-preview:-1"},"canonical":"https:\/\/bikefit.lu\/lb-lu\/product\/shimano-sm-sh56\/","og_locale":"en_US","og_type":"article","og_title":"Shimano SM-SH56","og_description":"SPD - SHIMANO PEDALING DYNAMICS On\/off the bike SPD ass e System deen \u00ebmmer Leeschtung erm\u00e9iglecht- egal ob am Suedel oder wann Dir gitt. Mat enger breeder Palette vu Schong a Stil g\u00ebtt Pedall\u00e9iere m\u00e9i effizient, an d\u2019Kall an der Suel m\u00e9cht et m\u00e9i komfortabel ze goen. Mat dem SPD System k\u00ebnnt Dir m\u00e9i effizient, stabil a komfortabel pedall\u00e9ieren. Confortabelt Laafgefill Shimano huet SPD entw\u00e9ckelt fir de Fuerderunge vum expand\u00e9ierende Grupp vu Mountainbiker a Gravel-Biker ze treffen Duerch d\u2019Verschwanne vun Hoken a Rimmer an d\u2019Integratioun vu Pedall a Schongsuel an eng gemeinsam Komponent fir d\u2019Kraaftiwwerdroung, huet SHIMANO d\u2019Welt vum V\u00eblo ge\u00e4nnert. D\u00ebst huet net n\u00ebmmen der Kraaftiwwerdroung profit\u00e9iert, awer och der Kontroll vum Rider iwwer s\u00e4i V\u00eblo a V\u00eblosdisziplinen, d\u00e9i \u00ebmmer m\u00e9i op Technik ausgeriicht sinn. An der T\u00ebschenz\u00e4it g\u00ebtt et keen universellen MTB Stil m\u00e9i, an deementspriechend g\u00ebtt et net m\u00e9i n\u00ebmmen eng eenzeg SPD Pedall. D\u2019Landschaft ass vari\u00e9iert: vu schnelle XC Coursen zu g\u00e9ien, stengege, naasse, wuerzelr\u00e4ichen a m\u00e4tschegen Offroad Sortien. D\u2019Shimano SPD Pedalle hale mat. D\u2019Schong-Pedall Designs evolu\u00e9iere fir de Fuerderunge vun \u00c4rem pers\u00e9inleche Fuerstil gerecht ze ginn, bidden awer \u00ebmmer nach d\u00e9i bew\u00e4erte S\u00e9cherheet, Zouverl\u00e4ssegkeet a reng Haltbarkeet am Gel\u00e4nn. System-Engineered. Rider- Tuned. Dir wielt.","og_url":"https:\/\/bikefit.lu\/lb-lu\/product\/shimano-sm-sh56\/","og_site_name":"bikefit.lu","article_modified_time":"2025-04-22T15:37:55+00:00","og_image":[{"width":1000,"height":887,"url":"https:\/\/bikefit.lu\/wp-content\/uploads\/2021\/02\/Shimano-SM-SH56-MTB-SPD-Pedal-Cleats-Y41S98100_b.jpg","type":"image\/jpeg"}],"twitter_card":"summary_large_image","twitter_misc":{"Price":"14,99&nbsp;&euro;","Availability":"In stock"},"schema":{"@context":"https:\/\/schema.org","@graph":[{"@type":"WebPage","@id":"https:\/\/bikefit.lu\/lb-lu\/product\/shimano-sm-sh56\/","url":"https:\/\/bikefit.lu\/lb-lu\/product\/shimano-sm-sh56\/","name":"Shimano SM-SH56 - bikefit.lu","isPartOf":{"@id":"https:\/\/bikefit.lu\/lb-lu\/#website"},"primaryImageOfPage":{"@id":"https:\/\/bikefit.lu\/lb-lu\/product\/shimano-sm-sh56\/#primaryimage"},"image":{"@id":"https:\/\/bikefit.lu\/lb-lu\/product\/shimano-sm-sh56\/#primaryimage"},"thumbnailUrl":"https:\/\/bikefit.lu\/wp-content\/uploads\/2021\/02\/Shimano-SM-SH56-MTB-SPD-Pedal-Cleats-Y41S98100_b.jpg","datePublished":"2021-02-04T21:28:40+00:00","dateModified":"2025-04-22T15:37:55+00:00","breadcrumb":{"@id":"https:\/\/bikefit.lu\/lb-lu\/product\/shimano-sm-sh56\/#breadcrumb"},"inLanguage":"lb-LU","potentialAction":[{"@type":"ReadAction","target":["https:\/\/bikefit.lu\/lb-lu\/product\/shimano-sm-sh56\/"]}]},{"@type":"ImageObject","inLanguage":"lb-LU","@id":"https:\/\/bikefit.lu\/lb-lu\/product\/shimano-sm-sh56\/#primaryimage","url":"https:\/\/bikefit.lu\/wp-content\/uploads\/2021\/02\/Shimano-SM-SH56-MTB-SPD-Pedal-Cleats-Y41S98100_b.jpg","contentUrl":"https:\/\/bikefit.lu\/wp-content\/uploads\/2021\/02\/Shimano-SM-SH56-MTB-SPD-Pedal-Cleats-Y41S98100_b.jpg","width":1000,"height":887},{"@type":"BreadcrumbList","@id":"https:\/\/bikefit.lu\/lb-lu\/product\/shimano-sm-sh56\/#breadcrumb","itemListElement":[{"@type":"ListItem","position":1,"name":"Home","item":"https:\/\/bikefit.lu\/lb-lu\/"},{"@type":"ListItem","position":2,"name":"Products","item":"https:\/\/bikefit.lu\/lb-lu\/shop\/"},{"@type":"ListItem","position":3,"name":"Shimano SM-SH56"}]},{"@type":"WebSite","@id":"https:\/\/bikefit.lu\/lb-lu\/#website","url":"https:\/\/bikefit.lu\/lb-lu\/","name":"bikefit.lu","description":"IMPROVING CYCLING","publisher":{"@id":"https:\/\/bikefit.lu\/lb-lu\/#\/schema\/person\/379af1263474d2f8cd1f41c2bd90273d"},"potentialAction":[{"@type":"SearchAction","target":{"@type":"EntryPoint","urlTemplate":"https:\/\/bikefit.lu\/lb-lu\/?s={search_term_string}"},"query-input":{"@type":"PropertyValueSpecification","valueRequired":true,"valueName":"search_term_string"}}],"inLanguage":"lb-LU"},{"@type":["Person","Organization"],"@id":"https:\/\/bikefit.lu\/lb-lu\/#\/schema\/person\/379af1263474d2f8cd1f41c2bd90273d","name":"Patrick Guillaume","image":{"@type":"ImageObject","inLanguage":"lb-LU","@id":"https:\/\/bikefit.lu\/wp-content\/uploads\/2024\/12\/cropped-bikefit-logoURL-RGB-jpg.jpg","url":"https:\/\/bikefit.lu\/wp-content\/uploads\/2024\/12\/cropped-bikefit-logoURL-RGB-jpg.jpg","contentUrl":"https:\/\/bikefit.lu\/wp-content\/uploads\/2024\/12\/cropped-bikefit-logoURL-RGB-jpg.jpg","width":512,"height":512,"caption":"Patrick Guillaume"},"logo":{"@id":"https:\/\/bikefit.lu\/wp-content\/uploads\/2024\/12\/cropped-bikefit-logoURL-RGB-jpg.jpg"},"sameAs":["https:\/\/bikefit.lu"],"honorificPrefix":"Mr","birthDate":"1966-11-18","gender":"male","knowsAbout":["Bike-fitting"],"knowsLanguage":["English","French","German","Luxembourgish"]}]},"product_price_amount":"14.99","product_price_currency":"EUR","og_availability":"instock","product_availability":"instock","product_condition":"new"},"_links":{"self":[{"href":"https:\/\/bikefit.lu\/lb-lu\/wp-json\/wp\/v2\/product\/78772","targetHints":{"allow":["GET"]}}],"collection":[{"href":"https:\/\/bikefit.lu\/lb-lu\/wp-json\/wp\/v2\/product"}],"about":[{"href":"https:\/\/bikefit.lu\/lb-lu\/wp-json\/wp\/v2\/types\/product"}],"replies":[{"embeddable":true,"href":"https:\/\/bikefit.lu\/lb-lu\/wp-json\/wp\/v2\/comments?post=78772"}],"version-history":[{"count":0,"href":"https:\/\/bikefit.lu\/lb-lu\/wp-json\/wp\/v2\/product\/78772\/revisions"}],"wp:featuredmedia":[{"embeddable":true,"href":"https:\/\/bikefit.lu\/lb-lu\/wp-json\/wp\/v2\/media\/88738"}],"wp:attachment":[{"href":"https:\/\/bikefit.lu\/lb-lu\/wp-json\/wp\/v2\/media?parent=78772"}],"wp:term":[{"taxonomy":"product_brand","embeddable":true,"href":"https:\/\/bikefit.lu\/lb-lu\/wp-json\/wp\/v2\/product_brand?post=78772"},{"taxonomy":"product_cat","embeddable":true,"href":"https:\/\/bikefit.lu\/lb-lu\/wp-json\/wp\/v2\/product_cat?post=78772"},{"taxonomy":"product_tag","embeddable":true,"href":"https:\/\/bikefit.lu\/lb-lu\/wp-json\/wp\/v2\/product_tag?post=78772"}],"curies":[{"name":"wp","href":"https:\/\/api.w.org\/{rel}","templated":true}]}}