{"id":78819,"date":"2021-02-14T11:56:40","date_gmt":"2021-02-14T11:56:40","guid":{"rendered":"https:\/\/staging.bikefit.lu\/shop\/uncategorized\/time-iclic-xpresso-xpro-0\/"},"modified":"2025-04-22T16:33:34","modified_gmt":"2025-04-22T14:33:34","slug":"time-iclic-xpresso-xpro-0","status":"publish","type":"product","link":"https:\/\/bikefit.lu\/lb-lu\/product\/time-iclic-xpresso-xpro-0\/","title":{"rendered":"Time ICLIC\/Xpresso\/Xpro 0\u00b0"},"content":{"rendered":"<p><strong>Produkteegeschaften<\/strong><\/p>\n<p>Asazber\u00e4ich: Stroossev\u00eblo<br \/>\nPassend fir: Xpresso \/ XPro \/ ICLIC \/ ICLIC 2<br \/>\nBeweegungsfr\u00e4iheet: 0 \u00b0<\/p>\n<p><strong>Material<br \/>\n<\/strong>Composite<\/p>\n<p><strong>Faarf<br \/>\n<\/strong>schwaarz<\/p>\n<hr>\n<p><strong>Liwwer\u00ebmfang<br \/>\n<\/strong>1 Puer Xpresso Fixed \/ ICLIC Kallen inkl Befestegungsmaterial<\/p>\n","protected":false},"excerpt":{"rendered":"<p><span style=\"font-family: arial, helvetica, sans-serif;\">D\u00e9i fix Kallen, passend fir Time Xpresso, XPRO, ICLIC, ICLIC 2 Pedallen, goufe fir Cyclisten entw\u00e9ckelt, d\u00e9i ee s\u00e9chert Gefill ouni Beweegungsfr\u00e4iheet l\u00e9iwer hunn. The Bimaterial brings more durability when walking with the cleats.  <\/span><\/p>\n","protected":false},"featured_media":76401,"comment_status":"closed","ping_status":"closed","template":"","meta":[],"product_brand":[],"product_cat":[4840,4832,4787,4846],"product_tag":[5038,5126,5170],"class_list":{"0":"post-78819","1":"product","2":"type-product","3":"status-publish","4":"has-post-thumbnail","6":"product_cat-kallen","7":"product_cat-foot-pedal-interface-lb-lu","8":"product_cat-road-lb-lu","9":"product_cat-road-kallen","10":"product_tag-cleats-lb-lu","11":"product_tag-road-lb-lu","12":"product_tag-time-lb-lu","13":"product_shipping_class-small-items-lb-lu","15":"first","16":"instock","17":"taxable","18":"shipping-taxable","19":"purchasable","20":"product-type-simple"},"yoast_head":"<!-- This site is optimized with the Yoast SEO Premium plugin v27.3 (Yoast SEO v27.3) - https:\/\/yoast.com\/product\/yoast-seo-premium-wordpress\/ -->\n<title>Time ICLIC\/Xpresso\/Xpro 0\u00b0 - bikefit.lu<\/title>\n<meta name=\"robots\" content=\"index, follow, max-snippet:-1, max-image-preview:large, max-video-preview:-1\" \/>\n<link rel=\"canonical\" href=\"https:\/\/bikefit.lu\/lb-lu\/product\/time-iclic-xpresso-xpro-0\/\" \/>\n<meta property=\"og:locale\" content=\"en_US\" \/>\n<meta property=\"og:type\" content=\"article\" \/>\n<meta property=\"og:title\" content=\"Time ICLIC\/Xpresso\/Xpro 0\u00b0\" \/>\n<meta property=\"og:description\" content=\"D\u00e9i fix Kallen, passend fir Time Xpresso, XPRO, ICLIC, ICLIC 2 Pedallen, goufe fir Cyclisten entw\u00e9ckelt, d\u00e9i ee s\u00e9chert Gefill ouni Beweegungsfr\u00e4iheet l\u00e9iwer hunn. The Bimaterial brings more durability when walking with the cleats.\" \/>\n<meta property=\"og:url\" content=\"https:\/\/bikefit.lu\/lb-lu\/product\/time-iclic-xpresso-xpro-0\/\" \/>\n<meta property=\"og:site_name\" content=\"bikefit.lu\" \/>\n<meta property=\"article:modified_time\" content=\"2025-04-22T14:33:34+00:00\" \/>\n<meta property=\"og:image\" content=\"https:\/\/bikefit.lu\/wp-content\/uploads\/2021\/02\/Time-ICLIC-Xpresso-Xpro-0\u00b0-Cleats.jpg\" \/>\n\t<meta property=\"og:image:width\" content=\"1100\" \/>\n\t<meta property=\"og:image:height\" content=\"860\" \/>\n\t<meta property=\"og:image:type\" content=\"image\/jpeg\" \/>\n<meta name=\"twitter:card\" content=\"summary_large_image\" \/>\n<meta name=\"twitter:label1\" content=\"Price\" \/>\n\t<meta name=\"twitter:data1\" content=\"20,00&nbsp;&euro;\" \/>\n\t<meta name=\"twitter:label2\" content=\"Availability\" \/>\n\t<meta name=\"twitter:data2\" content=\"In stock\" \/>\n<script type=\"application\/ld+json\" class=\"yoast-schema-graph\">{\"@context\":\"https:\\\/\\\/schema.org\",\"@graph\":[{\"@type\":\"WebPage\",\"@id\":\"https:\\\/\\\/bikefit.lu\\\/lb-lu\\\/product\\\/time-iclic-xpresso-xpro-0\\\/\",\"url\":\"https:\\\/\\\/bikefit.lu\\\/lb-lu\\\/product\\\/time-iclic-xpresso-xpro-0\\\/\",\"name\":\"Time ICLIC\\\/Xpresso\\\/Xpro 0\u00b0 - bikefit.lu\",\"isPartOf\":{\"@id\":\"https:\\\/\\\/bikefit.lu\\\/lb-lu\\\/#website\"},\"primaryImageOfPage\":{\"@id\":\"https:\\\/\\\/bikefit.lu\\\/lb-lu\\\/product\\\/time-iclic-xpresso-xpro-0\\\/#primaryimage\"},\"image\":{\"@id\":\"https:\\\/\\\/bikefit.lu\\\/lb-lu\\\/product\\\/time-iclic-xpresso-xpro-0\\\/#primaryimage\"},\"thumbnailUrl\":\"https:\\\/\\\/bikefit.lu\\\/wp-content\\\/uploads\\\/2021\\\/02\\\/Time-ICLIC-Xpresso-Xpro-0\u00b0-Cleats.jpg\",\"datePublished\":\"2021-02-14T11:56:40+00:00\",\"dateModified\":\"2025-04-22T14:33:34+00:00\",\"breadcrumb\":{\"@id\":\"https:\\\/\\\/bikefit.lu\\\/lb-lu\\\/product\\\/time-iclic-xpresso-xpro-0\\\/#breadcrumb\"},\"inLanguage\":\"lb-LU\",\"potentialAction\":[{\"@type\":\"ReadAction\",\"target\":[\"https:\\\/\\\/bikefit.lu\\\/lb-lu\\\/product\\\/time-iclic-xpresso-xpro-0\\\/\"]}]},{\"@type\":\"ImageObject\",\"inLanguage\":\"lb-LU\",\"@id\":\"https:\\\/\\\/bikefit.lu\\\/lb-lu\\\/product\\\/time-iclic-xpresso-xpro-0\\\/#primaryimage\",\"url\":\"https:\\\/\\\/bikefit.lu\\\/wp-content\\\/uploads\\\/2021\\\/02\\\/Time-ICLIC-Xpresso-Xpro-0\u00b0-Cleats.jpg\",\"contentUrl\":\"https:\\\/\\\/bikefit.lu\\\/wp-content\\\/uploads\\\/2021\\\/02\\\/Time-ICLIC-Xpresso-Xpro-0\u00b0-Cleats.jpg\",\"width\":1100,\"height\":860},{\"@type\":\"BreadcrumbList\",\"@id\":\"https:\\\/\\\/bikefit.lu\\\/lb-lu\\\/product\\\/time-iclic-xpresso-xpro-0\\\/#breadcrumb\",\"itemListElement\":[{\"@type\":\"ListItem\",\"position\":1,\"name\":\"Home\",\"item\":\"https:\\\/\\\/bikefit.lu\\\/lb-lu\\\/\"},{\"@type\":\"ListItem\",\"position\":2,\"name\":\"Products\",\"item\":\"https:\\\/\\\/bikefit.lu\\\/lb-lu\\\/shop\\\/\"},{\"@type\":\"ListItem\",\"position\":3,\"name\":\"Time ICLIC\\\/Xpresso\\\/Xpro 0\u00b0\"}]},{\"@type\":\"WebSite\",\"@id\":\"https:\\\/\\\/bikefit.lu\\\/lb-lu\\\/#website\",\"url\":\"https:\\\/\\\/bikefit.lu\\\/lb-lu\\\/\",\"name\":\"bikefit.lu\",\"description\":\"IMPROVING CYCLING\",\"publisher\":{\"@id\":\"https:\\\/\\\/bikefit.lu\\\/lb-lu\\\/#\\\/schema\\\/person\\\/379af1263474d2f8cd1f41c2bd90273d\"},\"potentialAction\":[{\"@type\":\"SearchAction\",\"target\":{\"@type\":\"EntryPoint\",\"urlTemplate\":\"https:\\\/\\\/bikefit.lu\\\/lb-lu\\\/?s={search_term_string}\"},\"query-input\":{\"@type\":\"PropertyValueSpecification\",\"valueRequired\":true,\"valueName\":\"search_term_string\"}}],\"inLanguage\":\"lb-LU\"},{\"@type\":[\"Person\",\"Organization\"],\"@id\":\"https:\\\/\\\/bikefit.lu\\\/lb-lu\\\/#\\\/schema\\\/person\\\/379af1263474d2f8cd1f41c2bd90273d\",\"name\":\"Patrick Guillaume\",\"image\":{\"@type\":\"ImageObject\",\"inLanguage\":\"lb-LU\",\"@id\":\"https:\\\/\\\/bikefit.lu\\\/wp-content\\\/uploads\\\/2024\\\/12\\\/cropped-bikefit-logoURL-RGB-jpg.jpg\",\"url\":\"https:\\\/\\\/bikefit.lu\\\/wp-content\\\/uploads\\\/2024\\\/12\\\/cropped-bikefit-logoURL-RGB-jpg.jpg\",\"contentUrl\":\"https:\\\/\\\/bikefit.lu\\\/wp-content\\\/uploads\\\/2024\\\/12\\\/cropped-bikefit-logoURL-RGB-jpg.jpg\",\"width\":512,\"height\":512,\"caption\":\"Patrick Guillaume\"},\"logo\":{\"@id\":\"https:\\\/\\\/bikefit.lu\\\/wp-content\\\/uploads\\\/2024\\\/12\\\/cropped-bikefit-logoURL-RGB-jpg.jpg\"},\"sameAs\":[\"https:\\\/\\\/bikefit.lu\"],\"honorificPrefix\":\"Mr\",\"birthDate\":\"1966-11-18\",\"gender\":\"male\",\"knowsAbout\":[\"Bike-fitting\"],\"knowsLanguage\":[\"English\",\"French\",\"German\",\"Luxembourgish\"]}]}<\/script>\n<meta property=\"product:price:amount\" content=\"20.00\" \/>\n<meta property=\"product:price:currency\" content=\"EUR\" \/>\n<meta property=\"og:availability\" content=\"instock\" \/>\n<meta property=\"product:availability\" content=\"instock\" \/>\n<meta property=\"product:condition\" content=\"new\" \/>\n<!-- \/ Yoast SEO Premium plugin. -->","yoast_head_json":{"title":"Time ICLIC\/Xpresso\/Xpro 0\u00b0 - bikefit.lu","robots":{"index":"index","follow":"follow","max-snippet":"max-snippet:-1","max-image-preview":"max-image-preview:large","max-video-preview":"max-video-preview:-1"},"canonical":"https:\/\/bikefit.lu\/lb-lu\/product\/time-iclic-xpresso-xpro-0\/","og_locale":"en_US","og_type":"article","og_title":"Time ICLIC\/Xpresso\/Xpro 0\u00b0","og_description":"D\u00e9i fix Kallen, passend fir Time Xpresso, XPRO, ICLIC, ICLIC 2 Pedallen, goufe fir Cyclisten entw\u00e9ckelt, d\u00e9i ee s\u00e9chert Gefill ouni Beweegungsfr\u00e4iheet l\u00e9iwer hunn. The Bimaterial brings more durability when walking with the cleats.","og_url":"https:\/\/bikefit.lu\/lb-lu\/product\/time-iclic-xpresso-xpro-0\/","og_site_name":"bikefit.lu","article_modified_time":"2025-04-22T14:33:34+00:00","og_image":[{"width":1100,"height":860,"url":"https:\/\/bikefit.lu\/wp-content\/uploads\/2021\/02\/Time-ICLIC-Xpresso-Xpro-0\u00b0-Cleats.jpg","type":"image\/jpeg"}],"twitter_card":"summary_large_image","twitter_misc":{"Price":"20,00&nbsp;&euro;","Availability":"In stock"},"schema":{"@context":"https:\/\/schema.org","@graph":[{"@type":"WebPage","@id":"https:\/\/bikefit.lu\/lb-lu\/product\/time-iclic-xpresso-xpro-0\/","url":"https:\/\/bikefit.lu\/lb-lu\/product\/time-iclic-xpresso-xpro-0\/","name":"Time ICLIC\/Xpresso\/Xpro 0\u00b0 - bikefit.lu","isPartOf":{"@id":"https:\/\/bikefit.lu\/lb-lu\/#website"},"primaryImageOfPage":{"@id":"https:\/\/bikefit.lu\/lb-lu\/product\/time-iclic-xpresso-xpro-0\/#primaryimage"},"image":{"@id":"https:\/\/bikefit.lu\/lb-lu\/product\/time-iclic-xpresso-xpro-0\/#primaryimage"},"thumbnailUrl":"https:\/\/bikefit.lu\/wp-content\/uploads\/2021\/02\/Time-ICLIC-Xpresso-Xpro-0\u00b0-Cleats.jpg","datePublished":"2021-02-14T11:56:40+00:00","dateModified":"2025-04-22T14:33:34+00:00","breadcrumb":{"@id":"https:\/\/bikefit.lu\/lb-lu\/product\/time-iclic-xpresso-xpro-0\/#breadcrumb"},"inLanguage":"lb-LU","potentialAction":[{"@type":"ReadAction","target":["https:\/\/bikefit.lu\/lb-lu\/product\/time-iclic-xpresso-xpro-0\/"]}]},{"@type":"ImageObject","inLanguage":"lb-LU","@id":"https:\/\/bikefit.lu\/lb-lu\/product\/time-iclic-xpresso-xpro-0\/#primaryimage","url":"https:\/\/bikefit.lu\/wp-content\/uploads\/2021\/02\/Time-ICLIC-Xpresso-Xpro-0\u00b0-Cleats.jpg","contentUrl":"https:\/\/bikefit.lu\/wp-content\/uploads\/2021\/02\/Time-ICLIC-Xpresso-Xpro-0\u00b0-Cleats.jpg","width":1100,"height":860},{"@type":"BreadcrumbList","@id":"https:\/\/bikefit.lu\/lb-lu\/product\/time-iclic-xpresso-xpro-0\/#breadcrumb","itemListElement":[{"@type":"ListItem","position":1,"name":"Home","item":"https:\/\/bikefit.lu\/lb-lu\/"},{"@type":"ListItem","position":2,"name":"Products","item":"https:\/\/bikefit.lu\/lb-lu\/shop\/"},{"@type":"ListItem","position":3,"name":"Time ICLIC\/Xpresso\/Xpro 0\u00b0"}]},{"@type":"WebSite","@id":"https:\/\/bikefit.lu\/lb-lu\/#website","url":"https:\/\/bikefit.lu\/lb-lu\/","name":"bikefit.lu","description":"IMPROVING CYCLING","publisher":{"@id":"https:\/\/bikefit.lu\/lb-lu\/#\/schema\/person\/379af1263474d2f8cd1f41c2bd90273d"},"potentialAction":[{"@type":"SearchAction","target":{"@type":"EntryPoint","urlTemplate":"https:\/\/bikefit.lu\/lb-lu\/?s={search_term_string}"},"query-input":{"@type":"PropertyValueSpecification","valueRequired":true,"valueName":"search_term_string"}}],"inLanguage":"lb-LU"},{"@type":["Person","Organization"],"@id":"https:\/\/bikefit.lu\/lb-lu\/#\/schema\/person\/379af1263474d2f8cd1f41c2bd90273d","name":"Patrick Guillaume","image":{"@type":"ImageObject","inLanguage":"lb-LU","@id":"https:\/\/bikefit.lu\/wp-content\/uploads\/2024\/12\/cropped-bikefit-logoURL-RGB-jpg.jpg","url":"https:\/\/bikefit.lu\/wp-content\/uploads\/2024\/12\/cropped-bikefit-logoURL-RGB-jpg.jpg","contentUrl":"https:\/\/bikefit.lu\/wp-content\/uploads\/2024\/12\/cropped-bikefit-logoURL-RGB-jpg.jpg","width":512,"height":512,"caption":"Patrick Guillaume"},"logo":{"@id":"https:\/\/bikefit.lu\/wp-content\/uploads\/2024\/12\/cropped-bikefit-logoURL-RGB-jpg.jpg"},"sameAs":["https:\/\/bikefit.lu"],"honorificPrefix":"Mr","birthDate":"1966-11-18","gender":"male","knowsAbout":["Bike-fitting"],"knowsLanguage":["English","French","German","Luxembourgish"]}]},"product_price_amount":"20.00","product_price_currency":"EUR","og_availability":"instock","product_availability":"instock","product_condition":"new"},"_links":{"self":[{"href":"https:\/\/bikefit.lu\/lb-lu\/wp-json\/wp\/v2\/product\/78819","targetHints":{"allow":["GET"]}}],"collection":[{"href":"https:\/\/bikefit.lu\/lb-lu\/wp-json\/wp\/v2\/product"}],"about":[{"href":"https:\/\/bikefit.lu\/lb-lu\/wp-json\/wp\/v2\/types\/product"}],"replies":[{"embeddable":true,"href":"https:\/\/bikefit.lu\/lb-lu\/wp-json\/wp\/v2\/comments?post=78819"}],"version-history":[{"count":0,"href":"https:\/\/bikefit.lu\/lb-lu\/wp-json\/wp\/v2\/product\/78819\/revisions"}],"wp:featuredmedia":[{"embeddable":true,"href":"https:\/\/bikefit.lu\/lb-lu\/wp-json\/wp\/v2\/media\/76401"}],"wp:attachment":[{"href":"https:\/\/bikefit.lu\/lb-lu\/wp-json\/wp\/v2\/media?parent=78819"}],"wp:term":[{"taxonomy":"product_brand","embeddable":true,"href":"https:\/\/bikefit.lu\/lb-lu\/wp-json\/wp\/v2\/product_brand?post=78819"},{"taxonomy":"product_cat","embeddable":true,"href":"https:\/\/bikefit.lu\/lb-lu\/wp-json\/wp\/v2\/product_cat?post=78819"},{"taxonomy":"product_tag","embeddable":true,"href":"https:\/\/bikefit.lu\/lb-lu\/wp-json\/wp\/v2\/product_tag?post=78819"}],"curies":[{"name":"wp","href":"https:\/\/api.w.org\/{rel}","templated":true}]}}