{"id":78956,"date":"2023-04-28T09:04:15","date_gmt":"2023-04-28T09:04:15","guid":{"rendered":"https:\/\/staging.bikefit.lu\/shop\/uncategorized\/form-beelangt-shims-fir-3-lach-kallen-universal\/"},"modified":"2025-06-10T23:17:12","modified_gmt":"2025-06-10T21:17:12","slug":"form-beelangt-shims-fir-3-lach-kallen-universal","status":"publish","type":"product","link":"https:\/\/bikefit.lu\/lb-lu\/product\/form-beelangt-shims-fir-3-lach-kallen-universal\/","title":{"rendered":"Form\u00ae Beel\u00e4ngt-Shims fir 3-Lach Kallen (Universal)"},"content":{"rendered":"<p>Si gi benotzt fir e Beel\u00e4ngten\u00ebnnerscheet auszegl\u00e4ichen. Unzeeche vun engem Beel\u00e4ngten\u00ebnnerscheet k\u00ebnne sinn: <\/p>\n<ul>\n<li>Eng geschwonge Form fir sech der Suel vun de V\u00eblosschong unzepassen<\/li>\n<li>Eng ofgeschr\u00e9igte Front fir einfach anzeklicken, besonnesch wann d\u2019Shims gestapelt sinn<\/li>\n<li>E \u201cPinning\u201d System fir verschidde Shims oder K\u00e4iler vu FORM mateneen ze verbannen<\/li>\n<li>Kalle-Positiounsmark\u00e9ierung fir d\u2019Ausriichte vun der Kall um Shim z\u2019erliichteren<\/li>\n<li>Gemaach aus robustem Nylon fir repetitivem Aklicken standzehalen<\/li>\n<\/ul>\n","protected":false},"excerpt":{"rendered":"<p class=\"ai-optimize-37\">Si gi benotzt fir e Beel\u00e4ngten\u00ebnnerscheet auszegl\u00e4ichen. Unzeeche vun engem Beel\u00e4ngten\u00ebnnerscheet k\u00ebnne sinn:<\/p>\n<p class=\"ai-optimize-38\">a) Iwwerstrecke vum m\u00e9i kuerze Been wann d\u2019Pedall um d\u00e9ifste Punkt ass<\/p>\n<p class=\"ai-optimize-39\">b) De Becke kippt m\u00e9i zu enger S\u00e4it oder de Cyclist kippt zu enger S\u00e4it vum Suedel fir d\u2019Verbindung mam der \u00ebnneschter Pedall z\u2019erhalen<\/p>\n<p class=\"ai-optimize-40\">c) Ee Been fillt sech \u00ebnnerstreckt un, w\u00e4rend dat anert sech just richteg ufillt<\/p>\n<p class=\"ai-optimize-41\">Ugeholl datt d\u2019Positioun vum Cyclist richteg ass a seng Been op Anomalie gepr\u00e9ift gi sinn, k\u00ebnnen d\u00e9i uewe genannte Froen iwwer d\u2019Beenverl\u00e4ngerung gel\u00e9ist ginn. Shimming mat der richteger H\u00e9icht h\u00eblleft zu m\u00e9i enger ausgeglachener Pedaldynamik an de Becken ze stabilis\u00e9ieren.<\/p>\n<p class=\"ai-optimize-42\">De Kit enth\u00e4lt: 1 x 2 mm \/ 1 x 3 mm \/ Pins \/ Schrauwen. Wann dir m\u00e9i w\u00e9i 1 Shim braucht, huelt besser de Kit!<\/p>\n<p class=\"ai-optimize-43\"><span style=\"color: #00ccff;\"><strong>P\u00e4ck mat 5 Shims an eenzel Shims sinn <span style=\"color: #ff0000;\">ouni <\/span>Schrauwen. An der Tabell k\u00ebnnt Dir gesinn w\u00e9i eng Schrauwen Dir braucht.<\/strong><\/span><\/p>\n<p>&nbsp;<\/p>\n","protected":false},"featured_media":77193,"comment_status":"closed","ping_status":"closed","template":"","meta":[],"product_brand":[],"product_cat":[4832,4787],"product_tag":[4932,5069,5054,5106,5192],"class_list":{"0":"post-78956","1":"product","2":"type-product","3":"status-publish","4":"has-post-thumbnail","6":"product_cat-foot-pedal-interface-lb-lu","7":"product_cat-road-lb-lu","8":"product_tag-3-hole-lb-lu","9":"product_tag-foot-pedal-interface-lb-lu","10":"product_tag-form-lb-lu","11":"product_tag-shims-lb-lu","12":"product_tag-universal-lb-lu","13":"product_shipping_class-format-s-lb-lu","14":"pa_stack-eenzel-3-mm","15":"pa_stack-kit-1-x-2-mm-1-x-3-mm-lb-lu","16":"pa_stack-pack-5-x-2-mm-lb-lu","17":"pa_stack-pack-5-x-3-mm-lb-lu","18":"pa_stack-single-2-mm-lb-lu","20":"first","21":"instock","22":"taxable","23":"shipping-taxable","24":"purchasable","25":"product-type-variable"},"group_of_quantity":0,"min_quantity":0,"max_quantity":"","exclude_order_quantity_value_rules":"no","exclude_category_quantity_rules":"no","combine_variations":"no","yoast_head":"<!-- This site is optimized with the Yoast SEO Premium plugin v27.4 (Yoast SEO v27.4) - https:\/\/yoast.com\/product\/yoast-seo-premium-wordpress\/ -->\n<title>Form\u00ae Beel\u00e4ngt-Shims fir 3-Lach Kallen (Universal) - bikefit.lu<\/title>\n<meta name=\"robots\" content=\"index, follow, max-snippet:-1, max-image-preview:large, max-video-preview:-1\" \/>\n<link rel=\"canonical\" href=\"https:\/\/bikefit.lu\/lb-lu\/product\/form-beelangt-shims-fir-3-lach-kallen-universal\/\" \/>\n<meta property=\"og:locale\" content=\"en_US\" \/>\n<meta property=\"og:type\" content=\"article\" \/>\n<meta property=\"og:title\" content=\"Form\u00ae Beel\u00e4ngt-Shims fir 3-Lach Kallen (Universal)\" \/>\n<meta property=\"og:description\" content=\"Si gi benotzt fir e Beel\u00e4ngten\u00ebnnerscheet auszegl\u00e4ichen. Unzeeche vun engem Beel\u00e4ngten\u00ebnnerscheet k\u00ebnne sinn: a) Iwwerstrecke vum m\u00e9i kuerze Been wann d\u2019Pedall um d\u00e9ifste Punkt ass b) De Becke kippt m\u00e9i zu enger S\u00e4it oder de Cyclist kippt zu enger S\u00e4it vum Suedel fir d\u2019Verbindung mam der \u00ebnneschter Pedall z\u2019erhalen c) Ee Been fillt sech \u00ebnnerstreckt un, w\u00e4rend dat anert sech just richteg ufillt Ugeholl datt d\u2019Positioun vum Cyclist richteg ass a seng Been op Anomalie gepr\u00e9ift gi sinn, k\u00ebnnen d\u00e9i uewe genannte Froen iwwer d\u2019Beenverl\u00e4ngerung gel\u00e9ist ginn. Shimming mat der richteger H\u00e9icht h\u00eblleft zu m\u00e9i enger ausgeglachener Pedaldynamik an de Becken ze stabilis\u00e9ieren. De Kit enth\u00e4lt: 1 x 2 mm \/ 1 x 3 mm \/ Pins \/ Schrauwen. Wann dir m\u00e9i w\u00e9i 1 Shim braucht, huelt besser de Kit! P\u00e4ck mat 5 Shims an eenzel Shims sinn ouni Schrauwen. An der Tabell k\u00ebnnt Dir gesinn w\u00e9i eng Schrauwen Dir braucht. &nbsp;\" \/>\n<meta property=\"og:url\" content=\"https:\/\/bikefit.lu\/lb-lu\/product\/form-beelangt-shims-fir-3-lach-kallen-universal\/\" \/>\n<meta property=\"og:site_name\" content=\"bikefit.lu\" \/>\n<meta property=\"article:modified_time\" content=\"2025-06-10T21:17:12+00:00\" \/>\n<meta property=\"og:image\" content=\"https:\/\/bikefit.lu\/wp-content\/uploads\/2023\/04\/1a-leg-length-shim-universal-1.webp\" \/>\n\t<meta property=\"og:image:width\" content=\"1920\" \/>\n\t<meta property=\"og:image:height\" content=\"1920\" \/>\n\t<meta property=\"og:image:type\" content=\"image\/webp\" \/>\n<meta name=\"twitter:card\" content=\"summary_large_image\" \/>\n<meta name=\"twitter:label1\" content=\"Availability\" \/>\n\t<meta name=\"twitter:data1\" content=\"In stock\" \/>\n<script type=\"application\/ld+json\" class=\"yoast-schema-graph\">{\"@context\":\"https:\\\/\\\/schema.org\",\"@graph\":[{\"@type\":\"WebPage\",\"@id\":\"https:\\\/\\\/bikefit.lu\\\/lb-lu\\\/product\\\/form-beelangt-shims-fir-3-lach-kallen-universal\\\/\",\"url\":\"https:\\\/\\\/bikefit.lu\\\/lb-lu\\\/product\\\/form-beelangt-shims-fir-3-lach-kallen-universal\\\/\",\"name\":\"Form\u00ae Beel\u00e4ngt-Shims fir 3-Lach Kallen (Universal) - bikefit.lu\",\"isPartOf\":{\"@id\":\"https:\\\/\\\/bikefit.lu\\\/lb-lu\\\/#website\"},\"primaryImageOfPage\":{\"@id\":\"https:\\\/\\\/bikefit.lu\\\/lb-lu\\\/product\\\/form-beelangt-shims-fir-3-lach-kallen-universal\\\/#primaryimage\"},\"image\":{\"@id\":\"https:\\\/\\\/bikefit.lu\\\/lb-lu\\\/product\\\/form-beelangt-shims-fir-3-lach-kallen-universal\\\/#primaryimage\"},\"thumbnailUrl\":\"https:\\\/\\\/bikefit.lu\\\/wp-content\\\/uploads\\\/2023\\\/04\\\/1a-leg-length-shim-universal-1.webp\",\"datePublished\":\"2023-04-28T09:04:15+00:00\",\"dateModified\":\"2025-06-10T21:17:12+00:00\",\"breadcrumb\":{\"@id\":\"https:\\\/\\\/bikefit.lu\\\/lb-lu\\\/product\\\/form-beelangt-shims-fir-3-lach-kallen-universal\\\/#breadcrumb\"},\"inLanguage\":\"lb-LU\",\"potentialAction\":[{\"@type\":\"ReadAction\",\"target\":[\"https:\\\/\\\/bikefit.lu\\\/lb-lu\\\/product\\\/form-beelangt-shims-fir-3-lach-kallen-universal\\\/\"]}]},{\"@type\":\"ImageObject\",\"inLanguage\":\"lb-LU\",\"@id\":\"https:\\\/\\\/bikefit.lu\\\/lb-lu\\\/product\\\/form-beelangt-shims-fir-3-lach-kallen-universal\\\/#primaryimage\",\"url\":\"https:\\\/\\\/bikefit.lu\\\/wp-content\\\/uploads\\\/2023\\\/04\\\/1a-leg-length-shim-universal-1.webp\",\"contentUrl\":\"https:\\\/\\\/bikefit.lu\\\/wp-content\\\/uploads\\\/2023\\\/04\\\/1a-leg-length-shim-universal-1.webp\",\"width\":1920,\"height\":1920},{\"@type\":\"BreadcrumbList\",\"@id\":\"https:\\\/\\\/bikefit.lu\\\/lb-lu\\\/product\\\/form-beelangt-shims-fir-3-lach-kallen-universal\\\/#breadcrumb\",\"itemListElement\":[{\"@type\":\"ListItem\",\"position\":1,\"name\":\"Home\",\"item\":\"https:\\\/\\\/bikefit.lu\\\/lb-lu\\\/\"},{\"@type\":\"ListItem\",\"position\":2,\"name\":\"Shop\",\"item\":\"https:\\\/\\\/bikefit.lu\\\/lb-lu\\\/shop\\\/\"},{\"@type\":\"ListItem\",\"position\":3,\"name\":\"Form\u00ae Beel\u00e4ngt-Shims fir 3-Lach Kallen (Universal)\"}]},{\"@type\":\"WebSite\",\"@id\":\"https:\\\/\\\/bikefit.lu\\\/lb-lu\\\/#website\",\"url\":\"https:\\\/\\\/bikefit.lu\\\/lb-lu\\\/\",\"name\":\"bikefit.lu\",\"description\":\"IMPROVING CYCLING\",\"publisher\":{\"@id\":\"https:\\\/\\\/bikefit.lu\\\/lb-lu\\\/#\\\/schema\\\/person\\\/379af1263474d2f8cd1f41c2bd90273d\"},\"potentialAction\":[{\"@type\":\"SearchAction\",\"target\":{\"@type\":\"EntryPoint\",\"urlTemplate\":\"https:\\\/\\\/bikefit.lu\\\/lb-lu\\\/?s={search_term_string}\"},\"query-input\":{\"@type\":\"PropertyValueSpecification\",\"valueRequired\":true,\"valueName\":\"search_term_string\"}}],\"inLanguage\":\"lb-LU\"},{\"@type\":[\"Person\",\"Organization\"],\"@id\":\"https:\\\/\\\/bikefit.lu\\\/lb-lu\\\/#\\\/schema\\\/person\\\/379af1263474d2f8cd1f41c2bd90273d\",\"name\":\"Patrick Guillaume\",\"image\":{\"@type\":\"ImageObject\",\"inLanguage\":\"lb-LU\",\"@id\":\"https:\\\/\\\/bikefit.lu\\\/wp-content\\\/uploads\\\/2024\\\/12\\\/cropped-bikefit-logoURL-RGB-jpg.jpg\",\"url\":\"https:\\\/\\\/bikefit.lu\\\/wp-content\\\/uploads\\\/2024\\\/12\\\/cropped-bikefit-logoURL-RGB-jpg.jpg\",\"contentUrl\":\"https:\\\/\\\/bikefit.lu\\\/wp-content\\\/uploads\\\/2024\\\/12\\\/cropped-bikefit-logoURL-RGB-jpg.jpg\",\"width\":512,\"height\":512,\"caption\":\"Patrick Guillaume\"},\"logo\":{\"@id\":\"https:\\\/\\\/bikefit.lu\\\/wp-content\\\/uploads\\\/2024\\\/12\\\/cropped-bikefit-logoURL-RGB-jpg.jpg\"},\"sameAs\":[\"https:\\\/\\\/bikefit.lu\"],\"honorificPrefix\":\"Mr\",\"birthDate\":\"1966-11-18\",\"gender\":\"male\",\"knowsAbout\":[\"Bike-fitting\"],\"knowsLanguage\":[\"English\",\"French\",\"German\",\"Luxembourgish\"]}]}<\/script>\n<meta property=\"og:availability\" content=\"instock\" \/>\n<meta property=\"product:availability\" content=\"instock\" \/>\n<meta property=\"product:condition\" content=\"new\" \/>\n<!-- \/ Yoast SEO Premium plugin. -->","yoast_head_json":{"title":"Form\u00ae Beel\u00e4ngt-Shims fir 3-Lach Kallen (Universal) - bikefit.lu","robots":{"index":"index","follow":"follow","max-snippet":"max-snippet:-1","max-image-preview":"max-image-preview:large","max-video-preview":"max-video-preview:-1"},"canonical":"https:\/\/bikefit.lu\/lb-lu\/product\/form-beelangt-shims-fir-3-lach-kallen-universal\/","og_locale":"en_US","og_type":"article","og_title":"Form\u00ae Beel\u00e4ngt-Shims fir 3-Lach Kallen (Universal)","og_description":"Si gi benotzt fir e Beel\u00e4ngten\u00ebnnerscheet auszegl\u00e4ichen. Unzeeche vun engem Beel\u00e4ngten\u00ebnnerscheet k\u00ebnne sinn: a) Iwwerstrecke vum m\u00e9i kuerze Been wann d\u2019Pedall um d\u00e9ifste Punkt ass b) De Becke kippt m\u00e9i zu enger S\u00e4it oder de Cyclist kippt zu enger S\u00e4it vum Suedel fir d\u2019Verbindung mam der \u00ebnneschter Pedall z\u2019erhalen c) Ee Been fillt sech \u00ebnnerstreckt un, w\u00e4rend dat anert sech just richteg ufillt Ugeholl datt d\u2019Positioun vum Cyclist richteg ass a seng Been op Anomalie gepr\u00e9ift gi sinn, k\u00ebnnen d\u00e9i uewe genannte Froen iwwer d\u2019Beenverl\u00e4ngerung gel\u00e9ist ginn. Shimming mat der richteger H\u00e9icht h\u00eblleft zu m\u00e9i enger ausgeglachener Pedaldynamik an de Becken ze stabilis\u00e9ieren. De Kit enth\u00e4lt: 1 x 2 mm \/ 1 x 3 mm \/ Pins \/ Schrauwen. Wann dir m\u00e9i w\u00e9i 1 Shim braucht, huelt besser de Kit! P\u00e4ck mat 5 Shims an eenzel Shims sinn ouni Schrauwen. An der Tabell k\u00ebnnt Dir gesinn w\u00e9i eng Schrauwen Dir braucht. &nbsp;","og_url":"https:\/\/bikefit.lu\/lb-lu\/product\/form-beelangt-shims-fir-3-lach-kallen-universal\/","og_site_name":"bikefit.lu","article_modified_time":"2025-06-10T21:17:12+00:00","og_image":[{"width":1920,"height":1920,"url":"https:\/\/bikefit.lu\/wp-content\/uploads\/2023\/04\/1a-leg-length-shim-universal-1.webp","type":"image\/webp"}],"twitter_card":"summary_large_image","twitter_misc":{"Availability":"In stock"},"schema":{"@context":"https:\/\/schema.org","@graph":[{"@type":"WebPage","@id":"https:\/\/bikefit.lu\/lb-lu\/product\/form-beelangt-shims-fir-3-lach-kallen-universal\/","url":"https:\/\/bikefit.lu\/lb-lu\/product\/form-beelangt-shims-fir-3-lach-kallen-universal\/","name":"Form\u00ae Beel\u00e4ngt-Shims fir 3-Lach Kallen (Universal) - bikefit.lu","isPartOf":{"@id":"https:\/\/bikefit.lu\/lb-lu\/#website"},"primaryImageOfPage":{"@id":"https:\/\/bikefit.lu\/lb-lu\/product\/form-beelangt-shims-fir-3-lach-kallen-universal\/#primaryimage"},"image":{"@id":"https:\/\/bikefit.lu\/lb-lu\/product\/form-beelangt-shims-fir-3-lach-kallen-universal\/#primaryimage"},"thumbnailUrl":"https:\/\/bikefit.lu\/wp-content\/uploads\/2023\/04\/1a-leg-length-shim-universal-1.webp","datePublished":"2023-04-28T09:04:15+00:00","dateModified":"2025-06-10T21:17:12+00:00","breadcrumb":{"@id":"https:\/\/bikefit.lu\/lb-lu\/product\/form-beelangt-shims-fir-3-lach-kallen-universal\/#breadcrumb"},"inLanguage":"lb-LU","potentialAction":[{"@type":"ReadAction","target":["https:\/\/bikefit.lu\/lb-lu\/product\/form-beelangt-shims-fir-3-lach-kallen-universal\/"]}]},{"@type":"ImageObject","inLanguage":"lb-LU","@id":"https:\/\/bikefit.lu\/lb-lu\/product\/form-beelangt-shims-fir-3-lach-kallen-universal\/#primaryimage","url":"https:\/\/bikefit.lu\/wp-content\/uploads\/2023\/04\/1a-leg-length-shim-universal-1.webp","contentUrl":"https:\/\/bikefit.lu\/wp-content\/uploads\/2023\/04\/1a-leg-length-shim-universal-1.webp","width":1920,"height":1920},{"@type":"BreadcrumbList","@id":"https:\/\/bikefit.lu\/lb-lu\/product\/form-beelangt-shims-fir-3-lach-kallen-universal\/#breadcrumb","itemListElement":[{"@type":"ListItem","position":1,"name":"Home","item":"https:\/\/bikefit.lu\/lb-lu\/"},{"@type":"ListItem","position":2,"name":"Shop","item":"https:\/\/bikefit.lu\/lb-lu\/shop\/"},{"@type":"ListItem","position":3,"name":"Form\u00ae Beel\u00e4ngt-Shims fir 3-Lach Kallen (Universal)"}]},{"@type":"WebSite","@id":"https:\/\/bikefit.lu\/lb-lu\/#website","url":"https:\/\/bikefit.lu\/lb-lu\/","name":"bikefit.lu","description":"IMPROVING CYCLING","publisher":{"@id":"https:\/\/bikefit.lu\/lb-lu\/#\/schema\/person\/379af1263474d2f8cd1f41c2bd90273d"},"potentialAction":[{"@type":"SearchAction","target":{"@type":"EntryPoint","urlTemplate":"https:\/\/bikefit.lu\/lb-lu\/?s={search_term_string}"},"query-input":{"@type":"PropertyValueSpecification","valueRequired":true,"valueName":"search_term_string"}}],"inLanguage":"lb-LU"},{"@type":["Person","Organization"],"@id":"https:\/\/bikefit.lu\/lb-lu\/#\/schema\/person\/379af1263474d2f8cd1f41c2bd90273d","name":"Patrick Guillaume","image":{"@type":"ImageObject","inLanguage":"lb-LU","@id":"https:\/\/bikefit.lu\/wp-content\/uploads\/2024\/12\/cropped-bikefit-logoURL-RGB-jpg.jpg","url":"https:\/\/bikefit.lu\/wp-content\/uploads\/2024\/12\/cropped-bikefit-logoURL-RGB-jpg.jpg","contentUrl":"https:\/\/bikefit.lu\/wp-content\/uploads\/2024\/12\/cropped-bikefit-logoURL-RGB-jpg.jpg","width":512,"height":512,"caption":"Patrick Guillaume"},"logo":{"@id":"https:\/\/bikefit.lu\/wp-content\/uploads\/2024\/12\/cropped-bikefit-logoURL-RGB-jpg.jpg"},"sameAs":["https:\/\/bikefit.lu"],"honorificPrefix":"Mr","birthDate":"1966-11-18","gender":"male","knowsAbout":["Bike-fitting"],"knowsLanguage":["English","French","German","Luxembourgish"]}]},"og_availability":"instock","product_availability":"instock","product_condition":"new"},"_links":{"self":[{"href":"https:\/\/bikefit.lu\/lb-lu\/wp-json\/wp\/v2\/product\/78956","targetHints":{"allow":["GET"]}}],"collection":[{"href":"https:\/\/bikefit.lu\/lb-lu\/wp-json\/wp\/v2\/product"}],"about":[{"href":"https:\/\/bikefit.lu\/lb-lu\/wp-json\/wp\/v2\/types\/product"}],"replies":[{"embeddable":true,"href":"https:\/\/bikefit.lu\/lb-lu\/wp-json\/wp\/v2\/comments?post=78956"}],"version-history":[{"count":0,"href":"https:\/\/bikefit.lu\/lb-lu\/wp-json\/wp\/v2\/product\/78956\/revisions"}],"wp:featuredmedia":[{"embeddable":true,"href":"https:\/\/bikefit.lu\/lb-lu\/wp-json\/wp\/v2\/media\/77193"}],"wp:attachment":[{"href":"https:\/\/bikefit.lu\/lb-lu\/wp-json\/wp\/v2\/media?parent=78956"}],"wp:term":[{"taxonomy":"product_brand","embeddable":true,"href":"https:\/\/bikefit.lu\/lb-lu\/wp-json\/wp\/v2\/product_brand?post=78956"},{"taxonomy":"product_cat","embeddable":true,"href":"https:\/\/bikefit.lu\/lb-lu\/wp-json\/wp\/v2\/product_cat?post=78956"},{"taxonomy":"product_tag","embeddable":true,"href":"https:\/\/bikefit.lu\/lb-lu\/wp-json\/wp\/v2\/product_tag?post=78956"}],"curies":[{"name":"wp","href":"https:\/\/api.w.org\/{rel}","templated":true}]}}