{"id":78968,"date":"2023-04-28T06:14:50","date_gmt":"2023-04-28T06:14:50","guid":{"rendered":"https:\/\/staging.bikefit.lu\/shop\/uncategorized\/form-feescht-kailer-strooss-mtb-universal\/"},"modified":"2025-06-02T14:18:05","modified_gmt":"2025-06-02T12:18:05","slug":"form-feescht-kailer-strooss-mtb-universal","status":"publish","type":"product","link":"https:\/\/bikefit.lu\/lb-lu\/product\/form-feescht-kailer-strooss-mtb-universal\/","title":{"rendered":"FORM\u00ae Feescht-K\u00e4iler Strooss \/ MTB universal"},"content":{"rendered":"","protected":false},"excerpt":{"rendered":"<p>\u2022 Feescht-K\u00e4iler ginn an de Schong benotzt fir den h\u00ebnneschte Fouss ze kippen an direkt Valgus \/ Pronatioun ze korrig\u00e9ieren an ze \u00ebnnerst\u00ebtzen .<br \/>\n\u2022 \u00c4nlech w\u00e9i Kallen- oder Virfoussk\u00e4iler (am Schong), erhiewt de Feescht-K\u00e4il d\u2019gesenkte S\u00e4it vum Fouss, fir esou d\u2019Stabilit\u00e9it an d\u2019Kontroll ze verbesseren. Am G\u00e9igesaz zum Kallek\u00e4il (deen de ganze Schong kippt) oder dem Virfoussk\u00e4il (deen de Virfouss direkt an den h\u00ebnneschte Fouss indirekt kippt), korrig\u00e9iert de Feescht-K\u00e4il n\u00ebmmen d\u2019Feescht. Virfoussk\u00e4il a Virfoussk\u00e4iler k\u00ebnne kombin\u00e9iert gi fir onangeneem Torsioun vum Fouss ze vermeiden.<br \/>\n\u2022 Mat engem W\u00e9nkel vun 1 Grad k\u00ebnne Feescht-K\u00e4iler fir m\u00e9i W\u00e9nkel gestapelt ginn oder op mat entg\u00e9intgesate W\u00e9nkele gestapelt gi fir d\u2019Feescht ze hiewen, wann n\u00e9ideg. Si kommen an enger Gr\u00e9isst a k\u00ebnne geschnidde gi fir ze passen. Et g\u00ebtt se an enger Gr\u00e9isst a si k\u00ebnnen op Mooss geschnidde ginn.<\/p>\n","protected":false},"featured_media":77208,"comment_status":"closed","ping_status":"closed","template":"","meta":[],"product_brand":[],"product_cat":[4832,4784,4787],"product_tag":[5069,5054,5065],"class_list":{"0":"post-78968","1":"product","2":"type-product","3":"status-publish","4":"has-post-thumbnail","6":"product_cat-foot-pedal-interface-lb-lu","7":"product_cat-offroad-lb-lu-2","8":"product_cat-road-lb-lu","9":"product_tag-foot-pedal-interface-lb-lu","10":"product_tag-form-lb-lu","11":"product_tag-heel-wedges-lb-lu","12":"product_shipping_class-format-xs-lb-lu","14":"first","15":"instock","16":"taxable","17":"shipping-taxable","18":"purchasable","19":"product-type-variable"},"yoast_head":"<!-- This site is optimized with the Yoast SEO Premium plugin v27.3 (Yoast SEO v27.3) - https:\/\/yoast.com\/product\/yoast-seo-premium-wordpress\/ -->\n<title>FORM\u00ae Feescht-K\u00e4iler Strooss \/ MTB universal - bikefit.lu<\/title>\n<meta name=\"robots\" content=\"index, follow, max-snippet:-1, max-image-preview:large, max-video-preview:-1\" \/>\n<link rel=\"canonical\" href=\"https:\/\/bikefit.lu\/lb-lu\/product\/form-feescht-kailer-strooss-mtb-universal\/\" \/>\n<meta property=\"og:locale\" content=\"en_US\" \/>\n<meta property=\"og:type\" content=\"article\" \/>\n<meta property=\"og:title\" content=\"FORM\u00ae Feescht-K\u00e4iler Strooss \/ MTB universal\" \/>\n<meta property=\"og:description\" content=\"\u2022 Feescht-K\u00e4iler ginn an de Schong benotzt fir den h\u00ebnneschte Fouss ze kippen an direkt Valgus \/ Pronatioun ze korrig\u00e9ieren an ze \u00ebnnerst\u00ebtzen . \u2022 \u00c4nlech w\u00e9i Kallen- oder Virfoussk\u00e4iler (am Schong), erhiewt de Feescht-K\u00e4il d\u2019gesenkte S\u00e4it vum Fouss, fir esou d\u2019Stabilit\u00e9it an d\u2019Kontroll ze verbesseren. Am G\u00e9igesaz zum Kallek\u00e4il (deen de ganze Schong kippt) oder dem Virfoussk\u00e4il (deen de Virfouss direkt an den h\u00ebnneschte Fouss indirekt kippt), korrig\u00e9iert de Feescht-K\u00e4il n\u00ebmmen d\u2019Feescht. Virfoussk\u00e4il a Virfoussk\u00e4iler k\u00ebnne kombin\u00e9iert gi fir onangeneem Torsioun vum Fouss ze vermeiden. \u2022 Mat engem W\u00e9nkel vun 1 Grad k\u00ebnne Feescht-K\u00e4iler fir m\u00e9i W\u00e9nkel gestapelt ginn oder op mat entg\u00e9intgesate W\u00e9nkele gestapelt gi fir d\u2019Feescht ze hiewen, wann n\u00e9ideg. Si kommen an enger Gr\u00e9isst a k\u00ebnne geschnidde gi fir ze passen. Et g\u00ebtt se an enger Gr\u00e9isst a si k\u00ebnnen op Mooss geschnidde ginn.\" \/>\n<meta property=\"og:url\" content=\"https:\/\/bikefit.lu\/lb-lu\/product\/form-feescht-kailer-strooss-mtb-universal\/\" \/>\n<meta property=\"og:site_name\" content=\"bikefit.lu\" \/>\n<meta property=\"article:modified_time\" content=\"2025-06-02T12:18:05+00:00\" \/>\n<meta property=\"og:image\" content=\"https:\/\/bikefit.lu\/wp-content\/uploads\/2023\/04\/05a-heel-wedge-1.webp\" \/>\n\t<meta property=\"og:image:width\" content=\"1920\" \/>\n\t<meta property=\"og:image:height\" content=\"1920\" \/>\n\t<meta property=\"og:image:type\" content=\"image\/webp\" \/>\n<meta name=\"twitter:card\" content=\"summary_large_image\" \/>\n<meta name=\"twitter:label1\" content=\"Availability\" \/>\n\t<meta name=\"twitter:data1\" content=\"In stock\" \/>\n<script type=\"application\/ld+json\" class=\"yoast-schema-graph\">{\"@context\":\"https:\\\/\\\/schema.org\",\"@graph\":[{\"@type\":\"WebPage\",\"@id\":\"https:\\\/\\\/bikefit.lu\\\/lb-lu\\\/product\\\/form-feescht-kailer-strooss-mtb-universal\\\/\",\"url\":\"https:\\\/\\\/bikefit.lu\\\/lb-lu\\\/product\\\/form-feescht-kailer-strooss-mtb-universal\\\/\",\"name\":\"FORM\u00ae Feescht-K\u00e4iler Strooss \\\/ MTB universal - bikefit.lu\",\"isPartOf\":{\"@id\":\"https:\\\/\\\/bikefit.lu\\\/lb-lu\\\/#website\"},\"primaryImageOfPage\":{\"@id\":\"https:\\\/\\\/bikefit.lu\\\/lb-lu\\\/product\\\/form-feescht-kailer-strooss-mtb-universal\\\/#primaryimage\"},\"image\":{\"@id\":\"https:\\\/\\\/bikefit.lu\\\/lb-lu\\\/product\\\/form-feescht-kailer-strooss-mtb-universal\\\/#primaryimage\"},\"thumbnailUrl\":\"https:\\\/\\\/bikefit.lu\\\/wp-content\\\/uploads\\\/2023\\\/04\\\/05a-heel-wedge-1.webp\",\"datePublished\":\"2023-04-28T06:14:50+00:00\",\"dateModified\":\"2025-06-02T12:18:05+00:00\",\"breadcrumb\":{\"@id\":\"https:\\\/\\\/bikefit.lu\\\/lb-lu\\\/product\\\/form-feescht-kailer-strooss-mtb-universal\\\/#breadcrumb\"},\"inLanguage\":\"lb-LU\",\"potentialAction\":[{\"@type\":\"ReadAction\",\"target\":[\"https:\\\/\\\/bikefit.lu\\\/lb-lu\\\/product\\\/form-feescht-kailer-strooss-mtb-universal\\\/\"]}]},{\"@type\":\"ImageObject\",\"inLanguage\":\"lb-LU\",\"@id\":\"https:\\\/\\\/bikefit.lu\\\/lb-lu\\\/product\\\/form-feescht-kailer-strooss-mtb-universal\\\/#primaryimage\",\"url\":\"https:\\\/\\\/bikefit.lu\\\/wp-content\\\/uploads\\\/2023\\\/04\\\/05a-heel-wedge-1.webp\",\"contentUrl\":\"https:\\\/\\\/bikefit.lu\\\/wp-content\\\/uploads\\\/2023\\\/04\\\/05a-heel-wedge-1.webp\",\"width\":1920,\"height\":1920},{\"@type\":\"BreadcrumbList\",\"@id\":\"https:\\\/\\\/bikefit.lu\\\/lb-lu\\\/product\\\/form-feescht-kailer-strooss-mtb-universal\\\/#breadcrumb\",\"itemListElement\":[{\"@type\":\"ListItem\",\"position\":1,\"name\":\"Home\",\"item\":\"https:\\\/\\\/bikefit.lu\\\/lb-lu\\\/\"},{\"@type\":\"ListItem\",\"position\":2,\"name\":\"Products\",\"item\":\"https:\\\/\\\/bikefit.lu\\\/lb-lu\\\/shop\\\/\"},{\"@type\":\"ListItem\",\"position\":3,\"name\":\"FORM\u00ae Feescht-K\u00e4iler Strooss \\\/ MTB universal\"}]},{\"@type\":\"WebSite\",\"@id\":\"https:\\\/\\\/bikefit.lu\\\/lb-lu\\\/#website\",\"url\":\"https:\\\/\\\/bikefit.lu\\\/lb-lu\\\/\",\"name\":\"bikefit.lu\",\"description\":\"IMPROVING CYCLING\",\"publisher\":{\"@id\":\"https:\\\/\\\/bikefit.lu\\\/lb-lu\\\/#\\\/schema\\\/person\\\/379af1263474d2f8cd1f41c2bd90273d\"},\"potentialAction\":[{\"@type\":\"SearchAction\",\"target\":{\"@type\":\"EntryPoint\",\"urlTemplate\":\"https:\\\/\\\/bikefit.lu\\\/lb-lu\\\/?s={search_term_string}\"},\"query-input\":{\"@type\":\"PropertyValueSpecification\",\"valueRequired\":true,\"valueName\":\"search_term_string\"}}],\"inLanguage\":\"lb-LU\"},{\"@type\":[\"Person\",\"Organization\"],\"@id\":\"https:\\\/\\\/bikefit.lu\\\/lb-lu\\\/#\\\/schema\\\/person\\\/379af1263474d2f8cd1f41c2bd90273d\",\"name\":\"Patrick Guillaume\",\"image\":{\"@type\":\"ImageObject\",\"inLanguage\":\"lb-LU\",\"@id\":\"https:\\\/\\\/bikefit.lu\\\/wp-content\\\/uploads\\\/2024\\\/12\\\/cropped-bikefit-logoURL-RGB-jpg.jpg\",\"url\":\"https:\\\/\\\/bikefit.lu\\\/wp-content\\\/uploads\\\/2024\\\/12\\\/cropped-bikefit-logoURL-RGB-jpg.jpg\",\"contentUrl\":\"https:\\\/\\\/bikefit.lu\\\/wp-content\\\/uploads\\\/2024\\\/12\\\/cropped-bikefit-logoURL-RGB-jpg.jpg\",\"width\":512,\"height\":512,\"caption\":\"Patrick Guillaume\"},\"logo\":{\"@id\":\"https:\\\/\\\/bikefit.lu\\\/wp-content\\\/uploads\\\/2024\\\/12\\\/cropped-bikefit-logoURL-RGB-jpg.jpg\"},\"sameAs\":[\"https:\\\/\\\/bikefit.lu\"],\"honorificPrefix\":\"Mr\",\"birthDate\":\"1966-11-18\",\"gender\":\"male\",\"knowsAbout\":[\"Bike-fitting\"],\"knowsLanguage\":[\"English\",\"French\",\"German\",\"Luxembourgish\"]}]}<\/script>\n<meta property=\"og:availability\" content=\"instock\" \/>\n<meta property=\"product:availability\" content=\"instock\" \/>\n<meta property=\"product:condition\" content=\"new\" \/>\n<!-- \/ Yoast SEO Premium plugin. -->","yoast_head_json":{"title":"FORM\u00ae Feescht-K\u00e4iler Strooss \/ MTB universal - bikefit.lu","robots":{"index":"index","follow":"follow","max-snippet":"max-snippet:-1","max-image-preview":"max-image-preview:large","max-video-preview":"max-video-preview:-1"},"canonical":"https:\/\/bikefit.lu\/lb-lu\/product\/form-feescht-kailer-strooss-mtb-universal\/","og_locale":"en_US","og_type":"article","og_title":"FORM\u00ae Feescht-K\u00e4iler Strooss \/ MTB universal","og_description":"\u2022 Feescht-K\u00e4iler ginn an de Schong benotzt fir den h\u00ebnneschte Fouss ze kippen an direkt Valgus \/ Pronatioun ze korrig\u00e9ieren an ze \u00ebnnerst\u00ebtzen . \u2022 \u00c4nlech w\u00e9i Kallen- oder Virfoussk\u00e4iler (am Schong), erhiewt de Feescht-K\u00e4il d\u2019gesenkte S\u00e4it vum Fouss, fir esou d\u2019Stabilit\u00e9it an d\u2019Kontroll ze verbesseren. Am G\u00e9igesaz zum Kallek\u00e4il (deen de ganze Schong kippt) oder dem Virfoussk\u00e4il (deen de Virfouss direkt an den h\u00ebnneschte Fouss indirekt kippt), korrig\u00e9iert de Feescht-K\u00e4il n\u00ebmmen d\u2019Feescht. Virfoussk\u00e4il a Virfoussk\u00e4iler k\u00ebnne kombin\u00e9iert gi fir onangeneem Torsioun vum Fouss ze vermeiden. \u2022 Mat engem W\u00e9nkel vun 1 Grad k\u00ebnne Feescht-K\u00e4iler fir m\u00e9i W\u00e9nkel gestapelt ginn oder op mat entg\u00e9intgesate W\u00e9nkele gestapelt gi fir d\u2019Feescht ze hiewen, wann n\u00e9ideg. Si kommen an enger Gr\u00e9isst a k\u00ebnne geschnidde gi fir ze passen. Et g\u00ebtt se an enger Gr\u00e9isst a si k\u00ebnnen op Mooss geschnidde ginn.","og_url":"https:\/\/bikefit.lu\/lb-lu\/product\/form-feescht-kailer-strooss-mtb-universal\/","og_site_name":"bikefit.lu","article_modified_time":"2025-06-02T12:18:05+00:00","og_image":[{"width":1920,"height":1920,"url":"https:\/\/bikefit.lu\/wp-content\/uploads\/2023\/04\/05a-heel-wedge-1.webp","type":"image\/webp"}],"twitter_card":"summary_large_image","twitter_misc":{"Availability":"In stock"},"schema":{"@context":"https:\/\/schema.org","@graph":[{"@type":"WebPage","@id":"https:\/\/bikefit.lu\/lb-lu\/product\/form-feescht-kailer-strooss-mtb-universal\/","url":"https:\/\/bikefit.lu\/lb-lu\/product\/form-feescht-kailer-strooss-mtb-universal\/","name":"FORM\u00ae Feescht-K\u00e4iler Strooss \/ MTB universal - bikefit.lu","isPartOf":{"@id":"https:\/\/bikefit.lu\/lb-lu\/#website"},"primaryImageOfPage":{"@id":"https:\/\/bikefit.lu\/lb-lu\/product\/form-feescht-kailer-strooss-mtb-universal\/#primaryimage"},"image":{"@id":"https:\/\/bikefit.lu\/lb-lu\/product\/form-feescht-kailer-strooss-mtb-universal\/#primaryimage"},"thumbnailUrl":"https:\/\/bikefit.lu\/wp-content\/uploads\/2023\/04\/05a-heel-wedge-1.webp","datePublished":"2023-04-28T06:14:50+00:00","dateModified":"2025-06-02T12:18:05+00:00","breadcrumb":{"@id":"https:\/\/bikefit.lu\/lb-lu\/product\/form-feescht-kailer-strooss-mtb-universal\/#breadcrumb"},"inLanguage":"lb-LU","potentialAction":[{"@type":"ReadAction","target":["https:\/\/bikefit.lu\/lb-lu\/product\/form-feescht-kailer-strooss-mtb-universal\/"]}]},{"@type":"ImageObject","inLanguage":"lb-LU","@id":"https:\/\/bikefit.lu\/lb-lu\/product\/form-feescht-kailer-strooss-mtb-universal\/#primaryimage","url":"https:\/\/bikefit.lu\/wp-content\/uploads\/2023\/04\/05a-heel-wedge-1.webp","contentUrl":"https:\/\/bikefit.lu\/wp-content\/uploads\/2023\/04\/05a-heel-wedge-1.webp","width":1920,"height":1920},{"@type":"BreadcrumbList","@id":"https:\/\/bikefit.lu\/lb-lu\/product\/form-feescht-kailer-strooss-mtb-universal\/#breadcrumb","itemListElement":[{"@type":"ListItem","position":1,"name":"Home","item":"https:\/\/bikefit.lu\/lb-lu\/"},{"@type":"ListItem","position":2,"name":"Products","item":"https:\/\/bikefit.lu\/lb-lu\/shop\/"},{"@type":"ListItem","position":3,"name":"FORM\u00ae Feescht-K\u00e4iler Strooss \/ MTB universal"}]},{"@type":"WebSite","@id":"https:\/\/bikefit.lu\/lb-lu\/#website","url":"https:\/\/bikefit.lu\/lb-lu\/","name":"bikefit.lu","description":"IMPROVING CYCLING","publisher":{"@id":"https:\/\/bikefit.lu\/lb-lu\/#\/schema\/person\/379af1263474d2f8cd1f41c2bd90273d"},"potentialAction":[{"@type":"SearchAction","target":{"@type":"EntryPoint","urlTemplate":"https:\/\/bikefit.lu\/lb-lu\/?s={search_term_string}"},"query-input":{"@type":"PropertyValueSpecification","valueRequired":true,"valueName":"search_term_string"}}],"inLanguage":"lb-LU"},{"@type":["Person","Organization"],"@id":"https:\/\/bikefit.lu\/lb-lu\/#\/schema\/person\/379af1263474d2f8cd1f41c2bd90273d","name":"Patrick Guillaume","image":{"@type":"ImageObject","inLanguage":"lb-LU","@id":"https:\/\/bikefit.lu\/wp-content\/uploads\/2024\/12\/cropped-bikefit-logoURL-RGB-jpg.jpg","url":"https:\/\/bikefit.lu\/wp-content\/uploads\/2024\/12\/cropped-bikefit-logoURL-RGB-jpg.jpg","contentUrl":"https:\/\/bikefit.lu\/wp-content\/uploads\/2024\/12\/cropped-bikefit-logoURL-RGB-jpg.jpg","width":512,"height":512,"caption":"Patrick Guillaume"},"logo":{"@id":"https:\/\/bikefit.lu\/wp-content\/uploads\/2024\/12\/cropped-bikefit-logoURL-RGB-jpg.jpg"},"sameAs":["https:\/\/bikefit.lu"],"honorificPrefix":"Mr","birthDate":"1966-11-18","gender":"male","knowsAbout":["Bike-fitting"],"knowsLanguage":["English","French","German","Luxembourgish"]}]},"og_availability":"instock","product_availability":"instock","product_condition":"new"},"_links":{"self":[{"href":"https:\/\/bikefit.lu\/lb-lu\/wp-json\/wp\/v2\/product\/78968","targetHints":{"allow":["GET"]}}],"collection":[{"href":"https:\/\/bikefit.lu\/lb-lu\/wp-json\/wp\/v2\/product"}],"about":[{"href":"https:\/\/bikefit.lu\/lb-lu\/wp-json\/wp\/v2\/types\/product"}],"replies":[{"embeddable":true,"href":"https:\/\/bikefit.lu\/lb-lu\/wp-json\/wp\/v2\/comments?post=78968"}],"version-history":[{"count":0,"href":"https:\/\/bikefit.lu\/lb-lu\/wp-json\/wp\/v2\/product\/78968\/revisions"}],"wp:featuredmedia":[{"embeddable":true,"href":"https:\/\/bikefit.lu\/lb-lu\/wp-json\/wp\/v2\/media\/77208"}],"wp:attachment":[{"href":"https:\/\/bikefit.lu\/lb-lu\/wp-json\/wp\/v2\/media?parent=78968"}],"wp:term":[{"taxonomy":"product_brand","embeddable":true,"href":"https:\/\/bikefit.lu\/lb-lu\/wp-json\/wp\/v2\/product_brand?post=78968"},{"taxonomy":"product_cat","embeddable":true,"href":"https:\/\/bikefit.lu\/lb-lu\/wp-json\/wp\/v2\/product_cat?post=78968"},{"taxonomy":"product_tag","embeddable":true,"href":"https:\/\/bikefit.lu\/lb-lu\/wp-json\/wp\/v2\/product_tag?post=78968"}],"curies":[{"name":"wp","href":"https:\/\/api.w.org\/{rel}","templated":true}]}}