{"id":79183,"date":"2022-11-07T08:14:54","date_gmt":"2022-11-07T08:14:54","guid":{"rendered":"https:\/\/staging.bikefit.lu\/shop\/uncategorized\/profile-design-subsonic-ergo-35a\/"},"modified":"2022-11-07T08:14:54","modified_gmt":"2022-11-07T08:14:54","slug":"profile-design-subsonic-ergo-35a","status":"publish","type":"product","link":"https:\/\/bikefit.lu\/lb-lu\/product\/profile-design-subsonic-ergo-35a\/","title":{"rendered":"Profile Design Subsonic Ergo 35a"},"content":{"rendered":"<h5>Technische Daten<\/h5>\n<ul>\n<li><strong>Bracket:<\/strong> Subsonic<\/li>\n<li><strong>Klemmen-Durchmesser:<\/strong> 31,8 mm (26,0 mit Shims)<\/li>\n<li><strong>Armlehne:<\/strong> Ergo \/ 10 mm Pads<\/li>\n<li><strong>Verl\u00e4ngerung L\u00e4nge:<\/strong> 350mm<\/li>\n<li><strong>Breite:<\/strong> 142 mm bis 272 mm<\/li>\n<li><strong>Gewicht:<\/strong> 590g<\/li>\n<li><strong>Farbe:<\/strong> Schwarz<\/li>\n<\/ul>\n","protected":false},"excerpt":{"rendered":"<h5>\u00dcbersicht<\/h5>\n<p class=\"textbox\" dir=\"ltr\">Der Subsonic\/Ergo\/35a Aerolenker kombiniert die Low-Stack-Subsonic-Halterung mit der armumschmeichelnden Race-Armlehne, um einen branchenf\u00fchrenden Passformbereich zu bieten, der auf niedrige, schmale Positionen ausgerichtet ist. Die 35a-Verl\u00e4ngerung bietet einen komfortablen 35-Grad -Winkel mit einer Steigung von 80 mm. Dies ist der einzige Low-Stack-Clip auf dem Markt, der den Pad- to-Grip-Winkel beibeh\u00e4lt, wenn der Aufsatz gestapelt wird.  <\/p>\n<p class=\"textbox\" dir=\"ltr\">Subsonic ist nicht nur eine weitere Aerobar-Halterung. Es bringt ihr Fit-Sortiment der n\u00e4chsten Generation zu einem Low-Stack-Bracket- Design. Dadurch kann der Lenker-Aufsatz ihre Riser-Kits verwenden, um den Stack zu erh\u00f6hen, ohne das Verh\u00e4ltnis zwischen Armlehne und Griff zu ver\u00e4ndern. Die Ergo-Armlehne wurde entwickelt, um die Arme des Fahrers eng zu umschlie\u00dfen \u2013 was eine enge Position erleichtert und die Kontrolle bei Geschwindigkeit erh\u00f6ht.   <\/p>\n<p class=\"textbox\" dir=\"ltr\"><strong>Leistung<\/strong><\/p>\n<p class=\"textbox\" dir=\"ltr\">Der Subsonic\/Ergo wurde entwickelt, um eine niedrigere Stackh\u00f6he als Standard -Aerolenker zu erreichen, ohne den zus\u00e4tzlichen Frontbereich eines Klemmsystems unterhalb der Lenkerverl\u00e4ngerung . Das verbessert die Aerodynamik und den Passformbereich. <\/p>\n<p class=\"textbox\" dir=\"ltr\"><strong>Einstellungsm\u00f6glichkeiten<\/strong><\/p>\n<ul>\n<li><strong>Armlehnenversatz:<\/strong> -85 mm bis -17,5 mm in 7,5 mm Schritten<\/li>\n<li><strong>Armlehnenbreite:<\/strong> 142 mm bis 272 mm in 18,5mm Schritten (mit Verl\u00e4ngerungen bei 100mm)<\/li>\n<li><strong>Armlehnenstack:<\/strong> Die Mindesth\u00f6he betr\u00e4gt 40 mm, und die Halterung ist mit den vorhandenen Riserkits kompatibel, die in 5 mm-Schritten bis zu 70 mm H\u00f6he hinzuf\u00fcgen.<\/li>\n<\/ul>\n<p class=\"textbox\" dir=\"ltr\">Die Verl\u00e4ngerungsdrehung kann einfach \u00fcber die Schaftschraube eingestellt werden. Es gibt einen 40-mm-Bereich zur Anpassung der Verl\u00e4ngerungsl\u00e4nge, nachdem die Verl\u00e4ngerungen geschnitten wurden.<\/p>\n<p class=\"textbox\" dir=\"ltr\">Durch einfaches Verschieben der Armlehnen lassen sich 80 verschiedene Positionen einnehmen. Kombiniere das mit den Riser-Kits und dieser Lenker-Aufatz bietet 1200 m\u00f6gliche Konfigurationen. Als Clip-On-Bar ist es auch m\u00f6glich, die Auszugsbreite und Neigung einfach einzustellen . Dies ist das am besten anpassbare Low-Stack-Clip-On auf dem Markt.  <\/p>\n<p class=\"textbox\" dir=\"ltr\"><img decoding=\"async\" src=\"https:\/\/cdn.shopify.com\/s\/files\/1\/2357\/3659\/files\/Armrest_Rotation1_Ergo_large.jpg?v=1539878385\" alt=\"\"><\/p>\n<p class=\"textbox\" dir=\"ltr\"><strong>Die Entstehungsgeschichte<\/strong><\/p>\n<p class=\"textbox\" dir=\"ltr\">Nachdem Profile Design den Supersonic (J5) als Premium-Halterung mit marktf\u00fchrenden Anpassungsoptionen und Vielseitigkeit auf den Markt gebracht hatten, wollten sir die gleichen Optionen f\u00fcr den Rest ihres Sortiments an Halterungen und damit Aerolenkern anbieten.<\/p>\n<p class=\"textbox\" dir=\"ltr\">Wo ihre Supersonic- und Sonic-Halterungen einen Mindeststack von etwa 60 mm haben, wie die meisten beliebten Aerolenker, wollten sie, dass der Subsonic eine wesentlich niedrigere Position bietet. Dies hilft dem Marktsegment, das mit modernen Fahrradrahmen Schwierigkeiten hat, in seine ideale Position zu gelangen. Und es war wichtig, dass wir die Einstellung der Stackh\u00f6he einbeziehen, ohne das Verh\u00e4ltnis der Pad-Griff zu ver\u00e4ndern \u2013 damit ihre Fahrer jeden Aspekt ihres Setups feinabstimmen k\u00f6nnen.  <\/p>\n<p class=\"textbox\" dir=\"ltr\">Die Ergo-Armlehne teilt das klappbare Design der \u00fcbrigen Armlehnen ihrer neuen Generation. Durch Austauschen der Seiten oder Drehen der Armlehnen werden kleinere Bewegungsschritte erreicht \u2013 was es einfach macht, die Position eines Fahrers fein abzustimmen oder an die Position seines vorherigen Aerolenkers oder Fahrrads anzupassen. <\/p>\n<p class=\"textbox\" dir=\"ltr\"><img decoding=\"async\" src=\"https:\/\/cdn.shopify.com\/s\/files\/1\/2357\/3659\/files\/Armrest_Rotation_Ergo_large.jpg?v=1539878379\" alt=\"\"><\/p>\n","protected":false},"featured_media":0,"comment_status":"open","ping_status":"closed","template":"","meta":[],"product_brand":[],"product_cat":[4838],"product_tag":[5111,5116,5126,5153,5181,5180],"class_list":{"0":"post-79183","1":"product","2":"type-product","3":"status-publish","5":"product_cat-kontaktpunkt-cockpit-lb-lu","6":"product_tag-offroad-lb-lu","7":"product_tag-profile-design-lb-lu","8":"product_tag-road-lb-lu","9":"product_tag-subsonic-ergo-35a-lb-lu","10":"product_tag-triathlon-lb-lu","11":"product_tag-ultra-cycling-lb-lu","12":"product_shipping_class-large-items-lb-lu","14":"first","15":"instock","16":"taxable","17":"shipping-taxable","18":"product-type-simple"},"yoast_head":"<!-- This site is optimized with the Yoast SEO Premium plugin v27.4 (Yoast SEO v27.4) - https:\/\/yoast.com\/product\/yoast-seo-premium-wordpress\/ -->\n<title>Profile Design Subsonic Ergo 35a - bikefit.lu<\/title>\n<meta name=\"robots\" content=\"index, follow, max-snippet:-1, max-image-preview:large, max-video-preview:-1\" \/>\n<link rel=\"canonical\" href=\"https:\/\/bikefit.lu\/lb-lu\/product\/profile-design-subsonic-ergo-35a\/\" \/>\n<meta property=\"og:locale\" content=\"en_US\" \/>\n<meta property=\"og:type\" content=\"article\" \/>\n<meta property=\"og:title\" content=\"Profile Design Subsonic Ergo 35a\" \/>\n<meta property=\"og:description\" content=\"\u00dcbersicht Der Subsonic\/Ergo\/35a Aerolenker kombiniert die Low-Stack-Subsonic-Halterung mit der armumschmeichelnden Race-Armlehne, um einen branchenf\u00fchrenden Passformbereich zu bieten, der auf niedrige, schmale Positionen ausgerichtet ist. Die 35a-Verl\u00e4ngerung bietet einen komfortablen 35-Grad -Winkel mit einer Steigung von 80 mm. Dies ist der einzige Low-Stack-Clip auf dem Markt, der den Pad- to-Grip-Winkel beibeh\u00e4lt, wenn der Aufsatz gestapelt wird.  Subsonic ist nicht nur eine weitere Aerobar-Halterung. Es bringt ihr Fit-Sortiment der n\u00e4chsten Generation zu einem Low-Stack-Bracket- Design. Dadurch kann der Lenker-Aufsatz ihre Riser-Kits verwenden, um den Stack zu erh\u00f6hen, ohne das Verh\u00e4ltnis zwischen Armlehne und Griff zu ver\u00e4ndern. Die Ergo-Armlehne wurde entwickelt, um die Arme des Fahrers eng zu umschlie\u00dfen \u2013 was eine enge Position erleichtert und die Kontrolle bei Geschwindigkeit erh\u00f6ht.  Leistung Der Subsonic\/Ergo wurde entwickelt, um eine niedrigere Stackh\u00f6he als Standard -Aerolenker zu erreichen, ohne den zus\u00e4tzlichen Frontbereich eines Klemmsystems unterhalb der Lenkerverl\u00e4ngerung . Das verbessert die Aerodynamik und den Passformbereich. Einstellungsm\u00f6glichkeiten   Armlehnenversatz: -85 mm bis -17,5 mm in 7,5 mm Schritten  Armlehnenbreite: 142 mm bis 272 mm in 18,5mm Schritten (mit Verl\u00e4ngerungen bei 100mm)  Armlehnenstack: Die Mindesth\u00f6he betr\u00e4gt 40 mm, und die Halterung ist mit den vorhandenen Riserkits kompatibel, die in 5 mm-Schritten bis zu 70 mm H\u00f6he hinzuf\u00fcgen. Die Verl\u00e4ngerungsdrehung kann einfach \u00fcber die Schaftschraube eingestellt werden. Es gibt einen 40-mm-Bereich zur Anpassung der Verl\u00e4ngerungsl\u00e4nge, nachdem die Verl\u00e4ngerungen geschnitten wurden. Durch einfaches Verschieben der Armlehnen lassen sich 80 verschiedene Positionen einnehmen. Kombiniere das mit den Riser-Kits und dieser Lenker-Aufatz bietet 1200 m\u00f6gliche Konfigurationen. Als Clip-On-Bar ist es auch m\u00f6glich, die Auszugsbreite und Neigung einfach einzustellen . Dies ist das am besten anpassbare Low-Stack-Clip-On auf dem Markt.  Die Entstehungsgeschichte Nachdem Profile Design den Supersonic (J5) als Premium-Halterung mit marktf\u00fchrenden Anpassungsoptionen und Vielseitigkeit auf den Markt gebracht hatten, wollten sir die gleichen Optionen f\u00fcr den Rest ihres Sortiments an Halterungen und damit Aerolenkern anbieten. Wo ihre Supersonic- und Sonic-Halterungen einen Mindeststack von etwa 60 mm haben, wie die meisten beliebten Aerolenker, wollten sie, dass der Subsonic eine wesentlich niedrigere Position bietet. Dies hilft dem Marktsegment, das mit modernen Fahrradrahmen Schwierigkeiten hat, in seine ideale Position zu gelangen. Und es war wichtig, dass wir die Einstellung der Stackh\u00f6he einbeziehen, ohne das Verh\u00e4ltnis der Pad-Griff zu ver\u00e4ndern \u2013 damit ihre Fahrer jeden Aspekt ihres Setups feinabstimmen k\u00f6nnen.  Die Ergo-Armlehne teilt das klappbare Design der \u00fcbrigen Armlehnen ihrer neuen Generation. Durch Austauschen der Seiten oder Drehen der Armlehnen werden kleinere Bewegungsschritte erreicht \u2013 was es einfach macht, die Position eines Fahrers fein abzustimmen oder an die Position seines vorherigen Aerolenkers oder Fahrrads anzupassen.\" \/>\n<meta property=\"og:url\" content=\"https:\/\/bikefit.lu\/lb-lu\/product\/profile-design-subsonic-ergo-35a\/\" \/>\n<meta property=\"og:site_name\" content=\"bikefit.lu\" \/>\n<meta property=\"og:image\" content=\"https:\/\/bikefit.lu\/wp-content\/uploads\/2023\/12\/bikefit-logoURL-RGBtransp.jpg\" \/>\n\t<meta property=\"og:image:width\" content=\"1181\" \/>\n\t<meta property=\"og:image:height\" content=\"1181\" \/>\n\t<meta property=\"og:image:type\" content=\"image\/jpeg\" \/>\n<meta name=\"twitter:card\" content=\"summary_large_image\" \/>\n<meta name=\"twitter:label1\" content=\"Price\" \/>\n\t<meta name=\"twitter:data1\" content=\"\" \/>\n\t<meta name=\"twitter:label2\" content=\"Availability\" \/>\n\t<meta name=\"twitter:data2\" content=\"In stock\" \/>\n<script type=\"application\/ld+json\" class=\"yoast-schema-graph\">{\"@context\":\"https:\\\/\\\/schema.org\",\"@graph\":[{\"@type\":\"WebPage\",\"@id\":\"https:\\\/\\\/bikefit.lu\\\/lb-lu\\\/product\\\/profile-design-subsonic-ergo-35a\\\/\",\"url\":\"https:\\\/\\\/bikefit.lu\\\/lb-lu\\\/product\\\/profile-design-subsonic-ergo-35a\\\/\",\"name\":\"Profile Design Subsonic Ergo 35a - bikefit.lu\",\"isPartOf\":{\"@id\":\"https:\\\/\\\/bikefit.lu\\\/lb-lu\\\/#website\"},\"datePublished\":\"2022-11-07T08:14:54+00:00\",\"breadcrumb\":{\"@id\":\"https:\\\/\\\/bikefit.lu\\\/lb-lu\\\/product\\\/profile-design-subsonic-ergo-35a\\\/#breadcrumb\"},\"inLanguage\":\"lb-LU\",\"potentialAction\":[{\"@type\":\"ReadAction\",\"target\":[\"https:\\\/\\\/bikefit.lu\\\/lb-lu\\\/product\\\/profile-design-subsonic-ergo-35a\\\/\"]}]},{\"@type\":\"BreadcrumbList\",\"@id\":\"https:\\\/\\\/bikefit.lu\\\/lb-lu\\\/product\\\/profile-design-subsonic-ergo-35a\\\/#breadcrumb\",\"itemListElement\":[{\"@type\":\"ListItem\",\"position\":1,\"name\":\"Home\",\"item\":\"https:\\\/\\\/bikefit.lu\\\/lb-lu\\\/\"},{\"@type\":\"ListItem\",\"position\":2,\"name\":\"Products\",\"item\":\"https:\\\/\\\/bikefit.lu\\\/lb-lu\\\/shop\\\/\"},{\"@type\":\"ListItem\",\"position\":3,\"name\":\"Profile Design Subsonic Ergo 35a\"}]},{\"@type\":\"WebSite\",\"@id\":\"https:\\\/\\\/bikefit.lu\\\/lb-lu\\\/#website\",\"url\":\"https:\\\/\\\/bikefit.lu\\\/lb-lu\\\/\",\"name\":\"bikefit.lu\",\"description\":\"IMPROVING CYCLING\",\"publisher\":{\"@id\":\"https:\\\/\\\/bikefit.lu\\\/lb-lu\\\/#\\\/schema\\\/person\\\/379af1263474d2f8cd1f41c2bd90273d\"},\"potentialAction\":[{\"@type\":\"SearchAction\",\"target\":{\"@type\":\"EntryPoint\",\"urlTemplate\":\"https:\\\/\\\/bikefit.lu\\\/lb-lu\\\/?s={search_term_string}\"},\"query-input\":{\"@type\":\"PropertyValueSpecification\",\"valueRequired\":true,\"valueName\":\"search_term_string\"}}],\"inLanguage\":\"lb-LU\"},{\"@type\":[\"Person\",\"Organization\"],\"@id\":\"https:\\\/\\\/bikefit.lu\\\/lb-lu\\\/#\\\/schema\\\/person\\\/379af1263474d2f8cd1f41c2bd90273d\",\"name\":\"Patrick Guillaume\",\"image\":{\"@type\":\"ImageObject\",\"inLanguage\":\"lb-LU\",\"@id\":\"https:\\\/\\\/bikefit.lu\\\/wp-content\\\/uploads\\\/2024\\\/12\\\/cropped-bikefit-logoURL-RGB-jpg.jpg\",\"url\":\"https:\\\/\\\/bikefit.lu\\\/wp-content\\\/uploads\\\/2024\\\/12\\\/cropped-bikefit-logoURL-RGB-jpg.jpg\",\"contentUrl\":\"https:\\\/\\\/bikefit.lu\\\/wp-content\\\/uploads\\\/2024\\\/12\\\/cropped-bikefit-logoURL-RGB-jpg.jpg\",\"width\":512,\"height\":512,\"caption\":\"Patrick Guillaume\"},\"logo\":{\"@id\":\"https:\\\/\\\/bikefit.lu\\\/wp-content\\\/uploads\\\/2024\\\/12\\\/cropped-bikefit-logoURL-RGB-jpg.jpg\"},\"sameAs\":[\"https:\\\/\\\/bikefit.lu\"],\"honorificPrefix\":\"Mr\",\"birthDate\":\"1966-11-18\",\"gender\":\"male\",\"knowsAbout\":[\"Bike-fitting\"],\"knowsLanguage\":[\"English\",\"French\",\"German\",\"Luxembourgish\"]}]}<\/script>\n<meta property=\"product:price:currency\" content=\"EUR\" \/>\n<meta property=\"og:availability\" content=\"instock\" \/>\n<meta property=\"product:availability\" content=\"instock\" \/>\n<meta property=\"product:condition\" content=\"new\" \/>\n<!-- \/ Yoast SEO Premium plugin. -->","yoast_head_json":{"title":"Profile Design Subsonic Ergo 35a - bikefit.lu","robots":{"index":"index","follow":"follow","max-snippet":"max-snippet:-1","max-image-preview":"max-image-preview:large","max-video-preview":"max-video-preview:-1"},"canonical":"https:\/\/bikefit.lu\/lb-lu\/product\/profile-design-subsonic-ergo-35a\/","og_locale":"en_US","og_type":"article","og_title":"Profile Design Subsonic Ergo 35a","og_description":"\u00dcbersicht Der Subsonic\/Ergo\/35a Aerolenker kombiniert die Low-Stack-Subsonic-Halterung mit der armumschmeichelnden Race-Armlehne, um einen branchenf\u00fchrenden Passformbereich zu bieten, der auf niedrige, schmale Positionen ausgerichtet ist. Die 35a-Verl\u00e4ngerung bietet einen komfortablen 35-Grad -Winkel mit einer Steigung von 80 mm. Dies ist der einzige Low-Stack-Clip auf dem Markt, der den Pad- to-Grip-Winkel beibeh\u00e4lt, wenn der Aufsatz gestapelt wird.  Subsonic ist nicht nur eine weitere Aerobar-Halterung. Es bringt ihr Fit-Sortiment der n\u00e4chsten Generation zu einem Low-Stack-Bracket- Design. Dadurch kann der Lenker-Aufsatz ihre Riser-Kits verwenden, um den Stack zu erh\u00f6hen, ohne das Verh\u00e4ltnis zwischen Armlehne und Griff zu ver\u00e4ndern. Die Ergo-Armlehne wurde entwickelt, um die Arme des Fahrers eng zu umschlie\u00dfen \u2013 was eine enge Position erleichtert und die Kontrolle bei Geschwindigkeit erh\u00f6ht.  Leistung Der Subsonic\/Ergo wurde entwickelt, um eine niedrigere Stackh\u00f6he als Standard -Aerolenker zu erreichen, ohne den zus\u00e4tzlichen Frontbereich eines Klemmsystems unterhalb der Lenkerverl\u00e4ngerung . Das verbessert die Aerodynamik und den Passformbereich. Einstellungsm\u00f6glichkeiten   Armlehnenversatz: -85 mm bis -17,5 mm in 7,5 mm Schritten  Armlehnenbreite: 142 mm bis 272 mm in 18,5mm Schritten (mit Verl\u00e4ngerungen bei 100mm)  Armlehnenstack: Die Mindesth\u00f6he betr\u00e4gt 40 mm, und die Halterung ist mit den vorhandenen Riserkits kompatibel, die in 5 mm-Schritten bis zu 70 mm H\u00f6he hinzuf\u00fcgen. Die Verl\u00e4ngerungsdrehung kann einfach \u00fcber die Schaftschraube eingestellt werden. Es gibt einen 40-mm-Bereich zur Anpassung der Verl\u00e4ngerungsl\u00e4nge, nachdem die Verl\u00e4ngerungen geschnitten wurden. Durch einfaches Verschieben der Armlehnen lassen sich 80 verschiedene Positionen einnehmen. Kombiniere das mit den Riser-Kits und dieser Lenker-Aufatz bietet 1200 m\u00f6gliche Konfigurationen. Als Clip-On-Bar ist es auch m\u00f6glich, die Auszugsbreite und Neigung einfach einzustellen . Dies ist das am besten anpassbare Low-Stack-Clip-On auf dem Markt.  Die Entstehungsgeschichte Nachdem Profile Design den Supersonic (J5) als Premium-Halterung mit marktf\u00fchrenden Anpassungsoptionen und Vielseitigkeit auf den Markt gebracht hatten, wollten sir die gleichen Optionen f\u00fcr den Rest ihres Sortiments an Halterungen und damit Aerolenkern anbieten. Wo ihre Supersonic- und Sonic-Halterungen einen Mindeststack von etwa 60 mm haben, wie die meisten beliebten Aerolenker, wollten sie, dass der Subsonic eine wesentlich niedrigere Position bietet. Dies hilft dem Marktsegment, das mit modernen Fahrradrahmen Schwierigkeiten hat, in seine ideale Position zu gelangen. Und es war wichtig, dass wir die Einstellung der Stackh\u00f6he einbeziehen, ohne das Verh\u00e4ltnis der Pad-Griff zu ver\u00e4ndern \u2013 damit ihre Fahrer jeden Aspekt ihres Setups feinabstimmen k\u00f6nnen.  Die Ergo-Armlehne teilt das klappbare Design der \u00fcbrigen Armlehnen ihrer neuen Generation. Durch Austauschen der Seiten oder Drehen der Armlehnen werden kleinere Bewegungsschritte erreicht \u2013 was es einfach macht, die Position eines Fahrers fein abzustimmen oder an die Position seines vorherigen Aerolenkers oder Fahrrads anzupassen.","og_url":"https:\/\/bikefit.lu\/lb-lu\/product\/profile-design-subsonic-ergo-35a\/","og_site_name":"bikefit.lu","og_image":[{"width":1181,"height":1181,"url":"https:\/\/bikefit.lu\/wp-content\/uploads\/2023\/12\/bikefit-logoURL-RGBtransp.jpg","type":"image\/jpeg"}],"twitter_card":"summary_large_image","twitter_misc":{"Price":"","Availability":"In stock"},"schema":{"@context":"https:\/\/schema.org","@graph":[{"@type":"WebPage","@id":"https:\/\/bikefit.lu\/lb-lu\/product\/profile-design-subsonic-ergo-35a\/","url":"https:\/\/bikefit.lu\/lb-lu\/product\/profile-design-subsonic-ergo-35a\/","name":"Profile Design Subsonic Ergo 35a - bikefit.lu","isPartOf":{"@id":"https:\/\/bikefit.lu\/lb-lu\/#website"},"datePublished":"2022-11-07T08:14:54+00:00","breadcrumb":{"@id":"https:\/\/bikefit.lu\/lb-lu\/product\/profile-design-subsonic-ergo-35a\/#breadcrumb"},"inLanguage":"lb-LU","potentialAction":[{"@type":"ReadAction","target":["https:\/\/bikefit.lu\/lb-lu\/product\/profile-design-subsonic-ergo-35a\/"]}]},{"@type":"BreadcrumbList","@id":"https:\/\/bikefit.lu\/lb-lu\/product\/profile-design-subsonic-ergo-35a\/#breadcrumb","itemListElement":[{"@type":"ListItem","position":1,"name":"Home","item":"https:\/\/bikefit.lu\/lb-lu\/"},{"@type":"ListItem","position":2,"name":"Products","item":"https:\/\/bikefit.lu\/lb-lu\/shop\/"},{"@type":"ListItem","position":3,"name":"Profile Design Subsonic Ergo 35a"}]},{"@type":"WebSite","@id":"https:\/\/bikefit.lu\/lb-lu\/#website","url":"https:\/\/bikefit.lu\/lb-lu\/","name":"bikefit.lu","description":"IMPROVING CYCLING","publisher":{"@id":"https:\/\/bikefit.lu\/lb-lu\/#\/schema\/person\/379af1263474d2f8cd1f41c2bd90273d"},"potentialAction":[{"@type":"SearchAction","target":{"@type":"EntryPoint","urlTemplate":"https:\/\/bikefit.lu\/lb-lu\/?s={search_term_string}"},"query-input":{"@type":"PropertyValueSpecification","valueRequired":true,"valueName":"search_term_string"}}],"inLanguage":"lb-LU"},{"@type":["Person","Organization"],"@id":"https:\/\/bikefit.lu\/lb-lu\/#\/schema\/person\/379af1263474d2f8cd1f41c2bd90273d","name":"Patrick Guillaume","image":{"@type":"ImageObject","inLanguage":"lb-LU","@id":"https:\/\/bikefit.lu\/wp-content\/uploads\/2024\/12\/cropped-bikefit-logoURL-RGB-jpg.jpg","url":"https:\/\/bikefit.lu\/wp-content\/uploads\/2024\/12\/cropped-bikefit-logoURL-RGB-jpg.jpg","contentUrl":"https:\/\/bikefit.lu\/wp-content\/uploads\/2024\/12\/cropped-bikefit-logoURL-RGB-jpg.jpg","width":512,"height":512,"caption":"Patrick Guillaume"},"logo":{"@id":"https:\/\/bikefit.lu\/wp-content\/uploads\/2024\/12\/cropped-bikefit-logoURL-RGB-jpg.jpg"},"sameAs":["https:\/\/bikefit.lu"],"honorificPrefix":"Mr","birthDate":"1966-11-18","gender":"male","knowsAbout":["Bike-fitting"],"knowsLanguage":["English","French","German","Luxembourgish"]}]},"product_price_currency":"EUR","og_availability":"instock","product_availability":"instock","product_condition":"new"},"_links":{"self":[{"href":"https:\/\/bikefit.lu\/lb-lu\/wp-json\/wp\/v2\/product\/79183","targetHints":{"allow":["GET"]}}],"collection":[{"href":"https:\/\/bikefit.lu\/lb-lu\/wp-json\/wp\/v2\/product"}],"about":[{"href":"https:\/\/bikefit.lu\/lb-lu\/wp-json\/wp\/v2\/types\/product"}],"replies":[{"embeddable":true,"href":"https:\/\/bikefit.lu\/lb-lu\/wp-json\/wp\/v2\/comments?post=79183"}],"version-history":[{"count":0,"href":"https:\/\/bikefit.lu\/lb-lu\/wp-json\/wp\/v2\/product\/79183\/revisions"}],"wp:attachment":[{"href":"https:\/\/bikefit.lu\/lb-lu\/wp-json\/wp\/v2\/media?parent=79183"}],"wp:term":[{"taxonomy":"product_brand","embeddable":true,"href":"https:\/\/bikefit.lu\/lb-lu\/wp-json\/wp\/v2\/product_brand?post=79183"},{"taxonomy":"product_cat","embeddable":true,"href":"https:\/\/bikefit.lu\/lb-lu\/wp-json\/wp\/v2\/product_cat?post=79183"},{"taxonomy":"product_tag","embeddable":true,"href":"https:\/\/bikefit.lu\/lb-lu\/wp-json\/wp\/v2\/product_tag?post=79183"}],"curies":[{"name":"wp","href":"https:\/\/api.w.org\/{rel}","templated":true}]}}