{"id":79334,"date":"2022-10-14T09:41:11","date_gmt":"2022-10-14T09:41:11","guid":{"rendered":"https:\/\/staging.bikefit.lu\/shop\/uncategorized\/form-mlr618-wahoo-speedplay-grundplattenverlaengerungen\/"},"modified":"2022-10-14T09:41:11","modified_gmt":"2022-10-14T09:41:11","slug":"form-mlr618-wahoo-speedplay-grundplattenverlaengerungen","status":"publish","type":"product","link":"https:\/\/bikefit.lu\/lb-lu\/product\/form-mlr618-wahoo-speedplay-grundplattenverlaengerungen\/","title":{"rendered":"Form\u00ae MLR618 Wahoo Speedplay Grundplattenverl\u00e4ngerungen"},"content":{"rendered":"<div id=\"description\">\n<p>KIT ENTH\u00c4LT:<\/p>\n<p>L &amp; R &#8211; Zwei (oder sechs) Platten \/ Grundplattenschrauben \/ Cleatschrauben \/ Mini-Torx-Werkzeug<\/p>\n<p>Die Unterlegscheiben zum Anpassen der W\u00f6lbung an den Schuh sind nicht enthalten (k\u00f6nnen von der originalen Grundplatte verwendet werden)<\/p>\n<p>*Bitte beachten Sie, dass diese Platte f\u00fcr die Verwendung von Torx-Senkkopfschrauben (im Lieferumfang enthalten) vorgesehen ist. Die Verwendung anderer Schrauben k\u00f6nnte zu unzureichenden Ergebnissen f\u00fchren.<\/p>\n<\/div>\n","protected":false},"excerpt":{"rendered":"<p>Die FORM Wahoo Speedplay-Extenderplatten bieten Fahrern zus\u00e4tzliche Einstellm\u00f6glichkeiten au\u00dferhalb des Bereichs der Standard-Speedplay-Grundplatte. Dazu geh\u00f6ren die Einstellung nach hinten, die mediale Einstellung oder die seitliche Einstellung. Mit drei verschiedenen Plattenoptionen stehen Ihnen zahlreiche Konfigurationen zur Verf\u00fcgung.<\/p>\n<p>Die MLR618 ist die vielseitigste Verl\u00e4ngerungsplatte von FORM und bietet im Vergleich zu einer Standard-Speedplay-Basisplatte eine zus\u00e4tzliche Verstellung von bis zu 18 mm nach hinten sowie eine zus\u00e4tzliche mediale oder laterale Verstellung von bis zu 6 mm. Die Platte hat drei L\u00f6cher f\u00fcr die Befestigung der Cleats, eines in der Standardposition, eines in der r\u00fcckw\u00e4rtigen Position und eines in der r\u00fcckw\u00e4rtigen\/medialen\/seitlichen Position.<\/p>\n<p>Wenn Sie mit der Fu\u00dfstellung experimentieren wollen, sollten Sie sich diese Verl\u00e4ngerungsplatte besorgen.<\/p>\n","protected":false},"featured_media":0,"comment_status":"open","ping_status":"closed","template":"","meta":[],"product_brand":[],"product_cat":[4832,4787],"product_tag":[4934,4989,5069,5054,5067,5085,5177],"class_list":{"0":"post-79334","1":"product","2":"type-product","3":"status-publish","5":"product_cat-foot-pedal-interface-lb-lu","6":"product_cat-road-lb-lu","7":"product_tag-4-hole-lb-lu","8":"product_tag-baseplate-extenders-lb-lu","9":"product_tag-foot-pedal-interface-lb-lu","10":"product_tag-form-lb-lu","11":"product_tag-hardware-lb-lu","12":"product_tag-mlr618-lb-lu","13":"product_tag-wahoo-speedplay-lb-lu","14":"product_shipping_class-format-s-lb-lu","16":"first","17":"instock","18":"taxable","19":"shipping-taxable","20":"product-type-variable"},"yoast_head":"<!-- This site is optimized with the Yoast SEO Premium plugin v27.4 (Yoast SEO v27.4) - https:\/\/yoast.com\/product\/yoast-seo-premium-wordpress\/ -->\n<title>Form\u00ae MLR618 Wahoo Speedplay Grundplattenverl\u00e4ngerungen - bikefit.lu<\/title>\n<meta name=\"robots\" content=\"index, follow, max-snippet:-1, max-image-preview:large, max-video-preview:-1\" \/>\n<link rel=\"canonical\" href=\"https:\/\/bikefit.lu\/lb-lu\/product\/form-mlr618-wahoo-speedplay-grundplattenverlaengerungen\/\" \/>\n<meta property=\"og:locale\" content=\"en_US\" \/>\n<meta property=\"og:type\" content=\"article\" \/>\n<meta property=\"og:title\" content=\"Form\u00ae MLR618 Wahoo Speedplay Grundplattenverl\u00e4ngerungen\" \/>\n<meta property=\"og:description\" content=\"Die FORM Wahoo Speedplay-Extenderplatten bieten Fahrern zus\u00e4tzliche Einstellm\u00f6glichkeiten au\u00dferhalb des Bereichs der Standard-Speedplay-Grundplatte. Dazu geh\u00f6ren die Einstellung nach hinten, die mediale Einstellung oder die seitliche Einstellung. Mit drei verschiedenen Plattenoptionen stehen Ihnen zahlreiche Konfigurationen zur Verf\u00fcgung. Die MLR618 ist die vielseitigste Verl\u00e4ngerungsplatte von FORM und bietet im Vergleich zu einer Standard-Speedplay-Basisplatte eine zus\u00e4tzliche Verstellung von bis zu 18 mm nach hinten sowie eine zus\u00e4tzliche mediale oder laterale Verstellung von bis zu 6 mm. Die Platte hat drei L\u00f6cher f\u00fcr die Befestigung der Cleats, eines in der Standardposition, eines in der r\u00fcckw\u00e4rtigen Position und eines in der r\u00fcckw\u00e4rtigen\/medialen\/seitlichen Position. Wenn Sie mit der Fu\u00dfstellung experimentieren wollen, sollten Sie sich diese Verl\u00e4ngerungsplatte besorgen.\" \/>\n<meta property=\"og:url\" content=\"https:\/\/bikefit.lu\/lb-lu\/product\/form-mlr618-wahoo-speedplay-grundplattenverlaengerungen\/\" \/>\n<meta property=\"og:site_name\" content=\"bikefit.lu\" \/>\n<meta property=\"og:image\" content=\"https:\/\/bikefit.lu\/wp-content\/uploads\/2023\/12\/bikefit-logoURL-RGBtransp.jpg\" \/>\n\t<meta property=\"og:image:width\" content=\"1181\" \/>\n\t<meta property=\"og:image:height\" content=\"1181\" \/>\n\t<meta property=\"og:image:type\" content=\"image\/jpeg\" \/>\n<meta name=\"twitter:card\" content=\"summary_large_image\" \/>\n<meta name=\"twitter:label1\" content=\"Availability\" \/>\n\t<meta name=\"twitter:data1\" content=\"In stock\" \/>\n<script type=\"application\/ld+json\" class=\"yoast-schema-graph\">{\"@context\":\"https:\\\/\\\/schema.org\",\"@graph\":[{\"@type\":\"WebPage\",\"@id\":\"https:\\\/\\\/bikefit.lu\\\/lb-lu\\\/product\\\/form-mlr618-wahoo-speedplay-grundplattenverlaengerungen\\\/\",\"url\":\"https:\\\/\\\/bikefit.lu\\\/lb-lu\\\/product\\\/form-mlr618-wahoo-speedplay-grundplattenverlaengerungen\\\/\",\"name\":\"Form\u00ae MLR618 Wahoo Speedplay Grundplattenverl\u00e4ngerungen - bikefit.lu\",\"isPartOf\":{\"@id\":\"https:\\\/\\\/bikefit.lu\\\/lb-lu\\\/#website\"},\"datePublished\":\"2022-10-14T09:41:11+00:00\",\"breadcrumb\":{\"@id\":\"https:\\\/\\\/bikefit.lu\\\/lb-lu\\\/product\\\/form-mlr618-wahoo-speedplay-grundplattenverlaengerungen\\\/#breadcrumb\"},\"inLanguage\":\"lb-LU\",\"potentialAction\":[{\"@type\":\"ReadAction\",\"target\":[\"https:\\\/\\\/bikefit.lu\\\/lb-lu\\\/product\\\/form-mlr618-wahoo-speedplay-grundplattenverlaengerungen\\\/\"]}]},{\"@type\":\"BreadcrumbList\",\"@id\":\"https:\\\/\\\/bikefit.lu\\\/lb-lu\\\/product\\\/form-mlr618-wahoo-speedplay-grundplattenverlaengerungen\\\/#breadcrumb\",\"itemListElement\":[{\"@type\":\"ListItem\",\"position\":1,\"name\":\"Home\",\"item\":\"https:\\\/\\\/bikefit.lu\\\/lb-lu\\\/\"},{\"@type\":\"ListItem\",\"position\":2,\"name\":\"Products\",\"item\":\"https:\\\/\\\/bikefit.lu\\\/lb-lu\\\/shop\\\/\"},{\"@type\":\"ListItem\",\"position\":3,\"name\":\"Form\u00ae MLR618 Wahoo Speedplay Grundplattenverl\u00e4ngerungen\"}]},{\"@type\":\"WebSite\",\"@id\":\"https:\\\/\\\/bikefit.lu\\\/lb-lu\\\/#website\",\"url\":\"https:\\\/\\\/bikefit.lu\\\/lb-lu\\\/\",\"name\":\"bikefit.lu\",\"description\":\"IMPROVING CYCLING\",\"publisher\":{\"@id\":\"https:\\\/\\\/bikefit.lu\\\/lb-lu\\\/#\\\/schema\\\/person\\\/379af1263474d2f8cd1f41c2bd90273d\"},\"potentialAction\":[{\"@type\":\"SearchAction\",\"target\":{\"@type\":\"EntryPoint\",\"urlTemplate\":\"https:\\\/\\\/bikefit.lu\\\/lb-lu\\\/?s={search_term_string}\"},\"query-input\":{\"@type\":\"PropertyValueSpecification\",\"valueRequired\":true,\"valueName\":\"search_term_string\"}}],\"inLanguage\":\"lb-LU\"},{\"@type\":[\"Person\",\"Organization\"],\"@id\":\"https:\\\/\\\/bikefit.lu\\\/lb-lu\\\/#\\\/schema\\\/person\\\/379af1263474d2f8cd1f41c2bd90273d\",\"name\":\"Patrick Guillaume\",\"image\":{\"@type\":\"ImageObject\",\"inLanguage\":\"lb-LU\",\"@id\":\"https:\\\/\\\/bikefit.lu\\\/wp-content\\\/uploads\\\/2024\\\/12\\\/cropped-bikefit-logoURL-RGB-jpg.jpg\",\"url\":\"https:\\\/\\\/bikefit.lu\\\/wp-content\\\/uploads\\\/2024\\\/12\\\/cropped-bikefit-logoURL-RGB-jpg.jpg\",\"contentUrl\":\"https:\\\/\\\/bikefit.lu\\\/wp-content\\\/uploads\\\/2024\\\/12\\\/cropped-bikefit-logoURL-RGB-jpg.jpg\",\"width\":512,\"height\":512,\"caption\":\"Patrick Guillaume\"},\"logo\":{\"@id\":\"https:\\\/\\\/bikefit.lu\\\/wp-content\\\/uploads\\\/2024\\\/12\\\/cropped-bikefit-logoURL-RGB-jpg.jpg\"},\"sameAs\":[\"https:\\\/\\\/bikefit.lu\"],\"honorificPrefix\":\"Mr\",\"birthDate\":\"1966-11-18\",\"gender\":\"male\",\"knowsAbout\":[\"Bike-fitting\"],\"knowsLanguage\":[\"English\",\"French\",\"German\",\"Luxembourgish\"]}]}<\/script>\n<meta property=\"og:availability\" content=\"instock\" \/>\n<meta property=\"product:availability\" content=\"instock\" \/>\n<meta property=\"product:condition\" content=\"new\" \/>\n<!-- \/ Yoast SEO Premium plugin. -->","yoast_head_json":{"title":"Form\u00ae MLR618 Wahoo Speedplay Grundplattenverl\u00e4ngerungen - bikefit.lu","robots":{"index":"index","follow":"follow","max-snippet":"max-snippet:-1","max-image-preview":"max-image-preview:large","max-video-preview":"max-video-preview:-1"},"canonical":"https:\/\/bikefit.lu\/lb-lu\/product\/form-mlr618-wahoo-speedplay-grundplattenverlaengerungen\/","og_locale":"en_US","og_type":"article","og_title":"Form\u00ae MLR618 Wahoo Speedplay Grundplattenverl\u00e4ngerungen","og_description":"Die FORM Wahoo Speedplay-Extenderplatten bieten Fahrern zus\u00e4tzliche Einstellm\u00f6glichkeiten au\u00dferhalb des Bereichs der Standard-Speedplay-Grundplatte. Dazu geh\u00f6ren die Einstellung nach hinten, die mediale Einstellung oder die seitliche Einstellung. Mit drei verschiedenen Plattenoptionen stehen Ihnen zahlreiche Konfigurationen zur Verf\u00fcgung. Die MLR618 ist die vielseitigste Verl\u00e4ngerungsplatte von FORM und bietet im Vergleich zu einer Standard-Speedplay-Basisplatte eine zus\u00e4tzliche Verstellung von bis zu 18 mm nach hinten sowie eine zus\u00e4tzliche mediale oder laterale Verstellung von bis zu 6 mm. Die Platte hat drei L\u00f6cher f\u00fcr die Befestigung der Cleats, eines in der Standardposition, eines in der r\u00fcckw\u00e4rtigen Position und eines in der r\u00fcckw\u00e4rtigen\/medialen\/seitlichen Position. Wenn Sie mit der Fu\u00dfstellung experimentieren wollen, sollten Sie sich diese Verl\u00e4ngerungsplatte besorgen.","og_url":"https:\/\/bikefit.lu\/lb-lu\/product\/form-mlr618-wahoo-speedplay-grundplattenverlaengerungen\/","og_site_name":"bikefit.lu","og_image":[{"width":1181,"height":1181,"url":"https:\/\/bikefit.lu\/wp-content\/uploads\/2023\/12\/bikefit-logoURL-RGBtransp.jpg","type":"image\/jpeg"}],"twitter_card":"summary_large_image","twitter_misc":{"Availability":"In stock"},"schema":{"@context":"https:\/\/schema.org","@graph":[{"@type":"WebPage","@id":"https:\/\/bikefit.lu\/lb-lu\/product\/form-mlr618-wahoo-speedplay-grundplattenverlaengerungen\/","url":"https:\/\/bikefit.lu\/lb-lu\/product\/form-mlr618-wahoo-speedplay-grundplattenverlaengerungen\/","name":"Form\u00ae MLR618 Wahoo Speedplay Grundplattenverl\u00e4ngerungen - bikefit.lu","isPartOf":{"@id":"https:\/\/bikefit.lu\/lb-lu\/#website"},"datePublished":"2022-10-14T09:41:11+00:00","breadcrumb":{"@id":"https:\/\/bikefit.lu\/lb-lu\/product\/form-mlr618-wahoo-speedplay-grundplattenverlaengerungen\/#breadcrumb"},"inLanguage":"lb-LU","potentialAction":[{"@type":"ReadAction","target":["https:\/\/bikefit.lu\/lb-lu\/product\/form-mlr618-wahoo-speedplay-grundplattenverlaengerungen\/"]}]},{"@type":"BreadcrumbList","@id":"https:\/\/bikefit.lu\/lb-lu\/product\/form-mlr618-wahoo-speedplay-grundplattenverlaengerungen\/#breadcrumb","itemListElement":[{"@type":"ListItem","position":1,"name":"Home","item":"https:\/\/bikefit.lu\/lb-lu\/"},{"@type":"ListItem","position":2,"name":"Products","item":"https:\/\/bikefit.lu\/lb-lu\/shop\/"},{"@type":"ListItem","position":3,"name":"Form\u00ae MLR618 Wahoo Speedplay Grundplattenverl\u00e4ngerungen"}]},{"@type":"WebSite","@id":"https:\/\/bikefit.lu\/lb-lu\/#website","url":"https:\/\/bikefit.lu\/lb-lu\/","name":"bikefit.lu","description":"IMPROVING CYCLING","publisher":{"@id":"https:\/\/bikefit.lu\/lb-lu\/#\/schema\/person\/379af1263474d2f8cd1f41c2bd90273d"},"potentialAction":[{"@type":"SearchAction","target":{"@type":"EntryPoint","urlTemplate":"https:\/\/bikefit.lu\/lb-lu\/?s={search_term_string}"},"query-input":{"@type":"PropertyValueSpecification","valueRequired":true,"valueName":"search_term_string"}}],"inLanguage":"lb-LU"},{"@type":["Person","Organization"],"@id":"https:\/\/bikefit.lu\/lb-lu\/#\/schema\/person\/379af1263474d2f8cd1f41c2bd90273d","name":"Patrick Guillaume","image":{"@type":"ImageObject","inLanguage":"lb-LU","@id":"https:\/\/bikefit.lu\/wp-content\/uploads\/2024\/12\/cropped-bikefit-logoURL-RGB-jpg.jpg","url":"https:\/\/bikefit.lu\/wp-content\/uploads\/2024\/12\/cropped-bikefit-logoURL-RGB-jpg.jpg","contentUrl":"https:\/\/bikefit.lu\/wp-content\/uploads\/2024\/12\/cropped-bikefit-logoURL-RGB-jpg.jpg","width":512,"height":512,"caption":"Patrick Guillaume"},"logo":{"@id":"https:\/\/bikefit.lu\/wp-content\/uploads\/2024\/12\/cropped-bikefit-logoURL-RGB-jpg.jpg"},"sameAs":["https:\/\/bikefit.lu"],"honorificPrefix":"Mr","birthDate":"1966-11-18","gender":"male","knowsAbout":["Bike-fitting"],"knowsLanguage":["English","French","German","Luxembourgish"]}]},"og_availability":"instock","product_availability":"instock","product_condition":"new"},"_links":{"self":[{"href":"https:\/\/bikefit.lu\/lb-lu\/wp-json\/wp\/v2\/product\/79334","targetHints":{"allow":["GET"]}}],"collection":[{"href":"https:\/\/bikefit.lu\/lb-lu\/wp-json\/wp\/v2\/product"}],"about":[{"href":"https:\/\/bikefit.lu\/lb-lu\/wp-json\/wp\/v2\/types\/product"}],"replies":[{"embeddable":true,"href":"https:\/\/bikefit.lu\/lb-lu\/wp-json\/wp\/v2\/comments?post=79334"}],"version-history":[{"count":0,"href":"https:\/\/bikefit.lu\/lb-lu\/wp-json\/wp\/v2\/product\/79334\/revisions"}],"wp:attachment":[{"href":"https:\/\/bikefit.lu\/lb-lu\/wp-json\/wp\/v2\/media?parent=79334"}],"wp:term":[{"taxonomy":"product_brand","embeddable":true,"href":"https:\/\/bikefit.lu\/lb-lu\/wp-json\/wp\/v2\/product_brand?post=79334"},{"taxonomy":"product_cat","embeddable":true,"href":"https:\/\/bikefit.lu\/lb-lu\/wp-json\/wp\/v2\/product_cat?post=79334"},{"taxonomy":"product_tag","embeddable":true,"href":"https:\/\/bikefit.lu\/lb-lu\/wp-json\/wp\/v2\/product_tag?post=79334"}],"curies":[{"name":"wp","href":"https:\/\/api.w.org\/{rel}","templated":true}]}}