{"id":79446,"date":"2022-06-19T14:06:54","date_gmt":"2022-06-19T14:06:54","guid":{"rendered":"https:\/\/staging.bikefit.lu\/shop\/uncategorized\/currex-bikepro-einlagen\/"},"modified":"2025-07-06T11:47:37","modified_gmt":"2025-07-06T09:47:37","slug":"currex-bikepro-einlagen","status":"publish","type":"product","link":"https:\/\/bikefit.lu\/lb-lu\/product\/currex-bikepro-einlagen\/","title":{"rendered":"Currex\u00ae BikePro\u2122 Einlagen"},"content":{"rendered":"<p style=\"text-align: center;\">VERWENDUNG\/AKTIVIT\u00c9ITEN<\/p>\n<div id=\"Product-content-b92077f1-313d-4465-a0fb-b28f9380cf1f1907728580698\" class=\"collapsible-content collapsible-content--all is-open\">\n<div class=\"collapsible-content__inner rte\">\n<div class=\"metafield-rich_text_field\">\n<p>CURREX <strong>BIKEPRO<\/strong> Einlagen hunn eng extra schlank an d\u00ebnn Pasform d\u00e9i ideal ass fir Freestyle Schong, Motorrad-Stiwwelen a V\u00eblosschong. Benotzt se fir optimal Kraaftiwwerdroung um V\u00eblo an Aktivit\u00e9ite w\u00e9i: <\/p>\n<ul>\n<li>Stroossev\u00eblo<\/li>\n<li>Station\u00e4re V\u00eblo<\/li>\n<li>Triathlon<\/li>\n<li>Offroad<\/li>\n<li>MotoGP \/ Motorrad<\/li>\n<\/ul>\n<\/div>\n<\/div>\n<\/div>\n","protected":false},"excerpt":{"rendered":"<p>CURREX\u00ae <strong>BIKEPRO<\/strong> \u2122 Einlage sinn entw\u00e9ckelt gi fir m\u00e9i Kraaft op de Pedal z&#8217;iwwerdroen. D\u00ebs V\u00ebloseinlagen stabilis\u00e9ieren d&#8217;Kn\u00e9ibewegung, verbesseren d&#8217;Muskeleffizienz, verh\u00ebnneren datt d&#8217;Z\u00e9iwen aschlofen an elimin\u00e9ieren Drockpunkten an Hotspots. Si bidden och eng besser Loftzirkulatioun an halen \u00c4r F\u00e9iss bequem op laangen, waarme Sortien. Erlieft m\u00e9i Stabilit\u00e9it, eng perfekt Passform a richtege Confort bei all Pedall\u00ebmdr\u00e9iung, all Gangwiessel an all Steigung mat CURREX <strong>BIKEPRO<\/strong>, d&#8217;V\u00ebloseinlagen entw\u00e9ckelt fir Iech am Suedel ze halen.   <\/p>\n<p>D&#8217;CURREX <strong>BIKEPRO<\/strong> Einlage sinn an dr\u00e4i dynamesche Profiler verf\u00fcgbar fir individuell Upassung an \u00c4re Schong: <strong>LOW<\/strong>, <strong>MEDIUM<\/strong> an <strong>HIGH<\/strong>. D&#8217;Form vun \u00c4re F\u00e9iss a Bee best\u00ebmmt w\u00e9i ee Profil Iech am Beschten passt.  <\/p>\n<div id=\"Product-content-aad6d592-e4fa-4428-a203-07c9cda78fd11907728580698\" class=\"collapsible-content collapsible-content--all is-open\">\n<div class=\"collapsible-content__inner rte\">\n<div class=\"metafield-rich_text_field\">\n<p>Braucht Dir H\u00ebllef fir \u00c4ren Einlagen-Typ ze fannen? Benotzt den <a href=\"https:\/\/currex.us\/pages\/insole-finder\">CURREX Insole Finder<\/a> fir d\u00e9i bescht V\u00ebloseinlage fir \u00c4re Sport ze fannen. <\/p>\n<\/div>\n<\/div>\n<\/div>\n","protected":false},"featured_media":88835,"comment_status":"closed","ping_status":"closed","template":"","meta":[],"product_brand":[],"product_cat":[4832],"product_tag":[4967,5025,5076,5111,5126,5181,5180,5195],"class_list":{"0":"post-79446","1":"product","2":"type-product","3":"status-publish","4":"has-post-thumbnail","6":"product_cat-foot-pedal-interface-lb-lu","7":"product_tag-bikepro-lb-lu","8":"product_tag-currex-lb-lu","9":"product_tag-insoles-lb-lu","10":"product_tag-offroad-lb-lu","11":"product_tag-road-lb-lu","12":"product_tag-triathlon-lb-lu","13":"product_tag-ultra-cycling-lb-lu","14":"product_tag-zaitfueren","15":"product_shipping_class-large-items-lb-lu","16":"pa_profile-high-lb-lu","17":"pa_profile-low-lb-lu","18":"pa_profile-med-lb-lu","19":"pa_size-34-5-36-5-lb-lu","20":"pa_size-37-39-lb-lu-2","21":"pa_size-39-5-41-5-lb-lu","22":"pa_size-42-44-lb-lu","23":"pa_size-44-5-46-5-lb-lu","24":"pa_size-47-49-lb-lu","26":"first","27":"instock","28":"taxable","29":"shipping-taxable","30":"purchasable","31":"product-type-variable"},"group_of_quantity":0,"min_quantity":0,"max_quantity":"","exclude_order_quantity_value_rules":"no","exclude_category_quantity_rules":"no","combine_variations":"no","yoast_head":"<!-- This site is optimized with the Yoast SEO Premium plugin v27.4 (Yoast SEO v27.4) - https:\/\/yoast.com\/product\/yoast-seo-premium-wordpress\/ -->\n<title>Currex\u00ae BikePro\u2122 Einlagen - bikefit.lu<\/title>\n<meta name=\"robots\" content=\"index, follow, max-snippet:-1, max-image-preview:large, max-video-preview:-1\" \/>\n<link rel=\"canonical\" href=\"https:\/\/bikefit.lu\/lb-lu\/product\/currex-bikepro-einlagen\/\" \/>\n<meta property=\"og:locale\" content=\"en_US\" \/>\n<meta property=\"og:type\" content=\"article\" \/>\n<meta property=\"og:title\" content=\"Currex\u00ae BikePro\u2122 Einlagen\" \/>\n<meta property=\"og:description\" content=\"CURREX\u00ae BIKEPRO \u2122 Einlage sinn entw\u00e9ckelt gi fir m\u00e9i Kraaft op de Pedal z&#039;iwwerdroen. D\u00ebs V\u00ebloseinlagen stabilis\u00e9ieren d&#039;Kn\u00e9ibewegung, verbesseren d&#039;Muskeleffizienz, verh\u00ebnneren datt d&#039;Z\u00e9iwen aschlofen an elimin\u00e9ieren Drockpunkten an Hotspots. Si bidden och eng besser Loftzirkulatioun an halen \u00c4r F\u00e9iss bequem op laangen, waarme Sortien. Erlieft m\u00e9i Stabilit\u00e9it, eng perfekt Passform a richtege Confort bei all Pedall\u00ebmdr\u00e9iung, all Gangwiessel an all Steigung mat CURREX BIKEPRO, d&#039;V\u00ebloseinlagen entw\u00e9ckelt fir Iech am Suedel ze halen.   D&#039;CURREX BIKEPRO Einlage sinn an dr\u00e4i dynamesche Profiler verf\u00fcgbar fir individuell Upassung an \u00c4re Schong: LOW, MEDIUM an HIGH. D&#039;Form vun \u00c4re F\u00e9iss a Bee best\u00ebmmt w\u00e9i ee Profil Iech am Beschten passt.    Braucht Dir H\u00ebllef fir \u00c4ren Einlagen-Typ ze fannen? Benotzt den CURREX Insole Finder fir d\u00e9i bescht V\u00ebloseinlage fir \u00c4re Sport ze fannen.\" \/>\n<meta property=\"og:url\" content=\"https:\/\/bikefit.lu\/lb-lu\/product\/currex-bikepro-einlagen\/\" \/>\n<meta property=\"og:site_name\" content=\"bikefit.lu\" \/>\n<meta property=\"article:modified_time\" content=\"2025-07-06T09:47:37+00:00\" \/>\n<meta property=\"og:image\" content=\"https:\/\/bikefit.lu\/wp-content\/uploads\/2022\/06\/Currex-BikePro.jpg\" \/>\n\t<meta property=\"og:image:width\" content=\"500\" \/>\n\t<meta property=\"og:image:height\" content=\"494\" \/>\n\t<meta property=\"og:image:type\" content=\"image\/jpeg\" \/>\n<meta name=\"twitter:card\" content=\"summary_large_image\" \/>\n<meta name=\"twitter:label1\" content=\"Availability\" \/>\n\t<meta name=\"twitter:data1\" content=\"In stock\" \/>\n<script type=\"application\/ld+json\" class=\"yoast-schema-graph\">{\"@context\":\"https:\\\/\\\/schema.org\",\"@graph\":[{\"@type\":\"WebPage\",\"@id\":\"https:\\\/\\\/bikefit.lu\\\/lb-lu\\\/product\\\/currex-bikepro-einlagen\\\/\",\"url\":\"https:\\\/\\\/bikefit.lu\\\/lb-lu\\\/product\\\/currex-bikepro-einlagen\\\/\",\"name\":\"Currex\u00ae BikePro\u2122 Einlagen - bikefit.lu\",\"isPartOf\":{\"@id\":\"https:\\\/\\\/bikefit.lu\\\/lb-lu\\\/#website\"},\"primaryImageOfPage\":{\"@id\":\"https:\\\/\\\/bikefit.lu\\\/lb-lu\\\/product\\\/currex-bikepro-einlagen\\\/#primaryimage\"},\"image\":{\"@id\":\"https:\\\/\\\/bikefit.lu\\\/lb-lu\\\/product\\\/currex-bikepro-einlagen\\\/#primaryimage\"},\"thumbnailUrl\":\"https:\\\/\\\/bikefit.lu\\\/wp-content\\\/uploads\\\/2022\\\/06\\\/Currex-BikePro.jpg\",\"datePublished\":\"2022-06-19T14:06:54+00:00\",\"dateModified\":\"2025-07-06T09:47:37+00:00\",\"breadcrumb\":{\"@id\":\"https:\\\/\\\/bikefit.lu\\\/lb-lu\\\/product\\\/currex-bikepro-einlagen\\\/#breadcrumb\"},\"inLanguage\":\"lb-LU\",\"potentialAction\":[{\"@type\":\"ReadAction\",\"target\":[\"https:\\\/\\\/bikefit.lu\\\/lb-lu\\\/product\\\/currex-bikepro-einlagen\\\/\"]}]},{\"@type\":\"ImageObject\",\"inLanguage\":\"lb-LU\",\"@id\":\"https:\\\/\\\/bikefit.lu\\\/lb-lu\\\/product\\\/currex-bikepro-einlagen\\\/#primaryimage\",\"url\":\"https:\\\/\\\/bikefit.lu\\\/wp-content\\\/uploads\\\/2022\\\/06\\\/Currex-BikePro.jpg\",\"contentUrl\":\"https:\\\/\\\/bikefit.lu\\\/wp-content\\\/uploads\\\/2022\\\/06\\\/Currex-BikePro.jpg\",\"width\":500,\"height\":494},{\"@type\":\"BreadcrumbList\",\"@id\":\"https:\\\/\\\/bikefit.lu\\\/lb-lu\\\/product\\\/currex-bikepro-einlagen\\\/#breadcrumb\",\"itemListElement\":[{\"@type\":\"ListItem\",\"position\":1,\"name\":\"Home\",\"item\":\"https:\\\/\\\/bikefit.lu\\\/lb-lu\\\/\"},{\"@type\":\"ListItem\",\"position\":2,\"name\":\"Shop\",\"item\":\"https:\\\/\\\/bikefit.lu\\\/lb-lu\\\/shop\\\/\"},{\"@type\":\"ListItem\",\"position\":3,\"name\":\"Currex\u00ae BikePro\u2122 Einlagen\"}]},{\"@type\":\"WebSite\",\"@id\":\"https:\\\/\\\/bikefit.lu\\\/lb-lu\\\/#website\",\"url\":\"https:\\\/\\\/bikefit.lu\\\/lb-lu\\\/\",\"name\":\"bikefit.lu\",\"description\":\"IMPROVING CYCLING\",\"publisher\":{\"@id\":\"https:\\\/\\\/bikefit.lu\\\/lb-lu\\\/#\\\/schema\\\/person\\\/379af1263474d2f8cd1f41c2bd90273d\"},\"potentialAction\":[{\"@type\":\"SearchAction\",\"target\":{\"@type\":\"EntryPoint\",\"urlTemplate\":\"https:\\\/\\\/bikefit.lu\\\/lb-lu\\\/?s={search_term_string}\"},\"query-input\":{\"@type\":\"PropertyValueSpecification\",\"valueRequired\":true,\"valueName\":\"search_term_string\"}}],\"inLanguage\":\"lb-LU\"},{\"@type\":[\"Person\",\"Organization\"],\"@id\":\"https:\\\/\\\/bikefit.lu\\\/lb-lu\\\/#\\\/schema\\\/person\\\/379af1263474d2f8cd1f41c2bd90273d\",\"name\":\"Patrick Guillaume\",\"image\":{\"@type\":\"ImageObject\",\"inLanguage\":\"lb-LU\",\"@id\":\"https:\\\/\\\/bikefit.lu\\\/wp-content\\\/uploads\\\/2024\\\/12\\\/cropped-bikefit-logoURL-RGB-jpg.jpg\",\"url\":\"https:\\\/\\\/bikefit.lu\\\/wp-content\\\/uploads\\\/2024\\\/12\\\/cropped-bikefit-logoURL-RGB-jpg.jpg\",\"contentUrl\":\"https:\\\/\\\/bikefit.lu\\\/wp-content\\\/uploads\\\/2024\\\/12\\\/cropped-bikefit-logoURL-RGB-jpg.jpg\",\"width\":512,\"height\":512,\"caption\":\"Patrick Guillaume\"},\"logo\":{\"@id\":\"https:\\\/\\\/bikefit.lu\\\/wp-content\\\/uploads\\\/2024\\\/12\\\/cropped-bikefit-logoURL-RGB-jpg.jpg\"},\"sameAs\":[\"https:\\\/\\\/bikefit.lu\"],\"honorificPrefix\":\"Mr\",\"birthDate\":\"1966-11-18\",\"gender\":\"male\",\"knowsAbout\":[\"Bike-fitting\"],\"knowsLanguage\":[\"English\",\"French\",\"German\",\"Luxembourgish\"]}]}<\/script>\n<meta property=\"og:availability\" content=\"instock\" \/>\n<meta property=\"product:availability\" content=\"instock\" \/>\n<meta property=\"product:condition\" content=\"new\" \/>\n<!-- \/ Yoast SEO Premium plugin. -->","yoast_head_json":{"title":"Currex\u00ae BikePro\u2122 Einlagen - bikefit.lu","robots":{"index":"index","follow":"follow","max-snippet":"max-snippet:-1","max-image-preview":"max-image-preview:large","max-video-preview":"max-video-preview:-1"},"canonical":"https:\/\/bikefit.lu\/lb-lu\/product\/currex-bikepro-einlagen\/","og_locale":"en_US","og_type":"article","og_title":"Currex\u00ae BikePro\u2122 Einlagen","og_description":"CURREX\u00ae BIKEPRO \u2122 Einlage sinn entw\u00e9ckelt gi fir m\u00e9i Kraaft op de Pedal z'iwwerdroen. D\u00ebs V\u00ebloseinlagen stabilis\u00e9ieren d'Kn\u00e9ibewegung, verbesseren d'Muskeleffizienz, verh\u00ebnneren datt d'Z\u00e9iwen aschlofen an elimin\u00e9ieren Drockpunkten an Hotspots. Si bidden och eng besser Loftzirkulatioun an halen \u00c4r F\u00e9iss bequem op laangen, waarme Sortien. Erlieft m\u00e9i Stabilit\u00e9it, eng perfekt Passform a richtege Confort bei all Pedall\u00ebmdr\u00e9iung, all Gangwiessel an all Steigung mat CURREX BIKEPRO, d'V\u00ebloseinlagen entw\u00e9ckelt fir Iech am Suedel ze halen.   D'CURREX BIKEPRO Einlage sinn an dr\u00e4i dynamesche Profiler verf\u00fcgbar fir individuell Upassung an \u00c4re Schong: LOW, MEDIUM an HIGH. D'Form vun \u00c4re F\u00e9iss a Bee best\u00ebmmt w\u00e9i ee Profil Iech am Beschten passt.    Braucht Dir H\u00ebllef fir \u00c4ren Einlagen-Typ ze fannen? Benotzt den CURREX Insole Finder fir d\u00e9i bescht V\u00ebloseinlage fir \u00c4re Sport ze fannen.","og_url":"https:\/\/bikefit.lu\/lb-lu\/product\/currex-bikepro-einlagen\/","og_site_name":"bikefit.lu","article_modified_time":"2025-07-06T09:47:37+00:00","og_image":[{"width":500,"height":494,"url":"https:\/\/bikefit.lu\/wp-content\/uploads\/2022\/06\/Currex-BikePro.jpg","type":"image\/jpeg"}],"twitter_card":"summary_large_image","twitter_misc":{"Availability":"In stock"},"schema":{"@context":"https:\/\/schema.org","@graph":[{"@type":"WebPage","@id":"https:\/\/bikefit.lu\/lb-lu\/product\/currex-bikepro-einlagen\/","url":"https:\/\/bikefit.lu\/lb-lu\/product\/currex-bikepro-einlagen\/","name":"Currex\u00ae BikePro\u2122 Einlagen - bikefit.lu","isPartOf":{"@id":"https:\/\/bikefit.lu\/lb-lu\/#website"},"primaryImageOfPage":{"@id":"https:\/\/bikefit.lu\/lb-lu\/product\/currex-bikepro-einlagen\/#primaryimage"},"image":{"@id":"https:\/\/bikefit.lu\/lb-lu\/product\/currex-bikepro-einlagen\/#primaryimage"},"thumbnailUrl":"https:\/\/bikefit.lu\/wp-content\/uploads\/2022\/06\/Currex-BikePro.jpg","datePublished":"2022-06-19T14:06:54+00:00","dateModified":"2025-07-06T09:47:37+00:00","breadcrumb":{"@id":"https:\/\/bikefit.lu\/lb-lu\/product\/currex-bikepro-einlagen\/#breadcrumb"},"inLanguage":"lb-LU","potentialAction":[{"@type":"ReadAction","target":["https:\/\/bikefit.lu\/lb-lu\/product\/currex-bikepro-einlagen\/"]}]},{"@type":"ImageObject","inLanguage":"lb-LU","@id":"https:\/\/bikefit.lu\/lb-lu\/product\/currex-bikepro-einlagen\/#primaryimage","url":"https:\/\/bikefit.lu\/wp-content\/uploads\/2022\/06\/Currex-BikePro.jpg","contentUrl":"https:\/\/bikefit.lu\/wp-content\/uploads\/2022\/06\/Currex-BikePro.jpg","width":500,"height":494},{"@type":"BreadcrumbList","@id":"https:\/\/bikefit.lu\/lb-lu\/product\/currex-bikepro-einlagen\/#breadcrumb","itemListElement":[{"@type":"ListItem","position":1,"name":"Home","item":"https:\/\/bikefit.lu\/lb-lu\/"},{"@type":"ListItem","position":2,"name":"Shop","item":"https:\/\/bikefit.lu\/lb-lu\/shop\/"},{"@type":"ListItem","position":3,"name":"Currex\u00ae BikePro\u2122 Einlagen"}]},{"@type":"WebSite","@id":"https:\/\/bikefit.lu\/lb-lu\/#website","url":"https:\/\/bikefit.lu\/lb-lu\/","name":"bikefit.lu","description":"IMPROVING CYCLING","publisher":{"@id":"https:\/\/bikefit.lu\/lb-lu\/#\/schema\/person\/379af1263474d2f8cd1f41c2bd90273d"},"potentialAction":[{"@type":"SearchAction","target":{"@type":"EntryPoint","urlTemplate":"https:\/\/bikefit.lu\/lb-lu\/?s={search_term_string}"},"query-input":{"@type":"PropertyValueSpecification","valueRequired":true,"valueName":"search_term_string"}}],"inLanguage":"lb-LU"},{"@type":["Person","Organization"],"@id":"https:\/\/bikefit.lu\/lb-lu\/#\/schema\/person\/379af1263474d2f8cd1f41c2bd90273d","name":"Patrick Guillaume","image":{"@type":"ImageObject","inLanguage":"lb-LU","@id":"https:\/\/bikefit.lu\/wp-content\/uploads\/2024\/12\/cropped-bikefit-logoURL-RGB-jpg.jpg","url":"https:\/\/bikefit.lu\/wp-content\/uploads\/2024\/12\/cropped-bikefit-logoURL-RGB-jpg.jpg","contentUrl":"https:\/\/bikefit.lu\/wp-content\/uploads\/2024\/12\/cropped-bikefit-logoURL-RGB-jpg.jpg","width":512,"height":512,"caption":"Patrick Guillaume"},"logo":{"@id":"https:\/\/bikefit.lu\/wp-content\/uploads\/2024\/12\/cropped-bikefit-logoURL-RGB-jpg.jpg"},"sameAs":["https:\/\/bikefit.lu"],"honorificPrefix":"Mr","birthDate":"1966-11-18","gender":"male","knowsAbout":["Bike-fitting"],"knowsLanguage":["English","French","German","Luxembourgish"]}]},"og_availability":"instock","product_availability":"instock","product_condition":"new"},"_links":{"self":[{"href":"https:\/\/bikefit.lu\/lb-lu\/wp-json\/wp\/v2\/product\/79446","targetHints":{"allow":["GET"]}}],"collection":[{"href":"https:\/\/bikefit.lu\/lb-lu\/wp-json\/wp\/v2\/product"}],"about":[{"href":"https:\/\/bikefit.lu\/lb-lu\/wp-json\/wp\/v2\/types\/product"}],"replies":[{"embeddable":true,"href":"https:\/\/bikefit.lu\/lb-lu\/wp-json\/wp\/v2\/comments?post=79446"}],"version-history":[{"count":0,"href":"https:\/\/bikefit.lu\/lb-lu\/wp-json\/wp\/v2\/product\/79446\/revisions"}],"wp:featuredmedia":[{"embeddable":true,"href":"https:\/\/bikefit.lu\/lb-lu\/wp-json\/wp\/v2\/media\/88835"}],"wp:attachment":[{"href":"https:\/\/bikefit.lu\/lb-lu\/wp-json\/wp\/v2\/media?parent=79446"}],"wp:term":[{"taxonomy":"product_brand","embeddable":true,"href":"https:\/\/bikefit.lu\/lb-lu\/wp-json\/wp\/v2\/product_brand?post=79446"},{"taxonomy":"product_cat","embeddable":true,"href":"https:\/\/bikefit.lu\/lb-lu\/wp-json\/wp\/v2\/product_cat?post=79446"},{"taxonomy":"product_tag","embeddable":true,"href":"https:\/\/bikefit.lu\/lb-lu\/wp-json\/wp\/v2\/product_tag?post=79446"}],"curies":[{"name":"wp","href":"https:\/\/api.w.org\/{rel}","templated":true}]}}