{"id":79476,"date":"2022-04-09T14:31:52","date_gmt":"2022-04-09T14:31:52","guid":{"rendered":"https:\/\/staging.bikefit.lu\/shop\/uncategorized\/wahoo-speedplay-zero-pedallen\/"},"modified":"2025-04-22T12:20:53","modified_gmt":"2025-04-22T10:20:53","slug":"wahoo-speedplay-zero-pedallen","status":"publish","type":"product","link":"https:\/\/bikefit.lu\/lb-lu\/product\/wahoo-speedplay-zero-pedallen\/","title":{"rendered":"Wahoo Speedplay Zero Pedallen"},"content":{"rendered":"<div id=\"v-cXM4lTCN-1\" class=\"video-player\"><iframe title='VideoPress Video Player' aria-label='VideoPress Video Player' width='1200' height='674' src='https:\/\/videopress.com\/embed\/cXM4lTCN?hd=1&amp;cover=1&amp;loop=0&amp;autoPlay=0&amp;permalink=1&amp;muted=0&amp;controls=1&amp;playsinline=0&amp;useAverageColor=0&amp;preloadContent=metadata' frameborder='0' allowfullscreen data-resize-to-parent=\"true\" allow='clipboard-write'><\/iframe><script src='https:\/\/s0.wp.com\/wp-content\/plugins\/video\/assets\/js\/next\/videopress-iframe.js'><\/script><\/div>\n<h3>Produkteegeschaften<\/h3>\n<ul>\n<li><strong>Asazber\u00e4ich<\/strong>: Stroossev\u00eblo<\/li>\n<li><strong>K\u00e9ierefr\u00e4iheet: <\/strong> 37 Grad<\/li>\n<li><strong>Achsl\u00e4ngt<\/strong>: 53mm standard; och erh\u00e4ltlech an de L\u00e4ngte 56 mm, 59 mm a 65 mm k\u00ebnne hei bestallt ginn<\/li>\n<li><strong>Schongkompatibilit\u00e9it<\/strong>: Passen op all Schong mat 3- oder 4-Lach Befestegung<\/li>\n<li><strong>Kompatibilit\u00e9it Kallen<\/strong>: Standard oder Easy Tension an och nach Speedplay Zero V1 a V2<\/li>\n<li><strong>Beweegungsfr\u00e4iheet ageklickt<\/strong>: 0-15\u00b0<\/li>\n<li><strong>Kallespannung: <\/strong>Standard<\/li>\n<li><strong>Lager:<\/strong>\n<ul>\n<li>3-fach gedicht Patroun<\/li>\n<li>Nolelager<\/li>\n<\/ul>\n<\/li>\n<\/ul>\n<h3>Material<\/h3>\n<ul>\n<li><strong>Achs<\/strong>: Inox<\/li>\n<li><strong>Pedallkierper<\/strong>: Grivory<\/li>\n<\/ul>\n<h3>Faarf<\/h3>\n<ul>\n<li>schwaarz<\/li>\n<\/ul>\n<h3>Gewiicht<\/h3>\n<ul>\n<li>222g (L\u00e4ut Fabrikant)<\/li>\n<\/ul>\n<hr>\n<h3>An der Verpackung<\/h3>\n<ul>\n<li>1 Puer Wahoo Speedplay Zero Inox Pedallen<\/li>\n<li>1 Puer Wahoo Speedplay Kalle mat Standard Spannung<\/li>\n<\/ul>\n","protected":false},"excerpt":{"rendered":"<div class=\"product-details-title\">\n<h2><strong>Entw\u00e9ckelt fir all Ustrengung.<\/strong><\/h2>\n<\/div>\n<div class=\"product-details-content\">\n<p>D\u2019SPEEDPLAY ZERO Stroossepedalle k\u00ebnne mat allem ophuelen. Si sinn eenzegaarteg qualifiz\u00e9iert fir d\u2019Ufuerderunge vun allem; vum Cours\u00eb bis epeschen Evenementer. Wahoo hire Speedplay Zero Inox Pedallsystem ass den \u00e9ischte wierklech aerodynamesche Pedallsystem fir Stroossefuerer. Mat b\u00e9ids\u00e4iteger Aklickm\u00e9iglechkeet, d\u00e9i individuell verstellbar lateral Bewegungsfr\u00e4iheet a Rotatiounsfr\u00e4iheet, an integr\u00e9ierte Kallen, bitt d\u00ebse System Zouverl\u00e4ssegkeet a Leeschtung op all Niveau. Dee verstellbaren duebels\u00e4itege Pedallsystem l\u00e9isst Iech mat Vertrauen a Confort pedall\u00e9ieren.  <\/p>\n<\/div>\n<h2><strong>Highlights &#8211; Wahoo<\/strong> <strong>Speedplay Zero Inox Pedallen<\/strong><\/h2>\n<ul>\n<li><strong>B\u00e9ids\u00e4itegt Aklicken<\/strong>: Den innovative Mechanismus bitt d\u00e9i s\u00e9cherst a stabilst Plattform um Maart, so datt mat Vertraue pedall\u00e9iert ka ginn.<\/li>\n<li><strong>Beweegungsfr\u00e4iheet<\/strong>: D\u00e9i eenzeg Pedall, bei d\u00e4er een onofh\u00e4ngeg d\u2019Positioun vu vir no hannen a vu l\u00e9nks no riets rechts esou w\u00e9i d\u2019Beweegungsfr\u00e4iheet astelle kann, fir esou d\u2019Leeschtung duerch besser Biomechanik z\u2019optimis\u00e9ieren.<\/li>\n<li><strong>Verbessert Laafeegenschaften<\/strong> : Eng flaach Kall mat gumm\u00e9ierter Uewerfl\u00e4ch bitt eng besser Basis fir vertrauensvollt Tr\u00ebppelen.<\/li>\n<li><strong>Optimal K\u00e9ierefr\u00e4iheet<\/strong>: Pedall\u00e9ieren ouni Angscht duerch K\u00e9ieren, verl\u00e9iert keng Vitesse a loosst d\u00e9i aner hannert Iech.<\/li>\n<li><strong>Einfach ze fleegen<\/strong>: All Speedplay Pedallen hunn ofgedicht Lager an eng verbessert Haltbarkeet mat verst\u00e4erkte Kontaktpunkten. Dir w\u00e4ert elo a kuerzer Z\u00e4it manner Z\u00e4it domat verbr\u00e9nge mussen, \u00c4r Pedallen ze fleegen a m\u00e9i domat, ze fueren. <\/li>\n<li><strong>Personalis\u00e9iert \u00c4r Kalle<\/strong>n: Wielt entweder Standard- oder Easy Tension Kallen, fir d\u2019An- an \u00c4usklicken \u00c4re Besoin\u2019en unzepassen. B\u00e9id Kallen si mat alle Pedalle kompatibel. D\u00e9i zwou Pedall-Variante si mat alle Speedplay Pedalle kompatibel<\/li>\n<\/ul>\n<h3><\/h3>\n<h3>Eegeschaften<strong><br \/>\n<\/strong><\/h3>\n<ul>\n<li>B\u00e9ids\u00e4itegt Aklicken fir eng fest Verbindung<\/li>\n<li>Ger\u00e9ng Bauh\u00e9ischt fir optimal K\u00e9ierefr\u00e4iheet<\/li>\n<li>Individuell Upassung a Beweegungsfr\u00e4iheet fir optimal Biomechanik<\/li>\n<li>Ganz gutt Laafeegenschaften mat minimalem Verschl\u00e4iss vun de Kallen<\/li>\n<li>Ofgedicht Lager fir ger\u00e9nge Fleegenopwand<\/li>\n<li>Optimiert Pedallkierper fir m\u00e9i liicht An- an \u00c4usklicken<\/li>\n<li>Ger\u00e9ngt Gewiicht<\/li>\n<\/ul>\n","protected":false},"featured_media":88525,"comment_status":"closed","ping_status":"closed","template":"","meta":[],"product_brand":[],"product_cat":[4832,4787],"product_tag":[5132,5126,5181,5180,5177,5195,5202],"class_list":{"0":"post-79476","1":"product","2":"type-product","3":"status-publish","4":"has-post-thumbnail","6":"product_cat-foot-pedal-interface-lb-lu","7":"product_cat-road-lb-lu","8":"product_tag-pedallen","9":"product_tag-road-lb-lu","10":"product_tag-triathlon-lb-lu","11":"product_tag-ultra-cycling-lb-lu","12":"product_tag-wahoo-speedplay-lb-lu","13":"product_tag-zaitfueren","14":"product_tag-zero-lb-lu","15":"product_shipping_class-large-items-lb-lu","17":"first","18":"instock","19":"taxable","20":"shipping-taxable","21":"purchasable","22":"product-type-variable"},"yoast_head":"<!-- This site is optimized with the Yoast SEO Premium plugin v27.3 (Yoast SEO v27.3) - https:\/\/yoast.com\/product\/yoast-seo-premium-wordpress\/ -->\n<title>Wahoo Speedplay Zero Pedallen - bikefit.lu<\/title>\n<meta name=\"robots\" content=\"index, follow, max-snippet:-1, max-image-preview:large, max-video-preview:-1\" \/>\n<link rel=\"canonical\" href=\"https:\/\/bikefit.lu\/lb-lu\/product\/wahoo-speedplay-zero-pedallen\/\" \/>\n<meta property=\"og:locale\" content=\"en_US\" \/>\n<meta property=\"og:type\" content=\"article\" \/>\n<meta property=\"og:title\" content=\"Wahoo Speedplay Zero Pedallen\" \/>\n<meta property=\"og:description\" content=\"Entw\u00e9ckelt fir all Ustrengung.  D\u2019SPEEDPLAY ZERO Stroossepedalle k\u00ebnne mat allem ophuelen. Si sinn eenzegaarteg qualifiz\u00e9iert fir d\u2019Ufuerderunge vun allem; vum Cours\u00eb bis epeschen Evenementer. Wahoo hire Speedplay Zero Inox Pedallsystem ass den \u00e9ischte wierklech aerodynamesche Pedallsystem fir Stroossefuerer. Mat b\u00e9ids\u00e4iteger Aklickm\u00e9iglechkeet, d\u00e9i individuell verstellbar lateral Bewegungsfr\u00e4iheet a Rotatiounsfr\u00e4iheet, an integr\u00e9ierte Kallen, bitt d\u00ebse System Zouverl\u00e4ssegkeet a Leeschtung op all Niveau. Dee verstellbaren duebels\u00e4itege Pedallsystem l\u00e9isst Iech mat Vertrauen a Confort pedall\u00e9ieren.   Highlights - Wahoo Speedplay Zero Inox Pedallen  B\u00e9ids\u00e4itegt Aklicken: Den innovative Mechanismus bitt d\u00e9i s\u00e9cherst a stabilst Plattform um Maart, so datt mat Vertraue pedall\u00e9iert ka ginn.  Beweegungsfr\u00e4iheet: D\u00e9i eenzeg Pedall, bei d\u00e4er een onofh\u00e4ngeg d\u2019Positioun vu vir no hannen a vu l\u00e9nks no riets rechts esou w\u00e9i d\u2019Beweegungsfr\u00e4iheet astelle kann, fir esou d\u2019Leeschtung duerch besser Biomechanik z\u2019optimis\u00e9ieren.  Verbessert Laafeegenschaften : Eng flaach Kall mat gumm\u00e9ierter Uewerfl\u00e4ch bitt eng besser Basis fir vertrauensvollt Tr\u00ebppelen.  Optimal K\u00e9ierefr\u00e4iheet: Pedall\u00e9ieren ouni Angscht duerch K\u00e9ieren, verl\u00e9iert keng Vitesse a loosst d\u00e9i aner hannert Iech.  Einfach ze fleegen: All Speedplay Pedallen hunn ofgedicht Lager an eng verbessert Haltbarkeet mat verst\u00e4erkte Kontaktpunkten. Dir w\u00e4ert elo a kuerzer Z\u00e4it manner Z\u00e4it domat verbr\u00e9nge mussen, \u00c4r Pedallen ze fleegen a m\u00e9i domat, ze fueren.  Personalis\u00e9iert \u00c4r Kallen: Wielt entweder Standard- oder Easy Tension Kallen, fir d\u2019An- an \u00c4usklicken \u00c4re Besoin\u2019en unzepassen. B\u00e9id Kallen si mat alle Pedalle kompatibel. D\u00e9i zwou Pedall-Variante si mat alle Speedplay Pedalle kompatibel  Eegeschaften   B\u00e9ids\u00e4itegt Aklicken fir eng fest Verbindung  Ger\u00e9ng Bauh\u00e9ischt fir optimal K\u00e9ierefr\u00e4iheet  Individuell Upassung a Beweegungsfr\u00e4iheet fir optimal Biomechanik  Ganz gutt Laafeegenschaften mat minimalem Verschl\u00e4iss vun de Kallen  Ofgedicht Lager fir ger\u00e9nge Fleegenopwand  Optimiert Pedallkierper fir m\u00e9i liicht An- an \u00c4usklicken  Ger\u00e9ngt Gewiicht\" \/>\n<meta property=\"og:url\" content=\"https:\/\/bikefit.lu\/lb-lu\/product\/wahoo-speedplay-zero-pedallen\/\" \/>\n<meta property=\"og:site_name\" content=\"bikefit.lu\" \/>\n<meta property=\"article:modified_time\" content=\"2025-04-22T10:20:53+00:00\" \/>\n<meta property=\"og:image\" content=\"https:\/\/bikefit.lu\/wp-content\/uploads\/2024\/12\/speedplay_zero_2.webp\" \/>\n\t<meta property=\"og:image:width\" content=\"615\" \/>\n\t<meta property=\"og:image:height\" content=\"615\" \/>\n\t<meta property=\"og:image:type\" content=\"image\/webp\" \/>\n<meta name=\"twitter:card\" content=\"summary_large_image\" \/>\n<meta name=\"twitter:label1\" content=\"Availability\" \/>\n\t<meta name=\"twitter:data1\" content=\"In stock\" \/>\n<script type=\"application\/ld+json\" class=\"yoast-schema-graph\">{\"@context\":\"https:\\\/\\\/schema.org\",\"@graph\":[{\"@type\":\"WebPage\",\"@id\":\"https:\\\/\\\/bikefit.lu\\\/lb-lu\\\/product\\\/wahoo-speedplay-zero-pedallen\\\/\",\"url\":\"https:\\\/\\\/bikefit.lu\\\/lb-lu\\\/product\\\/wahoo-speedplay-zero-pedallen\\\/\",\"name\":\"Wahoo Speedplay Zero Pedallen - bikefit.lu\",\"isPartOf\":{\"@id\":\"https:\\\/\\\/bikefit.lu\\\/lb-lu\\\/#website\"},\"primaryImageOfPage\":{\"@id\":\"https:\\\/\\\/bikefit.lu\\\/lb-lu\\\/product\\\/wahoo-speedplay-zero-pedallen\\\/#primaryimage\"},\"image\":{\"@id\":\"https:\\\/\\\/bikefit.lu\\\/lb-lu\\\/product\\\/wahoo-speedplay-zero-pedallen\\\/#primaryimage\"},\"thumbnailUrl\":\"https:\\\/\\\/bikefit.lu\\\/wp-content\\\/uploads\\\/2024\\\/12\\\/speedplay_zero_2.webp\",\"datePublished\":\"2022-04-09T14:31:52+00:00\",\"dateModified\":\"2025-04-22T10:20:53+00:00\",\"breadcrumb\":{\"@id\":\"https:\\\/\\\/bikefit.lu\\\/lb-lu\\\/product\\\/wahoo-speedplay-zero-pedallen\\\/#breadcrumb\"},\"inLanguage\":\"lb-LU\",\"potentialAction\":[{\"@type\":\"ReadAction\",\"target\":[\"https:\\\/\\\/bikefit.lu\\\/lb-lu\\\/product\\\/wahoo-speedplay-zero-pedallen\\\/\"]}]},{\"@type\":\"ImageObject\",\"inLanguage\":\"lb-LU\",\"@id\":\"https:\\\/\\\/bikefit.lu\\\/lb-lu\\\/product\\\/wahoo-speedplay-zero-pedallen\\\/#primaryimage\",\"url\":\"https:\\\/\\\/bikefit.lu\\\/wp-content\\\/uploads\\\/2024\\\/12\\\/speedplay_zero_2.webp\",\"contentUrl\":\"https:\\\/\\\/bikefit.lu\\\/wp-content\\\/uploads\\\/2024\\\/12\\\/speedplay_zero_2.webp\",\"width\":615,\"height\":615},{\"@type\":\"BreadcrumbList\",\"@id\":\"https:\\\/\\\/bikefit.lu\\\/lb-lu\\\/product\\\/wahoo-speedplay-zero-pedallen\\\/#breadcrumb\",\"itemListElement\":[{\"@type\":\"ListItem\",\"position\":1,\"name\":\"Home\",\"item\":\"https:\\\/\\\/bikefit.lu\\\/lb-lu\\\/\"},{\"@type\":\"ListItem\",\"position\":2,\"name\":\"Products\",\"item\":\"https:\\\/\\\/bikefit.lu\\\/lb-lu\\\/shop\\\/\"},{\"@type\":\"ListItem\",\"position\":3,\"name\":\"Wahoo Speedplay Zero Pedallen\"}]},{\"@type\":\"WebSite\",\"@id\":\"https:\\\/\\\/bikefit.lu\\\/lb-lu\\\/#website\",\"url\":\"https:\\\/\\\/bikefit.lu\\\/lb-lu\\\/\",\"name\":\"bikefit.lu\",\"description\":\"IMPROVING CYCLING\",\"publisher\":{\"@id\":\"https:\\\/\\\/bikefit.lu\\\/lb-lu\\\/#\\\/schema\\\/person\\\/379af1263474d2f8cd1f41c2bd90273d\"},\"potentialAction\":[{\"@type\":\"SearchAction\",\"target\":{\"@type\":\"EntryPoint\",\"urlTemplate\":\"https:\\\/\\\/bikefit.lu\\\/lb-lu\\\/?s={search_term_string}\"},\"query-input\":{\"@type\":\"PropertyValueSpecification\",\"valueRequired\":true,\"valueName\":\"search_term_string\"}}],\"inLanguage\":\"lb-LU\"},{\"@type\":[\"Person\",\"Organization\"],\"@id\":\"https:\\\/\\\/bikefit.lu\\\/lb-lu\\\/#\\\/schema\\\/person\\\/379af1263474d2f8cd1f41c2bd90273d\",\"name\":\"Patrick Guillaume\",\"image\":{\"@type\":\"ImageObject\",\"inLanguage\":\"lb-LU\",\"@id\":\"https:\\\/\\\/bikefit.lu\\\/wp-content\\\/uploads\\\/2024\\\/12\\\/cropped-bikefit-logoURL-RGB-jpg.jpg\",\"url\":\"https:\\\/\\\/bikefit.lu\\\/wp-content\\\/uploads\\\/2024\\\/12\\\/cropped-bikefit-logoURL-RGB-jpg.jpg\",\"contentUrl\":\"https:\\\/\\\/bikefit.lu\\\/wp-content\\\/uploads\\\/2024\\\/12\\\/cropped-bikefit-logoURL-RGB-jpg.jpg\",\"width\":512,\"height\":512,\"caption\":\"Patrick Guillaume\"},\"logo\":{\"@id\":\"https:\\\/\\\/bikefit.lu\\\/wp-content\\\/uploads\\\/2024\\\/12\\\/cropped-bikefit-logoURL-RGB-jpg.jpg\"},\"sameAs\":[\"https:\\\/\\\/bikefit.lu\"],\"honorificPrefix\":\"Mr\",\"birthDate\":\"1966-11-18\",\"gender\":\"male\",\"knowsAbout\":[\"Bike-fitting\"],\"knowsLanguage\":[\"English\",\"French\",\"German\",\"Luxembourgish\"]}]}<\/script>\n<meta property=\"og:availability\" content=\"instock\" \/>\n<meta property=\"product:availability\" content=\"instock\" \/>\n<meta property=\"product:condition\" content=\"new\" \/>\n<!-- \/ Yoast SEO Premium plugin. -->","yoast_head_json":{"title":"Wahoo Speedplay Zero Pedallen - bikefit.lu","robots":{"index":"index","follow":"follow","max-snippet":"max-snippet:-1","max-image-preview":"max-image-preview:large","max-video-preview":"max-video-preview:-1"},"canonical":"https:\/\/bikefit.lu\/lb-lu\/product\/wahoo-speedplay-zero-pedallen\/","og_locale":"en_US","og_type":"article","og_title":"Wahoo Speedplay Zero Pedallen","og_description":"Entw\u00e9ckelt fir all Ustrengung.  D\u2019SPEEDPLAY ZERO Stroossepedalle k\u00ebnne mat allem ophuelen. Si sinn eenzegaarteg qualifiz\u00e9iert fir d\u2019Ufuerderunge vun allem; vum Cours\u00eb bis epeschen Evenementer. Wahoo hire Speedplay Zero Inox Pedallsystem ass den \u00e9ischte wierklech aerodynamesche Pedallsystem fir Stroossefuerer. Mat b\u00e9ids\u00e4iteger Aklickm\u00e9iglechkeet, d\u00e9i individuell verstellbar lateral Bewegungsfr\u00e4iheet a Rotatiounsfr\u00e4iheet, an integr\u00e9ierte Kallen, bitt d\u00ebse System Zouverl\u00e4ssegkeet a Leeschtung op all Niveau. Dee verstellbaren duebels\u00e4itege Pedallsystem l\u00e9isst Iech mat Vertrauen a Confort pedall\u00e9ieren.   Highlights - Wahoo Speedplay Zero Inox Pedallen  B\u00e9ids\u00e4itegt Aklicken: Den innovative Mechanismus bitt d\u00e9i s\u00e9cherst a stabilst Plattform um Maart, so datt mat Vertraue pedall\u00e9iert ka ginn.  Beweegungsfr\u00e4iheet: D\u00e9i eenzeg Pedall, bei d\u00e4er een onofh\u00e4ngeg d\u2019Positioun vu vir no hannen a vu l\u00e9nks no riets rechts esou w\u00e9i d\u2019Beweegungsfr\u00e4iheet astelle kann, fir esou d\u2019Leeschtung duerch besser Biomechanik z\u2019optimis\u00e9ieren.  Verbessert Laafeegenschaften : Eng flaach Kall mat gumm\u00e9ierter Uewerfl\u00e4ch bitt eng besser Basis fir vertrauensvollt Tr\u00ebppelen.  Optimal K\u00e9ierefr\u00e4iheet: Pedall\u00e9ieren ouni Angscht duerch K\u00e9ieren, verl\u00e9iert keng Vitesse a loosst d\u00e9i aner hannert Iech.  Einfach ze fleegen: All Speedplay Pedallen hunn ofgedicht Lager an eng verbessert Haltbarkeet mat verst\u00e4erkte Kontaktpunkten. Dir w\u00e4ert elo a kuerzer Z\u00e4it manner Z\u00e4it domat verbr\u00e9nge mussen, \u00c4r Pedallen ze fleegen a m\u00e9i domat, ze fueren.  Personalis\u00e9iert \u00c4r Kallen: Wielt entweder Standard- oder Easy Tension Kallen, fir d\u2019An- an \u00c4usklicken \u00c4re Besoin\u2019en unzepassen. B\u00e9id Kallen si mat alle Pedalle kompatibel. D\u00e9i zwou Pedall-Variante si mat alle Speedplay Pedalle kompatibel  Eegeschaften   B\u00e9ids\u00e4itegt Aklicken fir eng fest Verbindung  Ger\u00e9ng Bauh\u00e9ischt fir optimal K\u00e9ierefr\u00e4iheet  Individuell Upassung a Beweegungsfr\u00e4iheet fir optimal Biomechanik  Ganz gutt Laafeegenschaften mat minimalem Verschl\u00e4iss vun de Kallen  Ofgedicht Lager fir ger\u00e9nge Fleegenopwand  Optimiert Pedallkierper fir m\u00e9i liicht An- an \u00c4usklicken  Ger\u00e9ngt Gewiicht","og_url":"https:\/\/bikefit.lu\/lb-lu\/product\/wahoo-speedplay-zero-pedallen\/","og_site_name":"bikefit.lu","article_modified_time":"2025-04-22T10:20:53+00:00","og_image":[{"width":615,"height":615,"url":"https:\/\/bikefit.lu\/wp-content\/uploads\/2024\/12\/speedplay_zero_2.webp","type":"image\/webp"}],"twitter_card":"summary_large_image","twitter_misc":{"Availability":"In stock"},"schema":{"@context":"https:\/\/schema.org","@graph":[{"@type":"WebPage","@id":"https:\/\/bikefit.lu\/lb-lu\/product\/wahoo-speedplay-zero-pedallen\/","url":"https:\/\/bikefit.lu\/lb-lu\/product\/wahoo-speedplay-zero-pedallen\/","name":"Wahoo Speedplay Zero Pedallen - bikefit.lu","isPartOf":{"@id":"https:\/\/bikefit.lu\/lb-lu\/#website"},"primaryImageOfPage":{"@id":"https:\/\/bikefit.lu\/lb-lu\/product\/wahoo-speedplay-zero-pedallen\/#primaryimage"},"image":{"@id":"https:\/\/bikefit.lu\/lb-lu\/product\/wahoo-speedplay-zero-pedallen\/#primaryimage"},"thumbnailUrl":"https:\/\/bikefit.lu\/wp-content\/uploads\/2024\/12\/speedplay_zero_2.webp","datePublished":"2022-04-09T14:31:52+00:00","dateModified":"2025-04-22T10:20:53+00:00","breadcrumb":{"@id":"https:\/\/bikefit.lu\/lb-lu\/product\/wahoo-speedplay-zero-pedallen\/#breadcrumb"},"inLanguage":"lb-LU","potentialAction":[{"@type":"ReadAction","target":["https:\/\/bikefit.lu\/lb-lu\/product\/wahoo-speedplay-zero-pedallen\/"]}]},{"@type":"ImageObject","inLanguage":"lb-LU","@id":"https:\/\/bikefit.lu\/lb-lu\/product\/wahoo-speedplay-zero-pedallen\/#primaryimage","url":"https:\/\/bikefit.lu\/wp-content\/uploads\/2024\/12\/speedplay_zero_2.webp","contentUrl":"https:\/\/bikefit.lu\/wp-content\/uploads\/2024\/12\/speedplay_zero_2.webp","width":615,"height":615},{"@type":"BreadcrumbList","@id":"https:\/\/bikefit.lu\/lb-lu\/product\/wahoo-speedplay-zero-pedallen\/#breadcrumb","itemListElement":[{"@type":"ListItem","position":1,"name":"Home","item":"https:\/\/bikefit.lu\/lb-lu\/"},{"@type":"ListItem","position":2,"name":"Products","item":"https:\/\/bikefit.lu\/lb-lu\/shop\/"},{"@type":"ListItem","position":3,"name":"Wahoo Speedplay Zero Pedallen"}]},{"@type":"WebSite","@id":"https:\/\/bikefit.lu\/lb-lu\/#website","url":"https:\/\/bikefit.lu\/lb-lu\/","name":"bikefit.lu","description":"IMPROVING CYCLING","publisher":{"@id":"https:\/\/bikefit.lu\/lb-lu\/#\/schema\/person\/379af1263474d2f8cd1f41c2bd90273d"},"potentialAction":[{"@type":"SearchAction","target":{"@type":"EntryPoint","urlTemplate":"https:\/\/bikefit.lu\/lb-lu\/?s={search_term_string}"},"query-input":{"@type":"PropertyValueSpecification","valueRequired":true,"valueName":"search_term_string"}}],"inLanguage":"lb-LU"},{"@type":["Person","Organization"],"@id":"https:\/\/bikefit.lu\/lb-lu\/#\/schema\/person\/379af1263474d2f8cd1f41c2bd90273d","name":"Patrick Guillaume","image":{"@type":"ImageObject","inLanguage":"lb-LU","@id":"https:\/\/bikefit.lu\/wp-content\/uploads\/2024\/12\/cropped-bikefit-logoURL-RGB-jpg.jpg","url":"https:\/\/bikefit.lu\/wp-content\/uploads\/2024\/12\/cropped-bikefit-logoURL-RGB-jpg.jpg","contentUrl":"https:\/\/bikefit.lu\/wp-content\/uploads\/2024\/12\/cropped-bikefit-logoURL-RGB-jpg.jpg","width":512,"height":512,"caption":"Patrick Guillaume"},"logo":{"@id":"https:\/\/bikefit.lu\/wp-content\/uploads\/2024\/12\/cropped-bikefit-logoURL-RGB-jpg.jpg"},"sameAs":["https:\/\/bikefit.lu"],"honorificPrefix":"Mr","birthDate":"1966-11-18","gender":"male","knowsAbout":["Bike-fitting"],"knowsLanguage":["English","French","German","Luxembourgish"]}]},"og_availability":"instock","product_availability":"instock","product_condition":"new"},"_links":{"self":[{"href":"https:\/\/bikefit.lu\/lb-lu\/wp-json\/wp\/v2\/product\/79476","targetHints":{"allow":["GET"]}}],"collection":[{"href":"https:\/\/bikefit.lu\/lb-lu\/wp-json\/wp\/v2\/product"}],"about":[{"href":"https:\/\/bikefit.lu\/lb-lu\/wp-json\/wp\/v2\/types\/product"}],"replies":[{"embeddable":true,"href":"https:\/\/bikefit.lu\/lb-lu\/wp-json\/wp\/v2\/comments?post=79476"}],"version-history":[{"count":0,"href":"https:\/\/bikefit.lu\/lb-lu\/wp-json\/wp\/v2\/product\/79476\/revisions"}],"wp:featuredmedia":[{"embeddable":true,"href":"https:\/\/bikefit.lu\/lb-lu\/wp-json\/wp\/v2\/media\/88525"}],"wp:attachment":[{"href":"https:\/\/bikefit.lu\/lb-lu\/wp-json\/wp\/v2\/media?parent=79476"}],"wp:term":[{"taxonomy":"product_brand","embeddable":true,"href":"https:\/\/bikefit.lu\/lb-lu\/wp-json\/wp\/v2\/product_brand?post=79476"},{"taxonomy":"product_cat","embeddable":true,"href":"https:\/\/bikefit.lu\/lb-lu\/wp-json\/wp\/v2\/product_cat?post=79476"},{"taxonomy":"product_tag","embeddable":true,"href":"https:\/\/bikefit.lu\/lb-lu\/wp-json\/wp\/v2\/product_tag?post=79476"}],"curies":[{"name":"wp","href":"https:\/\/api.w.org\/{rel}","templated":true}]}}