{"id":79499,"date":"2022-02-10T22:47:17","date_gmt":"2022-02-10T22:47:17","guid":{"rendered":"https:\/\/staging.bikefit.lu\/shop\/uncategorized\/form-beelangt-shims-fir-4-lach-kallen-wahoo-speedplay\/"},"modified":"2025-05-20T00:06:19","modified_gmt":"2025-05-19T22:06:19","slug":"form-beelangt-shims-fir-4-lach-kallen-wahoo-speedplay","status":"publish","type":"product","link":"https:\/\/bikefit.lu\/lb-lu\/product\/form-beelangt-shims-fir-4-lach-kallen-wahoo-speedplay\/","title":{"rendered":"Form\u00ae Beel\u00e4ngt-Shims fir 4-Lach Kallen (Wahoo Speedplay)"},"content":{"rendered":"<p style=\"text-align: center;\"><span style=\"color: #33cccc; font-size: 18pt;\"><strong>WICHTEG <\/strong>!!!<\/span><\/p>\n<p>Denkt drun d\u00e9i entspriechend L\u00e4ngt Schrauwen ze bestellen. D\u2019Schrauwen, d\u00e9i mat de Cleats geliwwert sinn, sinn 8 mm laang. Dir musst also d\u2019H\u00e9icht vun de Spacers add\u00e9iere fir d\u2019L\u00e4ngt vun de Schrauwen ze best\u00ebmmen. <\/p>\n<p>Am <span style=\"text-decoration: underline;\">Kit <\/span>sinn: 1 x 3 mm Shim, 1 x 2 mm Shim, 4 x 10 mm a 4 x 12 mm Schrauwe fir Speedplay Walkable a Wahoo Speedplay.<\/p>\n<p>Eenzel Shims a P\u00e4ck kommen <strong>ouni <\/strong>Schrauwen.<\/p>\n<p>Hutt Dir nach V1 oder V2 Speedplay-Kallen, sot mir Bescheed fir datt Dir d\u00e9i passend Schrauwe kritt.<\/p>\n<p>&nbsp;<\/p>\n","protected":false},"excerpt":{"rendered":"<p>Si gi benotzt fir e Beel\u00e4ngten\u00ebnnerscheet auszegl\u00e4ichen. Unzeeche vun engem Beel\u00e4ngten\u00ebnnerscheet k\u00ebnne sinn:<\/p>\n<p>a) Iwwerstrecke vum m\u00e9i kuerze Been wann d\u2019Pedall um d\u00e9ifste Punkt ass<\/p>\n<p>b) De Becke kippt m\u00e9i zu enger S\u00e4it oder de Cyclist kippt zu enger S\u00e4it vum Suedel fir d\u2019Verbindung mam der \u00ebnneschter Pedall z\u2019erhalen<\/p>\n<p>c) Ee Been fillt sech \u00ebnnerstreckt un, w\u00e4rend dat anert sech just richteg ufillt<\/p>\n<p>Ugeholl datt d\u2019Positioun vum Cyclist richteg ass a seng Been op Anomalie gepr\u00e9ift gi sinn, k\u00ebnnen d\u00e9i uewe genannte Froen iwwer d\u2019Beenverl\u00e4ngerung gel\u00e9ist ginn. Shimming mat der richteger H\u00e9icht h\u00eblleft zu m\u00e9i enger ausgeglachener Pedaldynamik an de Becken ze stabilis\u00e9ieren.<\/p>\n<p>Speedplay Shims si kompatibel mat all (Wahoo) Speedplay Kallesystem.<\/p>\n","protected":false},"featured_media":77256,"comment_status":"closed","ping_status":"closed","template":"","meta":[],"product_brand":[],"product_cat":[4832,4787],"product_tag":[4934,5069,5054,5126,5106,5181,5180,5177,5195],"class_list":{"0":"post-79499","1":"product","2":"type-product","3":"status-publish","4":"has-post-thumbnail","6":"product_cat-foot-pedal-interface-lb-lu","7":"product_cat-road-lb-lu","8":"product_tag-4-hole-lb-lu","9":"product_tag-foot-pedal-interface-lb-lu","10":"product_tag-form-lb-lu","11":"product_tag-road-lb-lu","12":"product_tag-shims-lb-lu","13":"product_tag-triathlon-lb-lu","14":"product_tag-ultra-cycling-lb-lu","15":"product_tag-wahoo-speedplay-lb-lu","16":"product_tag-zaitfueren","17":"product_shipping_class-format-xs-lb-lu","19":"first","20":"instock","21":"taxable","22":"shipping-taxable","23":"purchasable","24":"product-type-variable"},"group_of_quantity":0,"min_quantity":0,"max_quantity":"","exclude_order_quantity_value_rules":"no","exclude_category_quantity_rules":"no","combine_variations":"no","yoast_head":"<!-- This site is optimized with the Yoast SEO Premium plugin v27.4 (Yoast SEO v27.4) - https:\/\/yoast.com\/product\/yoast-seo-premium-wordpress\/ -->\n<title>Form\u00ae Beel\u00e4ngt-Shims fir 4-Lach Kallen (Wahoo Speedplay) - bikefit.lu<\/title>\n<meta name=\"robots\" content=\"index, follow, max-snippet:-1, max-image-preview:large, max-video-preview:-1\" \/>\n<link rel=\"canonical\" href=\"https:\/\/bikefit.lu\/lb-lu\/product\/form-beelangt-shims-fir-4-lach-kallen-wahoo-speedplay\/\" \/>\n<meta property=\"og:locale\" content=\"en_US\" \/>\n<meta property=\"og:type\" content=\"article\" \/>\n<meta property=\"og:title\" content=\"Form\u00ae Beel\u00e4ngt-Shims fir 4-Lach Kallen (Wahoo Speedplay)\" \/>\n<meta property=\"og:description\" content=\"Si gi benotzt fir e Beel\u00e4ngten\u00ebnnerscheet auszegl\u00e4ichen. Unzeeche vun engem Beel\u00e4ngten\u00ebnnerscheet k\u00ebnne sinn: a) Iwwerstrecke vum m\u00e9i kuerze Been wann d\u2019Pedall um d\u00e9ifste Punkt ass b) De Becke kippt m\u00e9i zu enger S\u00e4it oder de Cyclist kippt zu enger S\u00e4it vum Suedel fir d\u2019Verbindung mam der \u00ebnneschter Pedall z\u2019erhalen c) Ee Been fillt sech \u00ebnnerstreckt un, w\u00e4rend dat anert sech just richteg ufillt Ugeholl datt d\u2019Positioun vum Cyclist richteg ass a seng Been op Anomalie gepr\u00e9ift gi sinn, k\u00ebnnen d\u00e9i uewe genannte Froen iwwer d\u2019Beenverl\u00e4ngerung gel\u00e9ist ginn. Shimming mat der richteger H\u00e9icht h\u00eblleft zu m\u00e9i enger ausgeglachener Pedaldynamik an de Becken ze stabilis\u00e9ieren. Speedplay Shims si kompatibel mat all (Wahoo) Speedplay Kallesystem.\" \/>\n<meta property=\"og:url\" content=\"https:\/\/bikefit.lu\/lb-lu\/product\/form-beelangt-shims-fir-4-lach-kallen-wahoo-speedplay\/\" \/>\n<meta property=\"og:site_name\" content=\"bikefit.lu\" \/>\n<meta property=\"article:modified_time\" content=\"2025-05-19T22:06:19+00:00\" \/>\n<meta property=\"og:image\" content=\"https:\/\/bikefit.lu\/wp-content\/uploads\/2022\/02\/02a-leg-length-shim-speedplay.webp\" \/>\n\t<meta property=\"og:image:width\" content=\"1920\" \/>\n\t<meta property=\"og:image:height\" content=\"1920\" \/>\n\t<meta property=\"og:image:type\" content=\"image\/webp\" \/>\n<meta name=\"twitter:card\" content=\"summary_large_image\" \/>\n<meta name=\"twitter:label1\" content=\"Availability\" \/>\n\t<meta name=\"twitter:data1\" content=\"In stock\" \/>\n<script type=\"application\/ld+json\" class=\"yoast-schema-graph\">{\"@context\":\"https:\\\/\\\/schema.org\",\"@graph\":[{\"@type\":\"WebPage\",\"@id\":\"https:\\\/\\\/bikefit.lu\\\/lb-lu\\\/product\\\/form-beelangt-shims-fir-4-lach-kallen-wahoo-speedplay\\\/\",\"url\":\"https:\\\/\\\/bikefit.lu\\\/lb-lu\\\/product\\\/form-beelangt-shims-fir-4-lach-kallen-wahoo-speedplay\\\/\",\"name\":\"Form\u00ae Beel\u00e4ngt-Shims fir 4-Lach Kallen (Wahoo Speedplay) - bikefit.lu\",\"isPartOf\":{\"@id\":\"https:\\\/\\\/bikefit.lu\\\/lb-lu\\\/#website\"},\"primaryImageOfPage\":{\"@id\":\"https:\\\/\\\/bikefit.lu\\\/lb-lu\\\/product\\\/form-beelangt-shims-fir-4-lach-kallen-wahoo-speedplay\\\/#primaryimage\"},\"image\":{\"@id\":\"https:\\\/\\\/bikefit.lu\\\/lb-lu\\\/product\\\/form-beelangt-shims-fir-4-lach-kallen-wahoo-speedplay\\\/#primaryimage\"},\"thumbnailUrl\":\"https:\\\/\\\/bikefit.lu\\\/wp-content\\\/uploads\\\/2022\\\/02\\\/02a-leg-length-shim-speedplay.webp\",\"datePublished\":\"2022-02-10T22:47:17+00:00\",\"dateModified\":\"2025-05-19T22:06:19+00:00\",\"breadcrumb\":{\"@id\":\"https:\\\/\\\/bikefit.lu\\\/lb-lu\\\/product\\\/form-beelangt-shims-fir-4-lach-kallen-wahoo-speedplay\\\/#breadcrumb\"},\"inLanguage\":\"lb-LU\",\"potentialAction\":[{\"@type\":\"ReadAction\",\"target\":[\"https:\\\/\\\/bikefit.lu\\\/lb-lu\\\/product\\\/form-beelangt-shims-fir-4-lach-kallen-wahoo-speedplay\\\/\"]}]},{\"@type\":\"ImageObject\",\"inLanguage\":\"lb-LU\",\"@id\":\"https:\\\/\\\/bikefit.lu\\\/lb-lu\\\/product\\\/form-beelangt-shims-fir-4-lach-kallen-wahoo-speedplay\\\/#primaryimage\",\"url\":\"https:\\\/\\\/bikefit.lu\\\/wp-content\\\/uploads\\\/2022\\\/02\\\/02a-leg-length-shim-speedplay.webp\",\"contentUrl\":\"https:\\\/\\\/bikefit.lu\\\/wp-content\\\/uploads\\\/2022\\\/02\\\/02a-leg-length-shim-speedplay.webp\",\"width\":1920,\"height\":1920},{\"@type\":\"BreadcrumbList\",\"@id\":\"https:\\\/\\\/bikefit.lu\\\/lb-lu\\\/product\\\/form-beelangt-shims-fir-4-lach-kallen-wahoo-speedplay\\\/#breadcrumb\",\"itemListElement\":[{\"@type\":\"ListItem\",\"position\":1,\"name\":\"Home\",\"item\":\"https:\\\/\\\/bikefit.lu\\\/lb-lu\\\/\"},{\"@type\":\"ListItem\",\"position\":2,\"name\":\"Shop\",\"item\":\"https:\\\/\\\/bikefit.lu\\\/lb-lu\\\/shop\\\/\"},{\"@type\":\"ListItem\",\"position\":3,\"name\":\"Form\u00ae Beel\u00e4ngt-Shims fir 4-Lach Kallen (Wahoo Speedplay)\"}]},{\"@type\":\"WebSite\",\"@id\":\"https:\\\/\\\/bikefit.lu\\\/lb-lu\\\/#website\",\"url\":\"https:\\\/\\\/bikefit.lu\\\/lb-lu\\\/\",\"name\":\"bikefit.lu\",\"description\":\"IMPROVING CYCLING\",\"publisher\":{\"@id\":\"https:\\\/\\\/bikefit.lu\\\/lb-lu\\\/#\\\/schema\\\/person\\\/379af1263474d2f8cd1f41c2bd90273d\"},\"potentialAction\":[{\"@type\":\"SearchAction\",\"target\":{\"@type\":\"EntryPoint\",\"urlTemplate\":\"https:\\\/\\\/bikefit.lu\\\/lb-lu\\\/?s={search_term_string}\"},\"query-input\":{\"@type\":\"PropertyValueSpecification\",\"valueRequired\":true,\"valueName\":\"search_term_string\"}}],\"inLanguage\":\"lb-LU\"},{\"@type\":[\"Person\",\"Organization\"],\"@id\":\"https:\\\/\\\/bikefit.lu\\\/lb-lu\\\/#\\\/schema\\\/person\\\/379af1263474d2f8cd1f41c2bd90273d\",\"name\":\"Patrick Guillaume\",\"image\":{\"@type\":\"ImageObject\",\"inLanguage\":\"lb-LU\",\"@id\":\"https:\\\/\\\/bikefit.lu\\\/wp-content\\\/uploads\\\/2024\\\/12\\\/cropped-bikefit-logoURL-RGB-jpg.jpg\",\"url\":\"https:\\\/\\\/bikefit.lu\\\/wp-content\\\/uploads\\\/2024\\\/12\\\/cropped-bikefit-logoURL-RGB-jpg.jpg\",\"contentUrl\":\"https:\\\/\\\/bikefit.lu\\\/wp-content\\\/uploads\\\/2024\\\/12\\\/cropped-bikefit-logoURL-RGB-jpg.jpg\",\"width\":512,\"height\":512,\"caption\":\"Patrick Guillaume\"},\"logo\":{\"@id\":\"https:\\\/\\\/bikefit.lu\\\/wp-content\\\/uploads\\\/2024\\\/12\\\/cropped-bikefit-logoURL-RGB-jpg.jpg\"},\"sameAs\":[\"https:\\\/\\\/bikefit.lu\"],\"honorificPrefix\":\"Mr\",\"birthDate\":\"1966-11-18\",\"gender\":\"male\",\"knowsAbout\":[\"Bike-fitting\"],\"knowsLanguage\":[\"English\",\"French\",\"German\",\"Luxembourgish\"]}]}<\/script>\n<meta property=\"og:availability\" content=\"instock\" \/>\n<meta property=\"product:availability\" content=\"instock\" \/>\n<meta property=\"product:condition\" content=\"new\" \/>\n<!-- \/ Yoast SEO Premium plugin. -->","yoast_head_json":{"title":"Form\u00ae Beel\u00e4ngt-Shims fir 4-Lach Kallen (Wahoo Speedplay) - bikefit.lu","robots":{"index":"index","follow":"follow","max-snippet":"max-snippet:-1","max-image-preview":"max-image-preview:large","max-video-preview":"max-video-preview:-1"},"canonical":"https:\/\/bikefit.lu\/lb-lu\/product\/form-beelangt-shims-fir-4-lach-kallen-wahoo-speedplay\/","og_locale":"en_US","og_type":"article","og_title":"Form\u00ae Beel\u00e4ngt-Shims fir 4-Lach Kallen (Wahoo Speedplay)","og_description":"Si gi benotzt fir e Beel\u00e4ngten\u00ebnnerscheet auszegl\u00e4ichen. Unzeeche vun engem Beel\u00e4ngten\u00ebnnerscheet k\u00ebnne sinn: a) Iwwerstrecke vum m\u00e9i kuerze Been wann d\u2019Pedall um d\u00e9ifste Punkt ass b) De Becke kippt m\u00e9i zu enger S\u00e4it oder de Cyclist kippt zu enger S\u00e4it vum Suedel fir d\u2019Verbindung mam der \u00ebnneschter Pedall z\u2019erhalen c) Ee Been fillt sech \u00ebnnerstreckt un, w\u00e4rend dat anert sech just richteg ufillt Ugeholl datt d\u2019Positioun vum Cyclist richteg ass a seng Been op Anomalie gepr\u00e9ift gi sinn, k\u00ebnnen d\u00e9i uewe genannte Froen iwwer d\u2019Beenverl\u00e4ngerung gel\u00e9ist ginn. Shimming mat der richteger H\u00e9icht h\u00eblleft zu m\u00e9i enger ausgeglachener Pedaldynamik an de Becken ze stabilis\u00e9ieren. Speedplay Shims si kompatibel mat all (Wahoo) Speedplay Kallesystem.","og_url":"https:\/\/bikefit.lu\/lb-lu\/product\/form-beelangt-shims-fir-4-lach-kallen-wahoo-speedplay\/","og_site_name":"bikefit.lu","article_modified_time":"2025-05-19T22:06:19+00:00","og_image":[{"width":1920,"height":1920,"url":"https:\/\/bikefit.lu\/wp-content\/uploads\/2022\/02\/02a-leg-length-shim-speedplay.webp","type":"image\/webp"}],"twitter_card":"summary_large_image","twitter_misc":{"Availability":"In stock"},"schema":{"@context":"https:\/\/schema.org","@graph":[{"@type":"WebPage","@id":"https:\/\/bikefit.lu\/lb-lu\/product\/form-beelangt-shims-fir-4-lach-kallen-wahoo-speedplay\/","url":"https:\/\/bikefit.lu\/lb-lu\/product\/form-beelangt-shims-fir-4-lach-kallen-wahoo-speedplay\/","name":"Form\u00ae Beel\u00e4ngt-Shims fir 4-Lach Kallen (Wahoo Speedplay) - bikefit.lu","isPartOf":{"@id":"https:\/\/bikefit.lu\/lb-lu\/#website"},"primaryImageOfPage":{"@id":"https:\/\/bikefit.lu\/lb-lu\/product\/form-beelangt-shims-fir-4-lach-kallen-wahoo-speedplay\/#primaryimage"},"image":{"@id":"https:\/\/bikefit.lu\/lb-lu\/product\/form-beelangt-shims-fir-4-lach-kallen-wahoo-speedplay\/#primaryimage"},"thumbnailUrl":"https:\/\/bikefit.lu\/wp-content\/uploads\/2022\/02\/02a-leg-length-shim-speedplay.webp","datePublished":"2022-02-10T22:47:17+00:00","dateModified":"2025-05-19T22:06:19+00:00","breadcrumb":{"@id":"https:\/\/bikefit.lu\/lb-lu\/product\/form-beelangt-shims-fir-4-lach-kallen-wahoo-speedplay\/#breadcrumb"},"inLanguage":"lb-LU","potentialAction":[{"@type":"ReadAction","target":["https:\/\/bikefit.lu\/lb-lu\/product\/form-beelangt-shims-fir-4-lach-kallen-wahoo-speedplay\/"]}]},{"@type":"ImageObject","inLanguage":"lb-LU","@id":"https:\/\/bikefit.lu\/lb-lu\/product\/form-beelangt-shims-fir-4-lach-kallen-wahoo-speedplay\/#primaryimage","url":"https:\/\/bikefit.lu\/wp-content\/uploads\/2022\/02\/02a-leg-length-shim-speedplay.webp","contentUrl":"https:\/\/bikefit.lu\/wp-content\/uploads\/2022\/02\/02a-leg-length-shim-speedplay.webp","width":1920,"height":1920},{"@type":"BreadcrumbList","@id":"https:\/\/bikefit.lu\/lb-lu\/product\/form-beelangt-shims-fir-4-lach-kallen-wahoo-speedplay\/#breadcrumb","itemListElement":[{"@type":"ListItem","position":1,"name":"Home","item":"https:\/\/bikefit.lu\/lb-lu\/"},{"@type":"ListItem","position":2,"name":"Shop","item":"https:\/\/bikefit.lu\/lb-lu\/shop\/"},{"@type":"ListItem","position":3,"name":"Form\u00ae Beel\u00e4ngt-Shims fir 4-Lach Kallen (Wahoo Speedplay)"}]},{"@type":"WebSite","@id":"https:\/\/bikefit.lu\/lb-lu\/#website","url":"https:\/\/bikefit.lu\/lb-lu\/","name":"bikefit.lu","description":"IMPROVING CYCLING","publisher":{"@id":"https:\/\/bikefit.lu\/lb-lu\/#\/schema\/person\/379af1263474d2f8cd1f41c2bd90273d"},"potentialAction":[{"@type":"SearchAction","target":{"@type":"EntryPoint","urlTemplate":"https:\/\/bikefit.lu\/lb-lu\/?s={search_term_string}"},"query-input":{"@type":"PropertyValueSpecification","valueRequired":true,"valueName":"search_term_string"}}],"inLanguage":"lb-LU"},{"@type":["Person","Organization"],"@id":"https:\/\/bikefit.lu\/lb-lu\/#\/schema\/person\/379af1263474d2f8cd1f41c2bd90273d","name":"Patrick Guillaume","image":{"@type":"ImageObject","inLanguage":"lb-LU","@id":"https:\/\/bikefit.lu\/wp-content\/uploads\/2024\/12\/cropped-bikefit-logoURL-RGB-jpg.jpg","url":"https:\/\/bikefit.lu\/wp-content\/uploads\/2024\/12\/cropped-bikefit-logoURL-RGB-jpg.jpg","contentUrl":"https:\/\/bikefit.lu\/wp-content\/uploads\/2024\/12\/cropped-bikefit-logoURL-RGB-jpg.jpg","width":512,"height":512,"caption":"Patrick Guillaume"},"logo":{"@id":"https:\/\/bikefit.lu\/wp-content\/uploads\/2024\/12\/cropped-bikefit-logoURL-RGB-jpg.jpg"},"sameAs":["https:\/\/bikefit.lu"],"honorificPrefix":"Mr","birthDate":"1966-11-18","gender":"male","knowsAbout":["Bike-fitting"],"knowsLanguage":["English","French","German","Luxembourgish"]}]},"og_availability":"instock","product_availability":"instock","product_condition":"new"},"_links":{"self":[{"href":"https:\/\/bikefit.lu\/lb-lu\/wp-json\/wp\/v2\/product\/79499","targetHints":{"allow":["GET"]}}],"collection":[{"href":"https:\/\/bikefit.lu\/lb-lu\/wp-json\/wp\/v2\/product"}],"about":[{"href":"https:\/\/bikefit.lu\/lb-lu\/wp-json\/wp\/v2\/types\/product"}],"replies":[{"embeddable":true,"href":"https:\/\/bikefit.lu\/lb-lu\/wp-json\/wp\/v2\/comments?post=79499"}],"version-history":[{"count":0,"href":"https:\/\/bikefit.lu\/lb-lu\/wp-json\/wp\/v2\/product\/79499\/revisions"}],"wp:featuredmedia":[{"embeddable":true,"href":"https:\/\/bikefit.lu\/lb-lu\/wp-json\/wp\/v2\/media\/77256"}],"wp:attachment":[{"href":"https:\/\/bikefit.lu\/lb-lu\/wp-json\/wp\/v2\/media?parent=79499"}],"wp:term":[{"taxonomy":"product_brand","embeddable":true,"href":"https:\/\/bikefit.lu\/lb-lu\/wp-json\/wp\/v2\/product_brand?post=79499"},{"taxonomy":"product_cat","embeddable":true,"href":"https:\/\/bikefit.lu\/lb-lu\/wp-json\/wp\/v2\/product_cat?post=79499"},{"taxonomy":"product_tag","embeddable":true,"href":"https:\/\/bikefit.lu\/lb-lu\/wp-json\/wp\/v2\/product_tag?post=79499"}],"curies":[{"name":"wp","href":"https:\/\/api.w.org\/{rel}","templated":true}]}}