{"id":79516,"date":"2022-02-10T15:40:59","date_gmt":"2022-02-10T15:40:59","guid":{"rendered":"https:\/\/staging.bikefit.lu\/shop\/uncategorized\/form-virfousskail-strooss-offroad\/"},"modified":"2025-02-26T21:59:43","modified_gmt":"2025-02-26T21:59:43","slug":"form-virfousskail-strooss-offroad","status":"publish","type":"product","link":"https:\/\/bikefit.lu\/lb-lu\/product\/form-virfousskail-strooss-offroad\/","title":{"rendered":"FORM\u00ae Virfoussk\u00e4il Strooss\/Offroad"},"content":{"rendered":"","protected":false},"excerpt":{"rendered":"<p>Dee Virfoussk\u00e4il ass entw\u00e9ckelt fir an de Schong \u00ebnnert d\u2019Suel geluecht ze ginn. E bitt 1,5 Grad Varus-Neigung direkt \u00ebnnert dem Virfouss, verbessert Proprioceptioun a schaaft e m\u00e9i kontroll\u00e9iert \u00cbmfeld am Schong. <\/p>\n<p>Am G\u00e9igesaz zu aneren Designen um Maart l\u00e4it de FORM In-Shoe Wedge net \u00ebnnert den Z\u00e9iwen. D\u2019Gr\u00ebnn dofir sinn:<\/p>\n<p><em>&#8211; Deen Design h\u00eblt keng Plaz an der Z\u00e9iwebox an elimin\u00e9iert dat \u201canengend\u201d Gefill vun aneren Designen.<\/em><\/p>\n<p><em>&#8211; Wann d\u2019Z\u00e9iwen net gehuewe sinn, huet de K\u00e4il zous\u00e4tzlech Presenz \u00ebnner dem Virfouss, wat zu enger verbesserter Proprioceptioun result\u00e9iert.<\/em><\/p>\n<p><em>&#8211; esou kann e vill m\u00e9i pr\u00e4zis direkt \u00ebnnert de Virfouss position\u00e9iert ginn.<\/em><\/p>\n<p>De K\u00e4il ass an enger Gr\u00e9isst verf\u00fcgbar a ka fir verschidde Schongbreeten ofgeschnidde ginn (kuckt den Unhang).<\/p>\n","protected":false},"featured_media":88378,"comment_status":"closed","ping_status":"closed","template":"","meta":[],"product_brand":[],"product_cat":[4832,4784,4787],"product_tag":[5069,5050,5054,5111,5126,5192],"class_list":{"0":"post-79516","1":"product","2":"type-product","3":"status-publish","4":"has-post-thumbnail","6":"product_cat-foot-pedal-interface-lb-lu","7":"product_cat-offroad-lb-lu-2","8":"product_cat-road-lb-lu","9":"product_tag-foot-pedal-interface-lb-lu","10":"product_tag-forefoot-wedges-lb-lu","11":"product_tag-form-lb-lu","12":"product_tag-offroad-lb-lu","13":"product_tag-road-lb-lu","14":"product_tag-universal-lb-lu","15":"product_shipping_class-format-xs-lb-lu","17":"first","18":"instock","19":"taxable","20":"shipping-taxable","21":"purchasable","22":"product-type-variable"},"yoast_head":"<!-- This site is optimized with the Yoast SEO Premium plugin v27.3 (Yoast SEO v27.3) - https:\/\/yoast.com\/product\/yoast-seo-premium-wordpress\/ -->\n<title>FORM\u00ae Virfoussk\u00e4il Strooss\/Offroad - bikefit.lu<\/title>\n<meta name=\"robots\" content=\"index, follow, max-snippet:-1, max-image-preview:large, max-video-preview:-1\" \/>\n<link rel=\"canonical\" href=\"https:\/\/bikefit.lu\/lb-lu\/product\/form-virfousskail-strooss-offroad\/\" \/>\n<meta property=\"og:locale\" content=\"en_US\" \/>\n<meta property=\"og:type\" content=\"article\" \/>\n<meta property=\"og:title\" content=\"FORM\u00ae Virfoussk\u00e4il Strooss\/Offroad\" \/>\n<meta property=\"og:description\" content=\"Dee Virfoussk\u00e4il ass entw\u00e9ckelt fir an de Schong \u00ebnnert d\u2019Suel geluecht ze ginn. E bitt 1,5 Grad Varus-Neigung direkt \u00ebnnert dem Virfouss, verbessert Proprioceptioun a schaaft e m\u00e9i kontroll\u00e9iert \u00cbmfeld am Schong.  Am G\u00e9igesaz zu aneren Designen um Maart l\u00e4it de FORM In-Shoe Wedge net \u00ebnnert den Z\u00e9iwen. D\u2019Gr\u00ebnn dofir sinn: - Deen Design h\u00eblt keng Plaz an der Z\u00e9iwebox an elimin\u00e9iert dat \u201canengend\u201d Gefill vun aneren Designen. - Wann d\u2019Z\u00e9iwen net gehuewe sinn, huet de K\u00e4il zous\u00e4tzlech Presenz \u00ebnner dem Virfouss, wat zu enger verbesserter Proprioceptioun result\u00e9iert. - esou kann e vill m\u00e9i pr\u00e4zis direkt \u00ebnnert de Virfouss position\u00e9iert ginn. De K\u00e4il ass an enger Gr\u00e9isst verf\u00fcgbar a ka fir verschidde Schongbreeten ofgeschnidde ginn (kuckt den Unhang).\" \/>\n<meta property=\"og:url\" content=\"https:\/\/bikefit.lu\/lb-lu\/product\/form-virfousskail-strooss-offroad\/\" \/>\n<meta property=\"og:site_name\" content=\"bikefit.lu\" \/>\n<meta property=\"article:modified_time\" content=\"2025-02-26T21:59:43+00:00\" \/>\n<meta property=\"og:image\" content=\"https:\/\/bikefit.lu\/wp-content\/uploads\/2024\/12\/06-forefoot-wedge.webp\" \/>\n\t<meta property=\"og:image:width\" content=\"1920\" \/>\n\t<meta property=\"og:image:height\" content=\"1920\" \/>\n\t<meta property=\"og:image:type\" content=\"image\/webp\" \/>\n<meta name=\"twitter:card\" content=\"summary_large_image\" \/>\n<meta name=\"twitter:label1\" content=\"Availability\" \/>\n\t<meta name=\"twitter:data1\" content=\"In stock\" \/>\n<script type=\"application\/ld+json\" class=\"yoast-schema-graph\">{\"@context\":\"https:\\\/\\\/schema.org\",\"@graph\":[{\"@type\":\"WebPage\",\"@id\":\"https:\\\/\\\/bikefit.lu\\\/lb-lu\\\/product\\\/form-virfousskail-strooss-offroad\\\/\",\"url\":\"https:\\\/\\\/bikefit.lu\\\/lb-lu\\\/product\\\/form-virfousskail-strooss-offroad\\\/\",\"name\":\"FORM\u00ae Virfoussk\u00e4il Strooss\\\/Offroad - bikefit.lu\",\"isPartOf\":{\"@id\":\"https:\\\/\\\/bikefit.lu\\\/lb-lu\\\/#website\"},\"primaryImageOfPage\":{\"@id\":\"https:\\\/\\\/bikefit.lu\\\/lb-lu\\\/product\\\/form-virfousskail-strooss-offroad\\\/#primaryimage\"},\"image\":{\"@id\":\"https:\\\/\\\/bikefit.lu\\\/lb-lu\\\/product\\\/form-virfousskail-strooss-offroad\\\/#primaryimage\"},\"thumbnailUrl\":\"https:\\\/\\\/bikefit.lu\\\/wp-content\\\/uploads\\\/2024\\\/12\\\/06-forefoot-wedge.webp\",\"datePublished\":\"2022-02-10T15:40:59+00:00\",\"dateModified\":\"2025-02-26T21:59:43+00:00\",\"breadcrumb\":{\"@id\":\"https:\\\/\\\/bikefit.lu\\\/lb-lu\\\/product\\\/form-virfousskail-strooss-offroad\\\/#breadcrumb\"},\"inLanguage\":\"lb-LU\",\"potentialAction\":[{\"@type\":\"ReadAction\",\"target\":[\"https:\\\/\\\/bikefit.lu\\\/lb-lu\\\/product\\\/form-virfousskail-strooss-offroad\\\/\"]}]},{\"@type\":\"ImageObject\",\"inLanguage\":\"lb-LU\",\"@id\":\"https:\\\/\\\/bikefit.lu\\\/lb-lu\\\/product\\\/form-virfousskail-strooss-offroad\\\/#primaryimage\",\"url\":\"https:\\\/\\\/bikefit.lu\\\/wp-content\\\/uploads\\\/2024\\\/12\\\/06-forefoot-wedge.webp\",\"contentUrl\":\"https:\\\/\\\/bikefit.lu\\\/wp-content\\\/uploads\\\/2024\\\/12\\\/06-forefoot-wedge.webp\",\"width\":1920,\"height\":1920},{\"@type\":\"BreadcrumbList\",\"@id\":\"https:\\\/\\\/bikefit.lu\\\/lb-lu\\\/product\\\/form-virfousskail-strooss-offroad\\\/#breadcrumb\",\"itemListElement\":[{\"@type\":\"ListItem\",\"position\":1,\"name\":\"Home\",\"item\":\"https:\\\/\\\/bikefit.lu\\\/lb-lu\\\/\"},{\"@type\":\"ListItem\",\"position\":2,\"name\":\"Products\",\"item\":\"https:\\\/\\\/bikefit.lu\\\/lb-lu\\\/shop\\\/\"},{\"@type\":\"ListItem\",\"position\":3,\"name\":\"FORM\u00ae Virfoussk\u00e4il Strooss\\\/Offroad\"}]},{\"@type\":\"WebSite\",\"@id\":\"https:\\\/\\\/bikefit.lu\\\/lb-lu\\\/#website\",\"url\":\"https:\\\/\\\/bikefit.lu\\\/lb-lu\\\/\",\"name\":\"bikefit.lu\",\"description\":\"IMPROVING CYCLING\",\"publisher\":{\"@id\":\"https:\\\/\\\/bikefit.lu\\\/lb-lu\\\/#\\\/schema\\\/person\\\/379af1263474d2f8cd1f41c2bd90273d\"},\"potentialAction\":[{\"@type\":\"SearchAction\",\"target\":{\"@type\":\"EntryPoint\",\"urlTemplate\":\"https:\\\/\\\/bikefit.lu\\\/lb-lu\\\/?s={search_term_string}\"},\"query-input\":{\"@type\":\"PropertyValueSpecification\",\"valueRequired\":true,\"valueName\":\"search_term_string\"}}],\"inLanguage\":\"lb-LU\"},{\"@type\":[\"Person\",\"Organization\"],\"@id\":\"https:\\\/\\\/bikefit.lu\\\/lb-lu\\\/#\\\/schema\\\/person\\\/379af1263474d2f8cd1f41c2bd90273d\",\"name\":\"Patrick Guillaume\",\"image\":{\"@type\":\"ImageObject\",\"inLanguage\":\"lb-LU\",\"@id\":\"https:\\\/\\\/bikefit.lu\\\/wp-content\\\/uploads\\\/2024\\\/12\\\/cropped-bikefit-logoURL-RGB-jpg.jpg\",\"url\":\"https:\\\/\\\/bikefit.lu\\\/wp-content\\\/uploads\\\/2024\\\/12\\\/cropped-bikefit-logoURL-RGB-jpg.jpg\",\"contentUrl\":\"https:\\\/\\\/bikefit.lu\\\/wp-content\\\/uploads\\\/2024\\\/12\\\/cropped-bikefit-logoURL-RGB-jpg.jpg\",\"width\":512,\"height\":512,\"caption\":\"Patrick Guillaume\"},\"logo\":{\"@id\":\"https:\\\/\\\/bikefit.lu\\\/wp-content\\\/uploads\\\/2024\\\/12\\\/cropped-bikefit-logoURL-RGB-jpg.jpg\"},\"sameAs\":[\"https:\\\/\\\/bikefit.lu\"],\"honorificPrefix\":\"Mr\",\"birthDate\":\"1966-11-18\",\"gender\":\"male\",\"knowsAbout\":[\"Bike-fitting\"],\"knowsLanguage\":[\"English\",\"French\",\"German\",\"Luxembourgish\"]}]}<\/script>\n<meta property=\"og:availability\" content=\"instock\" \/>\n<meta property=\"product:availability\" content=\"instock\" \/>\n<meta property=\"product:condition\" content=\"new\" \/>\n<!-- \/ Yoast SEO Premium plugin. -->","yoast_head_json":{"title":"FORM\u00ae Virfoussk\u00e4il Strooss\/Offroad - bikefit.lu","robots":{"index":"index","follow":"follow","max-snippet":"max-snippet:-1","max-image-preview":"max-image-preview:large","max-video-preview":"max-video-preview:-1"},"canonical":"https:\/\/bikefit.lu\/lb-lu\/product\/form-virfousskail-strooss-offroad\/","og_locale":"en_US","og_type":"article","og_title":"FORM\u00ae Virfoussk\u00e4il Strooss\/Offroad","og_description":"Dee Virfoussk\u00e4il ass entw\u00e9ckelt fir an de Schong \u00ebnnert d\u2019Suel geluecht ze ginn. E bitt 1,5 Grad Varus-Neigung direkt \u00ebnnert dem Virfouss, verbessert Proprioceptioun a schaaft e m\u00e9i kontroll\u00e9iert \u00cbmfeld am Schong.  Am G\u00e9igesaz zu aneren Designen um Maart l\u00e4it de FORM In-Shoe Wedge net \u00ebnnert den Z\u00e9iwen. D\u2019Gr\u00ebnn dofir sinn: - Deen Design h\u00eblt keng Plaz an der Z\u00e9iwebox an elimin\u00e9iert dat \u201canengend\u201d Gefill vun aneren Designen. - Wann d\u2019Z\u00e9iwen net gehuewe sinn, huet de K\u00e4il zous\u00e4tzlech Presenz \u00ebnner dem Virfouss, wat zu enger verbesserter Proprioceptioun result\u00e9iert. - esou kann e vill m\u00e9i pr\u00e4zis direkt \u00ebnnert de Virfouss position\u00e9iert ginn. De K\u00e4il ass an enger Gr\u00e9isst verf\u00fcgbar a ka fir verschidde Schongbreeten ofgeschnidde ginn (kuckt den Unhang).","og_url":"https:\/\/bikefit.lu\/lb-lu\/product\/form-virfousskail-strooss-offroad\/","og_site_name":"bikefit.lu","article_modified_time":"2025-02-26T21:59:43+00:00","og_image":[{"width":1920,"height":1920,"url":"https:\/\/bikefit.lu\/wp-content\/uploads\/2024\/12\/06-forefoot-wedge.webp","type":"image\/webp"}],"twitter_card":"summary_large_image","twitter_misc":{"Availability":"In stock"},"schema":{"@context":"https:\/\/schema.org","@graph":[{"@type":"WebPage","@id":"https:\/\/bikefit.lu\/lb-lu\/product\/form-virfousskail-strooss-offroad\/","url":"https:\/\/bikefit.lu\/lb-lu\/product\/form-virfousskail-strooss-offroad\/","name":"FORM\u00ae Virfoussk\u00e4il Strooss\/Offroad - bikefit.lu","isPartOf":{"@id":"https:\/\/bikefit.lu\/lb-lu\/#website"},"primaryImageOfPage":{"@id":"https:\/\/bikefit.lu\/lb-lu\/product\/form-virfousskail-strooss-offroad\/#primaryimage"},"image":{"@id":"https:\/\/bikefit.lu\/lb-lu\/product\/form-virfousskail-strooss-offroad\/#primaryimage"},"thumbnailUrl":"https:\/\/bikefit.lu\/wp-content\/uploads\/2024\/12\/06-forefoot-wedge.webp","datePublished":"2022-02-10T15:40:59+00:00","dateModified":"2025-02-26T21:59:43+00:00","breadcrumb":{"@id":"https:\/\/bikefit.lu\/lb-lu\/product\/form-virfousskail-strooss-offroad\/#breadcrumb"},"inLanguage":"lb-LU","potentialAction":[{"@type":"ReadAction","target":["https:\/\/bikefit.lu\/lb-lu\/product\/form-virfousskail-strooss-offroad\/"]}]},{"@type":"ImageObject","inLanguage":"lb-LU","@id":"https:\/\/bikefit.lu\/lb-lu\/product\/form-virfousskail-strooss-offroad\/#primaryimage","url":"https:\/\/bikefit.lu\/wp-content\/uploads\/2024\/12\/06-forefoot-wedge.webp","contentUrl":"https:\/\/bikefit.lu\/wp-content\/uploads\/2024\/12\/06-forefoot-wedge.webp","width":1920,"height":1920},{"@type":"BreadcrumbList","@id":"https:\/\/bikefit.lu\/lb-lu\/product\/form-virfousskail-strooss-offroad\/#breadcrumb","itemListElement":[{"@type":"ListItem","position":1,"name":"Home","item":"https:\/\/bikefit.lu\/lb-lu\/"},{"@type":"ListItem","position":2,"name":"Products","item":"https:\/\/bikefit.lu\/lb-lu\/shop\/"},{"@type":"ListItem","position":3,"name":"FORM\u00ae Virfoussk\u00e4il Strooss\/Offroad"}]},{"@type":"WebSite","@id":"https:\/\/bikefit.lu\/lb-lu\/#website","url":"https:\/\/bikefit.lu\/lb-lu\/","name":"bikefit.lu","description":"IMPROVING CYCLING","publisher":{"@id":"https:\/\/bikefit.lu\/lb-lu\/#\/schema\/person\/379af1263474d2f8cd1f41c2bd90273d"},"potentialAction":[{"@type":"SearchAction","target":{"@type":"EntryPoint","urlTemplate":"https:\/\/bikefit.lu\/lb-lu\/?s={search_term_string}"},"query-input":{"@type":"PropertyValueSpecification","valueRequired":true,"valueName":"search_term_string"}}],"inLanguage":"lb-LU"},{"@type":["Person","Organization"],"@id":"https:\/\/bikefit.lu\/lb-lu\/#\/schema\/person\/379af1263474d2f8cd1f41c2bd90273d","name":"Patrick Guillaume","image":{"@type":"ImageObject","inLanguage":"lb-LU","@id":"https:\/\/bikefit.lu\/wp-content\/uploads\/2024\/12\/cropped-bikefit-logoURL-RGB-jpg.jpg","url":"https:\/\/bikefit.lu\/wp-content\/uploads\/2024\/12\/cropped-bikefit-logoURL-RGB-jpg.jpg","contentUrl":"https:\/\/bikefit.lu\/wp-content\/uploads\/2024\/12\/cropped-bikefit-logoURL-RGB-jpg.jpg","width":512,"height":512,"caption":"Patrick Guillaume"},"logo":{"@id":"https:\/\/bikefit.lu\/wp-content\/uploads\/2024\/12\/cropped-bikefit-logoURL-RGB-jpg.jpg"},"sameAs":["https:\/\/bikefit.lu"],"honorificPrefix":"Mr","birthDate":"1966-11-18","gender":"male","knowsAbout":["Bike-fitting"],"knowsLanguage":["English","French","German","Luxembourgish"]}]},"og_availability":"instock","product_availability":"instock","product_condition":"new"},"_links":{"self":[{"href":"https:\/\/bikefit.lu\/lb-lu\/wp-json\/wp\/v2\/product\/79516","targetHints":{"allow":["GET"]}}],"collection":[{"href":"https:\/\/bikefit.lu\/lb-lu\/wp-json\/wp\/v2\/product"}],"about":[{"href":"https:\/\/bikefit.lu\/lb-lu\/wp-json\/wp\/v2\/types\/product"}],"replies":[{"embeddable":true,"href":"https:\/\/bikefit.lu\/lb-lu\/wp-json\/wp\/v2\/comments?post=79516"}],"version-history":[{"count":0,"href":"https:\/\/bikefit.lu\/lb-lu\/wp-json\/wp\/v2\/product\/79516\/revisions"}],"wp:featuredmedia":[{"embeddable":true,"href":"https:\/\/bikefit.lu\/lb-lu\/wp-json\/wp\/v2\/media\/88378"}],"wp:attachment":[{"href":"https:\/\/bikefit.lu\/lb-lu\/wp-json\/wp\/v2\/media?parent=79516"}],"wp:term":[{"taxonomy":"product_brand","embeddable":true,"href":"https:\/\/bikefit.lu\/lb-lu\/wp-json\/wp\/v2\/product_brand?post=79516"},{"taxonomy":"product_cat","embeddable":true,"href":"https:\/\/bikefit.lu\/lb-lu\/wp-json\/wp\/v2\/product_cat?post=79516"},{"taxonomy":"product_tag","embeddable":true,"href":"https:\/\/bikefit.lu\/lb-lu\/wp-json\/wp\/v2\/product_tag?post=79516"}],"curies":[{"name":"wp","href":"https:\/\/api.w.org\/{rel}","templated":true}]}}