{"id":79524,"date":"2022-02-06T16:07:21","date_gmt":"2022-02-06T16:07:21","guid":{"rendered":"https:\/\/staging.bikefit.lu\/shop\/uncategorized\/form-mtb-walkable-beenlangt-shims-v2\/"},"modified":"2025-12-15T21:42:56","modified_gmt":"2025-12-15T20:42:56","slug":"form-mtb-walkable-beenlangt-shims-v2","status":"publish","type":"product","link":"https:\/\/bikefit.lu\/lb-lu\/product\/form-mtb-walkable-beenlangt-shims-v2\/","title":{"rendered":"FORM\u00ae MTB Walkable Beenl\u00e4ngt-Shims V2"},"content":{"rendered":"<p><strong>BENOTZUNGSKRIT\u00c4REN<\/strong><\/p>\n<p>Beenl\u00e4ngt-Shims gi benotzt fir d\u00e9i effektiv L\u00e4ngt vun engem m\u00e9i kuerze Been z&#8217;erh\u00e9ijen a F\u00e4ll wou e Cyclist eng Beenl\u00e4ngtdiskrepanz opweist. Unzeeche vun engem Beel\u00e4ngten\u00ebnnerscheet k\u00ebnne sinn:<\/p>\n<p><strong>a) Iwwerstreckung op enger S\u00e4it an der \u00ebnnerster Phase vun der Pedall\u00ebmdr\u00e9iung<br \/>\n<\/strong><strong>b) Kippe vum Becken oder de Biker h\u00e4ngt op eng S\u00e4it vum Suedel fir d\u2019Verbindung mat de Pedallen ze halen<br \/>\n<\/strong><strong>c) Ee Bee fillt sech net genuch verstreckt un, w\u00e4rend dat anert sech just richteg ufillt<\/strong><\/p>\n<p>Ugeholl datt eng Diskrepanz best\u00e4tegt gouf, k\u00ebnnen d\u2019Problemer hei uewe gel\u00e9ist gi mat der Benotzung vu Beenl\u00e4ngt-Shims. Shimming erm\u00e9iglecht m\u00e9i eng equilibr\u00e9iert Biomechanik vun de Been, an de Becken g\u00ebtt stabilis\u00e9iert. <\/p>\n<p><em><strong>* kompatibel mat allen MTB-Kallen: Shimano SPD, Time ATAC, Crank Bros and Look X-Track<\/strong><\/em><u><br \/>\n<\/u><\/p>\n<p>AM KIT SINN: En Haaptkierper vun 3 mm \/ 1 Spacer vun 2 mm \/ 1 Spacer vun 1 mm \/ 2 x 16 mm &amp; 2 x 18 mm Schrauwen<\/p>\n","protected":false},"excerpt":{"rendered":"<p>FORM MTB Shims sinn d\u00e9i eenzeg \u201cwalkable\u201d SPD Shims um Maart, a goufe speziell entw\u00e9ckelt fir d\u2019Problemer ze iwwerwannen, d\u00e9i inherent an traditionellen MTB Shim Designs sinn:<\/p>\n<p><strong>&#8211; eng Schwieregkeet beim Goen oder fir anzeklicken<br \/>\n<\/strong><strong>&#8211; eng wackeleg an onstabil Verbindung mat de Pedallen<\/strong><\/p>\n<p>FORM hire Produkt l\u00e9ist d\u00ebs Problemer mat den Tricker:<\/p>\n<p><strong><em>&#8211; 2 parallel Laaffl\u00e4chen fir d\u2019Kall ze sch\u00fctzen a Stabilit\u00e9it ze garant\u00e9ieren<br \/>\n<\/em><\/strong><strong><em>&#8211; vir ofgeflaacht fir besser anzeklicken<br \/>\n<\/em><\/strong><strong><em>&#8211; zwee D\u00e4pp d\u00e9i an de Schong eraussti fir d\u2019Rotatioun ze verh\u00ebnneren<\/em><\/strong><\/p>\n<p>D\u00ebs Shims sinn ideal fir Gravel, Cyclocross oder Cross Country MTB , wou relativ vill Z\u00e4it am S\u00ebtze pedall\u00e9iert g\u00ebtt, a si passen am Beschten op traditionell steif MTB Schong.<\/p>\n","protected":false},"featured_media":77265,"comment_status":"closed","ping_status":"closed","template":"","meta":[],"product_brand":[],"product_cat":[4832,4784],"product_tag":[5069,5054,5111,5106],"class_list":{"0":"post-79524","1":"product","2":"type-product","3":"status-publish","4":"has-post-thumbnail","6":"product_cat-foot-pedal-interface-lb-lu","7":"product_cat-offroad-lb-lu-2","8":"product_tag-foot-pedal-interface-lb-lu","9":"product_tag-form-lb-lu","10":"product_tag-offroad-lb-lu","11":"product_tag-shims-lb-lu","12":"product_shipping_class-format-s-lb-lu","14":"first","15":"instock","16":"taxable","17":"shipping-taxable","18":"purchasable","19":"product-type-simple"},"yoast_head":"<!-- This site is optimized with the Yoast SEO Premium plugin v27.3 (Yoast SEO v27.3) - https:\/\/yoast.com\/product\/yoast-seo-premium-wordpress\/ -->\n<title>FORM\u00ae MTB Walkable Beenl\u00e4ngt-Shims V2 - bikefit.lu<\/title>\n<meta name=\"robots\" content=\"index, follow, max-snippet:-1, max-image-preview:large, max-video-preview:-1\" \/>\n<link rel=\"canonical\" href=\"https:\/\/bikefit.lu\/lb-lu\/product\/form-mtb-walkable-beenlangt-shims-v2\/\" \/>\n<meta property=\"og:locale\" content=\"en_US\" \/>\n<meta property=\"og:type\" content=\"article\" \/>\n<meta property=\"og:title\" content=\"FORM\u00ae MTB Walkable Beenl\u00e4ngt-Shims V2\" \/>\n<meta property=\"og:description\" content=\"FORM MTB Shims sinn d\u00e9i eenzeg \u201cwalkable\u201d SPD Shims um Maart, a goufe speziell entw\u00e9ckelt fir d\u2019Problemer ze iwwerwannen, d\u00e9i inherent an traditionellen MTB Shim Designs sinn: - eng Schwieregkeet beim Goen oder fir anzeklicken - eng wackeleg an onstabil Verbindung mat de Pedallen FORM hire Produkt l\u00e9ist d\u00ebs Problemer mat den Tricker: - 2 parallel Laaffl\u00e4chen fir d\u2019Kall ze sch\u00fctzen a Stabilit\u00e9it ze garant\u00e9ieren - vir ofgeflaacht fir besser anzeklicken - zwee D\u00e4pp d\u00e9i an de Schong eraussti fir d\u2019Rotatioun ze verh\u00ebnneren D\u00ebs Shims sinn ideal fir Gravel, Cyclocross oder Cross Country MTB , wou relativ vill Z\u00e4it am S\u00ebtze pedall\u00e9iert g\u00ebtt, a si passen am Beschten op traditionell steif MTB Schong.\" \/>\n<meta property=\"og:url\" content=\"https:\/\/bikefit.lu\/lb-lu\/product\/form-mtb-walkable-beenlangt-shims-v2\/\" \/>\n<meta property=\"og:site_name\" content=\"bikefit.lu\" \/>\n<meta property=\"article:modified_time\" content=\"2025-12-15T20:42:56+00:00\" \/>\n<meta property=\"og:image\" content=\"https:\/\/bikefit.lu\/wp-content\/uploads\/2022\/02\/leg-length-shim-v2-mtb.webp\" \/>\n\t<meta property=\"og:image:width\" content=\"1920\" \/>\n\t<meta property=\"og:image:height\" content=\"1920\" \/>\n\t<meta property=\"og:image:type\" content=\"image\/webp\" \/>\n<meta name=\"twitter:card\" content=\"summary_large_image\" \/>\n<meta name=\"twitter:label1\" content=\"Price\" \/>\n\t<meta name=\"twitter:data1\" content=\"29,50&nbsp;&euro;\" \/>\n\t<meta name=\"twitter:label2\" content=\"Availability\" \/>\n\t<meta name=\"twitter:data2\" content=\"In stock\" \/>\n<script type=\"application\/ld+json\" class=\"yoast-schema-graph\">{\"@context\":\"https:\\\/\\\/schema.org\",\"@graph\":[{\"@type\":\"WebPage\",\"@id\":\"https:\\\/\\\/bikefit.lu\\\/lb-lu\\\/product\\\/form-mtb-walkable-beenlangt-shims-v2\\\/\",\"url\":\"https:\\\/\\\/bikefit.lu\\\/lb-lu\\\/product\\\/form-mtb-walkable-beenlangt-shims-v2\\\/\",\"name\":\"FORM\u00ae MTB Walkable Beenl\u00e4ngt-Shims V2 - bikefit.lu\",\"isPartOf\":{\"@id\":\"https:\\\/\\\/bikefit.lu\\\/lb-lu\\\/#website\"},\"primaryImageOfPage\":{\"@id\":\"https:\\\/\\\/bikefit.lu\\\/lb-lu\\\/product\\\/form-mtb-walkable-beenlangt-shims-v2\\\/#primaryimage\"},\"image\":{\"@id\":\"https:\\\/\\\/bikefit.lu\\\/lb-lu\\\/product\\\/form-mtb-walkable-beenlangt-shims-v2\\\/#primaryimage\"},\"thumbnailUrl\":\"https:\\\/\\\/bikefit.lu\\\/wp-content\\\/uploads\\\/2022\\\/02\\\/leg-length-shim-v2-mtb.webp\",\"datePublished\":\"2022-02-06T16:07:21+00:00\",\"dateModified\":\"2025-12-15T20:42:56+00:00\",\"breadcrumb\":{\"@id\":\"https:\\\/\\\/bikefit.lu\\\/lb-lu\\\/product\\\/form-mtb-walkable-beenlangt-shims-v2\\\/#breadcrumb\"},\"inLanguage\":\"lb-LU\",\"potentialAction\":[{\"@type\":\"ReadAction\",\"target\":[\"https:\\\/\\\/bikefit.lu\\\/lb-lu\\\/product\\\/form-mtb-walkable-beenlangt-shims-v2\\\/\"]}]},{\"@type\":\"ImageObject\",\"inLanguage\":\"lb-LU\",\"@id\":\"https:\\\/\\\/bikefit.lu\\\/lb-lu\\\/product\\\/form-mtb-walkable-beenlangt-shims-v2\\\/#primaryimage\",\"url\":\"https:\\\/\\\/bikefit.lu\\\/wp-content\\\/uploads\\\/2022\\\/02\\\/leg-length-shim-v2-mtb.webp\",\"contentUrl\":\"https:\\\/\\\/bikefit.lu\\\/wp-content\\\/uploads\\\/2022\\\/02\\\/leg-length-shim-v2-mtb.webp\",\"width\":1920,\"height\":1920},{\"@type\":\"BreadcrumbList\",\"@id\":\"https:\\\/\\\/bikefit.lu\\\/lb-lu\\\/product\\\/form-mtb-walkable-beenlangt-shims-v2\\\/#breadcrumb\",\"itemListElement\":[{\"@type\":\"ListItem\",\"position\":1,\"name\":\"Home\",\"item\":\"https:\\\/\\\/bikefit.lu\\\/lb-lu\\\/\"},{\"@type\":\"ListItem\",\"position\":2,\"name\":\"Products\",\"item\":\"https:\\\/\\\/bikefit.lu\\\/lb-lu\\\/shop\\\/\"},{\"@type\":\"ListItem\",\"position\":3,\"name\":\"FORM\u00ae MTB Walkable Beenl\u00e4ngt-Shims V2\"}]},{\"@type\":\"WebSite\",\"@id\":\"https:\\\/\\\/bikefit.lu\\\/lb-lu\\\/#website\",\"url\":\"https:\\\/\\\/bikefit.lu\\\/lb-lu\\\/\",\"name\":\"bikefit.lu\",\"description\":\"IMPROVING CYCLING\",\"publisher\":{\"@id\":\"https:\\\/\\\/bikefit.lu\\\/lb-lu\\\/#\\\/schema\\\/person\\\/379af1263474d2f8cd1f41c2bd90273d\"},\"potentialAction\":[{\"@type\":\"SearchAction\",\"target\":{\"@type\":\"EntryPoint\",\"urlTemplate\":\"https:\\\/\\\/bikefit.lu\\\/lb-lu\\\/?s={search_term_string}\"},\"query-input\":{\"@type\":\"PropertyValueSpecification\",\"valueRequired\":true,\"valueName\":\"search_term_string\"}}],\"inLanguage\":\"lb-LU\"},{\"@type\":[\"Person\",\"Organization\"],\"@id\":\"https:\\\/\\\/bikefit.lu\\\/lb-lu\\\/#\\\/schema\\\/person\\\/379af1263474d2f8cd1f41c2bd90273d\",\"name\":\"Patrick Guillaume\",\"image\":{\"@type\":\"ImageObject\",\"inLanguage\":\"lb-LU\",\"@id\":\"https:\\\/\\\/bikefit.lu\\\/wp-content\\\/uploads\\\/2024\\\/12\\\/cropped-bikefit-logoURL-RGB-jpg.jpg\",\"url\":\"https:\\\/\\\/bikefit.lu\\\/wp-content\\\/uploads\\\/2024\\\/12\\\/cropped-bikefit-logoURL-RGB-jpg.jpg\",\"contentUrl\":\"https:\\\/\\\/bikefit.lu\\\/wp-content\\\/uploads\\\/2024\\\/12\\\/cropped-bikefit-logoURL-RGB-jpg.jpg\",\"width\":512,\"height\":512,\"caption\":\"Patrick Guillaume\"},\"logo\":{\"@id\":\"https:\\\/\\\/bikefit.lu\\\/wp-content\\\/uploads\\\/2024\\\/12\\\/cropped-bikefit-logoURL-RGB-jpg.jpg\"},\"sameAs\":[\"https:\\\/\\\/bikefit.lu\"],\"honorificPrefix\":\"Mr\",\"birthDate\":\"1966-11-18\",\"gender\":\"male\",\"knowsAbout\":[\"Bike-fitting\"],\"knowsLanguage\":[\"English\",\"French\",\"German\",\"Luxembourgish\"]}]}<\/script>\n<meta property=\"product:price:amount\" content=\"29.50\" \/>\n<meta property=\"product:price:currency\" content=\"EUR\" \/>\n<meta property=\"og:availability\" content=\"instock\" \/>\n<meta property=\"product:availability\" content=\"instock\" \/>\n<meta property=\"product:condition\" content=\"new\" \/>\n<!-- \/ Yoast SEO Premium plugin. -->","yoast_head_json":{"title":"FORM\u00ae MTB Walkable Beenl\u00e4ngt-Shims V2 - bikefit.lu","robots":{"index":"index","follow":"follow","max-snippet":"max-snippet:-1","max-image-preview":"max-image-preview:large","max-video-preview":"max-video-preview:-1"},"canonical":"https:\/\/bikefit.lu\/lb-lu\/product\/form-mtb-walkable-beenlangt-shims-v2\/","og_locale":"en_US","og_type":"article","og_title":"FORM\u00ae MTB Walkable Beenl\u00e4ngt-Shims V2","og_description":"FORM MTB Shims sinn d\u00e9i eenzeg \u201cwalkable\u201d SPD Shims um Maart, a goufe speziell entw\u00e9ckelt fir d\u2019Problemer ze iwwerwannen, d\u00e9i inherent an traditionellen MTB Shim Designs sinn: - eng Schwieregkeet beim Goen oder fir anzeklicken - eng wackeleg an onstabil Verbindung mat de Pedallen FORM hire Produkt l\u00e9ist d\u00ebs Problemer mat den Tricker: - 2 parallel Laaffl\u00e4chen fir d\u2019Kall ze sch\u00fctzen a Stabilit\u00e9it ze garant\u00e9ieren - vir ofgeflaacht fir besser anzeklicken - zwee D\u00e4pp d\u00e9i an de Schong eraussti fir d\u2019Rotatioun ze verh\u00ebnneren D\u00ebs Shims sinn ideal fir Gravel, Cyclocross oder Cross Country MTB , wou relativ vill Z\u00e4it am S\u00ebtze pedall\u00e9iert g\u00ebtt, a si passen am Beschten op traditionell steif MTB Schong.","og_url":"https:\/\/bikefit.lu\/lb-lu\/product\/form-mtb-walkable-beenlangt-shims-v2\/","og_site_name":"bikefit.lu","article_modified_time":"2025-12-15T20:42:56+00:00","og_image":[{"width":1920,"height":1920,"url":"https:\/\/bikefit.lu\/wp-content\/uploads\/2022\/02\/leg-length-shim-v2-mtb.webp","type":"image\/webp"}],"twitter_card":"summary_large_image","twitter_misc":{"Price":"29,50&nbsp;&euro;","Availability":"In stock"},"schema":{"@context":"https:\/\/schema.org","@graph":[{"@type":"WebPage","@id":"https:\/\/bikefit.lu\/lb-lu\/product\/form-mtb-walkable-beenlangt-shims-v2\/","url":"https:\/\/bikefit.lu\/lb-lu\/product\/form-mtb-walkable-beenlangt-shims-v2\/","name":"FORM\u00ae MTB Walkable Beenl\u00e4ngt-Shims V2 - bikefit.lu","isPartOf":{"@id":"https:\/\/bikefit.lu\/lb-lu\/#website"},"primaryImageOfPage":{"@id":"https:\/\/bikefit.lu\/lb-lu\/product\/form-mtb-walkable-beenlangt-shims-v2\/#primaryimage"},"image":{"@id":"https:\/\/bikefit.lu\/lb-lu\/product\/form-mtb-walkable-beenlangt-shims-v2\/#primaryimage"},"thumbnailUrl":"https:\/\/bikefit.lu\/wp-content\/uploads\/2022\/02\/leg-length-shim-v2-mtb.webp","datePublished":"2022-02-06T16:07:21+00:00","dateModified":"2025-12-15T20:42:56+00:00","breadcrumb":{"@id":"https:\/\/bikefit.lu\/lb-lu\/product\/form-mtb-walkable-beenlangt-shims-v2\/#breadcrumb"},"inLanguage":"lb-LU","potentialAction":[{"@type":"ReadAction","target":["https:\/\/bikefit.lu\/lb-lu\/product\/form-mtb-walkable-beenlangt-shims-v2\/"]}]},{"@type":"ImageObject","inLanguage":"lb-LU","@id":"https:\/\/bikefit.lu\/lb-lu\/product\/form-mtb-walkable-beenlangt-shims-v2\/#primaryimage","url":"https:\/\/bikefit.lu\/wp-content\/uploads\/2022\/02\/leg-length-shim-v2-mtb.webp","contentUrl":"https:\/\/bikefit.lu\/wp-content\/uploads\/2022\/02\/leg-length-shim-v2-mtb.webp","width":1920,"height":1920},{"@type":"BreadcrumbList","@id":"https:\/\/bikefit.lu\/lb-lu\/product\/form-mtb-walkable-beenlangt-shims-v2\/#breadcrumb","itemListElement":[{"@type":"ListItem","position":1,"name":"Home","item":"https:\/\/bikefit.lu\/lb-lu\/"},{"@type":"ListItem","position":2,"name":"Products","item":"https:\/\/bikefit.lu\/lb-lu\/shop\/"},{"@type":"ListItem","position":3,"name":"FORM\u00ae MTB Walkable Beenl\u00e4ngt-Shims V2"}]},{"@type":"WebSite","@id":"https:\/\/bikefit.lu\/lb-lu\/#website","url":"https:\/\/bikefit.lu\/lb-lu\/","name":"bikefit.lu","description":"IMPROVING CYCLING","publisher":{"@id":"https:\/\/bikefit.lu\/lb-lu\/#\/schema\/person\/379af1263474d2f8cd1f41c2bd90273d"},"potentialAction":[{"@type":"SearchAction","target":{"@type":"EntryPoint","urlTemplate":"https:\/\/bikefit.lu\/lb-lu\/?s={search_term_string}"},"query-input":{"@type":"PropertyValueSpecification","valueRequired":true,"valueName":"search_term_string"}}],"inLanguage":"lb-LU"},{"@type":["Person","Organization"],"@id":"https:\/\/bikefit.lu\/lb-lu\/#\/schema\/person\/379af1263474d2f8cd1f41c2bd90273d","name":"Patrick Guillaume","image":{"@type":"ImageObject","inLanguage":"lb-LU","@id":"https:\/\/bikefit.lu\/wp-content\/uploads\/2024\/12\/cropped-bikefit-logoURL-RGB-jpg.jpg","url":"https:\/\/bikefit.lu\/wp-content\/uploads\/2024\/12\/cropped-bikefit-logoURL-RGB-jpg.jpg","contentUrl":"https:\/\/bikefit.lu\/wp-content\/uploads\/2024\/12\/cropped-bikefit-logoURL-RGB-jpg.jpg","width":512,"height":512,"caption":"Patrick Guillaume"},"logo":{"@id":"https:\/\/bikefit.lu\/wp-content\/uploads\/2024\/12\/cropped-bikefit-logoURL-RGB-jpg.jpg"},"sameAs":["https:\/\/bikefit.lu"],"honorificPrefix":"Mr","birthDate":"1966-11-18","gender":"male","knowsAbout":["Bike-fitting"],"knowsLanguage":["English","French","German","Luxembourgish"]}]},"product_price_amount":"29.50","product_price_currency":"EUR","og_availability":"instock","product_availability":"instock","product_condition":"new"},"_links":{"self":[{"href":"https:\/\/bikefit.lu\/lb-lu\/wp-json\/wp\/v2\/product\/79524","targetHints":{"allow":["GET"]}}],"collection":[{"href":"https:\/\/bikefit.lu\/lb-lu\/wp-json\/wp\/v2\/product"}],"about":[{"href":"https:\/\/bikefit.lu\/lb-lu\/wp-json\/wp\/v2\/types\/product"}],"replies":[{"embeddable":true,"href":"https:\/\/bikefit.lu\/lb-lu\/wp-json\/wp\/v2\/comments?post=79524"}],"version-history":[{"count":0,"href":"https:\/\/bikefit.lu\/lb-lu\/wp-json\/wp\/v2\/product\/79524\/revisions"}],"wp:featuredmedia":[{"embeddable":true,"href":"https:\/\/bikefit.lu\/lb-lu\/wp-json\/wp\/v2\/media\/77265"}],"wp:attachment":[{"href":"https:\/\/bikefit.lu\/lb-lu\/wp-json\/wp\/v2\/media?parent=79524"}],"wp:term":[{"taxonomy":"product_brand","embeddable":true,"href":"https:\/\/bikefit.lu\/lb-lu\/wp-json\/wp\/v2\/product_brand?post=79524"},{"taxonomy":"product_cat","embeddable":true,"href":"https:\/\/bikefit.lu\/lb-lu\/wp-json\/wp\/v2\/product_cat?post=79524"},{"taxonomy":"product_tag","embeddable":true,"href":"https:\/\/bikefit.lu\/lb-lu\/wp-json\/wp\/v2\/product_tag?post=79524"}],"curies":[{"name":"wp","href":"https:\/\/api.w.org\/{rel}","templated":true}]}}