{"id":79755,"date":"2020-12-19T09:30:40","date_gmt":"2020-12-19T09:30:40","guid":{"rendered":"https:\/\/staging.bikefit.lu\/shop\/uncategorized\/gebiomized-stride\/"},"modified":"2020-12-19T09:30:40","modified_gmt":"2020-12-19T09:30:40","slug":"gebiomized-stride","status":"publish","type":"product","link":"https:\/\/bikefit.lu\/lb-lu\/product\/gebiomized-stride\/","title":{"rendered":"gebioMized Stride"},"content":{"rendered":"<p><strong>FORM<\/strong><\/p>\n<p>D\u00e9i ideal M\u00ebschung vun engem grousse Kontaktber\u00e4ich fir m\u00e9i Confort a vill Beefr\u00e4iheet fir besser Aerodynamik. De Suedel g\u00ebtt zimmlech schmuel an der M\u00ebtt gehalen, sou datt de Becken staark no vir ka rot\u00e9ieren a gl\u00e4ichz\u00e4iteg dat onbel\u00e9ifte Beckeverrutsche reduz\u00e9iert ginn. Och an enger aerodynamesch optim\u00e9ierter Positioun s\u00ebtzt den Athlet e b\u00ebsse m\u00e9i w\u00e4it zr\u00e9ck, wat zu engem gr\u00e9issere Kontaktber\u00e4ich a m\u00e9i Confort f\u00e9iert.<\/p>\n<p><strong>MATERIAL<\/strong><\/p>\n<ul>\n<li>Schuel<strong style=\"font-style: inherit;\">:<\/strong> Komposit aus Kuelestoff an Nylon<\/li>\n<li>Schaum<strong style=\"font-style: inherit;\">:<\/strong> High-End EVA-Schaum fir laang Distanzen<\/li>\n<li>Gestell: Titan Schinne mat verbesserter D\u00e4mpfung<\/li>\n<\/ul>\n<p><strong>DIMENSIOUNEN<\/strong><\/p>\n<ul>\n<li>Stride N + S<strong style=\"font-style: inherit;\">:<\/strong> 245 x 130 mm<\/li>\n<\/ul>\n<p><strong>GEWIICHT<\/strong><\/p>\n<ul>\n<li>Stride N + S<strong style=\"font-style: inherit;\">:<\/strong> ongef\u00e9ier 260 g<\/li>\n<\/ul>\n","protected":false},"excerpt":{"rendered":"<p><strong>WA COMFORT AERO G\u00cbTT<\/strong><\/p>\n<p>De gebioMized Stride ass d\u2019\u00c4ntwert op d\u2019Basisprobleemer vun Triathleten an Z\u00e4itfuerer \u2013 besonnesch an de wierklech laange Coursen \u2013 an natierlech am Training. Well de Stride net n\u00ebmmen entw\u00e9ckelt gouf fir den onbel\u00e9ifte \u201cShifting\u201d ze minimis\u00e9ieren, d.h. H. Kontinu\u00e9ierlecht Rutschen um Suedel an aktiivt Zer\u00e9ckdr\u00e9cken. Dank senger spezieller Form erm\u00e9iglecht en och zwou verschidde Positioune mam selwechte Setup. Besonnesch Laangstrecken-Triathlete w\u00ebsse w\u00e9i w\u00e4ertvoll d\u00ebs Funktioun ka sinn. A well mir w\u00ebssen datt verschidde Sportler den Drock anescht empfannen, g\u00ebtt de Stride an zwou H\u00e4erten ugebueden: Stride N mat enger neutraler Standarddensit\u00e9it a Stride S, d\u00e9i liicht m\u00e9i m\u00ebll Versioun.    <\/p>\n<p>&nbsp;<\/p>\n<p><strong>REFERENZEN<\/strong><\/p>\n<p><strong>ANNE HAUG<\/strong>, professionell Triathletin<\/p>\n<p>\u201eDer Sattel hilft mir, meine Aero-Position l\u00e4nger zu halten. Mein Becken ist recht stabil. Dadurch kann ich die gesamte Kraft, die ich investiere, auf das Pedal \u00fcbertragen werden. Das bedeutet sowohl Leistungs- als auch Komfortgewinne. \u201c<\/p>\n<p><strong style=\"font-style: inherit;\"><em>Erfolleger<\/em><\/strong>: Ironman-Weltmeeschterin Hawaii 2019 | Bronze 70.3 Weltmeeschterschaften 2018 | Gew\u00ebnnerin Ironman Kopenhagen 2019 | D\u00e4itsche Rekord: 8:31:32<\/p>\n<p>Wiel vun de Waffen<strong style=\"font-style: inherit;\">:<\/strong> gebioMized Stride S (Triathlon) | gebioMized Area 145 Kanal (Stross)<\/p>\n<p>&nbsp;<\/p>\n<p><strong>DANIELA BLEYMEHL<\/strong>, professionell Triathletin<\/p>\n<p>\u201eNachdem ich den Sattel im Labor ausprobiert hatte, war ich erstaunt \u00fcber seine Leistung in der\u201a realen Welt \u2018. Ich kann mir nicht mehr vorstellen, ohne zu fahren. Ich liebe ihn wirklich.\u201d<\/p>\n<p><em>Erfolleger<\/em><strong style=\"font-style: inherit;\">:<\/strong> Gew\u00ebnnerin Challenge Roth 2018 | Gew\u00ebnnerin Ironman Italien 2018 | Gew\u00ebnnerin Ironman Hamburg 2017<\/p>\n<p>Wiel vun de Waffen: gebioMized Stride N (Triathlon) | gebioMized Sleak 145 Channel (Strooss)<\/p>\n","protected":false},"featured_media":88855,"comment_status":"closed","ping_status":"closed","template":"","meta":[],"product_brand":[],"product_cat":[4837,4777],"product_tag":[5209,5149,5165,5181,5195],"class_list":{"0":"post-79755","1":"product","2":"type-product","3":"status-publish","4":"has-post-thumbnail","6":"product_cat-kontaktpunkt-becken-lb-lu","7":"product_cat-tri-tt-en-lb-lu","8":"product_tag-gebiomized-lb-lu","9":"product_tag-stride-lb-lu","10":"product_tag-suedelen","11":"product_tag-triathlon-lb-lu","12":"product_tag-zaitfueren","13":"product_shipping_class-large-items-lb-lu","15":"first","16":"instock","17":"taxable","18":"shipping-taxable","19":"purchasable","20":"product-type-variable"},"yoast_head":"<!-- This site is optimized with the Yoast SEO Premium plugin v27.3 (Yoast SEO v27.3) - https:\/\/yoast.com\/product\/yoast-seo-premium-wordpress\/ -->\n<title>gebioMized Stride - bikefit.lu<\/title>\n<meta name=\"robots\" content=\"index, follow, max-snippet:-1, max-image-preview:large, max-video-preview:-1\" \/>\n<link rel=\"canonical\" href=\"https:\/\/bikefit.lu\/lb-lu\/product\/gebiomized-stride\/\" \/>\n<meta property=\"og:locale\" content=\"en_US\" \/>\n<meta property=\"og:type\" content=\"article\" \/>\n<meta property=\"og:title\" content=\"gebioMized Stride\" \/>\n<meta property=\"og:description\" content=\"WA COMFORT AERO G\u00cbTT De gebioMized Stride ass d\u2019\u00c4ntwert op d\u2019Basisprobleemer vun Triathleten an Z\u00e4itfuerer \u2013 besonnesch an de wierklech laange Coursen \u2013 an natierlech am Training. Well de Stride net n\u00ebmmen entw\u00e9ckelt gouf fir den onbel\u00e9ifte \u201cShifting\u201d ze minimis\u00e9ieren, d.h. H. Kontinu\u00e9ierlecht Rutschen um Suedel an aktiivt Zer\u00e9ckdr\u00e9cken. Dank senger spezieller Form erm\u00e9iglecht en och zwou verschidde Positioune mam selwechte Setup. Besonnesch Laangstrecken-Triathlete w\u00ebsse w\u00e9i w\u00e4ertvoll d\u00ebs Funktioun ka sinn. A well mir w\u00ebssen datt verschidde Sportler den Drock anescht empfannen, g\u00ebtt de Stride an zwou H\u00e4erten ugebueden: Stride N mat enger neutraler Standarddensit\u00e9it a Stride S, d\u00e9i liicht m\u00e9i m\u00ebll Versioun.   &nbsp; REFERENZEN ANNE HAUG, professionell Triathletin \u201eDer Sattel hilft mir, meine Aero-Position l\u00e4nger zu halten. Mein Becken ist recht stabil. Dadurch kann ich die gesamte Kraft, die ich investiere, auf das Pedal \u00fcbertragen werden. Das bedeutet sowohl Leistungs- als auch Komfortgewinne. \u201c Erfolleger: Ironman-Weltmeeschterin Hawaii 2019 | Bronze 70.3 Weltmeeschterschaften 2018 | Gew\u00ebnnerin Ironman Kopenhagen 2019 | D\u00e4itsche Rekord: 8:31:32 Wiel vun de Waffen: gebioMized Stride S (Triathlon) | gebioMized Area 145 Kanal (Stross) &nbsp; DANIELA BLEYMEHL, professionell Triathletin \u201eNachdem ich den Sattel im Labor ausprobiert hatte, war ich erstaunt \u00fcber seine Leistung in der\u201a realen Welt \u2018. Ich kann mir nicht mehr vorstellen, ohne zu fahren. Ich liebe ihn wirklich.\u201d Erfolleger: Gew\u00ebnnerin Challenge Roth 2018 | Gew\u00ebnnerin Ironman Italien 2018 | Gew\u00ebnnerin Ironman Hamburg 2017 Wiel vun de Waffen: gebioMized Stride N (Triathlon) | gebioMized Sleak 145 Channel (Strooss)\" \/>\n<meta property=\"og:url\" content=\"https:\/\/bikefit.lu\/lb-lu\/product\/gebiomized-stride\/\" \/>\n<meta property=\"og:site_name\" content=\"bikefit.lu\" \/>\n<meta property=\"og:image\" content=\"https:\/\/bikefit.lu\/wp-content\/uploads\/2022\/06\/1920x1280_stride_IMG_8096-1030x687-1.jpg\" \/>\n\t<meta property=\"og:image:width\" content=\"1030\" \/>\n\t<meta property=\"og:image:height\" content=\"687\" \/>\n\t<meta property=\"og:image:type\" content=\"image\/jpeg\" \/>\n<meta name=\"twitter:card\" content=\"summary_large_image\" \/>\n<meta name=\"twitter:label1\" content=\"Availability\" \/>\n\t<meta name=\"twitter:data1\" content=\"In stock\" \/>\n<script type=\"application\/ld+json\" class=\"yoast-schema-graph\">{\"@context\":\"https:\\\/\\\/schema.org\",\"@graph\":[{\"@type\":\"WebPage\",\"@id\":\"https:\\\/\\\/bikefit.lu\\\/lb-lu\\\/product\\\/gebiomized-stride\\\/\",\"url\":\"https:\\\/\\\/bikefit.lu\\\/lb-lu\\\/product\\\/gebiomized-stride\\\/\",\"name\":\"gebioMized Stride - bikefit.lu\",\"isPartOf\":{\"@id\":\"https:\\\/\\\/bikefit.lu\\\/lb-lu\\\/#website\"},\"primaryImageOfPage\":{\"@id\":\"https:\\\/\\\/bikefit.lu\\\/lb-lu\\\/product\\\/gebiomized-stride\\\/#primaryimage\"},\"image\":{\"@id\":\"https:\\\/\\\/bikefit.lu\\\/lb-lu\\\/product\\\/gebiomized-stride\\\/#primaryimage\"},\"thumbnailUrl\":\"https:\\\/\\\/bikefit.lu\\\/wp-content\\\/uploads\\\/2022\\\/06\\\/1920x1280_stride_IMG_8096-1030x687-1.jpg\",\"datePublished\":\"2020-12-19T09:30:40+00:00\",\"breadcrumb\":{\"@id\":\"https:\\\/\\\/bikefit.lu\\\/lb-lu\\\/product\\\/gebiomized-stride\\\/#breadcrumb\"},\"inLanguage\":\"lb-LU\",\"potentialAction\":[{\"@type\":\"ReadAction\",\"target\":[\"https:\\\/\\\/bikefit.lu\\\/lb-lu\\\/product\\\/gebiomized-stride\\\/\"]}]},{\"@type\":\"ImageObject\",\"inLanguage\":\"lb-LU\",\"@id\":\"https:\\\/\\\/bikefit.lu\\\/lb-lu\\\/product\\\/gebiomized-stride\\\/#primaryimage\",\"url\":\"https:\\\/\\\/bikefit.lu\\\/wp-content\\\/uploads\\\/2022\\\/06\\\/1920x1280_stride_IMG_8096-1030x687-1.jpg\",\"contentUrl\":\"https:\\\/\\\/bikefit.lu\\\/wp-content\\\/uploads\\\/2022\\\/06\\\/1920x1280_stride_IMG_8096-1030x687-1.jpg\",\"width\":1030,\"height\":687},{\"@type\":\"BreadcrumbList\",\"@id\":\"https:\\\/\\\/bikefit.lu\\\/lb-lu\\\/product\\\/gebiomized-stride\\\/#breadcrumb\",\"itemListElement\":[{\"@type\":\"ListItem\",\"position\":1,\"name\":\"Home\",\"item\":\"https:\\\/\\\/bikefit.lu\\\/lb-lu\\\/\"},{\"@type\":\"ListItem\",\"position\":2,\"name\":\"Products\",\"item\":\"https:\\\/\\\/bikefit.lu\\\/lb-lu\\\/shop\\\/\"},{\"@type\":\"ListItem\",\"position\":3,\"name\":\"gebioMized Stride\"}]},{\"@type\":\"WebSite\",\"@id\":\"https:\\\/\\\/bikefit.lu\\\/lb-lu\\\/#website\",\"url\":\"https:\\\/\\\/bikefit.lu\\\/lb-lu\\\/\",\"name\":\"bikefit.lu\",\"description\":\"IMPROVING CYCLING\",\"publisher\":{\"@id\":\"https:\\\/\\\/bikefit.lu\\\/lb-lu\\\/#\\\/schema\\\/person\\\/379af1263474d2f8cd1f41c2bd90273d\"},\"potentialAction\":[{\"@type\":\"SearchAction\",\"target\":{\"@type\":\"EntryPoint\",\"urlTemplate\":\"https:\\\/\\\/bikefit.lu\\\/lb-lu\\\/?s={search_term_string}\"},\"query-input\":{\"@type\":\"PropertyValueSpecification\",\"valueRequired\":true,\"valueName\":\"search_term_string\"}}],\"inLanguage\":\"lb-LU\"},{\"@type\":[\"Person\",\"Organization\"],\"@id\":\"https:\\\/\\\/bikefit.lu\\\/lb-lu\\\/#\\\/schema\\\/person\\\/379af1263474d2f8cd1f41c2bd90273d\",\"name\":\"Patrick Guillaume\",\"image\":{\"@type\":\"ImageObject\",\"inLanguage\":\"lb-LU\",\"@id\":\"https:\\\/\\\/bikefit.lu\\\/wp-content\\\/uploads\\\/2024\\\/12\\\/cropped-bikefit-logoURL-RGB-jpg.jpg\",\"url\":\"https:\\\/\\\/bikefit.lu\\\/wp-content\\\/uploads\\\/2024\\\/12\\\/cropped-bikefit-logoURL-RGB-jpg.jpg\",\"contentUrl\":\"https:\\\/\\\/bikefit.lu\\\/wp-content\\\/uploads\\\/2024\\\/12\\\/cropped-bikefit-logoURL-RGB-jpg.jpg\",\"width\":512,\"height\":512,\"caption\":\"Patrick Guillaume\"},\"logo\":{\"@id\":\"https:\\\/\\\/bikefit.lu\\\/wp-content\\\/uploads\\\/2024\\\/12\\\/cropped-bikefit-logoURL-RGB-jpg.jpg\"},\"sameAs\":[\"https:\\\/\\\/bikefit.lu\"],\"honorificPrefix\":\"Mr\",\"birthDate\":\"1966-11-18\",\"gender\":\"male\",\"knowsAbout\":[\"Bike-fitting\"],\"knowsLanguage\":[\"English\",\"French\",\"German\",\"Luxembourgish\"]}]}<\/script>\n<meta property=\"og:availability\" content=\"instock\" \/>\n<meta property=\"product:availability\" content=\"instock\" \/>\n<meta property=\"product:condition\" content=\"new\" \/>\n<!-- \/ Yoast SEO Premium plugin. -->","yoast_head_json":{"title":"gebioMized Stride - bikefit.lu","robots":{"index":"index","follow":"follow","max-snippet":"max-snippet:-1","max-image-preview":"max-image-preview:large","max-video-preview":"max-video-preview:-1"},"canonical":"https:\/\/bikefit.lu\/lb-lu\/product\/gebiomized-stride\/","og_locale":"en_US","og_type":"article","og_title":"gebioMized Stride","og_description":"WA COMFORT AERO G\u00cbTT De gebioMized Stride ass d\u2019\u00c4ntwert op d\u2019Basisprobleemer vun Triathleten an Z\u00e4itfuerer \u2013 besonnesch an de wierklech laange Coursen \u2013 an natierlech am Training. Well de Stride net n\u00ebmmen entw\u00e9ckelt gouf fir den onbel\u00e9ifte \u201cShifting\u201d ze minimis\u00e9ieren, d.h. H. Kontinu\u00e9ierlecht Rutschen um Suedel an aktiivt Zer\u00e9ckdr\u00e9cken. Dank senger spezieller Form erm\u00e9iglecht en och zwou verschidde Positioune mam selwechte Setup. Besonnesch Laangstrecken-Triathlete w\u00ebsse w\u00e9i w\u00e4ertvoll d\u00ebs Funktioun ka sinn. A well mir w\u00ebssen datt verschidde Sportler den Drock anescht empfannen, g\u00ebtt de Stride an zwou H\u00e4erten ugebueden: Stride N mat enger neutraler Standarddensit\u00e9it a Stride S, d\u00e9i liicht m\u00e9i m\u00ebll Versioun.   &nbsp; REFERENZEN ANNE HAUG, professionell Triathletin \u201eDer Sattel hilft mir, meine Aero-Position l\u00e4nger zu halten. Mein Becken ist recht stabil. Dadurch kann ich die gesamte Kraft, die ich investiere, auf das Pedal \u00fcbertragen werden. Das bedeutet sowohl Leistungs- als auch Komfortgewinne. \u201c Erfolleger: Ironman-Weltmeeschterin Hawaii 2019 | Bronze 70.3 Weltmeeschterschaften 2018 | Gew\u00ebnnerin Ironman Kopenhagen 2019 | D\u00e4itsche Rekord: 8:31:32 Wiel vun de Waffen: gebioMized Stride S (Triathlon) | gebioMized Area 145 Kanal (Stross) &nbsp; DANIELA BLEYMEHL, professionell Triathletin \u201eNachdem ich den Sattel im Labor ausprobiert hatte, war ich erstaunt \u00fcber seine Leistung in der\u201a realen Welt \u2018. Ich kann mir nicht mehr vorstellen, ohne zu fahren. Ich liebe ihn wirklich.\u201d Erfolleger: Gew\u00ebnnerin Challenge Roth 2018 | Gew\u00ebnnerin Ironman Italien 2018 | Gew\u00ebnnerin Ironman Hamburg 2017 Wiel vun de Waffen: gebioMized Stride N (Triathlon) | gebioMized Sleak 145 Channel (Strooss)","og_url":"https:\/\/bikefit.lu\/lb-lu\/product\/gebiomized-stride\/","og_site_name":"bikefit.lu","og_image":[{"width":1030,"height":687,"url":"https:\/\/bikefit.lu\/wp-content\/uploads\/2022\/06\/1920x1280_stride_IMG_8096-1030x687-1.jpg","type":"image\/jpeg"}],"twitter_card":"summary_large_image","twitter_misc":{"Availability":"In stock"},"schema":{"@context":"https:\/\/schema.org","@graph":[{"@type":"WebPage","@id":"https:\/\/bikefit.lu\/lb-lu\/product\/gebiomized-stride\/","url":"https:\/\/bikefit.lu\/lb-lu\/product\/gebiomized-stride\/","name":"gebioMized Stride - bikefit.lu","isPartOf":{"@id":"https:\/\/bikefit.lu\/lb-lu\/#website"},"primaryImageOfPage":{"@id":"https:\/\/bikefit.lu\/lb-lu\/product\/gebiomized-stride\/#primaryimage"},"image":{"@id":"https:\/\/bikefit.lu\/lb-lu\/product\/gebiomized-stride\/#primaryimage"},"thumbnailUrl":"https:\/\/bikefit.lu\/wp-content\/uploads\/2022\/06\/1920x1280_stride_IMG_8096-1030x687-1.jpg","datePublished":"2020-12-19T09:30:40+00:00","breadcrumb":{"@id":"https:\/\/bikefit.lu\/lb-lu\/product\/gebiomized-stride\/#breadcrumb"},"inLanguage":"lb-LU","potentialAction":[{"@type":"ReadAction","target":["https:\/\/bikefit.lu\/lb-lu\/product\/gebiomized-stride\/"]}]},{"@type":"ImageObject","inLanguage":"lb-LU","@id":"https:\/\/bikefit.lu\/lb-lu\/product\/gebiomized-stride\/#primaryimage","url":"https:\/\/bikefit.lu\/wp-content\/uploads\/2022\/06\/1920x1280_stride_IMG_8096-1030x687-1.jpg","contentUrl":"https:\/\/bikefit.lu\/wp-content\/uploads\/2022\/06\/1920x1280_stride_IMG_8096-1030x687-1.jpg","width":1030,"height":687},{"@type":"BreadcrumbList","@id":"https:\/\/bikefit.lu\/lb-lu\/product\/gebiomized-stride\/#breadcrumb","itemListElement":[{"@type":"ListItem","position":1,"name":"Home","item":"https:\/\/bikefit.lu\/lb-lu\/"},{"@type":"ListItem","position":2,"name":"Products","item":"https:\/\/bikefit.lu\/lb-lu\/shop\/"},{"@type":"ListItem","position":3,"name":"gebioMized Stride"}]},{"@type":"WebSite","@id":"https:\/\/bikefit.lu\/lb-lu\/#website","url":"https:\/\/bikefit.lu\/lb-lu\/","name":"bikefit.lu","description":"IMPROVING CYCLING","publisher":{"@id":"https:\/\/bikefit.lu\/lb-lu\/#\/schema\/person\/379af1263474d2f8cd1f41c2bd90273d"},"potentialAction":[{"@type":"SearchAction","target":{"@type":"EntryPoint","urlTemplate":"https:\/\/bikefit.lu\/lb-lu\/?s={search_term_string}"},"query-input":{"@type":"PropertyValueSpecification","valueRequired":true,"valueName":"search_term_string"}}],"inLanguage":"lb-LU"},{"@type":["Person","Organization"],"@id":"https:\/\/bikefit.lu\/lb-lu\/#\/schema\/person\/379af1263474d2f8cd1f41c2bd90273d","name":"Patrick Guillaume","image":{"@type":"ImageObject","inLanguage":"lb-LU","@id":"https:\/\/bikefit.lu\/wp-content\/uploads\/2024\/12\/cropped-bikefit-logoURL-RGB-jpg.jpg","url":"https:\/\/bikefit.lu\/wp-content\/uploads\/2024\/12\/cropped-bikefit-logoURL-RGB-jpg.jpg","contentUrl":"https:\/\/bikefit.lu\/wp-content\/uploads\/2024\/12\/cropped-bikefit-logoURL-RGB-jpg.jpg","width":512,"height":512,"caption":"Patrick Guillaume"},"logo":{"@id":"https:\/\/bikefit.lu\/wp-content\/uploads\/2024\/12\/cropped-bikefit-logoURL-RGB-jpg.jpg"},"sameAs":["https:\/\/bikefit.lu"],"honorificPrefix":"Mr","birthDate":"1966-11-18","gender":"male","knowsAbout":["Bike-fitting"],"knowsLanguage":["English","French","German","Luxembourgish"]}]},"og_availability":"instock","product_availability":"instock","product_condition":"new"},"_links":{"self":[{"href":"https:\/\/bikefit.lu\/lb-lu\/wp-json\/wp\/v2\/product\/79755","targetHints":{"allow":["GET"]}}],"collection":[{"href":"https:\/\/bikefit.lu\/lb-lu\/wp-json\/wp\/v2\/product"}],"about":[{"href":"https:\/\/bikefit.lu\/lb-lu\/wp-json\/wp\/v2\/types\/product"}],"replies":[{"embeddable":true,"href":"https:\/\/bikefit.lu\/lb-lu\/wp-json\/wp\/v2\/comments?post=79755"}],"version-history":[{"count":0,"href":"https:\/\/bikefit.lu\/lb-lu\/wp-json\/wp\/v2\/product\/79755\/revisions"}],"wp:featuredmedia":[{"embeddable":true,"href":"https:\/\/bikefit.lu\/lb-lu\/wp-json\/wp\/v2\/media\/88855"}],"wp:attachment":[{"href":"https:\/\/bikefit.lu\/lb-lu\/wp-json\/wp\/v2\/media?parent=79755"}],"wp:term":[{"taxonomy":"product_brand","embeddable":true,"href":"https:\/\/bikefit.lu\/lb-lu\/wp-json\/wp\/v2\/product_brand?post=79755"},{"taxonomy":"product_cat","embeddable":true,"href":"https:\/\/bikefit.lu\/lb-lu\/wp-json\/wp\/v2\/product_cat?post=79755"},{"taxonomy":"product_tag","embeddable":true,"href":"https:\/\/bikefit.lu\/lb-lu\/wp-json\/wp\/v2\/product_tag?post=79755"}],"curies":[{"name":"wp","href":"https:\/\/api.w.org\/{rel}","templated":true}]}}