{"id":79866,"date":"2020-04-23T09:57:02","date_gmt":"2020-04-23T07:57:02","guid":{"rendered":"https:\/\/staging.bikefit.lu\/shop\/uncategorized\/cx238-black-black\/"},"modified":"2024-09-16T14:13:58","modified_gmt":"2024-09-16T14:13:58","slug":"cx238-black-black","status":"publish","type":"product","link":"https:\/\/bikefit.lu\/lb-lu\/product\/cx238-black-black\/","title":{"rendered":"CX238 Black\/Black"},"content":{"rendered":"<p><strong>Form: <\/strong>CX Competition. D\u00ebs Form huet e m\u00e9i gewellte Profil w\u00e9i d\u2019Form Sport. Haapt\u00ebnnerscheeder si m\u00e9i Plaz fir d\u2019Z\u00e9iwen, m\u00e9i eng h\u00e9ich Feeschtkapp a m\u00e9i Virfoussvolumen, fir datt de Fouss sech \u00ebnnert h\u00e9ijem Drock op d\u2019Pedall sech ausdeene kann.<br \/><strong><br \/>Uewermaterial:<\/strong> waasserdicht Ecco Premium Lieder an Hoke-Lycra fir een optimalen Halt vun de Feeschten. D\u2019Lieder-Uewermaterial ass elegant an huet minim\u00e9siert N\u00e9iten, sou datt Dir iwwer d\u2019Z\u00e4it spiert w\u00e9i se sech \u00c4rem Fouss perfekt upassen. Helcor-Lieder hannert der Feescht a Gummiverst\u00e4erkung virun den Z\u00e9iwe sch\u00fctze viru Kratzerten. Dat thermo-regl\u00e9ierend an otmungsaktivt Material bitt e luxuri\u00e9ist Foussgefill an dauerhaft festen Halt.<br \/><strong><br \/>B\u00e4ussesuel:<\/strong> 100% Kuelestofffaser.      Verf\u00fcgbar fir 3-Lach Kallen. Eng Suel aus 100% Karbon, fir M\u00e9i Komfort, Liichtegkeet an Eleganz.<\/p>\n<p><strong>Verschloss:<\/strong> Duebels\u00e4itege Push\/Pull Li2 BOA\u00ae-System mat eraushuelbarem Str\u00e9cksystem. Den duebele BOA\u00ae bitt nach m\u00e9i Upassungsf\u00e4egkeet w\u00e9i een eenzege BOA\u00ae.<\/p>\n<p>DISCLAIMER: Si k\u00ebnnen eventuell mat IP1 BOA ausgestatt sinn.<\/p>\n<p><strong>Faarwen:<\/strong> W\u00e4iss\/Schwaarz, W\u00e4iss\/W\u00e4iss a Schwaarz\/Schwaarz.<\/p>\n<p><strong>Gr\u00e9issten:<\/strong> Regular: Vollgr\u00e9issten vu 36 bis 50, 52, hallef Gr\u00e9isste vun 39,5 bis 46,5.   Wide: Voll Gr\u00e9isste vu 37 bis 48, 50, hallef Gr\u00e9isste vun 39,5 bis 46,5. Fir Iech ze h\u00ebllefen d\u00e9i richteg Gr\u00e9isst ze fannen, gitt op <a href=\"https:\/\/lakecycling.com\/pages\/sizing-charts\" target=\"_blank\" rel=\"noopener noreferrer\">d\u00ebs S\u00e4it<\/a> oder kontakt\u00e9iert mech.<\/p>\n","protected":false},"excerpt":{"rendered":"<p><strong>Den CX238 ass den Upgrade vun engem Klassiker, w\u00e4rend d\u2019Aspekter vum CX237, d\u00e9i se zu engem vun deene beschte Schong gemaach hunn, b\u00e4ibehale ginn.<\/strong><\/p>\n","protected":false},"featured_media":88186,"comment_status":"closed","ping_status":"closed","template":"","meta":[],"product_brand":[],"product_cat":[4880,4790,4910,4915],"product_tag":[4977,5003,5058,5126],"class_list":{"0":"post-79866","1":"product","2":"type-product","3":"status-publish","4":"has-post-thumbnail","6":"product_cat-cx238-en-lb-lu","7":"product_cat-sale-lb-lu","8":"product_cat-lake-shoes-lb-lu","9":"product_cat-strooss","10":"product_tag-black-black-lb-lu","11":"product_tag-cx238-lb-lu","12":"product_tag-lake-cycling-lb-lu","13":"product_tag-road-lb-lu","14":"product_shipping_class-large-items-lb-lu","15":"pa_size-36-lb-lu","16":"pa_size-37-lb-lu-2","17":"pa_size-38-lb-lu","18":"pa_size-39-lb-lu-2","19":"pa_size-39-5-lb-lu","20":"pa_size-40-lb-lu-2","21":"pa_size-40-5-lb-lu","22":"pa_size-41-lb-lu","23":"pa_size-41-5-lb-lu","24":"pa_size-42-lb-lu","25":"pa_size-42-5-lb-lu","26":"pa_size-43-lb-lu-2","27":"pa_size-43-5-lb-lu-2","28":"pa_size-44-lb-lu","29":"pa_size-44-5-lb-lu","30":"pa_size-45-lb-lu","31":"pa_size-45-5-lb-lu","32":"pa_size-46-lb-lu","33":"pa_size-46-5-lb-lu","34":"pa_size-47-lb-lu","35":"pa_size-48-lb-lu","36":"pa_size-49-lb-lu","37":"pa_size-50-lb-lu","38":"pa_size-52-lb-lu","39":"pa_width-regular-lb-lu","40":"pa_width-wide-lb-lu-2","42":"first","43":"instock","44":"sale","45":"taxable","46":"shipping-taxable","47":"purchasable","48":"product-type-variable"},"yoast_head":"<!-- This site is optimized with the Yoast SEO Premium plugin v27.3 (Yoast SEO v27.3) - https:\/\/yoast.com\/product\/yoast-seo-premium-wordpress\/ -->\n<title>CX238 Black\/Black - bikefit.lu<\/title>\n<meta name=\"robots\" content=\"index, follow, max-snippet:-1, max-image-preview:large, max-video-preview:-1\" \/>\n<link rel=\"canonical\" href=\"https:\/\/bikefit.lu\/lb-lu\/product\/cx238-black-black\/\" \/>\n<meta property=\"og:locale\" content=\"en_US\" \/>\n<meta property=\"og:type\" content=\"article\" \/>\n<meta property=\"og:title\" content=\"CX238 Black\/Black\" \/>\n<meta property=\"og:description\" content=\"Den CX238 ass den Upgrade vun engem Klassiker, w\u00e4rend d\u2019Aspekter vum CX237, d\u00e9i se zu engem vun deene beschte Schong gemaach hunn, b\u00e4ibehale ginn.\" \/>\n<meta property=\"og:url\" content=\"https:\/\/bikefit.lu\/lb-lu\/product\/cx238-black-black\/\" \/>\n<meta property=\"og:site_name\" content=\"bikefit.lu\" \/>\n<meta property=\"article:modified_time\" content=\"2024-09-16T14:13:58+00:00\" \/>\n<meta property=\"og:image\" content=\"https:\/\/bikefit.lu\/wp-content\/uploads\/2020\/04\/CX238-BLK-BLK-FRNT.webp\" \/>\n\t<meta property=\"og:image:width\" content=\"1025\" \/>\n\t<meta property=\"og:image:height\" content=\"760\" \/>\n\t<meta property=\"og:image:type\" content=\"image\/webp\" \/>\n<meta name=\"twitter:card\" content=\"summary_large_image\" \/>\n<meta name=\"twitter:label1\" content=\"Availability\" \/>\n\t<meta name=\"twitter:data1\" content=\"In stock\" \/>\n<script type=\"application\/ld+json\" class=\"yoast-schema-graph\">{\"@context\":\"https:\\\/\\\/schema.org\",\"@graph\":[{\"@type\":\"WebPage\",\"@id\":\"https:\\\/\\\/bikefit.lu\\\/lb-lu\\\/product\\\/cx238-black-black\\\/\",\"url\":\"https:\\\/\\\/bikefit.lu\\\/lb-lu\\\/product\\\/cx238-black-black\\\/\",\"name\":\"CX238 Black\\\/Black - bikefit.lu\",\"isPartOf\":{\"@id\":\"https:\\\/\\\/bikefit.lu\\\/lb-lu\\\/#website\"},\"primaryImageOfPage\":{\"@id\":\"https:\\\/\\\/bikefit.lu\\\/lb-lu\\\/product\\\/cx238-black-black\\\/#primaryimage\"},\"image\":{\"@id\":\"https:\\\/\\\/bikefit.lu\\\/lb-lu\\\/product\\\/cx238-black-black\\\/#primaryimage\"},\"thumbnailUrl\":\"https:\\\/\\\/bikefit.lu\\\/wp-content\\\/uploads\\\/2020\\\/04\\\/CX238-BLK-BLK-FRNT.webp\",\"datePublished\":\"2020-04-23T07:57:02+00:00\",\"dateModified\":\"2024-09-16T14:13:58+00:00\",\"breadcrumb\":{\"@id\":\"https:\\\/\\\/bikefit.lu\\\/lb-lu\\\/product\\\/cx238-black-black\\\/#breadcrumb\"},\"inLanguage\":\"lb-LU\",\"potentialAction\":[{\"@type\":\"ReadAction\",\"target\":[\"https:\\\/\\\/bikefit.lu\\\/lb-lu\\\/product\\\/cx238-black-black\\\/\"]}]},{\"@type\":\"ImageObject\",\"inLanguage\":\"lb-LU\",\"@id\":\"https:\\\/\\\/bikefit.lu\\\/lb-lu\\\/product\\\/cx238-black-black\\\/#primaryimage\",\"url\":\"https:\\\/\\\/bikefit.lu\\\/wp-content\\\/uploads\\\/2020\\\/04\\\/CX238-BLK-BLK-FRNT.webp\",\"contentUrl\":\"https:\\\/\\\/bikefit.lu\\\/wp-content\\\/uploads\\\/2020\\\/04\\\/CX238-BLK-BLK-FRNT.webp\",\"width\":1025,\"height\":760},{\"@type\":\"BreadcrumbList\",\"@id\":\"https:\\\/\\\/bikefit.lu\\\/lb-lu\\\/product\\\/cx238-black-black\\\/#breadcrumb\",\"itemListElement\":[{\"@type\":\"ListItem\",\"position\":1,\"name\":\"Home\",\"item\":\"https:\\\/\\\/bikefit.lu\\\/lb-lu\\\/\"},{\"@type\":\"ListItem\",\"position\":2,\"name\":\"Products\",\"item\":\"https:\\\/\\\/bikefit.lu\\\/lb-lu\\\/shop\\\/\"},{\"@type\":\"ListItem\",\"position\":3,\"name\":\"CX238 Black\\\/Black\"}]},{\"@type\":\"WebSite\",\"@id\":\"https:\\\/\\\/bikefit.lu\\\/lb-lu\\\/#website\",\"url\":\"https:\\\/\\\/bikefit.lu\\\/lb-lu\\\/\",\"name\":\"bikefit.lu\",\"description\":\"IMPROVING CYCLING\",\"publisher\":{\"@id\":\"https:\\\/\\\/bikefit.lu\\\/lb-lu\\\/#\\\/schema\\\/person\\\/379af1263474d2f8cd1f41c2bd90273d\"},\"potentialAction\":[{\"@type\":\"SearchAction\",\"target\":{\"@type\":\"EntryPoint\",\"urlTemplate\":\"https:\\\/\\\/bikefit.lu\\\/lb-lu\\\/?s={search_term_string}\"},\"query-input\":{\"@type\":\"PropertyValueSpecification\",\"valueRequired\":true,\"valueName\":\"search_term_string\"}}],\"inLanguage\":\"lb-LU\"},{\"@type\":[\"Person\",\"Organization\"],\"@id\":\"https:\\\/\\\/bikefit.lu\\\/lb-lu\\\/#\\\/schema\\\/person\\\/379af1263474d2f8cd1f41c2bd90273d\",\"name\":\"Patrick Guillaume\",\"image\":{\"@type\":\"ImageObject\",\"inLanguage\":\"lb-LU\",\"@id\":\"https:\\\/\\\/bikefit.lu\\\/wp-content\\\/uploads\\\/2024\\\/12\\\/cropped-bikefit-logoURL-RGB-jpg.jpg\",\"url\":\"https:\\\/\\\/bikefit.lu\\\/wp-content\\\/uploads\\\/2024\\\/12\\\/cropped-bikefit-logoURL-RGB-jpg.jpg\",\"contentUrl\":\"https:\\\/\\\/bikefit.lu\\\/wp-content\\\/uploads\\\/2024\\\/12\\\/cropped-bikefit-logoURL-RGB-jpg.jpg\",\"width\":512,\"height\":512,\"caption\":\"Patrick Guillaume\"},\"logo\":{\"@id\":\"https:\\\/\\\/bikefit.lu\\\/wp-content\\\/uploads\\\/2024\\\/12\\\/cropped-bikefit-logoURL-RGB-jpg.jpg\"},\"sameAs\":[\"https:\\\/\\\/bikefit.lu\"],\"honorificPrefix\":\"Mr\",\"birthDate\":\"1966-11-18\",\"gender\":\"male\",\"knowsAbout\":[\"Bike-fitting\"],\"knowsLanguage\":[\"English\",\"French\",\"German\",\"Luxembourgish\"]}]}<\/script>\n<meta property=\"og:availability\" content=\"instock\" \/>\n<meta property=\"product:availability\" content=\"instock\" \/>\n<meta property=\"product:condition\" content=\"new\" \/>\n<!-- \/ Yoast SEO Premium plugin. -->","yoast_head_json":{"title":"CX238 Black\/Black - bikefit.lu","robots":{"index":"index","follow":"follow","max-snippet":"max-snippet:-1","max-image-preview":"max-image-preview:large","max-video-preview":"max-video-preview:-1"},"canonical":"https:\/\/bikefit.lu\/lb-lu\/product\/cx238-black-black\/","og_locale":"en_US","og_type":"article","og_title":"CX238 Black\/Black","og_description":"Den CX238 ass den Upgrade vun engem Klassiker, w\u00e4rend d\u2019Aspekter vum CX237, d\u00e9i se zu engem vun deene beschte Schong gemaach hunn, b\u00e4ibehale ginn.","og_url":"https:\/\/bikefit.lu\/lb-lu\/product\/cx238-black-black\/","og_site_name":"bikefit.lu","article_modified_time":"2024-09-16T14:13:58+00:00","og_image":[{"width":1025,"height":760,"url":"https:\/\/bikefit.lu\/wp-content\/uploads\/2020\/04\/CX238-BLK-BLK-FRNT.webp","type":"image\/webp"}],"twitter_card":"summary_large_image","twitter_misc":{"Availability":"In stock"},"schema":{"@context":"https:\/\/schema.org","@graph":[{"@type":"WebPage","@id":"https:\/\/bikefit.lu\/lb-lu\/product\/cx238-black-black\/","url":"https:\/\/bikefit.lu\/lb-lu\/product\/cx238-black-black\/","name":"CX238 Black\/Black - bikefit.lu","isPartOf":{"@id":"https:\/\/bikefit.lu\/lb-lu\/#website"},"primaryImageOfPage":{"@id":"https:\/\/bikefit.lu\/lb-lu\/product\/cx238-black-black\/#primaryimage"},"image":{"@id":"https:\/\/bikefit.lu\/lb-lu\/product\/cx238-black-black\/#primaryimage"},"thumbnailUrl":"https:\/\/bikefit.lu\/wp-content\/uploads\/2020\/04\/CX238-BLK-BLK-FRNT.webp","datePublished":"2020-04-23T07:57:02+00:00","dateModified":"2024-09-16T14:13:58+00:00","breadcrumb":{"@id":"https:\/\/bikefit.lu\/lb-lu\/product\/cx238-black-black\/#breadcrumb"},"inLanguage":"lb-LU","potentialAction":[{"@type":"ReadAction","target":["https:\/\/bikefit.lu\/lb-lu\/product\/cx238-black-black\/"]}]},{"@type":"ImageObject","inLanguage":"lb-LU","@id":"https:\/\/bikefit.lu\/lb-lu\/product\/cx238-black-black\/#primaryimage","url":"https:\/\/bikefit.lu\/wp-content\/uploads\/2020\/04\/CX238-BLK-BLK-FRNT.webp","contentUrl":"https:\/\/bikefit.lu\/wp-content\/uploads\/2020\/04\/CX238-BLK-BLK-FRNT.webp","width":1025,"height":760},{"@type":"BreadcrumbList","@id":"https:\/\/bikefit.lu\/lb-lu\/product\/cx238-black-black\/#breadcrumb","itemListElement":[{"@type":"ListItem","position":1,"name":"Home","item":"https:\/\/bikefit.lu\/lb-lu\/"},{"@type":"ListItem","position":2,"name":"Products","item":"https:\/\/bikefit.lu\/lb-lu\/shop\/"},{"@type":"ListItem","position":3,"name":"CX238 Black\/Black"}]},{"@type":"WebSite","@id":"https:\/\/bikefit.lu\/lb-lu\/#website","url":"https:\/\/bikefit.lu\/lb-lu\/","name":"bikefit.lu","description":"IMPROVING CYCLING","publisher":{"@id":"https:\/\/bikefit.lu\/lb-lu\/#\/schema\/person\/379af1263474d2f8cd1f41c2bd90273d"},"potentialAction":[{"@type":"SearchAction","target":{"@type":"EntryPoint","urlTemplate":"https:\/\/bikefit.lu\/lb-lu\/?s={search_term_string}"},"query-input":{"@type":"PropertyValueSpecification","valueRequired":true,"valueName":"search_term_string"}}],"inLanguage":"lb-LU"},{"@type":["Person","Organization"],"@id":"https:\/\/bikefit.lu\/lb-lu\/#\/schema\/person\/379af1263474d2f8cd1f41c2bd90273d","name":"Patrick Guillaume","image":{"@type":"ImageObject","inLanguage":"lb-LU","@id":"https:\/\/bikefit.lu\/wp-content\/uploads\/2024\/12\/cropped-bikefit-logoURL-RGB-jpg.jpg","url":"https:\/\/bikefit.lu\/wp-content\/uploads\/2024\/12\/cropped-bikefit-logoURL-RGB-jpg.jpg","contentUrl":"https:\/\/bikefit.lu\/wp-content\/uploads\/2024\/12\/cropped-bikefit-logoURL-RGB-jpg.jpg","width":512,"height":512,"caption":"Patrick Guillaume"},"logo":{"@id":"https:\/\/bikefit.lu\/wp-content\/uploads\/2024\/12\/cropped-bikefit-logoURL-RGB-jpg.jpg"},"sameAs":["https:\/\/bikefit.lu"],"honorificPrefix":"Mr","birthDate":"1966-11-18","gender":"male","knowsAbout":["Bike-fitting"],"knowsLanguage":["English","French","German","Luxembourgish"]}]},"og_availability":"instock","product_availability":"instock","product_condition":"new"},"_links":{"self":[{"href":"https:\/\/bikefit.lu\/lb-lu\/wp-json\/wp\/v2\/product\/79866","targetHints":{"allow":["GET"]}}],"collection":[{"href":"https:\/\/bikefit.lu\/lb-lu\/wp-json\/wp\/v2\/product"}],"about":[{"href":"https:\/\/bikefit.lu\/lb-lu\/wp-json\/wp\/v2\/types\/product"}],"replies":[{"embeddable":true,"href":"https:\/\/bikefit.lu\/lb-lu\/wp-json\/wp\/v2\/comments?post=79866"}],"version-history":[{"count":0,"href":"https:\/\/bikefit.lu\/lb-lu\/wp-json\/wp\/v2\/product\/79866\/revisions"}],"wp:featuredmedia":[{"embeddable":true,"href":"https:\/\/bikefit.lu\/lb-lu\/wp-json\/wp\/v2\/media\/88186"}],"wp:attachment":[{"href":"https:\/\/bikefit.lu\/lb-lu\/wp-json\/wp\/v2\/media?parent=79866"}],"wp:term":[{"taxonomy":"product_brand","embeddable":true,"href":"https:\/\/bikefit.lu\/lb-lu\/wp-json\/wp\/v2\/product_brand?post=79866"},{"taxonomy":"product_cat","embeddable":true,"href":"https:\/\/bikefit.lu\/lb-lu\/wp-json\/wp\/v2\/product_cat?post=79866"},{"taxonomy":"product_tag","embeddable":true,"href":"https:\/\/bikefit.lu\/lb-lu\/wp-json\/wp\/v2\/product_tag?post=79866"}],"curies":[{"name":"wp","href":"https:\/\/api.w.org\/{rel}","templated":true}]}}