{"id":80315,"date":"2024-01-26T07:40:40","date_gmt":"2024-01-26T07:40:40","guid":{"rendered":"https:\/\/staging.bikefit.lu\/shop\/uncategorized\/cx242-white-black\/"},"modified":"2025-10-02T20:14:18","modified_gmt":"2025-10-02T18:14:18","slug":"cx242-white-black","status":"publish","type":"product","link":"https:\/\/bikefit.lu\/lb-lu\/product\/cx242-white-black\/","title":{"rendered":"CX242 White\/Black"},"content":{"rendered":"\t\t<div data-elementor-type=\"product-post\" data-elementor-id=\"80315\" class=\"elementor elementor-80315 elementor-74082\" data-elementor-post-type=\"product\">\n\t\t\t\t<div class=\"elementor-element elementor-element-1e6a5eb0 e-flex e-con-boxed e-con e-parent\" data-id=\"1e6a5eb0\" data-element_type=\"container\" data-e-type=\"container\">\n\t\t\t\t\t<div class=\"e-con-inner\">\n\t\t\t\t<div class=\"elementor-element elementor-element-30cc6aa3 elementor-widget elementor-widget-text-editor\" data-id=\"30cc6aa3\" data-element_type=\"widget\" data-e-type=\"widget\" data-widget_type=\"text-editor.default\">\n\t\t\t\t<div class=\"elementor-widget-container\">\n\t\t\t\t\t\t\t\t\t<p><strong>Form: <\/strong>CX Competition. D\u00ebs Form huet e m\u00e9i gewellte Profil w\u00e9i d\u2019Form Sport. Haapt\u00ebnnerscheeder si m\u00e9i Plaz fir d\u2019Z\u00e9iwen, m\u00e9i eng h\u00e9ich Feeschtkapp a m\u00e9i Virfoussvolumen, fir datt de Fouss sech \u00ebnnert h\u00e9ijem Drock op d\u2019Pedall sech ausdeene kann.  <\/p><p><strong>Uewen: <\/strong>Vollnarbelieder an Nufoam Sch\u00e4umschoff mat Carbon-Pan\u00e9ilen, d\u00e9i engem s\u00e9cheren Halt an der Foussstabilit\u00e9it b\u00e4idroen. D\u00e9i 6 onofh\u00e4ngeg Zonen bidde Flexibilit\u00e9it fir schmuel oder breet F\u00e9iss souw\u00e9i F\u00e9iss mat h\u00e9ijem Cou-de-Pied oder Plattf\u00e9iss opzehuelen. Seng upassbar Feeschtkapp verbessert hannen den Halt. Carbitex Support Pan\u00e9ilen bidden zous\u00e4tzlech \u00cbnnerst\u00ebtzung fir den Halt ze verbesseren.   <\/p><p><strong>B\u00e4ussesuel:<\/strong> Lake Competition100% Kuelestofffaser. Verf\u00fcgbar fir 3-Lach Kallen. Eng Suel aus 100% Karbon, fir m\u00e9i Komfort, Liichtegkeet an Eleganz.<\/p><p><strong>Verschloss<\/strong>: Duebels\u00e4itege Push\/Pull Li2 BOA\u00ae-System mat eraushuelbarem Str\u00e9cksystem. Den duebele BOA\u00ae bitt nach m\u00e9i Upassungsf\u00e4egkeet w\u00e9i een eenzege BOA\u00ae. <\/p><p><strong>Gr\u00e9issten:<\/strong> Regular: Vollgr\u00e9issten vu 36 bis 50, 52, hallef Gr\u00e9issten vun 38,5 bis 46,5.<br>Wide: voll Gr\u00e9issten vu 37 bis 50, 52, hallef Gr\u00e9issten vun 38,5 bis 46,5.<\/p><p>Fir Iech ze h\u00ebllefen d\u00e9i richteg Gr\u00e9isst ze fannen, gitt op <a href=\"https:\/\/lakecycling.com\/pages\/sizing-charts\" target=\"_blank\" rel=\"noopener noreferrer nofollow\">d\u00ebs S\u00e4it<\/a> oder kontakt\u00e9iert mech.<\/p>\t\t\t\t\t\t\t\t<\/div>\n\t\t\t\t<\/div>\n\t\t\t\t\t<\/div>\n\t\t\t\t<\/div>\n\t\t\t\t<\/div>\n\t\t","protected":false},"excerpt":{"rendered":"<p><strong>Den CX242 ass d\u2019Resultat vun all der Experienz vu LAKE, h\u00e9ichw\u00e4ertege Materialien a Konstruktionstechniken d\u00e9i dee beschte S\u00ebtz fir all Fousstyp bidden. Mat enger thermoformabeler Feeschtkapp an engem eenzegaartegen Design, dee genuch verstellbar ass fir F\u00e9iss vun allen H\u00e9ichten oder Volumen z\u2019empf\u00e4nken ouni op Komfort ze verzichten. Am Verglach zum CX241 bitt d&#8217;Front vum Schong m\u00e9i Plaz an d&#8217;Carbitex Support Panels bidden zous\u00e4tzlech \u00cbnnerst\u00ebtzung.  <\/strong><\/p>\n<p><strong>Den CX242 gouf fir d\u00e9i Cyclisten entw\u00e9ckelt mat Foussproblemer w\u00e9i Baler oder aner Verformungen an d\u00e9i e Schong brauchen, deen hinnen d\u2019Ausdauer g\u00ebtt, d\u00e9i se brauche fir um V\u00eblo ze bleiwen. D\u00e9i iewescht getrennte Pan\u00e9ilen erlaben den Drock a d&#8217;Passform ze fine-tunen wat et erm\u00e9iglecht de Schung \u00ebm sensibel a schm\u00e4erzhaften anatomesche Konturen vum Fouss unzepassen, wat mat traditionelle Schong net m\u00e9iglech ass.. <\/strong><\/p>\n","protected":false},"featured_media":77292,"comment_status":"closed","ping_status":"closed","template":"","meta":[],"product_brand":[],"product_cat":[4884,4910,4915],"product_tag":[5009,5058,5126,5180,5196],"class_list":{"0":"post-80315","1":"product","2":"type-product","3":"status-publish","4":"has-post-thumbnail","6":"product_cat-cx242-en-lb-lu","7":"product_cat-lake-shoes-lb-lu","8":"product_cat-strooss","9":"product_tag-cx242-lb-lu","10":"product_tag-lake-cycling-lb-lu","11":"product_tag-road-lb-lu","12":"product_tag-ultra-cycling-lb-lu","13":"product_tag-white-black-lb-lu","14":"product_shipping_class-large-items-lb-lu","15":"pa_size-37-lb-lu-2","16":"pa_size-38-lb-lu","17":"pa_size-38-5-lb-lu","18":"pa_size-39-lb-lu-2","19":"pa_size-39-5-lb-lu","20":"pa_size-40-lb-lu-2","21":"pa_size-40-5-lb-lu","22":"pa_size-41-lb-lu","23":"pa_size-41-5-lb-lu","24":"pa_size-42-lb-lu","25":"pa_size-42-5-lb-lu","26":"pa_size-43-lb-lu-2","27":"pa_size-43-5-lb-lu-2","28":"pa_size-44-lb-lu","29":"pa_size-44-5-lb-lu","30":"pa_size-45-lb-lu","31":"pa_size-45-5-lb-lu","32":"pa_size-46-lb-lu","33":"pa_size-46-5-lb-lu","34":"pa_size-47-lb-lu","35":"pa_size-48-lb-lu","36":"pa_size-49-lb-lu","37":"pa_size-50-lb-lu","38":"pa_size-52-lb-lu","39":"pa_width-regular-lb-lu","40":"pa_width-wide-lb-lu-2","42":"first","43":"instock","44":"taxable","45":"shipping-taxable","46":"purchasable","47":"product-type-variable"},"yoast_head":"<!-- This site is optimized with the Yoast SEO Premium plugin v27.3 (Yoast SEO v27.3) - https:\/\/yoast.com\/product\/yoast-seo-premium-wordpress\/ -->\n<title>CX242 White\/Black - bikefit.lu<\/title>\n<meta name=\"robots\" content=\"index, follow, max-snippet:-1, max-image-preview:large, max-video-preview:-1\" \/>\n<link rel=\"canonical\" href=\"https:\/\/bikefit.lu\/lb-lu\/product\/cx242-white-black\/\" \/>\n<meta property=\"og:locale\" content=\"en_US\" \/>\n<meta property=\"og:type\" content=\"article\" \/>\n<meta property=\"og:title\" content=\"CX242 White\/Black\" \/>\n<meta property=\"og:description\" content=\"Den CX242 ass d\u2019Resultat vun all der Experienz vu LAKE, h\u00e9ichw\u00e4ertege Materialien a Konstruktionstechniken d\u00e9i dee beschte S\u00ebtz fir all Fousstyp bidden. Mat enger thermoformabeler Feeschtkapp an engem eenzegaartegen Design, dee genuch verstellbar ass fir F\u00e9iss vun allen H\u00e9ichten oder Volumen z\u2019empf\u00e4nken ouni op Komfort ze verzichten. Am Verglach zum CX241 bitt d&#039;Front vum Schong m\u00e9i Plaz an d&#039;Carbitex Support Panels bidden zous\u00e4tzlech \u00cbnnerst\u00ebtzung.  Den CX242 gouf fir d\u00e9i Cyclisten entw\u00e9ckelt mat Foussproblemer w\u00e9i Baler oder aner Verformungen an d\u00e9i e Schong brauchen, deen hinnen d\u2019Ausdauer g\u00ebtt, d\u00e9i se brauche fir um V\u00eblo ze bleiwen. D\u00e9i iewescht getrennte Pan\u00e9ilen erlaben den Drock a d&#039;Passform ze fine-tunen wat et erm\u00e9iglecht de Schung \u00ebm sensibel a schm\u00e4erzhaften anatomesche Konturen vum Fouss unzepassen, wat mat traditionelle Schong net m\u00e9iglech ass..\" \/>\n<meta property=\"og:url\" content=\"https:\/\/bikefit.lu\/lb-lu\/product\/cx242-white-black\/\" \/>\n<meta property=\"og:site_name\" content=\"bikefit.lu\" \/>\n<meta property=\"article:modified_time\" content=\"2025-10-02T18:14:18+00:00\" \/>\n<meta property=\"og:image\" content=\"https:\/\/bikefit.lu\/wp-content\/uploads\/2024\/01\/CX242-WHT-BLK-FRNT_516dae84-1cbe-4601-81b5-3eec50f0d2bb.webp\" \/>\n\t<meta property=\"og:image:width\" content=\"1025\" \/>\n\t<meta property=\"og:image:height\" content=\"760\" \/>\n\t<meta property=\"og:image:type\" content=\"image\/webp\" \/>\n<meta name=\"twitter:card\" content=\"summary_large_image\" \/>\n<meta name=\"twitter:label1\" content=\"Availability\" \/>\n\t<meta name=\"twitter:data1\" content=\"In stock\" \/>\n<script type=\"application\/ld+json\" class=\"yoast-schema-graph\">{\"@context\":\"https:\\\/\\\/schema.org\",\"@graph\":[{\"@type\":\"WebPage\",\"@id\":\"https:\\\/\\\/bikefit.lu\\\/lb-lu\\\/product\\\/cx242-white-black\\\/\",\"url\":\"https:\\\/\\\/bikefit.lu\\\/lb-lu\\\/product\\\/cx242-white-black\\\/\",\"name\":\"CX242 White\\\/Black - bikefit.lu\",\"isPartOf\":{\"@id\":\"https:\\\/\\\/bikefit.lu\\\/lb-lu\\\/#website\"},\"primaryImageOfPage\":{\"@id\":\"https:\\\/\\\/bikefit.lu\\\/lb-lu\\\/product\\\/cx242-white-black\\\/#primaryimage\"},\"image\":{\"@id\":\"https:\\\/\\\/bikefit.lu\\\/lb-lu\\\/product\\\/cx242-white-black\\\/#primaryimage\"},\"thumbnailUrl\":\"https:\\\/\\\/bikefit.lu\\\/wp-content\\\/uploads\\\/2024\\\/01\\\/CX242-WHT-BLK-FRNT_516dae84-1cbe-4601-81b5-3eec50f0d2bb.webp\",\"datePublished\":\"2024-01-26T07:40:40+00:00\",\"dateModified\":\"2025-10-02T18:14:18+00:00\",\"breadcrumb\":{\"@id\":\"https:\\\/\\\/bikefit.lu\\\/lb-lu\\\/product\\\/cx242-white-black\\\/#breadcrumb\"},\"inLanguage\":\"lb-LU\",\"potentialAction\":[{\"@type\":\"ReadAction\",\"target\":[\"https:\\\/\\\/bikefit.lu\\\/lb-lu\\\/product\\\/cx242-white-black\\\/\"]}]},{\"@type\":\"ImageObject\",\"inLanguage\":\"lb-LU\",\"@id\":\"https:\\\/\\\/bikefit.lu\\\/lb-lu\\\/product\\\/cx242-white-black\\\/#primaryimage\",\"url\":\"https:\\\/\\\/bikefit.lu\\\/wp-content\\\/uploads\\\/2024\\\/01\\\/CX242-WHT-BLK-FRNT_516dae84-1cbe-4601-81b5-3eec50f0d2bb.webp\",\"contentUrl\":\"https:\\\/\\\/bikefit.lu\\\/wp-content\\\/uploads\\\/2024\\\/01\\\/CX242-WHT-BLK-FRNT_516dae84-1cbe-4601-81b5-3eec50f0d2bb.webp\",\"width\":1025,\"height\":760},{\"@type\":\"BreadcrumbList\",\"@id\":\"https:\\\/\\\/bikefit.lu\\\/lb-lu\\\/product\\\/cx242-white-black\\\/#breadcrumb\",\"itemListElement\":[{\"@type\":\"ListItem\",\"position\":1,\"name\":\"Home\",\"item\":\"https:\\\/\\\/bikefit.lu\\\/lb-lu\\\/\"},{\"@type\":\"ListItem\",\"position\":2,\"name\":\"Products\",\"item\":\"https:\\\/\\\/bikefit.lu\\\/lb-lu\\\/shop\\\/\"},{\"@type\":\"ListItem\",\"position\":3,\"name\":\"CX242 White\\\/Black\"}]},{\"@type\":\"WebSite\",\"@id\":\"https:\\\/\\\/bikefit.lu\\\/lb-lu\\\/#website\",\"url\":\"https:\\\/\\\/bikefit.lu\\\/lb-lu\\\/\",\"name\":\"bikefit.lu\",\"description\":\"IMPROVING CYCLING\",\"publisher\":{\"@id\":\"https:\\\/\\\/bikefit.lu\\\/lb-lu\\\/#\\\/schema\\\/person\\\/379af1263474d2f8cd1f41c2bd90273d\"},\"potentialAction\":[{\"@type\":\"SearchAction\",\"target\":{\"@type\":\"EntryPoint\",\"urlTemplate\":\"https:\\\/\\\/bikefit.lu\\\/lb-lu\\\/?s={search_term_string}\"},\"query-input\":{\"@type\":\"PropertyValueSpecification\",\"valueRequired\":true,\"valueName\":\"search_term_string\"}}],\"inLanguage\":\"lb-LU\"},{\"@type\":[\"Person\",\"Organization\"],\"@id\":\"https:\\\/\\\/bikefit.lu\\\/lb-lu\\\/#\\\/schema\\\/person\\\/379af1263474d2f8cd1f41c2bd90273d\",\"name\":\"Patrick Guillaume\",\"image\":{\"@type\":\"ImageObject\",\"inLanguage\":\"lb-LU\",\"@id\":\"https:\\\/\\\/bikefit.lu\\\/wp-content\\\/uploads\\\/2024\\\/12\\\/cropped-bikefit-logoURL-RGB-jpg.jpg\",\"url\":\"https:\\\/\\\/bikefit.lu\\\/wp-content\\\/uploads\\\/2024\\\/12\\\/cropped-bikefit-logoURL-RGB-jpg.jpg\",\"contentUrl\":\"https:\\\/\\\/bikefit.lu\\\/wp-content\\\/uploads\\\/2024\\\/12\\\/cropped-bikefit-logoURL-RGB-jpg.jpg\",\"width\":512,\"height\":512,\"caption\":\"Patrick Guillaume\"},\"logo\":{\"@id\":\"https:\\\/\\\/bikefit.lu\\\/wp-content\\\/uploads\\\/2024\\\/12\\\/cropped-bikefit-logoURL-RGB-jpg.jpg\"},\"sameAs\":[\"https:\\\/\\\/bikefit.lu\"],\"honorificPrefix\":\"Mr\",\"birthDate\":\"1966-11-18\",\"gender\":\"male\",\"knowsAbout\":[\"Bike-fitting\"],\"knowsLanguage\":[\"English\",\"French\",\"German\",\"Luxembourgish\"]}]}<\/script>\n<meta property=\"og:availability\" content=\"instock\" \/>\n<meta property=\"product:availability\" content=\"instock\" \/>\n<meta property=\"product:condition\" content=\"new\" \/>\n<!-- \/ Yoast SEO Premium plugin. -->","yoast_head_json":{"title":"CX242 White\/Black - bikefit.lu","robots":{"index":"index","follow":"follow","max-snippet":"max-snippet:-1","max-image-preview":"max-image-preview:large","max-video-preview":"max-video-preview:-1"},"canonical":"https:\/\/bikefit.lu\/lb-lu\/product\/cx242-white-black\/","og_locale":"en_US","og_type":"article","og_title":"CX242 White\/Black","og_description":"Den CX242 ass d\u2019Resultat vun all der Experienz vu LAKE, h\u00e9ichw\u00e4ertege Materialien a Konstruktionstechniken d\u00e9i dee beschte S\u00ebtz fir all Fousstyp bidden. Mat enger thermoformabeler Feeschtkapp an engem eenzegaartegen Design, dee genuch verstellbar ass fir F\u00e9iss vun allen H\u00e9ichten oder Volumen z\u2019empf\u00e4nken ouni op Komfort ze verzichten. Am Verglach zum CX241 bitt d'Front vum Schong m\u00e9i Plaz an d'Carbitex Support Panels bidden zous\u00e4tzlech \u00cbnnerst\u00ebtzung.  Den CX242 gouf fir d\u00e9i Cyclisten entw\u00e9ckelt mat Foussproblemer w\u00e9i Baler oder aner Verformungen an d\u00e9i e Schong brauchen, deen hinnen d\u2019Ausdauer g\u00ebtt, d\u00e9i se brauche fir um V\u00eblo ze bleiwen. D\u00e9i iewescht getrennte Pan\u00e9ilen erlaben den Drock a d'Passform ze fine-tunen wat et erm\u00e9iglecht de Schung \u00ebm sensibel a schm\u00e4erzhaften anatomesche Konturen vum Fouss unzepassen, wat mat traditionelle Schong net m\u00e9iglech ass..","og_url":"https:\/\/bikefit.lu\/lb-lu\/product\/cx242-white-black\/","og_site_name":"bikefit.lu","article_modified_time":"2025-10-02T18:14:18+00:00","og_image":[{"width":1025,"height":760,"url":"https:\/\/bikefit.lu\/wp-content\/uploads\/2024\/01\/CX242-WHT-BLK-FRNT_516dae84-1cbe-4601-81b5-3eec50f0d2bb.webp","type":"image\/webp"}],"twitter_card":"summary_large_image","twitter_misc":{"Availability":"In stock"},"schema":{"@context":"https:\/\/schema.org","@graph":[{"@type":"WebPage","@id":"https:\/\/bikefit.lu\/lb-lu\/product\/cx242-white-black\/","url":"https:\/\/bikefit.lu\/lb-lu\/product\/cx242-white-black\/","name":"CX242 White\/Black - bikefit.lu","isPartOf":{"@id":"https:\/\/bikefit.lu\/lb-lu\/#website"},"primaryImageOfPage":{"@id":"https:\/\/bikefit.lu\/lb-lu\/product\/cx242-white-black\/#primaryimage"},"image":{"@id":"https:\/\/bikefit.lu\/lb-lu\/product\/cx242-white-black\/#primaryimage"},"thumbnailUrl":"https:\/\/bikefit.lu\/wp-content\/uploads\/2024\/01\/CX242-WHT-BLK-FRNT_516dae84-1cbe-4601-81b5-3eec50f0d2bb.webp","datePublished":"2024-01-26T07:40:40+00:00","dateModified":"2025-10-02T18:14:18+00:00","breadcrumb":{"@id":"https:\/\/bikefit.lu\/lb-lu\/product\/cx242-white-black\/#breadcrumb"},"inLanguage":"lb-LU","potentialAction":[{"@type":"ReadAction","target":["https:\/\/bikefit.lu\/lb-lu\/product\/cx242-white-black\/"]}]},{"@type":"ImageObject","inLanguage":"lb-LU","@id":"https:\/\/bikefit.lu\/lb-lu\/product\/cx242-white-black\/#primaryimage","url":"https:\/\/bikefit.lu\/wp-content\/uploads\/2024\/01\/CX242-WHT-BLK-FRNT_516dae84-1cbe-4601-81b5-3eec50f0d2bb.webp","contentUrl":"https:\/\/bikefit.lu\/wp-content\/uploads\/2024\/01\/CX242-WHT-BLK-FRNT_516dae84-1cbe-4601-81b5-3eec50f0d2bb.webp","width":1025,"height":760},{"@type":"BreadcrumbList","@id":"https:\/\/bikefit.lu\/lb-lu\/product\/cx242-white-black\/#breadcrumb","itemListElement":[{"@type":"ListItem","position":1,"name":"Home","item":"https:\/\/bikefit.lu\/lb-lu\/"},{"@type":"ListItem","position":2,"name":"Products","item":"https:\/\/bikefit.lu\/lb-lu\/shop\/"},{"@type":"ListItem","position":3,"name":"CX242 White\/Black"}]},{"@type":"WebSite","@id":"https:\/\/bikefit.lu\/lb-lu\/#website","url":"https:\/\/bikefit.lu\/lb-lu\/","name":"bikefit.lu","description":"IMPROVING CYCLING","publisher":{"@id":"https:\/\/bikefit.lu\/lb-lu\/#\/schema\/person\/379af1263474d2f8cd1f41c2bd90273d"},"potentialAction":[{"@type":"SearchAction","target":{"@type":"EntryPoint","urlTemplate":"https:\/\/bikefit.lu\/lb-lu\/?s={search_term_string}"},"query-input":{"@type":"PropertyValueSpecification","valueRequired":true,"valueName":"search_term_string"}}],"inLanguage":"lb-LU"},{"@type":["Person","Organization"],"@id":"https:\/\/bikefit.lu\/lb-lu\/#\/schema\/person\/379af1263474d2f8cd1f41c2bd90273d","name":"Patrick Guillaume","image":{"@type":"ImageObject","inLanguage":"lb-LU","@id":"https:\/\/bikefit.lu\/wp-content\/uploads\/2024\/12\/cropped-bikefit-logoURL-RGB-jpg.jpg","url":"https:\/\/bikefit.lu\/wp-content\/uploads\/2024\/12\/cropped-bikefit-logoURL-RGB-jpg.jpg","contentUrl":"https:\/\/bikefit.lu\/wp-content\/uploads\/2024\/12\/cropped-bikefit-logoURL-RGB-jpg.jpg","width":512,"height":512,"caption":"Patrick Guillaume"},"logo":{"@id":"https:\/\/bikefit.lu\/wp-content\/uploads\/2024\/12\/cropped-bikefit-logoURL-RGB-jpg.jpg"},"sameAs":["https:\/\/bikefit.lu"],"honorificPrefix":"Mr","birthDate":"1966-11-18","gender":"male","knowsAbout":["Bike-fitting"],"knowsLanguage":["English","French","German","Luxembourgish"]}]},"og_availability":"instock","product_availability":"instock","product_condition":"new"},"_links":{"self":[{"href":"https:\/\/bikefit.lu\/lb-lu\/wp-json\/wp\/v2\/product\/80315","targetHints":{"allow":["GET"]}}],"collection":[{"href":"https:\/\/bikefit.lu\/lb-lu\/wp-json\/wp\/v2\/product"}],"about":[{"href":"https:\/\/bikefit.lu\/lb-lu\/wp-json\/wp\/v2\/types\/product"}],"replies":[{"embeddable":true,"href":"https:\/\/bikefit.lu\/lb-lu\/wp-json\/wp\/v2\/comments?post=80315"}],"version-history":[{"count":0,"href":"https:\/\/bikefit.lu\/lb-lu\/wp-json\/wp\/v2\/product\/80315\/revisions"}],"wp:featuredmedia":[{"embeddable":true,"href":"https:\/\/bikefit.lu\/lb-lu\/wp-json\/wp\/v2\/media\/77292"}],"wp:attachment":[{"href":"https:\/\/bikefit.lu\/lb-lu\/wp-json\/wp\/v2\/media?parent=80315"}],"wp:term":[{"taxonomy":"product_brand","embeddable":true,"href":"https:\/\/bikefit.lu\/lb-lu\/wp-json\/wp\/v2\/product_brand?post=80315"},{"taxonomy":"product_cat","embeddable":true,"href":"https:\/\/bikefit.lu\/lb-lu\/wp-json\/wp\/v2\/product_cat?post=80315"},{"taxonomy":"product_tag","embeddable":true,"href":"https:\/\/bikefit.lu\/lb-lu\/wp-json\/wp\/v2\/product_tag?post=80315"}],"curies":[{"name":"wp","href":"https:\/\/api.w.org\/{rel}","templated":true}]}}