{"id":80453,"date":"2020-04-22T22:47:09","date_gmt":"2020-04-22T22:47:09","guid":{"rendered":"https:\/\/staging.bikefit.lu\/shop\/uncategorized\/cx241-black-blue\/"},"modified":"2024-05-25T08:43:47","modified_gmt":"2024-05-25T08:43:47","slug":"cx241-black-blue","status":"publish","type":"product","link":"https:\/\/bikefit.lu\/lb-lu\/product\/cx241-black-blue\/","title":{"rendered":"CX241 Black\/Blue"},"content":{"rendered":"<p><strong>Form:<\/strong> CX Competition. D\u00ebs Form huet e m\u00e9i gewellte Profil w\u00e9i d\u2019Form Sport. Haapt\u00ebnnerscheeder si m\u00e9i Plaz fir d\u2019Z\u00e9iwen, m\u00e9i eng h\u00e9ich Feeschtkapp a m\u00e9i Virfoussvolumen, fir datt de Fouss sech \u00ebnnert h\u00e9ijem Drock op d\u2019Pedall sech ausdeene kann.  <\/p>\n<p><strong>Uewen:<\/strong> Vollnarbelieder (\u00e4usser fir de Modell Chrom\/Schwaarz: Mikrofaser) an Nufoam Sch\u00e4umschoff. Dat Iewescht ass a 4 onofh\u00e4ngeg Zonen opgedeelt fir de flexibelste S\u00ebtz fir schmuel oder breet F\u00e9iss ze garant\u00e9ieren souw\u00e9i fir F\u00e9iss mat h\u00e9ijen an nidderegen Cou de Pied. D\u2019upassbar Feeschkapp verbessert hannen den Halt.  <\/p>\n<p><strong>B\u00e4ussesuel:<\/strong> 100% Kuelestofffaser. Verf\u00fcgbar fir 3-Lach Kallen. Eng Suel aus 100% Karbon, fir m\u00e9i Komfort, Liichtegkeet an Eleganz.<\/p>\n<p><strong>Verschloss:<\/strong> Duebels\u00e4itege Push\/Pull IP1 BOA\u00ae-System mat eraushuelbarem Str\u00e9cksystem. Den duebele BOA\u00ae bitt nach m\u00e9i Upassungsf\u00e4egkeet w\u00e9i een eenzege BOA\u00ae. <\/p>\n<p><strong>Faarwen:<\/strong> schwaarz\/s\u00eblwer, schwaarz\/blo, Helcor Himmelblo \/ W\u00e4iss an Chrom\/schwaarz.<\/p>\n<p><strong>Gr\u00e9issten<\/strong>: Regular: Vollgr\u00e9issten vun 36 bis 48, 50, hallef Gr\u00e9issten vun 39,5 bis 46,5. Wide: voll Gr\u00e9issten vun 37 bis 48, 50, hallef Gr\u00e9issten vun 39,5 bis 46,5.<\/p>\n<p>Fir Iech ze h\u00ebllefen d\u00e9i richteg Gr\u00e9isst ze fannen, gitt op <a href=\"https:\/\/lakecycling.com\/pages\/sizing-charts\" target=\"_blank\" rel=\"noopener noreferrer\">d\u00ebs S\u00e4it<\/a> oder kontakt\u00e9iert mech.<\/p>\n","protected":false},"excerpt":{"rendered":"<p><strong>Den CX241 ass d\u2019Resultat vun all der Experienz vu LAKE, h\u00e9ichw\u00e4ertege Materialien a Konstruktionstechniken d\u00e9i dee beschte S\u00ebtz fir all Fousstyp bidden. Mat enger thermoformabeler Feeschtkapp an engem eenzegaartegen Design, dee genuch verstellbar ass fir F\u00e9iss vun allen H\u00e9ichten oder Volumen z\u2019empf\u00e4nken ouni op Komfort ze verzichten. Fr\u00e9ier ongl\u00e9cklech F\u00e9iss mat Baler w\u00e4erten an d\u00ebse Schong verl\u00e9iwen.  <\/strong><\/p>\n","protected":false},"featured_media":88166,"comment_status":"closed","ping_status":"closed","template":"","meta":[],"product_brand":[],"product_cat":[4877,4790,4910,4915],"product_tag":[4979,5006,5058,5126],"class_list":{"0":"post-80453","1":"product","2":"type-product","3":"status-publish","4":"has-post-thumbnail","6":"product_cat-cx241-en-lb-lu-2","7":"product_cat-sale-lb-lu","8":"product_cat-lake-shoes-lb-lu","9":"product_cat-strooss","10":"product_tag-black-blue-lb-lu","11":"product_tag-cx241-lb-lu","12":"product_tag-lake-cycling-lb-lu","13":"product_tag-road-lb-lu","14":"product_shipping_class-large-items-lb-lu","15":"pa_size-41-lb-lu","16":"pa_size-45-lb-lu","17":"pa_width-regular-lb-lu","19":"first","20":"instock","21":"sale","22":"taxable","23":"shipping-taxable","24":"purchasable","25":"product-type-variable"},"yoast_head":"<!-- This site is optimized with the Yoast SEO Premium plugin v27.3 (Yoast SEO v27.3) - https:\/\/yoast.com\/product\/yoast-seo-premium-wordpress\/ -->\n<title>CX241 Black\/Blue - bikefit.lu<\/title>\n<meta name=\"robots\" content=\"index, follow, max-snippet:-1, max-image-preview:large, max-video-preview:-1\" \/>\n<link rel=\"canonical\" href=\"https:\/\/bikefit.lu\/lb-lu\/product\/cx241-black-blue\/\" \/>\n<meta property=\"og:locale\" content=\"en_US\" \/>\n<meta property=\"og:type\" content=\"article\" \/>\n<meta property=\"og:title\" content=\"CX241 Black\/Blue\" \/>\n<meta property=\"og:description\" content=\"Den CX241 ass d\u2019Resultat vun all der Experienz vu LAKE, h\u00e9ichw\u00e4ertege Materialien a Konstruktionstechniken d\u00e9i dee beschte S\u00ebtz fir all Fousstyp bidden. Mat enger thermoformabeler Feeschtkapp an engem eenzegaartegen Design, dee genuch verstellbar ass fir F\u00e9iss vun allen H\u00e9ichten oder Volumen z\u2019empf\u00e4nken ouni op Komfort ze verzichten. Fr\u00e9ier ongl\u00e9cklech F\u00e9iss mat Baler w\u00e4erten an d\u00ebse Schong verl\u00e9iwen.\" \/>\n<meta property=\"og:url\" content=\"https:\/\/bikefit.lu\/lb-lu\/product\/cx241-black-blue\/\" \/>\n<meta property=\"og:site_name\" content=\"bikefit.lu\" \/>\n<meta property=\"article:modified_time\" content=\"2024-05-25T08:43:47+00:00\" \/>\n<meta property=\"og:image\" content=\"https:\/\/bikefit.lu\/wp-content\/uploads\/2020\/04\/CX241-BLACK-SKYBLUE-L-OUT_1024x1024.webp\" \/>\n\t<meta property=\"og:image:width\" content=\"1024\" \/>\n\t<meta property=\"og:image:height\" content=\"759\" \/>\n\t<meta property=\"og:image:type\" content=\"image\/webp\" \/>\n<meta name=\"twitter:card\" content=\"summary_large_image\" \/>\n<meta name=\"twitter:label1\" content=\"Availability\" \/>\n\t<meta name=\"twitter:data1\" content=\"In stock\" \/>\n<script type=\"application\/ld+json\" class=\"yoast-schema-graph\">{\"@context\":\"https:\\\/\\\/schema.org\",\"@graph\":[{\"@type\":\"WebPage\",\"@id\":\"https:\\\/\\\/bikefit.lu\\\/lb-lu\\\/product\\\/cx241-black-blue\\\/\",\"url\":\"https:\\\/\\\/bikefit.lu\\\/lb-lu\\\/product\\\/cx241-black-blue\\\/\",\"name\":\"CX241 Black\\\/Blue - bikefit.lu\",\"isPartOf\":{\"@id\":\"https:\\\/\\\/bikefit.lu\\\/lb-lu\\\/#website\"},\"primaryImageOfPage\":{\"@id\":\"https:\\\/\\\/bikefit.lu\\\/lb-lu\\\/product\\\/cx241-black-blue\\\/#primaryimage\"},\"image\":{\"@id\":\"https:\\\/\\\/bikefit.lu\\\/lb-lu\\\/product\\\/cx241-black-blue\\\/#primaryimage\"},\"thumbnailUrl\":\"https:\\\/\\\/bikefit.lu\\\/wp-content\\\/uploads\\\/2020\\\/04\\\/CX241-BLACK-SKYBLUE-L-OUT_1024x1024.webp\",\"datePublished\":\"2020-04-22T22:47:09+00:00\",\"dateModified\":\"2024-05-25T08:43:47+00:00\",\"breadcrumb\":{\"@id\":\"https:\\\/\\\/bikefit.lu\\\/lb-lu\\\/product\\\/cx241-black-blue\\\/#breadcrumb\"},\"inLanguage\":\"lb-LU\",\"potentialAction\":[{\"@type\":\"ReadAction\",\"target\":[\"https:\\\/\\\/bikefit.lu\\\/lb-lu\\\/product\\\/cx241-black-blue\\\/\"]}]},{\"@type\":\"ImageObject\",\"inLanguage\":\"lb-LU\",\"@id\":\"https:\\\/\\\/bikefit.lu\\\/lb-lu\\\/product\\\/cx241-black-blue\\\/#primaryimage\",\"url\":\"https:\\\/\\\/bikefit.lu\\\/wp-content\\\/uploads\\\/2020\\\/04\\\/CX241-BLACK-SKYBLUE-L-OUT_1024x1024.webp\",\"contentUrl\":\"https:\\\/\\\/bikefit.lu\\\/wp-content\\\/uploads\\\/2020\\\/04\\\/CX241-BLACK-SKYBLUE-L-OUT_1024x1024.webp\",\"width\":1024,\"height\":759},{\"@type\":\"BreadcrumbList\",\"@id\":\"https:\\\/\\\/bikefit.lu\\\/lb-lu\\\/product\\\/cx241-black-blue\\\/#breadcrumb\",\"itemListElement\":[{\"@type\":\"ListItem\",\"position\":1,\"name\":\"Home\",\"item\":\"https:\\\/\\\/bikefit.lu\\\/lb-lu\\\/\"},{\"@type\":\"ListItem\",\"position\":2,\"name\":\"Products\",\"item\":\"https:\\\/\\\/bikefit.lu\\\/lb-lu\\\/shop\\\/\"},{\"@type\":\"ListItem\",\"position\":3,\"name\":\"CX241 Black\\\/Blue\"}]},{\"@type\":\"WebSite\",\"@id\":\"https:\\\/\\\/bikefit.lu\\\/lb-lu\\\/#website\",\"url\":\"https:\\\/\\\/bikefit.lu\\\/lb-lu\\\/\",\"name\":\"bikefit.lu\",\"description\":\"IMPROVING CYCLING\",\"publisher\":{\"@id\":\"https:\\\/\\\/bikefit.lu\\\/lb-lu\\\/#\\\/schema\\\/person\\\/379af1263474d2f8cd1f41c2bd90273d\"},\"potentialAction\":[{\"@type\":\"SearchAction\",\"target\":{\"@type\":\"EntryPoint\",\"urlTemplate\":\"https:\\\/\\\/bikefit.lu\\\/lb-lu\\\/?s={search_term_string}\"},\"query-input\":{\"@type\":\"PropertyValueSpecification\",\"valueRequired\":true,\"valueName\":\"search_term_string\"}}],\"inLanguage\":\"lb-LU\"},{\"@type\":[\"Person\",\"Organization\"],\"@id\":\"https:\\\/\\\/bikefit.lu\\\/lb-lu\\\/#\\\/schema\\\/person\\\/379af1263474d2f8cd1f41c2bd90273d\",\"name\":\"Patrick Guillaume\",\"image\":{\"@type\":\"ImageObject\",\"inLanguage\":\"lb-LU\",\"@id\":\"https:\\\/\\\/bikefit.lu\\\/wp-content\\\/uploads\\\/2024\\\/12\\\/cropped-bikefit-logoURL-RGB-jpg.jpg\",\"url\":\"https:\\\/\\\/bikefit.lu\\\/wp-content\\\/uploads\\\/2024\\\/12\\\/cropped-bikefit-logoURL-RGB-jpg.jpg\",\"contentUrl\":\"https:\\\/\\\/bikefit.lu\\\/wp-content\\\/uploads\\\/2024\\\/12\\\/cropped-bikefit-logoURL-RGB-jpg.jpg\",\"width\":512,\"height\":512,\"caption\":\"Patrick Guillaume\"},\"logo\":{\"@id\":\"https:\\\/\\\/bikefit.lu\\\/wp-content\\\/uploads\\\/2024\\\/12\\\/cropped-bikefit-logoURL-RGB-jpg.jpg\"},\"sameAs\":[\"https:\\\/\\\/bikefit.lu\"],\"honorificPrefix\":\"Mr\",\"birthDate\":\"1966-11-18\",\"gender\":\"male\",\"knowsAbout\":[\"Bike-fitting\"],\"knowsLanguage\":[\"English\",\"French\",\"German\",\"Luxembourgish\"]}]}<\/script>\n<meta property=\"og:availability\" content=\"instock\" \/>\n<meta property=\"product:availability\" content=\"instock\" \/>\n<meta property=\"product:condition\" content=\"new\" \/>\n<!-- \/ Yoast SEO Premium plugin. -->","yoast_head_json":{"title":"CX241 Black\/Blue - bikefit.lu","robots":{"index":"index","follow":"follow","max-snippet":"max-snippet:-1","max-image-preview":"max-image-preview:large","max-video-preview":"max-video-preview:-1"},"canonical":"https:\/\/bikefit.lu\/lb-lu\/product\/cx241-black-blue\/","og_locale":"en_US","og_type":"article","og_title":"CX241 Black\/Blue","og_description":"Den CX241 ass d\u2019Resultat vun all der Experienz vu LAKE, h\u00e9ichw\u00e4ertege Materialien a Konstruktionstechniken d\u00e9i dee beschte S\u00ebtz fir all Fousstyp bidden. Mat enger thermoformabeler Feeschtkapp an engem eenzegaartegen Design, dee genuch verstellbar ass fir F\u00e9iss vun allen H\u00e9ichten oder Volumen z\u2019empf\u00e4nken ouni op Komfort ze verzichten. Fr\u00e9ier ongl\u00e9cklech F\u00e9iss mat Baler w\u00e4erten an d\u00ebse Schong verl\u00e9iwen.","og_url":"https:\/\/bikefit.lu\/lb-lu\/product\/cx241-black-blue\/","og_site_name":"bikefit.lu","article_modified_time":"2024-05-25T08:43:47+00:00","og_image":[{"width":1024,"height":759,"url":"https:\/\/bikefit.lu\/wp-content\/uploads\/2020\/04\/CX241-BLACK-SKYBLUE-L-OUT_1024x1024.webp","type":"image\/webp"}],"twitter_card":"summary_large_image","twitter_misc":{"Availability":"In stock"},"schema":{"@context":"https:\/\/schema.org","@graph":[{"@type":"WebPage","@id":"https:\/\/bikefit.lu\/lb-lu\/product\/cx241-black-blue\/","url":"https:\/\/bikefit.lu\/lb-lu\/product\/cx241-black-blue\/","name":"CX241 Black\/Blue - bikefit.lu","isPartOf":{"@id":"https:\/\/bikefit.lu\/lb-lu\/#website"},"primaryImageOfPage":{"@id":"https:\/\/bikefit.lu\/lb-lu\/product\/cx241-black-blue\/#primaryimage"},"image":{"@id":"https:\/\/bikefit.lu\/lb-lu\/product\/cx241-black-blue\/#primaryimage"},"thumbnailUrl":"https:\/\/bikefit.lu\/wp-content\/uploads\/2020\/04\/CX241-BLACK-SKYBLUE-L-OUT_1024x1024.webp","datePublished":"2020-04-22T22:47:09+00:00","dateModified":"2024-05-25T08:43:47+00:00","breadcrumb":{"@id":"https:\/\/bikefit.lu\/lb-lu\/product\/cx241-black-blue\/#breadcrumb"},"inLanguage":"lb-LU","potentialAction":[{"@type":"ReadAction","target":["https:\/\/bikefit.lu\/lb-lu\/product\/cx241-black-blue\/"]}]},{"@type":"ImageObject","inLanguage":"lb-LU","@id":"https:\/\/bikefit.lu\/lb-lu\/product\/cx241-black-blue\/#primaryimage","url":"https:\/\/bikefit.lu\/wp-content\/uploads\/2020\/04\/CX241-BLACK-SKYBLUE-L-OUT_1024x1024.webp","contentUrl":"https:\/\/bikefit.lu\/wp-content\/uploads\/2020\/04\/CX241-BLACK-SKYBLUE-L-OUT_1024x1024.webp","width":1024,"height":759},{"@type":"BreadcrumbList","@id":"https:\/\/bikefit.lu\/lb-lu\/product\/cx241-black-blue\/#breadcrumb","itemListElement":[{"@type":"ListItem","position":1,"name":"Home","item":"https:\/\/bikefit.lu\/lb-lu\/"},{"@type":"ListItem","position":2,"name":"Products","item":"https:\/\/bikefit.lu\/lb-lu\/shop\/"},{"@type":"ListItem","position":3,"name":"CX241 Black\/Blue"}]},{"@type":"WebSite","@id":"https:\/\/bikefit.lu\/lb-lu\/#website","url":"https:\/\/bikefit.lu\/lb-lu\/","name":"bikefit.lu","description":"IMPROVING CYCLING","publisher":{"@id":"https:\/\/bikefit.lu\/lb-lu\/#\/schema\/person\/379af1263474d2f8cd1f41c2bd90273d"},"potentialAction":[{"@type":"SearchAction","target":{"@type":"EntryPoint","urlTemplate":"https:\/\/bikefit.lu\/lb-lu\/?s={search_term_string}"},"query-input":{"@type":"PropertyValueSpecification","valueRequired":true,"valueName":"search_term_string"}}],"inLanguage":"lb-LU"},{"@type":["Person","Organization"],"@id":"https:\/\/bikefit.lu\/lb-lu\/#\/schema\/person\/379af1263474d2f8cd1f41c2bd90273d","name":"Patrick Guillaume","image":{"@type":"ImageObject","inLanguage":"lb-LU","@id":"https:\/\/bikefit.lu\/wp-content\/uploads\/2024\/12\/cropped-bikefit-logoURL-RGB-jpg.jpg","url":"https:\/\/bikefit.lu\/wp-content\/uploads\/2024\/12\/cropped-bikefit-logoURL-RGB-jpg.jpg","contentUrl":"https:\/\/bikefit.lu\/wp-content\/uploads\/2024\/12\/cropped-bikefit-logoURL-RGB-jpg.jpg","width":512,"height":512,"caption":"Patrick Guillaume"},"logo":{"@id":"https:\/\/bikefit.lu\/wp-content\/uploads\/2024\/12\/cropped-bikefit-logoURL-RGB-jpg.jpg"},"sameAs":["https:\/\/bikefit.lu"],"honorificPrefix":"Mr","birthDate":"1966-11-18","gender":"male","knowsAbout":["Bike-fitting"],"knowsLanguage":["English","French","German","Luxembourgish"]}]},"og_availability":"instock","product_availability":"instock","product_condition":"new"},"_links":{"self":[{"href":"https:\/\/bikefit.lu\/lb-lu\/wp-json\/wp\/v2\/product\/80453","targetHints":{"allow":["GET"]}}],"collection":[{"href":"https:\/\/bikefit.lu\/lb-lu\/wp-json\/wp\/v2\/product"}],"about":[{"href":"https:\/\/bikefit.lu\/lb-lu\/wp-json\/wp\/v2\/types\/product"}],"replies":[{"embeddable":true,"href":"https:\/\/bikefit.lu\/lb-lu\/wp-json\/wp\/v2\/comments?post=80453"}],"version-history":[{"count":0,"href":"https:\/\/bikefit.lu\/lb-lu\/wp-json\/wp\/v2\/product\/80453\/revisions"}],"wp:featuredmedia":[{"embeddable":true,"href":"https:\/\/bikefit.lu\/lb-lu\/wp-json\/wp\/v2\/media\/88166"}],"wp:attachment":[{"href":"https:\/\/bikefit.lu\/lb-lu\/wp-json\/wp\/v2\/media?parent=80453"}],"wp:term":[{"taxonomy":"product_brand","embeddable":true,"href":"https:\/\/bikefit.lu\/lb-lu\/wp-json\/wp\/v2\/product_brand?post=80453"},{"taxonomy":"product_cat","embeddable":true,"href":"https:\/\/bikefit.lu\/lb-lu\/wp-json\/wp\/v2\/product_cat?post=80453"},{"taxonomy":"product_tag","embeddable":true,"href":"https:\/\/bikefit.lu\/lb-lu\/wp-json\/wp\/v2\/product_tag?post=80453"}],"curies":[{"name":"wp","href":"https:\/\/api.w.org\/{rel}","templated":true}]}}