{"id":80720,"date":"2024-01-15T21:06:25","date_gmt":"2024-01-15T21:06:25","guid":{"rendered":"https:\/\/staging.bikefit.lu\/shop\/uncategorized\/cx333-black-silver\/"},"modified":"2025-02-06T22:00:19","modified_gmt":"2025-02-06T22:00:19","slug":"cx333-black-silver","status":"publish","type":"product","link":"https:\/\/bikefit.lu\/lb-lu\/product\/cx333-black-silver\/","title":{"rendered":"CX333 Black\/Silver"},"content":{"rendered":"<p><strong>Form:<\/strong> CX Race: mat engem e b\u00ebsse m\u00e9i schmuelen Z\u00e9iwen- a Feeschteber\u00e4ich w\u00e9i d\u2019Form Competition an allgemeng manner Volume w\u00e9i d\u2019Form Sport. Entw\u00e9ckelt fir sportlecht Pedall\u00e9ieren a mat enger liicht m\u00e9i schmueler Passform. <\/p>\n<p><strong>Uewermaterial:<\/strong> Klite K\u00e4ngurulieder. Feescht an Zong mat H\u00ebtzregul\u00e9ierung. Thermoformabele Feeschtkapp aus Thermaform Kuelestofffaser. De bannenzegen Feeschtdeel ass aus thermesch formbarem Kuelestoff, deen d\u2019Gelee\u00ebnheet bitt et den Halt vun der Feescht besser ze personalis\u00e9ieren. Den optimalen Halt vun der Feescht stabilis\u00e9iert de Fouss a verh\u00ebnnert datt d\u2019Feescht rutscht. E stabille Fouss erm\u00e9iglecht m\u00e9i Kraaftuwwerdroung a manner Middegkeet D\u2019K\u00e4ngurlieder passt sech gutt dem Fouss un an d\u2019Kombinatioun mam duebele BOA\u00ae-System garant\u00e9iert datt \u00c4re Fouss gutt gehale g\u00ebtt ouni de Schong ze fest zouz\u00e9ien ze mussen.     <\/p>\n<p><strong>B\u00e4ussesuel:<\/strong> 100% Kuelestoff Lake Race Suel, verf\u00fcgbar fir 3-Lach Kallen oder 4-Lach fir Speedplay-Kallen. Den CX332 benotzt de Lake patent\u00e9ierte Duebel-Suelesystem. D\u2019Bannesuel ass eng semi-flexibel Glasfaserplattform d\u00e9i dem Fouss eng gw\u00ebsse Flexibilit\u00e9it um Niveau vum Balle bitt, wou de Fouss tend\u00e9iert ze schw\u00ebllen, waarm ze ginn, oder daf g\u00ebtt. D\u2019Bannesuel ass un der starrer B\u00e4ussesuel \u00e4us Carbon suspend\u00e9iert. D\u00ebse System erm\u00e9iglecht d\u2019Benotzung vun enger extrem steifer Carbon-Suel ouni Komfort-Komprom\u00ebss.     <\/p>\n<p><strong>Verschloss:<\/strong> Verschloss: BOA\u00ae Fit System mat Dual-Dial Li2 mat l\u00e9isbare Seelf\u00e9ierungen. Den Dual BOA\u00ae Fit System ass net eenzegaarteg fir de V\u00eblo, awer et ass w\u00e9i Lake d\u00ebsen Dial System a Verbindung mat der Musteraarbecht benotzen, hir Weltklass Schong-Form a d\u2019Selektioun vun h\u00e9ichw\u00e4ertegen Uewermaterialien, d\u00e9i m\u00e9cht w\u00e9i d\u00ebse System funktion\u00e9iert a firwat Lake Schong weltw\u00e4it bekannt si fir d\u00e9i bescht passenden a bequeemsten High-Performance V\u00eblosschong ze sinn.  <\/p>\n<p><strong>Faarwen:<\/strong> White\/Black, Black\/Silver, White\/White Microfiber oder #LakeCustom Color<\/p>\n<p>Jo, d\u2019Faarwe vun d\u00ebsem Modell k\u00ebnne personalis\u00e9iert gi fir ee klengen Zousaz vu 90 \u20ac. Spillt ronder\u00ebm mam <a href=\"https:\/\/custom.lakecycling.com\/#\/ChooseModel\" target=\"_blank\" rel=\"noopener noreferrer nofollow\">Customizer<\/a> an z\u00e9ckt net fir mech ze kontakt\u00e9iere wann Dir H\u00ebllef braucht, Rotschl\u00e9i, eng Grafik w\u00ebllt add\u00e9ieren oder wann Dir \u00c4R Schong w\u00ebllt bestellen.<\/p>\n<p><strong>Gr\u00e9issten:<\/strong> Narrow 39-50, 52 &amp; 39.5-46.5; Regular 39-50, 52 &amp; 39.5-46.5; Wide (EE) 37-50, 52 &amp; 39.5-46.5; Women\u2019 s 36-43, 37.5-42.5<\/p>\n<p>Verglach mam CX332: Narrow 333 = standard 332 \/ regular 333 = wide 333 and wide 333 = extra wide 332<\/p>\n<p>Fir Iech ze h\u00ebllefen d\u00e9i richteg Gr\u00e9isst ze fannen, gitt op <a href=\"https:\/\/lakecycling.com\/pages\/sizing-charts\" target=\"_blank\" rel=\"noopener noreferrer\">d\u00ebs S\u00e4it<\/a> oder kontakt\u00e9iert mech.<\/p>\n","protected":false},"excerpt":{"rendered":"<p><strong>Den CX333 ass d\u00e9i n\u00e4chst Generatioun vum klasseschen CX332 mat e puer Updates an Upgrades. Elo mat Carbitex Arch Support Panel fir e m\u00e9i s\u00e9chere Fit. Den CX333 bitt och d\u00e9iselwecht Thermoform Technologie w\u00e9i den CX403.<\/strong>.<\/p>\n","protected":false},"featured_media":77124,"comment_status":"closed","ping_status":"closed","template":"","meta":[],"product_brand":[],"product_cat":[4875,4910,4915],"product_tag":[4982,5015,5058,5126,5181,5180,5195],"class_list":{"0":"post-80720","1":"product","2":"type-product","3":"status-publish","4":"has-post-thumbnail","6":"product_cat-cx333-lb-lu","7":"product_cat-lake-shoes-lb-lu","8":"product_cat-strooss","9":"product_tag-black-silver-lb-lu","10":"product_tag-cx333-lb-lu","11":"product_tag-lake-cycling-lb-lu","12":"product_tag-road-lb-lu","13":"product_tag-triathlon-lb-lu","14":"product_tag-ultra-cycling-lb-lu","15":"product_tag-zaitfueren","16":"product_shipping_class-large-items-lb-lu","17":"pa_size-37-lb-lu-2","18":"pa_size-38-lb-lu","19":"pa_size-39-lb-lu-2","20":"pa_size-39-5-lb-lu","21":"pa_size-40-lb-lu-2","22":"pa_size-40-5-lb-lu","23":"pa_size-41-lb-lu","24":"pa_size-41-5-lb-lu","25":"pa_size-42-lb-lu","26":"pa_size-42-5-lb-lu","27":"pa_size-43-lb-lu-2","28":"pa_size-43-5-lb-lu-2","29":"pa_size-44-lb-lu","30":"pa_size-44-5-lb-lu","31":"pa_size-45-lb-lu","32":"pa_size-45-5-lb-lu","33":"pa_size-46-lb-lu","34":"pa_size-46-5-lb-lu","35":"pa_size-47-lb-lu","36":"pa_size-48-lb-lu","37":"pa_size-49-lb-lu","38":"pa_size-50-lb-lu","39":"pa_size-52-lb-lu","40":"pa_width-narrow-lb-lu-2","41":"pa_width-regular-lb-lu","42":"pa_width-wide-lb-lu-2","44":"first","45":"instock","46":"taxable","47":"shipping-taxable","48":"purchasable","49":"product-type-variable"},"yoast_head":"<!-- This site is optimized with the Yoast SEO Premium plugin v27.3 (Yoast SEO v27.3) - https:\/\/yoast.com\/product\/yoast-seo-premium-wordpress\/ -->\n<title>CX333 Black\/Silver - bikefit.lu<\/title>\n<meta name=\"robots\" content=\"index, follow, max-snippet:-1, max-image-preview:large, max-video-preview:-1\" \/>\n<link rel=\"canonical\" href=\"https:\/\/bikefit.lu\/lb-lu\/product\/cx333-black-silver\/\" \/>\n<meta property=\"og:locale\" content=\"en_US\" \/>\n<meta property=\"og:type\" content=\"article\" \/>\n<meta property=\"og:title\" content=\"CX333 Black\/Silver\" \/>\n<meta property=\"og:description\" content=\"Den CX333 ass d\u00e9i n\u00e4chst Generatioun vum klasseschen CX332 mat e puer Updates an Upgrades. Elo mat Carbitex Arch Support Panel fir e m\u00e9i s\u00e9chere Fit. Den CX333 bitt och d\u00e9iselwecht Thermoform Technologie w\u00e9i den CX403..\" \/>\n<meta property=\"og:url\" content=\"https:\/\/bikefit.lu\/lb-lu\/product\/cx333-black-silver\/\" \/>\n<meta property=\"og:site_name\" content=\"bikefit.lu\" \/>\n<meta property=\"article:modified_time\" content=\"2025-02-06T22:00:19+00:00\" \/>\n<meta property=\"og:image\" content=\"https:\/\/bikefit.lu\/wp-content\/uploads\/2024\/01\/9c6dee49-5198-4940-96b6-002ece653887_1800x1800.webp\" \/>\n\t<meta property=\"og:image:width\" content=\"1065\" \/>\n\t<meta property=\"og:image:height\" content=\"756\" \/>\n\t<meta property=\"og:image:type\" content=\"image\/webp\" \/>\n<meta name=\"twitter:card\" content=\"summary_large_image\" \/>\n<meta name=\"twitter:label1\" content=\"Availability\" \/>\n\t<meta name=\"twitter:data1\" content=\"In stock\" \/>\n<script type=\"application\/ld+json\" class=\"yoast-schema-graph\">{\"@context\":\"https:\\\/\\\/schema.org\",\"@graph\":[{\"@type\":\"WebPage\",\"@id\":\"https:\\\/\\\/bikefit.lu\\\/lb-lu\\\/product\\\/cx333-black-silver\\\/\",\"url\":\"https:\\\/\\\/bikefit.lu\\\/lb-lu\\\/product\\\/cx333-black-silver\\\/\",\"name\":\"CX333 Black\\\/Silver - bikefit.lu\",\"isPartOf\":{\"@id\":\"https:\\\/\\\/bikefit.lu\\\/lb-lu\\\/#website\"},\"primaryImageOfPage\":{\"@id\":\"https:\\\/\\\/bikefit.lu\\\/lb-lu\\\/product\\\/cx333-black-silver\\\/#primaryimage\"},\"image\":{\"@id\":\"https:\\\/\\\/bikefit.lu\\\/lb-lu\\\/product\\\/cx333-black-silver\\\/#primaryimage\"},\"thumbnailUrl\":\"https:\\\/\\\/bikefit.lu\\\/wp-content\\\/uploads\\\/2024\\\/01\\\/9c6dee49-5198-4940-96b6-002ece653887_1800x1800.webp\",\"datePublished\":\"2024-01-15T21:06:25+00:00\",\"dateModified\":\"2025-02-06T22:00:19+00:00\",\"breadcrumb\":{\"@id\":\"https:\\\/\\\/bikefit.lu\\\/lb-lu\\\/product\\\/cx333-black-silver\\\/#breadcrumb\"},\"inLanguage\":\"lb-LU\",\"potentialAction\":[{\"@type\":\"ReadAction\",\"target\":[\"https:\\\/\\\/bikefit.lu\\\/lb-lu\\\/product\\\/cx333-black-silver\\\/\"]}]},{\"@type\":\"ImageObject\",\"inLanguage\":\"lb-LU\",\"@id\":\"https:\\\/\\\/bikefit.lu\\\/lb-lu\\\/product\\\/cx333-black-silver\\\/#primaryimage\",\"url\":\"https:\\\/\\\/bikefit.lu\\\/wp-content\\\/uploads\\\/2024\\\/01\\\/9c6dee49-5198-4940-96b6-002ece653887_1800x1800.webp\",\"contentUrl\":\"https:\\\/\\\/bikefit.lu\\\/wp-content\\\/uploads\\\/2024\\\/01\\\/9c6dee49-5198-4940-96b6-002ece653887_1800x1800.webp\",\"width\":1065,\"height\":756},{\"@type\":\"BreadcrumbList\",\"@id\":\"https:\\\/\\\/bikefit.lu\\\/lb-lu\\\/product\\\/cx333-black-silver\\\/#breadcrumb\",\"itemListElement\":[{\"@type\":\"ListItem\",\"position\":1,\"name\":\"Home\",\"item\":\"https:\\\/\\\/bikefit.lu\\\/lb-lu\\\/\"},{\"@type\":\"ListItem\",\"position\":2,\"name\":\"Products\",\"item\":\"https:\\\/\\\/bikefit.lu\\\/lb-lu\\\/shop\\\/\"},{\"@type\":\"ListItem\",\"position\":3,\"name\":\"CX333 Black\\\/Silver\"}]},{\"@type\":\"WebSite\",\"@id\":\"https:\\\/\\\/bikefit.lu\\\/lb-lu\\\/#website\",\"url\":\"https:\\\/\\\/bikefit.lu\\\/lb-lu\\\/\",\"name\":\"bikefit.lu\",\"description\":\"IMPROVING CYCLING\",\"publisher\":{\"@id\":\"https:\\\/\\\/bikefit.lu\\\/lb-lu\\\/#\\\/schema\\\/person\\\/379af1263474d2f8cd1f41c2bd90273d\"},\"potentialAction\":[{\"@type\":\"SearchAction\",\"target\":{\"@type\":\"EntryPoint\",\"urlTemplate\":\"https:\\\/\\\/bikefit.lu\\\/lb-lu\\\/?s={search_term_string}\"},\"query-input\":{\"@type\":\"PropertyValueSpecification\",\"valueRequired\":true,\"valueName\":\"search_term_string\"}}],\"inLanguage\":\"lb-LU\"},{\"@type\":[\"Person\",\"Organization\"],\"@id\":\"https:\\\/\\\/bikefit.lu\\\/lb-lu\\\/#\\\/schema\\\/person\\\/379af1263474d2f8cd1f41c2bd90273d\",\"name\":\"Patrick Guillaume\",\"image\":{\"@type\":\"ImageObject\",\"inLanguage\":\"lb-LU\",\"@id\":\"https:\\\/\\\/bikefit.lu\\\/wp-content\\\/uploads\\\/2024\\\/12\\\/cropped-bikefit-logoURL-RGB-jpg.jpg\",\"url\":\"https:\\\/\\\/bikefit.lu\\\/wp-content\\\/uploads\\\/2024\\\/12\\\/cropped-bikefit-logoURL-RGB-jpg.jpg\",\"contentUrl\":\"https:\\\/\\\/bikefit.lu\\\/wp-content\\\/uploads\\\/2024\\\/12\\\/cropped-bikefit-logoURL-RGB-jpg.jpg\",\"width\":512,\"height\":512,\"caption\":\"Patrick Guillaume\"},\"logo\":{\"@id\":\"https:\\\/\\\/bikefit.lu\\\/wp-content\\\/uploads\\\/2024\\\/12\\\/cropped-bikefit-logoURL-RGB-jpg.jpg\"},\"sameAs\":[\"https:\\\/\\\/bikefit.lu\"],\"honorificPrefix\":\"Mr\",\"birthDate\":\"1966-11-18\",\"gender\":\"male\",\"knowsAbout\":[\"Bike-fitting\"],\"knowsLanguage\":[\"English\",\"French\",\"German\",\"Luxembourgish\"]}]}<\/script>\n<meta property=\"og:availability\" content=\"instock\" \/>\n<meta property=\"product:availability\" content=\"instock\" \/>\n<meta property=\"product:condition\" content=\"new\" \/>\n<!-- \/ Yoast SEO Premium plugin. -->","yoast_head_json":{"title":"CX333 Black\/Silver - bikefit.lu","robots":{"index":"index","follow":"follow","max-snippet":"max-snippet:-1","max-image-preview":"max-image-preview:large","max-video-preview":"max-video-preview:-1"},"canonical":"https:\/\/bikefit.lu\/lb-lu\/product\/cx333-black-silver\/","og_locale":"en_US","og_type":"article","og_title":"CX333 Black\/Silver","og_description":"Den CX333 ass d\u00e9i n\u00e4chst Generatioun vum klasseschen CX332 mat e puer Updates an Upgrades. Elo mat Carbitex Arch Support Panel fir e m\u00e9i s\u00e9chere Fit. Den CX333 bitt och d\u00e9iselwecht Thermoform Technologie w\u00e9i den CX403..","og_url":"https:\/\/bikefit.lu\/lb-lu\/product\/cx333-black-silver\/","og_site_name":"bikefit.lu","article_modified_time":"2025-02-06T22:00:19+00:00","og_image":[{"width":1065,"height":756,"url":"https:\/\/bikefit.lu\/wp-content\/uploads\/2024\/01\/9c6dee49-5198-4940-96b6-002ece653887_1800x1800.webp","type":"image\/webp"}],"twitter_card":"summary_large_image","twitter_misc":{"Availability":"In stock"},"schema":{"@context":"https:\/\/schema.org","@graph":[{"@type":"WebPage","@id":"https:\/\/bikefit.lu\/lb-lu\/product\/cx333-black-silver\/","url":"https:\/\/bikefit.lu\/lb-lu\/product\/cx333-black-silver\/","name":"CX333 Black\/Silver - bikefit.lu","isPartOf":{"@id":"https:\/\/bikefit.lu\/lb-lu\/#website"},"primaryImageOfPage":{"@id":"https:\/\/bikefit.lu\/lb-lu\/product\/cx333-black-silver\/#primaryimage"},"image":{"@id":"https:\/\/bikefit.lu\/lb-lu\/product\/cx333-black-silver\/#primaryimage"},"thumbnailUrl":"https:\/\/bikefit.lu\/wp-content\/uploads\/2024\/01\/9c6dee49-5198-4940-96b6-002ece653887_1800x1800.webp","datePublished":"2024-01-15T21:06:25+00:00","dateModified":"2025-02-06T22:00:19+00:00","breadcrumb":{"@id":"https:\/\/bikefit.lu\/lb-lu\/product\/cx333-black-silver\/#breadcrumb"},"inLanguage":"lb-LU","potentialAction":[{"@type":"ReadAction","target":["https:\/\/bikefit.lu\/lb-lu\/product\/cx333-black-silver\/"]}]},{"@type":"ImageObject","inLanguage":"lb-LU","@id":"https:\/\/bikefit.lu\/lb-lu\/product\/cx333-black-silver\/#primaryimage","url":"https:\/\/bikefit.lu\/wp-content\/uploads\/2024\/01\/9c6dee49-5198-4940-96b6-002ece653887_1800x1800.webp","contentUrl":"https:\/\/bikefit.lu\/wp-content\/uploads\/2024\/01\/9c6dee49-5198-4940-96b6-002ece653887_1800x1800.webp","width":1065,"height":756},{"@type":"BreadcrumbList","@id":"https:\/\/bikefit.lu\/lb-lu\/product\/cx333-black-silver\/#breadcrumb","itemListElement":[{"@type":"ListItem","position":1,"name":"Home","item":"https:\/\/bikefit.lu\/lb-lu\/"},{"@type":"ListItem","position":2,"name":"Products","item":"https:\/\/bikefit.lu\/lb-lu\/shop\/"},{"@type":"ListItem","position":3,"name":"CX333 Black\/Silver"}]},{"@type":"WebSite","@id":"https:\/\/bikefit.lu\/lb-lu\/#website","url":"https:\/\/bikefit.lu\/lb-lu\/","name":"bikefit.lu","description":"IMPROVING CYCLING","publisher":{"@id":"https:\/\/bikefit.lu\/lb-lu\/#\/schema\/person\/379af1263474d2f8cd1f41c2bd90273d"},"potentialAction":[{"@type":"SearchAction","target":{"@type":"EntryPoint","urlTemplate":"https:\/\/bikefit.lu\/lb-lu\/?s={search_term_string}"},"query-input":{"@type":"PropertyValueSpecification","valueRequired":true,"valueName":"search_term_string"}}],"inLanguage":"lb-LU"},{"@type":["Person","Organization"],"@id":"https:\/\/bikefit.lu\/lb-lu\/#\/schema\/person\/379af1263474d2f8cd1f41c2bd90273d","name":"Patrick Guillaume","image":{"@type":"ImageObject","inLanguage":"lb-LU","@id":"https:\/\/bikefit.lu\/wp-content\/uploads\/2024\/12\/cropped-bikefit-logoURL-RGB-jpg.jpg","url":"https:\/\/bikefit.lu\/wp-content\/uploads\/2024\/12\/cropped-bikefit-logoURL-RGB-jpg.jpg","contentUrl":"https:\/\/bikefit.lu\/wp-content\/uploads\/2024\/12\/cropped-bikefit-logoURL-RGB-jpg.jpg","width":512,"height":512,"caption":"Patrick Guillaume"},"logo":{"@id":"https:\/\/bikefit.lu\/wp-content\/uploads\/2024\/12\/cropped-bikefit-logoURL-RGB-jpg.jpg"},"sameAs":["https:\/\/bikefit.lu"],"honorificPrefix":"Mr","birthDate":"1966-11-18","gender":"male","knowsAbout":["Bike-fitting"],"knowsLanguage":["English","French","German","Luxembourgish"]}]},"og_availability":"instock","product_availability":"instock","product_condition":"new"},"_links":{"self":[{"href":"https:\/\/bikefit.lu\/lb-lu\/wp-json\/wp\/v2\/product\/80720","targetHints":{"allow":["GET"]}}],"collection":[{"href":"https:\/\/bikefit.lu\/lb-lu\/wp-json\/wp\/v2\/product"}],"about":[{"href":"https:\/\/bikefit.lu\/lb-lu\/wp-json\/wp\/v2\/types\/product"}],"replies":[{"embeddable":true,"href":"https:\/\/bikefit.lu\/lb-lu\/wp-json\/wp\/v2\/comments?post=80720"}],"version-history":[{"count":0,"href":"https:\/\/bikefit.lu\/lb-lu\/wp-json\/wp\/v2\/product\/80720\/revisions"}],"wp:featuredmedia":[{"embeddable":true,"href":"https:\/\/bikefit.lu\/lb-lu\/wp-json\/wp\/v2\/media\/77124"}],"wp:attachment":[{"href":"https:\/\/bikefit.lu\/lb-lu\/wp-json\/wp\/v2\/media?parent=80720"}],"wp:term":[{"taxonomy":"product_brand","embeddable":true,"href":"https:\/\/bikefit.lu\/lb-lu\/wp-json\/wp\/v2\/product_brand?post=80720"},{"taxonomy":"product_cat","embeddable":true,"href":"https:\/\/bikefit.lu\/lb-lu\/wp-json\/wp\/v2\/product_cat?post=80720"},{"taxonomy":"product_tag","embeddable":true,"href":"https:\/\/bikefit.lu\/lb-lu\/wp-json\/wp\/v2\/product_tag?post=80720"}],"curies":[{"name":"wp","href":"https:\/\/api.w.org\/{rel}","templated":true}]}}