{"id":81077,"date":"2020-12-16T17:23:50","date_gmt":"2020-12-16T16:23:50","guid":{"rendered":"https:\/\/staging.bikefit.lu\/shop\/uncategorized\/cx201-black\/"},"modified":"2024-07-30T10:53:16","modified_gmt":"2024-07-30T10:53:16","slug":"cx201-black","status":"publish","type":"product","link":"https:\/\/bikefit.lu\/lb-lu\/product\/cx201-black\/","title":{"rendered":"CX201 Black"},"content":{"rendered":"<p><strong>Form (Last): <\/strong>CX Comfort Plus<br \/><strong>Uewermaterial: <\/strong>Clarino Mikrofaser Material mat ootmungsaktivem, fiichtegkeetsofweisendem NuFOAM \u2122 mat antimikrobiellem Trek-Dry Fudder. Den eenzegaartegen Design vum NuFoam suergt dofir datt \u00c4r F\u00e9iss fr\u00ebsch an dr\u00e9che bleiwen. D\u00e9i bannenzeg Schicht vum NuFoam Package besteet aus antimikrobieller a fiichtegkeetsofweisendem Trek-Dry Material aus karbonis\u00e9iertem Bambus. Den Trek-Dry zitt d\u2019Fiichtegkeet vum Fouss un d\u2019Uewerfl\u00e4ch vum Schong. D\u2019M\u00ebttelschicht vum Nufoam Package besteet aus engem 2 mm perfor\u00e9iertem Schaum mat zouenen Zellen, d\u00e9i als Spacer funktion\u00e9ieren, sou datt d\u2019Loft an de Schong zirkul\u00e9iert a fir Evaporatioun suergt. D\u00ebse Prozess funktion\u00e9iert als Killsystem, an deem d\u2019Fiichtegkeet de Fouss ofkillt, w\u00e4rend en dr\u00e9che bleift.<br \/><strong>Baussesuel: <\/strong>Lake Comfort Plus Carbon Composite Suel. Verf\u00fcgbar n\u00ebmme fir 3-Lach Kallen.<br \/><strong>Verschloss:<\/strong> Fuschneie BOA\u00ae Li2 Push \/ Pull Schnouersystem, s\u00e4itlech mont\u00e9iert.<br \/><strong>Faarwen: <\/strong>w\u00e4iss\/schwaarz oder schwaarz\/schwaarz<br \/><strong>Gr\u00e9issten:<\/strong> n\u00ebmme Standard.       Voll Gr\u00e9isste vu 36 op 48, 50, hallef Gr\u00e9isste vun 39,5 op 46,5.<\/p>\n","protected":false},"excerpt":{"rendered":"[video width=\"848\" height=\"480\" mp4=\"https:\/\/bikefit.lu\/wp-content\/uploads\/2020\/12\/WhatsApp-Video-2020-12-16-at-10.51.09.mp4\"][\/video]\n<p>&nbsp; Confort a Passform op deen n\u00e4chsten Niveau br\u00e9ngen ze w\u00ebllen huet de <strong>CX201 <\/strong>erginn. Mat enger fonkelneier Form mat engem m\u00e9i breeden Ze\u00e9iweber\u00e4ich an enger eenzegarteger Konstruktioun, d\u00e9i e liichten an extrem ootmungsaktive Schong mat enger gener\u00e9iser Virfousssplattform ubitt, d\u00e9i fir vill verschidde Foussforme gemaach ass.<br \/>Den CX201 bas\u00e9iert op enger komplett neier Form d\u00e9i m\u00e9i w\u00e9i just zous\u00e4tzlech Breet bitt. D\u2019Dimensioune vun der neier <strong>Confort Plus Form<\/strong> sinn eenzegaarteg a suerge fir e Schong deen net n\u00ebmmen eng aner Form huet an einfach anescht ausges\u00e4it, awer och eng wesentlech aner Passform a Gefill bitt. Notabel Differenzen t\u00ebscht Confort Plus Last a Competition Last:<br \/>\u2013 M\u00e9i gener\u00e9isen Z\u00e9iweber\u00e4ich<br \/>\u2013 M\u00e9i Volumen fir de Cou-de-Pied<br \/>\u2013 M\u00e9i niddereg H\u00e9icht \u00ebnner dem Foussgew\u00f6lb<br \/>\u2013 M\u00e9i ronn Feescht    <\/p>\n","protected":false},"featured_media":77511,"comment_status":"closed","ping_status":"closed","template":"","meta":[],"product_brand":[],"product_cat":[4865,4910,4915],"product_tag":[4974,4999,5058,5126],"class_list":{"0":"post-81077","1":"product","2":"type-product","3":"status-publish","4":"has-post-thumbnail","6":"product_cat-cx201-lb-lu","7":"product_cat-lake-shoes-lb-lu","8":"product_cat-strooss","9":"product_tag-black-lb-lu","10":"product_tag-cx201-lb-lu","11":"product_tag-lake-cycling-lb-lu","12":"product_tag-road-lb-lu","13":"product_shipping_class-large-items-lb-lu","14":"pa_size-36-lb-lu","15":"pa_size-37-lb-lu-2","16":"pa_size-38-lb-lu","17":"pa_size-39-lb-lu-2","18":"pa_size-39-5-lb-lu","19":"pa_size-40-lb-lu-2","20":"pa_size-40-5-lb-lu","21":"pa_size-41-lb-lu","22":"pa_size-41-5-lb-lu","23":"pa_size-42-lb-lu","24":"pa_size-42-5-lb-lu","25":"pa_size-43-lb-lu-2","26":"pa_size-43-5-lb-lu-2","27":"pa_size-44-lb-lu","28":"pa_size-44-5-lb-lu","29":"pa_size-45-lb-lu","30":"pa_size-45-5-lb-lu","31":"pa_size-46-lb-lu","32":"pa_size-46-5-lb-lu","33":"pa_size-47-lb-lu","34":"pa_size-48-lb-lu","35":"pa_size-50-lb-lu","37":"first","38":"instock","39":"taxable","40":"shipping-taxable","41":"purchasable","42":"product-type-variable"},"yoast_head":"<!-- This site is optimized with the Yoast SEO Premium plugin v27.3 (Yoast SEO v27.3) - https:\/\/yoast.com\/product\/yoast-seo-premium-wordpress\/ -->\n<title>CX201 Black - bikefit.lu<\/title>\n<meta name=\"robots\" content=\"index, follow, max-snippet:-1, max-image-preview:large, max-video-preview:-1\" \/>\n<link rel=\"canonical\" href=\"https:\/\/bikefit.lu\/lb-lu\/product\/cx201-black\/\" \/>\n<meta property=\"og:locale\" content=\"en_US\" \/>\n<meta property=\"og:type\" content=\"article\" \/>\n<meta property=\"og:title\" content=\"CX201 Black\" \/>\n<meta property=\"og:description\" content=\"&nbsp; Confort a Passform op deen n\u00e4chsten Niveau br\u00e9ngen ze w\u00ebllen huet de CX201 erginn. Mat enger fonkelneier Form mat engem m\u00e9i breeden Ze\u00e9iweber\u00e4ich an enger eenzegarteger Konstruktioun, d\u00e9i e liichten an extrem ootmungsaktive Schong mat enger gener\u00e9iser Virfousssplattform ubitt, d\u00e9i fir vill verschidde Foussforme gemaach ass.Den CX201 bas\u00e9iert op enger komplett neier Form d\u00e9i m\u00e9i w\u00e9i just zous\u00e4tzlech Breet bitt. D\u2019Dimensioune vun der neier Confort Plus Form sinn eenzegaarteg a suerge fir e Schong deen net n\u00ebmmen eng aner Form huet an einfach anescht ausges\u00e4it, awer och eng wesentlech aner Passform a Gefill bitt. Notabel Differenzen t\u00ebscht Confort Plus Last a Competition Last:\u2013 M\u00e9i gener\u00e9isen Z\u00e9iweber\u00e4ich\u2013 M\u00e9i Volumen fir de Cou-de-Pied\u2013 M\u00e9i niddereg H\u00e9icht \u00ebnner dem Foussgew\u00f6lb\u2013 M\u00e9i ronn Feescht\" \/>\n<meta property=\"og:url\" content=\"https:\/\/bikefit.lu\/lb-lu\/product\/cx201-black\/\" \/>\n<meta property=\"og:site_name\" content=\"bikefit.lu\" \/>\n<meta property=\"article:modified_time\" content=\"2024-07-30T10:53:16+00:00\" \/>\n<meta property=\"og:image\" content=\"https:\/\/bikefit.lu\/wp-content\/uploads\/2024\/02\/CX201-BLACK-WHITE-FRNT.webp\" \/>\n\t<meta property=\"og:image:width\" content=\"1800\" \/>\n\t<meta property=\"og:image:height\" content=\"1305\" \/>\n\t<meta property=\"og:image:type\" content=\"image\/webp\" \/>\n<meta name=\"twitter:card\" content=\"summary_large_image\" \/>\n<meta name=\"twitter:label1\" content=\"Availability\" \/>\n\t<meta name=\"twitter:data1\" content=\"In stock\" \/>\n<script type=\"application\/ld+json\" class=\"yoast-schema-graph\">{\"@context\":\"https:\\\/\\\/schema.org\",\"@graph\":[{\"@type\":\"WebPage\",\"@id\":\"https:\\\/\\\/bikefit.lu\\\/lb-lu\\\/product\\\/cx201-black\\\/\",\"url\":\"https:\\\/\\\/bikefit.lu\\\/lb-lu\\\/product\\\/cx201-black\\\/\",\"name\":\"CX201 Black - bikefit.lu\",\"isPartOf\":{\"@id\":\"https:\\\/\\\/bikefit.lu\\\/lb-lu\\\/#website\"},\"primaryImageOfPage\":{\"@id\":\"https:\\\/\\\/bikefit.lu\\\/lb-lu\\\/product\\\/cx201-black\\\/#primaryimage\"},\"image\":{\"@id\":\"https:\\\/\\\/bikefit.lu\\\/lb-lu\\\/product\\\/cx201-black\\\/#primaryimage\"},\"thumbnailUrl\":\"https:\\\/\\\/bikefit.lu\\\/wp-content\\\/uploads\\\/2024\\\/02\\\/CX201-BLACK-WHITE-FRNT.webp\",\"datePublished\":\"2020-12-16T16:23:50+00:00\",\"dateModified\":\"2024-07-30T10:53:16+00:00\",\"breadcrumb\":{\"@id\":\"https:\\\/\\\/bikefit.lu\\\/lb-lu\\\/product\\\/cx201-black\\\/#breadcrumb\"},\"inLanguage\":\"lb-LU\",\"potentialAction\":[{\"@type\":\"ReadAction\",\"target\":[\"https:\\\/\\\/bikefit.lu\\\/lb-lu\\\/product\\\/cx201-black\\\/\"]}]},{\"@type\":\"ImageObject\",\"inLanguage\":\"lb-LU\",\"@id\":\"https:\\\/\\\/bikefit.lu\\\/lb-lu\\\/product\\\/cx201-black\\\/#primaryimage\",\"url\":\"https:\\\/\\\/bikefit.lu\\\/wp-content\\\/uploads\\\/2024\\\/02\\\/CX201-BLACK-WHITE-FRNT.webp\",\"contentUrl\":\"https:\\\/\\\/bikefit.lu\\\/wp-content\\\/uploads\\\/2024\\\/02\\\/CX201-BLACK-WHITE-FRNT.webp\",\"width\":1800,\"height\":1305},{\"@type\":\"BreadcrumbList\",\"@id\":\"https:\\\/\\\/bikefit.lu\\\/lb-lu\\\/product\\\/cx201-black\\\/#breadcrumb\",\"itemListElement\":[{\"@type\":\"ListItem\",\"position\":1,\"name\":\"Home\",\"item\":\"https:\\\/\\\/bikefit.lu\\\/lb-lu\\\/\"},{\"@type\":\"ListItem\",\"position\":2,\"name\":\"Products\",\"item\":\"https:\\\/\\\/bikefit.lu\\\/lb-lu\\\/shop\\\/\"},{\"@type\":\"ListItem\",\"position\":3,\"name\":\"CX201 Black\"}]},{\"@type\":\"WebSite\",\"@id\":\"https:\\\/\\\/bikefit.lu\\\/lb-lu\\\/#website\",\"url\":\"https:\\\/\\\/bikefit.lu\\\/lb-lu\\\/\",\"name\":\"bikefit.lu\",\"description\":\"IMPROVING CYCLING\",\"publisher\":{\"@id\":\"https:\\\/\\\/bikefit.lu\\\/lb-lu\\\/#\\\/schema\\\/person\\\/379af1263474d2f8cd1f41c2bd90273d\"},\"potentialAction\":[{\"@type\":\"SearchAction\",\"target\":{\"@type\":\"EntryPoint\",\"urlTemplate\":\"https:\\\/\\\/bikefit.lu\\\/lb-lu\\\/?s={search_term_string}\"},\"query-input\":{\"@type\":\"PropertyValueSpecification\",\"valueRequired\":true,\"valueName\":\"search_term_string\"}}],\"inLanguage\":\"lb-LU\"},{\"@type\":[\"Person\",\"Organization\"],\"@id\":\"https:\\\/\\\/bikefit.lu\\\/lb-lu\\\/#\\\/schema\\\/person\\\/379af1263474d2f8cd1f41c2bd90273d\",\"name\":\"Patrick Guillaume\",\"image\":{\"@type\":\"ImageObject\",\"inLanguage\":\"lb-LU\",\"@id\":\"https:\\\/\\\/bikefit.lu\\\/wp-content\\\/uploads\\\/2024\\\/12\\\/cropped-bikefit-logoURL-RGB-jpg.jpg\",\"url\":\"https:\\\/\\\/bikefit.lu\\\/wp-content\\\/uploads\\\/2024\\\/12\\\/cropped-bikefit-logoURL-RGB-jpg.jpg\",\"contentUrl\":\"https:\\\/\\\/bikefit.lu\\\/wp-content\\\/uploads\\\/2024\\\/12\\\/cropped-bikefit-logoURL-RGB-jpg.jpg\",\"width\":512,\"height\":512,\"caption\":\"Patrick Guillaume\"},\"logo\":{\"@id\":\"https:\\\/\\\/bikefit.lu\\\/wp-content\\\/uploads\\\/2024\\\/12\\\/cropped-bikefit-logoURL-RGB-jpg.jpg\"},\"sameAs\":[\"https:\\\/\\\/bikefit.lu\"],\"honorificPrefix\":\"Mr\",\"birthDate\":\"1966-11-18\",\"gender\":\"male\",\"knowsAbout\":[\"Bike-fitting\"],\"knowsLanguage\":[\"English\",\"French\",\"German\",\"Luxembourgish\"]}]}<\/script>\n<meta property=\"og:availability\" content=\"instock\" \/>\n<meta property=\"product:availability\" content=\"instock\" \/>\n<meta property=\"product:condition\" content=\"new\" \/>\n<!-- \/ Yoast SEO Premium plugin. -->","yoast_head_json":{"title":"CX201 Black - bikefit.lu","robots":{"index":"index","follow":"follow","max-snippet":"max-snippet:-1","max-image-preview":"max-image-preview:large","max-video-preview":"max-video-preview:-1"},"canonical":"https:\/\/bikefit.lu\/lb-lu\/product\/cx201-black\/","og_locale":"en_US","og_type":"article","og_title":"CX201 Black","og_description":"&nbsp; Confort a Passform op deen n\u00e4chsten Niveau br\u00e9ngen ze w\u00ebllen huet de CX201 erginn. Mat enger fonkelneier Form mat engem m\u00e9i breeden Ze\u00e9iweber\u00e4ich an enger eenzegarteger Konstruktioun, d\u00e9i e liichten an extrem ootmungsaktive Schong mat enger gener\u00e9iser Virfousssplattform ubitt, d\u00e9i fir vill verschidde Foussforme gemaach ass.Den CX201 bas\u00e9iert op enger komplett neier Form d\u00e9i m\u00e9i w\u00e9i just zous\u00e4tzlech Breet bitt. D\u2019Dimensioune vun der neier Confort Plus Form sinn eenzegaarteg a suerge fir e Schong deen net n\u00ebmmen eng aner Form huet an einfach anescht ausges\u00e4it, awer och eng wesentlech aner Passform a Gefill bitt. Notabel Differenzen t\u00ebscht Confort Plus Last a Competition Last:\u2013 M\u00e9i gener\u00e9isen Z\u00e9iweber\u00e4ich\u2013 M\u00e9i Volumen fir de Cou-de-Pied\u2013 M\u00e9i niddereg H\u00e9icht \u00ebnner dem Foussgew\u00f6lb\u2013 M\u00e9i ronn Feescht","og_url":"https:\/\/bikefit.lu\/lb-lu\/product\/cx201-black\/","og_site_name":"bikefit.lu","article_modified_time":"2024-07-30T10:53:16+00:00","og_image":[{"width":1800,"height":1305,"url":"https:\/\/bikefit.lu\/wp-content\/uploads\/2024\/02\/CX201-BLACK-WHITE-FRNT.webp","type":"image\/webp"}],"twitter_card":"summary_large_image","twitter_misc":{"Availability":"In stock"},"schema":{"@context":"https:\/\/schema.org","@graph":[{"@type":"WebPage","@id":"https:\/\/bikefit.lu\/lb-lu\/product\/cx201-black\/","url":"https:\/\/bikefit.lu\/lb-lu\/product\/cx201-black\/","name":"CX201 Black - bikefit.lu","isPartOf":{"@id":"https:\/\/bikefit.lu\/lb-lu\/#website"},"primaryImageOfPage":{"@id":"https:\/\/bikefit.lu\/lb-lu\/product\/cx201-black\/#primaryimage"},"image":{"@id":"https:\/\/bikefit.lu\/lb-lu\/product\/cx201-black\/#primaryimage"},"thumbnailUrl":"https:\/\/bikefit.lu\/wp-content\/uploads\/2024\/02\/CX201-BLACK-WHITE-FRNT.webp","datePublished":"2020-12-16T16:23:50+00:00","dateModified":"2024-07-30T10:53:16+00:00","breadcrumb":{"@id":"https:\/\/bikefit.lu\/lb-lu\/product\/cx201-black\/#breadcrumb"},"inLanguage":"lb-LU","potentialAction":[{"@type":"ReadAction","target":["https:\/\/bikefit.lu\/lb-lu\/product\/cx201-black\/"]}]},{"@type":"ImageObject","inLanguage":"lb-LU","@id":"https:\/\/bikefit.lu\/lb-lu\/product\/cx201-black\/#primaryimage","url":"https:\/\/bikefit.lu\/wp-content\/uploads\/2024\/02\/CX201-BLACK-WHITE-FRNT.webp","contentUrl":"https:\/\/bikefit.lu\/wp-content\/uploads\/2024\/02\/CX201-BLACK-WHITE-FRNT.webp","width":1800,"height":1305},{"@type":"BreadcrumbList","@id":"https:\/\/bikefit.lu\/lb-lu\/product\/cx201-black\/#breadcrumb","itemListElement":[{"@type":"ListItem","position":1,"name":"Home","item":"https:\/\/bikefit.lu\/lb-lu\/"},{"@type":"ListItem","position":2,"name":"Products","item":"https:\/\/bikefit.lu\/lb-lu\/shop\/"},{"@type":"ListItem","position":3,"name":"CX201 Black"}]},{"@type":"WebSite","@id":"https:\/\/bikefit.lu\/lb-lu\/#website","url":"https:\/\/bikefit.lu\/lb-lu\/","name":"bikefit.lu","description":"IMPROVING CYCLING","publisher":{"@id":"https:\/\/bikefit.lu\/lb-lu\/#\/schema\/person\/379af1263474d2f8cd1f41c2bd90273d"},"potentialAction":[{"@type":"SearchAction","target":{"@type":"EntryPoint","urlTemplate":"https:\/\/bikefit.lu\/lb-lu\/?s={search_term_string}"},"query-input":{"@type":"PropertyValueSpecification","valueRequired":true,"valueName":"search_term_string"}}],"inLanguage":"lb-LU"},{"@type":["Person","Organization"],"@id":"https:\/\/bikefit.lu\/lb-lu\/#\/schema\/person\/379af1263474d2f8cd1f41c2bd90273d","name":"Patrick Guillaume","image":{"@type":"ImageObject","inLanguage":"lb-LU","@id":"https:\/\/bikefit.lu\/wp-content\/uploads\/2024\/12\/cropped-bikefit-logoURL-RGB-jpg.jpg","url":"https:\/\/bikefit.lu\/wp-content\/uploads\/2024\/12\/cropped-bikefit-logoURL-RGB-jpg.jpg","contentUrl":"https:\/\/bikefit.lu\/wp-content\/uploads\/2024\/12\/cropped-bikefit-logoURL-RGB-jpg.jpg","width":512,"height":512,"caption":"Patrick Guillaume"},"logo":{"@id":"https:\/\/bikefit.lu\/wp-content\/uploads\/2024\/12\/cropped-bikefit-logoURL-RGB-jpg.jpg"},"sameAs":["https:\/\/bikefit.lu"],"honorificPrefix":"Mr","birthDate":"1966-11-18","gender":"male","knowsAbout":["Bike-fitting"],"knowsLanguage":["English","French","German","Luxembourgish"]}]},"og_availability":"instock","product_availability":"instock","product_condition":"new"},"_links":{"self":[{"href":"https:\/\/bikefit.lu\/lb-lu\/wp-json\/wp\/v2\/product\/81077","targetHints":{"allow":["GET"]}}],"collection":[{"href":"https:\/\/bikefit.lu\/lb-lu\/wp-json\/wp\/v2\/product"}],"about":[{"href":"https:\/\/bikefit.lu\/lb-lu\/wp-json\/wp\/v2\/types\/product"}],"replies":[{"embeddable":true,"href":"https:\/\/bikefit.lu\/lb-lu\/wp-json\/wp\/v2\/comments?post=81077"}],"version-history":[{"count":0,"href":"https:\/\/bikefit.lu\/lb-lu\/wp-json\/wp\/v2\/product\/81077\/revisions"}],"wp:featuredmedia":[{"embeddable":true,"href":"https:\/\/bikefit.lu\/lb-lu\/wp-json\/wp\/v2\/media\/77511"}],"wp:attachment":[{"href":"https:\/\/bikefit.lu\/lb-lu\/wp-json\/wp\/v2\/media?parent=81077"}],"wp:term":[{"taxonomy":"product_brand","embeddable":true,"href":"https:\/\/bikefit.lu\/lb-lu\/wp-json\/wp\/v2\/product_brand?post=81077"},{"taxonomy":"product_cat","embeddable":true,"href":"https:\/\/bikefit.lu\/lb-lu\/wp-json\/wp\/v2\/product_cat?post=81077"},{"taxonomy":"product_tag","embeddable":true,"href":"https:\/\/bikefit.lu\/lb-lu\/wp-json\/wp\/v2\/product_tag?post=81077"}],"curies":[{"name":"wp","href":"https:\/\/api.w.org\/{rel}","templated":true}]}}