{"id":81276,"date":"2024-01-26T14:05:26","date_gmt":"2024-01-26T14:05:26","guid":{"rendered":"https:\/\/staging.bikefit.lu\/shop\/uncategorized\/mx238-black-suede-gold\/"},"modified":"2025-11-20T09:08:46","modified_gmt":"2025-11-20T08:08:46","slug":"mx238-black-suede-gold","status":"publish","type":"product","link":"https:\/\/bikefit.lu\/lb-lu\/product\/mx238-black-suede-gold\/","title":{"rendered":"MX238 Black Suede\/Gold"},"content":{"rendered":"\t\t<div data-elementor-type=\"product-post\" data-elementor-id=\"81276\" class=\"elementor elementor-81276 elementor-74135\" data-elementor-post-type=\"product\">\n\t\t\t\t<div class=\"elementor-element elementor-element-17d8af99 e-flex e-con-boxed e-con e-parent\" data-id=\"17d8af99\" data-element_type=\"container\" data-e-type=\"container\">\n\t\t\t\t\t<div class=\"e-con-inner\">\n\t\t\t\t<div class=\"elementor-element elementor-element-567f7364 elementor-widget elementor-widget-text-editor\" data-id=\"567f7364\" data-element_type=\"widget\" data-e-type=\"widget\" data-widget_type=\"text-editor.default\">\n\t\t\t\t<div class=\"elementor-widget-container\">\n\t\t\t\t\t\t\t\t\t<p><strong>Form:<\/strong> MX-Competition. D\u00ebs Form huet e m\u00e9i gewellte Profil w\u00e9i d\u2019Form Sport. Haapt\u00ebnnerscheeder si m\u00e9i Plaz fir d\u2019Z\u00e9iwen, m\u00e9i eng h\u00e9ich Feeschtkapp a m\u00e9i Virfoussvolumen, fir datt de Fouss sech \u00ebnnert h\u00e9ijem Drock op d\u2019Pedall sech ausdeene kann.  <\/p><p><strong>Uewermaterial:<\/strong> waasserdicht Ecco Premium Lieder an Hoke-Lycra fir een optimalen Halt vun de Feeschten. D\u2019Lieder-Uewermaterial ass elegant an huet minim\u00e9iert N\u00e9iten, sou datt Dir iwwer d\u2019Z\u00e4it spiert w\u00e9i se sech \u00c4rem Fouss perfekt upassen. Helcor-Lieder hannert der Feescht a Gummiverst\u00e4erkung virun den Z\u00e9iwe sch\u00fctze viru Krazerten. Dat thermo-regl\u00e9ierend an ootmungsaktivt Material bitt e luxuri\u00e9ist Foussgefill an dauerhaft festen Halt.   <\/p><p><strong>B\u00e4ussesuel:<\/strong> Lake Competition 100 % Karbonfaser-Suel mat Mountain Race X-Echtgummi.<\/p><p><strong>Verschloss:<\/strong> Duebels\u00e4itege Push\/Pull L12 BOA\u00ae-System mat eraushuelbarem Str\u00e9cksystem. Den duebele BOA\u00ae bitt nach m\u00e9i Upassungsf\u00e4egkeet w\u00e9i een eenzege BOA\u00ae. <\/p><p>DISCLAIMER: Si k\u00ebnnen eventuell mat IP1 BOA ausgestatt sinn.<\/p><p><strong>Faarwen:<\/strong> Black\/Black, Black Camo, Black Suede\/Gold and Beetle\/Black.<\/p><p><strong>Gr\u00e9issten:<\/strong> Standard: Vollgr\u00e9issten vu 36 bis 48, 50, hallef Gr\u00e9isste vun 39,5 bis 46,5. <br>Wide: voll Gr\u00e9issten vun 37 bis 48, 50, hallef Gr\u00e9issten vun 39,5 bis 46,5<\/p><p>Fir Iech ze h\u00ebllefen d\u00e9i richteg Gr\u00e9isst ze fannen, gitt op <a href=\"https:\/\/lakecycling.com\/pages\/sizing-charts\" target=\"_blank\" rel=\"noopener noreferrer nofollow\">d\u00ebs S\u00e4it<\/a> oder kontakt\u00e9iert mech.<\/p>\t\t\t\t\t\t\t\t<\/div>\n\t\t\t\t<\/div>\n\t\t\t\t\t<\/div>\n\t\t\t\t<\/div>\n\t\t\t\t<\/div>\n\t\t","protected":false},"excerpt":{"rendered":"<p class=\"ai-optimize-introduction ai-optimize-44\"><strong>Den MX238 ass den Upgrade vun engem Klassiker, w\u00e4rend d\u2019Aspekter vum CX237, d\u00e9i se zu engem vun deene beschte Schong gemaach hunn, b\u00e4ibehale ginn.<\/strong><\/p>\n","protected":false},"featured_media":77313,"comment_status":"closed","ping_status":"closed","template":"","meta":[],"product_brand":[],"product_cat":[4790,4910,4863,4912],"product_tag":[4997,5058,5096,5111],"class_list":{"0":"post-81276","1":"product","2":"type-product","3":"status-publish","4":"has-post-thumbnail","6":"product_cat-sale-lb-lu","7":"product_cat-lake-shoes-lb-lu","8":"product_cat-mx238-en-lb-lu","9":"product_cat-offroad-lake-shoes-lb-lu","10":"product_tag-black-suede-gold-lb-lu","11":"product_tag-lake-cycling-lb-lu","12":"product_tag-mx238-lb-lu","13":"product_tag-offroad-lb-lu","14":"product_shipping_class-large-items-lb-lu","15":"pa_size-36-lb-lu","16":"pa_size-37-lb-lu-2","17":"pa_size-38-lb-lu","18":"pa_size-39-lb-lu-2","19":"pa_size-39-5-lb-lu","20":"pa_size-40-lb-lu-2","21":"pa_size-40-5-lb-lu","22":"pa_size-41-lb-lu","23":"pa_size-41-5-lb-lu","24":"pa_size-42-lb-lu","25":"pa_size-42-5-lb-lu","26":"pa_size-43-lb-lu-2","27":"pa_size-43-5-lb-lu-2","28":"pa_size-44-lb-lu","29":"pa_size-44-5-lb-lu","30":"pa_size-45-lb-lu","31":"pa_size-45-5-lb-lu","32":"pa_size-46-lb-lu","33":"pa_size-46-5-lb-lu","34":"pa_size-47-lb-lu","35":"pa_size-48-lb-lu","36":"pa_size-50-lb-lu","37":"pa_width-regular-lb-lu","38":"pa_width-wide-lb-lu-2","40":"first","41":"instock","42":"sale","43":"taxable","44":"shipping-taxable","45":"purchasable","46":"product-type-variable"},"yoast_head":"<!-- This site is optimized with the Yoast SEO Premium plugin v27.3 (Yoast SEO v27.3) - https:\/\/yoast.com\/product\/yoast-seo-premium-wordpress\/ -->\n<title>MX238 Black Suede\/Gold - bikefit.lu<\/title>\n<meta name=\"robots\" content=\"index, follow, max-snippet:-1, max-image-preview:large, max-video-preview:-1\" \/>\n<link rel=\"canonical\" href=\"https:\/\/bikefit.lu\/lb-lu\/product\/mx238-black-suede-gold\/\" \/>\n<meta property=\"og:locale\" content=\"en_US\" \/>\n<meta property=\"og:type\" content=\"article\" \/>\n<meta property=\"og:title\" content=\"MX238 Black Suede\/Gold\" \/>\n<meta property=\"og:description\" content=\"Den MX238 ass den Upgrade vun engem Klassiker, w\u00e4rend d\u2019Aspekter vum CX237, d\u00e9i se zu engem vun deene beschte Schong gemaach hunn, b\u00e4ibehale ginn.\" \/>\n<meta property=\"og:url\" content=\"https:\/\/bikefit.lu\/lb-lu\/product\/mx238-black-suede-gold\/\" \/>\n<meta property=\"og:site_name\" content=\"bikefit.lu\" \/>\n<meta property=\"article:modified_time\" content=\"2025-11-20T08:08:46+00:00\" \/>\n<meta property=\"og:image\" content=\"https:\/\/bikefit.lu\/wp-content\/uploads\/2024\/01\/MX238G-BLK-GOLD-FRNT.webp\" \/>\n\t<meta property=\"og:image:width\" content=\"900\" \/>\n\t<meta property=\"og:image:height\" content=\"667\" \/>\n\t<meta property=\"og:image:type\" content=\"image\/webp\" \/>\n<meta name=\"twitter:card\" content=\"summary_large_image\" \/>\n<meta name=\"twitter:label1\" content=\"Availability\" \/>\n\t<meta name=\"twitter:data1\" content=\"In stock\" \/>\n<script type=\"application\/ld+json\" class=\"yoast-schema-graph\">{\"@context\":\"https:\\\/\\\/schema.org\",\"@graph\":[{\"@type\":\"WebPage\",\"@id\":\"https:\\\/\\\/bikefit.lu\\\/lb-lu\\\/product\\\/mx238-black-suede-gold\\\/\",\"url\":\"https:\\\/\\\/bikefit.lu\\\/lb-lu\\\/product\\\/mx238-black-suede-gold\\\/\",\"name\":\"MX238 Black Suede\\\/Gold - bikefit.lu\",\"isPartOf\":{\"@id\":\"https:\\\/\\\/bikefit.lu\\\/lb-lu\\\/#website\"},\"primaryImageOfPage\":{\"@id\":\"https:\\\/\\\/bikefit.lu\\\/lb-lu\\\/product\\\/mx238-black-suede-gold\\\/#primaryimage\"},\"image\":{\"@id\":\"https:\\\/\\\/bikefit.lu\\\/lb-lu\\\/product\\\/mx238-black-suede-gold\\\/#primaryimage\"},\"thumbnailUrl\":\"https:\\\/\\\/bikefit.lu\\\/wp-content\\\/uploads\\\/2024\\\/01\\\/MX238G-BLK-GOLD-FRNT.webp\",\"datePublished\":\"2024-01-26T14:05:26+00:00\",\"dateModified\":\"2025-11-20T08:08:46+00:00\",\"breadcrumb\":{\"@id\":\"https:\\\/\\\/bikefit.lu\\\/lb-lu\\\/product\\\/mx238-black-suede-gold\\\/#breadcrumb\"},\"inLanguage\":\"lb-LU\",\"potentialAction\":[{\"@type\":\"ReadAction\",\"target\":[\"https:\\\/\\\/bikefit.lu\\\/lb-lu\\\/product\\\/mx238-black-suede-gold\\\/\"]}]},{\"@type\":\"ImageObject\",\"inLanguage\":\"lb-LU\",\"@id\":\"https:\\\/\\\/bikefit.lu\\\/lb-lu\\\/product\\\/mx238-black-suede-gold\\\/#primaryimage\",\"url\":\"https:\\\/\\\/bikefit.lu\\\/wp-content\\\/uploads\\\/2024\\\/01\\\/MX238G-BLK-GOLD-FRNT.webp\",\"contentUrl\":\"https:\\\/\\\/bikefit.lu\\\/wp-content\\\/uploads\\\/2024\\\/01\\\/MX238G-BLK-GOLD-FRNT.webp\",\"width\":900,\"height\":667},{\"@type\":\"BreadcrumbList\",\"@id\":\"https:\\\/\\\/bikefit.lu\\\/lb-lu\\\/product\\\/mx238-black-suede-gold\\\/#breadcrumb\",\"itemListElement\":[{\"@type\":\"ListItem\",\"position\":1,\"name\":\"Home\",\"item\":\"https:\\\/\\\/bikefit.lu\\\/lb-lu\\\/\"},{\"@type\":\"ListItem\",\"position\":2,\"name\":\"Products\",\"item\":\"https:\\\/\\\/bikefit.lu\\\/lb-lu\\\/shop\\\/\"},{\"@type\":\"ListItem\",\"position\":3,\"name\":\"MX238 Black Suede\\\/Gold\"}]},{\"@type\":\"WebSite\",\"@id\":\"https:\\\/\\\/bikefit.lu\\\/lb-lu\\\/#website\",\"url\":\"https:\\\/\\\/bikefit.lu\\\/lb-lu\\\/\",\"name\":\"bikefit.lu\",\"description\":\"IMPROVING CYCLING\",\"publisher\":{\"@id\":\"https:\\\/\\\/bikefit.lu\\\/lb-lu\\\/#\\\/schema\\\/person\\\/379af1263474d2f8cd1f41c2bd90273d\"},\"potentialAction\":[{\"@type\":\"SearchAction\",\"target\":{\"@type\":\"EntryPoint\",\"urlTemplate\":\"https:\\\/\\\/bikefit.lu\\\/lb-lu\\\/?s={search_term_string}\"},\"query-input\":{\"@type\":\"PropertyValueSpecification\",\"valueRequired\":true,\"valueName\":\"search_term_string\"}}],\"inLanguage\":\"lb-LU\"},{\"@type\":[\"Person\",\"Organization\"],\"@id\":\"https:\\\/\\\/bikefit.lu\\\/lb-lu\\\/#\\\/schema\\\/person\\\/379af1263474d2f8cd1f41c2bd90273d\",\"name\":\"Patrick Guillaume\",\"image\":{\"@type\":\"ImageObject\",\"inLanguage\":\"lb-LU\",\"@id\":\"https:\\\/\\\/bikefit.lu\\\/wp-content\\\/uploads\\\/2024\\\/12\\\/cropped-bikefit-logoURL-RGB-jpg.jpg\",\"url\":\"https:\\\/\\\/bikefit.lu\\\/wp-content\\\/uploads\\\/2024\\\/12\\\/cropped-bikefit-logoURL-RGB-jpg.jpg\",\"contentUrl\":\"https:\\\/\\\/bikefit.lu\\\/wp-content\\\/uploads\\\/2024\\\/12\\\/cropped-bikefit-logoURL-RGB-jpg.jpg\",\"width\":512,\"height\":512,\"caption\":\"Patrick Guillaume\"},\"logo\":{\"@id\":\"https:\\\/\\\/bikefit.lu\\\/wp-content\\\/uploads\\\/2024\\\/12\\\/cropped-bikefit-logoURL-RGB-jpg.jpg\"},\"sameAs\":[\"https:\\\/\\\/bikefit.lu\"],\"honorificPrefix\":\"Mr\",\"birthDate\":\"1966-11-18\",\"gender\":\"male\",\"knowsAbout\":[\"Bike-fitting\"],\"knowsLanguage\":[\"English\",\"French\",\"German\",\"Luxembourgish\"]}]}<\/script>\n<meta property=\"og:availability\" content=\"instock\" \/>\n<meta property=\"product:availability\" content=\"instock\" \/>\n<meta property=\"product:condition\" content=\"new\" \/>\n<!-- \/ Yoast SEO Premium plugin. -->","yoast_head_json":{"title":"MX238 Black Suede\/Gold - bikefit.lu","robots":{"index":"index","follow":"follow","max-snippet":"max-snippet:-1","max-image-preview":"max-image-preview:large","max-video-preview":"max-video-preview:-1"},"canonical":"https:\/\/bikefit.lu\/lb-lu\/product\/mx238-black-suede-gold\/","og_locale":"en_US","og_type":"article","og_title":"MX238 Black Suede\/Gold","og_description":"Den MX238 ass den Upgrade vun engem Klassiker, w\u00e4rend d\u2019Aspekter vum CX237, d\u00e9i se zu engem vun deene beschte Schong gemaach hunn, b\u00e4ibehale ginn.","og_url":"https:\/\/bikefit.lu\/lb-lu\/product\/mx238-black-suede-gold\/","og_site_name":"bikefit.lu","article_modified_time":"2025-11-20T08:08:46+00:00","og_image":[{"width":900,"height":667,"url":"https:\/\/bikefit.lu\/wp-content\/uploads\/2024\/01\/MX238G-BLK-GOLD-FRNT.webp","type":"image\/webp"}],"twitter_card":"summary_large_image","twitter_misc":{"Availability":"In stock"},"schema":{"@context":"https:\/\/schema.org","@graph":[{"@type":"WebPage","@id":"https:\/\/bikefit.lu\/lb-lu\/product\/mx238-black-suede-gold\/","url":"https:\/\/bikefit.lu\/lb-lu\/product\/mx238-black-suede-gold\/","name":"MX238 Black Suede\/Gold - bikefit.lu","isPartOf":{"@id":"https:\/\/bikefit.lu\/lb-lu\/#website"},"primaryImageOfPage":{"@id":"https:\/\/bikefit.lu\/lb-lu\/product\/mx238-black-suede-gold\/#primaryimage"},"image":{"@id":"https:\/\/bikefit.lu\/lb-lu\/product\/mx238-black-suede-gold\/#primaryimage"},"thumbnailUrl":"https:\/\/bikefit.lu\/wp-content\/uploads\/2024\/01\/MX238G-BLK-GOLD-FRNT.webp","datePublished":"2024-01-26T14:05:26+00:00","dateModified":"2025-11-20T08:08:46+00:00","breadcrumb":{"@id":"https:\/\/bikefit.lu\/lb-lu\/product\/mx238-black-suede-gold\/#breadcrumb"},"inLanguage":"lb-LU","potentialAction":[{"@type":"ReadAction","target":["https:\/\/bikefit.lu\/lb-lu\/product\/mx238-black-suede-gold\/"]}]},{"@type":"ImageObject","inLanguage":"lb-LU","@id":"https:\/\/bikefit.lu\/lb-lu\/product\/mx238-black-suede-gold\/#primaryimage","url":"https:\/\/bikefit.lu\/wp-content\/uploads\/2024\/01\/MX238G-BLK-GOLD-FRNT.webp","contentUrl":"https:\/\/bikefit.lu\/wp-content\/uploads\/2024\/01\/MX238G-BLK-GOLD-FRNT.webp","width":900,"height":667},{"@type":"BreadcrumbList","@id":"https:\/\/bikefit.lu\/lb-lu\/product\/mx238-black-suede-gold\/#breadcrumb","itemListElement":[{"@type":"ListItem","position":1,"name":"Home","item":"https:\/\/bikefit.lu\/lb-lu\/"},{"@type":"ListItem","position":2,"name":"Products","item":"https:\/\/bikefit.lu\/lb-lu\/shop\/"},{"@type":"ListItem","position":3,"name":"MX238 Black Suede\/Gold"}]},{"@type":"WebSite","@id":"https:\/\/bikefit.lu\/lb-lu\/#website","url":"https:\/\/bikefit.lu\/lb-lu\/","name":"bikefit.lu","description":"IMPROVING CYCLING","publisher":{"@id":"https:\/\/bikefit.lu\/lb-lu\/#\/schema\/person\/379af1263474d2f8cd1f41c2bd90273d"},"potentialAction":[{"@type":"SearchAction","target":{"@type":"EntryPoint","urlTemplate":"https:\/\/bikefit.lu\/lb-lu\/?s={search_term_string}"},"query-input":{"@type":"PropertyValueSpecification","valueRequired":true,"valueName":"search_term_string"}}],"inLanguage":"lb-LU"},{"@type":["Person","Organization"],"@id":"https:\/\/bikefit.lu\/lb-lu\/#\/schema\/person\/379af1263474d2f8cd1f41c2bd90273d","name":"Patrick Guillaume","image":{"@type":"ImageObject","inLanguage":"lb-LU","@id":"https:\/\/bikefit.lu\/wp-content\/uploads\/2024\/12\/cropped-bikefit-logoURL-RGB-jpg.jpg","url":"https:\/\/bikefit.lu\/wp-content\/uploads\/2024\/12\/cropped-bikefit-logoURL-RGB-jpg.jpg","contentUrl":"https:\/\/bikefit.lu\/wp-content\/uploads\/2024\/12\/cropped-bikefit-logoURL-RGB-jpg.jpg","width":512,"height":512,"caption":"Patrick Guillaume"},"logo":{"@id":"https:\/\/bikefit.lu\/wp-content\/uploads\/2024\/12\/cropped-bikefit-logoURL-RGB-jpg.jpg"},"sameAs":["https:\/\/bikefit.lu"],"honorificPrefix":"Mr","birthDate":"1966-11-18","gender":"male","knowsAbout":["Bike-fitting"],"knowsLanguage":["English","French","German","Luxembourgish"]}]},"og_availability":"instock","product_availability":"instock","product_condition":"new"},"_links":{"self":[{"href":"https:\/\/bikefit.lu\/lb-lu\/wp-json\/wp\/v2\/product\/81276","targetHints":{"allow":["GET"]}}],"collection":[{"href":"https:\/\/bikefit.lu\/lb-lu\/wp-json\/wp\/v2\/product"}],"about":[{"href":"https:\/\/bikefit.lu\/lb-lu\/wp-json\/wp\/v2\/types\/product"}],"replies":[{"embeddable":true,"href":"https:\/\/bikefit.lu\/lb-lu\/wp-json\/wp\/v2\/comments?post=81276"}],"version-history":[{"count":0,"href":"https:\/\/bikefit.lu\/lb-lu\/wp-json\/wp\/v2\/product\/81276\/revisions"}],"wp:featuredmedia":[{"embeddable":true,"href":"https:\/\/bikefit.lu\/lb-lu\/wp-json\/wp\/v2\/media\/77313"}],"wp:attachment":[{"href":"https:\/\/bikefit.lu\/lb-lu\/wp-json\/wp\/v2\/media?parent=81276"}],"wp:term":[{"taxonomy":"product_brand","embeddable":true,"href":"https:\/\/bikefit.lu\/lb-lu\/wp-json\/wp\/v2\/product_brand?post=81276"},{"taxonomy":"product_cat","embeddable":true,"href":"https:\/\/bikefit.lu\/lb-lu\/wp-json\/wp\/v2\/product_cat?post=81276"},{"taxonomy":"product_tag","embeddable":true,"href":"https:\/\/bikefit.lu\/lb-lu\/wp-json\/wp\/v2\/product_tag?post=81276"}],"curies":[{"name":"wp","href":"https:\/\/api.w.org\/{rel}","templated":true}]}}