{"id":81558,"date":"2023-11-18T14:04:26","date_gmt":"2023-11-18T14:04:26","guid":{"rendered":"https:\/\/staging.bikefit.lu\/shop\/uncategorized\/mx242-bio-camo\/"},"modified":"2024-09-12T05:25:54","modified_gmt":"2024-09-12T05:25:54","slug":"mx242-bio-camo","status":"publish","type":"product","link":"https:\/\/bikefit.lu\/lb-lu\/product\/mx242-bio-camo\/","title":{"rendered":"MX242 Bio Camo"},"content":{"rendered":"<p><strong>Form: <\/strong>MX-Competition. D\u00ebs Form huet e m\u00e9i gewellte Profil w\u00e9i d\u2019Form Sport. Haapt\u00ebnnerscheeder si m\u00e9i Plaz fir d\u2019Z\u00e9iwen, m\u00e9i eng h\u00e9ich Feeschtkapp a m\u00e9i Virfoussvolumen, fir datt de Fouss sech \u00ebnnert h\u00e9ijem Drock op d\u2019Pedall sech ausdeene kann.<br \/><strong>Uewen:<\/strong> Ofreiwungfest Helcor Lieder, Vollnarbelieder an Nufoam Sch\u00e4umschoff, verst\u00e4rkt mat Carbonfaser. D\u00e9i verschlei\u00dfbest\u00e4ndegt Helcor Lieder gouf speziell entw\u00e9ckelt fir extrem haltbar fir den Asaz am Gel\u00e4nn ze sinn. Dat Iewescht ass a 4 onofh\u00e4ngeg Zonen opgedeelt fir de flexibelste Fit fir schmuel oder breet F\u00e9iss ze garant\u00e9iere souw\u00e9i fir F\u00e9iss mat h\u00e9ijen an nidderege Cou de Pied. D\u2019upassbar Feeschkapp verbessert hannen den Halt. B\u00e4ussesuel: 100% Kuelestofffaser mat echtem Mountain Competition Gummi. Verschloss: Duebels\u00e4itege Push\/Pull Li2 BOA\u00ae-System mat eraushuelbarem Str\u00e9cksystem. Den duebele BOA\u00ae bitt nach m\u00e9i Upassungsf\u00e4egkeet w\u00e9i een eenzege BOA\u00ae.    <strong>B\u00e4ussesuel: <\/strong>100% Kuelestofffaser mat echtem Mountain Competition Gummi. <strong>Verschloss: <\/strong>Duebels\u00e4itege Push\/Pull Li2 BOA\u00ae-System mat eraushuelbarem Str\u00e9cksystem. Den duebele BOA\u00ae bitt nach m\u00e9i Upassungsf\u00e4egkeet w\u00e9i een eenzege BOA\u00ae.<br \/><strong>Faarwen: <\/strong>Schwaarz\/S\u00eblwer a Bio Camo.<br \/><strong>Gr\u00e9issten: <\/strong>Regular: Vollgr\u00e9issten vu 37 bis 50, 52, Hallefgr\u00e9issten vun 39,5 bis 46,5; Wide: Vollgr\u00e9issten vun 39 bis 50, 52, Hallefgr\u00e9issten vun 39,5 bis 46,5.<br \/>Fir Iech ze h\u00ebllefen d\u00e9i richteg Gr\u00e9isst ze fannen, gitt op <a href=\"https:\/\/lakecycling.com\/pages\/sizing-charts\" target=\"_blank\" rel=\"noopener noreferrer\">d\u00ebs S\u00e4it <\/a>oder kontakt\u00e9iert mech.   <\/p>\n","protected":false},"excerpt":{"rendered":"<p><strong>Den MX242 ass d\u2019Resultat vun all der Experienz vu LAKE, h\u00e9ichw\u00e4ertege Materialien a Konstruktionstechniken d\u00e9i dee beschte S\u00ebtz fir all Fousstyp bidden. Mat enger h\u00ebtzeformabeler Feeschtkapp an engem eenzegaartegen Design, dee genuch verstellbar ass fir F\u00e9iss vun allen H\u00e9ichten oder Volumen z\u2019empf\u00e4nken ouni op Komfort ze verzichten. Fr\u00e9ier ongl\u00e9cklech F\u00e9iss mat Baler w\u00e4erten d\u00ebs Schong g\u00e4r hunn. Verglach mam MX241ass den MX242 vir m\u00e9i ofgeronnt a bitt m\u00e9i Plaz fir d\u2019Z\u00e9iwen. Den Asaz vu Carbonfaser verbessert den Halt.   <\/strong><\/p>\n","protected":false},"featured_media":76875,"comment_status":"closed","ping_status":"closed","template":"","meta":[],"product_brand":[],"product_cat":[4910,4858,4912],"product_tag":[4971,5058,5103,5111],"class_list":{"0":"post-81558","1":"product","2":"type-product","3":"status-publish","4":"has-post-thumbnail","6":"product_cat-lake-shoes-lb-lu","7":"product_cat-mx242-en-lb-lu-2","8":"product_cat-offroad-lake-shoes-lb-lu","9":"product_tag-bio-camo-lb-lu","10":"product_tag-lake-cycling-lb-lu","11":"product_tag-mx242-lb-lu","12":"product_tag-offroad-lb-lu","13":"product_shipping_class-large-items-lb-lu","14":"pa_size-37-lb-lu-2","15":"pa_size-38-lb-lu","16":"pa_size-39-lb-lu-2","17":"pa_size-39-5-lb-lu","18":"pa_size-40-lb-lu-2","19":"pa_size-40-5-lb-lu","20":"pa_size-41-lb-lu","21":"pa_size-41-5-lb-lu","22":"pa_size-42-lb-lu","23":"pa_size-42-5-lb-lu","24":"pa_size-43-lb-lu-2","25":"pa_size-44-lb-lu","26":"pa_size-44-5-lb-lu","27":"pa_size-45-lb-lu","28":"pa_size-45-5-lb-lu","29":"pa_size-46-lb-lu","30":"pa_size-46-5-lb-lu","31":"pa_size-47-lb-lu","32":"pa_size-48-lb-lu","33":"pa_size-50-lb-lu","34":"pa_width-regular-lb-lu","35":"pa_width-wide-lb-lu-2","37":"first","38":"instock","39":"taxable","40":"shipping-taxable","41":"purchasable","42":"product-type-variable"},"yoast_head":"<!-- This site is optimized with the Yoast SEO Premium plugin v27.3 (Yoast SEO v27.3) - https:\/\/yoast.com\/product\/yoast-seo-premium-wordpress\/ -->\n<title>MX242 Bio Camo - bikefit.lu<\/title>\n<meta name=\"robots\" content=\"index, follow, max-snippet:-1, max-image-preview:large, max-video-preview:-1\" \/>\n<link rel=\"canonical\" href=\"https:\/\/bikefit.lu\/lb-lu\/product\/mx242-bio-camo\/\" \/>\n<meta property=\"og:locale\" content=\"en_US\" \/>\n<meta property=\"og:type\" content=\"article\" \/>\n<meta property=\"og:title\" content=\"MX242 Bio Camo\" \/>\n<meta property=\"og:description\" content=\"Den MX242 ass d\u2019Resultat vun all der Experienz vu LAKE, h\u00e9ichw\u00e4ertege Materialien a Konstruktionstechniken d\u00e9i dee beschte S\u00ebtz fir all Fousstyp bidden. Mat enger h\u00ebtzeformabeler Feeschtkapp an engem eenzegaartegen Design, dee genuch verstellbar ass fir F\u00e9iss vun allen H\u00e9ichten oder Volumen z\u2019empf\u00e4nken ouni op Komfort ze verzichten. Fr\u00e9ier ongl\u00e9cklech F\u00e9iss mat Baler w\u00e4erten d\u00ebs Schong g\u00e4r hunn. Verglach mam MX241ass den MX242 vir m\u00e9i ofgeronnt a bitt m\u00e9i Plaz fir d\u2019Z\u00e9iwen. Den Asaz vu Carbonfaser verbessert den Halt.\" \/>\n<meta property=\"og:url\" content=\"https:\/\/bikefit.lu\/lb-lu\/product\/mx242-bio-camo\/\" \/>\n<meta property=\"og:site_name\" content=\"bikefit.lu\" \/>\n<meta property=\"article:modified_time\" content=\"2024-09-12T05:25:54+00:00\" \/>\n<meta property=\"og:image\" content=\"https:\/\/bikefit.lu\/wp-content\/uploads\/2023\/04\/MX242-BIOCAMO-FRNT_1800x1800.webp\" \/>\n\t<meta property=\"og:image:width\" content=\"1025\" \/>\n\t<meta property=\"og:image:height\" content=\"760\" \/>\n\t<meta property=\"og:image:type\" content=\"image\/webp\" \/>\n<meta name=\"twitter:card\" content=\"summary_large_image\" \/>\n<meta name=\"twitter:label1\" content=\"Availability\" \/>\n\t<meta name=\"twitter:data1\" content=\"In stock\" \/>\n<script type=\"application\/ld+json\" class=\"yoast-schema-graph\">{\"@context\":\"https:\\\/\\\/schema.org\",\"@graph\":[{\"@type\":\"WebPage\",\"@id\":\"https:\\\/\\\/bikefit.lu\\\/lb-lu\\\/product\\\/mx242-bio-camo\\\/\",\"url\":\"https:\\\/\\\/bikefit.lu\\\/lb-lu\\\/product\\\/mx242-bio-camo\\\/\",\"name\":\"MX242 Bio Camo - bikefit.lu\",\"isPartOf\":{\"@id\":\"https:\\\/\\\/bikefit.lu\\\/lb-lu\\\/#website\"},\"primaryImageOfPage\":{\"@id\":\"https:\\\/\\\/bikefit.lu\\\/lb-lu\\\/product\\\/mx242-bio-camo\\\/#primaryimage\"},\"image\":{\"@id\":\"https:\\\/\\\/bikefit.lu\\\/lb-lu\\\/product\\\/mx242-bio-camo\\\/#primaryimage\"},\"thumbnailUrl\":\"https:\\\/\\\/bikefit.lu\\\/wp-content\\\/uploads\\\/2023\\\/04\\\/MX242-BIOCAMO-FRNT_1800x1800.webp\",\"datePublished\":\"2023-11-18T14:04:26+00:00\",\"dateModified\":\"2024-09-12T05:25:54+00:00\",\"breadcrumb\":{\"@id\":\"https:\\\/\\\/bikefit.lu\\\/lb-lu\\\/product\\\/mx242-bio-camo\\\/#breadcrumb\"},\"inLanguage\":\"lb-LU\",\"potentialAction\":[{\"@type\":\"ReadAction\",\"target\":[\"https:\\\/\\\/bikefit.lu\\\/lb-lu\\\/product\\\/mx242-bio-camo\\\/\"]}]},{\"@type\":\"ImageObject\",\"inLanguage\":\"lb-LU\",\"@id\":\"https:\\\/\\\/bikefit.lu\\\/lb-lu\\\/product\\\/mx242-bio-camo\\\/#primaryimage\",\"url\":\"https:\\\/\\\/bikefit.lu\\\/wp-content\\\/uploads\\\/2023\\\/04\\\/MX242-BIOCAMO-FRNT_1800x1800.webp\",\"contentUrl\":\"https:\\\/\\\/bikefit.lu\\\/wp-content\\\/uploads\\\/2023\\\/04\\\/MX242-BIOCAMO-FRNT_1800x1800.webp\",\"width\":1025,\"height\":760},{\"@type\":\"BreadcrumbList\",\"@id\":\"https:\\\/\\\/bikefit.lu\\\/lb-lu\\\/product\\\/mx242-bio-camo\\\/#breadcrumb\",\"itemListElement\":[{\"@type\":\"ListItem\",\"position\":1,\"name\":\"Home\",\"item\":\"https:\\\/\\\/bikefit.lu\\\/lb-lu\\\/\"},{\"@type\":\"ListItem\",\"position\":2,\"name\":\"Products\",\"item\":\"https:\\\/\\\/bikefit.lu\\\/lb-lu\\\/shop\\\/\"},{\"@type\":\"ListItem\",\"position\":3,\"name\":\"MX242 Bio Camo\"}]},{\"@type\":\"WebSite\",\"@id\":\"https:\\\/\\\/bikefit.lu\\\/lb-lu\\\/#website\",\"url\":\"https:\\\/\\\/bikefit.lu\\\/lb-lu\\\/\",\"name\":\"bikefit.lu\",\"description\":\"IMPROVING CYCLING\",\"publisher\":{\"@id\":\"https:\\\/\\\/bikefit.lu\\\/lb-lu\\\/#\\\/schema\\\/person\\\/379af1263474d2f8cd1f41c2bd90273d\"},\"potentialAction\":[{\"@type\":\"SearchAction\",\"target\":{\"@type\":\"EntryPoint\",\"urlTemplate\":\"https:\\\/\\\/bikefit.lu\\\/lb-lu\\\/?s={search_term_string}\"},\"query-input\":{\"@type\":\"PropertyValueSpecification\",\"valueRequired\":true,\"valueName\":\"search_term_string\"}}],\"inLanguage\":\"lb-LU\"},{\"@type\":[\"Person\",\"Organization\"],\"@id\":\"https:\\\/\\\/bikefit.lu\\\/lb-lu\\\/#\\\/schema\\\/person\\\/379af1263474d2f8cd1f41c2bd90273d\",\"name\":\"Patrick Guillaume\",\"image\":{\"@type\":\"ImageObject\",\"inLanguage\":\"lb-LU\",\"@id\":\"https:\\\/\\\/bikefit.lu\\\/wp-content\\\/uploads\\\/2024\\\/12\\\/cropped-bikefit-logoURL-RGB-jpg.jpg\",\"url\":\"https:\\\/\\\/bikefit.lu\\\/wp-content\\\/uploads\\\/2024\\\/12\\\/cropped-bikefit-logoURL-RGB-jpg.jpg\",\"contentUrl\":\"https:\\\/\\\/bikefit.lu\\\/wp-content\\\/uploads\\\/2024\\\/12\\\/cropped-bikefit-logoURL-RGB-jpg.jpg\",\"width\":512,\"height\":512,\"caption\":\"Patrick Guillaume\"},\"logo\":{\"@id\":\"https:\\\/\\\/bikefit.lu\\\/wp-content\\\/uploads\\\/2024\\\/12\\\/cropped-bikefit-logoURL-RGB-jpg.jpg\"},\"sameAs\":[\"https:\\\/\\\/bikefit.lu\"],\"honorificPrefix\":\"Mr\",\"birthDate\":\"1966-11-18\",\"gender\":\"male\",\"knowsAbout\":[\"Bike-fitting\"],\"knowsLanguage\":[\"English\",\"French\",\"German\",\"Luxembourgish\"]}]}<\/script>\n<meta property=\"og:availability\" content=\"instock\" \/>\n<meta property=\"product:availability\" content=\"instock\" \/>\n<meta property=\"product:condition\" content=\"new\" \/>\n<!-- \/ Yoast SEO Premium plugin. -->","yoast_head_json":{"title":"MX242 Bio Camo - bikefit.lu","robots":{"index":"index","follow":"follow","max-snippet":"max-snippet:-1","max-image-preview":"max-image-preview:large","max-video-preview":"max-video-preview:-1"},"canonical":"https:\/\/bikefit.lu\/lb-lu\/product\/mx242-bio-camo\/","og_locale":"en_US","og_type":"article","og_title":"MX242 Bio Camo","og_description":"Den MX242 ass d\u2019Resultat vun all der Experienz vu LAKE, h\u00e9ichw\u00e4ertege Materialien a Konstruktionstechniken d\u00e9i dee beschte S\u00ebtz fir all Fousstyp bidden. Mat enger h\u00ebtzeformabeler Feeschtkapp an engem eenzegaartegen Design, dee genuch verstellbar ass fir F\u00e9iss vun allen H\u00e9ichten oder Volumen z\u2019empf\u00e4nken ouni op Komfort ze verzichten. Fr\u00e9ier ongl\u00e9cklech F\u00e9iss mat Baler w\u00e4erten d\u00ebs Schong g\u00e4r hunn. Verglach mam MX241ass den MX242 vir m\u00e9i ofgeronnt a bitt m\u00e9i Plaz fir d\u2019Z\u00e9iwen. Den Asaz vu Carbonfaser verbessert den Halt.","og_url":"https:\/\/bikefit.lu\/lb-lu\/product\/mx242-bio-camo\/","og_site_name":"bikefit.lu","article_modified_time":"2024-09-12T05:25:54+00:00","og_image":[{"width":1025,"height":760,"url":"https:\/\/bikefit.lu\/wp-content\/uploads\/2023\/04\/MX242-BIOCAMO-FRNT_1800x1800.webp","type":"image\/webp"}],"twitter_card":"summary_large_image","twitter_misc":{"Availability":"In stock"},"schema":{"@context":"https:\/\/schema.org","@graph":[{"@type":"WebPage","@id":"https:\/\/bikefit.lu\/lb-lu\/product\/mx242-bio-camo\/","url":"https:\/\/bikefit.lu\/lb-lu\/product\/mx242-bio-camo\/","name":"MX242 Bio Camo - bikefit.lu","isPartOf":{"@id":"https:\/\/bikefit.lu\/lb-lu\/#website"},"primaryImageOfPage":{"@id":"https:\/\/bikefit.lu\/lb-lu\/product\/mx242-bio-camo\/#primaryimage"},"image":{"@id":"https:\/\/bikefit.lu\/lb-lu\/product\/mx242-bio-camo\/#primaryimage"},"thumbnailUrl":"https:\/\/bikefit.lu\/wp-content\/uploads\/2023\/04\/MX242-BIOCAMO-FRNT_1800x1800.webp","datePublished":"2023-11-18T14:04:26+00:00","dateModified":"2024-09-12T05:25:54+00:00","breadcrumb":{"@id":"https:\/\/bikefit.lu\/lb-lu\/product\/mx242-bio-camo\/#breadcrumb"},"inLanguage":"lb-LU","potentialAction":[{"@type":"ReadAction","target":["https:\/\/bikefit.lu\/lb-lu\/product\/mx242-bio-camo\/"]}]},{"@type":"ImageObject","inLanguage":"lb-LU","@id":"https:\/\/bikefit.lu\/lb-lu\/product\/mx242-bio-camo\/#primaryimage","url":"https:\/\/bikefit.lu\/wp-content\/uploads\/2023\/04\/MX242-BIOCAMO-FRNT_1800x1800.webp","contentUrl":"https:\/\/bikefit.lu\/wp-content\/uploads\/2023\/04\/MX242-BIOCAMO-FRNT_1800x1800.webp","width":1025,"height":760},{"@type":"BreadcrumbList","@id":"https:\/\/bikefit.lu\/lb-lu\/product\/mx242-bio-camo\/#breadcrumb","itemListElement":[{"@type":"ListItem","position":1,"name":"Home","item":"https:\/\/bikefit.lu\/lb-lu\/"},{"@type":"ListItem","position":2,"name":"Products","item":"https:\/\/bikefit.lu\/lb-lu\/shop\/"},{"@type":"ListItem","position":3,"name":"MX242 Bio Camo"}]},{"@type":"WebSite","@id":"https:\/\/bikefit.lu\/lb-lu\/#website","url":"https:\/\/bikefit.lu\/lb-lu\/","name":"bikefit.lu","description":"IMPROVING CYCLING","publisher":{"@id":"https:\/\/bikefit.lu\/lb-lu\/#\/schema\/person\/379af1263474d2f8cd1f41c2bd90273d"},"potentialAction":[{"@type":"SearchAction","target":{"@type":"EntryPoint","urlTemplate":"https:\/\/bikefit.lu\/lb-lu\/?s={search_term_string}"},"query-input":{"@type":"PropertyValueSpecification","valueRequired":true,"valueName":"search_term_string"}}],"inLanguage":"lb-LU"},{"@type":["Person","Organization"],"@id":"https:\/\/bikefit.lu\/lb-lu\/#\/schema\/person\/379af1263474d2f8cd1f41c2bd90273d","name":"Patrick Guillaume","image":{"@type":"ImageObject","inLanguage":"lb-LU","@id":"https:\/\/bikefit.lu\/wp-content\/uploads\/2024\/12\/cropped-bikefit-logoURL-RGB-jpg.jpg","url":"https:\/\/bikefit.lu\/wp-content\/uploads\/2024\/12\/cropped-bikefit-logoURL-RGB-jpg.jpg","contentUrl":"https:\/\/bikefit.lu\/wp-content\/uploads\/2024\/12\/cropped-bikefit-logoURL-RGB-jpg.jpg","width":512,"height":512,"caption":"Patrick Guillaume"},"logo":{"@id":"https:\/\/bikefit.lu\/wp-content\/uploads\/2024\/12\/cropped-bikefit-logoURL-RGB-jpg.jpg"},"sameAs":["https:\/\/bikefit.lu"],"honorificPrefix":"Mr","birthDate":"1966-11-18","gender":"male","knowsAbout":["Bike-fitting"],"knowsLanguage":["English","French","German","Luxembourgish"]}]},"og_availability":"instock","product_availability":"instock","product_condition":"new"},"_links":{"self":[{"href":"https:\/\/bikefit.lu\/lb-lu\/wp-json\/wp\/v2\/product\/81558","targetHints":{"allow":["GET"]}}],"collection":[{"href":"https:\/\/bikefit.lu\/lb-lu\/wp-json\/wp\/v2\/product"}],"about":[{"href":"https:\/\/bikefit.lu\/lb-lu\/wp-json\/wp\/v2\/types\/product"}],"replies":[{"embeddable":true,"href":"https:\/\/bikefit.lu\/lb-lu\/wp-json\/wp\/v2\/comments?post=81558"}],"version-history":[{"count":0,"href":"https:\/\/bikefit.lu\/lb-lu\/wp-json\/wp\/v2\/product\/81558\/revisions"}],"wp:featuredmedia":[{"embeddable":true,"href":"https:\/\/bikefit.lu\/lb-lu\/wp-json\/wp\/v2\/media\/76875"}],"wp:attachment":[{"href":"https:\/\/bikefit.lu\/lb-lu\/wp-json\/wp\/v2\/media?parent=81558"}],"wp:term":[{"taxonomy":"product_brand","embeddable":true,"href":"https:\/\/bikefit.lu\/lb-lu\/wp-json\/wp\/v2\/product_brand?post=81558"},{"taxonomy":"product_cat","embeddable":true,"href":"https:\/\/bikefit.lu\/lb-lu\/wp-json\/wp\/v2\/product_cat?post=81558"},{"taxonomy":"product_tag","embeddable":true,"href":"https:\/\/bikefit.lu\/lb-lu\/wp-json\/wp\/v2\/product_tag?post=81558"}],"curies":[{"name":"wp","href":"https:\/\/api.w.org\/{rel}","templated":true}]}}