{"id":81778,"date":"2022-01-05T21:21:20","date_gmt":"2022-01-05T21:21:20","guid":{"rendered":"https:\/\/staging.bikefit.lu\/shop\/uncategorized\/mx146\/"},"modified":"2026-02-16T08:43:58","modified_gmt":"2026-02-16T07:43:58","slug":"mx146","status":"publish","type":"product","link":"https:\/\/bikefit.lu\/lb-lu\/product\/mx146\/","title":{"rendered":"MX146"},"content":{"rendered":"<p><strong>Form:<\/strong> <a href=\"https:\/\/www.lakecycling.com\/pages\/shoe-lasts\" target=\"_blank\" rel=\"noopener noreferrer nofollow\">MX Sport<\/a> \u2013 D\u00ebs Form huet eng m\u00e9i grouss Z\u00e9iwebox w\u00e9i d\u2019Confort-Form a bitt gl\u00e4ichz\u00e4iteg verbessert Fousskontroll duerch e besseren Halt vum ganze Fouss. D\u00e9i result\u00e9ierend Passform ass fir aggressivt Biken entworf a bleift de ganzen Dag bequeem ze droen. Ideal fir Courrieren, Abenteuer-V\u00eblosfuerer an all aner, d\u00e9i hir V\u00eblosschong fir laang Z\u00e4it undoen. Verf\u00fcgbar an 2 Breeten.  <\/p>\n<p><strong>Uewermaterial:<\/strong> D\u2019Uewermaterial besteet aus Softshell Stoff, waasserdichtem Mikrofiber, Thinsulate 200gr Isolatioun an enger waasserdichter Membran, d\u00e9i d\u00ebse V\u00eblosschong zu engem h\u00e9ich waasserdichte V\u00eblosschong \u00ebnner verschiddene Konditioune m\u00e9cht. Clarino Mikrofiber bitt eng grouss Haltbarkeet an d\u2019Souplesse vum Lieder mat enger wesentlecher Reduktioun vum Gewiicht. <\/p>\n<p><strong>Verschloss:<\/strong> D\u00e9i neie Mid Power M4 BOA ass super fir \u00c4is, Dreck an aner usprochsvoll Konditiounen an ass einfach mat H\u00e4ndschen unzepassen. E kombin\u00e9iert Haltbarkeet a Verschlossfestegkeet fir intensiv Kr\u00e4ften an Auswierkungen ze widderstoen ouni d\u2019Passform ze kompromett\u00e9ieren. A Kombinatioun mam Click-Fit Schnellspanner m\u00e9cht de System et m\u00e9i einfach eran an eraus ze kommen. <\/p>\n<p><strong>Temperatur Bew\u00e4ertung:<\/strong> Gemittlech bis -4 \u00b0 C.<\/p>\n<p><strong>Outsole:<\/strong> Supergrip Enduro Sole mat Ice Lock Anti-Rutsch-Stollen. Den MX146 huet net n\u00ebmmen d\u00e9i Lake legend\u00e4r Glasfaser-injekt\u00e9iert Nylonsuel, awer och eng vun den technesch fortgeschratt Gummisuel. D\u2019Supergrip Gummi Suel huet ICE LOCK Profil Insert\u2019en, mat vertikal agespr\u00ebtzte Mikroglasfaser, d\u00e9i op praktesch all Fl\u00e4chen optimale Grip verspriechen. D\u00ebst g\u00ebtt Iech e stabilen a s\u00e9cheren Naasswieder-V\u00eblosschong an all Konditiounen   <\/p>\n<p><strong>Verf\u00fcgbar Faarf:<\/strong> schwaarz \/ schwaarz reflekt\u00e9ierend.<\/p>\n<p><strong>Gr\u00e9issten:<\/strong> Standard 36-48.50 N\u00ebmme ganz Gr\u00e9issten. Breet EE 39 \u2013 48; 50 n\u00ebmme ganz Gr\u00e9issten. <\/p>\n","protected":false},"excerpt":{"rendered":"<p>Den MX146 ass d\u2019\u00c4ntwert op d\u00e9i Hierscht- oder Fr\u00e9ijoersdeeg, vun deenen Dir geduecht hutt si wieren ze naass fir ze fueren. Entw\u00e9ckelt fir Hierscht \/ Fr\u00e9ijoer, m\u00ebll Wanteren a fiicht Wieder, ass den MX146 genau dee richtege Schong fir d\u00e9i Deeg wou \u00c4r Rennschong ze kal oder d\u2019Boots ze waarm. Fatbike, Pendelen, Cyclocross, wat och \u00ebmmer, den MX146 ass prett dofir.  <\/p>\n<p><a href=\"https:\/\/youtu.be\/k0NFhtQgBsU\">https:\/\/youtu.be\/k0NFhtQgBsU<\/a><\/p>\n<p><strong>Tipp fir \u00c4r Schong waasserdicht ze halen:<\/strong> D\u2019Uewermaterial g\u00ebtt an der Fabrick mat enger DWR (Durable Water Resistant) Beschichtung behandelt, d\u00e9i mat der Z\u00e4it a mam Gebrauch ofschleeft. Fir ze verh\u00ebnneren, datt d\u2019Schong Waasser absorb\u00e9ieren, dat an d\u2019Schong k\u00e9int penetr\u00e9ieren, w\u00e9i bei villen anere waasserdichte Produkter, ass en DWR Spray recommand\u00e9iert, deen an de meeschte Gesch\u00e4fter verf\u00fcgbar ass, d\u00e9i Outdoorprodukter verkafen. Mir recommand\u00e9ieren d\u2019Beschichtung 1-2 Mol am Joer fir moder\u00e9iert Biker a fir intensiv Benotzung oder alldeeglech Pendler op d\u2019mannst no 2-3 extrem naass Reesen ze trait\u00e9ieren. Fir bescht Resultater, befollegt d\u2019Instruktioune vum DWR Hiersteller.   <\/p>\n","protected":false},"featured_media":88078,"comment_status":"closed","ping_status":"closed","template":"","meta":[],"product_brand":[],"product_cat":[4910,4852,4912],"product_tag":[4974,5058,5094,5111,5219],"class_list":{"0":"post-81778","1":"product","2":"type-product","3":"status-publish","4":"has-post-thumbnail","6":"product_cat-lake-shoes-lb-lu","7":"product_cat-mx146-en-lb-lu","8":"product_cat-offroad-lake-shoes-lb-lu","9":"product_tag-black-lb-lu","10":"product_tag-lake-cycling-lb-lu","11":"product_tag-mx146-lb-lu","12":"product_tag-offroad-lb-lu","13":"product_tag-winter-lb-lu","14":"product_shipping_class-large-items-lb-lu","15":"pa_size-39-lb-lu-2","16":"pa_size-40-lb-lu-2","17":"pa_size-41-lb-lu","18":"pa_size-42-lb-lu","19":"pa_size-43-lb-lu-2","20":"pa_size-44-lb-lu","21":"pa_size-44-5-lb-lu","22":"pa_size-45-lb-lu","23":"pa_size-46-lb-lu","24":"pa_size-47-lb-lu","25":"pa_size-48-lb-lu","26":"pa_size-50-lb-lu","27":"pa_width-wide-lb-lu-2","29":"first","30":"instock","31":"taxable","32":"shipping-taxable","33":"purchasable","34":"product-type-variable"},"yoast_head":"<!-- This site is optimized with the Yoast SEO Premium plugin v27.3 (Yoast SEO v27.3) - https:\/\/yoast.com\/product\/yoast-seo-premium-wordpress\/ -->\n<title>MX146 - bikefit.lu<\/title>\n<meta name=\"robots\" content=\"index, follow, max-snippet:-1, max-image-preview:large, max-video-preview:-1\" \/>\n<link rel=\"canonical\" href=\"https:\/\/bikefit.lu\/lb-lu\/product\/mx146\/\" \/>\n<meta property=\"og:locale\" content=\"en_US\" \/>\n<meta property=\"og:type\" content=\"article\" \/>\n<meta property=\"og:title\" content=\"MX146\" \/>\n<meta property=\"og:description\" content=\"Den MX146 ass d\u2019\u00c4ntwert op d\u00e9i Hierscht- oder Fr\u00e9ijoersdeeg, vun deenen Dir geduecht hutt si wieren ze naass fir ze fueren. Entw\u00e9ckelt fir Hierscht \/ Fr\u00e9ijoer, m\u00ebll Wanteren a fiicht Wieder, ass den MX146 genau dee richtege Schong fir d\u00e9i Deeg wou \u00c4r Rennschong ze kal oder d\u2019Boots ze waarm. Fatbike, Pendelen, Cyclocross, wat och \u00ebmmer, den MX146 ass prett dofir.  https:\/\/youtu.be\/k0NFhtQgBsU Tipp fir \u00c4r Schong waasserdicht ze halen: D\u2019Uewermaterial g\u00ebtt an der Fabrick mat enger DWR (Durable Water Resistant) Beschichtung behandelt, d\u00e9i mat der Z\u00e4it a mam Gebrauch ofschleeft. Fir ze verh\u00ebnneren, datt d\u2019Schong Waasser absorb\u00e9ieren, dat an d\u2019Schong k\u00e9int penetr\u00e9ieren, w\u00e9i bei villen anere waasserdichte Produkter, ass en DWR Spray recommand\u00e9iert, deen an de meeschte Gesch\u00e4fter verf\u00fcgbar ass, d\u00e9i Outdoorprodukter verkafen. Mir recommand\u00e9ieren d\u2019Beschichtung 1-2 Mol am Joer fir moder\u00e9iert Biker a fir intensiv Benotzung oder alldeeglech Pendler op d\u2019mannst no 2-3 extrem naass Reesen ze trait\u00e9ieren. Fir bescht Resultater, befollegt d\u2019Instruktioune vum DWR Hiersteller.\" \/>\n<meta property=\"og:url\" content=\"https:\/\/bikefit.lu\/lb-lu\/product\/mx146\/\" \/>\n<meta property=\"og:site_name\" content=\"bikefit.lu\" \/>\n<meta property=\"article:modified_time\" content=\"2026-02-16T07:43:58+00:00\" \/>\n<meta property=\"og:image\" content=\"https:\/\/bikefit.lu\/wp-content\/uploads\/2022\/01\/MX146-BLACK-FRNT.webp\" \/>\n\t<meta property=\"og:image:width\" content=\"1800\" \/>\n\t<meta property=\"og:image:height\" content=\"1533\" \/>\n\t<meta property=\"og:image:type\" content=\"image\/webp\" \/>\n<meta name=\"twitter:card\" content=\"summary_large_image\" \/>\n<meta name=\"twitter:label1\" content=\"Availability\" \/>\n\t<meta name=\"twitter:data1\" content=\"In stock\" \/>\n<script type=\"application\/ld+json\" class=\"yoast-schema-graph\">{\"@context\":\"https:\\\/\\\/schema.org\",\"@graph\":[{\"@type\":\"WebPage\",\"@id\":\"https:\\\/\\\/bikefit.lu\\\/lb-lu\\\/product\\\/mx146\\\/\",\"url\":\"https:\\\/\\\/bikefit.lu\\\/lb-lu\\\/product\\\/mx146\\\/\",\"name\":\"MX146 - bikefit.lu\",\"isPartOf\":{\"@id\":\"https:\\\/\\\/bikefit.lu\\\/lb-lu\\\/#website\"},\"primaryImageOfPage\":{\"@id\":\"https:\\\/\\\/bikefit.lu\\\/lb-lu\\\/product\\\/mx146\\\/#primaryimage\"},\"image\":{\"@id\":\"https:\\\/\\\/bikefit.lu\\\/lb-lu\\\/product\\\/mx146\\\/#primaryimage\"},\"thumbnailUrl\":\"https:\\\/\\\/bikefit.lu\\\/wp-content\\\/uploads\\\/2022\\\/01\\\/MX146-BLACK-FRNT.webp\",\"datePublished\":\"2022-01-05T21:21:20+00:00\",\"dateModified\":\"2026-02-16T07:43:58+00:00\",\"breadcrumb\":{\"@id\":\"https:\\\/\\\/bikefit.lu\\\/lb-lu\\\/product\\\/mx146\\\/#breadcrumb\"},\"inLanguage\":\"lb-LU\",\"potentialAction\":[{\"@type\":\"ReadAction\",\"target\":[\"https:\\\/\\\/bikefit.lu\\\/lb-lu\\\/product\\\/mx146\\\/\"]}]},{\"@type\":\"ImageObject\",\"inLanguage\":\"lb-LU\",\"@id\":\"https:\\\/\\\/bikefit.lu\\\/lb-lu\\\/product\\\/mx146\\\/#primaryimage\",\"url\":\"https:\\\/\\\/bikefit.lu\\\/wp-content\\\/uploads\\\/2022\\\/01\\\/MX146-BLACK-FRNT.webp\",\"contentUrl\":\"https:\\\/\\\/bikefit.lu\\\/wp-content\\\/uploads\\\/2022\\\/01\\\/MX146-BLACK-FRNT.webp\",\"width\":1800,\"height\":1533},{\"@type\":\"BreadcrumbList\",\"@id\":\"https:\\\/\\\/bikefit.lu\\\/lb-lu\\\/product\\\/mx146\\\/#breadcrumb\",\"itemListElement\":[{\"@type\":\"ListItem\",\"position\":1,\"name\":\"Home\",\"item\":\"https:\\\/\\\/bikefit.lu\\\/lb-lu\\\/\"},{\"@type\":\"ListItem\",\"position\":2,\"name\":\"Products\",\"item\":\"https:\\\/\\\/bikefit.lu\\\/lb-lu\\\/shop\\\/\"},{\"@type\":\"ListItem\",\"position\":3,\"name\":\"MX146\"}]},{\"@type\":\"WebSite\",\"@id\":\"https:\\\/\\\/bikefit.lu\\\/lb-lu\\\/#website\",\"url\":\"https:\\\/\\\/bikefit.lu\\\/lb-lu\\\/\",\"name\":\"bikefit.lu\",\"description\":\"IMPROVING CYCLING\",\"publisher\":{\"@id\":\"https:\\\/\\\/bikefit.lu\\\/lb-lu\\\/#\\\/schema\\\/person\\\/379af1263474d2f8cd1f41c2bd90273d\"},\"potentialAction\":[{\"@type\":\"SearchAction\",\"target\":{\"@type\":\"EntryPoint\",\"urlTemplate\":\"https:\\\/\\\/bikefit.lu\\\/lb-lu\\\/?s={search_term_string}\"},\"query-input\":{\"@type\":\"PropertyValueSpecification\",\"valueRequired\":true,\"valueName\":\"search_term_string\"}}],\"inLanguage\":\"lb-LU\"},{\"@type\":[\"Person\",\"Organization\"],\"@id\":\"https:\\\/\\\/bikefit.lu\\\/lb-lu\\\/#\\\/schema\\\/person\\\/379af1263474d2f8cd1f41c2bd90273d\",\"name\":\"Patrick Guillaume\",\"image\":{\"@type\":\"ImageObject\",\"inLanguage\":\"lb-LU\",\"@id\":\"https:\\\/\\\/bikefit.lu\\\/wp-content\\\/uploads\\\/2024\\\/12\\\/cropped-bikefit-logoURL-RGB-jpg.jpg\",\"url\":\"https:\\\/\\\/bikefit.lu\\\/wp-content\\\/uploads\\\/2024\\\/12\\\/cropped-bikefit-logoURL-RGB-jpg.jpg\",\"contentUrl\":\"https:\\\/\\\/bikefit.lu\\\/wp-content\\\/uploads\\\/2024\\\/12\\\/cropped-bikefit-logoURL-RGB-jpg.jpg\",\"width\":512,\"height\":512,\"caption\":\"Patrick Guillaume\"},\"logo\":{\"@id\":\"https:\\\/\\\/bikefit.lu\\\/wp-content\\\/uploads\\\/2024\\\/12\\\/cropped-bikefit-logoURL-RGB-jpg.jpg\"},\"sameAs\":[\"https:\\\/\\\/bikefit.lu\"],\"honorificPrefix\":\"Mr\",\"birthDate\":\"1966-11-18\",\"gender\":\"male\",\"knowsAbout\":[\"Bike-fitting\"],\"knowsLanguage\":[\"English\",\"French\",\"German\",\"Luxembourgish\"]}]}<\/script>\n<meta property=\"og:availability\" content=\"instock\" \/>\n<meta property=\"product:availability\" content=\"instock\" \/>\n<meta property=\"product:condition\" content=\"new\" \/>\n<!-- \/ Yoast SEO Premium plugin. -->","yoast_head_json":{"title":"MX146 - bikefit.lu","robots":{"index":"index","follow":"follow","max-snippet":"max-snippet:-1","max-image-preview":"max-image-preview:large","max-video-preview":"max-video-preview:-1"},"canonical":"https:\/\/bikefit.lu\/lb-lu\/product\/mx146\/","og_locale":"en_US","og_type":"article","og_title":"MX146","og_description":"Den MX146 ass d\u2019\u00c4ntwert op d\u00e9i Hierscht- oder Fr\u00e9ijoersdeeg, vun deenen Dir geduecht hutt si wieren ze naass fir ze fueren. Entw\u00e9ckelt fir Hierscht \/ Fr\u00e9ijoer, m\u00ebll Wanteren a fiicht Wieder, ass den MX146 genau dee richtege Schong fir d\u00e9i Deeg wou \u00c4r Rennschong ze kal oder d\u2019Boots ze waarm. Fatbike, Pendelen, Cyclocross, wat och \u00ebmmer, den MX146 ass prett dofir.  https:\/\/youtu.be\/k0NFhtQgBsU Tipp fir \u00c4r Schong waasserdicht ze halen: D\u2019Uewermaterial g\u00ebtt an der Fabrick mat enger DWR (Durable Water Resistant) Beschichtung behandelt, d\u00e9i mat der Z\u00e4it a mam Gebrauch ofschleeft. Fir ze verh\u00ebnneren, datt d\u2019Schong Waasser absorb\u00e9ieren, dat an d\u2019Schong k\u00e9int penetr\u00e9ieren, w\u00e9i bei villen anere waasserdichte Produkter, ass en DWR Spray recommand\u00e9iert, deen an de meeschte Gesch\u00e4fter verf\u00fcgbar ass, d\u00e9i Outdoorprodukter verkafen. Mir recommand\u00e9ieren d\u2019Beschichtung 1-2 Mol am Joer fir moder\u00e9iert Biker a fir intensiv Benotzung oder alldeeglech Pendler op d\u2019mannst no 2-3 extrem naass Reesen ze trait\u00e9ieren. Fir bescht Resultater, befollegt d\u2019Instruktioune vum DWR Hiersteller.","og_url":"https:\/\/bikefit.lu\/lb-lu\/product\/mx146\/","og_site_name":"bikefit.lu","article_modified_time":"2026-02-16T07:43:58+00:00","og_image":[{"width":1800,"height":1533,"url":"https:\/\/bikefit.lu\/wp-content\/uploads\/2022\/01\/MX146-BLACK-FRNT.webp","type":"image\/webp"}],"twitter_card":"summary_large_image","twitter_misc":{"Availability":"In stock"},"schema":{"@context":"https:\/\/schema.org","@graph":[{"@type":"WebPage","@id":"https:\/\/bikefit.lu\/lb-lu\/product\/mx146\/","url":"https:\/\/bikefit.lu\/lb-lu\/product\/mx146\/","name":"MX146 - bikefit.lu","isPartOf":{"@id":"https:\/\/bikefit.lu\/lb-lu\/#website"},"primaryImageOfPage":{"@id":"https:\/\/bikefit.lu\/lb-lu\/product\/mx146\/#primaryimage"},"image":{"@id":"https:\/\/bikefit.lu\/lb-lu\/product\/mx146\/#primaryimage"},"thumbnailUrl":"https:\/\/bikefit.lu\/wp-content\/uploads\/2022\/01\/MX146-BLACK-FRNT.webp","datePublished":"2022-01-05T21:21:20+00:00","dateModified":"2026-02-16T07:43:58+00:00","breadcrumb":{"@id":"https:\/\/bikefit.lu\/lb-lu\/product\/mx146\/#breadcrumb"},"inLanguage":"lb-LU","potentialAction":[{"@type":"ReadAction","target":["https:\/\/bikefit.lu\/lb-lu\/product\/mx146\/"]}]},{"@type":"ImageObject","inLanguage":"lb-LU","@id":"https:\/\/bikefit.lu\/lb-lu\/product\/mx146\/#primaryimage","url":"https:\/\/bikefit.lu\/wp-content\/uploads\/2022\/01\/MX146-BLACK-FRNT.webp","contentUrl":"https:\/\/bikefit.lu\/wp-content\/uploads\/2022\/01\/MX146-BLACK-FRNT.webp","width":1800,"height":1533},{"@type":"BreadcrumbList","@id":"https:\/\/bikefit.lu\/lb-lu\/product\/mx146\/#breadcrumb","itemListElement":[{"@type":"ListItem","position":1,"name":"Home","item":"https:\/\/bikefit.lu\/lb-lu\/"},{"@type":"ListItem","position":2,"name":"Products","item":"https:\/\/bikefit.lu\/lb-lu\/shop\/"},{"@type":"ListItem","position":3,"name":"MX146"}]},{"@type":"WebSite","@id":"https:\/\/bikefit.lu\/lb-lu\/#website","url":"https:\/\/bikefit.lu\/lb-lu\/","name":"bikefit.lu","description":"IMPROVING CYCLING","publisher":{"@id":"https:\/\/bikefit.lu\/lb-lu\/#\/schema\/person\/379af1263474d2f8cd1f41c2bd90273d"},"potentialAction":[{"@type":"SearchAction","target":{"@type":"EntryPoint","urlTemplate":"https:\/\/bikefit.lu\/lb-lu\/?s={search_term_string}"},"query-input":{"@type":"PropertyValueSpecification","valueRequired":true,"valueName":"search_term_string"}}],"inLanguage":"lb-LU"},{"@type":["Person","Organization"],"@id":"https:\/\/bikefit.lu\/lb-lu\/#\/schema\/person\/379af1263474d2f8cd1f41c2bd90273d","name":"Patrick Guillaume","image":{"@type":"ImageObject","inLanguage":"lb-LU","@id":"https:\/\/bikefit.lu\/wp-content\/uploads\/2024\/12\/cropped-bikefit-logoURL-RGB-jpg.jpg","url":"https:\/\/bikefit.lu\/wp-content\/uploads\/2024\/12\/cropped-bikefit-logoURL-RGB-jpg.jpg","contentUrl":"https:\/\/bikefit.lu\/wp-content\/uploads\/2024\/12\/cropped-bikefit-logoURL-RGB-jpg.jpg","width":512,"height":512,"caption":"Patrick Guillaume"},"logo":{"@id":"https:\/\/bikefit.lu\/wp-content\/uploads\/2024\/12\/cropped-bikefit-logoURL-RGB-jpg.jpg"},"sameAs":["https:\/\/bikefit.lu"],"honorificPrefix":"Mr","birthDate":"1966-11-18","gender":"male","knowsAbout":["Bike-fitting"],"knowsLanguage":["English","French","German","Luxembourgish"]}]},"og_availability":"instock","product_availability":"instock","product_condition":"new"},"_links":{"self":[{"href":"https:\/\/bikefit.lu\/lb-lu\/wp-json\/wp\/v2\/product\/81778","targetHints":{"allow":["GET"]}}],"collection":[{"href":"https:\/\/bikefit.lu\/lb-lu\/wp-json\/wp\/v2\/product"}],"about":[{"href":"https:\/\/bikefit.lu\/lb-lu\/wp-json\/wp\/v2\/types\/product"}],"replies":[{"embeddable":true,"href":"https:\/\/bikefit.lu\/lb-lu\/wp-json\/wp\/v2\/comments?post=81778"}],"version-history":[{"count":0,"href":"https:\/\/bikefit.lu\/lb-lu\/wp-json\/wp\/v2\/product\/81778\/revisions"}],"wp:featuredmedia":[{"embeddable":true,"href":"https:\/\/bikefit.lu\/lb-lu\/wp-json\/wp\/v2\/media\/88078"}],"wp:attachment":[{"href":"https:\/\/bikefit.lu\/lb-lu\/wp-json\/wp\/v2\/media?parent=81778"}],"wp:term":[{"taxonomy":"product_brand","embeddable":true,"href":"https:\/\/bikefit.lu\/lb-lu\/wp-json\/wp\/v2\/product_brand?post=81778"},{"taxonomy":"product_cat","embeddable":true,"href":"https:\/\/bikefit.lu\/lb-lu\/wp-json\/wp\/v2\/product_cat?post=81778"},{"taxonomy":"product_tag","embeddable":true,"href":"https:\/\/bikefit.lu\/lb-lu\/wp-json\/wp\/v2\/product_tag?post=81778"}],"curies":[{"name":"wp","href":"https:\/\/api.w.org\/{rel}","templated":true}]}}