{"id":81911,"date":"2020-04-29T05:21:09","date_gmt":"2020-04-29T05:21:09","guid":{"rendered":"https:\/\/staging.bikefit.lu\/shop\/uncategorized\/jcob-type-5\/"},"modified":"2025-04-23T11:43:58","modified_gmt":"2025-04-23T09:43:58","slug":"jcob-type-5","status":"publish","type":"product","link":"https:\/\/bikefit.lu\/lb-lu\/product\/jcob-type-5\/","title":{"rendered":"jcob Type 5"},"content":{"rendered":"<div class=\"jetpack-video-wrapper\"><span class=\"embed-youtube\" style=\"text-align:center; display: block;\"><iframe class=\"youtube-player\" width=\"1200\" height=\"675\" src=\"https:\/\/www.youtube.com\/embed\/mIgEoynrxcQ?version=3&#038;rel=1&#038;showsearch=0&#038;showinfo=1&#038;iv_load_policy=1&#038;fs=1&#038;hl=lb-LU&#038;autohide=2&#038;wmode=transparent\" allowfullscreen=\"true\" style=\"border:0;\" sandbox=\"allow-scripts allow-same-origin allow-popups allow-presentation allow-popups-to-escape-sandbox\"><\/iframe><\/span><\/div>\n","protected":false},"excerpt":{"rendered":"<p style=\"text-align: left;\"><strong>Deen neien Type 5 ass de Nofollger vum Klassiker COBB JOF Fifty-Five op deem d\u2019Triathlon-Weltmeeschterschaften 2017, 2018 an 2019 zu Kona gewonne goufen. Entw\u00e9ckelt fir den ambiti\u00e9ise Fuerer deen eng no vir orient\u00e9iert Geometrie fiert. Entworf fir op der Nues vum Suedel gefuer ze ginn, s\u00ebtzt de Fuerer g\u00e4ren um viischten Deel fir seng H\u00ebftw\u00e9nkel opzemaachen an esou eng grouss Kraaft op d\u2019Pedallen ze br\u00e9ngen. Den Typ 5 fillt sech am Ufank e b\u00ebssen haart un, no e puer Sorti\u00eb l\u00e9isst en sech awer \u00ebnnert Iech vergiessen. D\u2019Suedelschinne sinn 105 mm laang fir ee groussen Astellungsber\u00e4ich. D\u2019Nues ass 55 mm breet, sou datt keng Kabelb\u00ebnner oder aner Upassungen noutwendeg si fir de ganzen Dag Confort op d\u00ebsem Suedel ze garant\u00e9ieren. Wann Dir eng aggressiv S\u00ebtzpositioun w\u00ebllt fuere fir de Wand ze bek\u00e4mpfen, ass deen Design dee beschten. D\u00e9i schmuel Front, d\u00e9i lues a lues no hannen ausenee geet, verh\u00ebnnert datt \u00c4r Uewerschenkele laanscht de Suedel reiwen. Designt fir M\u00e4nner a Frae ginn et sou vill subtil Detailer, d\u00e9i zu der super Erfarung vun der Benotzung vun d\u00ebsem Suedel b\u00e4idroen. D\u00e9i eenzegaarteg Form vum h\u00ebnneschten Deel vun d\u00ebsem Suedel h\u00eblleft Iech och fir besser de Biergop ze dr\u00e9cken. Wann Dir Iech g\u00e4ren op \u00c4rem Suedel w\u00ebllt beweege k\u00ebnnen, ass d\u00ebse Suedel dee richtege fir Iech. Gr\u00e9issten: Standard 36-48.50 N\u00ebmme ganz Gr\u00e9issten. Breet EE 39 \u2013 48; 50 n\u00ebmme ganz Gr\u00e9issten.        <img decoding=\"async\" class=\"aligncenter\" src=\"https:\/\/bikefit.lu\/wp-content\/uploads\/2020\/04\/ec523d84b5741405c18711c87daf14b92bef2009cebbebc1a8be8961b6216527-456x300.png\"><\/strong><\/p>\n<p>&nbsp;<\/p>\n<p style=\"text-align: center;\"><a href=\"https:\/\/www.triathlete.com\/gear\/bike\/best-triathlon-saddles\/?utm_campaign=emailmarketing_113518444731&amp;utm_medium=email&amp;utm_source=shopify_email\">Klickt hei fir den Artikel ze liesen.<\/a><\/p>\n","protected":false},"featured_media":88891,"comment_status":"closed","ping_status":"closed","template":"","meta":[],"product_brand":[],"product_cat":[4837,4777],"product_tag":[5212,5165,5181,5195],"class_list":{"0":"post-81911","1":"product","2":"type-product","3":"status-publish","4":"has-post-thumbnail","6":"product_cat-kontaktpunkt-becken-lb-lu","7":"product_cat-tri-tt-en-lb-lu","8":"product_tag-jcob-lb-lu","9":"product_tag-suedelen","10":"product_tag-triathlon-lb-lu","11":"product_tag-zaitfueren","12":"product_shipping_class-large-items-lb-lu","14":"first","15":"outofstock","16":"taxable","17":"shipping-taxable","18":"purchasable","19":"product-type-simple"},"group_of_quantity":0,"min_quantity":0,"max_quantity":"","exclude_order_quantity_value_rules":"no","exclude_category_quantity_rules":"no","combine_variations":"no","yoast_head":"<!-- This site is optimized with the Yoast SEO Premium plugin v27.4 (Yoast SEO v27.4) - https:\/\/yoast.com\/product\/yoast-seo-premium-wordpress\/ -->\n<title>jcob Type 5 - bikefit.lu<\/title>\n<meta name=\"robots\" content=\"index, follow, max-snippet:-1, max-image-preview:large, max-video-preview:-1\" \/>\n<link rel=\"canonical\" href=\"https:\/\/bikefit.lu\/lb-lu\/product\/jcob-type-5\/\" \/>\n<meta property=\"og:locale\" content=\"en_US\" \/>\n<meta property=\"og:type\" content=\"article\" \/>\n<meta property=\"og:title\" content=\"jcob Type 5\" \/>\n<meta property=\"og:description\" content=\"Deen neien Type 5 ass de Nofollger vum Klassiker COBB JOF Fifty-Five op deem d\u2019Triathlon-Weltmeeschterschaften 2017, 2018 an 2019 zu Kona gewonne goufen. Entw\u00e9ckelt fir den ambiti\u00e9ise Fuerer deen eng no vir orient\u00e9iert Geometrie fiert. Entworf fir op der Nues vum Suedel gefuer ze ginn, s\u00ebtzt de Fuerer g\u00e4ren um viischten Deel fir seng H\u00ebftw\u00e9nkel opzemaachen an esou eng grouss Kraaft op d\u2019Pedallen ze br\u00e9ngen. Den Typ 5 fillt sech am Ufank e b\u00ebssen haart un, no e puer Sorti\u00eb l\u00e9isst en sech awer \u00ebnnert Iech vergiessen. D\u2019Suedelschinne sinn 105 mm laang fir ee groussen Astellungsber\u00e4ich. D\u2019Nues ass 55 mm breet, sou datt keng Kabelb\u00ebnner oder aner Upassungen noutwendeg si fir de ganzen Dag Confort op d\u00ebsem Suedel ze garant\u00e9ieren. Wann Dir eng aggressiv S\u00ebtzpositioun w\u00ebllt fuere fir de Wand ze bek\u00e4mpfen, ass deen Design dee beschten. D\u00e9i schmuel Front, d\u00e9i lues a lues no hannen ausenee geet, verh\u00ebnnert datt \u00c4r Uewerschenkele laanscht de Suedel reiwen. Designt fir M\u00e4nner a Frae ginn et sou vill subtil Detailer, d\u00e9i zu der super Erfarung vun der Benotzung vun d\u00ebsem Suedel b\u00e4idroen. D\u00e9i eenzegaarteg Form vum h\u00ebnneschten Deel vun d\u00ebsem Suedel h\u00eblleft Iech och fir besser de Biergop ze dr\u00e9cken. Wann Dir Iech g\u00e4ren op \u00c4rem Suedel w\u00ebllt beweege k\u00ebnnen, ass d\u00ebse Suedel dee richtege fir Iech. Gr\u00e9issten: Standard 36-48.50 N\u00ebmme ganz Gr\u00e9issten. Breet EE 39 \u2013 48; 50 n\u00ebmme ganz Gr\u00e9issten.     &nbsp; Klickt hei fir den Artikel ze liesen.\" \/>\n<meta property=\"og:url\" content=\"https:\/\/bikefit.lu\/lb-lu\/product\/jcob-type-5\/\" \/>\n<meta property=\"og:site_name\" content=\"bikefit.lu\" \/>\n<meta property=\"article:modified_time\" content=\"2025-04-23T09:43:58+00:00\" \/>\n<meta property=\"og:image\" content=\"https:\/\/bikefit.lu\/wp-content\/uploads\/2020\/04\/Type_5_White-side2_2_720x.webp\" \/>\n\t<meta property=\"og:image:width\" content=\"720\" \/>\n\t<meta property=\"og:image:height\" content=\"514\" \/>\n\t<meta property=\"og:image:type\" content=\"image\/webp\" \/>\n<meta name=\"twitter:card\" content=\"summary_large_image\" \/>\n<meta name=\"twitter:label1\" content=\"Price\" \/>\n\t<meta name=\"twitter:data1\" content=\"215,00&nbsp;&euro;\" \/>\n\t<meta name=\"twitter:label2\" content=\"Availability\" \/>\n\t<meta name=\"twitter:data2\" content=\"Out of stock\" \/>\n<script type=\"application\/ld+json\" class=\"yoast-schema-graph\">{\"@context\":\"https:\\\/\\\/schema.org\",\"@graph\":[{\"@type\":\"WebPage\",\"@id\":\"https:\\\/\\\/bikefit.lu\\\/lb-lu\\\/product\\\/jcob-type-5\\\/\",\"url\":\"https:\\\/\\\/bikefit.lu\\\/lb-lu\\\/product\\\/jcob-type-5\\\/\",\"name\":\"jcob Type 5 - bikefit.lu\",\"isPartOf\":{\"@id\":\"https:\\\/\\\/bikefit.lu\\\/lb-lu\\\/#website\"},\"primaryImageOfPage\":{\"@id\":\"https:\\\/\\\/bikefit.lu\\\/lb-lu\\\/product\\\/jcob-type-5\\\/#primaryimage\"},\"image\":{\"@id\":\"https:\\\/\\\/bikefit.lu\\\/lb-lu\\\/product\\\/jcob-type-5\\\/#primaryimage\"},\"thumbnailUrl\":\"https:\\\/\\\/bikefit.lu\\\/wp-content\\\/uploads\\\/2020\\\/04\\\/Type_5_White-side2_2_720x.webp\",\"datePublished\":\"2020-04-29T05:21:09+00:00\",\"dateModified\":\"2025-04-23T09:43:58+00:00\",\"breadcrumb\":{\"@id\":\"https:\\\/\\\/bikefit.lu\\\/lb-lu\\\/product\\\/jcob-type-5\\\/#breadcrumb\"},\"inLanguage\":\"lb-LU\",\"potentialAction\":[{\"@type\":\"ReadAction\",\"target\":[\"https:\\\/\\\/bikefit.lu\\\/lb-lu\\\/product\\\/jcob-type-5\\\/\"]}]},{\"@type\":\"ImageObject\",\"inLanguage\":\"lb-LU\",\"@id\":\"https:\\\/\\\/bikefit.lu\\\/lb-lu\\\/product\\\/jcob-type-5\\\/#primaryimage\",\"url\":\"https:\\\/\\\/bikefit.lu\\\/wp-content\\\/uploads\\\/2020\\\/04\\\/Type_5_White-side2_2_720x.webp\",\"contentUrl\":\"https:\\\/\\\/bikefit.lu\\\/wp-content\\\/uploads\\\/2020\\\/04\\\/Type_5_White-side2_2_720x.webp\",\"width\":720,\"height\":514},{\"@type\":\"BreadcrumbList\",\"@id\":\"https:\\\/\\\/bikefit.lu\\\/lb-lu\\\/product\\\/jcob-type-5\\\/#breadcrumb\",\"itemListElement\":[{\"@type\":\"ListItem\",\"position\":1,\"name\":\"Home\",\"item\":\"https:\\\/\\\/bikefit.lu\\\/lb-lu\\\/\"},{\"@type\":\"ListItem\",\"position\":2,\"name\":\"Shop\",\"item\":\"https:\\\/\\\/bikefit.lu\\\/lb-lu\\\/shop\\\/\"},{\"@type\":\"ListItem\",\"position\":3,\"name\":\"jcob Type 5\"}]},{\"@type\":\"WebSite\",\"@id\":\"https:\\\/\\\/bikefit.lu\\\/lb-lu\\\/#website\",\"url\":\"https:\\\/\\\/bikefit.lu\\\/lb-lu\\\/\",\"name\":\"bikefit.lu\",\"description\":\"IMPROVING CYCLING\",\"publisher\":{\"@id\":\"https:\\\/\\\/bikefit.lu\\\/lb-lu\\\/#\\\/schema\\\/person\\\/379af1263474d2f8cd1f41c2bd90273d\"},\"potentialAction\":[{\"@type\":\"SearchAction\",\"target\":{\"@type\":\"EntryPoint\",\"urlTemplate\":\"https:\\\/\\\/bikefit.lu\\\/lb-lu\\\/?s={search_term_string}\"},\"query-input\":{\"@type\":\"PropertyValueSpecification\",\"valueRequired\":true,\"valueName\":\"search_term_string\"}}],\"inLanguage\":\"lb-LU\"},{\"@type\":[\"Person\",\"Organization\"],\"@id\":\"https:\\\/\\\/bikefit.lu\\\/lb-lu\\\/#\\\/schema\\\/person\\\/379af1263474d2f8cd1f41c2bd90273d\",\"name\":\"Patrick Guillaume\",\"image\":{\"@type\":\"ImageObject\",\"inLanguage\":\"lb-LU\",\"@id\":\"https:\\\/\\\/bikefit.lu\\\/wp-content\\\/uploads\\\/2024\\\/12\\\/cropped-bikefit-logoURL-RGB-jpg.jpg\",\"url\":\"https:\\\/\\\/bikefit.lu\\\/wp-content\\\/uploads\\\/2024\\\/12\\\/cropped-bikefit-logoURL-RGB-jpg.jpg\",\"contentUrl\":\"https:\\\/\\\/bikefit.lu\\\/wp-content\\\/uploads\\\/2024\\\/12\\\/cropped-bikefit-logoURL-RGB-jpg.jpg\",\"width\":512,\"height\":512,\"caption\":\"Patrick Guillaume\"},\"logo\":{\"@id\":\"https:\\\/\\\/bikefit.lu\\\/wp-content\\\/uploads\\\/2024\\\/12\\\/cropped-bikefit-logoURL-RGB-jpg.jpg\"},\"sameAs\":[\"https:\\\/\\\/bikefit.lu\"],\"honorificPrefix\":\"Mr\",\"birthDate\":\"1966-11-18\",\"gender\":\"male\",\"knowsAbout\":[\"Bike-fitting\"],\"knowsLanguage\":[\"English\",\"French\",\"German\",\"Luxembourgish\"]}]}<\/script>\n<meta property=\"product:price:amount\" content=\"215.00\" \/>\n<meta property=\"product:price:currency\" content=\"EUR\" \/>\n<meta property=\"og:availability\" content=\"out of stock\" \/>\n<meta property=\"product:availability\" content=\"out of stock\" \/>\n<meta property=\"product:condition\" content=\"new\" \/>\n<!-- \/ Yoast SEO Premium plugin. -->","yoast_head_json":{"title":"jcob Type 5 - bikefit.lu","robots":{"index":"index","follow":"follow","max-snippet":"max-snippet:-1","max-image-preview":"max-image-preview:large","max-video-preview":"max-video-preview:-1"},"canonical":"https:\/\/bikefit.lu\/lb-lu\/product\/jcob-type-5\/","og_locale":"en_US","og_type":"article","og_title":"jcob Type 5","og_description":"Deen neien Type 5 ass de Nofollger vum Klassiker COBB JOF Fifty-Five op deem d\u2019Triathlon-Weltmeeschterschaften 2017, 2018 an 2019 zu Kona gewonne goufen. Entw\u00e9ckelt fir den ambiti\u00e9ise Fuerer deen eng no vir orient\u00e9iert Geometrie fiert. Entworf fir op der Nues vum Suedel gefuer ze ginn, s\u00ebtzt de Fuerer g\u00e4ren um viischten Deel fir seng H\u00ebftw\u00e9nkel opzemaachen an esou eng grouss Kraaft op d\u2019Pedallen ze br\u00e9ngen. Den Typ 5 fillt sech am Ufank e b\u00ebssen haart un, no e puer Sorti\u00eb l\u00e9isst en sech awer \u00ebnnert Iech vergiessen. D\u2019Suedelschinne sinn 105 mm laang fir ee groussen Astellungsber\u00e4ich. D\u2019Nues ass 55 mm breet, sou datt keng Kabelb\u00ebnner oder aner Upassungen noutwendeg si fir de ganzen Dag Confort op d\u00ebsem Suedel ze garant\u00e9ieren. Wann Dir eng aggressiv S\u00ebtzpositioun w\u00ebllt fuere fir de Wand ze bek\u00e4mpfen, ass deen Design dee beschten. D\u00e9i schmuel Front, d\u00e9i lues a lues no hannen ausenee geet, verh\u00ebnnert datt \u00c4r Uewerschenkele laanscht de Suedel reiwen. Designt fir M\u00e4nner a Frae ginn et sou vill subtil Detailer, d\u00e9i zu der super Erfarung vun der Benotzung vun d\u00ebsem Suedel b\u00e4idroen. D\u00e9i eenzegaarteg Form vum h\u00ebnneschten Deel vun d\u00ebsem Suedel h\u00eblleft Iech och fir besser de Biergop ze dr\u00e9cken. Wann Dir Iech g\u00e4ren op \u00c4rem Suedel w\u00ebllt beweege k\u00ebnnen, ass d\u00ebse Suedel dee richtege fir Iech. Gr\u00e9issten: Standard 36-48.50 N\u00ebmme ganz Gr\u00e9issten. Breet EE 39 \u2013 48; 50 n\u00ebmme ganz Gr\u00e9issten.     &nbsp; Klickt hei fir den Artikel ze liesen.","og_url":"https:\/\/bikefit.lu\/lb-lu\/product\/jcob-type-5\/","og_site_name":"bikefit.lu","article_modified_time":"2025-04-23T09:43:58+00:00","og_image":[{"width":720,"height":514,"url":"https:\/\/bikefit.lu\/wp-content\/uploads\/2020\/04\/Type_5_White-side2_2_720x.webp","type":"image\/webp"}],"twitter_card":"summary_large_image","twitter_misc":{"Price":"215,00&nbsp;&euro;","Availability":"Out of stock"},"schema":{"@context":"https:\/\/schema.org","@graph":[{"@type":"WebPage","@id":"https:\/\/bikefit.lu\/lb-lu\/product\/jcob-type-5\/","url":"https:\/\/bikefit.lu\/lb-lu\/product\/jcob-type-5\/","name":"jcob Type 5 - bikefit.lu","isPartOf":{"@id":"https:\/\/bikefit.lu\/lb-lu\/#website"},"primaryImageOfPage":{"@id":"https:\/\/bikefit.lu\/lb-lu\/product\/jcob-type-5\/#primaryimage"},"image":{"@id":"https:\/\/bikefit.lu\/lb-lu\/product\/jcob-type-5\/#primaryimage"},"thumbnailUrl":"https:\/\/bikefit.lu\/wp-content\/uploads\/2020\/04\/Type_5_White-side2_2_720x.webp","datePublished":"2020-04-29T05:21:09+00:00","dateModified":"2025-04-23T09:43:58+00:00","breadcrumb":{"@id":"https:\/\/bikefit.lu\/lb-lu\/product\/jcob-type-5\/#breadcrumb"},"inLanguage":"lb-LU","potentialAction":[{"@type":"ReadAction","target":["https:\/\/bikefit.lu\/lb-lu\/product\/jcob-type-5\/"]}]},{"@type":"ImageObject","inLanguage":"lb-LU","@id":"https:\/\/bikefit.lu\/lb-lu\/product\/jcob-type-5\/#primaryimage","url":"https:\/\/bikefit.lu\/wp-content\/uploads\/2020\/04\/Type_5_White-side2_2_720x.webp","contentUrl":"https:\/\/bikefit.lu\/wp-content\/uploads\/2020\/04\/Type_5_White-side2_2_720x.webp","width":720,"height":514},{"@type":"BreadcrumbList","@id":"https:\/\/bikefit.lu\/lb-lu\/product\/jcob-type-5\/#breadcrumb","itemListElement":[{"@type":"ListItem","position":1,"name":"Home","item":"https:\/\/bikefit.lu\/lb-lu\/"},{"@type":"ListItem","position":2,"name":"Shop","item":"https:\/\/bikefit.lu\/lb-lu\/shop\/"},{"@type":"ListItem","position":3,"name":"jcob Type 5"}]},{"@type":"WebSite","@id":"https:\/\/bikefit.lu\/lb-lu\/#website","url":"https:\/\/bikefit.lu\/lb-lu\/","name":"bikefit.lu","description":"IMPROVING CYCLING","publisher":{"@id":"https:\/\/bikefit.lu\/lb-lu\/#\/schema\/person\/379af1263474d2f8cd1f41c2bd90273d"},"potentialAction":[{"@type":"SearchAction","target":{"@type":"EntryPoint","urlTemplate":"https:\/\/bikefit.lu\/lb-lu\/?s={search_term_string}"},"query-input":{"@type":"PropertyValueSpecification","valueRequired":true,"valueName":"search_term_string"}}],"inLanguage":"lb-LU"},{"@type":["Person","Organization"],"@id":"https:\/\/bikefit.lu\/lb-lu\/#\/schema\/person\/379af1263474d2f8cd1f41c2bd90273d","name":"Patrick Guillaume","image":{"@type":"ImageObject","inLanguage":"lb-LU","@id":"https:\/\/bikefit.lu\/wp-content\/uploads\/2024\/12\/cropped-bikefit-logoURL-RGB-jpg.jpg","url":"https:\/\/bikefit.lu\/wp-content\/uploads\/2024\/12\/cropped-bikefit-logoURL-RGB-jpg.jpg","contentUrl":"https:\/\/bikefit.lu\/wp-content\/uploads\/2024\/12\/cropped-bikefit-logoURL-RGB-jpg.jpg","width":512,"height":512,"caption":"Patrick Guillaume"},"logo":{"@id":"https:\/\/bikefit.lu\/wp-content\/uploads\/2024\/12\/cropped-bikefit-logoURL-RGB-jpg.jpg"},"sameAs":["https:\/\/bikefit.lu"],"honorificPrefix":"Mr","birthDate":"1966-11-18","gender":"male","knowsAbout":["Bike-fitting"],"knowsLanguage":["English","French","German","Luxembourgish"]}]},"product_price_amount":"215.00","product_price_currency":"EUR","og_availability":"out of stock","product_availability":"out of stock","product_condition":"new"},"_links":{"self":[{"href":"https:\/\/bikefit.lu\/lb-lu\/wp-json\/wp\/v2\/product\/81911","targetHints":{"allow":["GET"]}}],"collection":[{"href":"https:\/\/bikefit.lu\/lb-lu\/wp-json\/wp\/v2\/product"}],"about":[{"href":"https:\/\/bikefit.lu\/lb-lu\/wp-json\/wp\/v2\/types\/product"}],"replies":[{"embeddable":true,"href":"https:\/\/bikefit.lu\/lb-lu\/wp-json\/wp\/v2\/comments?post=81911"}],"version-history":[{"count":0,"href":"https:\/\/bikefit.lu\/lb-lu\/wp-json\/wp\/v2\/product\/81911\/revisions"}],"wp:featuredmedia":[{"embeddable":true,"href":"https:\/\/bikefit.lu\/lb-lu\/wp-json\/wp\/v2\/media\/88891"}],"wp:attachment":[{"href":"https:\/\/bikefit.lu\/lb-lu\/wp-json\/wp\/v2\/media?parent=81911"}],"wp:term":[{"taxonomy":"product_brand","embeddable":true,"href":"https:\/\/bikefit.lu\/lb-lu\/wp-json\/wp\/v2\/product_brand?post=81911"},{"taxonomy":"product_cat","embeddable":true,"href":"https:\/\/bikefit.lu\/lb-lu\/wp-json\/wp\/v2\/product_cat?post=81911"},{"taxonomy":"product_tag","embeddable":true,"href":"https:\/\/bikefit.lu\/lb-lu\/wp-json\/wp\/v2\/product_tag?post=81911"}],"curies":[{"name":"wp","href":"https:\/\/api.w.org\/{rel}","templated":true}]}}