{"id":90397,"date":"2025-02-05T09:43:13","date_gmt":"2025-02-05T09:43:13","guid":{"rendered":"https:\/\/bikefit.lu\/?post_type=product&#038;p=90397"},"modified":"2025-06-02T13:53:05","modified_gmt":"2025-06-02T11:53:05","slug":"mx239-black-black","status":"publish","type":"product","link":"https:\/\/bikefit.lu\/lb-lu\/product\/mx239-black-black\/","title":{"rendered":"MX239 Black\/Black"},"content":{"rendered":"<p><strong>Form:<\/strong> MX Competition. Mat enger m\u00e9i grousser Z\u00e9iwebox an enger besser gehalener Feescht, w\u00e9i dComfort-Form, a mat e b\u00ebsse m\u00e9i Volumen w\u00e9i d-Sport Form. Exzellent S\u00e9cherheet fir intensiv Sortien a Coursen, mat genuch Raum am Z\u00e9iweber\u00e4ich fir genuch Comfort beim Bieropgoen. Entworf fir leeschtungsorient\u00e9iert Sortien a Coursen.   <\/p>\n<p><strong>Uewermaterial: <\/strong>D\u00ebse neien High-Performance Off-Road Schong ass verf\u00fcgbar mat Clarino Microfaser oder Helcor Lieder, mat Mesh a engem Outlast Feeschtfudder. D&#8217;Helcor abrasiounsbest\u00e4nnegt Lieder ass speziell entworf fir aussergew\u00e9inlech Haltbarkeet g\u00e9int Reiwung a Schr\u00e9ibsen. Clarino Microfaser ass onheemlech staark an elastesch, an der Lag d&#8217;Uspr\u00e9ch vu laangen Touren iwwer all Terrain anzestiechen, w\u00e4rend en seng Form a Stabilit\u00e9it beh\u00e4lt. Et ass och m\u00e9i liicht w\u00e9i vollkorn Lieder a m\u00e9i haltbar mat manner D\u00e9ckt, wat et Lake erlaabt, e V\u00eblosschong z&#8217;entw\u00e9ckelen, deen an alle Fuer-Conditioune stabil bleift a laang h\u00e4lt.   <\/p>\n<p>Mat hirem legend\u00e4rer Lake-Komfort, g\u00ebtt d&#8217;Outlast Temperaturreegelungsfutter an der Ferse an der Zong e luxuri\u00e9ist Gefill, w\u00e4rend et Ootmungsaktivit\u00e9it, Haltbarkeet an e festen Halt vum Fouss garant\u00e9iert.<\/p>\n<p><strong>B\u00e4ussesuel:<\/strong> D&#8217;Lake Competition 100% Karbonfaser-Suel, kombin\u00e9iert mat der Mountain Competition Gummisuel, bitt erweiderte Schutz a Stabilit\u00e9it. D\u00ebsen zous\u00e4tzlech Suele-Schutz verbessert d&#8217; Stabilit\u00e9it op all Terrain, w\u00e4rend en optimal d&#8217;Leeschtung op d&#8217;Pedallen iwwerdr\u00e9it. <\/p>\n<p><strong>Verschloss: <\/strong>BOA\u00ae Fit System Li2 Dr\u00e9ihverschl\u00ebss. D&#8217;Li2-Dr\u00e9ihverschl\u00ebss represent\u00e9ieren d\u00e9i fortschr\u00ebttlechst Plattform am V\u00eblosport a bidden eng pr\u00e4zis, mikroastellbar Passform an zwou Richtungen, w\u00e4rend si fir Resistenz konzip\u00e9iert sinn. Keen eenzegt Element defin\u00e9iert eleng d&#8217;Passform vun engem Schong \u2013 Halt a Confort h\u00e4nke vu m\u00e9i Facteuren of.  <\/p>\n<p>Aus d\u00ebsem Grond h\u00eblt Lake sech d&#8217;Z\u00e4it, Schong mat der no hirer Iwwerzeegung beschter Kombinatioun aus Confort an Halt z&#8217;entw\u00e9ckelen. W\u00e4rend d&#8217;dual BOA\u00ae Fit System am V\u00eblosport net eenzegaarteg ass, ass et hir pr\u00e4zis Integratioun vun d\u00ebsem Drotverschlosssystem mat fortgeschrattener Musteraarbecht, \u00e9ischtklassege Schungformen an iwwerlee\u00ebn Uewermaterialien, d\u00e9i hir Schong auszeechent. D\u00ebs L\u00e9ift zum Detail ass et, d\u00e9i Lake-Schung weltw\u00e4it fir hir exzellent Passform an hiren aussergew\u00e9inleche Komfort bei H\u00e9ichleeschtungs-V\u00eblosschung ber\u00fchmt m\u00e9cht.  <\/p>\n<p><strong>Gr\u00e9issten:<\/strong> ganz Gr\u00e9isste vu 37 bis 50, 52, hallef Gr\u00e9isste vu 39.5 bis 46.5.<\/p>\n<p>Fir Iech ze h\u00ebllefen d\u00e9i richteg Gr\u00e9isst ze fannen, gitt op <a href=\"https:\/\/lakecycling.com\/pages\/sizing-charts\" target=\"_blank\" rel=\"noopener noreferrer nofollow\">d\u00ebs S\u00e4it<\/a> oder kontakt\u00e9iert mech.<\/p>\n","protected":false},"excerpt":{"rendered":"<p class=\"ai-optimize-38\"><strong>Den MX239 ass d\u00e9i neiste Versioun vum Lake bel\u00e9ifste Offroad-V\u00eblosschong. D\u00ebs nei Evolutioun iwwerh\u00eblt e puer Merkmale vum erfollegr\u00e4iche MX333 an huet elo eng integr\u00e9iert Zong, d\u00e9i mat dem medialen Deel vum Uewermaterial verbonnen ass, fir m\u00e9i e festen Halt vum Fouss. Hien enth\u00e4lt och eng glasfaserverst\u00e4erkt intern Feeschtkapp fir m\u00e9i een enke S\u00ebtz, souw\u00e9i e vergr\u00e9isserten Ofstand t\u00ebscht den BOA\u00ae-Drehverschl\u00ebss fir eng besser Verdeelung vun der Spannung iwwert de ganze Schong. D\u00ebst hieft een vun hire Liblingvelosschung op e komplett neie Niveau vu Confort a Leeschtung fir d&#8217;Bew\u00e4ltege vun alle Strecken an Trails op \u00c4rem Mountainbike.   <\/strong><\/p>\n","protected":false},"featured_media":90583,"comment_status":"closed","ping_status":"closed","template":"","meta":[],"product_brand":[],"product_cat":[4910,5652,4912],"product_tag":[4977,5058,5653,5111],"class_list":{"0":"post-90397","1":"product","2":"type-product","3":"status-publish","4":"has-post-thumbnail","6":"product_cat-lake-shoes-lb-lu","7":"product_cat-mx239-lb-lu","8":"product_cat-offroad-lake-shoes-lb-lu","9":"product_tag-black-black-lb-lu","10":"product_tag-lake-cycling-lb-lu","11":"product_tag-mx239-lb-lu","12":"product_tag-offroad-lb-lu","13":"product_shipping_class-large-items-lb-lu","14":"pa_size-37-lb-lu-2","15":"pa_size-38-lb-lu","16":"pa_size-39-lb-lu-2","17":"pa_size-39-5-lb-lu","18":"pa_size-40-lb-lu-2","19":"pa_size-40-5-lb-lu","20":"pa_size-41-lb-lu","21":"pa_size-41-5-lb-lu","22":"pa_size-42-lb-lu","23":"pa_size-42-5-lb-lu","24":"pa_size-43-lb-lu-2","25":"pa_size-43-5-lb-lu-2","26":"pa_size-44-lb-lu","27":"pa_size-44-5-lb-lu","28":"pa_size-45-lb-lu","29":"pa_size-45-5-lb-lu","30":"pa_size-46-lb-lu","31":"pa_size-46-5-lb-lu","32":"pa_size-47-lb-lu","33":"pa_size-48-lb-lu","34":"pa_size-49-lb-lu","35":"pa_size-50-lb-lu","36":"pa_size-52-lb-lu","37":"pa_width-regular-lb-lu","38":"pa_width-wide-lb-lu-2","40":"first","41":"instock","42":"taxable","43":"shipping-taxable","44":"purchasable","45":"product-type-variable"},"yoast_head":"<!-- This site is optimized with the Yoast SEO Premium plugin v27.3 (Yoast SEO v27.3) - https:\/\/yoast.com\/product\/yoast-seo-premium-wordpress\/ -->\n<title>MX239 Black\/Black - bikefit.lu<\/title>\n<meta name=\"robots\" content=\"index, follow, max-snippet:-1, max-image-preview:large, max-video-preview:-1\" \/>\n<link rel=\"canonical\" href=\"https:\/\/bikefit.lu\/lb-lu\/product\/mx239-black-black\/\" \/>\n<meta property=\"og:locale\" content=\"en_US\" \/>\n<meta property=\"og:type\" content=\"article\" \/>\n<meta property=\"og:title\" content=\"MX239 Black\/Black\" \/>\n<meta property=\"og:description\" content=\"Den MX239 ass d\u00e9i neiste Versioun vum Lake bel\u00e9ifste Offroad-V\u00eblosschong. D\u00ebs nei Evolutioun iwwerh\u00eblt e puer Merkmale vum erfollegr\u00e4iche MX333 an huet elo eng integr\u00e9iert Zong, d\u00e9i mat dem medialen Deel vum Uewermaterial verbonnen ass, fir m\u00e9i e festen Halt vum Fouss. Hien enth\u00e4lt och eng glasfaserverst\u00e4erkt intern Feeschtkapp fir m\u00e9i een enke S\u00ebtz, souw\u00e9i e vergr\u00e9isserten Ofstand t\u00ebscht den BOA\u00ae-Drehverschl\u00ebss fir eng besser Verdeelung vun der Spannung iwwert de ganze Schong. D\u00ebst hieft een vun hire Liblingvelosschung op e komplett neie Niveau vu Confort a Leeschtung fir d&#039;Bew\u00e4ltege vun alle Strecken an Trails op \u00c4rem Mountainbike.\" \/>\n<meta property=\"og:url\" content=\"https:\/\/bikefit.lu\/lb-lu\/product\/mx239-black-black\/\" \/>\n<meta property=\"og:site_name\" content=\"bikefit.lu\" \/>\n<meta property=\"article:modified_time\" content=\"2025-06-02T11:53:05+00:00\" \/>\n<meta property=\"og:image\" content=\"https:\/\/bikefit.lu\/wp-content\/uploads\/2025\/02\/MX239-BLK-BLK-FRNT.webp\" \/>\n\t<meta property=\"og:image:width\" content=\"1800\" \/>\n\t<meta property=\"og:image:height\" content=\"1344\" \/>\n\t<meta property=\"og:image:type\" content=\"image\/webp\" \/>\n<meta name=\"twitter:card\" content=\"summary_large_image\" \/>\n<meta name=\"twitter:label1\" content=\"Availability\" \/>\n\t<meta name=\"twitter:data1\" content=\"In stock\" \/>\n<script type=\"application\/ld+json\" class=\"yoast-schema-graph\">{\"@context\":\"https:\\\/\\\/schema.org\",\"@graph\":[{\"@type\":\"WebPage\",\"@id\":\"https:\\\/\\\/bikefit.lu\\\/lb-lu\\\/product\\\/mx239-black-black\\\/\",\"url\":\"https:\\\/\\\/bikefit.lu\\\/lb-lu\\\/product\\\/mx239-black-black\\\/\",\"name\":\"MX239 Black\\\/Black - bikefit.lu\",\"isPartOf\":{\"@id\":\"https:\\\/\\\/bikefit.lu\\\/lb-lu\\\/#website\"},\"primaryImageOfPage\":{\"@id\":\"https:\\\/\\\/bikefit.lu\\\/lb-lu\\\/product\\\/mx239-black-black\\\/#primaryimage\"},\"image\":{\"@id\":\"https:\\\/\\\/bikefit.lu\\\/lb-lu\\\/product\\\/mx239-black-black\\\/#primaryimage\"},\"thumbnailUrl\":\"https:\\\/\\\/bikefit.lu\\\/wp-content\\\/uploads\\\/2025\\\/02\\\/MX239-BLK-BLK-FRNT.webp\",\"datePublished\":\"2025-02-05T09:43:13+00:00\",\"dateModified\":\"2025-06-02T11:53:05+00:00\",\"breadcrumb\":{\"@id\":\"https:\\\/\\\/bikefit.lu\\\/lb-lu\\\/product\\\/mx239-black-black\\\/#breadcrumb\"},\"inLanguage\":\"lb-LU\",\"potentialAction\":[{\"@type\":\"ReadAction\",\"target\":[\"https:\\\/\\\/bikefit.lu\\\/lb-lu\\\/product\\\/mx239-black-black\\\/\"]}]},{\"@type\":\"ImageObject\",\"inLanguage\":\"lb-LU\",\"@id\":\"https:\\\/\\\/bikefit.lu\\\/lb-lu\\\/product\\\/mx239-black-black\\\/#primaryimage\",\"url\":\"https:\\\/\\\/bikefit.lu\\\/wp-content\\\/uploads\\\/2025\\\/02\\\/MX239-BLK-BLK-FRNT.webp\",\"contentUrl\":\"https:\\\/\\\/bikefit.lu\\\/wp-content\\\/uploads\\\/2025\\\/02\\\/MX239-BLK-BLK-FRNT.webp\",\"width\":1800,\"height\":1344},{\"@type\":\"BreadcrumbList\",\"@id\":\"https:\\\/\\\/bikefit.lu\\\/lb-lu\\\/product\\\/mx239-black-black\\\/#breadcrumb\",\"itemListElement\":[{\"@type\":\"ListItem\",\"position\":1,\"name\":\"Home\",\"item\":\"https:\\\/\\\/bikefit.lu\\\/lb-lu\\\/\"},{\"@type\":\"ListItem\",\"position\":2,\"name\":\"Products\",\"item\":\"https:\\\/\\\/bikefit.lu\\\/lb-lu\\\/shop\\\/\"},{\"@type\":\"ListItem\",\"position\":3,\"name\":\"MX239 Black\\\/Black\"}]},{\"@type\":\"WebSite\",\"@id\":\"https:\\\/\\\/bikefit.lu\\\/lb-lu\\\/#website\",\"url\":\"https:\\\/\\\/bikefit.lu\\\/lb-lu\\\/\",\"name\":\"bikefit.lu\",\"description\":\"IMPROVING CYCLING\",\"publisher\":{\"@id\":\"https:\\\/\\\/bikefit.lu\\\/lb-lu\\\/#\\\/schema\\\/person\\\/379af1263474d2f8cd1f41c2bd90273d\"},\"potentialAction\":[{\"@type\":\"SearchAction\",\"target\":{\"@type\":\"EntryPoint\",\"urlTemplate\":\"https:\\\/\\\/bikefit.lu\\\/lb-lu\\\/?s={search_term_string}\"},\"query-input\":{\"@type\":\"PropertyValueSpecification\",\"valueRequired\":true,\"valueName\":\"search_term_string\"}}],\"inLanguage\":\"lb-LU\"},{\"@type\":[\"Person\",\"Organization\"],\"@id\":\"https:\\\/\\\/bikefit.lu\\\/lb-lu\\\/#\\\/schema\\\/person\\\/379af1263474d2f8cd1f41c2bd90273d\",\"name\":\"Patrick Guillaume\",\"image\":{\"@type\":\"ImageObject\",\"inLanguage\":\"lb-LU\",\"@id\":\"https:\\\/\\\/bikefit.lu\\\/wp-content\\\/uploads\\\/2024\\\/12\\\/cropped-bikefit-logoURL-RGB-jpg.jpg\",\"url\":\"https:\\\/\\\/bikefit.lu\\\/wp-content\\\/uploads\\\/2024\\\/12\\\/cropped-bikefit-logoURL-RGB-jpg.jpg\",\"contentUrl\":\"https:\\\/\\\/bikefit.lu\\\/wp-content\\\/uploads\\\/2024\\\/12\\\/cropped-bikefit-logoURL-RGB-jpg.jpg\",\"width\":512,\"height\":512,\"caption\":\"Patrick Guillaume\"},\"logo\":{\"@id\":\"https:\\\/\\\/bikefit.lu\\\/wp-content\\\/uploads\\\/2024\\\/12\\\/cropped-bikefit-logoURL-RGB-jpg.jpg\"},\"sameAs\":[\"https:\\\/\\\/bikefit.lu\"],\"honorificPrefix\":\"Mr\",\"birthDate\":\"1966-11-18\",\"gender\":\"male\",\"knowsAbout\":[\"Bike-fitting\"],\"knowsLanguage\":[\"English\",\"French\",\"German\",\"Luxembourgish\"]}]}<\/script>\n<meta property=\"og:availability\" content=\"instock\" \/>\n<meta property=\"product:availability\" content=\"instock\" \/>\n<meta property=\"product:condition\" content=\"new\" \/>\n<!-- \/ Yoast SEO Premium plugin. -->","yoast_head_json":{"title":"MX239 Black\/Black - bikefit.lu","robots":{"index":"index","follow":"follow","max-snippet":"max-snippet:-1","max-image-preview":"max-image-preview:large","max-video-preview":"max-video-preview:-1"},"canonical":"https:\/\/bikefit.lu\/lb-lu\/product\/mx239-black-black\/","og_locale":"en_US","og_type":"article","og_title":"MX239 Black\/Black","og_description":"Den MX239 ass d\u00e9i neiste Versioun vum Lake bel\u00e9ifste Offroad-V\u00eblosschong. D\u00ebs nei Evolutioun iwwerh\u00eblt e puer Merkmale vum erfollegr\u00e4iche MX333 an huet elo eng integr\u00e9iert Zong, d\u00e9i mat dem medialen Deel vum Uewermaterial verbonnen ass, fir m\u00e9i e festen Halt vum Fouss. Hien enth\u00e4lt och eng glasfaserverst\u00e4erkt intern Feeschtkapp fir m\u00e9i een enke S\u00ebtz, souw\u00e9i e vergr\u00e9isserten Ofstand t\u00ebscht den BOA\u00ae-Drehverschl\u00ebss fir eng besser Verdeelung vun der Spannung iwwert de ganze Schong. D\u00ebst hieft een vun hire Liblingvelosschung op e komplett neie Niveau vu Confort a Leeschtung fir d'Bew\u00e4ltege vun alle Strecken an Trails op \u00c4rem Mountainbike.","og_url":"https:\/\/bikefit.lu\/lb-lu\/product\/mx239-black-black\/","og_site_name":"bikefit.lu","article_modified_time":"2025-06-02T11:53:05+00:00","og_image":[{"width":1800,"height":1344,"url":"https:\/\/bikefit.lu\/wp-content\/uploads\/2025\/02\/MX239-BLK-BLK-FRNT.webp","type":"image\/webp"}],"twitter_card":"summary_large_image","twitter_misc":{"Availability":"In stock"},"schema":{"@context":"https:\/\/schema.org","@graph":[{"@type":"WebPage","@id":"https:\/\/bikefit.lu\/lb-lu\/product\/mx239-black-black\/","url":"https:\/\/bikefit.lu\/lb-lu\/product\/mx239-black-black\/","name":"MX239 Black\/Black - bikefit.lu","isPartOf":{"@id":"https:\/\/bikefit.lu\/lb-lu\/#website"},"primaryImageOfPage":{"@id":"https:\/\/bikefit.lu\/lb-lu\/product\/mx239-black-black\/#primaryimage"},"image":{"@id":"https:\/\/bikefit.lu\/lb-lu\/product\/mx239-black-black\/#primaryimage"},"thumbnailUrl":"https:\/\/bikefit.lu\/wp-content\/uploads\/2025\/02\/MX239-BLK-BLK-FRNT.webp","datePublished":"2025-02-05T09:43:13+00:00","dateModified":"2025-06-02T11:53:05+00:00","breadcrumb":{"@id":"https:\/\/bikefit.lu\/lb-lu\/product\/mx239-black-black\/#breadcrumb"},"inLanguage":"lb-LU","potentialAction":[{"@type":"ReadAction","target":["https:\/\/bikefit.lu\/lb-lu\/product\/mx239-black-black\/"]}]},{"@type":"ImageObject","inLanguage":"lb-LU","@id":"https:\/\/bikefit.lu\/lb-lu\/product\/mx239-black-black\/#primaryimage","url":"https:\/\/bikefit.lu\/wp-content\/uploads\/2025\/02\/MX239-BLK-BLK-FRNT.webp","contentUrl":"https:\/\/bikefit.lu\/wp-content\/uploads\/2025\/02\/MX239-BLK-BLK-FRNT.webp","width":1800,"height":1344},{"@type":"BreadcrumbList","@id":"https:\/\/bikefit.lu\/lb-lu\/product\/mx239-black-black\/#breadcrumb","itemListElement":[{"@type":"ListItem","position":1,"name":"Home","item":"https:\/\/bikefit.lu\/lb-lu\/"},{"@type":"ListItem","position":2,"name":"Products","item":"https:\/\/bikefit.lu\/lb-lu\/shop\/"},{"@type":"ListItem","position":3,"name":"MX239 Black\/Black"}]},{"@type":"WebSite","@id":"https:\/\/bikefit.lu\/lb-lu\/#website","url":"https:\/\/bikefit.lu\/lb-lu\/","name":"bikefit.lu","description":"IMPROVING CYCLING","publisher":{"@id":"https:\/\/bikefit.lu\/lb-lu\/#\/schema\/person\/379af1263474d2f8cd1f41c2bd90273d"},"potentialAction":[{"@type":"SearchAction","target":{"@type":"EntryPoint","urlTemplate":"https:\/\/bikefit.lu\/lb-lu\/?s={search_term_string}"},"query-input":{"@type":"PropertyValueSpecification","valueRequired":true,"valueName":"search_term_string"}}],"inLanguage":"lb-LU"},{"@type":["Person","Organization"],"@id":"https:\/\/bikefit.lu\/lb-lu\/#\/schema\/person\/379af1263474d2f8cd1f41c2bd90273d","name":"Patrick Guillaume","image":{"@type":"ImageObject","inLanguage":"lb-LU","@id":"https:\/\/bikefit.lu\/wp-content\/uploads\/2024\/12\/cropped-bikefit-logoURL-RGB-jpg.jpg","url":"https:\/\/bikefit.lu\/wp-content\/uploads\/2024\/12\/cropped-bikefit-logoURL-RGB-jpg.jpg","contentUrl":"https:\/\/bikefit.lu\/wp-content\/uploads\/2024\/12\/cropped-bikefit-logoURL-RGB-jpg.jpg","width":512,"height":512,"caption":"Patrick Guillaume"},"logo":{"@id":"https:\/\/bikefit.lu\/wp-content\/uploads\/2024\/12\/cropped-bikefit-logoURL-RGB-jpg.jpg"},"sameAs":["https:\/\/bikefit.lu"],"honorificPrefix":"Mr","birthDate":"1966-11-18","gender":"male","knowsAbout":["Bike-fitting"],"knowsLanguage":["English","French","German","Luxembourgish"]}]},"og_availability":"instock","product_availability":"instock","product_condition":"new"},"_links":{"self":[{"href":"https:\/\/bikefit.lu\/lb-lu\/wp-json\/wp\/v2\/product\/90397","targetHints":{"allow":["GET"]}}],"collection":[{"href":"https:\/\/bikefit.lu\/lb-lu\/wp-json\/wp\/v2\/product"}],"about":[{"href":"https:\/\/bikefit.lu\/lb-lu\/wp-json\/wp\/v2\/types\/product"}],"replies":[{"embeddable":true,"href":"https:\/\/bikefit.lu\/lb-lu\/wp-json\/wp\/v2\/comments?post=90397"}],"version-history":[{"count":0,"href":"https:\/\/bikefit.lu\/lb-lu\/wp-json\/wp\/v2\/product\/90397\/revisions"}],"wp:featuredmedia":[{"embeddable":true,"href":"https:\/\/bikefit.lu\/lb-lu\/wp-json\/wp\/v2\/media\/90583"}],"wp:attachment":[{"href":"https:\/\/bikefit.lu\/lb-lu\/wp-json\/wp\/v2\/media?parent=90397"}],"wp:term":[{"taxonomy":"product_brand","embeddable":true,"href":"https:\/\/bikefit.lu\/lb-lu\/wp-json\/wp\/v2\/product_brand?post=90397"},{"taxonomy":"product_cat","embeddable":true,"href":"https:\/\/bikefit.lu\/lb-lu\/wp-json\/wp\/v2\/product_cat?post=90397"},{"taxonomy":"product_tag","embeddable":true,"href":"https:\/\/bikefit.lu\/lb-lu\/wp-json\/wp\/v2\/product_tag?post=90397"}],"curies":[{"name":"wp","href":"https:\/\/api.w.org\/{rel}","templated":true}]}}