{"id":91113,"date":"2025-02-06T09:10:56","date_gmt":"2025-02-06T09:10:56","guid":{"rendered":"https:\/\/bikefit.lu\/?post_type=product&#038;p=91113"},"modified":"2025-06-02T12:59:55","modified_gmt":"2025-06-02T10:59:55","slug":"mx239-gravel-stone-black-microfiber","status":"publish","type":"product","link":"https:\/\/bikefit.lu\/lb-lu\/product\/mx239-gravel-stone-black-microfiber\/","title":{"rendered":"MX239 Gravel Stone\/Black Mikrofaser"},"content":{"rendered":"<p><strong>Form: <\/strong><strong>MX Competition<\/strong> \u2013 Den MX239 Gravel vu Lake huet m\u00e9i ee groussen Z\u00e9iweber\u00e4ich a eng m\u00e9i enk Feeschtkapp w\u00e9i d&#8217;Comfort-Form a bitt e b\u00ebsse m\u00e9i Gesamtvolumen w\u00e9i d&#8217;Sport-Form. Et ass en aussergew\u00e9inlech s\u00e9chere V\u00eblosschong, deen Iech op all \u00cbnnergrond zous\u00e4tzlecht Vertraue g\u00ebtt, wou S\u00e9cherheet bei stramme Fueren a Course vun entscheedender Wichtegkeet ass. <\/p>\n<p>De Schong bitt am Z\u00e9iweber\u00e4ich genuch Plaz, fir genuch Confort beim Biergopgoen oder beim Navig\u00e9ieren duerch schwiereg Schiebe-Passagen ze garant\u00e9ieren. De m\u00e9i breeden Z\u00e9iweber\u00e4ich erlaabt eng m\u00e9i natierlech Passform a Plattform fir \u00c4r F\u00e9iss. <\/p>\n<p>MX Competition Form vu Lake garant\u00e9iert, datt den MX239 Gravel esou entworf ass, datt hien d&#8217;Leeschtung bei Offroad-Aventuren a Coursen op rauem Terrain maxim\u00e9iert.<\/p>\n<p><strong>Uewermaterial:<\/strong> D\u00ebse neisten H\u00e9ichleeschtungs-Gravel-V\u00eblosschong vu Lake ass a Clarino Mikrofaser oder recyceltem Helcor-Lieder mat Mesh, ofreiwfestem Helcor-Lieder an engem Outlast-Feeschtfudder verf\u00fcgbar. A Lake kontinu\u00e9ierlechem Bestriewe, d\u00e9i bescht verf\u00fcgbar Materialien ze benotzen a mat \u00e9ischtklassegen Materialliwweranten zesummen ze schaffen, setzt d&#8217;Mark och fir Nohaltegkeet an hiren neiste Produkter an. <\/p>\n<p>Lake konzip\u00e9ieren hir Schong esou, datt si laanglieweg a repar\u00e9ierbar sinn, fir eng laangfristeg Notzung ze garant\u00e9ieren. D&#8217;Mark ass wierklech stolz drop, recycl\u00e9iert Lieder (Faarfvariant Schwaarz\/Gold) an d&#8217;Welt vun de V\u00eblosschung anzef\u00e9ieren. Leeschtung, Stil a Nohaltegkeet si m\u00e9iglech \u2014 mat Lake V\u00eblosschong.  <\/p>\n<p><strong>B\u00e4ussesuel<\/strong>: Lake Competition 100% Carbonfaser-Suel, kombin\u00e9iert mat hirer Mountain Race X Echtgummi-Suel. D\u00ebse zous\u00e4tzleche Sueleschutz erh\u00e9icht d&#8217;Stabilit\u00e9it op allen Aarte vun Terrain a bitt gl\u00e4ichz\u00e4iteg d\u00e9i noutwendeg Leeschtung op de Pedallen. <\/p>\n<p><strong>Verschloss: <\/strong>BOA\u00ae Fit System Li2 Dr\u00e9ihverschl\u00ebss. D&#8217;Li2-Dr\u00e9ihverschl\u00ebss represent\u00e9ieren d\u00e9i fortschr\u00ebttlechst Plattform am V\u00eblosport a bidden eng pr\u00e4zis, mikroastellbar Passform an zwou Richtungen, w\u00e4rend si fir Resistenz konzip\u00e9iert sinn. Keen eenzegt Element defin\u00e9iert eleng d&#8217;Passform vun engem Schong \u2013 Halt a Confort h\u00e4nke vu m\u00e9i Facteuren of.  <\/p>\n<p>Aus d\u00ebsem Grond h\u00eblt Lake sech d&#8217;Z\u00e4it, Schong mat der no hirer Iwwerzeegung beschter Kombinatioun aus Confort an Halt z&#8217;entw\u00e9ckelen. W\u00e4rend d&#8217;dual BOA\u00ae Fit System am V\u00eblosport net eenzegaarteg ass, ass et hir pr\u00e4zis Integratioun vun d\u00ebsem Drotverschlosssystem mat fortgeschrattener Musteraarbecht, \u00e9ischtklassege Schungformen an iwwerlee\u00ebn Uewermaterialien, d\u00e9i hir Schong auszeechent. D\u00ebs L\u00e9ift zum Detail ass et, d\u00e9i Lake-Schung weltw\u00e4it fir hir exzellent Passform an hiren aussergew\u00e9inleche Komfort bei H\u00e9ichleeschtungs-V\u00eblosschung ber\u00fchmt m\u00e9cht.  <\/p>\n<p><strong>Gr\u00e9issten:<\/strong> ganz Gr\u00e9isste vu 37 bis 48, 50 an hallef Gr\u00e9isste vu 39.5 bis 46.5.<\/p>\n<p>Fir Iech ze h\u00ebllefen d\u00e9i richteg Gr\u00e9isst ze fannen, gitt op <a href=\"https:\/\/lakecycling.com\/pages\/sizing-charts\" target=\"_blank\" rel=\"noopener noreferrer nofollow\">d\u00ebs S\u00e4it<\/a> oder kontakt\u00e9iert mech.<\/p>\n","protected":false},"excerpt":{"rendered":"<p class=\"ai-optimize-25\"><strong>Den MX239 Gravel f\u00e9iert ee vun de beschten Offroad-V\u00eblosschung vu Lake an een evolution\u00e4re Prozess a br\u00e9ngt e komplett nei Niveau fir Gravel-V\u00eblosschung. D\u00ebs nei Evolutioun ass speziell fir d&#8217;Fuerderunge vu schnellen a technesche Gravel-Strecken entworf an integr\u00e9iert vill Eegenschafte vum erfollegr\u00e4ichen MX333. Hien huet elo eng integr\u00e9iert Zong, d\u00e9i mam mediale Panel vum Uewermaterial verbonnen ass, fir m\u00e9i e festen Halt vum Fouss ze garant\u00e9ieren. Ausserdeem ass hie mat enger Glasfaser-verst\u00e4erkter interner Feeschtkapp fir besseren Halt vun der Feescht \u00e4usgestatt a bitt m\u00e9i Ofstand t\u00ebscht den BOA\u00ae-Dr\u00e9ihverschl\u00ebss fir eng verbessert Zonenupassung iwwert d&#8217;ganz L\u00e4ngt vum Schong.   <\/strong><\/p>\n<p class=\"ai-optimize-26\"><strong>Wat den MX239 Gravel besonnesch m\u00e9cht, ass seng liicht, minimal Gummisuel, d\u00e9i speziell entworf ass a perfekt fir laang Deeg op den Trails mat dem V\u00eblo g\u00ebeegent ass. Lake erhieft ee vu senge popul\u00e4rsten V\u00eblosschong op e komplett neien Niveau vu Confort a Leeschtung a bitt ee vun de beschte Gravel-Schung d\u00e9i aktuell ze fanne sinn. <\/strong><\/p>\n","protected":false},"featured_media":91159,"comment_status":"closed","ping_status":"closed","template":"","meta":[],"product_brand":[],"product_cat":[4910,5652,4912],"product_tag":[4977,5655,5058,5653,5111],"class_list":{"0":"post-91113","1":"product","2":"type-product","3":"status-publish","4":"has-post-thumbnail","6":"product_cat-lake-shoes-lb-lu","7":"product_cat-mx239-lb-lu","8":"product_cat-offroad-lake-shoes-lb-lu","9":"product_tag-black-black-lb-lu","10":"product_tag-gravel-lb-lu","11":"product_tag-lake-cycling-lb-lu","12":"product_tag-mx239-lb-lu","13":"product_tag-offroad-lb-lu","14":"product_shipping_class-large-items-lb-lu","15":"pa_size-37-lb-lu-2","16":"pa_size-38-lb-lu","17":"pa_size-39-lb-lu-2","18":"pa_size-39-5-lb-lu","19":"pa_size-40-lb-lu-2","20":"pa_size-40-5-lb-lu","21":"pa_size-41-lb-lu","22":"pa_size-41-5-lb-lu","23":"pa_size-42-lb-lu","24":"pa_size-42-5-lb-lu","25":"pa_size-43-lb-lu-2","26":"pa_size-43-5-lb-lu-2","27":"pa_size-44-lb-lu","28":"pa_size-44-5-lb-lu","29":"pa_size-45-lb-lu","30":"pa_size-45-5-lb-lu","31":"pa_size-46-lb-lu","32":"pa_size-46-5-lb-lu","33":"pa_size-47-lb-lu","34":"pa_size-48-lb-lu","35":"pa_size-49-lb-lu","36":"pa_size-50-lb-lu","37":"pa_size-52-lb-lu","38":"pa_width-regular-lb-lu","39":"pa_width-wide-lb-lu-2","41":"first","42":"instock","43":"taxable","44":"shipping-taxable","45":"purchasable","46":"product-type-variable"},"yoast_head":"<!-- This site is optimized with the Yoast SEO Premium plugin v27.3 (Yoast SEO v27.3) - https:\/\/yoast.com\/product\/yoast-seo-premium-wordpress\/ -->\n<title>MX239 Gravel Stone\/Black Mikrofaser - bikefit.lu<\/title>\n<meta name=\"robots\" content=\"index, follow, max-snippet:-1, max-image-preview:large, max-video-preview:-1\" \/>\n<link rel=\"canonical\" href=\"https:\/\/bikefit.lu\/lb-lu\/product\/mx239-gravel-stone-black-microfiber\/\" \/>\n<meta property=\"og:locale\" content=\"en_US\" \/>\n<meta property=\"og:type\" content=\"article\" \/>\n<meta property=\"og:title\" content=\"MX239 Gravel Stone\/Black Mikrofaser\" \/>\n<meta property=\"og:description\" content=\"Den MX239 Gravel f\u00e9iert ee vun de beschten Offroad-V\u00eblosschung vu Lake an een evolution\u00e4re Prozess a br\u00e9ngt e komplett nei Niveau fir Gravel-V\u00eblosschung. D\u00ebs nei Evolutioun ass speziell fir d&#039;Fuerderunge vu schnellen a technesche Gravel-Strecken entworf an integr\u00e9iert vill Eegenschafte vum erfollegr\u00e4ichen MX333. Hien huet elo eng integr\u00e9iert Zong, d\u00e9i mam mediale Panel vum Uewermaterial verbonnen ass, fir m\u00e9i e festen Halt vum Fouss ze garant\u00e9ieren. Ausserdeem ass hie mat enger Glasfaser-verst\u00e4erkter interner Feeschtkapp fir besseren Halt vun der Feescht \u00e4usgestatt a bitt m\u00e9i Ofstand t\u00ebscht den BOA\u00ae-Dr\u00e9ihverschl\u00ebss fir eng verbessert Zonenupassung iwwert d&#039;ganz L\u00e4ngt vum Schong.  Wat den MX239 Gravel besonnesch m\u00e9cht, ass seng liicht, minimal Gummisuel, d\u00e9i speziell entworf ass a perfekt fir laang Deeg op den Trails mat dem V\u00eblo g\u00ebeegent ass. Lake erhieft ee vu senge popul\u00e4rsten V\u00eblosschong op e komplett neien Niveau vu Confort a Leeschtung a bitt ee vun de beschte Gravel-Schung d\u00e9i aktuell ze fanne sinn.\" \/>\n<meta property=\"og:url\" content=\"https:\/\/bikefit.lu\/lb-lu\/product\/mx239-gravel-stone-black-microfiber\/\" \/>\n<meta property=\"og:site_name\" content=\"bikefit.lu\" \/>\n<meta property=\"article:modified_time\" content=\"2025-06-02T10:59:55+00:00\" \/>\n<meta property=\"og:image\" content=\"https:\/\/bikefit.lu\/wp-content\/uploads\/2025\/02\/MX239G-STN-BLK-FRNT.webp\" \/>\n\t<meta property=\"og:image:width\" content=\"1800\" \/>\n\t<meta property=\"og:image:height\" content=\"1344\" \/>\n\t<meta property=\"og:image:type\" content=\"image\/webp\" \/>\n<meta name=\"twitter:card\" content=\"summary_large_image\" \/>\n<meta name=\"twitter:label1\" content=\"Availability\" \/>\n\t<meta name=\"twitter:data1\" content=\"In stock\" \/>\n<script type=\"application\/ld+json\" class=\"yoast-schema-graph\">{\"@context\":\"https:\\\/\\\/schema.org\",\"@graph\":[{\"@type\":\"WebPage\",\"@id\":\"https:\\\/\\\/bikefit.lu\\\/lb-lu\\\/product\\\/mx239-gravel-stone-black-microfiber\\\/\",\"url\":\"https:\\\/\\\/bikefit.lu\\\/lb-lu\\\/product\\\/mx239-gravel-stone-black-microfiber\\\/\",\"name\":\"MX239 Gravel Stone\\\/Black Mikrofaser - bikefit.lu\",\"isPartOf\":{\"@id\":\"https:\\\/\\\/bikefit.lu\\\/lb-lu\\\/#website\"},\"primaryImageOfPage\":{\"@id\":\"https:\\\/\\\/bikefit.lu\\\/lb-lu\\\/product\\\/mx239-gravel-stone-black-microfiber\\\/#primaryimage\"},\"image\":{\"@id\":\"https:\\\/\\\/bikefit.lu\\\/lb-lu\\\/product\\\/mx239-gravel-stone-black-microfiber\\\/#primaryimage\"},\"thumbnailUrl\":\"https:\\\/\\\/bikefit.lu\\\/wp-content\\\/uploads\\\/2025\\\/02\\\/MX239G-STN-BLK-FRNT.webp\",\"datePublished\":\"2025-02-06T09:10:56+00:00\",\"dateModified\":\"2025-06-02T10:59:55+00:00\",\"breadcrumb\":{\"@id\":\"https:\\\/\\\/bikefit.lu\\\/lb-lu\\\/product\\\/mx239-gravel-stone-black-microfiber\\\/#breadcrumb\"},\"inLanguage\":\"lb-LU\",\"potentialAction\":[{\"@type\":\"ReadAction\",\"target\":[\"https:\\\/\\\/bikefit.lu\\\/lb-lu\\\/product\\\/mx239-gravel-stone-black-microfiber\\\/\"]}]},{\"@type\":\"ImageObject\",\"inLanguage\":\"lb-LU\",\"@id\":\"https:\\\/\\\/bikefit.lu\\\/lb-lu\\\/product\\\/mx239-gravel-stone-black-microfiber\\\/#primaryimage\",\"url\":\"https:\\\/\\\/bikefit.lu\\\/wp-content\\\/uploads\\\/2025\\\/02\\\/MX239G-STN-BLK-FRNT.webp\",\"contentUrl\":\"https:\\\/\\\/bikefit.lu\\\/wp-content\\\/uploads\\\/2025\\\/02\\\/MX239G-STN-BLK-FRNT.webp\",\"width\":1800,\"height\":1344},{\"@type\":\"BreadcrumbList\",\"@id\":\"https:\\\/\\\/bikefit.lu\\\/lb-lu\\\/product\\\/mx239-gravel-stone-black-microfiber\\\/#breadcrumb\",\"itemListElement\":[{\"@type\":\"ListItem\",\"position\":1,\"name\":\"Home\",\"item\":\"https:\\\/\\\/bikefit.lu\\\/lb-lu\\\/\"},{\"@type\":\"ListItem\",\"position\":2,\"name\":\"Products\",\"item\":\"https:\\\/\\\/bikefit.lu\\\/lb-lu\\\/shop\\\/\"},{\"@type\":\"ListItem\",\"position\":3,\"name\":\"MX239 Gravel Stone\\\/Black Mikrofaser\"}]},{\"@type\":\"WebSite\",\"@id\":\"https:\\\/\\\/bikefit.lu\\\/lb-lu\\\/#website\",\"url\":\"https:\\\/\\\/bikefit.lu\\\/lb-lu\\\/\",\"name\":\"bikefit.lu\",\"description\":\"IMPROVING CYCLING\",\"publisher\":{\"@id\":\"https:\\\/\\\/bikefit.lu\\\/lb-lu\\\/#\\\/schema\\\/person\\\/379af1263474d2f8cd1f41c2bd90273d\"},\"potentialAction\":[{\"@type\":\"SearchAction\",\"target\":{\"@type\":\"EntryPoint\",\"urlTemplate\":\"https:\\\/\\\/bikefit.lu\\\/lb-lu\\\/?s={search_term_string}\"},\"query-input\":{\"@type\":\"PropertyValueSpecification\",\"valueRequired\":true,\"valueName\":\"search_term_string\"}}],\"inLanguage\":\"lb-LU\"},{\"@type\":[\"Person\",\"Organization\"],\"@id\":\"https:\\\/\\\/bikefit.lu\\\/lb-lu\\\/#\\\/schema\\\/person\\\/379af1263474d2f8cd1f41c2bd90273d\",\"name\":\"Patrick Guillaume\",\"image\":{\"@type\":\"ImageObject\",\"inLanguage\":\"lb-LU\",\"@id\":\"https:\\\/\\\/bikefit.lu\\\/wp-content\\\/uploads\\\/2024\\\/12\\\/cropped-bikefit-logoURL-RGB-jpg.jpg\",\"url\":\"https:\\\/\\\/bikefit.lu\\\/wp-content\\\/uploads\\\/2024\\\/12\\\/cropped-bikefit-logoURL-RGB-jpg.jpg\",\"contentUrl\":\"https:\\\/\\\/bikefit.lu\\\/wp-content\\\/uploads\\\/2024\\\/12\\\/cropped-bikefit-logoURL-RGB-jpg.jpg\",\"width\":512,\"height\":512,\"caption\":\"Patrick Guillaume\"},\"logo\":{\"@id\":\"https:\\\/\\\/bikefit.lu\\\/wp-content\\\/uploads\\\/2024\\\/12\\\/cropped-bikefit-logoURL-RGB-jpg.jpg\"},\"sameAs\":[\"https:\\\/\\\/bikefit.lu\"],\"honorificPrefix\":\"Mr\",\"birthDate\":\"1966-11-18\",\"gender\":\"male\",\"knowsAbout\":[\"Bike-fitting\"],\"knowsLanguage\":[\"English\",\"French\",\"German\",\"Luxembourgish\"]}]}<\/script>\n<meta property=\"og:availability\" content=\"instock\" \/>\n<meta property=\"product:availability\" content=\"instock\" \/>\n<meta property=\"product:condition\" content=\"new\" \/>\n<!-- \/ Yoast SEO Premium plugin. -->","yoast_head_json":{"title":"MX239 Gravel Stone\/Black Mikrofaser - bikefit.lu","robots":{"index":"index","follow":"follow","max-snippet":"max-snippet:-1","max-image-preview":"max-image-preview:large","max-video-preview":"max-video-preview:-1"},"canonical":"https:\/\/bikefit.lu\/lb-lu\/product\/mx239-gravel-stone-black-microfiber\/","og_locale":"en_US","og_type":"article","og_title":"MX239 Gravel Stone\/Black Mikrofaser","og_description":"Den MX239 Gravel f\u00e9iert ee vun de beschten Offroad-V\u00eblosschung vu Lake an een evolution\u00e4re Prozess a br\u00e9ngt e komplett nei Niveau fir Gravel-V\u00eblosschung. D\u00ebs nei Evolutioun ass speziell fir d'Fuerderunge vu schnellen a technesche Gravel-Strecken entworf an integr\u00e9iert vill Eegenschafte vum erfollegr\u00e4ichen MX333. Hien huet elo eng integr\u00e9iert Zong, d\u00e9i mam mediale Panel vum Uewermaterial verbonnen ass, fir m\u00e9i e festen Halt vum Fouss ze garant\u00e9ieren. Ausserdeem ass hie mat enger Glasfaser-verst\u00e4erkter interner Feeschtkapp fir besseren Halt vun der Feescht \u00e4usgestatt a bitt m\u00e9i Ofstand t\u00ebscht den BOA\u00ae-Dr\u00e9ihverschl\u00ebss fir eng verbessert Zonenupassung iwwert d'ganz L\u00e4ngt vum Schong.  Wat den MX239 Gravel besonnesch m\u00e9cht, ass seng liicht, minimal Gummisuel, d\u00e9i speziell entworf ass a perfekt fir laang Deeg op den Trails mat dem V\u00eblo g\u00ebeegent ass. Lake erhieft ee vu senge popul\u00e4rsten V\u00eblosschong op e komplett neien Niveau vu Confort a Leeschtung a bitt ee vun de beschte Gravel-Schung d\u00e9i aktuell ze fanne sinn.","og_url":"https:\/\/bikefit.lu\/lb-lu\/product\/mx239-gravel-stone-black-microfiber\/","og_site_name":"bikefit.lu","article_modified_time":"2025-06-02T10:59:55+00:00","og_image":[{"width":1800,"height":1344,"url":"https:\/\/bikefit.lu\/wp-content\/uploads\/2025\/02\/MX239G-STN-BLK-FRNT.webp","type":"image\/webp"}],"twitter_card":"summary_large_image","twitter_misc":{"Availability":"In stock"},"schema":{"@context":"https:\/\/schema.org","@graph":[{"@type":"WebPage","@id":"https:\/\/bikefit.lu\/lb-lu\/product\/mx239-gravel-stone-black-microfiber\/","url":"https:\/\/bikefit.lu\/lb-lu\/product\/mx239-gravel-stone-black-microfiber\/","name":"MX239 Gravel Stone\/Black Mikrofaser - bikefit.lu","isPartOf":{"@id":"https:\/\/bikefit.lu\/lb-lu\/#website"},"primaryImageOfPage":{"@id":"https:\/\/bikefit.lu\/lb-lu\/product\/mx239-gravel-stone-black-microfiber\/#primaryimage"},"image":{"@id":"https:\/\/bikefit.lu\/lb-lu\/product\/mx239-gravel-stone-black-microfiber\/#primaryimage"},"thumbnailUrl":"https:\/\/bikefit.lu\/wp-content\/uploads\/2025\/02\/MX239G-STN-BLK-FRNT.webp","datePublished":"2025-02-06T09:10:56+00:00","dateModified":"2025-06-02T10:59:55+00:00","breadcrumb":{"@id":"https:\/\/bikefit.lu\/lb-lu\/product\/mx239-gravel-stone-black-microfiber\/#breadcrumb"},"inLanguage":"lb-LU","potentialAction":[{"@type":"ReadAction","target":["https:\/\/bikefit.lu\/lb-lu\/product\/mx239-gravel-stone-black-microfiber\/"]}]},{"@type":"ImageObject","inLanguage":"lb-LU","@id":"https:\/\/bikefit.lu\/lb-lu\/product\/mx239-gravel-stone-black-microfiber\/#primaryimage","url":"https:\/\/bikefit.lu\/wp-content\/uploads\/2025\/02\/MX239G-STN-BLK-FRNT.webp","contentUrl":"https:\/\/bikefit.lu\/wp-content\/uploads\/2025\/02\/MX239G-STN-BLK-FRNT.webp","width":1800,"height":1344},{"@type":"BreadcrumbList","@id":"https:\/\/bikefit.lu\/lb-lu\/product\/mx239-gravel-stone-black-microfiber\/#breadcrumb","itemListElement":[{"@type":"ListItem","position":1,"name":"Home","item":"https:\/\/bikefit.lu\/lb-lu\/"},{"@type":"ListItem","position":2,"name":"Products","item":"https:\/\/bikefit.lu\/lb-lu\/shop\/"},{"@type":"ListItem","position":3,"name":"MX239 Gravel Stone\/Black Mikrofaser"}]},{"@type":"WebSite","@id":"https:\/\/bikefit.lu\/lb-lu\/#website","url":"https:\/\/bikefit.lu\/lb-lu\/","name":"bikefit.lu","description":"IMPROVING CYCLING","publisher":{"@id":"https:\/\/bikefit.lu\/lb-lu\/#\/schema\/person\/379af1263474d2f8cd1f41c2bd90273d"},"potentialAction":[{"@type":"SearchAction","target":{"@type":"EntryPoint","urlTemplate":"https:\/\/bikefit.lu\/lb-lu\/?s={search_term_string}"},"query-input":{"@type":"PropertyValueSpecification","valueRequired":true,"valueName":"search_term_string"}}],"inLanguage":"lb-LU"},{"@type":["Person","Organization"],"@id":"https:\/\/bikefit.lu\/lb-lu\/#\/schema\/person\/379af1263474d2f8cd1f41c2bd90273d","name":"Patrick Guillaume","image":{"@type":"ImageObject","inLanguage":"lb-LU","@id":"https:\/\/bikefit.lu\/wp-content\/uploads\/2024\/12\/cropped-bikefit-logoURL-RGB-jpg.jpg","url":"https:\/\/bikefit.lu\/wp-content\/uploads\/2024\/12\/cropped-bikefit-logoURL-RGB-jpg.jpg","contentUrl":"https:\/\/bikefit.lu\/wp-content\/uploads\/2024\/12\/cropped-bikefit-logoURL-RGB-jpg.jpg","width":512,"height":512,"caption":"Patrick Guillaume"},"logo":{"@id":"https:\/\/bikefit.lu\/wp-content\/uploads\/2024\/12\/cropped-bikefit-logoURL-RGB-jpg.jpg"},"sameAs":["https:\/\/bikefit.lu"],"honorificPrefix":"Mr","birthDate":"1966-11-18","gender":"male","knowsAbout":["Bike-fitting"],"knowsLanguage":["English","French","German","Luxembourgish"]}]},"og_availability":"instock","product_availability":"instock","product_condition":"new"},"_links":{"self":[{"href":"https:\/\/bikefit.lu\/lb-lu\/wp-json\/wp\/v2\/product\/91113","targetHints":{"allow":["GET"]}}],"collection":[{"href":"https:\/\/bikefit.lu\/lb-lu\/wp-json\/wp\/v2\/product"}],"about":[{"href":"https:\/\/bikefit.lu\/lb-lu\/wp-json\/wp\/v2\/types\/product"}],"replies":[{"embeddable":true,"href":"https:\/\/bikefit.lu\/lb-lu\/wp-json\/wp\/v2\/comments?post=91113"}],"version-history":[{"count":0,"href":"https:\/\/bikefit.lu\/lb-lu\/wp-json\/wp\/v2\/product\/91113\/revisions"}],"wp:featuredmedia":[{"embeddable":true,"href":"https:\/\/bikefit.lu\/lb-lu\/wp-json\/wp\/v2\/media\/91159"}],"wp:attachment":[{"href":"https:\/\/bikefit.lu\/lb-lu\/wp-json\/wp\/v2\/media?parent=91113"}],"wp:term":[{"taxonomy":"product_brand","embeddable":true,"href":"https:\/\/bikefit.lu\/lb-lu\/wp-json\/wp\/v2\/product_brand?post=91113"},{"taxonomy":"product_cat","embeddable":true,"href":"https:\/\/bikefit.lu\/lb-lu\/wp-json\/wp\/v2\/product_cat?post=91113"},{"taxonomy":"product_tag","embeddable":true,"href":"https:\/\/bikefit.lu\/lb-lu\/wp-json\/wp\/v2\/product_tag?post=91113"}],"curies":[{"name":"wp","href":"https:\/\/api.w.org\/{rel}","templated":true}]}}