{"id":91417,"date":"2025-02-06T13:46:09","date_gmt":"2025-02-06T13:46:09","guid":{"rendered":"https:\/\/bikefit.lu\/?post_type=product&#038;p=91417"},"modified":"2026-03-13T13:38:46","modified_gmt":"2026-03-13T12:38:46","slug":"cx239-black-black","status":"publish","type":"product","link":"https:\/\/bikefit.lu\/lb-lu\/product\/cx239-black-black\/","title":{"rendered":"CX239 Black\/Black"},"content":{"rendered":"<p><strong>Form:<\/strong> CX Competition. Mat engem Profil, dat speziell fir ganz h\u00e9ich Tr\u00ebttfrequenzen an erh\u00e9ichtem Drock konzip\u00e9iert gouf, weist Lakes Competition-Form e m\u00e9i staark gewellte Profil w\u00e9i d&#8217;Sport-Form. D&#8217;Haapt\u00ebnnerscheeder leie bei enger erh\u00e9ichter Z\u00e9iwen- a Feeschtneigung, enger besser gehalener Feescht an e b\u00ebsse m\u00e9i breedem Virfoussr\u00e4um, fir d&#8217;Foussausdehnung \u00ebnner h\u00e9ijem Pedalldrock ze ber\u00e9cksiichtegen.  <\/p>\n<p><strong>Uewermaterial:<\/strong> D\u00ebse neisten H\u00e9ichleeschtungs-V\u00eblosschong vu Lake ass wielweis mat waasserfestem an ootmungsaktivem Ecco Premium-Vollnarbelieder oder Clarino-Mikrofaser a Mesh mat Outlast-Feeschtauskleedung verf\u00fcgbar. D&#8217;Uewermaterial ass stilvoll a stroumlinief\u00f6rmeg gestalt, mat minimierten N\u00e9iten an enger formsch\u00e9iner Konstruktioun, d\u00e9i een h\u00e4ndsch-artegt Gefill verm\u00ebttelt a sech am Laf vun der Z\u00e4it perfekt un \u00c4re F\u00e9iss ugepasst. D&#8217;sch\u00fctzend Feeschtkapp an de Gummi-Z\u00e9iweschutz h\u00ebllefen, d&#8217;Uewermaterial virun Ofnotzung a Krazerten ze sch\u00fctzen. Zous\u00e4tzlech huet en eng temperaturregul\u00e9iert Outlast-Feescht- a Zongenauskleedung, d\u00e9i e luxuri\u00e9ist Foussgefill bitt an zur selwechter Z\u00e4it Ootmungsaktivit\u00e9it, Laangliewegkeet an e s\u00e9cheren Halt garant\u00e9iert.   <\/p>\n<p><strong>B\u00e4ussesuel<\/strong>: Lake Competition100% Kuelestofffaser. Verf\u00fcgbar fir 3-Lach Kallen.  Eng Suel aus 100% Karbon, fir M\u00e9i Komfort, Liichtegkeet an Eleganz.<\/p>\n<p><strong>Verschloss:<\/strong> BOA\u00ae Fit System Li2 Dr\u00e9ihverschl\u00ebss. D\u2019Li2-Dr\u00e9ihverschl\u00ebss represent\u00e9ieren d\u00e9i fortschr\u00ebttlechst Plattform am V\u00eblosport a bidden eng pr\u00e4zis, mikroastellbar Passform an zwou Richtungen, w\u00e4rend si fir Resistenz konzip\u00e9iert sinn. Keen eenzegt Element defin\u00e9iert eleng d\u2019Passform vun engem Schong \u2013 Halt a Confort h\u00e4nke vu m\u00e9i Facteuren of. Aus d\u00ebsem Grond h\u00eblt Lake sech d\u2019Z\u00e4it, Schong mat der no hirer Iwwerzeegung beschter Kombinatioun aus Confort an Halt z\u2019entw\u00e9ckelen. W\u00e4rend d\u2019dual BOA\u00ae Fit System am V\u00eblosport net eenzegaarteg ass, ass et hir pr\u00e4zis Integratioun vun d\u00ebsem Drotverschlosssystem mat fortgeschrattener Musteraarbecht, \u00e9ischtklassege Schungformen an iwwerlee\u00ebn Uewermaterialien, d\u00e9i hir Schong auszeechent. D\u00ebs L\u00e9ift zum Detail ass et, d\u00e9i Lake-Schong weltw\u00e4it fir hir exzellent Passform an hiren aussergew\u00e9inleche Komfort bei H\u00e9ichleeschtungs-V\u00eblosschong ber\u00fchmt m\u00e9cht.     <\/p>\n<p><strong>Faarwen:<\/strong> White\/Black Lieder, White\/White Mikrofaser and Black\/Black Lieder.<\/p>\n<p><strong>Gr\u00e9issten<\/strong>: Regular: Vollgr\u00e9issten vu 36 bis 50, 52, hallef Gr\u00e9isste vun 39,5 bis 46,5. Wide: Vollgr\u00e9isste vu 37 bis 50, 52 hallef Gr\u00e9isste vu 39.5 bis 46.5.<\/p>\n<p>Fir Iech ze h\u00ebllefen d\u00e9i richteg Gr\u00e9isst ze fannen, gitt op <a href=\"https:\/\/lakecycling.com\/pages\/sizing-charts\" target=\"_blank\" rel=\"noopener noreferrer\">d\u00ebs S\u00e4it<\/a> oder kontakt\u00e9iert mech.<\/p>\n","protected":false},"excerpt":{"rendered":"<p><strong>Den CX239 ass d\u00e9i neiste Versioun vum Lake bel\u00e9ifste Offroad-V\u00eblosschong. D\u00ebs nei Evolutioun iwwerh\u00eblt e puer Merkmale vum erfollegr\u00e4iche CX333 an huet elo eng integr\u00e9iert Zong, d\u00e9i mat dem medialen Deel vum Uewermaterial verbonnen ass, fir m\u00e9i e festen Halt vum Fouss. Hien enth\u00e4lt och eng glasfaserverst\u00e4erkt intern Feeschtkapp fir m\u00e9i een enke S\u00ebtz, souw\u00e9i e vergr\u00e9isserten Ofstand t\u00ebscht den BOA\u00ae-Drehverschl\u00ebss fir eng besser Verdeelung vun der Spannung iwwert de ganze Schong. D\u00ebst hieft een vun hire Liblingvelosschung op e komplett neie Niveau vu Confort a Leeschtung.   <\/strong><\/p>\n","protected":false},"featured_media":91308,"comment_status":"closed","ping_status":"closed","template":"","meta":[],"product_brand":[],"product_cat":[5664,4910,4915],"product_tag":[4977,5665,5058,5126],"class_list":{"0":"post-91417","1":"product","2":"type-product","3":"status-publish","4":"has-post-thumbnail","6":"product_cat-cx239-lb-lu","7":"product_cat-lake-shoes-lb-lu","8":"product_cat-strooss","9":"product_tag-black-black-lb-lu","10":"product_tag-cx239-lb-lu","11":"product_tag-lake-cycling-lb-lu","12":"product_tag-road-lb-lu","13":"product_shipping_class-large-items-lb-lu","14":"pa_size-36-lb-lu","15":"pa_size-37-lb-lu-2","16":"pa_size-38-lb-lu","17":"pa_size-39-lb-lu-2","18":"pa_size-39-5-lb-lu","19":"pa_size-40-lb-lu-2","20":"pa_size-40-5-lb-lu","21":"pa_size-41-lb-lu","22":"pa_size-41-5-lb-lu","23":"pa_size-42-lb-lu","24":"pa_size-42-5-lb-lu","25":"pa_size-43-lb-lu-2","26":"pa_size-43-5-lb-lu-2","27":"pa_size-44-lb-lu","28":"pa_size-44-5-lb-lu","29":"pa_size-45-lb-lu","30":"pa_size-45-5-lb-lu","31":"pa_size-46-lb-lu","32":"pa_size-46-5-lb-lu","33":"pa_size-47-lb-lu","34":"pa_size-48-lb-lu","35":"pa_size-49-lb-lu","36":"pa_size-50-lb-lu","37":"pa_size-52-lb-lu","38":"pa_width-regular-lb-lu","39":"pa_width-wide-lb-lu-2","41":"first","42":"instock","43":"taxable","44":"shipping-taxable","45":"purchasable","46":"product-type-variable"},"yoast_head":"<!-- This site is optimized with the Yoast SEO Premium plugin v27.3 (Yoast SEO v27.3) - https:\/\/yoast.com\/product\/yoast-seo-premium-wordpress\/ -->\n<title>CX239 Black\/Black - bikefit.lu<\/title>\n<meta name=\"robots\" content=\"index, follow, max-snippet:-1, max-image-preview:large, max-video-preview:-1\" \/>\n<link rel=\"canonical\" href=\"https:\/\/bikefit.lu\/lb-lu\/product\/cx239-black-black\/\" \/>\n<meta property=\"og:locale\" content=\"en_US\" \/>\n<meta property=\"og:type\" content=\"article\" \/>\n<meta property=\"og:title\" content=\"CX239 Black\/Black\" \/>\n<meta property=\"og:description\" content=\"Den CX239 ass d\u00e9i neiste Versioun vum Lake bel\u00e9ifste Offroad-V\u00eblosschong. D\u00ebs nei Evolutioun iwwerh\u00eblt e puer Merkmale vum erfollegr\u00e4iche CX333 an huet elo eng integr\u00e9iert Zong, d\u00e9i mat dem medialen Deel vum Uewermaterial verbonnen ass, fir m\u00e9i e festen Halt vum Fouss. Hien enth\u00e4lt och eng glasfaserverst\u00e4erkt intern Feeschtkapp fir m\u00e9i een enke S\u00ebtz, souw\u00e9i e vergr\u00e9isserten Ofstand t\u00ebscht den BOA\u00ae-Drehverschl\u00ebss fir eng besser Verdeelung vun der Spannung iwwert de ganze Schong. D\u00ebst hieft een vun hire Liblingvelosschung op e komplett neie Niveau vu Confort a Leeschtung.\" \/>\n<meta property=\"og:url\" content=\"https:\/\/bikefit.lu\/lb-lu\/product\/cx239-black-black\/\" \/>\n<meta property=\"og:site_name\" content=\"bikefit.lu\" \/>\n<meta property=\"article:modified_time\" content=\"2026-03-13T12:38:46+00:00\" \/>\n<meta property=\"og:image\" content=\"https:\/\/bikefit.lu\/wp-content\/uploads\/2025\/02\/CX239-BLK-BLK-FRNT.webp\" \/>\n\t<meta property=\"og:image:width\" content=\"1026\" \/>\n\t<meta property=\"og:image:height\" content=\"761\" \/>\n\t<meta property=\"og:image:type\" content=\"image\/webp\" \/>\n<meta name=\"twitter:card\" content=\"summary_large_image\" \/>\n<meta name=\"twitter:label1\" content=\"Availability\" \/>\n\t<meta name=\"twitter:data1\" content=\"In stock\" \/>\n<script type=\"application\/ld+json\" class=\"yoast-schema-graph\">{\"@context\":\"https:\\\/\\\/schema.org\",\"@graph\":[{\"@type\":\"WebPage\",\"@id\":\"https:\\\/\\\/bikefit.lu\\\/lb-lu\\\/product\\\/cx239-black-black\\\/\",\"url\":\"https:\\\/\\\/bikefit.lu\\\/lb-lu\\\/product\\\/cx239-black-black\\\/\",\"name\":\"CX239 Black\\\/Black - bikefit.lu\",\"isPartOf\":{\"@id\":\"https:\\\/\\\/bikefit.lu\\\/lb-lu\\\/#website\"},\"primaryImageOfPage\":{\"@id\":\"https:\\\/\\\/bikefit.lu\\\/lb-lu\\\/product\\\/cx239-black-black\\\/#primaryimage\"},\"image\":{\"@id\":\"https:\\\/\\\/bikefit.lu\\\/lb-lu\\\/product\\\/cx239-black-black\\\/#primaryimage\"},\"thumbnailUrl\":\"https:\\\/\\\/bikefit.lu\\\/wp-content\\\/uploads\\\/2025\\\/02\\\/CX239-BLK-BLK-FRNT.webp\",\"datePublished\":\"2025-02-06T13:46:09+00:00\",\"dateModified\":\"2026-03-13T12:38:46+00:00\",\"breadcrumb\":{\"@id\":\"https:\\\/\\\/bikefit.lu\\\/lb-lu\\\/product\\\/cx239-black-black\\\/#breadcrumb\"},\"inLanguage\":\"lb-LU\",\"potentialAction\":[{\"@type\":\"ReadAction\",\"target\":[\"https:\\\/\\\/bikefit.lu\\\/lb-lu\\\/product\\\/cx239-black-black\\\/\"]}]},{\"@type\":\"ImageObject\",\"inLanguage\":\"lb-LU\",\"@id\":\"https:\\\/\\\/bikefit.lu\\\/lb-lu\\\/product\\\/cx239-black-black\\\/#primaryimage\",\"url\":\"https:\\\/\\\/bikefit.lu\\\/wp-content\\\/uploads\\\/2025\\\/02\\\/CX239-BLK-BLK-FRNT.webp\",\"contentUrl\":\"https:\\\/\\\/bikefit.lu\\\/wp-content\\\/uploads\\\/2025\\\/02\\\/CX239-BLK-BLK-FRNT.webp\",\"width\":1026,\"height\":761},{\"@type\":\"BreadcrumbList\",\"@id\":\"https:\\\/\\\/bikefit.lu\\\/lb-lu\\\/product\\\/cx239-black-black\\\/#breadcrumb\",\"itemListElement\":[{\"@type\":\"ListItem\",\"position\":1,\"name\":\"Home\",\"item\":\"https:\\\/\\\/bikefit.lu\\\/lb-lu\\\/\"},{\"@type\":\"ListItem\",\"position\":2,\"name\":\"Products\",\"item\":\"https:\\\/\\\/bikefit.lu\\\/lb-lu\\\/shop\\\/\"},{\"@type\":\"ListItem\",\"position\":3,\"name\":\"CX239 Black\\\/Black\"}]},{\"@type\":\"WebSite\",\"@id\":\"https:\\\/\\\/bikefit.lu\\\/lb-lu\\\/#website\",\"url\":\"https:\\\/\\\/bikefit.lu\\\/lb-lu\\\/\",\"name\":\"bikefit.lu\",\"description\":\"IMPROVING CYCLING\",\"publisher\":{\"@id\":\"https:\\\/\\\/bikefit.lu\\\/lb-lu\\\/#\\\/schema\\\/person\\\/379af1263474d2f8cd1f41c2bd90273d\"},\"potentialAction\":[{\"@type\":\"SearchAction\",\"target\":{\"@type\":\"EntryPoint\",\"urlTemplate\":\"https:\\\/\\\/bikefit.lu\\\/lb-lu\\\/?s={search_term_string}\"},\"query-input\":{\"@type\":\"PropertyValueSpecification\",\"valueRequired\":true,\"valueName\":\"search_term_string\"}}],\"inLanguage\":\"lb-LU\"},{\"@type\":[\"Person\",\"Organization\"],\"@id\":\"https:\\\/\\\/bikefit.lu\\\/lb-lu\\\/#\\\/schema\\\/person\\\/379af1263474d2f8cd1f41c2bd90273d\",\"name\":\"Patrick Guillaume\",\"image\":{\"@type\":\"ImageObject\",\"inLanguage\":\"lb-LU\",\"@id\":\"https:\\\/\\\/bikefit.lu\\\/wp-content\\\/uploads\\\/2024\\\/12\\\/cropped-bikefit-logoURL-RGB-jpg.jpg\",\"url\":\"https:\\\/\\\/bikefit.lu\\\/wp-content\\\/uploads\\\/2024\\\/12\\\/cropped-bikefit-logoURL-RGB-jpg.jpg\",\"contentUrl\":\"https:\\\/\\\/bikefit.lu\\\/wp-content\\\/uploads\\\/2024\\\/12\\\/cropped-bikefit-logoURL-RGB-jpg.jpg\",\"width\":512,\"height\":512,\"caption\":\"Patrick Guillaume\"},\"logo\":{\"@id\":\"https:\\\/\\\/bikefit.lu\\\/wp-content\\\/uploads\\\/2024\\\/12\\\/cropped-bikefit-logoURL-RGB-jpg.jpg\"},\"sameAs\":[\"https:\\\/\\\/bikefit.lu\"],\"honorificPrefix\":\"Mr\",\"birthDate\":\"1966-11-18\",\"gender\":\"male\",\"knowsAbout\":[\"Bike-fitting\"],\"knowsLanguage\":[\"English\",\"French\",\"German\",\"Luxembourgish\"]}]}<\/script>\n<meta property=\"og:availability\" content=\"instock\" \/>\n<meta property=\"product:availability\" content=\"instock\" \/>\n<meta property=\"product:condition\" content=\"new\" \/>\n<!-- \/ Yoast SEO Premium plugin. -->","yoast_head_json":{"title":"CX239 Black\/Black - bikefit.lu","robots":{"index":"index","follow":"follow","max-snippet":"max-snippet:-1","max-image-preview":"max-image-preview:large","max-video-preview":"max-video-preview:-1"},"canonical":"https:\/\/bikefit.lu\/lb-lu\/product\/cx239-black-black\/","og_locale":"en_US","og_type":"article","og_title":"CX239 Black\/Black","og_description":"Den CX239 ass d\u00e9i neiste Versioun vum Lake bel\u00e9ifste Offroad-V\u00eblosschong. D\u00ebs nei Evolutioun iwwerh\u00eblt e puer Merkmale vum erfollegr\u00e4iche CX333 an huet elo eng integr\u00e9iert Zong, d\u00e9i mat dem medialen Deel vum Uewermaterial verbonnen ass, fir m\u00e9i e festen Halt vum Fouss. Hien enth\u00e4lt och eng glasfaserverst\u00e4erkt intern Feeschtkapp fir m\u00e9i een enke S\u00ebtz, souw\u00e9i e vergr\u00e9isserten Ofstand t\u00ebscht den BOA\u00ae-Drehverschl\u00ebss fir eng besser Verdeelung vun der Spannung iwwert de ganze Schong. D\u00ebst hieft een vun hire Liblingvelosschung op e komplett neie Niveau vu Confort a Leeschtung.","og_url":"https:\/\/bikefit.lu\/lb-lu\/product\/cx239-black-black\/","og_site_name":"bikefit.lu","article_modified_time":"2026-03-13T12:38:46+00:00","og_image":[{"width":1026,"height":761,"url":"https:\/\/bikefit.lu\/wp-content\/uploads\/2025\/02\/CX239-BLK-BLK-FRNT.webp","type":"image\/webp"}],"twitter_card":"summary_large_image","twitter_misc":{"Availability":"In stock"},"schema":{"@context":"https:\/\/schema.org","@graph":[{"@type":"WebPage","@id":"https:\/\/bikefit.lu\/lb-lu\/product\/cx239-black-black\/","url":"https:\/\/bikefit.lu\/lb-lu\/product\/cx239-black-black\/","name":"CX239 Black\/Black - bikefit.lu","isPartOf":{"@id":"https:\/\/bikefit.lu\/lb-lu\/#website"},"primaryImageOfPage":{"@id":"https:\/\/bikefit.lu\/lb-lu\/product\/cx239-black-black\/#primaryimage"},"image":{"@id":"https:\/\/bikefit.lu\/lb-lu\/product\/cx239-black-black\/#primaryimage"},"thumbnailUrl":"https:\/\/bikefit.lu\/wp-content\/uploads\/2025\/02\/CX239-BLK-BLK-FRNT.webp","datePublished":"2025-02-06T13:46:09+00:00","dateModified":"2026-03-13T12:38:46+00:00","breadcrumb":{"@id":"https:\/\/bikefit.lu\/lb-lu\/product\/cx239-black-black\/#breadcrumb"},"inLanguage":"lb-LU","potentialAction":[{"@type":"ReadAction","target":["https:\/\/bikefit.lu\/lb-lu\/product\/cx239-black-black\/"]}]},{"@type":"ImageObject","inLanguage":"lb-LU","@id":"https:\/\/bikefit.lu\/lb-lu\/product\/cx239-black-black\/#primaryimage","url":"https:\/\/bikefit.lu\/wp-content\/uploads\/2025\/02\/CX239-BLK-BLK-FRNT.webp","contentUrl":"https:\/\/bikefit.lu\/wp-content\/uploads\/2025\/02\/CX239-BLK-BLK-FRNT.webp","width":1026,"height":761},{"@type":"BreadcrumbList","@id":"https:\/\/bikefit.lu\/lb-lu\/product\/cx239-black-black\/#breadcrumb","itemListElement":[{"@type":"ListItem","position":1,"name":"Home","item":"https:\/\/bikefit.lu\/lb-lu\/"},{"@type":"ListItem","position":2,"name":"Products","item":"https:\/\/bikefit.lu\/lb-lu\/shop\/"},{"@type":"ListItem","position":3,"name":"CX239 Black\/Black"}]},{"@type":"WebSite","@id":"https:\/\/bikefit.lu\/lb-lu\/#website","url":"https:\/\/bikefit.lu\/lb-lu\/","name":"bikefit.lu","description":"IMPROVING CYCLING","publisher":{"@id":"https:\/\/bikefit.lu\/lb-lu\/#\/schema\/person\/379af1263474d2f8cd1f41c2bd90273d"},"potentialAction":[{"@type":"SearchAction","target":{"@type":"EntryPoint","urlTemplate":"https:\/\/bikefit.lu\/lb-lu\/?s={search_term_string}"},"query-input":{"@type":"PropertyValueSpecification","valueRequired":true,"valueName":"search_term_string"}}],"inLanguage":"lb-LU"},{"@type":["Person","Organization"],"@id":"https:\/\/bikefit.lu\/lb-lu\/#\/schema\/person\/379af1263474d2f8cd1f41c2bd90273d","name":"Patrick Guillaume","image":{"@type":"ImageObject","inLanguage":"lb-LU","@id":"https:\/\/bikefit.lu\/wp-content\/uploads\/2024\/12\/cropped-bikefit-logoURL-RGB-jpg.jpg","url":"https:\/\/bikefit.lu\/wp-content\/uploads\/2024\/12\/cropped-bikefit-logoURL-RGB-jpg.jpg","contentUrl":"https:\/\/bikefit.lu\/wp-content\/uploads\/2024\/12\/cropped-bikefit-logoURL-RGB-jpg.jpg","width":512,"height":512,"caption":"Patrick Guillaume"},"logo":{"@id":"https:\/\/bikefit.lu\/wp-content\/uploads\/2024\/12\/cropped-bikefit-logoURL-RGB-jpg.jpg"},"sameAs":["https:\/\/bikefit.lu"],"honorificPrefix":"Mr","birthDate":"1966-11-18","gender":"male","knowsAbout":["Bike-fitting"],"knowsLanguage":["English","French","German","Luxembourgish"]}]},"og_availability":"instock","product_availability":"instock","product_condition":"new"},"_links":{"self":[{"href":"https:\/\/bikefit.lu\/lb-lu\/wp-json\/wp\/v2\/product\/91417","targetHints":{"allow":["GET"]}}],"collection":[{"href":"https:\/\/bikefit.lu\/lb-lu\/wp-json\/wp\/v2\/product"}],"about":[{"href":"https:\/\/bikefit.lu\/lb-lu\/wp-json\/wp\/v2\/types\/product"}],"replies":[{"embeddable":true,"href":"https:\/\/bikefit.lu\/lb-lu\/wp-json\/wp\/v2\/comments?post=91417"}],"version-history":[{"count":1,"href":"https:\/\/bikefit.lu\/lb-lu\/wp-json\/wp\/v2\/product\/91417\/revisions"}],"predecessor-version":[{"id":99237,"href":"https:\/\/bikefit.lu\/lb-lu\/wp-json\/wp\/v2\/product\/91417\/revisions\/99237"}],"wp:featuredmedia":[{"embeddable":true,"href":"https:\/\/bikefit.lu\/lb-lu\/wp-json\/wp\/v2\/media\/91308"}],"wp:attachment":[{"href":"https:\/\/bikefit.lu\/lb-lu\/wp-json\/wp\/v2\/media?parent=91417"}],"wp:term":[{"taxonomy":"product_brand","embeddable":true,"href":"https:\/\/bikefit.lu\/lb-lu\/wp-json\/wp\/v2\/product_brand?post=91417"},{"taxonomy":"product_cat","embeddable":true,"href":"https:\/\/bikefit.lu\/lb-lu\/wp-json\/wp\/v2\/product_cat?post=91417"},{"taxonomy":"product_tag","embeddable":true,"href":"https:\/\/bikefit.lu\/lb-lu\/wp-json\/wp\/v2\/product_tag?post=91417"}],"curies":[{"name":"wp","href":"https:\/\/api.w.org\/{rel}","templated":true}]}}