{"id":93955,"date":"2025-02-09T07:35:16","date_gmt":"2025-02-09T06:35:16","guid":{"rendered":"https:\/\/bikefit.lu\/?post_type=product&#038;p=93955"},"modified":"2025-04-22T12:17:42","modified_gmt":"2025-04-22T10:17:42","slug":"saint","status":"publish","type":"product","link":"https:\/\/bikefit.lu\/lb-lu\/product\/saint\/","title":{"rendered":"Bisaddle Saint"},"content":{"rendered":"<p><strong>BiSaddle Saint \u2013 Maximal Upassung, optimal Leeschtung<\/strong><\/p>\n<p>De BiSaddle Saint ass fir Cyclisten entworf d\u00e9i no enger komplett personalis\u00e9ierbar Fuerpositioun sichen. S\u00e4in innovativen Upassungsmechanismus erlaabt Millimeter-pr\u00e4zis Upassung fir Drockpunkten ze minimis\u00e9ieren a Confort iwwer laang Distanzen ze maximis\u00e9ieren.<\/p>\n<p><span style=\"font-size: 10pt;\"><span style=\"font-size: 10pt;\"><strong>Haapteegenschaften<\/strong><\/span>:<\/span><\/p>\n<p><span style=\"display: inline-block; width: 15px; height: 15px; border-radius: 50%; background-color: #24beed; border: 2px solid black; color: white; text-align: center; line-height: 18px; font-size: 10pt;\">\u2714<\/span> BiSaddle baut d\u00e9i eenzeg Sedelen op der Welt d\u00e9i asellbar sinn. <strong>(PATENT\u00c9IERT)<br \/>\n<\/strong><span style=\"display: inline-block; width: 15px; height: 15px; border-radius: 50%; background-color: #24beed; border: 2px solid black; color: white; text-align: center; line-height: 18px; font-size: 10pt;\">\u2714<\/span> Ergonomesche M\u00ebttelkanal: Reduz\u00e9iert den Drock op den Dammber\u00e4ich a verbessert d\u2019Duerchbluddung.<br \/>\n<span style=\"display: inline-block; width: 15px; height: 15px; border-radius: 50%; background-color: #24beed; border: 2px solid black; color: white; text-align: center; line-height: 18px; font-size: 10pt;\">\u2714<\/span> Modul\u00e4r Form: Pr\u00e4zis Astellung am viischten an h\u00ebnneschte Ber\u00e4ich fir optimal Drockverdeelung.<br \/>\n<span style=\"display: inline-block; width: 15px; height: 15px; border-radius: 50%; background-color: #24beed; border: 2px solid black; color: white; text-align: center; line-height: 18px; font-size: 10pt;\">\u2714<\/span> Sch\u00e4umstoffd\u00e9ckt: 19 mm<br \/>\n<span style=\"display: inline-block; width: 15px; height: 15px; border-radius: 50%; background-color: #24beed; border: 2px solid black; color: white; text-align: center; line-height: 18px; font-size: 10pt;\">\u2714<\/span> All Komponent ass ersetzbar, sou datt et \u00c4re leschte Suedel k\u00e9int sinn.<\/p>\n<p>De BiSaddle Saint ass besonnesch z&#8217;empfeele fir exigent Disziplinne w\u00e9i Z\u00e4itfueren, Triathlonen an Ultra-Distanzen, wou pr\u00e4zis Upassung an dauerhafte Confort entscheedend sinn.<\/p>\n<p>\ud83d\udd27 <span style=\"font-size: 14pt;\"><strong>Optim\u00e9iert \u00c4r Positioun. Maximis\u00e9iert \u00c4r Leeschtung.<\/strong><\/span><\/p>\n<p><b>Haapteegenschaften:<\/b><\/p>\n<ul>\n<li style=\"font-weight: 400;\"><span style=\"font-weight: 400;\">Iwwerlee\u00ebne Confort am Verglach zu s\u00e4mtleche Konkurrenz-Suedelen<\/span><\/li>\n<li style=\"font-weight: 400;\"><span style=\"font-weight: 400;\">Vir m\u00e9i schmuel fir m\u00e9i Beweegungsfr\u00e4iheet fir d&#8217;Uewerschenkelen<\/span><\/li>\n<li><span style=\"font-weight: 400;\">L\u00e4ngt ass UCI-Kompatibel<\/span><\/li>\n<li style=\"font-weight: 400;\"><span style=\"font-weight: 400;\">Triathlon, Z\u00e4ifueren, e-Bike, Strooss <\/span><\/li>\n<li style=\"font-weight: 400;\"><span style=\"font-weight: 400;\">Optimal fir aerodynamesch Positioun &amp; Entlaaschtung vum Weichgewebe<\/span><\/li>\n<\/ul>\n<p><strong>Suedelgewiicht (gr.):<\/strong><\/p>\n<p>Chromoly: 378 \/ Titan: 368 \/ Carbon: 321<\/p>\n<p><strong>Suedell\u00e4ngt:<\/strong> 243 mm<\/p>\n","protected":false},"excerpt":{"rendered":"<h2><span style=\"font-size: 14pt;\"><strong>BiSaddle EXT Stealth Suedel \u2013 Upassbare Confort a Leeschtung<\/strong><\/span><\/h2>\n<p>Mat senger upassbarer S\u00ebtzkknachebreet (100-175 mm) an dem ergonomesche M\u00ebttelkanal bitt de BiSaddle Saint eng pr\u00e4zis Astellung, d\u00e9i den Drock reduz\u00e9iert an d\u2019Beckenausriichtung optimis\u00e9iert. Mat senger upassbarer S\u00ebtzkknachebreet (100-175 mm) an dem ergonomesche M\u00ebttelkanal bitt de BiSaddle Saint eng pr\u00e4zis Astellung, d\u00e9i den Drock reduz\u00e9iert an d\u2019Beckenausriichtung optimis\u00e9iert. En ass ideal fir laang Sortien, Triathlon an Z\u00e4itfueren a garant\u00e9iert maximale Confort souw\u00e9i optimal Leeschtung.<\/p>\n<p>\ud83d\udcf9 Kuckt Iech d&#8217;Funktionen un<\/p>\n<p><a href=\"https:\/\/www.youtube.com\/watch?v=f97JSjNxCpE\" target=\"_blank\" rel=\"noopener\"><br \/>\n<img fetchpriority=\"high\" decoding=\"async\" src=\"https:\/\/img.youtube.com\/vi\/f97JSjNxCpE\/hqdefault.jpg\" alt=\"Kuckt op YouTube\" width=\"560\" height=\"315\"><br \/>\n<\/a><\/p>\n<p>\ud83d\udd27 Fannt eraus, w\u00e9i een en agestallt.<\/p>\n<p><a href=\"https:\/\/www.youtube.com\/watch?v=ZWIUm6VF9wk\" target=\"_blank\" rel=\"noopener\"><img decoding=\"async\" src=\"https:\/\/img.youtube.com\/vi\/ZWIUm6VF9wk\/hqdefault.jpg\" alt=\"Adjustment video\"><\/a><\/p>\n","protected":false},"featured_media":93906,"comment_status":"closed","ping_status":"closed","template":"","meta":[],"product_brand":[],"product_cat":[4837,4770,4775,4777],"product_tag":[4986,5681,5126,5181,5180,5195],"class_list":{"0":"post-93955","1":"product","2":"type-product","3":"status-publish","4":"has-post-thumbnail","6":"product_cat-kontaktpunkt-becken-lb-lu","7":"product_cat-offroad-contact-point-pelvis-lb-lu","8":"product_cat-road-contact-point-pelvis-lb-lu","9":"product_cat-tri-tt-en-lb-lu","10":"product_tag-bisaddle-lb-lu-2","11":"product_tag-e-bike-lb-lu","12":"product_tag-road-lb-lu","13":"product_tag-triathlon-lb-lu","14":"product_tag-ultra-cycling-lb-lu","15":"product_tag-zaitfueren","16":"product_shipping_class-large-items-lb-lu","18":"first","19":"instock","20":"taxable","21":"shipping-taxable","22":"purchasable","23":"product-type-variable"},"yoast_head":"<!-- This site is optimized with the Yoast SEO Premium plugin v27.3 (Yoast SEO v27.3) - https:\/\/yoast.com\/product\/yoast-seo-premium-wordpress\/ -->\n<title>Bisaddle Saint - bikefit.lu<\/title>\n<meta name=\"robots\" content=\"index, follow, max-snippet:-1, max-image-preview:large, max-video-preview:-1\" \/>\n<link rel=\"canonical\" href=\"https:\/\/bikefit.lu\/lb-lu\/product\/saint\/\" \/>\n<meta property=\"og:locale\" content=\"en_US\" \/>\n<meta property=\"og:type\" content=\"article\" \/>\n<meta property=\"og:title\" content=\"Bisaddle Saint\" \/>\n<meta property=\"og:description\" content=\"BiSaddle EXT Stealth Suedel \u2013 Upassbare Confort a Leeschtung Mat senger upassbarer S\u00ebtzkknachebreet (100-175 mm) an dem ergonomesche M\u00ebttelkanal bitt de BiSaddle Saint eng pr\u00e4zis Astellung, d\u00e9i den Drock reduz\u00e9iert an d\u2019Beckenausriichtung optimis\u00e9iert. Mat senger upassbarer S\u00ebtzkknachebreet (100-175 mm) an dem ergonomesche M\u00ebttelkanal bitt de BiSaddle Saint eng pr\u00e4zis Astellung, d\u00e9i den Drock reduz\u00e9iert an d\u2019Beckenausriichtung optimis\u00e9iert. En ass ideal fir laang Sortien, Triathlon an Z\u00e4itfueren a garant\u00e9iert maximale Confort souw\u00e9i optimal Leeschtung. \ud83d\udcf9 Kuckt Iech d&#039;Funktionen un   \ud83d\udd27 Fannt eraus, w\u00e9i een en agestallt.\" \/>\n<meta property=\"og:url\" content=\"https:\/\/bikefit.lu\/lb-lu\/product\/saint\/\" \/>\n<meta property=\"og:site_name\" content=\"bikefit.lu\" \/>\n<meta property=\"article:modified_time\" content=\"2025-04-22T10:17:42+00:00\" \/>\n<meta property=\"og:image\" content=\"https:\/\/bikefit.lu\/wp-content\/uploads\/2025\/02\/bisaddlesquareslimtitilt-1.jpg\" \/>\n\t<meta property=\"og:image:width\" content=\"1000\" \/>\n\t<meta property=\"og:image:height\" content=\"1000\" \/>\n\t<meta property=\"og:image:type\" content=\"image\/jpeg\" \/>\n<meta name=\"twitter:card\" content=\"summary_large_image\" \/>\n<meta name=\"twitter:label1\" content=\"Availability\" \/>\n\t<meta name=\"twitter:data1\" content=\"In stock\" \/>\n<script type=\"application\/ld+json\" class=\"yoast-schema-graph\">{\"@context\":\"https:\\\/\\\/schema.org\",\"@graph\":[{\"@type\":\"WebPage\",\"@id\":\"https:\\\/\\\/bikefit.lu\\\/lb-lu\\\/product\\\/saint\\\/\",\"url\":\"https:\\\/\\\/bikefit.lu\\\/lb-lu\\\/product\\\/saint\\\/\",\"name\":\"Bisaddle Saint - bikefit.lu\",\"isPartOf\":{\"@id\":\"https:\\\/\\\/bikefit.lu\\\/lb-lu\\\/#website\"},\"primaryImageOfPage\":{\"@id\":\"https:\\\/\\\/bikefit.lu\\\/lb-lu\\\/product\\\/saint\\\/#primaryimage\"},\"image\":{\"@id\":\"https:\\\/\\\/bikefit.lu\\\/lb-lu\\\/product\\\/saint\\\/#primaryimage\"},\"thumbnailUrl\":\"https:\\\/\\\/bikefit.lu\\\/wp-content\\\/uploads\\\/2025\\\/02\\\/bisaddlesquareslimtitilt-1.jpg\",\"datePublished\":\"2025-02-09T06:35:16+00:00\",\"dateModified\":\"2025-04-22T10:17:42+00:00\",\"breadcrumb\":{\"@id\":\"https:\\\/\\\/bikefit.lu\\\/lb-lu\\\/product\\\/saint\\\/#breadcrumb\"},\"inLanguage\":\"lb-LU\",\"potentialAction\":[{\"@type\":\"ReadAction\",\"target\":[\"https:\\\/\\\/bikefit.lu\\\/lb-lu\\\/product\\\/saint\\\/\"]}]},{\"@type\":\"ImageObject\",\"inLanguage\":\"lb-LU\",\"@id\":\"https:\\\/\\\/bikefit.lu\\\/lb-lu\\\/product\\\/saint\\\/#primaryimage\",\"url\":\"https:\\\/\\\/bikefit.lu\\\/wp-content\\\/uploads\\\/2025\\\/02\\\/bisaddlesquareslimtitilt-1.jpg\",\"contentUrl\":\"https:\\\/\\\/bikefit.lu\\\/wp-content\\\/uploads\\\/2025\\\/02\\\/bisaddlesquareslimtitilt-1.jpg\",\"width\":1000,\"height\":1000},{\"@type\":\"BreadcrumbList\",\"@id\":\"https:\\\/\\\/bikefit.lu\\\/lb-lu\\\/product\\\/saint\\\/#breadcrumb\",\"itemListElement\":[{\"@type\":\"ListItem\",\"position\":1,\"name\":\"Home\",\"item\":\"https:\\\/\\\/bikefit.lu\\\/lb-lu\\\/\"},{\"@type\":\"ListItem\",\"position\":2,\"name\":\"Products\",\"item\":\"https:\\\/\\\/bikefit.lu\\\/lb-lu\\\/shop\\\/\"},{\"@type\":\"ListItem\",\"position\":3,\"name\":\"Bisaddle Saint\"}]},{\"@type\":\"WebSite\",\"@id\":\"https:\\\/\\\/bikefit.lu\\\/lb-lu\\\/#website\",\"url\":\"https:\\\/\\\/bikefit.lu\\\/lb-lu\\\/\",\"name\":\"bikefit.lu\",\"description\":\"IMPROVING CYCLING\",\"publisher\":{\"@id\":\"https:\\\/\\\/bikefit.lu\\\/lb-lu\\\/#\\\/schema\\\/person\\\/379af1263474d2f8cd1f41c2bd90273d\"},\"potentialAction\":[{\"@type\":\"SearchAction\",\"target\":{\"@type\":\"EntryPoint\",\"urlTemplate\":\"https:\\\/\\\/bikefit.lu\\\/lb-lu\\\/?s={search_term_string}\"},\"query-input\":{\"@type\":\"PropertyValueSpecification\",\"valueRequired\":true,\"valueName\":\"search_term_string\"}}],\"inLanguage\":\"lb-LU\"},{\"@type\":[\"Person\",\"Organization\"],\"@id\":\"https:\\\/\\\/bikefit.lu\\\/lb-lu\\\/#\\\/schema\\\/person\\\/379af1263474d2f8cd1f41c2bd90273d\",\"name\":\"Patrick Guillaume\",\"image\":{\"@type\":\"ImageObject\",\"inLanguage\":\"lb-LU\",\"@id\":\"https:\\\/\\\/bikefit.lu\\\/wp-content\\\/uploads\\\/2024\\\/12\\\/cropped-bikefit-logoURL-RGB-jpg.jpg\",\"url\":\"https:\\\/\\\/bikefit.lu\\\/wp-content\\\/uploads\\\/2024\\\/12\\\/cropped-bikefit-logoURL-RGB-jpg.jpg\",\"contentUrl\":\"https:\\\/\\\/bikefit.lu\\\/wp-content\\\/uploads\\\/2024\\\/12\\\/cropped-bikefit-logoURL-RGB-jpg.jpg\",\"width\":512,\"height\":512,\"caption\":\"Patrick Guillaume\"},\"logo\":{\"@id\":\"https:\\\/\\\/bikefit.lu\\\/wp-content\\\/uploads\\\/2024\\\/12\\\/cropped-bikefit-logoURL-RGB-jpg.jpg\"},\"sameAs\":[\"https:\\\/\\\/bikefit.lu\"],\"honorificPrefix\":\"Mr\",\"birthDate\":\"1966-11-18\",\"gender\":\"male\",\"knowsAbout\":[\"Bike-fitting\"],\"knowsLanguage\":[\"English\",\"French\",\"German\",\"Luxembourgish\"]}]}<\/script>\n<meta property=\"og:availability\" content=\"instock\" \/>\n<meta property=\"product:availability\" content=\"instock\" \/>\n<meta property=\"product:condition\" content=\"new\" \/>\n<!-- \/ Yoast SEO Premium plugin. -->","yoast_head_json":{"title":"Bisaddle Saint - bikefit.lu","robots":{"index":"index","follow":"follow","max-snippet":"max-snippet:-1","max-image-preview":"max-image-preview:large","max-video-preview":"max-video-preview:-1"},"canonical":"https:\/\/bikefit.lu\/lb-lu\/product\/saint\/","og_locale":"en_US","og_type":"article","og_title":"Bisaddle Saint","og_description":"BiSaddle EXT Stealth Suedel \u2013 Upassbare Confort a Leeschtung Mat senger upassbarer S\u00ebtzkknachebreet (100-175 mm) an dem ergonomesche M\u00ebttelkanal bitt de BiSaddle Saint eng pr\u00e4zis Astellung, d\u00e9i den Drock reduz\u00e9iert an d\u2019Beckenausriichtung optimis\u00e9iert. Mat senger upassbarer S\u00ebtzkknachebreet (100-175 mm) an dem ergonomesche M\u00ebttelkanal bitt de BiSaddle Saint eng pr\u00e4zis Astellung, d\u00e9i den Drock reduz\u00e9iert an d\u2019Beckenausriichtung optimis\u00e9iert. En ass ideal fir laang Sortien, Triathlon an Z\u00e4itfueren a garant\u00e9iert maximale Confort souw\u00e9i optimal Leeschtung. \ud83d\udcf9 Kuckt Iech d'Funktionen un   \ud83d\udd27 Fannt eraus, w\u00e9i een en agestallt.","og_url":"https:\/\/bikefit.lu\/lb-lu\/product\/saint\/","og_site_name":"bikefit.lu","article_modified_time":"2025-04-22T10:17:42+00:00","og_image":[{"width":1000,"height":1000,"url":"https:\/\/bikefit.lu\/wp-content\/uploads\/2025\/02\/bisaddlesquareslimtitilt-1.jpg","type":"image\/jpeg"}],"twitter_card":"summary_large_image","twitter_misc":{"Availability":"In stock"},"schema":{"@context":"https:\/\/schema.org","@graph":[{"@type":"WebPage","@id":"https:\/\/bikefit.lu\/lb-lu\/product\/saint\/","url":"https:\/\/bikefit.lu\/lb-lu\/product\/saint\/","name":"Bisaddle Saint - bikefit.lu","isPartOf":{"@id":"https:\/\/bikefit.lu\/lb-lu\/#website"},"primaryImageOfPage":{"@id":"https:\/\/bikefit.lu\/lb-lu\/product\/saint\/#primaryimage"},"image":{"@id":"https:\/\/bikefit.lu\/lb-lu\/product\/saint\/#primaryimage"},"thumbnailUrl":"https:\/\/bikefit.lu\/wp-content\/uploads\/2025\/02\/bisaddlesquareslimtitilt-1.jpg","datePublished":"2025-02-09T06:35:16+00:00","dateModified":"2025-04-22T10:17:42+00:00","breadcrumb":{"@id":"https:\/\/bikefit.lu\/lb-lu\/product\/saint\/#breadcrumb"},"inLanguage":"lb-LU","potentialAction":[{"@type":"ReadAction","target":["https:\/\/bikefit.lu\/lb-lu\/product\/saint\/"]}]},{"@type":"ImageObject","inLanguage":"lb-LU","@id":"https:\/\/bikefit.lu\/lb-lu\/product\/saint\/#primaryimage","url":"https:\/\/bikefit.lu\/wp-content\/uploads\/2025\/02\/bisaddlesquareslimtitilt-1.jpg","contentUrl":"https:\/\/bikefit.lu\/wp-content\/uploads\/2025\/02\/bisaddlesquareslimtitilt-1.jpg","width":1000,"height":1000},{"@type":"BreadcrumbList","@id":"https:\/\/bikefit.lu\/lb-lu\/product\/saint\/#breadcrumb","itemListElement":[{"@type":"ListItem","position":1,"name":"Home","item":"https:\/\/bikefit.lu\/lb-lu\/"},{"@type":"ListItem","position":2,"name":"Products","item":"https:\/\/bikefit.lu\/lb-lu\/shop\/"},{"@type":"ListItem","position":3,"name":"Bisaddle Saint"}]},{"@type":"WebSite","@id":"https:\/\/bikefit.lu\/lb-lu\/#website","url":"https:\/\/bikefit.lu\/lb-lu\/","name":"bikefit.lu","description":"IMPROVING CYCLING","publisher":{"@id":"https:\/\/bikefit.lu\/lb-lu\/#\/schema\/person\/379af1263474d2f8cd1f41c2bd90273d"},"potentialAction":[{"@type":"SearchAction","target":{"@type":"EntryPoint","urlTemplate":"https:\/\/bikefit.lu\/lb-lu\/?s={search_term_string}"},"query-input":{"@type":"PropertyValueSpecification","valueRequired":true,"valueName":"search_term_string"}}],"inLanguage":"lb-LU"},{"@type":["Person","Organization"],"@id":"https:\/\/bikefit.lu\/lb-lu\/#\/schema\/person\/379af1263474d2f8cd1f41c2bd90273d","name":"Patrick Guillaume","image":{"@type":"ImageObject","inLanguage":"lb-LU","@id":"https:\/\/bikefit.lu\/wp-content\/uploads\/2024\/12\/cropped-bikefit-logoURL-RGB-jpg.jpg","url":"https:\/\/bikefit.lu\/wp-content\/uploads\/2024\/12\/cropped-bikefit-logoURL-RGB-jpg.jpg","contentUrl":"https:\/\/bikefit.lu\/wp-content\/uploads\/2024\/12\/cropped-bikefit-logoURL-RGB-jpg.jpg","width":512,"height":512,"caption":"Patrick Guillaume"},"logo":{"@id":"https:\/\/bikefit.lu\/wp-content\/uploads\/2024\/12\/cropped-bikefit-logoURL-RGB-jpg.jpg"},"sameAs":["https:\/\/bikefit.lu"],"honorificPrefix":"Mr","birthDate":"1966-11-18","gender":"male","knowsAbout":["Bike-fitting"],"knowsLanguage":["English","French","German","Luxembourgish"]}]},"og_availability":"instock","product_availability":"instock","product_condition":"new"},"_links":{"self":[{"href":"https:\/\/bikefit.lu\/lb-lu\/wp-json\/wp\/v2\/product\/93955","targetHints":{"allow":["GET"]}}],"collection":[{"href":"https:\/\/bikefit.lu\/lb-lu\/wp-json\/wp\/v2\/product"}],"about":[{"href":"https:\/\/bikefit.lu\/lb-lu\/wp-json\/wp\/v2\/types\/product"}],"replies":[{"embeddable":true,"href":"https:\/\/bikefit.lu\/lb-lu\/wp-json\/wp\/v2\/comments?post=93955"}],"version-history":[{"count":0,"href":"https:\/\/bikefit.lu\/lb-lu\/wp-json\/wp\/v2\/product\/93955\/revisions"}],"wp:featuredmedia":[{"embeddable":true,"href":"https:\/\/bikefit.lu\/lb-lu\/wp-json\/wp\/v2\/media\/93906"}],"wp:attachment":[{"href":"https:\/\/bikefit.lu\/lb-lu\/wp-json\/wp\/v2\/media?parent=93955"}],"wp:term":[{"taxonomy":"product_brand","embeddable":true,"href":"https:\/\/bikefit.lu\/lb-lu\/wp-json\/wp\/v2\/product_brand?post=93955"},{"taxonomy":"product_cat","embeddable":true,"href":"https:\/\/bikefit.lu\/lb-lu\/wp-json\/wp\/v2\/product_cat?post=93955"},{"taxonomy":"product_tag","embeddable":true,"href":"https:\/\/bikefit.lu\/lb-lu\/wp-json\/wp\/v2\/product_tag?post=93955"}],"curies":[{"name":"wp","href":"https:\/\/api.w.org\/{rel}","templated":true}]}}