{"id":94291,"date":"2025-02-10T07:13:44","date_gmt":"2025-02-10T07:13:44","guid":{"rendered":"https:\/\/bikefit.lu\/shop\/uncategorized\/bisaddle-srt-1-0-distance\/"},"modified":"2025-02-10T07:13:44","modified_gmt":"2025-02-10T07:13:44","slug":"bisaddle-srt-1-0-distance","status":"publish","type":"product","link":"https:\/\/bikefit.lu\/lb-lu\/product\/bisaddle-srt-1-0-distance\/","title":{"rendered":"BiSaddle SRT 1.0 Distance"},"content":{"rendered":"<p><strong>BiSaddle SRT 1.0 Distance \u2013 Moossgeschneidert Passform fir Laangstreckeconfort<\/strong><\/p>\n<p>De BiSaddle SRT 1.0 Distance, konzip\u00e9iert haapts\u00e4chlech fir Langstreckefuerer an Triathleten, bitt eng komplett ajust\u00e9ierbar S\u00ebtzknachebreet (100-175 mm), d\u00e9i Iech et erlaabt, \u00c4r Passform fir optimale Confort, Stabilit\u00e9it a Kraaftiwwerdroung ze verfeineren. S\u00e4in gespl\u00e9ckten Design an den d\u00e9iwen zentralen Ausschn\u00ebtt reduz\u00e9ieren den Drock op empfindlech Gewebe, wat en ideal fir ausgedeent Sortien a fir eng aerodynamesch Positioun m\u00e9cht. <\/p>\n<p><span style=\"font-size: 10pt;\"><span style=\"font-size: 10pt;\"><strong>Haapteegenschaften<\/strong><\/span>:<\/span><\/p>\n<p><span style=\"display: inline-block; width: 15px; height: 15px; border-radius: 50%; background-color: #24beed; border: 2px solid black; color: white; text-align: center; line-height: 18px; font-size: 10pt;\">\u2714<\/span> BiSaddle baut d\u00e9i eenzeg Sedelen op der Welt d\u00e9i astellbar sinn. <strong>(PATENT\u00c9IERT)<\/strong><strong><br \/>\n<\/strong><span style=\"display: inline-block; width: 15px; height: 15px; border-radius: 50%; background-color: #24beed; border: 2px solid black; color: white; text-align: center; line-height: 18px; font-size: 10pt;\">\u2714<\/span> Ergonomeschen zentralen Ausschn\u00ebtt: Minimis\u00e9iert de perinealen Drock a verbessert d&#8217;Duerchbluddung.<br \/>\n<span style=\"display: inline-block; width: 15px; height: 15px; border-radius: 50%; background-color: #24beed; border: 2px solid black; color: white; text-align: center; line-height: 18px; font-size: 10pt;\">\u2714<\/span> Modul\u00e4r Form: Ajust\u00e9ierbar viischt a h\u00ebnneschte Sektioun fir eng personalis\u00e9iert Passform.<br \/>\n<span style=\"display: inline-block; width: 15px; height: 15px; border-radius: 50%; background-color: #24beed; border: 2px solid black; color: white; text-align: center; line-height: 18px; font-size: 10pt;\">\u2714<\/span> Sch\u00e4umstoffd\u00e9ckt: 19 mm<br \/>\n<span style=\"display: inline-block; width: 15px; height: 15px; border-radius: 50%; background-color: #24beed; border: 2px solid black; color: white; text-align: center; line-height: 18px; font-size: 10pt;\">\u2714 <\/span> All Komponent ass ersetzbar, sou datt et \u00c4re leschte Suedel k\u00e9int sinn.<\/p>\n<p>De BiSaddle SRT 1.0 Distance ass ideal fir Cyclisten, d\u00e9i e Suedel brauchen, deen sech un hir eenzegaarteg Biomechanik upasst, sief et fir d&#8217;Training,Coursen oder Langstrecken-Distanzen.<\/p>\n<p>\ud83d\udd27 <span style=\"font-size: 14pt;\"><strong>Optim\u00e9iert \u00c4r Positioun. Maximis\u00e9iert \u00c4r Leeschtung. <\/strong><\/span><\/p>\n<p><b>Haapteegenschaften:<\/b><\/p>\n<ul>\n<li data-mce-fragment=\"1\"><span data-mce-fragment=\"1\">Ideal fir Daafheetsproblemer oder Verletzungen am Genitalber\u00e4ich<\/span><\/li>\n<li style=\"font-weight: 400;\">Their shortest saddle<\/li>\n<li style=\"font-weight: 400;\"><span style=\"font-weight: 400;\">Laangdistanzsuedel<\/span><\/li>\n<li data-mce-fragment=\"1\"><span data-mce-fragment=\"1\">Perfekt fir Triathlon, Gravel a MTB<\/span><\/li>\n<li style=\"font-weight: 400;\"><span style=\"font-weight: 400;\">Optimal fir aerodynamesch Positioun &amp; Entlaaschtung vum Weichgewebe<\/span><\/li>\n<\/ul>\n<p><strong>Suedelgewiicht (gr.):<\/strong><\/p>\n<p>Chromoly: 369 \/ Titan: 358 \/ Carbon: 299<\/p>\n<p><strong>Suedell\u00e4ngt:<\/strong> 198 mm<\/p>\n","protected":false},"excerpt":{"rendered":"<p><strong>BiSaddle SRT 1.0 Distance \u2013 Moossgeschneidert Upoassung fir Laangdistanz-Confort<\/strong><\/p>\n<p>Mat anstellbarer S\u00ebtzknachebreet (100-175 mm) an engem drockentlaaschtenden zentralen Ausschn\u00ebtt garant\u00e9iert de BiSaddle SRT 1.0 Distance maximale Confort a Kraaftiwwerdroung fir Ausdauercyclisten, Triathleten an Anerer.<\/p>\n<p>\ud83d\udd27 Learn how to adjust it<\/p>\n<p><a href=\"https:\/\/www.youtube.com\/watch?v=ZWIUm6VF9wk\" target=\"_blank\" rel=\"noopener\"><img decoding=\"async\" src=\"https:\/\/img.youtube.com\/vi\/ZWIUm6VF9wk\/hqdefault.jpg\" alt=\"Adjustment video\"><\/a><\/p>\n","protected":false},"featured_media":94084,"comment_status":"closed","ping_status":"closed","template":"","meta":[],"product_brand":[],"product_cat":[4837,4770,4775,4777],"product_tag":[4986,5655,5087,5165,5181,5180],"class_list":{"0":"post-94291","1":"product","2":"type-product","3":"status-publish","4":"has-post-thumbnail","6":"product_cat-kontaktpunkt-becken-lb-lu","7":"product_cat-offroad-contact-point-pelvis-lb-lu","8":"product_cat-road-contact-point-pelvis-lb-lu","9":"product_cat-tri-tt-en-lb-lu","10":"product_tag-bisaddle-lb-lu-2","11":"product_tag-gravel-lb-lu","12":"product_tag-mtb-race-lb-lu","13":"product_tag-suedelen","14":"product_tag-triathlon-lb-lu","15":"product_tag-ultra-cycling-lb-lu","16":"product_shipping_class-large-items-lb-lu","18":"first","19":"instock","20":"taxable","21":"shipping-taxable","22":"purchasable","23":"product-type-variable"},"yoast_head":"<!-- This site is optimized with the Yoast SEO Premium plugin v27.3 (Yoast SEO v27.3) - https:\/\/yoast.com\/product\/yoast-seo-premium-wordpress\/ -->\n<title>BiSaddle SRT 1.0 Distance - bikefit.lu<\/title>\n<meta name=\"robots\" content=\"index, follow, max-snippet:-1, max-image-preview:large, max-video-preview:-1\" \/>\n<link rel=\"canonical\" href=\"https:\/\/bikefit.lu\/lb-lu\/product\/bisaddle-srt-1-0-distance\/\" \/>\n<meta property=\"og:locale\" content=\"en_US\" \/>\n<meta property=\"og:type\" content=\"article\" \/>\n<meta property=\"og:title\" content=\"BiSaddle SRT 1.0 Distance\" \/>\n<meta property=\"og:description\" content=\"BiSaddle SRT 1.0 Distance \u2013 Moossgeschneidert Upoassung fir Laangdistanz-Confort Mat anstellbarer S\u00ebtzknachebreet (100-175 mm) an engem drockentlaaschtenden zentralen Ausschn\u00ebtt garant\u00e9iert de BiSaddle SRT 1.0 Distance maximale Confort a Kraaftiwwerdroung fir Ausdauercyclisten, Triathleten an Anerer. \ud83d\udd27 Learn how to adjust it\" \/>\n<meta property=\"og:url\" content=\"https:\/\/bikefit.lu\/lb-lu\/product\/bisaddle-srt-1-0-distance\/\" \/>\n<meta property=\"og:site_name\" content=\"bikefit.lu\" \/>\n<meta property=\"og:image\" content=\"https:\/\/bikefit.lu\/wp-content\/uploads\/2025\/02\/bisaddle_srt-1.0-side-front-2.jpg\" \/>\n\t<meta property=\"og:image:width\" content=\"1000\" \/>\n\t<meta property=\"og:image:height\" content=\"1000\" \/>\n\t<meta property=\"og:image:type\" content=\"image\/jpeg\" \/>\n<meta name=\"twitter:card\" content=\"summary_large_image\" \/>\n<meta name=\"twitter:label1\" content=\"Availability\" \/>\n\t<meta name=\"twitter:data1\" content=\"In stock\" \/>\n<script type=\"application\/ld+json\" class=\"yoast-schema-graph\">{\"@context\":\"https:\\\/\\\/schema.org\",\"@graph\":[{\"@type\":\"WebPage\",\"@id\":\"https:\\\/\\\/bikefit.lu\\\/lb-lu\\\/product\\\/bisaddle-srt-1-0-distance\\\/\",\"url\":\"https:\\\/\\\/bikefit.lu\\\/lb-lu\\\/product\\\/bisaddle-srt-1-0-distance\\\/\",\"name\":\"BiSaddle SRT 1.0 Distance - bikefit.lu\",\"isPartOf\":{\"@id\":\"https:\\\/\\\/bikefit.lu\\\/lb-lu\\\/#website\"},\"primaryImageOfPage\":{\"@id\":\"https:\\\/\\\/bikefit.lu\\\/lb-lu\\\/product\\\/bisaddle-srt-1-0-distance\\\/#primaryimage\"},\"image\":{\"@id\":\"https:\\\/\\\/bikefit.lu\\\/lb-lu\\\/product\\\/bisaddle-srt-1-0-distance\\\/#primaryimage\"},\"thumbnailUrl\":\"https:\\\/\\\/bikefit.lu\\\/wp-content\\\/uploads\\\/2025\\\/02\\\/bisaddle_srt-1.0-side-front-2.jpg\",\"datePublished\":\"2025-02-10T07:13:44+00:00\",\"breadcrumb\":{\"@id\":\"https:\\\/\\\/bikefit.lu\\\/lb-lu\\\/product\\\/bisaddle-srt-1-0-distance\\\/#breadcrumb\"},\"inLanguage\":\"lb-LU\",\"potentialAction\":[{\"@type\":\"ReadAction\",\"target\":[\"https:\\\/\\\/bikefit.lu\\\/lb-lu\\\/product\\\/bisaddle-srt-1-0-distance\\\/\"]}]},{\"@type\":\"ImageObject\",\"inLanguage\":\"lb-LU\",\"@id\":\"https:\\\/\\\/bikefit.lu\\\/lb-lu\\\/product\\\/bisaddle-srt-1-0-distance\\\/#primaryimage\",\"url\":\"https:\\\/\\\/bikefit.lu\\\/wp-content\\\/uploads\\\/2025\\\/02\\\/bisaddle_srt-1.0-side-front-2.jpg\",\"contentUrl\":\"https:\\\/\\\/bikefit.lu\\\/wp-content\\\/uploads\\\/2025\\\/02\\\/bisaddle_srt-1.0-side-front-2.jpg\",\"width\":1000,\"height\":1000},{\"@type\":\"BreadcrumbList\",\"@id\":\"https:\\\/\\\/bikefit.lu\\\/lb-lu\\\/product\\\/bisaddle-srt-1-0-distance\\\/#breadcrumb\",\"itemListElement\":[{\"@type\":\"ListItem\",\"position\":1,\"name\":\"Home\",\"item\":\"https:\\\/\\\/bikefit.lu\\\/lb-lu\\\/\"},{\"@type\":\"ListItem\",\"position\":2,\"name\":\"Products\",\"item\":\"https:\\\/\\\/bikefit.lu\\\/lb-lu\\\/shop\\\/\"},{\"@type\":\"ListItem\",\"position\":3,\"name\":\"BiSaddle SRT 1.0 Distance\"}]},{\"@type\":\"WebSite\",\"@id\":\"https:\\\/\\\/bikefit.lu\\\/lb-lu\\\/#website\",\"url\":\"https:\\\/\\\/bikefit.lu\\\/lb-lu\\\/\",\"name\":\"bikefit.lu\",\"description\":\"IMPROVING CYCLING\",\"publisher\":{\"@id\":\"https:\\\/\\\/bikefit.lu\\\/lb-lu\\\/#\\\/schema\\\/person\\\/379af1263474d2f8cd1f41c2bd90273d\"},\"potentialAction\":[{\"@type\":\"SearchAction\",\"target\":{\"@type\":\"EntryPoint\",\"urlTemplate\":\"https:\\\/\\\/bikefit.lu\\\/lb-lu\\\/?s={search_term_string}\"},\"query-input\":{\"@type\":\"PropertyValueSpecification\",\"valueRequired\":true,\"valueName\":\"search_term_string\"}}],\"inLanguage\":\"lb-LU\"},{\"@type\":[\"Person\",\"Organization\"],\"@id\":\"https:\\\/\\\/bikefit.lu\\\/lb-lu\\\/#\\\/schema\\\/person\\\/379af1263474d2f8cd1f41c2bd90273d\",\"name\":\"Patrick Guillaume\",\"image\":{\"@type\":\"ImageObject\",\"inLanguage\":\"lb-LU\",\"@id\":\"https:\\\/\\\/bikefit.lu\\\/wp-content\\\/uploads\\\/2024\\\/12\\\/cropped-bikefit-logoURL-RGB-jpg.jpg\",\"url\":\"https:\\\/\\\/bikefit.lu\\\/wp-content\\\/uploads\\\/2024\\\/12\\\/cropped-bikefit-logoURL-RGB-jpg.jpg\",\"contentUrl\":\"https:\\\/\\\/bikefit.lu\\\/wp-content\\\/uploads\\\/2024\\\/12\\\/cropped-bikefit-logoURL-RGB-jpg.jpg\",\"width\":512,\"height\":512,\"caption\":\"Patrick Guillaume\"},\"logo\":{\"@id\":\"https:\\\/\\\/bikefit.lu\\\/wp-content\\\/uploads\\\/2024\\\/12\\\/cropped-bikefit-logoURL-RGB-jpg.jpg\"},\"sameAs\":[\"https:\\\/\\\/bikefit.lu\"],\"honorificPrefix\":\"Mr\",\"birthDate\":\"1966-11-18\",\"gender\":\"male\",\"knowsAbout\":[\"Bike-fitting\"],\"knowsLanguage\":[\"English\",\"French\",\"German\",\"Luxembourgish\"]}]}<\/script>\n<meta property=\"og:availability\" content=\"instock\" \/>\n<meta property=\"product:availability\" content=\"instock\" \/>\n<meta property=\"product:condition\" content=\"new\" \/>\n<!-- \/ Yoast SEO Premium plugin. -->","yoast_head_json":{"title":"BiSaddle SRT 1.0 Distance - bikefit.lu","robots":{"index":"index","follow":"follow","max-snippet":"max-snippet:-1","max-image-preview":"max-image-preview:large","max-video-preview":"max-video-preview:-1"},"canonical":"https:\/\/bikefit.lu\/lb-lu\/product\/bisaddle-srt-1-0-distance\/","og_locale":"en_US","og_type":"article","og_title":"BiSaddle SRT 1.0 Distance","og_description":"BiSaddle SRT 1.0 Distance \u2013 Moossgeschneidert Upoassung fir Laangdistanz-Confort Mat anstellbarer S\u00ebtzknachebreet (100-175 mm) an engem drockentlaaschtenden zentralen Ausschn\u00ebtt garant\u00e9iert de BiSaddle SRT 1.0 Distance maximale Confort a Kraaftiwwerdroung fir Ausdauercyclisten, Triathleten an Anerer. \ud83d\udd27 Learn how to adjust it","og_url":"https:\/\/bikefit.lu\/lb-lu\/product\/bisaddle-srt-1-0-distance\/","og_site_name":"bikefit.lu","og_image":[{"width":1000,"height":1000,"url":"https:\/\/bikefit.lu\/wp-content\/uploads\/2025\/02\/bisaddle_srt-1.0-side-front-2.jpg","type":"image\/jpeg"}],"twitter_card":"summary_large_image","twitter_misc":{"Availability":"In stock"},"schema":{"@context":"https:\/\/schema.org","@graph":[{"@type":"WebPage","@id":"https:\/\/bikefit.lu\/lb-lu\/product\/bisaddle-srt-1-0-distance\/","url":"https:\/\/bikefit.lu\/lb-lu\/product\/bisaddle-srt-1-0-distance\/","name":"BiSaddle SRT 1.0 Distance - bikefit.lu","isPartOf":{"@id":"https:\/\/bikefit.lu\/lb-lu\/#website"},"primaryImageOfPage":{"@id":"https:\/\/bikefit.lu\/lb-lu\/product\/bisaddle-srt-1-0-distance\/#primaryimage"},"image":{"@id":"https:\/\/bikefit.lu\/lb-lu\/product\/bisaddle-srt-1-0-distance\/#primaryimage"},"thumbnailUrl":"https:\/\/bikefit.lu\/wp-content\/uploads\/2025\/02\/bisaddle_srt-1.0-side-front-2.jpg","datePublished":"2025-02-10T07:13:44+00:00","breadcrumb":{"@id":"https:\/\/bikefit.lu\/lb-lu\/product\/bisaddle-srt-1-0-distance\/#breadcrumb"},"inLanguage":"lb-LU","potentialAction":[{"@type":"ReadAction","target":["https:\/\/bikefit.lu\/lb-lu\/product\/bisaddle-srt-1-0-distance\/"]}]},{"@type":"ImageObject","inLanguage":"lb-LU","@id":"https:\/\/bikefit.lu\/lb-lu\/product\/bisaddle-srt-1-0-distance\/#primaryimage","url":"https:\/\/bikefit.lu\/wp-content\/uploads\/2025\/02\/bisaddle_srt-1.0-side-front-2.jpg","contentUrl":"https:\/\/bikefit.lu\/wp-content\/uploads\/2025\/02\/bisaddle_srt-1.0-side-front-2.jpg","width":1000,"height":1000},{"@type":"BreadcrumbList","@id":"https:\/\/bikefit.lu\/lb-lu\/product\/bisaddle-srt-1-0-distance\/#breadcrumb","itemListElement":[{"@type":"ListItem","position":1,"name":"Home","item":"https:\/\/bikefit.lu\/lb-lu\/"},{"@type":"ListItem","position":2,"name":"Products","item":"https:\/\/bikefit.lu\/lb-lu\/shop\/"},{"@type":"ListItem","position":3,"name":"BiSaddle SRT 1.0 Distance"}]},{"@type":"WebSite","@id":"https:\/\/bikefit.lu\/lb-lu\/#website","url":"https:\/\/bikefit.lu\/lb-lu\/","name":"bikefit.lu","description":"IMPROVING CYCLING","publisher":{"@id":"https:\/\/bikefit.lu\/lb-lu\/#\/schema\/person\/379af1263474d2f8cd1f41c2bd90273d"},"potentialAction":[{"@type":"SearchAction","target":{"@type":"EntryPoint","urlTemplate":"https:\/\/bikefit.lu\/lb-lu\/?s={search_term_string}"},"query-input":{"@type":"PropertyValueSpecification","valueRequired":true,"valueName":"search_term_string"}}],"inLanguage":"lb-LU"},{"@type":["Person","Organization"],"@id":"https:\/\/bikefit.lu\/lb-lu\/#\/schema\/person\/379af1263474d2f8cd1f41c2bd90273d","name":"Patrick Guillaume","image":{"@type":"ImageObject","inLanguage":"lb-LU","@id":"https:\/\/bikefit.lu\/wp-content\/uploads\/2024\/12\/cropped-bikefit-logoURL-RGB-jpg.jpg","url":"https:\/\/bikefit.lu\/wp-content\/uploads\/2024\/12\/cropped-bikefit-logoURL-RGB-jpg.jpg","contentUrl":"https:\/\/bikefit.lu\/wp-content\/uploads\/2024\/12\/cropped-bikefit-logoURL-RGB-jpg.jpg","width":512,"height":512,"caption":"Patrick Guillaume"},"logo":{"@id":"https:\/\/bikefit.lu\/wp-content\/uploads\/2024\/12\/cropped-bikefit-logoURL-RGB-jpg.jpg"},"sameAs":["https:\/\/bikefit.lu"],"honorificPrefix":"Mr","birthDate":"1966-11-18","gender":"male","knowsAbout":["Bike-fitting"],"knowsLanguage":["English","French","German","Luxembourgish"]}]},"og_availability":"instock","product_availability":"instock","product_condition":"new"},"_links":{"self":[{"href":"https:\/\/bikefit.lu\/lb-lu\/wp-json\/wp\/v2\/product\/94291","targetHints":{"allow":["GET"]}}],"collection":[{"href":"https:\/\/bikefit.lu\/lb-lu\/wp-json\/wp\/v2\/product"}],"about":[{"href":"https:\/\/bikefit.lu\/lb-lu\/wp-json\/wp\/v2\/types\/product"}],"replies":[{"embeddable":true,"href":"https:\/\/bikefit.lu\/lb-lu\/wp-json\/wp\/v2\/comments?post=94291"}],"version-history":[{"count":0,"href":"https:\/\/bikefit.lu\/lb-lu\/wp-json\/wp\/v2\/product\/94291\/revisions"}],"wp:featuredmedia":[{"embeddable":true,"href":"https:\/\/bikefit.lu\/lb-lu\/wp-json\/wp\/v2\/media\/94084"}],"wp:attachment":[{"href":"https:\/\/bikefit.lu\/lb-lu\/wp-json\/wp\/v2\/media?parent=94291"}],"wp:term":[{"taxonomy":"product_brand","embeddable":true,"href":"https:\/\/bikefit.lu\/lb-lu\/wp-json\/wp\/v2\/product_brand?post=94291"},{"taxonomy":"product_cat","embeddable":true,"href":"https:\/\/bikefit.lu\/lb-lu\/wp-json\/wp\/v2\/product_cat?post=94291"},{"taxonomy":"product_tag","embeddable":true,"href":"https:\/\/bikefit.lu\/lb-lu\/wp-json\/wp\/v2\/product_tag?post=94291"}],"curies":[{"name":"wp","href":"https:\/\/api.w.org\/{rel}","templated":true}]}}