{"id":94307,"date":"2025-02-09T14:17:37","date_gmt":"2025-02-09T14:17:37","guid":{"rendered":"https:\/\/bikefit.lu\/shop\/uncategorized\/bisaddle-ext-sprint-road\/"},"modified":"2025-02-09T14:17:37","modified_gmt":"2025-02-09T14:17:37","slug":"bisaddle-ext-sprint-road","status":"publish","type":"product","link":"https:\/\/bikefit.lu\/lb-lu\/product\/bisaddle-ext-sprint-road\/","title":{"rendered":"Bisaddle EXT Sprint Road"},"content":{"rendered":"<p><strong>BiSaddle EXT Sprint Road \u2013 Upassbare Confort a Leeschtung<\/strong><\/p>\n<p>Konzip\u00e9iert fir Cyclisten, d\u00e9i eng vollst\u00e4nneg upassbar Positioun verlaangen, defin\u00e9iert d&#8217;Suedelergonomie nei. S\u00e4in innovativen Design erlaabt eng moossgeschneidert Passform, d\u00e9i eng optimal Drockverdeelung a maximale Confort selwer bei laange Sorti\u00eb garant\u00e9iert. <\/p>\n<p><span style=\"font-size: 10pt;\"><span style=\"font-size: 10pt;\"><strong>Haapteegenschaften<\/strong><\/span>:<\/span><\/p>\n<p><span style=\"display: inline-block; width: 15px; height: 15px; border-radius: 50%; background-color: #24beed; border: 2px solid black; color: white; text-align: center; line-height: 18px; font-size: 10pt;\">\u2714<\/span> BiSaddle baut d\u00e9i eenzeg Sedelen op der Welt d\u00e9i asellbar sinn. <strong>(PATENT\u00c9IERT)<br \/>\n<\/strong><span style=\"display: inline-block; width: 15px; height: 15px; border-radius: 50%; background-color: #24beed; border: 2px solid black; color: white; text-align: center; line-height: 18px; font-size: 10pt;\">\u2714<\/span> Ergonomesche M\u00ebttelkanal: Reduz\u00e9iert den Drock op den Dammber\u00e4ich a verbessert d\u2019Duerchbluddung.<br \/>\n<span style=\"display: inline-block; width: 15px; height: 15px; border-radius: 50%; background-color: #24beed; border: 2px solid black; color: white; text-align: center; line-height: 18px; font-size: 10pt;\">\u2714<\/span> Modul\u00e4ren Design: Pr\u00e4zis Astellung am viischten an h\u00ebnneschte Ber\u00e4ich fir optimal Drockverdeelung.<br \/>\n<span style=\"display: inline-block; width: 15px; height: 15px; border-radius: 50%; background-color: #24beed; border: 2px solid black; color: white; text-align: center; line-height: 18px; font-size: 10pt;\">\u2714<\/span> Sch\u00e4umd\u00e9ckt: 26 mm<br \/>\n<span style=\"display: inline-block; width: 15px; height: 15px; border-radius: 50%; background-color: #24beed; border: 2px solid black; color: white; text-align: center; line-height: 18px; font-size: 10pt;\">\u2714<\/span> All Komponent ass ersetzbar, sou datt et \u00c4re leschte Suedel k\u00e9int sinn.<\/p>\n<p>De BiSaddle EXT Sprint Road ass ideal fir Cyclisten, d\u00e9i d&#8217;ultimativ Balance t\u00ebscht Confort a Leeschtung sichen, sief et fir d&#8217;Training oder Coursen.<\/p>\n<p>\ud83d\udd27 <span style=\"font-size: 14pt;\"><strong>Optim\u00e9iert \u00c4r Positioun. Maximis\u00e9iert \u00c4r Leeschtung. <\/strong><\/span><\/p>\n<p><b>Haapteegenschaften:<\/b><\/p>\n<ul>\n<li style=\"font-weight: 400;\"><span style=\"font-weight: 400;\">Manner Uewerschenkelreiwung<\/span><\/li>\n<li style=\"font-weight: 400;\"><span style=\"font-weight: 400;\">L\u00e4ngt ass UCI-Kompatibel<\/span><\/li>\n<li style=\"font-weight: 400;\"><span style=\"font-weight: 400;\">Triathlon, Z\u00e4ifueren, e-Bike, Strooss <\/span><\/li>\n<li style=\"font-weight: 400;\"><span style=\"font-weight: 400;\">Optimal fir aerodynamesch Positioun &amp; Entlaaschtung vum Weichgewebe<\/span><\/li>\n<\/ul>\n<p><strong>Suedelgewiicht (gr.):<\/strong><\/p>\n<p>Chromoly: 440 \/ Titan: 429 \/ Carbon: 391<\/p>\n<p><strong>Suedell\u00e4ngt:<\/strong> 243 mm<\/p>\n","protected":false},"excerpt":{"rendered":"<h2><span style=\"font-size: 14pt;\"><strong>BiSaddle EXT Sprint Road &#8211; Upasspare Comfort a Leeschtung<\/strong><\/span><\/h2>\n<p>Mat senger upassbarer S\u00ebtzkknachebreet (100-175 mm) an dem ergonomesche M\u00ebttelkanal bitt de BiSaddle EXT Sprunt pr\u00e4zis Astellung, d\u00e9i den Drock reduz\u00e9iert an d\u2019Beckenausriichtung optimis\u00e9iert. En ass ideal fir laang Sortien, Triathlon an Z\u00e4itfueren a garant\u00e9iert maximale Confort souw\u00e9i optimal Leeschtung. <\/p>\n<p>\ud83d\udd27 Fannt eraus, w\u00e9i een en agestallt.<\/p>\n<p><a href=\"https:\/\/www.youtube.com\/watch?v=ZWIUm6VF9wk\" target=\"_blank\" rel=\"noopener\"><img decoding=\"async\" src=\"https:\/\/img.youtube.com\/vi\/ZWIUm6VF9wk\/hqdefault.jpg\" alt=\"Adjustment video\"><\/a><\/p>\n","protected":false},"featured_media":94008,"comment_status":"closed","ping_status":"closed","template":"","meta":[],"product_brand":[],"product_cat":[4837,4770,4775,4777],"product_tag":[4986,5681,5087,5126,5165,5181,5180,5195],"class_list":{"0":"post-94307","1":"product","2":"type-product","3":"status-publish","4":"has-post-thumbnail","6":"product_cat-kontaktpunkt-becken-lb-lu","7":"product_cat-offroad-contact-point-pelvis-lb-lu","8":"product_cat-road-contact-point-pelvis-lb-lu","9":"product_cat-tri-tt-en-lb-lu","10":"product_tag-bisaddle-lb-lu-2","11":"product_tag-e-bike-lb-lu","12":"product_tag-mtb-race-lb-lu","13":"product_tag-road-lb-lu","14":"product_tag-suedelen","15":"product_tag-triathlon-lb-lu","16":"product_tag-ultra-cycling-lb-lu","17":"product_tag-zaitfueren","18":"product_shipping_class-large-items-lb-lu","20":"first","21":"instock","22":"taxable","23":"shipping-taxable","24":"purchasable","25":"product-type-variable"},"yoast_head":"<!-- This site is optimized with the Yoast SEO Premium plugin v27.3 (Yoast SEO v27.3) - https:\/\/yoast.com\/product\/yoast-seo-premium-wordpress\/ -->\n<title>Bisaddle EXT Sprint Road - bikefit.lu<\/title>\n<meta name=\"robots\" content=\"index, follow, max-snippet:-1, max-image-preview:large, max-video-preview:-1\" \/>\n<link rel=\"canonical\" href=\"https:\/\/bikefit.lu\/lb-lu\/product\/bisaddle-ext-sprint-road\/\" \/>\n<meta property=\"og:locale\" content=\"en_US\" \/>\n<meta property=\"og:type\" content=\"article\" \/>\n<meta property=\"og:title\" content=\"Bisaddle EXT Sprint Road\" \/>\n<meta property=\"og:description\" content=\"BiSaddle EXT Sprint Road - Upasspare Comfort a Leeschtung Mat senger upassbarer S\u00ebtzkknachebreet (100-175 mm) an dem ergonomesche M\u00ebttelkanal bitt de BiSaddle EXT Sprunt pr\u00e4zis Astellung, d\u00e9i den Drock reduz\u00e9iert an d\u2019Beckenausriichtung optimis\u00e9iert. En ass ideal fir laang Sortien, Triathlon an Z\u00e4itfueren a garant\u00e9iert maximale Confort souw\u00e9i optimal Leeschtung.  \ud83d\udd27 Fannt eraus, w\u00e9i een en agestallt.\" \/>\n<meta property=\"og:url\" content=\"https:\/\/bikefit.lu\/lb-lu\/product\/bisaddle-ext-sprint-road\/\" \/>\n<meta property=\"og:site_name\" content=\"bikefit.lu\" \/>\n<meta property=\"og:image\" content=\"https:\/\/bikefit.lu\/wp-content\/uploads\/2025\/02\/bisaddle-sprint-titanium.jpg\" \/>\n\t<meta property=\"og:image:width\" content=\"1000\" \/>\n\t<meta property=\"og:image:height\" content=\"1000\" \/>\n\t<meta property=\"og:image:type\" content=\"image\/jpeg\" \/>\n<meta name=\"twitter:card\" content=\"summary_large_image\" \/>\n<meta name=\"twitter:label1\" content=\"Availability\" \/>\n\t<meta name=\"twitter:data1\" content=\"In stock\" \/>\n<script type=\"application\/ld+json\" class=\"yoast-schema-graph\">{\"@context\":\"https:\\\/\\\/schema.org\",\"@graph\":[{\"@type\":\"WebPage\",\"@id\":\"https:\\\/\\\/bikefit.lu\\\/lb-lu\\\/product\\\/bisaddle-ext-sprint-road\\\/\",\"url\":\"https:\\\/\\\/bikefit.lu\\\/lb-lu\\\/product\\\/bisaddle-ext-sprint-road\\\/\",\"name\":\"Bisaddle EXT Sprint Road - bikefit.lu\",\"isPartOf\":{\"@id\":\"https:\\\/\\\/bikefit.lu\\\/lb-lu\\\/#website\"},\"primaryImageOfPage\":{\"@id\":\"https:\\\/\\\/bikefit.lu\\\/lb-lu\\\/product\\\/bisaddle-ext-sprint-road\\\/#primaryimage\"},\"image\":{\"@id\":\"https:\\\/\\\/bikefit.lu\\\/lb-lu\\\/product\\\/bisaddle-ext-sprint-road\\\/#primaryimage\"},\"thumbnailUrl\":\"https:\\\/\\\/bikefit.lu\\\/wp-content\\\/uploads\\\/2025\\\/02\\\/bisaddle-sprint-titanium.jpg\",\"datePublished\":\"2025-02-09T14:17:37+00:00\",\"breadcrumb\":{\"@id\":\"https:\\\/\\\/bikefit.lu\\\/lb-lu\\\/product\\\/bisaddle-ext-sprint-road\\\/#breadcrumb\"},\"inLanguage\":\"lb-LU\",\"potentialAction\":[{\"@type\":\"ReadAction\",\"target\":[\"https:\\\/\\\/bikefit.lu\\\/lb-lu\\\/product\\\/bisaddle-ext-sprint-road\\\/\"]}]},{\"@type\":\"ImageObject\",\"inLanguage\":\"lb-LU\",\"@id\":\"https:\\\/\\\/bikefit.lu\\\/lb-lu\\\/product\\\/bisaddle-ext-sprint-road\\\/#primaryimage\",\"url\":\"https:\\\/\\\/bikefit.lu\\\/wp-content\\\/uploads\\\/2025\\\/02\\\/bisaddle-sprint-titanium.jpg\",\"contentUrl\":\"https:\\\/\\\/bikefit.lu\\\/wp-content\\\/uploads\\\/2025\\\/02\\\/bisaddle-sprint-titanium.jpg\",\"width\":1000,\"height\":1000},{\"@type\":\"BreadcrumbList\",\"@id\":\"https:\\\/\\\/bikefit.lu\\\/lb-lu\\\/product\\\/bisaddle-ext-sprint-road\\\/#breadcrumb\",\"itemListElement\":[{\"@type\":\"ListItem\",\"position\":1,\"name\":\"Home\",\"item\":\"https:\\\/\\\/bikefit.lu\\\/lb-lu\\\/\"},{\"@type\":\"ListItem\",\"position\":2,\"name\":\"Products\",\"item\":\"https:\\\/\\\/bikefit.lu\\\/lb-lu\\\/shop\\\/\"},{\"@type\":\"ListItem\",\"position\":3,\"name\":\"Bisaddle EXT Sprint Road\"}]},{\"@type\":\"WebSite\",\"@id\":\"https:\\\/\\\/bikefit.lu\\\/lb-lu\\\/#website\",\"url\":\"https:\\\/\\\/bikefit.lu\\\/lb-lu\\\/\",\"name\":\"bikefit.lu\",\"description\":\"IMPROVING CYCLING\",\"publisher\":{\"@id\":\"https:\\\/\\\/bikefit.lu\\\/lb-lu\\\/#\\\/schema\\\/person\\\/379af1263474d2f8cd1f41c2bd90273d\"},\"potentialAction\":[{\"@type\":\"SearchAction\",\"target\":{\"@type\":\"EntryPoint\",\"urlTemplate\":\"https:\\\/\\\/bikefit.lu\\\/lb-lu\\\/?s={search_term_string}\"},\"query-input\":{\"@type\":\"PropertyValueSpecification\",\"valueRequired\":true,\"valueName\":\"search_term_string\"}}],\"inLanguage\":\"lb-LU\"},{\"@type\":[\"Person\",\"Organization\"],\"@id\":\"https:\\\/\\\/bikefit.lu\\\/lb-lu\\\/#\\\/schema\\\/person\\\/379af1263474d2f8cd1f41c2bd90273d\",\"name\":\"Patrick Guillaume\",\"image\":{\"@type\":\"ImageObject\",\"inLanguage\":\"lb-LU\",\"@id\":\"https:\\\/\\\/bikefit.lu\\\/wp-content\\\/uploads\\\/2024\\\/12\\\/cropped-bikefit-logoURL-RGB-jpg.jpg\",\"url\":\"https:\\\/\\\/bikefit.lu\\\/wp-content\\\/uploads\\\/2024\\\/12\\\/cropped-bikefit-logoURL-RGB-jpg.jpg\",\"contentUrl\":\"https:\\\/\\\/bikefit.lu\\\/wp-content\\\/uploads\\\/2024\\\/12\\\/cropped-bikefit-logoURL-RGB-jpg.jpg\",\"width\":512,\"height\":512,\"caption\":\"Patrick Guillaume\"},\"logo\":{\"@id\":\"https:\\\/\\\/bikefit.lu\\\/wp-content\\\/uploads\\\/2024\\\/12\\\/cropped-bikefit-logoURL-RGB-jpg.jpg\"},\"sameAs\":[\"https:\\\/\\\/bikefit.lu\"],\"honorificPrefix\":\"Mr\",\"birthDate\":\"1966-11-18\",\"gender\":\"male\",\"knowsAbout\":[\"Bike-fitting\"],\"knowsLanguage\":[\"English\",\"French\",\"German\",\"Luxembourgish\"]}]}<\/script>\n<meta property=\"og:availability\" content=\"instock\" \/>\n<meta property=\"product:availability\" content=\"instock\" \/>\n<meta property=\"product:condition\" content=\"new\" \/>\n<!-- \/ Yoast SEO Premium plugin. -->","yoast_head_json":{"title":"Bisaddle EXT Sprint Road - bikefit.lu","robots":{"index":"index","follow":"follow","max-snippet":"max-snippet:-1","max-image-preview":"max-image-preview:large","max-video-preview":"max-video-preview:-1"},"canonical":"https:\/\/bikefit.lu\/lb-lu\/product\/bisaddle-ext-sprint-road\/","og_locale":"en_US","og_type":"article","og_title":"Bisaddle EXT Sprint Road","og_description":"BiSaddle EXT Sprint Road - Upasspare Comfort a Leeschtung Mat senger upassbarer S\u00ebtzkknachebreet (100-175 mm) an dem ergonomesche M\u00ebttelkanal bitt de BiSaddle EXT Sprunt pr\u00e4zis Astellung, d\u00e9i den Drock reduz\u00e9iert an d\u2019Beckenausriichtung optimis\u00e9iert. En ass ideal fir laang Sortien, Triathlon an Z\u00e4itfueren a garant\u00e9iert maximale Confort souw\u00e9i optimal Leeschtung.  \ud83d\udd27 Fannt eraus, w\u00e9i een en agestallt.","og_url":"https:\/\/bikefit.lu\/lb-lu\/product\/bisaddle-ext-sprint-road\/","og_site_name":"bikefit.lu","og_image":[{"width":1000,"height":1000,"url":"https:\/\/bikefit.lu\/wp-content\/uploads\/2025\/02\/bisaddle-sprint-titanium.jpg","type":"image\/jpeg"}],"twitter_card":"summary_large_image","twitter_misc":{"Availability":"In stock"},"schema":{"@context":"https:\/\/schema.org","@graph":[{"@type":"WebPage","@id":"https:\/\/bikefit.lu\/lb-lu\/product\/bisaddle-ext-sprint-road\/","url":"https:\/\/bikefit.lu\/lb-lu\/product\/bisaddle-ext-sprint-road\/","name":"Bisaddle EXT Sprint Road - bikefit.lu","isPartOf":{"@id":"https:\/\/bikefit.lu\/lb-lu\/#website"},"primaryImageOfPage":{"@id":"https:\/\/bikefit.lu\/lb-lu\/product\/bisaddle-ext-sprint-road\/#primaryimage"},"image":{"@id":"https:\/\/bikefit.lu\/lb-lu\/product\/bisaddle-ext-sprint-road\/#primaryimage"},"thumbnailUrl":"https:\/\/bikefit.lu\/wp-content\/uploads\/2025\/02\/bisaddle-sprint-titanium.jpg","datePublished":"2025-02-09T14:17:37+00:00","breadcrumb":{"@id":"https:\/\/bikefit.lu\/lb-lu\/product\/bisaddle-ext-sprint-road\/#breadcrumb"},"inLanguage":"lb-LU","potentialAction":[{"@type":"ReadAction","target":["https:\/\/bikefit.lu\/lb-lu\/product\/bisaddle-ext-sprint-road\/"]}]},{"@type":"ImageObject","inLanguage":"lb-LU","@id":"https:\/\/bikefit.lu\/lb-lu\/product\/bisaddle-ext-sprint-road\/#primaryimage","url":"https:\/\/bikefit.lu\/wp-content\/uploads\/2025\/02\/bisaddle-sprint-titanium.jpg","contentUrl":"https:\/\/bikefit.lu\/wp-content\/uploads\/2025\/02\/bisaddle-sprint-titanium.jpg","width":1000,"height":1000},{"@type":"BreadcrumbList","@id":"https:\/\/bikefit.lu\/lb-lu\/product\/bisaddle-ext-sprint-road\/#breadcrumb","itemListElement":[{"@type":"ListItem","position":1,"name":"Home","item":"https:\/\/bikefit.lu\/lb-lu\/"},{"@type":"ListItem","position":2,"name":"Products","item":"https:\/\/bikefit.lu\/lb-lu\/shop\/"},{"@type":"ListItem","position":3,"name":"Bisaddle EXT Sprint Road"}]},{"@type":"WebSite","@id":"https:\/\/bikefit.lu\/lb-lu\/#website","url":"https:\/\/bikefit.lu\/lb-lu\/","name":"bikefit.lu","description":"IMPROVING CYCLING","publisher":{"@id":"https:\/\/bikefit.lu\/lb-lu\/#\/schema\/person\/379af1263474d2f8cd1f41c2bd90273d"},"potentialAction":[{"@type":"SearchAction","target":{"@type":"EntryPoint","urlTemplate":"https:\/\/bikefit.lu\/lb-lu\/?s={search_term_string}"},"query-input":{"@type":"PropertyValueSpecification","valueRequired":true,"valueName":"search_term_string"}}],"inLanguage":"lb-LU"},{"@type":["Person","Organization"],"@id":"https:\/\/bikefit.lu\/lb-lu\/#\/schema\/person\/379af1263474d2f8cd1f41c2bd90273d","name":"Patrick Guillaume","image":{"@type":"ImageObject","inLanguage":"lb-LU","@id":"https:\/\/bikefit.lu\/wp-content\/uploads\/2024\/12\/cropped-bikefit-logoURL-RGB-jpg.jpg","url":"https:\/\/bikefit.lu\/wp-content\/uploads\/2024\/12\/cropped-bikefit-logoURL-RGB-jpg.jpg","contentUrl":"https:\/\/bikefit.lu\/wp-content\/uploads\/2024\/12\/cropped-bikefit-logoURL-RGB-jpg.jpg","width":512,"height":512,"caption":"Patrick Guillaume"},"logo":{"@id":"https:\/\/bikefit.lu\/wp-content\/uploads\/2024\/12\/cropped-bikefit-logoURL-RGB-jpg.jpg"},"sameAs":["https:\/\/bikefit.lu"],"honorificPrefix":"Mr","birthDate":"1966-11-18","gender":"male","knowsAbout":["Bike-fitting"],"knowsLanguage":["English","French","German","Luxembourgish"]}]},"og_availability":"instock","product_availability":"instock","product_condition":"new"},"_links":{"self":[{"href":"https:\/\/bikefit.lu\/lb-lu\/wp-json\/wp\/v2\/product\/94307","targetHints":{"allow":["GET"]}}],"collection":[{"href":"https:\/\/bikefit.lu\/lb-lu\/wp-json\/wp\/v2\/product"}],"about":[{"href":"https:\/\/bikefit.lu\/lb-lu\/wp-json\/wp\/v2\/types\/product"}],"replies":[{"embeddable":true,"href":"https:\/\/bikefit.lu\/lb-lu\/wp-json\/wp\/v2\/comments?post=94307"}],"version-history":[{"count":0,"href":"https:\/\/bikefit.lu\/lb-lu\/wp-json\/wp\/v2\/product\/94307\/revisions"}],"wp:featuredmedia":[{"embeddable":true,"href":"https:\/\/bikefit.lu\/lb-lu\/wp-json\/wp\/v2\/media\/94008"}],"wp:attachment":[{"href":"https:\/\/bikefit.lu\/lb-lu\/wp-json\/wp\/v2\/media?parent=94307"}],"wp:term":[{"taxonomy":"product_brand","embeddable":true,"href":"https:\/\/bikefit.lu\/lb-lu\/wp-json\/wp\/v2\/product_brand?post=94307"},{"taxonomy":"product_cat","embeddable":true,"href":"https:\/\/bikefit.lu\/lb-lu\/wp-json\/wp\/v2\/product_cat?post=94307"},{"taxonomy":"product_tag","embeddable":true,"href":"https:\/\/bikefit.lu\/lb-lu\/wp-json\/wp\/v2\/product_tag?post=94307"}],"curies":[{"name":"wp","href":"https:\/\/api.w.org\/{rel}","templated":true}]}}