{"id":95258,"date":"2025-04-13T19:17:13","date_gmt":"2025-04-13T17:17:13","guid":{"rendered":"https:\/\/bikefit.lu\/shop\/uncategorized\/form-extra-height-stacker-kit-fir-v2-mtb-shim\/"},"modified":"2025-06-04T17:06:41","modified_gmt":"2025-06-04T15:06:41","slug":"form-extra-height-stacker-kit-fir-v2-mtb-shim","status":"publish","type":"product","link":"https:\/\/bikefit.lu\/lb-lu\/product\/form-extra-height-stacker-kit-fir-v2-mtb-shim\/","title":{"rendered":"FORM\u00ae extra height stacker kit fir V2 MTB shim"},"content":{"rendered":"<p><strong>BENOTZUNGSKRIT\u00c4REN<\/strong><\/p>\n<p>Beenl\u00e4ngt-Shims gi benotzt fir d\u00e9i effektiv L\u00e4ngt vun engem m\u00e9i kuerze Been z&#8217;erh\u00e9ijen a F\u00e4ll wou e Cyclist eng Beenl\u00e4ngtdiskrepanz opweist. Unzeeche vun engem Beel\u00e4ngten\u00ebnnerscheet k\u00ebnne sinn:<\/p>\n<p><strong>a) Iwwerstreckung op enger S\u00e4it an der \u00ebnnerster Phase vun der Pedall\u00ebmdr\u00e9iung<br \/>\n<\/strong><strong>b) Kippe vum Becken oder de Biker h\u00e4ngt op eng S\u00e4it vum Suedel fir d\u2019Verbindung mat de Pedallen ze halen<br \/>\n<\/strong><strong>c) Ee Bee fillt sech net genuch verstreckt un, w\u00e4rend dat anert sech just richteg ufillt<\/strong><\/p>\n<p>Ugeholl datt eng Diskrepanz best\u00e4tegt gouf, k\u00ebnnen d\u2019Problemer hei uewe gel\u00e9ist gi mat der Benotzung vu Beenl\u00e4ngt-Shims. Shimming erm\u00e9iglecht m\u00e9i eng equilibr\u00e9iert Biomechanik vun de Been, an de Becken g\u00ebtt stabilis\u00e9iert. <\/p>\n<p><em><strong>* kompatibel mat allen MTB-Kallen: Shimano SPD, Time ATAC, Crank Bros and Look X-Track<\/strong><\/em><\/p>\n","protected":false},"excerpt":{"rendered":"<p id=\"isPasted\" class=\"ai-optimize-42\">De FORM Riser Kit System ass entw\u00e9ckelt fir d&#8217;H\u00e9icht vun der V2 walkable MTB Shims z&#8217;erh\u00e9ijen an d&#8217;Stack H\u00e9icht Ufuerderungen iwwer d&#8217;Standard 3-6 mm Gamme ze treffen. De Kit ersetzt de Standard 2mm Riser, dee mam Basis-Set geliwwert g\u00ebtt, mat engem erh\u00e9ichtem Riser an engem optionalen zous\u00e4tzlechen 2mm Clip-on Spacer Set. <\/p>\n<p class=\"ai-optimize-43\">\u2013 Kit 1, a Kombinatioun mat der 3 mm Basis Ausgl\u00e4ichplack an engem 1 mm Spacer, bitt 7-10 mm.<\/p>\n<p class=\"ai-optimize-44\">&#8211; Kit 2, a Kombinatioun mat der 3 mm Basis Ausgl\u00e4ichplack an engem 1 mm Spacer, bitt 11-14 mm.<\/p>\n<p class=\"ai-optimize-45\"><strong>De Kit enth\u00e4lt: <\/strong><\/p>\n<ul>\n<li class=\"ai-optimize-46\"><strong>4\/6mm Kit <\/strong>(7-10mm total): 4mm Stacker \/ 2mm Spacer Set \/ Kalleplack \/ Shim-Schrauwen \/ Kalleschrauwen<\/li>\n<li class=\"ai-optimize-47\"><strong>8\/10mm Kit <\/strong>(11-14mm total): 8mm Stacker \/ 2mm Spacer Set \/ Kalleplack \/ Shim-Schrauwen \/ Kalleschrauwen<\/li>\n<\/ul>\n<p class=\"ai-optimize-48\"><em>*Not\u00e9iert w.e.g.: D\u00ebse Kit enth\u00e4lt net d&#8217;Basis-Ausgl\u00e4ichplackplack selwer, d\u00e9i muss separat kaaft ginn. Montageinstruktioune k\u00ebnnen am Bildkarussell fonnt ginn. <\/em><\/p>\n","protected":false},"featured_media":95028,"comment_status":"closed","ping_status":"closed","template":"","meta":[],"product_brand":[],"product_cat":[4832,4784],"product_tag":[5054,5111,5106],"class_list":{"0":"post-95258","1":"product","2":"type-product","3":"status-publish","4":"has-post-thumbnail","6":"product_cat-foot-pedal-interface-lb-lu","7":"product_cat-offroad-lb-lu-2","8":"product_tag-form-lb-lu","9":"product_tag-offroad-lb-lu","10":"product_tag-shims-lb-lu","11":"product_shipping_class-format-s-lb-lu","12":"pa_stack-4-6-mm-lb-lu","13":"pa_stack-8-10-mm-lb-lu","15":"first","16":"instock","17":"taxable","18":"shipping-taxable","19":"purchasable","20":"product-type-variable"},"yoast_head":"<!-- This site is optimized with the Yoast SEO Premium plugin v27.3 (Yoast SEO v27.3) - https:\/\/yoast.com\/product\/yoast-seo-premium-wordpress\/ -->\n<title>FORM\u00ae extra height stacker kit fir V2 MTB shim - bikefit.lu<\/title>\n<meta name=\"robots\" content=\"index, follow, max-snippet:-1, max-image-preview:large, max-video-preview:-1\" \/>\n<link rel=\"canonical\" href=\"https:\/\/bikefit.lu\/lb-lu\/product\/form-extra-height-stacker-kit-fir-v2-mtb-shim\/\" \/>\n<meta property=\"og:locale\" content=\"en_US\" \/>\n<meta property=\"og:type\" content=\"article\" \/>\n<meta property=\"og:title\" content=\"FORM\u00ae extra height stacker kit fir V2 MTB shim\" \/>\n<meta property=\"og:description\" content=\"De FORM Riser Kit System ass entw\u00e9ckelt fir d&#039;H\u00e9icht vun der V2 walkable MTB Shims z&#039;erh\u00e9ijen an d&#039;Stack H\u00e9icht Ufuerderungen iwwer d&#039;Standard 3-6 mm Gamme ze treffen. De Kit ersetzt de Standard 2mm Riser, dee mam Basis-Set geliwwert g\u00ebtt, mat engem erh\u00e9ichtem Riser an engem optionalen zous\u00e4tzlechen 2mm Clip-on Spacer Set. \u2013 Kit 1, a Kombinatioun mat der 3 mm Basis Ausgl\u00e4ichplack an engem 1 mm Spacer, bitt 7-10 mm. - Kit 2, a Kombinatioun mat der 3 mm Basis Ausgl\u00e4ichplack an engem 1 mm Spacer, bitt 11-14 mm. De Kit enth\u00e4lt:   4\/6mm Kit (7-10mm total): 4mm Stacker \/ 2mm Spacer Set \/ Kalleplack \/ Shim-Schrauwen \/ Kalleschrauwen  8\/10mm Kit (11-14mm total): 8mm Stacker \/ 2mm Spacer Set \/ Kalleplack \/ Shim-Schrauwen \/ Kalleschrauwen *Not\u00e9iert w.e.g.: D\u00ebse Kit enth\u00e4lt net d&#039;Basis-Ausgl\u00e4ichplackplack selwer, d\u00e9i muss separat kaaft ginn. Montageinstruktioune k\u00ebnnen am Bildkarussell fonnt ginn.\" \/>\n<meta property=\"og:url\" content=\"https:\/\/bikefit.lu\/lb-lu\/product\/form-extra-height-stacker-kit-fir-v2-mtb-shim\/\" \/>\n<meta property=\"og:site_name\" content=\"bikefit.lu\" \/>\n<meta property=\"article:modified_time\" content=\"2025-06-04T15:06:41+00:00\" \/>\n<meta property=\"og:image\" content=\"https:\/\/bikefit.lu\/wp-content\/uploads\/2025\/04\/8mm-exploded.webp\" \/>\n\t<meta property=\"og:image:width\" content=\"1772\" \/>\n\t<meta property=\"og:image:height\" content=\"1772\" \/>\n\t<meta property=\"og:image:type\" content=\"image\/webp\" \/>\n<meta name=\"twitter:card\" content=\"summary_large_image\" \/>\n<meta name=\"twitter:label1\" content=\"Availability\" \/>\n\t<meta name=\"twitter:data1\" content=\"In stock\" \/>\n<script type=\"application\/ld+json\" class=\"yoast-schema-graph\">{\"@context\":\"https:\\\/\\\/schema.org\",\"@graph\":[{\"@type\":\"WebPage\",\"@id\":\"https:\\\/\\\/bikefit.lu\\\/lb-lu\\\/product\\\/form-extra-height-stacker-kit-fir-v2-mtb-shim\\\/\",\"url\":\"https:\\\/\\\/bikefit.lu\\\/lb-lu\\\/product\\\/form-extra-height-stacker-kit-fir-v2-mtb-shim\\\/\",\"name\":\"FORM\u00ae extra height stacker kit fir V2 MTB shim - bikefit.lu\",\"isPartOf\":{\"@id\":\"https:\\\/\\\/bikefit.lu\\\/lb-lu\\\/#website\"},\"primaryImageOfPage\":{\"@id\":\"https:\\\/\\\/bikefit.lu\\\/lb-lu\\\/product\\\/form-extra-height-stacker-kit-fir-v2-mtb-shim\\\/#primaryimage\"},\"image\":{\"@id\":\"https:\\\/\\\/bikefit.lu\\\/lb-lu\\\/product\\\/form-extra-height-stacker-kit-fir-v2-mtb-shim\\\/#primaryimage\"},\"thumbnailUrl\":\"https:\\\/\\\/bikefit.lu\\\/wp-content\\\/uploads\\\/2025\\\/04\\\/8mm-exploded.webp\",\"datePublished\":\"2025-04-13T17:17:13+00:00\",\"dateModified\":\"2025-06-04T15:06:41+00:00\",\"breadcrumb\":{\"@id\":\"https:\\\/\\\/bikefit.lu\\\/lb-lu\\\/product\\\/form-extra-height-stacker-kit-fir-v2-mtb-shim\\\/#breadcrumb\"},\"inLanguage\":\"lb-LU\",\"potentialAction\":[{\"@type\":\"ReadAction\",\"target\":[\"https:\\\/\\\/bikefit.lu\\\/lb-lu\\\/product\\\/form-extra-height-stacker-kit-fir-v2-mtb-shim\\\/\"]}]},{\"@type\":\"ImageObject\",\"inLanguage\":\"lb-LU\",\"@id\":\"https:\\\/\\\/bikefit.lu\\\/lb-lu\\\/product\\\/form-extra-height-stacker-kit-fir-v2-mtb-shim\\\/#primaryimage\",\"url\":\"https:\\\/\\\/bikefit.lu\\\/wp-content\\\/uploads\\\/2025\\\/04\\\/8mm-exploded.webp\",\"contentUrl\":\"https:\\\/\\\/bikefit.lu\\\/wp-content\\\/uploads\\\/2025\\\/04\\\/8mm-exploded.webp\",\"width\":1772,\"height\":1772},{\"@type\":\"BreadcrumbList\",\"@id\":\"https:\\\/\\\/bikefit.lu\\\/lb-lu\\\/product\\\/form-extra-height-stacker-kit-fir-v2-mtb-shim\\\/#breadcrumb\",\"itemListElement\":[{\"@type\":\"ListItem\",\"position\":1,\"name\":\"Home\",\"item\":\"https:\\\/\\\/bikefit.lu\\\/lb-lu\\\/\"},{\"@type\":\"ListItem\",\"position\":2,\"name\":\"Products\",\"item\":\"https:\\\/\\\/bikefit.lu\\\/lb-lu\\\/shop\\\/\"},{\"@type\":\"ListItem\",\"position\":3,\"name\":\"FORM\u00ae extra height stacker kit fir V2 MTB shim\"}]},{\"@type\":\"WebSite\",\"@id\":\"https:\\\/\\\/bikefit.lu\\\/lb-lu\\\/#website\",\"url\":\"https:\\\/\\\/bikefit.lu\\\/lb-lu\\\/\",\"name\":\"bikefit.lu\",\"description\":\"IMPROVING CYCLING\",\"publisher\":{\"@id\":\"https:\\\/\\\/bikefit.lu\\\/lb-lu\\\/#\\\/schema\\\/person\\\/379af1263474d2f8cd1f41c2bd90273d\"},\"potentialAction\":[{\"@type\":\"SearchAction\",\"target\":{\"@type\":\"EntryPoint\",\"urlTemplate\":\"https:\\\/\\\/bikefit.lu\\\/lb-lu\\\/?s={search_term_string}\"},\"query-input\":{\"@type\":\"PropertyValueSpecification\",\"valueRequired\":true,\"valueName\":\"search_term_string\"}}],\"inLanguage\":\"lb-LU\"},{\"@type\":[\"Person\",\"Organization\"],\"@id\":\"https:\\\/\\\/bikefit.lu\\\/lb-lu\\\/#\\\/schema\\\/person\\\/379af1263474d2f8cd1f41c2bd90273d\",\"name\":\"Patrick Guillaume\",\"image\":{\"@type\":\"ImageObject\",\"inLanguage\":\"lb-LU\",\"@id\":\"https:\\\/\\\/bikefit.lu\\\/wp-content\\\/uploads\\\/2024\\\/12\\\/cropped-bikefit-logoURL-RGB-jpg.jpg\",\"url\":\"https:\\\/\\\/bikefit.lu\\\/wp-content\\\/uploads\\\/2024\\\/12\\\/cropped-bikefit-logoURL-RGB-jpg.jpg\",\"contentUrl\":\"https:\\\/\\\/bikefit.lu\\\/wp-content\\\/uploads\\\/2024\\\/12\\\/cropped-bikefit-logoURL-RGB-jpg.jpg\",\"width\":512,\"height\":512,\"caption\":\"Patrick Guillaume\"},\"logo\":{\"@id\":\"https:\\\/\\\/bikefit.lu\\\/wp-content\\\/uploads\\\/2024\\\/12\\\/cropped-bikefit-logoURL-RGB-jpg.jpg\"},\"sameAs\":[\"https:\\\/\\\/bikefit.lu\"],\"honorificPrefix\":\"Mr\",\"birthDate\":\"1966-11-18\",\"gender\":\"male\",\"knowsAbout\":[\"Bike-fitting\"],\"knowsLanguage\":[\"English\",\"French\",\"German\",\"Luxembourgish\"]}]}<\/script>\n<meta property=\"og:availability\" content=\"instock\" \/>\n<meta property=\"product:availability\" content=\"instock\" \/>\n<meta property=\"product:condition\" content=\"new\" \/>\n<!-- \/ Yoast SEO Premium plugin. -->","yoast_head_json":{"title":"FORM\u00ae extra height stacker kit fir V2 MTB shim - bikefit.lu","robots":{"index":"index","follow":"follow","max-snippet":"max-snippet:-1","max-image-preview":"max-image-preview:large","max-video-preview":"max-video-preview:-1"},"canonical":"https:\/\/bikefit.lu\/lb-lu\/product\/form-extra-height-stacker-kit-fir-v2-mtb-shim\/","og_locale":"en_US","og_type":"article","og_title":"FORM\u00ae extra height stacker kit fir V2 MTB shim","og_description":"De FORM Riser Kit System ass entw\u00e9ckelt fir d'H\u00e9icht vun der V2 walkable MTB Shims z'erh\u00e9ijen an d'Stack H\u00e9icht Ufuerderungen iwwer d'Standard 3-6 mm Gamme ze treffen. De Kit ersetzt de Standard 2mm Riser, dee mam Basis-Set geliwwert g\u00ebtt, mat engem erh\u00e9ichtem Riser an engem optionalen zous\u00e4tzlechen 2mm Clip-on Spacer Set. \u2013 Kit 1, a Kombinatioun mat der 3 mm Basis Ausgl\u00e4ichplack an engem 1 mm Spacer, bitt 7-10 mm. - Kit 2, a Kombinatioun mat der 3 mm Basis Ausgl\u00e4ichplack an engem 1 mm Spacer, bitt 11-14 mm. De Kit enth\u00e4lt:   4\/6mm Kit (7-10mm total): 4mm Stacker \/ 2mm Spacer Set \/ Kalleplack \/ Shim-Schrauwen \/ Kalleschrauwen  8\/10mm Kit (11-14mm total): 8mm Stacker \/ 2mm Spacer Set \/ Kalleplack \/ Shim-Schrauwen \/ Kalleschrauwen *Not\u00e9iert w.e.g.: D\u00ebse Kit enth\u00e4lt net d'Basis-Ausgl\u00e4ichplackplack selwer, d\u00e9i muss separat kaaft ginn. Montageinstruktioune k\u00ebnnen am Bildkarussell fonnt ginn.","og_url":"https:\/\/bikefit.lu\/lb-lu\/product\/form-extra-height-stacker-kit-fir-v2-mtb-shim\/","og_site_name":"bikefit.lu","article_modified_time":"2025-06-04T15:06:41+00:00","og_image":[{"width":1772,"height":1772,"url":"https:\/\/bikefit.lu\/wp-content\/uploads\/2025\/04\/8mm-exploded.webp","type":"image\/webp"}],"twitter_card":"summary_large_image","twitter_misc":{"Availability":"In stock"},"schema":{"@context":"https:\/\/schema.org","@graph":[{"@type":"WebPage","@id":"https:\/\/bikefit.lu\/lb-lu\/product\/form-extra-height-stacker-kit-fir-v2-mtb-shim\/","url":"https:\/\/bikefit.lu\/lb-lu\/product\/form-extra-height-stacker-kit-fir-v2-mtb-shim\/","name":"FORM\u00ae extra height stacker kit fir V2 MTB shim - bikefit.lu","isPartOf":{"@id":"https:\/\/bikefit.lu\/lb-lu\/#website"},"primaryImageOfPage":{"@id":"https:\/\/bikefit.lu\/lb-lu\/product\/form-extra-height-stacker-kit-fir-v2-mtb-shim\/#primaryimage"},"image":{"@id":"https:\/\/bikefit.lu\/lb-lu\/product\/form-extra-height-stacker-kit-fir-v2-mtb-shim\/#primaryimage"},"thumbnailUrl":"https:\/\/bikefit.lu\/wp-content\/uploads\/2025\/04\/8mm-exploded.webp","datePublished":"2025-04-13T17:17:13+00:00","dateModified":"2025-06-04T15:06:41+00:00","breadcrumb":{"@id":"https:\/\/bikefit.lu\/lb-lu\/product\/form-extra-height-stacker-kit-fir-v2-mtb-shim\/#breadcrumb"},"inLanguage":"lb-LU","potentialAction":[{"@type":"ReadAction","target":["https:\/\/bikefit.lu\/lb-lu\/product\/form-extra-height-stacker-kit-fir-v2-mtb-shim\/"]}]},{"@type":"ImageObject","inLanguage":"lb-LU","@id":"https:\/\/bikefit.lu\/lb-lu\/product\/form-extra-height-stacker-kit-fir-v2-mtb-shim\/#primaryimage","url":"https:\/\/bikefit.lu\/wp-content\/uploads\/2025\/04\/8mm-exploded.webp","contentUrl":"https:\/\/bikefit.lu\/wp-content\/uploads\/2025\/04\/8mm-exploded.webp","width":1772,"height":1772},{"@type":"BreadcrumbList","@id":"https:\/\/bikefit.lu\/lb-lu\/product\/form-extra-height-stacker-kit-fir-v2-mtb-shim\/#breadcrumb","itemListElement":[{"@type":"ListItem","position":1,"name":"Home","item":"https:\/\/bikefit.lu\/lb-lu\/"},{"@type":"ListItem","position":2,"name":"Products","item":"https:\/\/bikefit.lu\/lb-lu\/shop\/"},{"@type":"ListItem","position":3,"name":"FORM\u00ae extra height stacker kit fir V2 MTB shim"}]},{"@type":"WebSite","@id":"https:\/\/bikefit.lu\/lb-lu\/#website","url":"https:\/\/bikefit.lu\/lb-lu\/","name":"bikefit.lu","description":"IMPROVING CYCLING","publisher":{"@id":"https:\/\/bikefit.lu\/lb-lu\/#\/schema\/person\/379af1263474d2f8cd1f41c2bd90273d"},"potentialAction":[{"@type":"SearchAction","target":{"@type":"EntryPoint","urlTemplate":"https:\/\/bikefit.lu\/lb-lu\/?s={search_term_string}"},"query-input":{"@type":"PropertyValueSpecification","valueRequired":true,"valueName":"search_term_string"}}],"inLanguage":"lb-LU"},{"@type":["Person","Organization"],"@id":"https:\/\/bikefit.lu\/lb-lu\/#\/schema\/person\/379af1263474d2f8cd1f41c2bd90273d","name":"Patrick Guillaume","image":{"@type":"ImageObject","inLanguage":"lb-LU","@id":"https:\/\/bikefit.lu\/wp-content\/uploads\/2024\/12\/cropped-bikefit-logoURL-RGB-jpg.jpg","url":"https:\/\/bikefit.lu\/wp-content\/uploads\/2024\/12\/cropped-bikefit-logoURL-RGB-jpg.jpg","contentUrl":"https:\/\/bikefit.lu\/wp-content\/uploads\/2024\/12\/cropped-bikefit-logoURL-RGB-jpg.jpg","width":512,"height":512,"caption":"Patrick Guillaume"},"logo":{"@id":"https:\/\/bikefit.lu\/wp-content\/uploads\/2024\/12\/cropped-bikefit-logoURL-RGB-jpg.jpg"},"sameAs":["https:\/\/bikefit.lu"],"honorificPrefix":"Mr","birthDate":"1966-11-18","gender":"male","knowsAbout":["Bike-fitting"],"knowsLanguage":["English","French","German","Luxembourgish"]}]},"og_availability":"instock","product_availability":"instock","product_condition":"new"},"_links":{"self":[{"href":"https:\/\/bikefit.lu\/lb-lu\/wp-json\/wp\/v2\/product\/95258","targetHints":{"allow":["GET"]}}],"collection":[{"href":"https:\/\/bikefit.lu\/lb-lu\/wp-json\/wp\/v2\/product"}],"about":[{"href":"https:\/\/bikefit.lu\/lb-lu\/wp-json\/wp\/v2\/types\/product"}],"replies":[{"embeddable":true,"href":"https:\/\/bikefit.lu\/lb-lu\/wp-json\/wp\/v2\/comments?post=95258"}],"version-history":[{"count":0,"href":"https:\/\/bikefit.lu\/lb-lu\/wp-json\/wp\/v2\/product\/95258\/revisions"}],"wp:featuredmedia":[{"embeddable":true,"href":"https:\/\/bikefit.lu\/lb-lu\/wp-json\/wp\/v2\/media\/95028"}],"wp:attachment":[{"href":"https:\/\/bikefit.lu\/lb-lu\/wp-json\/wp\/v2\/media?parent=95258"}],"wp:term":[{"taxonomy":"product_brand","embeddable":true,"href":"https:\/\/bikefit.lu\/lb-lu\/wp-json\/wp\/v2\/product_brand?post=95258"},{"taxonomy":"product_cat","embeddable":true,"href":"https:\/\/bikefit.lu\/lb-lu\/wp-json\/wp\/v2\/product_cat?post=95258"},{"taxonomy":"product_tag","embeddable":true,"href":"https:\/\/bikefit.lu\/lb-lu\/wp-json\/wp\/v2\/product_tag?post=95258"}],"curies":[{"name":"wp","href":"https:\/\/api.w.org\/{rel}","templated":true}]}}