{"id":97754,"date":"2025-12-11T14:29:04","date_gmt":"2025-12-11T13:29:04","guid":{"rendered":"https:\/\/bikefit.lu\/?post_type=product&#038;p=97754"},"modified":"2025-12-14T11:19:01","modified_gmt":"2025-12-14T10:19:01","slug":"2-3-lach-cleatwedges-spdsl-look","status":"publish","type":"product","link":"https:\/\/bikefit.lu\/lb-lu\/product\/2-3-lach-cleatwedges-spdsl-look\/","title":{"rendered":"3-Lach 2\u00b0-Cleat Wedges (SPDSL, Look, \u2026)"},"content":{"rendered":"","protected":false},"excerpt":{"rendered":"<div id=\"properties\">* Kallek\u00e4iler gi benotzt fir d\u2019Fousspronatioun ze korrig\u00e9ieren, d\u2019Propriozeptioun zuverbesseren an eng besser Stabilit\u00e9it a Kontroll beim V\u00eblofueren ze garant\u00e9ieren. Si ginn och benotzt, fir de Kn\u00e9iw\u00e9nkel indirekt zu ver\u00e4nneren, fir lateral oder medial Kn\u00e9ischm\u00e4erzen zu reduz\u00e9ieren, d\u00e9i mat schlechter Beenstabilit\u00e4t verbonne sinn.<br \/>\n\u2022 Wedges w\u00e9nkelen de Schung \/ Fouss vum Cyclist un, andeems se de W\u00e9nkel t\u00ebschent Kall a Schung \u00e4nneren. Ee K\u00e4il bitt 2 Grad Neigung a m\u00e9i K\u00e4iler k\u00ebnnen openee geluecht ginn, fir de gew\u00ebnschte W\u00e9nkel z\u2019erreechen.<br \/>\n* K\u00e4iler ginn am beschte w\u00e4hrend enger Bike-Fit-S\u00ebtzung optimal platz\u00e9iert. Si k\u00ebnnen awer och vum Cyclist selwer ugepasst ginn, wann d\u00e9i \u00dcbung kontroll\u00e9iert duerchgefouert g\u00ebtt.<br \/>\n* Universell 3-Lach-Kallek\u00e4iler si kompatibel mat Shimano SPDSL, Look 3-Lach Cleats an Time\/Mavic, \u2026 .<br \/>\n\u2022 Denkt un d\u2019Schrauwen wann Dir d\u2019Wedges eenzel bestellt! Ech empfehlen 2 Schrauwe vun 10 mm fir d\u00e9i h\u00e9ich S\u00e4it a fir vir.<\/div>\n","protected":false},"featured_media":97760,"comment_status":"closed","ping_status":"closed","template":"","meta":[],"product_brand":[],"product_cat":[4832,4787],"product_tag":[4932,5047,5054,5080,5126,5155,5192],"class_list":{"0":"post-97754","1":"product","2":"type-product","3":"status-publish","4":"has-post-thumbnail","6":"product_cat-foot-pedal-interface-lb-lu","7":"product_cat-road-lb-lu","8":"product_tag-3-hole-lb-lu","9":"product_tag-cleat-wedges-lb-lu","10":"product_tag-form-lb-lu","11":"product_tag-look-lb-lu","12":"product_tag-road-lb-lu","13":"product_tag-shimano-lb-lu","14":"product_tag-universal-lb-lu","15":"product_shipping_class-format-xs-lb-lu","17":"first","18":"instock","19":"taxable","20":"shipping-taxable","21":"purchasable","22":"product-type-simple"},"group_of_quantity":0,"min_quantity":0,"max_quantity":"","exclude_order_quantity_value_rules":"no","exclude_category_quantity_rules":"no","combine_variations":"no","yoast_head":"<!-- This site is optimized with the Yoast SEO Premium plugin v27.4 (Yoast SEO v27.4) - https:\/\/yoast.com\/product\/yoast-seo-premium-wordpress\/ -->\n<title>3-Lach 2\u00b0-Cleat Wedges (SPDSL, Look, \u2026) - bikefit.lu<\/title>\n<meta name=\"robots\" content=\"index, follow, max-snippet:-1, max-image-preview:large, max-video-preview:-1\" \/>\n<link rel=\"canonical\" href=\"https:\/\/bikefit.lu\/lb-lu\/product\/2-3-lach-cleatwedges-spdsl-look\/\" \/>\n<meta property=\"og:locale\" content=\"en_US\" \/>\n<meta property=\"og:type\" content=\"article\" \/>\n<meta property=\"og:title\" content=\"3-Lach 2\u00b0-Cleat Wedges (SPDSL, Look, \u2026)\" \/>\n<meta property=\"og:description\" content=\"* Kallek\u00e4iler gi benotzt fir d\u2019Fousspronatioun ze korrig\u00e9ieren, d\u2019Propriozeptioun zuverbesseren an eng besser Stabilit\u00e9it a Kontroll beim V\u00eblofueren ze garant\u00e9ieren. Si ginn och benotzt, fir de Kn\u00e9iw\u00e9nkel indirekt zu ver\u00e4nneren, fir lateral oder medial Kn\u00e9ischm\u00e4erzen zu reduz\u00e9ieren, d\u00e9i mat schlechter Beenstabilit\u00e4t verbonne sinn. \u2022 Wedges w\u00e9nkelen de Schung \/ Fouss vum Cyclist un, andeems se de W\u00e9nkel t\u00ebschent Kall a Schung \u00e4nneren. Ee K\u00e4il bitt 2 Grad Neigung a m\u00e9i K\u00e4iler k\u00ebnnen openee geluecht ginn, fir de gew\u00ebnschte W\u00e9nkel z\u2019erreechen. * K\u00e4iler ginn am beschte w\u00e4hrend enger Bike-Fit-S\u00ebtzung optimal platz\u00e9iert. Si k\u00ebnnen awer och vum Cyclist selwer ugepasst ginn, wann d\u00e9i \u00dcbung kontroll\u00e9iert duerchgefouert g\u00ebtt. * Universell 3-Lach-Kallek\u00e4iler si kompatibel mat Shimano SPDSL, Look 3-Lach Cleats an Time\/Mavic, \u2026 . \u2022 Denkt un d\u2019Schrauwen wann Dir d\u2019Wedges eenzel bestellt! Ech empfehlen 2 Schrauwe vun 10 mm fir d\u00e9i h\u00e9ich S\u00e4it a fir vir.\" \/>\n<meta property=\"og:url\" content=\"https:\/\/bikefit.lu\/lb-lu\/product\/2-3-lach-cleatwedges-spdsl-look\/\" \/>\n<meta property=\"og:site_name\" content=\"bikefit.lu\" \/>\n<meta property=\"article:modified_time\" content=\"2025-12-14T10:19:01+00:00\" \/>\n<meta property=\"og:image\" content=\"https:\/\/bikefit.lu\/wp-content\/uploads\/2025\/12\/3-hole-2-degree-cleat-wedge-transparent.webp\" \/>\n\t<meta property=\"og:image:width\" content=\"1200\" \/>\n\t<meta property=\"og:image:height\" content=\"1200\" \/>\n\t<meta property=\"og:image:type\" content=\"image\/webp\" \/>\n<meta name=\"twitter:card\" content=\"summary_large_image\" \/>\n<meta name=\"twitter:label1\" content=\"Price\" \/>\n\t<meta name=\"twitter:data1\" content=\"3,50&nbsp;&euro;\" \/>\n\t<meta name=\"twitter:label2\" content=\"Availability\" \/>\n\t<meta name=\"twitter:data2\" content=\"In stock\" \/>\n<script type=\"application\/ld+json\" class=\"yoast-schema-graph\">{\"@context\":\"https:\\\/\\\/schema.org\",\"@graph\":[{\"@type\":\"WebPage\",\"@id\":\"https:\\\/\\\/bikefit.lu\\\/lb-lu\\\/product\\\/2-3-lach-cleatwedges-spdsl-look\\\/\",\"url\":\"https:\\\/\\\/bikefit.lu\\\/lb-lu\\\/product\\\/2-3-lach-cleatwedges-spdsl-look\\\/\",\"name\":\"3-Lach 2\u00b0-Cleat Wedges (SPDSL, Look, \u2026) - bikefit.lu\",\"isPartOf\":{\"@id\":\"https:\\\/\\\/bikefit.lu\\\/lb-lu\\\/#website\"},\"primaryImageOfPage\":{\"@id\":\"https:\\\/\\\/bikefit.lu\\\/lb-lu\\\/product\\\/2-3-lach-cleatwedges-spdsl-look\\\/#primaryimage\"},\"image\":{\"@id\":\"https:\\\/\\\/bikefit.lu\\\/lb-lu\\\/product\\\/2-3-lach-cleatwedges-spdsl-look\\\/#primaryimage\"},\"thumbnailUrl\":\"https:\\\/\\\/bikefit.lu\\\/wp-content\\\/uploads\\\/2025\\\/12\\\/3-hole-2-degree-cleat-wedge-transparent.webp\",\"datePublished\":\"2025-12-11T13:29:04+00:00\",\"dateModified\":\"2025-12-14T10:19:01+00:00\",\"breadcrumb\":{\"@id\":\"https:\\\/\\\/bikefit.lu\\\/lb-lu\\\/product\\\/2-3-lach-cleatwedges-spdsl-look\\\/#breadcrumb\"},\"inLanguage\":\"lb-LU\",\"potentialAction\":[{\"@type\":\"ReadAction\",\"target\":[\"https:\\\/\\\/bikefit.lu\\\/lb-lu\\\/product\\\/2-3-lach-cleatwedges-spdsl-look\\\/\"]}]},{\"@type\":\"ImageObject\",\"inLanguage\":\"lb-LU\",\"@id\":\"https:\\\/\\\/bikefit.lu\\\/lb-lu\\\/product\\\/2-3-lach-cleatwedges-spdsl-look\\\/#primaryimage\",\"url\":\"https:\\\/\\\/bikefit.lu\\\/wp-content\\\/uploads\\\/2025\\\/12\\\/3-hole-2-degree-cleat-wedge-transparent.webp\",\"contentUrl\":\"https:\\\/\\\/bikefit.lu\\\/wp-content\\\/uploads\\\/2025\\\/12\\\/3-hole-2-degree-cleat-wedge-transparent.webp\",\"width\":1200,\"height\":1200},{\"@type\":\"BreadcrumbList\",\"@id\":\"https:\\\/\\\/bikefit.lu\\\/lb-lu\\\/product\\\/2-3-lach-cleatwedges-spdsl-look\\\/#breadcrumb\",\"itemListElement\":[{\"@type\":\"ListItem\",\"position\":1,\"name\":\"Home\",\"item\":\"https:\\\/\\\/bikefit.lu\\\/lb-lu\\\/\"},{\"@type\":\"ListItem\",\"position\":2,\"name\":\"Shop\",\"item\":\"https:\\\/\\\/bikefit.lu\\\/lb-lu\\\/shop\\\/\"},{\"@type\":\"ListItem\",\"position\":3,\"name\":\"3-Lach 2\u00b0-Cleat Wedges (SPDSL, Look, \u2026)\"}]},{\"@type\":\"WebSite\",\"@id\":\"https:\\\/\\\/bikefit.lu\\\/lb-lu\\\/#website\",\"url\":\"https:\\\/\\\/bikefit.lu\\\/lb-lu\\\/\",\"name\":\"bikefit.lu\",\"description\":\"IMPROVING CYCLING\",\"publisher\":{\"@id\":\"https:\\\/\\\/bikefit.lu\\\/lb-lu\\\/#\\\/schema\\\/person\\\/379af1263474d2f8cd1f41c2bd90273d\"},\"potentialAction\":[{\"@type\":\"SearchAction\",\"target\":{\"@type\":\"EntryPoint\",\"urlTemplate\":\"https:\\\/\\\/bikefit.lu\\\/lb-lu\\\/?s={search_term_string}\"},\"query-input\":{\"@type\":\"PropertyValueSpecification\",\"valueRequired\":true,\"valueName\":\"search_term_string\"}}],\"inLanguage\":\"lb-LU\"},{\"@type\":[\"Person\",\"Organization\"],\"@id\":\"https:\\\/\\\/bikefit.lu\\\/lb-lu\\\/#\\\/schema\\\/person\\\/379af1263474d2f8cd1f41c2bd90273d\",\"name\":\"Patrick Guillaume\",\"image\":{\"@type\":\"ImageObject\",\"inLanguage\":\"lb-LU\",\"@id\":\"https:\\\/\\\/bikefit.lu\\\/wp-content\\\/uploads\\\/2024\\\/12\\\/cropped-bikefit-logoURL-RGB-jpg.jpg\",\"url\":\"https:\\\/\\\/bikefit.lu\\\/wp-content\\\/uploads\\\/2024\\\/12\\\/cropped-bikefit-logoURL-RGB-jpg.jpg\",\"contentUrl\":\"https:\\\/\\\/bikefit.lu\\\/wp-content\\\/uploads\\\/2024\\\/12\\\/cropped-bikefit-logoURL-RGB-jpg.jpg\",\"width\":512,\"height\":512,\"caption\":\"Patrick Guillaume\"},\"logo\":{\"@id\":\"https:\\\/\\\/bikefit.lu\\\/wp-content\\\/uploads\\\/2024\\\/12\\\/cropped-bikefit-logoURL-RGB-jpg.jpg\"},\"sameAs\":[\"https:\\\/\\\/bikefit.lu\"],\"honorificPrefix\":\"Mr\",\"birthDate\":\"1966-11-18\",\"gender\":\"male\",\"knowsAbout\":[\"Bike-fitting\"],\"knowsLanguage\":[\"English\",\"French\",\"German\",\"Luxembourgish\"]}]}<\/script>\n<meta property=\"product:price:amount\" content=\"3.50\" \/>\n<meta property=\"product:price:currency\" content=\"EUR\" \/>\n<meta property=\"og:availability\" content=\"instock\" \/>\n<meta property=\"product:availability\" content=\"instock\" \/>\n<meta property=\"product:condition\" content=\"new\" \/>\n<!-- \/ Yoast SEO Premium plugin. -->","yoast_head_json":{"title":"3-Lach 2\u00b0-Cleat Wedges (SPDSL, Look, \u2026) - bikefit.lu","robots":{"index":"index","follow":"follow","max-snippet":"max-snippet:-1","max-image-preview":"max-image-preview:large","max-video-preview":"max-video-preview:-1"},"canonical":"https:\/\/bikefit.lu\/lb-lu\/product\/2-3-lach-cleatwedges-spdsl-look\/","og_locale":"en_US","og_type":"article","og_title":"3-Lach 2\u00b0-Cleat Wedges (SPDSL, Look, \u2026)","og_description":"* Kallek\u00e4iler gi benotzt fir d\u2019Fousspronatioun ze korrig\u00e9ieren, d\u2019Propriozeptioun zuverbesseren an eng besser Stabilit\u00e9it a Kontroll beim V\u00eblofueren ze garant\u00e9ieren. Si ginn och benotzt, fir de Kn\u00e9iw\u00e9nkel indirekt zu ver\u00e4nneren, fir lateral oder medial Kn\u00e9ischm\u00e4erzen zu reduz\u00e9ieren, d\u00e9i mat schlechter Beenstabilit\u00e4t verbonne sinn. \u2022 Wedges w\u00e9nkelen de Schung \/ Fouss vum Cyclist un, andeems se de W\u00e9nkel t\u00ebschent Kall a Schung \u00e4nneren. Ee K\u00e4il bitt 2 Grad Neigung a m\u00e9i K\u00e4iler k\u00ebnnen openee geluecht ginn, fir de gew\u00ebnschte W\u00e9nkel z\u2019erreechen. * K\u00e4iler ginn am beschte w\u00e4hrend enger Bike-Fit-S\u00ebtzung optimal platz\u00e9iert. Si k\u00ebnnen awer och vum Cyclist selwer ugepasst ginn, wann d\u00e9i \u00dcbung kontroll\u00e9iert duerchgefouert g\u00ebtt. * Universell 3-Lach-Kallek\u00e4iler si kompatibel mat Shimano SPDSL, Look 3-Lach Cleats an Time\/Mavic, \u2026 . \u2022 Denkt un d\u2019Schrauwen wann Dir d\u2019Wedges eenzel bestellt! Ech empfehlen 2 Schrauwe vun 10 mm fir d\u00e9i h\u00e9ich S\u00e4it a fir vir.","og_url":"https:\/\/bikefit.lu\/lb-lu\/product\/2-3-lach-cleatwedges-spdsl-look\/","og_site_name":"bikefit.lu","article_modified_time":"2025-12-14T10:19:01+00:00","og_image":[{"width":1200,"height":1200,"url":"https:\/\/bikefit.lu\/wp-content\/uploads\/2025\/12\/3-hole-2-degree-cleat-wedge-transparent.webp","type":"image\/webp"}],"twitter_card":"summary_large_image","twitter_misc":{"Price":"3,50&nbsp;&euro;","Availability":"In stock"},"schema":{"@context":"https:\/\/schema.org","@graph":[{"@type":"WebPage","@id":"https:\/\/bikefit.lu\/lb-lu\/product\/2-3-lach-cleatwedges-spdsl-look\/","url":"https:\/\/bikefit.lu\/lb-lu\/product\/2-3-lach-cleatwedges-spdsl-look\/","name":"3-Lach 2\u00b0-Cleat Wedges (SPDSL, Look, \u2026) - bikefit.lu","isPartOf":{"@id":"https:\/\/bikefit.lu\/lb-lu\/#website"},"primaryImageOfPage":{"@id":"https:\/\/bikefit.lu\/lb-lu\/product\/2-3-lach-cleatwedges-spdsl-look\/#primaryimage"},"image":{"@id":"https:\/\/bikefit.lu\/lb-lu\/product\/2-3-lach-cleatwedges-spdsl-look\/#primaryimage"},"thumbnailUrl":"https:\/\/bikefit.lu\/wp-content\/uploads\/2025\/12\/3-hole-2-degree-cleat-wedge-transparent.webp","datePublished":"2025-12-11T13:29:04+00:00","dateModified":"2025-12-14T10:19:01+00:00","breadcrumb":{"@id":"https:\/\/bikefit.lu\/lb-lu\/product\/2-3-lach-cleatwedges-spdsl-look\/#breadcrumb"},"inLanguage":"lb-LU","potentialAction":[{"@type":"ReadAction","target":["https:\/\/bikefit.lu\/lb-lu\/product\/2-3-lach-cleatwedges-spdsl-look\/"]}]},{"@type":"ImageObject","inLanguage":"lb-LU","@id":"https:\/\/bikefit.lu\/lb-lu\/product\/2-3-lach-cleatwedges-spdsl-look\/#primaryimage","url":"https:\/\/bikefit.lu\/wp-content\/uploads\/2025\/12\/3-hole-2-degree-cleat-wedge-transparent.webp","contentUrl":"https:\/\/bikefit.lu\/wp-content\/uploads\/2025\/12\/3-hole-2-degree-cleat-wedge-transparent.webp","width":1200,"height":1200},{"@type":"BreadcrumbList","@id":"https:\/\/bikefit.lu\/lb-lu\/product\/2-3-lach-cleatwedges-spdsl-look\/#breadcrumb","itemListElement":[{"@type":"ListItem","position":1,"name":"Home","item":"https:\/\/bikefit.lu\/lb-lu\/"},{"@type":"ListItem","position":2,"name":"Shop","item":"https:\/\/bikefit.lu\/lb-lu\/shop\/"},{"@type":"ListItem","position":3,"name":"3-Lach 2\u00b0-Cleat Wedges (SPDSL, Look, \u2026)"}]},{"@type":"WebSite","@id":"https:\/\/bikefit.lu\/lb-lu\/#website","url":"https:\/\/bikefit.lu\/lb-lu\/","name":"bikefit.lu","description":"IMPROVING CYCLING","publisher":{"@id":"https:\/\/bikefit.lu\/lb-lu\/#\/schema\/person\/379af1263474d2f8cd1f41c2bd90273d"},"potentialAction":[{"@type":"SearchAction","target":{"@type":"EntryPoint","urlTemplate":"https:\/\/bikefit.lu\/lb-lu\/?s={search_term_string}"},"query-input":{"@type":"PropertyValueSpecification","valueRequired":true,"valueName":"search_term_string"}}],"inLanguage":"lb-LU"},{"@type":["Person","Organization"],"@id":"https:\/\/bikefit.lu\/lb-lu\/#\/schema\/person\/379af1263474d2f8cd1f41c2bd90273d","name":"Patrick Guillaume","image":{"@type":"ImageObject","inLanguage":"lb-LU","@id":"https:\/\/bikefit.lu\/wp-content\/uploads\/2024\/12\/cropped-bikefit-logoURL-RGB-jpg.jpg","url":"https:\/\/bikefit.lu\/wp-content\/uploads\/2024\/12\/cropped-bikefit-logoURL-RGB-jpg.jpg","contentUrl":"https:\/\/bikefit.lu\/wp-content\/uploads\/2024\/12\/cropped-bikefit-logoURL-RGB-jpg.jpg","width":512,"height":512,"caption":"Patrick Guillaume"},"logo":{"@id":"https:\/\/bikefit.lu\/wp-content\/uploads\/2024\/12\/cropped-bikefit-logoURL-RGB-jpg.jpg"},"sameAs":["https:\/\/bikefit.lu"],"honorificPrefix":"Mr","birthDate":"1966-11-18","gender":"male","knowsAbout":["Bike-fitting"],"knowsLanguage":["English","French","German","Luxembourgish"]}]},"product_price_amount":"3.50","product_price_currency":"EUR","og_availability":"instock","product_availability":"instock","product_condition":"new"},"_links":{"self":[{"href":"https:\/\/bikefit.lu\/lb-lu\/wp-json\/wp\/v2\/product\/97754","targetHints":{"allow":["GET"]}}],"collection":[{"href":"https:\/\/bikefit.lu\/lb-lu\/wp-json\/wp\/v2\/product"}],"about":[{"href":"https:\/\/bikefit.lu\/lb-lu\/wp-json\/wp\/v2\/types\/product"}],"replies":[{"embeddable":true,"href":"https:\/\/bikefit.lu\/lb-lu\/wp-json\/wp\/v2\/comments?post=97754"}],"version-history":[{"count":0,"href":"https:\/\/bikefit.lu\/lb-lu\/wp-json\/wp\/v2\/product\/97754\/revisions"}],"wp:featuredmedia":[{"embeddable":true,"href":"https:\/\/bikefit.lu\/lb-lu\/wp-json\/wp\/v2\/media\/97760"}],"wp:attachment":[{"href":"https:\/\/bikefit.lu\/lb-lu\/wp-json\/wp\/v2\/media?parent=97754"}],"wp:term":[{"taxonomy":"product_brand","embeddable":true,"href":"https:\/\/bikefit.lu\/lb-lu\/wp-json\/wp\/v2\/product_brand?post=97754"},{"taxonomy":"product_cat","embeddable":true,"href":"https:\/\/bikefit.lu\/lb-lu\/wp-json\/wp\/v2\/product_cat?post=97754"},{"taxonomy":"product_tag","embeddable":true,"href":"https:\/\/bikefit.lu\/lb-lu\/wp-json\/wp\/v2\/product_tag?post=97754"}],"curies":[{"name":"wp","href":"https:\/\/api.w.org\/{rel}","templated":true}]}}