{"id":98409,"date":"2025-07-06T21:28:42","date_gmt":"2025-07-06T19:28:42","guid":{"rendered":"https:\/\/bikefit.lu\/product\/lorethree-legend-pro-road\/"},"modified":"2026-01-06T23:22:44","modified_gmt":"2026-01-06T22:22:44","slug":"lorethree-legend-pro-road","status":"publish","type":"product","link":"https:\/\/bikefit.lu\/lb-lu\/product\/lorethree-legend-pro-road\/","title":{"rendered":"LoreThree Legend Pro Road"},"content":{"rendered":"<p><span style=\"font-weight: 300;\">Technesch Spezifikatiounen<\/span><\/p>\n<ul>\n<li style=\"font-weight: 300;\" aria-level=\"1\"><span style=\"font-weight: 300;\">Uewermaterial: individuell gedr\u00e9ckte U-Top<\/span><\/li>\n<li style=\"font-weight: 300;\" aria-level=\"1\"><span style=\"font-weight: 300;\">Plantarsuel: individuell, duerchgehend Carbonfaser-Striewen<\/span><\/li>\n<li style=\"font-weight: 300;\" aria-level=\"1\"><span style=\"font-weight: 300;\">Bannesuel: EVA-Bannesuel mat enger m\u00ebller, antimikrobieller Mikrofaser-Uewerfl\u00e4ch<br \/>\n<\/span><\/li>\n<li style=\"font-weight: 300;\" aria-level=\"1\"><span style=\"font-weight: 300;\">Gewiicht: ca. 330 g, US-Gr\u00e9isst 10 (d\u2019Gewiicht vari\u00e9iert jee no Fouss-Anatomie) <\/span><\/li>\n<\/ul>\n","protected":false},"excerpt":{"rendered":"<h1>LoreThree Legend Pro Road<\/h1>\n<p>De Legend Pro Road bitt eng \u00ebmfaassend, voll personalis\u00e9iert Low-Cut-Exzellenz mat speziell ugepassten dorsale Power- Panels. Dir profit\u00e9iert vun enger perfekt geformter Z\u00e9iwebox, enger Feescht an engem Uewer\u00admaterial, d\u00e9i d\u00e9i meescht Passformproblemer l\u00e9isen. Fir h\u00e9ich Belaaschtungen (Ausr\u00e4issversich, Attacken, Sprints) bitt d\u00ebse Schong m\u00e9i Kraaft\u00adiwwerdroung w\u00e9i all aner Schong um Maart.<\/p>\n<p>All Puer LoreThree g\u00ebtt op Bestellung hiergestallt a komplett un de Coureur ugepasst. De Schong integr\u00e9iert vill Design- a Fabrikatiounsinnovatiounen, d\u00e9i zum Patent ugemellt sinn, fir d\u00e9i natierlech biomechanesch Funktioun an de Confort z&#8217;\u00ebnnerst\u00ebtzen.<\/p>\n<p>D\u00e9i personalis\u00e9iert Schung ginn op Ufro zu Salt Lake City entworf, gedr\u00e9ckt a mont\u00e9iert an duerno weltw\u00e4it versch\u00e9ckt.<\/p>\n<p style=\"text-align: center;\"><strong><a href=\"https:\/\/bikefit.lu\/lb-lu\/lore-shoes\/\">M\u00e9i gewuer ginn<\/a><\/strong><\/p>\n<p><span style=\"font-weight: 300;\">Prozess:<\/span><\/p>\n<ul>\n<li style=\"font-weight: 300;\" aria-level=\"1\"><span style=\"font-weight: 300;\">Fir e LoreThree ze bauen, maache mir als \u00e9ischt en h\u00e9ichopl\u00e9isenden digitale Scan vun \u00c4re F\u00e9iss hei am Fit-Studio \u2013 e Prozess vu manner w\u00e9i 10 Minutten. Maacht en Termin bei eis aus fir de Scan, a mir k\u00ebnnen \u00c4r LoreThree-Bestellung direkt oder och m\u00e9i sp\u00e9it opginn, wann Dir nach driwwer nodenke w\u00ebllt. Keng Verpflichtung. <\/span><\/li>\n<\/ul>\n","protected":false},"featured_media":98375,"comment_status":"closed","ping_status":"closed","template":"","meta":[],"product_brand":[5837],"product_cat":[5851,5852],"product_tag":[4932,4934,5853,5126,5181,5180,5195],"class_list":{"0":"post-98409","1":"product","2":"type-product","3":"status-publish","4":"has-post-thumbnail","6":"product_brand-lore","7":"product_cat-lore-schung","8":"product_cat-stroossevelo","9":"product_tag-3-hole-lb-lu","10":"product_tag-4-hole-lb-lu","11":"product_tag-lorethree","12":"product_tag-road-lb-lu","13":"product_tag-triathlon-lb-lu","14":"product_tag-ultra-cycling-lb-lu","15":"product_tag-zaitfueren","16":"pa_color-black","17":"pa_color-slate","18":"pa_color-white","20":"first","21":"onbackorder","22":"taxable","23":"shipping-taxable","24":"purchasable","25":"product-type-simple"},"yoast_head":"<!-- This site is optimized with the Yoast SEO Premium plugin v27.3 (Yoast SEO v27.3) - https:\/\/yoast.com\/product\/yoast-seo-premium-wordpress\/ -->\n<title>LoreThree Legend Pro Road - bikefit.lu<\/title>\n<meta name=\"robots\" content=\"index, follow, max-snippet:-1, max-image-preview:large, max-video-preview:-1\" \/>\n<link rel=\"canonical\" href=\"https:\/\/bikefit.lu\/lb-lu\/product\/lorethree-legend-pro-road\/\" \/>\n<meta property=\"og:locale\" content=\"en_US\" \/>\n<meta property=\"og:type\" content=\"article\" \/>\n<meta property=\"og:title\" content=\"LoreThree Legend Pro Road\" \/>\n<meta property=\"og:description\" content=\"LoreThree Legend Pro Road De Legend Pro Road bitt eng \u00ebmfaassend, voll personalis\u00e9iert Low-Cut-Exzellenz mat speziell ugepassten dorsale Power- Panels. Dir profit\u00e9iert vun enger perfekt geformter Z\u00e9iwebox, enger Feescht an engem Uewer\u00admaterial, d\u00e9i d\u00e9i meescht Passformproblemer l\u00e9isen. Fir h\u00e9ich Belaaschtungen (Ausr\u00e4issversich, Attacken, Sprints) bitt d\u00ebse Schong m\u00e9i Kraaft\u00adiwwerdroung w\u00e9i all aner Schong um Maart.  All Puer LoreThree g\u00ebtt op Bestellung hiergestallt a komplett un de Coureur ugepasst. De Schong integr\u00e9iert vill Design- a Fabrikatiounsinnovatiounen, d\u00e9i zum Patent ugemellt sinn, fir d\u00e9i natierlech biomechanesch Funktioun an de Confort z&#039;\u00ebnnerst\u00ebtzen.  D\u00e9i personalis\u00e9iert Schung ginn op Ufro zu Salt Lake City entworf, gedr\u00e9ckt a mont\u00e9iert an duerno weltw\u00e4it versch\u00e9ckt. M\u00e9i gewuer ginn Prozess:   Fir e LoreThree ze bauen, maache mir als \u00e9ischt en h\u00e9ichopl\u00e9isenden digitale Scan vun \u00c4re F\u00e9iss hei am Fit-Studio \u2013 e Prozess vu manner w\u00e9i 10 Minutten. Maacht en Termin bei eis aus fir de Scan, a mir k\u00ebnnen \u00c4r LoreThree-Bestellung direkt oder och m\u00e9i sp\u00e9it opginn, wann Dir nach driwwer nodenke w\u00ebllt. Keng Verpflichtung.\" \/>\n<meta property=\"og:url\" content=\"https:\/\/bikefit.lu\/lb-lu\/product\/lorethree-legend-pro-road\/\" \/>\n<meta property=\"og:site_name\" content=\"bikefit.lu\" \/>\n<meta property=\"article:modified_time\" content=\"2026-01-06T22:22:44+00:00\" \/>\n<meta property=\"og:image\" content=\"https:\/\/bikefit.lu\/wp-content\/uploads\/2025\/07\/Legends-Pro-White-Pair.webp\" \/>\n\t<meta property=\"og:image:width\" content=\"1920\" \/>\n\t<meta property=\"og:image:height\" content=\"1920\" \/>\n\t<meta property=\"og:image:type\" content=\"image\/webp\" \/>\n<meta name=\"twitter:card\" content=\"summary_large_image\" \/>\n<meta name=\"twitter:label1\" content=\"Price\" \/>\n\t<meta name=\"twitter:data1\" content=\"1.425,00&nbsp;&euro;\" \/>\n\t<meta name=\"twitter:label2\" content=\"Availability\" \/>\n\t<meta name=\"twitter:data2\" content=\"On backorder\" \/>\n<script type=\"application\/ld+json\" class=\"yoast-schema-graph\">{\"@context\":\"https:\\\/\\\/schema.org\",\"@graph\":[{\"@type\":\"WebPage\",\"@id\":\"https:\\\/\\\/bikefit.lu\\\/lb-lu\\\/product\\\/lorethree-legend-pro-road\\\/\",\"url\":\"https:\\\/\\\/bikefit.lu\\\/lb-lu\\\/product\\\/lorethree-legend-pro-road\\\/\",\"name\":\"LoreThree Legend Pro Road - bikefit.lu\",\"isPartOf\":{\"@id\":\"https:\\\/\\\/bikefit.lu\\\/lb-lu\\\/#website\"},\"primaryImageOfPage\":{\"@id\":\"https:\\\/\\\/bikefit.lu\\\/lb-lu\\\/product\\\/lorethree-legend-pro-road\\\/#primaryimage\"},\"image\":{\"@id\":\"https:\\\/\\\/bikefit.lu\\\/lb-lu\\\/product\\\/lorethree-legend-pro-road\\\/#primaryimage\"},\"thumbnailUrl\":\"https:\\\/\\\/bikefit.lu\\\/wp-content\\\/uploads\\\/2025\\\/07\\\/Legends-Pro-White-Pair.webp\",\"datePublished\":\"2025-07-06T19:28:42+00:00\",\"dateModified\":\"2026-01-06T22:22:44+00:00\",\"breadcrumb\":{\"@id\":\"https:\\\/\\\/bikefit.lu\\\/lb-lu\\\/product\\\/lorethree-legend-pro-road\\\/#breadcrumb\"},\"inLanguage\":\"lb-LU\",\"potentialAction\":[{\"@type\":\"ReadAction\",\"target\":[\"https:\\\/\\\/bikefit.lu\\\/lb-lu\\\/product\\\/lorethree-legend-pro-road\\\/\"]}]},{\"@type\":\"ImageObject\",\"inLanguage\":\"lb-LU\",\"@id\":\"https:\\\/\\\/bikefit.lu\\\/lb-lu\\\/product\\\/lorethree-legend-pro-road\\\/#primaryimage\",\"url\":\"https:\\\/\\\/bikefit.lu\\\/wp-content\\\/uploads\\\/2025\\\/07\\\/Legends-Pro-White-Pair.webp\",\"contentUrl\":\"https:\\\/\\\/bikefit.lu\\\/wp-content\\\/uploads\\\/2025\\\/07\\\/Legends-Pro-White-Pair.webp\",\"width\":1920,\"height\":1920},{\"@type\":\"BreadcrumbList\",\"@id\":\"https:\\\/\\\/bikefit.lu\\\/lb-lu\\\/product\\\/lorethree-legend-pro-road\\\/#breadcrumb\",\"itemListElement\":[{\"@type\":\"ListItem\",\"position\":1,\"name\":\"Home\",\"item\":\"https:\\\/\\\/bikefit.lu\\\/lb-lu\\\/\"},{\"@type\":\"ListItem\",\"position\":2,\"name\":\"Products\",\"item\":\"https:\\\/\\\/bikefit.lu\\\/lb-lu\\\/shop\\\/\"},{\"@type\":\"ListItem\",\"position\":3,\"name\":\"LoreThree Legend Pro Road\"}]},{\"@type\":\"WebSite\",\"@id\":\"https:\\\/\\\/bikefit.lu\\\/lb-lu\\\/#website\",\"url\":\"https:\\\/\\\/bikefit.lu\\\/lb-lu\\\/\",\"name\":\"bikefit.lu\",\"description\":\"IMPROVING CYCLING\",\"publisher\":{\"@id\":\"https:\\\/\\\/bikefit.lu\\\/lb-lu\\\/#\\\/schema\\\/person\\\/379af1263474d2f8cd1f41c2bd90273d\"},\"potentialAction\":[{\"@type\":\"SearchAction\",\"target\":{\"@type\":\"EntryPoint\",\"urlTemplate\":\"https:\\\/\\\/bikefit.lu\\\/lb-lu\\\/?s={search_term_string}\"},\"query-input\":{\"@type\":\"PropertyValueSpecification\",\"valueRequired\":true,\"valueName\":\"search_term_string\"}}],\"inLanguage\":\"lb-LU\"},{\"@type\":[\"Person\",\"Organization\"],\"@id\":\"https:\\\/\\\/bikefit.lu\\\/lb-lu\\\/#\\\/schema\\\/person\\\/379af1263474d2f8cd1f41c2bd90273d\",\"name\":\"Patrick Guillaume\",\"image\":{\"@type\":\"ImageObject\",\"inLanguage\":\"lb-LU\",\"@id\":\"https:\\\/\\\/bikefit.lu\\\/wp-content\\\/uploads\\\/2024\\\/12\\\/cropped-bikefit-logoURL-RGB-jpg.jpg\",\"url\":\"https:\\\/\\\/bikefit.lu\\\/wp-content\\\/uploads\\\/2024\\\/12\\\/cropped-bikefit-logoURL-RGB-jpg.jpg\",\"contentUrl\":\"https:\\\/\\\/bikefit.lu\\\/wp-content\\\/uploads\\\/2024\\\/12\\\/cropped-bikefit-logoURL-RGB-jpg.jpg\",\"width\":512,\"height\":512,\"caption\":\"Patrick Guillaume\"},\"logo\":{\"@id\":\"https:\\\/\\\/bikefit.lu\\\/wp-content\\\/uploads\\\/2024\\\/12\\\/cropped-bikefit-logoURL-RGB-jpg.jpg\"},\"sameAs\":[\"https:\\\/\\\/bikefit.lu\"],\"honorificPrefix\":\"Mr\",\"birthDate\":\"1966-11-18\",\"gender\":\"male\",\"knowsAbout\":[\"Bike-fitting\"],\"knowsLanguage\":[\"English\",\"French\",\"German\",\"Luxembourgish\"]}]}<\/script>\n<meta property=\"product:price:amount\" content=\"1425.00\" \/>\n<meta property=\"product:price:currency\" content=\"EUR\" \/>\n<meta property=\"og:availability\" content=\"backorder\" \/>\n<meta property=\"product:availability\" content=\"available for order\" \/>\n<meta property=\"product:condition\" content=\"new\" \/>\n<!-- \/ Yoast SEO Premium plugin. -->","yoast_head_json":{"title":"LoreThree Legend Pro Road - bikefit.lu","robots":{"index":"index","follow":"follow","max-snippet":"max-snippet:-1","max-image-preview":"max-image-preview:large","max-video-preview":"max-video-preview:-1"},"canonical":"https:\/\/bikefit.lu\/lb-lu\/product\/lorethree-legend-pro-road\/","og_locale":"en_US","og_type":"article","og_title":"LoreThree Legend Pro Road","og_description":"LoreThree Legend Pro Road De Legend Pro Road bitt eng \u00ebmfaassend, voll personalis\u00e9iert Low-Cut-Exzellenz mat speziell ugepassten dorsale Power- Panels. Dir profit\u00e9iert vun enger perfekt geformter Z\u00e9iwebox, enger Feescht an engem Uewer\u00admaterial, d\u00e9i d\u00e9i meescht Passformproblemer l\u00e9isen. Fir h\u00e9ich Belaaschtungen (Ausr\u00e4issversich, Attacken, Sprints) bitt d\u00ebse Schong m\u00e9i Kraaft\u00adiwwerdroung w\u00e9i all aner Schong um Maart.  All Puer LoreThree g\u00ebtt op Bestellung hiergestallt a komplett un de Coureur ugepasst. De Schong integr\u00e9iert vill Design- a Fabrikatiounsinnovatiounen, d\u00e9i zum Patent ugemellt sinn, fir d\u00e9i natierlech biomechanesch Funktioun an de Confort z'\u00ebnnerst\u00ebtzen.  D\u00e9i personalis\u00e9iert Schung ginn op Ufro zu Salt Lake City entworf, gedr\u00e9ckt a mont\u00e9iert an duerno weltw\u00e4it versch\u00e9ckt. M\u00e9i gewuer ginn Prozess:   Fir e LoreThree ze bauen, maache mir als \u00e9ischt en h\u00e9ichopl\u00e9isenden digitale Scan vun \u00c4re F\u00e9iss hei am Fit-Studio \u2013 e Prozess vu manner w\u00e9i 10 Minutten. Maacht en Termin bei eis aus fir de Scan, a mir k\u00ebnnen \u00c4r LoreThree-Bestellung direkt oder och m\u00e9i sp\u00e9it opginn, wann Dir nach driwwer nodenke w\u00ebllt. Keng Verpflichtung.","og_url":"https:\/\/bikefit.lu\/lb-lu\/product\/lorethree-legend-pro-road\/","og_site_name":"bikefit.lu","article_modified_time":"2026-01-06T22:22:44+00:00","og_image":[{"width":1920,"height":1920,"url":"https:\/\/bikefit.lu\/wp-content\/uploads\/2025\/07\/Legends-Pro-White-Pair.webp","type":"image\/webp"}],"twitter_card":"summary_large_image","twitter_misc":{"Price":"1.425,00&nbsp;&euro;","Availability":"On backorder"},"schema":{"@context":"https:\/\/schema.org","@graph":[{"@type":"WebPage","@id":"https:\/\/bikefit.lu\/lb-lu\/product\/lorethree-legend-pro-road\/","url":"https:\/\/bikefit.lu\/lb-lu\/product\/lorethree-legend-pro-road\/","name":"LoreThree Legend Pro Road - bikefit.lu","isPartOf":{"@id":"https:\/\/bikefit.lu\/lb-lu\/#website"},"primaryImageOfPage":{"@id":"https:\/\/bikefit.lu\/lb-lu\/product\/lorethree-legend-pro-road\/#primaryimage"},"image":{"@id":"https:\/\/bikefit.lu\/lb-lu\/product\/lorethree-legend-pro-road\/#primaryimage"},"thumbnailUrl":"https:\/\/bikefit.lu\/wp-content\/uploads\/2025\/07\/Legends-Pro-White-Pair.webp","datePublished":"2025-07-06T19:28:42+00:00","dateModified":"2026-01-06T22:22:44+00:00","breadcrumb":{"@id":"https:\/\/bikefit.lu\/lb-lu\/product\/lorethree-legend-pro-road\/#breadcrumb"},"inLanguage":"lb-LU","potentialAction":[{"@type":"ReadAction","target":["https:\/\/bikefit.lu\/lb-lu\/product\/lorethree-legend-pro-road\/"]}]},{"@type":"ImageObject","inLanguage":"lb-LU","@id":"https:\/\/bikefit.lu\/lb-lu\/product\/lorethree-legend-pro-road\/#primaryimage","url":"https:\/\/bikefit.lu\/wp-content\/uploads\/2025\/07\/Legends-Pro-White-Pair.webp","contentUrl":"https:\/\/bikefit.lu\/wp-content\/uploads\/2025\/07\/Legends-Pro-White-Pair.webp","width":1920,"height":1920},{"@type":"BreadcrumbList","@id":"https:\/\/bikefit.lu\/lb-lu\/product\/lorethree-legend-pro-road\/#breadcrumb","itemListElement":[{"@type":"ListItem","position":1,"name":"Home","item":"https:\/\/bikefit.lu\/lb-lu\/"},{"@type":"ListItem","position":2,"name":"Products","item":"https:\/\/bikefit.lu\/lb-lu\/shop\/"},{"@type":"ListItem","position":3,"name":"LoreThree Legend Pro Road"}]},{"@type":"WebSite","@id":"https:\/\/bikefit.lu\/lb-lu\/#website","url":"https:\/\/bikefit.lu\/lb-lu\/","name":"bikefit.lu","description":"IMPROVING CYCLING","publisher":{"@id":"https:\/\/bikefit.lu\/lb-lu\/#\/schema\/person\/379af1263474d2f8cd1f41c2bd90273d"},"potentialAction":[{"@type":"SearchAction","target":{"@type":"EntryPoint","urlTemplate":"https:\/\/bikefit.lu\/lb-lu\/?s={search_term_string}"},"query-input":{"@type":"PropertyValueSpecification","valueRequired":true,"valueName":"search_term_string"}}],"inLanguage":"lb-LU"},{"@type":["Person","Organization"],"@id":"https:\/\/bikefit.lu\/lb-lu\/#\/schema\/person\/379af1263474d2f8cd1f41c2bd90273d","name":"Patrick Guillaume","image":{"@type":"ImageObject","inLanguage":"lb-LU","@id":"https:\/\/bikefit.lu\/wp-content\/uploads\/2024\/12\/cropped-bikefit-logoURL-RGB-jpg.jpg","url":"https:\/\/bikefit.lu\/wp-content\/uploads\/2024\/12\/cropped-bikefit-logoURL-RGB-jpg.jpg","contentUrl":"https:\/\/bikefit.lu\/wp-content\/uploads\/2024\/12\/cropped-bikefit-logoURL-RGB-jpg.jpg","width":512,"height":512,"caption":"Patrick Guillaume"},"logo":{"@id":"https:\/\/bikefit.lu\/wp-content\/uploads\/2024\/12\/cropped-bikefit-logoURL-RGB-jpg.jpg"},"sameAs":["https:\/\/bikefit.lu"],"honorificPrefix":"Mr","birthDate":"1966-11-18","gender":"male","knowsAbout":["Bike-fitting"],"knowsLanguage":["English","French","German","Luxembourgish"]}]},"product_price_amount":"1425.00","product_price_currency":"EUR","og_availability":"backorder","product_availability":"available for order","product_condition":"new"},"_links":{"self":[{"href":"https:\/\/bikefit.lu\/lb-lu\/wp-json\/wp\/v2\/product\/98409","targetHints":{"allow":["GET"]}}],"collection":[{"href":"https:\/\/bikefit.lu\/lb-lu\/wp-json\/wp\/v2\/product"}],"about":[{"href":"https:\/\/bikefit.lu\/lb-lu\/wp-json\/wp\/v2\/types\/product"}],"replies":[{"embeddable":true,"href":"https:\/\/bikefit.lu\/lb-lu\/wp-json\/wp\/v2\/comments?post=98409"}],"version-history":[{"count":0,"href":"https:\/\/bikefit.lu\/lb-lu\/wp-json\/wp\/v2\/product\/98409\/revisions"}],"wp:featuredmedia":[{"embeddable":true,"href":"https:\/\/bikefit.lu\/lb-lu\/wp-json\/wp\/v2\/media\/98375"}],"wp:attachment":[{"href":"https:\/\/bikefit.lu\/lb-lu\/wp-json\/wp\/v2\/media?parent=98409"}],"wp:term":[{"taxonomy":"product_brand","embeddable":true,"href":"https:\/\/bikefit.lu\/lb-lu\/wp-json\/wp\/v2\/product_brand?post=98409"},{"taxonomy":"product_cat","embeddable":true,"href":"https:\/\/bikefit.lu\/lb-lu\/wp-json\/wp\/v2\/product_cat?post=98409"},{"taxonomy":"product_tag","embeddable":true,"href":"https:\/\/bikefit.lu\/lb-lu\/wp-json\/wp\/v2\/product_tag?post=98409"}],"curies":[{"name":"wp","href":"https:\/\/api.w.org\/{rel}","templated":true}]}}